{"id":4814,"date":"2021-01-01T02:05:31","date_gmt":"2021-01-01T02:05:31","guid":{"rendered":"https:\/\/j6l.65c.myftpupload.com\/?post_type=product&#038;p=4814"},"modified":"2021-10-30T13:42:52","modified_gmt":"2021-10-30T13:42:52","slug":"hds-8-18-4c","status":"publish","type":"product","link":"https:\/\/bakirci.com\/ekipman\/servis-ekipmanlari\/genel\/yikama-ve-temizlik-ekipmanlari\/hds-8-18-4c\/","title":{"rendered":"<p class=\"ustmetin\">So\u011fuk S\u0131cak Bas\u0131n\u00e7l\u0131 Y\u0131kama Makinesi<\/p><p class=\"ortametin\">KARCHER <span class=\"ortametin2\">(Born in GERMANY)<\/span><p class=\"altmetin\"> HDS 8\/18-4C Basic<br>\u00c7al\u0131\u015fma bas\u0131nc\u0131 180 bar<\/p>"},"content":{"rendered":"<ul>\n<li>So\u011fuk S\u0131cak Bas\u0131n\u00e7l\u0131 Y\u0131kama Makinesi \u2013 HDS 8\/18-4C Basic<\/li>\n<li>Uzun s\u00fcreli kullan\u0131mlara dayan\u0131kl\u0131 y\u0131kama makinesi<\/li>\n<li>Ecco Efficiency modu ile dizel yak\u0131t t\u00fcketimini en aza indirme \u00f6zelli\u011fi<\/li>\n<li>Kullan\u0131c\u0131 ve \u00e7evre dostu<\/li>\n<li>Easy Force y\u00fcksek bas\u0131n\u00e7l\u0131 \u00f6zel tabanca<\/li>\n<li>Y\u00fcksek bas\u0131n\u00e7l\u0131 su hortumu 10 mt<\/li>\n<li>\u00c7al\u0131\u015fma bas\u0131nc\u0131 180 bar<\/li>\n<li>Motor g\u00fcc\u00fc 6,0 kW, 400V<\/li>\n<li>Su debisi 800 lt\/s<\/li>\n<\/ul>\n","protected":false},"excerpt":{"rendered":"<ul>\n<li>So\u011fuk S\u0131cak Bas\u0131n\u00e7l\u0131 Y\u0131kama Makinesi \u2013 HDS 8\/18-4C Basic<\/li>\n<li>Uzun s\u00fcreli kullan\u0131mlara dayan\u0131kl\u0131 y\u0131kama makinesi<\/li>\n<li>Ecco Efficiency modu ile dizel yak\u0131t t\u00fcketimini en aza indirme \u00f6zelli\u011fi<\/li>\n<li>Kullan\u0131c\u0131 ve \u00e7evre dostu<\/li>\n<li>Easy Force y\u00fcksek bas\u0131n\u00e7l\u0131 \u00f6zel tabanca<\/li>\n<li>Y\u00fcksek bas\u0131n\u00e7l\u0131 su hortumu 10 mt<\/li>\n<li>\u00c7al\u0131\u015fma bas\u0131nc\u0131 180 bar<\/li>\n<li>Motor g\u00fcc\u00fc 6,0 kW, 400V<\/li>\n<li>Su debisi 800 lt\/s<\/li>\n<\/ul>\n","protected":false},"featured_media":5081,"comment_status":"closed","ping_status":"closed","template":"","meta":[],"product_cat":[193],"product_tag":[359],"class_list":["post-4814","product","type-product","status-publish","has-post-thumbnail","hentry","pwb-brand-karcher","product_cat-yikama-ve-temizlik-ekipmanlari","product_tag-karcher"],"brands":[{"id":786,"name":"KARCHER","slug":"karcher"}],"yoast_head":"<!-- This site is optimized with the Yoast SEO plugin v17.1 - https:\/\/yoast.com\/wordpress\/plugins\/seo\/ -->\n<title>So\u011fuk S\u0131cak Bas\u0131n\u00e7l\u0131 Y\u0131kama MakinesiKARCHER (Born in GERMANY) HDS 8\/18-4C Basic\u00c7al\u0131\u015fma bas\u0131nc\u0131 180 bar - Bak\u0131rc\u0131 Garagineering<\/title>\n<meta name=\"robots\" content=\"index, follow, max-snippet:-1, max-image-preview:large, max-video-preview:-1\" \/>\n<link rel=\"canonical\" href=\"https:\/\/bakirci.com\/ekipman\/servis-ekipmanlari\/genel\/yikama-ve-temizlik-ekipmanlari\/hds-8-18-4c\/\" \/>\n<meta property=\"og:locale\" content=\"tr_TR\" \/>\n<meta property=\"og:type\" content=\"article\" \/>\n<meta property=\"og:title\" content=\"So\u011fuk S\u0131cak Bas\u0131n\u00e7l\u0131 Y\u0131kama MakinesiKARCHER (Born in GERMANY) HDS 8\/18-4C Basic\u00c7al\u0131\u015fma bas\u0131nc\u0131 180 bar - Bak\u0131rc\u0131 Garagineering\" \/>\n<meta property=\"og:description\" content=\"So\u011fuk S\u0131cak Bas\u0131n\u00e7l\u0131 Y\u0131kama Makinesi \u2013 HDS 8\/18-4C Basic  Uzun s\u00fcreli kullan\u0131mlara dayan\u0131kl\u0131 y\u0131kama makinesi  Ecco Efficiency modu ile dizel yak\u0131t t\u00fcketimini en aza indirme \u00f6zelli\u011fi  Kullan\u0131c\u0131 ve \u00e7evre dostu  Easy Force y\u00fcksek bas\u0131n\u00e7l\u0131 \u00f6zel tabanca  Y\u00fcksek bas\u0131n\u00e7l\u0131 su hortumu 10 mt  \u00c7al\u0131\u015fma bas\u0131nc\u0131 180 bar  Motor g\u00fcc\u00fc 6,0 kW, 400V  Su debisi 800 lt\/s\" \/>\n<meta property=\"og:url\" content=\"https:\/\/bakirci.com\/ekipman\/servis-ekipmanlari\/genel\/yikama-ve-temizlik-ekipmanlari\/hds-8-18-4c\/\" \/>\n<meta property=\"og:site_name\" content=\"Bak\u0131rc\u0131 Garagineering\" \/>\n<meta property=\"article:publisher\" content=\"https:\/\/www.facebook.com\/bakirci.garagineering\" \/>\n<meta property=\"article:modified_time\" content=\"2021-10-30T13:42:52+00:00\" \/>\n<meta property=\"og:image\" content=\"https:\/\/bakirci.com\/ekipman\/wp-content\/uploads\/2021\/01\/HDS-818-4C-Basic.png\" \/>\n\t<meta property=\"og:image:width\" content=\"1200\" \/>\n\t<meta property=\"og:image:height\" content=\"1200\" \/>\n<meta name=\"twitter:card\" content=\"summary_large_image\" \/>\n<meta name=\"twitter:label1\" content=\"Tahmini okuma s\u00fcresi\" \/>\n\t<meta name=\"twitter:data1\" content=\"1 dakika\" \/>\n<script type=\"application\/ld+json\" class=\"yoast-schema-graph\">{\"@context\":\"https:\/\/schema.org\",\"@graph\":[{\"@type\":\"Organization\",\"@id\":\"https:\/\/bakirci.com\/ekipman\/#organization\",\"name\":\"Bak\\u0131rc\\u0131 garagineering\",\"url\":\"https:\/\/bakirci.com\/ekipman\/\",\"sameAs\":[\"https:\/\/www.facebook.com\/bakirci.garagineering\",\"https:\/\/www.instagram.com\/bakirci.garagineering\/\",\"https:\/\/www.linkedin.com\/company\/bakirci-garagineering\/\",\"https:\/\/www.youtube.com\/channel\/UCiVG6s_jALJ6Zk8085XiOQg\"],\"logo\":{\"@type\":\"ImageObject\",\"@id\":\"https:\/\/bakirci.com\/ekipman\/#logo\",\"inLanguage\":\"tr\",\"url\":\"https:\/\/bakirci.com\/ekipman\/wp-content\/uploads\/2021\/09\/Bakirci-logo-lacivert.png\",\"contentUrl\":\"https:\/\/bakirci.com\/ekipman\/wp-content\/uploads\/2021\/09\/Bakirci-logo-lacivert.png\",\"width\":501,\"height\":501,\"caption\":\"Bak\\u0131rc\\u0131 garagineering\"},\"image\":{\"@id\":\"https:\/\/bakirci.com\/ekipman\/#logo\"}},{\"@type\":\"WebSite\",\"@id\":\"https:\/\/bakirci.com\/ekipman\/#website\",\"url\":\"https:\/\/bakirci.com\/ekipman\/\",\"name\":\"Bak\\u0131rc\\u0131 Garagineering\",\"description\":\"Otomotiv sekt\\u00f6r\\u00fcne \\u00f6zel, \\u201c\\u00dcretici Standard\\u0131nda\\u201d \\u00e7\\u00f6z\\u00fcmler\\u2026\",\"publisher\":{\"@id\":\"https:\/\/bakirci.com\/ekipman\/#organization\"},\"potentialAction\":[{\"@type\":\"SearchAction\",\"target\":{\"@type\":\"EntryPoint\",\"urlTemplate\":\"https:\/\/bakirci.com\/ekipman\/?s={search_term_string}\"},\"query-input\":\"required name=search_term_string\"}],\"inLanguage\":\"tr\"},{\"@type\":\"ImageObject\",\"@id\":\"https:\/\/bakirci.com\/ekipman\/servis-ekipmanlari\/genel\/yikama-ve-temizlik-ekipmanlari\/hds-8-18-4c\/#primaryimage\",\"inLanguage\":\"tr\",\"url\":\"https:\/\/bakirci.com\/ekipman\/wp-content\/uploads\/2021\/01\/HDS-818-4C-Basic.png\",\"contentUrl\":\"https:\/\/bakirci.com\/ekipman\/wp-content\/uploads\/2021\/01\/HDS-818-4C-Basic.png\",\"width\":1200,\"height\":1200},{\"@type\":\"WebPage\",\"@id\":\"https:\/\/bakirci.com\/ekipman\/servis-ekipmanlari\/genel\/yikama-ve-temizlik-ekipmanlari\/hds-8-18-4c\/#webpage\",\"url\":\"https:\/\/bakirci.com\/ekipman\/servis-ekipmanlari\/genel\/yikama-ve-temizlik-ekipmanlari\/hds-8-18-4c\/\",\"name\":\"So\\u011fuk S\\u0131cak Bas\\u0131n\\u00e7l\\u0131 Y\\u0131kama Makinesi KARCHER (Born in GERMANY) HDS 8\/18-4C Basic \\u00c7al\\u0131\\u015fma bas\\u0131nc\\u0131 180 bar - Bak\\u0131rc\\u0131 Garagineering\",\"isPartOf\":{\"@id\":\"https:\/\/bakirci.com\/ekipman\/#website\"},\"primaryImageOfPage\":{\"@id\":\"https:\/\/bakirci.com\/ekipman\/servis-ekipmanlari\/genel\/yikama-ve-temizlik-ekipmanlari\/hds-8-18-4c\/#primaryimage\"},\"datePublished\":\"2021-01-01T02:05:31+00:00\",\"dateModified\":\"2021-10-30T13:42:52+00:00\",\"breadcrumb\":{\"@id\":\"https:\/\/bakirci.com\/ekipman\/servis-ekipmanlari\/genel\/yikama-ve-temizlik-ekipmanlari\/hds-8-18-4c\/#breadcrumb\"},\"inLanguage\":\"tr\",\"potentialAction\":[{\"@type\":\"ReadAction\",\"target\":[\"https:\/\/bakirci.com\/ekipman\/servis-ekipmanlari\/genel\/yikama-ve-temizlik-ekipmanlari\/hds-8-18-4c\/\"]}]},{\"@type\":\"BreadcrumbList\",\"@id\":\"https:\/\/bakirci.com\/ekipman\/servis-ekipmanlari\/genel\/yikama-ve-temizlik-ekipmanlari\/hds-8-18-4c\/#breadcrumb\",\"itemListElement\":[{\"@type\":\"ListItem\",\"position\":1,\"name\":\"Ekipman\",\"item\":\"https:\/\/bakirci.com\/ekipman\/\"},{\"@type\":\"ListItem\",\"position\":2,\"name\":\"Otomotiv Tesisleri \\u0130\\u00e7in Servis Ekipmanlar\\u0131\",\"item\":\"https:\/\/bakirci.com\/ekipman\/\"},{\"@type\":\"ListItem\",\"position\":3,\"name\":\"So\\u011fuk S\\u0131cak Bas\\u0131n\\u00e7l\\u0131 Y\\u0131kama MakinesiKARCHER (Born in GERMANY) HDS 8\/18-4C Basic\\u00c7al\\u0131\\u015fma bas\\u0131nc\\u0131 180 bar\"}]}]}<\/script>\n<!-- \/ Yoast SEO plugin. -->","yoast_head_json":{"title":"So\u011fuk S\u0131cak Bas\u0131n\u00e7l\u0131 Y\u0131kama MakinesiKARCHER (Born in GERMANY) HDS 8\/18-4C Basic\u00c7al\u0131\u015fma bas\u0131nc\u0131 180 bar - Bak\u0131rc\u0131 Garagineering","robots":{"index":"index","follow":"follow","max-snippet":"max-snippet:-1","max-image-preview":"max-image-preview:large","max-video-preview":"max-video-preview:-1"},"canonical":"https:\/\/bakirci.com\/ekipman\/servis-ekipmanlari\/genel\/yikama-ve-temizlik-ekipmanlari\/hds-8-18-4c\/","og_locale":"tr_TR","og_type":"article","og_title":"So\u011fuk S\u0131cak Bas\u0131n\u00e7l\u0131 Y\u0131kama MakinesiKARCHER (Born in GERMANY) HDS 8\/18-4C Basic\u00c7al\u0131\u015fma bas\u0131nc\u0131 180 bar - Bak\u0131rc\u0131 Garagineering","og_description":"So\u011fuk S\u0131cak Bas\u0131n\u00e7l\u0131 Y\u0131kama Makinesi \u2013 HDS 8\/18-4C Basic  Uzun s\u00fcreli kullan\u0131mlara dayan\u0131kl\u0131 y\u0131kama makinesi  Ecco Efficiency modu ile dizel yak\u0131t t\u00fcketimini en aza indirme \u00f6zelli\u011fi  Kullan\u0131c\u0131 ve \u00e7evre dostu  Easy Force y\u00fcksek bas\u0131n\u00e7l\u0131 \u00f6zel tabanca  Y\u00fcksek bas\u0131n\u00e7l\u0131 su hortumu 10 mt  \u00c7al\u0131\u015fma bas\u0131nc\u0131 180 bar  Motor g\u00fcc\u00fc 6,0 kW, 400V  Su debisi 800 lt\/s","og_url":"https:\/\/bakirci.com\/ekipman\/servis-ekipmanlari\/genel\/yikama-ve-temizlik-ekipmanlari\/hds-8-18-4c\/","og_site_name":"Bak\u0131rc\u0131 Garagineering","article_publisher":"https:\/\/www.facebook.com\/bakirci.garagineering","article_modified_time":"2021-10-30T13:42:52+00:00","og_image":[{"width":1200,"height":1200,"url":"https:\/\/bakirci.com\/ekipman\/wp-content\/uploads\/2021\/01\/HDS-818-4C-Basic.png","path":"\/home\/bakirciwebsitesi\/public_html\/ekipman\/wp-content\/uploads\/2021\/01\/HDS-818-4C-Basic.png","size":"full","id":5081,"alt":"","pixels":1440000,"type":"image\/png"}],"twitter_card":"summary_large_image","twitter_misc":{"Tahmini okuma s\u00fcresi":"1 dakika"},"schema":{"@context":"https:\/\/schema.org","@graph":[{"@type":"Organization","@id":"https:\/\/bakirci.com\/ekipman\/#organization","name":"Bak\u0131rc\u0131 garagineering","url":"https:\/\/bakirci.com\/ekipman\/","sameAs":["https:\/\/www.facebook.com\/bakirci.garagineering","https:\/\/www.instagram.com\/bakirci.garagineering\/","https:\/\/www.linkedin.com\/company\/bakirci-garagineering\/","https:\/\/www.youtube.com\/channel\/UCiVG6s_jALJ6Zk8085XiOQg"],"logo":{"@type":"ImageObject","@id":"https:\/\/bakirci.com\/ekipman\/#logo","inLanguage":"tr","url":"https:\/\/bakirci.com\/ekipman\/wp-content\/uploads\/2021\/09\/Bakirci-logo-lacivert.png","contentUrl":"https:\/\/bakirci.com\/ekipman\/wp-content\/uploads\/2021\/09\/Bakirci-logo-lacivert.png","width":501,"height":501,"caption":"Bak\u0131rc\u0131 garagineering"},"image":{"@id":"https:\/\/bakirci.com\/ekipman\/#logo"}},{"@type":"WebSite","@id":"https:\/\/bakirci.com\/ekipman\/#website","url":"https:\/\/bakirci.com\/ekipman\/","name":"Bak\u0131rc\u0131 Garagineering","description":"Otomotiv sekt\u00f6r\u00fcne \u00f6zel, \u201c\u00dcretici Standard\u0131nda\u201d \u00e7\u00f6z\u00fcmler\u2026","publisher":{"@id":"https:\/\/bakirci.com\/ekipman\/#organization"},"potentialAction":[{"@type":"SearchAction","target":{"@type":"EntryPoint","urlTemplate":"https:\/\/bakirci.com\/ekipman\/?s={search_term_string}"},"query-input":"required name=search_term_string"}],"inLanguage":"tr"},{"@type":"ImageObject","@id":"https:\/\/bakirci.com\/ekipman\/servis-ekipmanlari\/genel\/yikama-ve-temizlik-ekipmanlari\/hds-8-18-4c\/#primaryimage","inLanguage":"tr","url":"https:\/\/bakirci.com\/ekipman\/wp-content\/uploads\/2021\/01\/HDS-818-4C-Basic.png","contentUrl":"https:\/\/bakirci.com\/ekipman\/wp-content\/uploads\/2021\/01\/HDS-818-4C-Basic.png","width":1200,"height":1200},{"@type":"WebPage","@id":"https:\/\/bakirci.com\/ekipman\/servis-ekipmanlari\/genel\/yikama-ve-temizlik-ekipmanlari\/hds-8-18-4c\/#webpage","url":"https:\/\/bakirci.com\/ekipman\/servis-ekipmanlari\/genel\/yikama-ve-temizlik-ekipmanlari\/hds-8-18-4c\/","name":"So\u011fuk S\u0131cak Bas\u0131n\u00e7l\u0131 Y\u0131kama Makinesi KARCHER (Born in GERMANY) HDS 8\/18-4C Basic \u00c7al\u0131\u015fma bas\u0131nc\u0131 180 bar - Bak\u0131rc\u0131 Garagineering","isPartOf":{"@id":"https:\/\/bakirci.com\/ekipman\/#website"},"primaryImageOfPage":{"@id":"https:\/\/bakirci.com\/ekipman\/servis-ekipmanlari\/genel\/yikama-ve-temizlik-ekipmanlari\/hds-8-18-4c\/#primaryimage"},"datePublished":"2021-01-01T02:05:31+00:00","dateModified":"2021-10-30T13:42:52+00:00","breadcrumb":{"@id":"https:\/\/bakirci.com\/ekipman\/servis-ekipmanlari\/genel\/yikama-ve-temizlik-ekipmanlari\/hds-8-18-4c\/#breadcrumb"},"inLanguage":"tr","potentialAction":[{"@type":"ReadAction","target":["https:\/\/bakirci.com\/ekipman\/servis-ekipmanlari\/genel\/yikama-ve-temizlik-ekipmanlari\/hds-8-18-4c\/"]}]},{"@type":"BreadcrumbList","@id":"https:\/\/bakirci.com\/ekipman\/servis-ekipmanlari\/genel\/yikama-ve-temizlik-ekipmanlari\/hds-8-18-4c\/#breadcrumb","itemListElement":[{"@type":"ListItem","position":1,"name":"Ekipman","item":"https:\/\/bakirci.com\/ekipman\/"},{"@type":"ListItem","position":2,"name":"Otomotiv Tesisleri \u0130\u00e7in Servis Ekipmanlar\u0131","item":"https:\/\/bakirci.com\/ekipman\/"},{"@type":"ListItem","position":3,"name":"So\u011fuk S\u0131cak Bas\u0131n\u00e7l\u0131 Y\u0131kama MakinesiKARCHER (Born in GERMANY) HDS 8\/18-4C Basic\u00c7al\u0131\u015fma bas\u0131nc\u0131 180 bar"}]}]}},"_links":{"self":[{"href":"https:\/\/bakirci.com\/ekipman\/wp-json\/wp\/v2\/product\/4814","targetHints":{"allow":["GET"]}}],"collection":[{"href":"https:\/\/bakirci.com\/ekipman\/wp-json\/wp\/v2\/product"}],"about":[{"href":"https:\/\/bakirci.com\/ekipman\/wp-json\/wp\/v2\/types\/product"}],"replies":[{"embeddable":true,"href":"https:\/\/bakirci.com\/ekipman\/wp-json\/wp\/v2\/comments?post=4814"}],"wp:featuredmedia":[{"embeddable":true,"href":"https:\/\/bakirci.com\/ekipman\/wp-json\/wp\/v2\/media\/5081"}],"wp:attachment":[{"href":"https:\/\/bakirci.com\/ekipman\/wp-json\/wp\/v2\/media?parent=4814"}],"wp:term":[{"taxonomy":"product_cat","embeddable":true,"href":"https:\/\/bakirci.com\/ekipman\/wp-json\/wp\/v2\/product_cat?post=4814"},{"taxonomy":"product_tag","embeddable":true,"href":"https:\/\/bakirci.com\/ekipman\/wp-json\/wp\/v2\/product_tag?post=4814"}],"curies":[{"name":"wp","href":"https:\/\/api.w.org\/{rel}","templated":true}]}}