{"id":4810,"date":"2021-01-01T01:45:39","date_gmt":"2021-01-01T01:45:39","guid":{"rendered":"https:\/\/j6l.65c.myftpupload.com\/?post_type=product&#038;p=4810"},"modified":"2021-10-30T13:41:45","modified_gmt":"2021-10-30T13:41:45","slug":"70-2uc-motorlu","status":"publish","type":"product","link":"https:\/\/bakirci.com\/ekipman\/servis-ekipmanlari\/genel\/yikama-ve-temizlik-ekipmanlari\/70-2uc-motorlu\/","title":{"rendered":"<p class=\"ustmetin\">Islak Kuru Vakum Makinesi<\/p><p class=\"ortametin\">KARCHER <span class=\"ortametin2\">(Born in GERMANY)<\/span><p class=\"altmetin\">NT 70\/2<br>\u00dc\u00e7 motorlu, depo kapasitesi 70 lt<\/p>"},"content":{"rendered":"<ul>\n<li>Islak Kuru Vakum Makinesi \u2013 NT 70\/2<\/li>\n<li>Y\u00fcksek emi\u015f g\u00fcc\u00fcne sahip \u0131slak kuru vakum makinesi<\/li>\n<li>\u00c7ift motorlu versiyon<\/li>\n<li>Vakum hortumu 4 mt<\/li>\n<li>Depo kapasitesi 70 lt<\/li>\n<li>Vakum g\u00fcc\u00fc 254 mbar<\/li>\n<li>Motor g\u00fcc\u00fc 2400 W<\/li>\n<\/ul>\n","protected":false},"excerpt":{"rendered":"<ul>\n<li>Islak Kuru Vakum Makinesi \u2013 NT 70\/2<\/li>\n<li>Y\u00fcksek emi\u015f g\u00fcc\u00fcne sahip \u0131slak kuru vakum makinesi<\/li>\n<li>\u00c7ift motorlu versiyon<\/li>\n<li>Vakum hortumu 4 mt<\/li>\n<li>Depo kapasitesi 70 lt<\/li>\n<li>Vakum g\u00fcc\u00fc 254 mbar<\/li>\n<li>Motor g\u00fcc\u00fc 2400 W<\/li>\n<\/ul>\n","protected":false},"featured_media":5079,"comment_status":"closed","ping_status":"closed","template":"","meta":[],"product_cat":[193],"product_tag":[359],"class_list":["post-4810","product","type-product","status-publish","has-post-thumbnail","hentry","pwb-brand-karcher","product_cat-yikama-ve-temizlik-ekipmanlari","product_tag-karcher"],"brands":[{"id":786,"name":"KARCHER","slug":"karcher"}],"yoast_head":"<!-- This site is optimized with the Yoast SEO plugin v17.1 - https:\/\/yoast.com\/wordpress\/plugins\/seo\/ -->\n<title>Islak Kuru Vakum MakinesiKARCHER (Born in GERMANY)NT 70\/2\u00dc\u00e7 motorlu, depo kapasitesi 70 lt - Bak\u0131rc\u0131 Garagineering<\/title>\n<meta name=\"robots\" content=\"index, follow, max-snippet:-1, max-image-preview:large, max-video-preview:-1\" \/>\n<link rel=\"canonical\" href=\"https:\/\/bakirci.com\/ekipman\/servis-ekipmanlari\/genel\/yikama-ve-temizlik-ekipmanlari\/70-2uc-motorlu\/\" \/>\n<meta property=\"og:locale\" content=\"tr_TR\" \/>\n<meta property=\"og:type\" content=\"article\" \/>\n<meta property=\"og:title\" content=\"Islak Kuru Vakum MakinesiKARCHER (Born in GERMANY)NT 70\/2\u00dc\u00e7 motorlu, depo kapasitesi 70 lt - Bak\u0131rc\u0131 Garagineering\" \/>\n<meta property=\"og:description\" content=\"Islak Kuru Vakum Makinesi \u2013 NT 70\/2  Y\u00fcksek emi\u015f g\u00fcc\u00fcne sahip \u0131slak kuru vakum makinesi  \u00c7ift motorlu versiyon  Vakum hortumu 4 mt  Depo kapasitesi 70 lt  Vakum g\u00fcc\u00fc 254 mbar  Motor g\u00fcc\u00fc 2400 W\" \/>\n<meta property=\"og:url\" content=\"https:\/\/bakirci.com\/ekipman\/servis-ekipmanlari\/genel\/yikama-ve-temizlik-ekipmanlari\/70-2uc-motorlu\/\" \/>\n<meta property=\"og:site_name\" content=\"Bak\u0131rc\u0131 Garagineering\" \/>\n<meta property=\"article:publisher\" content=\"https:\/\/www.facebook.com\/bakirci.garagineering\" \/>\n<meta property=\"article:modified_time\" content=\"2021-10-30T13:41:45+00:00\" \/>\n<meta property=\"og:image\" content=\"https:\/\/bakirci.com\/ekipman\/wp-content\/uploads\/2021\/01\/NT-702.png\" \/>\n\t<meta property=\"og:image:width\" content=\"1200\" \/>\n\t<meta property=\"og:image:height\" content=\"1200\" \/>\n<meta name=\"twitter:card\" content=\"summary_large_image\" \/>\n<meta name=\"twitter:label1\" content=\"Tahmini okuma s\u00fcresi\" \/>\n\t<meta name=\"twitter:data1\" content=\"1 dakika\" \/>\n<script type=\"application\/ld+json\" class=\"yoast-schema-graph\">{\"@context\":\"https:\/\/schema.org\",\"@graph\":[{\"@type\":\"Organization\",\"@id\":\"https:\/\/bakirci.com\/ekipman\/#organization\",\"name\":\"Bak\\u0131rc\\u0131 garagineering\",\"url\":\"https:\/\/bakirci.com\/ekipman\/\",\"sameAs\":[\"https:\/\/www.facebook.com\/bakirci.garagineering\",\"https:\/\/www.instagram.com\/bakirci.garagineering\/\",\"https:\/\/www.linkedin.com\/company\/bakirci-garagineering\/\",\"https:\/\/www.youtube.com\/channel\/UCiVG6s_jALJ6Zk8085XiOQg\"],\"logo\":{\"@type\":\"ImageObject\",\"@id\":\"https:\/\/bakirci.com\/ekipman\/#logo\",\"inLanguage\":\"tr\",\"url\":\"https:\/\/bakirci.com\/ekipman\/wp-content\/uploads\/2021\/09\/Bakirci-logo-lacivert.png\",\"contentUrl\":\"https:\/\/bakirci.com\/ekipman\/wp-content\/uploads\/2021\/09\/Bakirci-logo-lacivert.png\",\"width\":501,\"height\":501,\"caption\":\"Bak\\u0131rc\\u0131 garagineering\"},\"image\":{\"@id\":\"https:\/\/bakirci.com\/ekipman\/#logo\"}},{\"@type\":\"WebSite\",\"@id\":\"https:\/\/bakirci.com\/ekipman\/#website\",\"url\":\"https:\/\/bakirci.com\/ekipman\/\",\"name\":\"Bak\\u0131rc\\u0131 Garagineering\",\"description\":\"Otomotiv sekt\\u00f6r\\u00fcne \\u00f6zel, \\u201c\\u00dcretici Standard\\u0131nda\\u201d \\u00e7\\u00f6z\\u00fcmler\\u2026\",\"publisher\":{\"@id\":\"https:\/\/bakirci.com\/ekipman\/#organization\"},\"potentialAction\":[{\"@type\":\"SearchAction\",\"target\":{\"@type\":\"EntryPoint\",\"urlTemplate\":\"https:\/\/bakirci.com\/ekipman\/?s={search_term_string}\"},\"query-input\":\"required name=search_term_string\"}],\"inLanguage\":\"tr\"},{\"@type\":\"ImageObject\",\"@id\":\"https:\/\/bakirci.com\/ekipman\/servis-ekipmanlari\/genel\/yikama-ve-temizlik-ekipmanlari\/70-2uc-motorlu\/#primaryimage\",\"inLanguage\":\"tr\",\"url\":\"https:\/\/bakirci.com\/ekipman\/wp-content\/uploads\/2021\/01\/NT-702.png\",\"contentUrl\":\"https:\/\/bakirci.com\/ekipman\/wp-content\/uploads\/2021\/01\/NT-702.png\",\"width\":1200,\"height\":1200},{\"@type\":\"WebPage\",\"@id\":\"https:\/\/bakirci.com\/ekipman\/servis-ekipmanlari\/genel\/yikama-ve-temizlik-ekipmanlari\/70-2uc-motorlu\/#webpage\",\"url\":\"https:\/\/bakirci.com\/ekipman\/servis-ekipmanlari\/genel\/yikama-ve-temizlik-ekipmanlari\/70-2uc-motorlu\/\",\"name\":\"Islak Kuru Vakum Makinesi KARCHER (Born in GERMANY)NT 70\/2 \\u00dc\\u00e7 motorlu, depo kapasitesi 70 lt - Bak\\u0131rc\\u0131 Garagineering\",\"isPartOf\":{\"@id\":\"https:\/\/bakirci.com\/ekipman\/#website\"},\"primaryImageOfPage\":{\"@id\":\"https:\/\/bakirci.com\/ekipman\/servis-ekipmanlari\/genel\/yikama-ve-temizlik-ekipmanlari\/70-2uc-motorlu\/#primaryimage\"},\"datePublished\":\"2021-01-01T01:45:39+00:00\",\"dateModified\":\"2021-10-30T13:41:45+00:00\",\"breadcrumb\":{\"@id\":\"https:\/\/bakirci.com\/ekipman\/servis-ekipmanlari\/genel\/yikama-ve-temizlik-ekipmanlari\/70-2uc-motorlu\/#breadcrumb\"},\"inLanguage\":\"tr\",\"potentialAction\":[{\"@type\":\"ReadAction\",\"target\":[\"https:\/\/bakirci.com\/ekipman\/servis-ekipmanlari\/genel\/yikama-ve-temizlik-ekipmanlari\/70-2uc-motorlu\/\"]}]},{\"@type\":\"BreadcrumbList\",\"@id\":\"https:\/\/bakirci.com\/ekipman\/servis-ekipmanlari\/genel\/yikama-ve-temizlik-ekipmanlari\/70-2uc-motorlu\/#breadcrumb\",\"itemListElement\":[{\"@type\":\"ListItem\",\"position\":1,\"name\":\"Ekipman\",\"item\":\"https:\/\/bakirci.com\/ekipman\/\"},{\"@type\":\"ListItem\",\"position\":2,\"name\":\"Otomotiv Tesisleri \\u0130\\u00e7in Servis Ekipmanlar\\u0131\",\"item\":\"https:\/\/bakirci.com\/ekipman\/\"},{\"@type\":\"ListItem\",\"position\":3,\"name\":\"Islak Kuru Vakum MakinesiKARCHER (Born in GERMANY)NT 70\/2\\u00dc\\u00e7 motorlu, depo kapasitesi 70 lt\"}]}]}<\/script>\n<!-- \/ Yoast SEO plugin. -->","yoast_head_json":{"title":"Islak Kuru Vakum MakinesiKARCHER (Born in GERMANY)NT 70\/2\u00dc\u00e7 motorlu, depo kapasitesi 70 lt - Bak\u0131rc\u0131 Garagineering","robots":{"index":"index","follow":"follow","max-snippet":"max-snippet:-1","max-image-preview":"max-image-preview:large","max-video-preview":"max-video-preview:-1"},"canonical":"https:\/\/bakirci.com\/ekipman\/servis-ekipmanlari\/genel\/yikama-ve-temizlik-ekipmanlari\/70-2uc-motorlu\/","og_locale":"tr_TR","og_type":"article","og_title":"Islak Kuru Vakum MakinesiKARCHER (Born in GERMANY)NT 70\/2\u00dc\u00e7 motorlu, depo kapasitesi 70 lt - Bak\u0131rc\u0131 Garagineering","og_description":"Islak Kuru Vakum Makinesi \u2013 NT 70\/2  Y\u00fcksek emi\u015f g\u00fcc\u00fcne sahip \u0131slak kuru vakum makinesi  \u00c7ift motorlu versiyon  Vakum hortumu 4 mt  Depo kapasitesi 70 lt  Vakum g\u00fcc\u00fc 254 mbar  Motor g\u00fcc\u00fc 2400 W","og_url":"https:\/\/bakirci.com\/ekipman\/servis-ekipmanlari\/genel\/yikama-ve-temizlik-ekipmanlari\/70-2uc-motorlu\/","og_site_name":"Bak\u0131rc\u0131 Garagineering","article_publisher":"https:\/\/www.facebook.com\/bakirci.garagineering","article_modified_time":"2021-10-30T13:41:45+00:00","og_image":[{"width":1200,"height":1200,"url":"https:\/\/bakirci.com\/ekipman\/wp-content\/uploads\/2021\/01\/NT-702.png","path":"\/home\/bakirciwebsitesi\/public_html\/ekipman\/wp-content\/uploads\/2021\/01\/NT-702.png","size":"full","id":5079,"alt":"","pixels":1440000,"type":"image\/png"}],"twitter_card":"summary_large_image","twitter_misc":{"Tahmini okuma s\u00fcresi":"1 dakika"},"schema":{"@context":"https:\/\/schema.org","@graph":[{"@type":"Organization","@id":"https:\/\/bakirci.com\/ekipman\/#organization","name":"Bak\u0131rc\u0131 garagineering","url":"https:\/\/bakirci.com\/ekipman\/","sameAs":["https:\/\/www.facebook.com\/bakirci.garagineering","https:\/\/www.instagram.com\/bakirci.garagineering\/","https:\/\/www.linkedin.com\/company\/bakirci-garagineering\/","https:\/\/www.youtube.com\/channel\/UCiVG6s_jALJ6Zk8085XiOQg"],"logo":{"@type":"ImageObject","@id":"https:\/\/bakirci.com\/ekipman\/#logo","inLanguage":"tr","url":"https:\/\/bakirci.com\/ekipman\/wp-content\/uploads\/2021\/09\/Bakirci-logo-lacivert.png","contentUrl":"https:\/\/bakirci.com\/ekipman\/wp-content\/uploads\/2021\/09\/Bakirci-logo-lacivert.png","width":501,"height":501,"caption":"Bak\u0131rc\u0131 garagineering"},"image":{"@id":"https:\/\/bakirci.com\/ekipman\/#logo"}},{"@type":"WebSite","@id":"https:\/\/bakirci.com\/ekipman\/#website","url":"https:\/\/bakirci.com\/ekipman\/","name":"Bak\u0131rc\u0131 Garagineering","description":"Otomotiv sekt\u00f6r\u00fcne \u00f6zel, \u201c\u00dcretici Standard\u0131nda\u201d \u00e7\u00f6z\u00fcmler\u2026","publisher":{"@id":"https:\/\/bakirci.com\/ekipman\/#organization"},"potentialAction":[{"@type":"SearchAction","target":{"@type":"EntryPoint","urlTemplate":"https:\/\/bakirci.com\/ekipman\/?s={search_term_string}"},"query-input":"required name=search_term_string"}],"inLanguage":"tr"},{"@type":"ImageObject","@id":"https:\/\/bakirci.com\/ekipman\/servis-ekipmanlari\/genel\/yikama-ve-temizlik-ekipmanlari\/70-2uc-motorlu\/#primaryimage","inLanguage":"tr","url":"https:\/\/bakirci.com\/ekipman\/wp-content\/uploads\/2021\/01\/NT-702.png","contentUrl":"https:\/\/bakirci.com\/ekipman\/wp-content\/uploads\/2021\/01\/NT-702.png","width":1200,"height":1200},{"@type":"WebPage","@id":"https:\/\/bakirci.com\/ekipman\/servis-ekipmanlari\/genel\/yikama-ve-temizlik-ekipmanlari\/70-2uc-motorlu\/#webpage","url":"https:\/\/bakirci.com\/ekipman\/servis-ekipmanlari\/genel\/yikama-ve-temizlik-ekipmanlari\/70-2uc-motorlu\/","name":"Islak Kuru Vakum Makinesi KARCHER (Born in GERMANY)NT 70\/2 \u00dc\u00e7 motorlu, depo kapasitesi 70 lt - Bak\u0131rc\u0131 Garagineering","isPartOf":{"@id":"https:\/\/bakirci.com\/ekipman\/#website"},"primaryImageOfPage":{"@id":"https:\/\/bakirci.com\/ekipman\/servis-ekipmanlari\/genel\/yikama-ve-temizlik-ekipmanlari\/70-2uc-motorlu\/#primaryimage"},"datePublished":"2021-01-01T01:45:39+00:00","dateModified":"2021-10-30T13:41:45+00:00","breadcrumb":{"@id":"https:\/\/bakirci.com\/ekipman\/servis-ekipmanlari\/genel\/yikama-ve-temizlik-ekipmanlari\/70-2uc-motorlu\/#breadcrumb"},"inLanguage":"tr","potentialAction":[{"@type":"ReadAction","target":["https:\/\/bakirci.com\/ekipman\/servis-ekipmanlari\/genel\/yikama-ve-temizlik-ekipmanlari\/70-2uc-motorlu\/"]}]},{"@type":"BreadcrumbList","@id":"https:\/\/bakirci.com\/ekipman\/servis-ekipmanlari\/genel\/yikama-ve-temizlik-ekipmanlari\/70-2uc-motorlu\/#breadcrumb","itemListElement":[{"@type":"ListItem","position":1,"name":"Ekipman","item":"https:\/\/bakirci.com\/ekipman\/"},{"@type":"ListItem","position":2,"name":"Otomotiv Tesisleri \u0130\u00e7in Servis Ekipmanlar\u0131","item":"https:\/\/bakirci.com\/ekipman\/"},{"@type":"ListItem","position":3,"name":"Islak Kuru Vakum MakinesiKARCHER (Born in GERMANY)NT 70\/2\u00dc\u00e7 motorlu, depo kapasitesi 70 lt"}]}]}},"_links":{"self":[{"href":"https:\/\/bakirci.com\/ekipman\/wp-json\/wp\/v2\/product\/4810","targetHints":{"allow":["GET"]}}],"collection":[{"href":"https:\/\/bakirci.com\/ekipman\/wp-json\/wp\/v2\/product"}],"about":[{"href":"https:\/\/bakirci.com\/ekipman\/wp-json\/wp\/v2\/types\/product"}],"replies":[{"embeddable":true,"href":"https:\/\/bakirci.com\/ekipman\/wp-json\/wp\/v2\/comments?post=4810"}],"wp:featuredmedia":[{"embeddable":true,"href":"https:\/\/bakirci.com\/ekipman\/wp-json\/wp\/v2\/media\/5079"}],"wp:attachment":[{"href":"https:\/\/bakirci.com\/ekipman\/wp-json\/wp\/v2\/media?parent=4810"}],"wp:term":[{"taxonomy":"product_cat","embeddable":true,"href":"https:\/\/bakirci.com\/ekipman\/wp-json\/wp\/v2\/product_cat?post=4810"},{"taxonomy":"product_tag","embeddable":true,"href":"https:\/\/bakirci.com\/ekipman\/wp-json\/wp\/v2\/product_tag?post=4810"}],"curies":[{"name":"wp","href":"https:\/\/api.w.org\/{rel}","templated":true}]}}