{"id":4671,"date":"2021-01-01T11:00:17","date_gmt":"2021-01-01T11:00:17","guid":{"rendered":"https:\/\/j6l.65c.myftpupload.com\/?post_type=product&#038;p=4671"},"modified":"2021-10-30T14:07:50","modified_gmt":"2021-10-30T14:07:50","slug":"boya-sartlandiricisi-1-2-mbcr-12es","status":"publish","type":"product","link":"https:\/\/bakirci.com\/ekipman\/servis-ekipmanlari\/boya\/boya-yardimci-ekipmanlari\/boya-sartlandiricisi-1-2-mbcr-12es\/","title":{"rendered":"<p class=\"ustmetin\">Boya \u015eartland\u0131r\u0131c\u0131s\u0131 1\/2\u2018\u2019<\/p><p class=\"ortametin\">PREVOST <span class=\"ortametin2\">(Born in FRANCE)<\/span><p class=\"altmetin\">MBCR.12ES<br>Mikron, alt mikron, aktif karbon filtre ve ya\u011f ay\u0131r\u0131c\u0131<\/p>"},"content":{"rendered":"<ul>\n<li>Boya \u015eartland\u0131r\u0131c\u0131s\u0131 1\/2\u2018\u2019 &#8211; MBCR.12ES<\/li>\n<li>Filtre reg\u00fclat\u00f6r \u00fcnitesi, silikon kraterleri ve mikro kabarc\u0131klar sayesinde kusurlar\u0131 ortadan kald\u0131rarak kaliteli boya atma imkan\u0131<\/li>\n<li>\u00dc\u00e7 kademeli, aluminyum g\u00f6vde \u015fi\u015fe yap\u0131s\u0131<\/li>\n<li>Mikron, alt mikron, aktif karbon filtre ve ya\u011f ay\u0131r\u0131c\u0131 sayesinde %99 hassasiyet<\/li>\n<li>Reg\u00fclat\u00f6r saati ve 2 \u00e7\u0131k\u0131\u015fl\u0131 kaplin sistemi<\/li>\n<\/ul>\n","protected":false},"excerpt":{"rendered":"<ul>\n<li>Boya \u015eartland\u0131r\u0131c\u0131s\u0131 1\/2\u2018\u2019 &#8211; MBCR.12ES<\/li>\n<li>Filtre reg\u00fclat\u00f6r \u00fcnitesi, silikon kraterleri ve mikro kabarc\u0131klar sayesinde kusurlar\u0131 ortadan kald\u0131rarak kaliteli boya atma imkan\u0131<\/li>\n<li>\u00dc\u00e7 kademeli, aluminyum g\u00f6vde \u015fi\u015fe yap\u0131s\u0131<\/li>\n<li>Mikron, alt mikron, aktif karbon filtre ve ya\u011f ay\u0131r\u0131c\u0131 sayesinde %99 hassasiyet<\/li>\n<li>Reg\u00fclat\u00f6r saati ve 2 \u00e7\u0131k\u0131\u015fl\u0131 kaplin sistemi<\/li>\n<\/ul>\n","protected":false},"featured_media":4806,"comment_status":"closed","ping_status":"closed","template":"","meta":[],"product_cat":[178],"product_tag":[358],"class_list":["post-4671","product","type-product","status-publish","has-post-thumbnail","hentry","pwb-brand-prevost","product_cat-boya-yardimci-ekipmanlari","product_tag-prevost"],"brands":[{"id":404,"name":"PREVOST","slug":"prevost"}],"yoast_head":"<!-- This site is optimized with the Yoast SEO plugin v17.1 - https:\/\/yoast.com\/wordpress\/plugins\/seo\/ -->\n<title>Boya \u015eartland\u0131r\u0131c\u0131s\u0131 1\/2\u2018\u2019PREVOST (Born in FRANCE)MBCR.12ESMikron, alt mikron, aktif karbon filtre ve ya\u011f ay\u0131r\u0131c\u0131 - Bak\u0131rc\u0131 Garagineering<\/title>\n<meta name=\"robots\" content=\"index, follow, max-snippet:-1, max-image-preview:large, max-video-preview:-1\" \/>\n<link rel=\"canonical\" href=\"https:\/\/bakirci.com\/ekipman\/servis-ekipmanlari\/boya\/boya-yardimci-ekipmanlari\/boya-sartlandiricisi-1-2-mbcr-12es\/\" \/>\n<meta property=\"og:locale\" content=\"tr_TR\" \/>\n<meta property=\"og:type\" content=\"article\" \/>\n<meta property=\"og:title\" content=\"Boya \u015eartland\u0131r\u0131c\u0131s\u0131 1\/2\u2018\u2019PREVOST (Born in FRANCE)MBCR.12ESMikron, alt mikron, aktif karbon filtre ve ya\u011f ay\u0131r\u0131c\u0131 - Bak\u0131rc\u0131 Garagineering\" \/>\n<meta property=\"og:description\" content=\"Boya \u015eartland\u0131r\u0131c\u0131s\u0131 1\/2\u2018\u2019 - MBCR.12ES  Filtre reg\u00fclat\u00f6r \u00fcnitesi, silikon kraterleri ve mikro kabarc\u0131klar sayesinde kusurlar\u0131 ortadan kald\u0131rarak kaliteli boya atma imkan\u0131  \u00dc\u00e7 kademeli, aluminyum g\u00f6vde \u015fi\u015fe yap\u0131s\u0131  Mikron, alt mikron, aktif karbon filtre ve ya\u011f ay\u0131r\u0131c\u0131 sayesinde %99 hassasiyet  Reg\u00fclat\u00f6r saati ve 2 \u00e7\u0131k\u0131\u015fl\u0131 kaplin sistemi\" \/>\n<meta property=\"og:url\" content=\"https:\/\/bakirci.com\/ekipman\/servis-ekipmanlari\/boya\/boya-yardimci-ekipmanlari\/boya-sartlandiricisi-1-2-mbcr-12es\/\" \/>\n<meta property=\"og:site_name\" content=\"Bak\u0131rc\u0131 Garagineering\" \/>\n<meta property=\"article:publisher\" content=\"https:\/\/www.facebook.com\/bakirci.garagineering\" \/>\n<meta property=\"article:modified_time\" content=\"2021-10-30T14:07:50+00:00\" \/>\n<meta property=\"og:image\" content=\"https:\/\/bakirci.com\/ekipman\/wp-content\/uploads\/2021\/06\/MBCR-12ES.png\" \/>\n\t<meta property=\"og:image:width\" content=\"1252\" \/>\n\t<meta property=\"og:image:height\" content=\"1252\" \/>\n<meta name=\"twitter:card\" content=\"summary_large_image\" \/>\n<meta name=\"twitter:label1\" content=\"Tahmini okuma s\u00fcresi\" \/>\n\t<meta name=\"twitter:data1\" content=\"1 dakika\" \/>\n<script type=\"application\/ld+json\" class=\"yoast-schema-graph\">{\"@context\":\"https:\/\/schema.org\",\"@graph\":[{\"@type\":\"Organization\",\"@id\":\"https:\/\/bakirci.com\/ekipman\/#organization\",\"name\":\"Bak\\u0131rc\\u0131 garagineering\",\"url\":\"https:\/\/bakirci.com\/ekipman\/\",\"sameAs\":[\"https:\/\/www.facebook.com\/bakirci.garagineering\",\"https:\/\/www.instagram.com\/bakirci.garagineering\/\",\"https:\/\/www.linkedin.com\/company\/bakirci-garagineering\/\",\"https:\/\/www.youtube.com\/channel\/UCiVG6s_jALJ6Zk8085XiOQg\"],\"logo\":{\"@type\":\"ImageObject\",\"@id\":\"https:\/\/bakirci.com\/ekipman\/#logo\",\"inLanguage\":\"tr\",\"url\":\"https:\/\/bakirci.com\/ekipman\/wp-content\/uploads\/2021\/09\/Bakirci-logo-lacivert.png\",\"contentUrl\":\"https:\/\/bakirci.com\/ekipman\/wp-content\/uploads\/2021\/09\/Bakirci-logo-lacivert.png\",\"width\":501,\"height\":501,\"caption\":\"Bak\\u0131rc\\u0131 garagineering\"},\"image\":{\"@id\":\"https:\/\/bakirci.com\/ekipman\/#logo\"}},{\"@type\":\"WebSite\",\"@id\":\"https:\/\/bakirci.com\/ekipman\/#website\",\"url\":\"https:\/\/bakirci.com\/ekipman\/\",\"name\":\"Bak\\u0131rc\\u0131 Garagineering\",\"description\":\"Otomotiv sekt\\u00f6r\\u00fcne \\u00f6zel, \\u201c\\u00dcretici Standard\\u0131nda\\u201d \\u00e7\\u00f6z\\u00fcmler\\u2026\",\"publisher\":{\"@id\":\"https:\/\/bakirci.com\/ekipman\/#organization\"},\"potentialAction\":[{\"@type\":\"SearchAction\",\"target\":{\"@type\":\"EntryPoint\",\"urlTemplate\":\"https:\/\/bakirci.com\/ekipman\/?s={search_term_string}\"},\"query-input\":\"required name=search_term_string\"}],\"inLanguage\":\"tr\"},{\"@type\":\"ImageObject\",\"@id\":\"https:\/\/bakirci.com\/ekipman\/servis-ekipmanlari\/boya\/boya-yardimci-ekipmanlari\/boya-sartlandiricisi-1-2-mbcr-12es\/#primaryimage\",\"inLanguage\":\"tr\",\"url\":\"https:\/\/bakirci.com\/ekipman\/wp-content\/uploads\/2021\/06\/MBCR-12ES.png\",\"contentUrl\":\"https:\/\/bakirci.com\/ekipman\/wp-content\/uploads\/2021\/06\/MBCR-12ES.png\",\"width\":1252,\"height\":1252},{\"@type\":\"WebPage\",\"@id\":\"https:\/\/bakirci.com\/ekipman\/servis-ekipmanlari\/boya\/boya-yardimci-ekipmanlari\/boya-sartlandiricisi-1-2-mbcr-12es\/#webpage\",\"url\":\"https:\/\/bakirci.com\/ekipman\/servis-ekipmanlari\/boya\/boya-yardimci-ekipmanlari\/boya-sartlandiricisi-1-2-mbcr-12es\/\",\"name\":\"Boya \\u015eartland\\u0131r\\u0131c\\u0131s\\u0131 1\/2\\u2018\\u2019 PREVOST (Born in FRANCE)MBCR.12ES Mikron, alt mikron, aktif karbon filtre ve ya\\u011f ay\\u0131r\\u0131c\\u0131 - Bak\\u0131rc\\u0131 Garagineering\",\"isPartOf\":{\"@id\":\"https:\/\/bakirci.com\/ekipman\/#website\"},\"primaryImageOfPage\":{\"@id\":\"https:\/\/bakirci.com\/ekipman\/servis-ekipmanlari\/boya\/boya-yardimci-ekipmanlari\/boya-sartlandiricisi-1-2-mbcr-12es\/#primaryimage\"},\"datePublished\":\"2021-01-01T11:00:17+00:00\",\"dateModified\":\"2021-10-30T14:07:50+00:00\",\"breadcrumb\":{\"@id\":\"https:\/\/bakirci.com\/ekipman\/servis-ekipmanlari\/boya\/boya-yardimci-ekipmanlari\/boya-sartlandiricisi-1-2-mbcr-12es\/#breadcrumb\"},\"inLanguage\":\"tr\",\"potentialAction\":[{\"@type\":\"ReadAction\",\"target\":[\"https:\/\/bakirci.com\/ekipman\/servis-ekipmanlari\/boya\/boya-yardimci-ekipmanlari\/boya-sartlandiricisi-1-2-mbcr-12es\/\"]}]},{\"@type\":\"BreadcrumbList\",\"@id\":\"https:\/\/bakirci.com\/ekipman\/servis-ekipmanlari\/boya\/boya-yardimci-ekipmanlari\/boya-sartlandiricisi-1-2-mbcr-12es\/#breadcrumb\",\"itemListElement\":[{\"@type\":\"ListItem\",\"position\":1,\"name\":\"Ekipman\",\"item\":\"https:\/\/bakirci.com\/ekipman\/\"},{\"@type\":\"ListItem\",\"position\":2,\"name\":\"Otomotiv Tesisleri \\u0130\\u00e7in Servis Ekipmanlar\\u0131\",\"item\":\"https:\/\/bakirci.com\/ekipman\/\"},{\"@type\":\"ListItem\",\"position\":3,\"name\":\"Boya \\u015eartland\\u0131r\\u0131c\\u0131s\\u0131 1\/2\\u2018\\u2019PREVOST (Born in FRANCE)MBCR.12ESMikron, alt mikron, aktif karbon filtre ve ya\\u011f ay\\u0131r\\u0131c\\u0131\"}]}]}<\/script>\n<!-- \/ Yoast SEO plugin. -->","yoast_head_json":{"title":"Boya \u015eartland\u0131r\u0131c\u0131s\u0131 1\/2\u2018\u2019PREVOST (Born in FRANCE)MBCR.12ESMikron, alt mikron, aktif karbon filtre ve ya\u011f ay\u0131r\u0131c\u0131 - Bak\u0131rc\u0131 Garagineering","robots":{"index":"index","follow":"follow","max-snippet":"max-snippet:-1","max-image-preview":"max-image-preview:large","max-video-preview":"max-video-preview:-1"},"canonical":"https:\/\/bakirci.com\/ekipman\/servis-ekipmanlari\/boya\/boya-yardimci-ekipmanlari\/boya-sartlandiricisi-1-2-mbcr-12es\/","og_locale":"tr_TR","og_type":"article","og_title":"Boya \u015eartland\u0131r\u0131c\u0131s\u0131 1\/2\u2018\u2019PREVOST (Born in FRANCE)MBCR.12ESMikron, alt mikron, aktif karbon filtre ve ya\u011f ay\u0131r\u0131c\u0131 - Bak\u0131rc\u0131 Garagineering","og_description":"Boya \u015eartland\u0131r\u0131c\u0131s\u0131 1\/2\u2018\u2019 - MBCR.12ES  Filtre reg\u00fclat\u00f6r \u00fcnitesi, silikon kraterleri ve mikro kabarc\u0131klar sayesinde kusurlar\u0131 ortadan kald\u0131rarak kaliteli boya atma imkan\u0131  \u00dc\u00e7 kademeli, aluminyum g\u00f6vde \u015fi\u015fe yap\u0131s\u0131  Mikron, alt mikron, aktif karbon filtre ve ya\u011f ay\u0131r\u0131c\u0131 sayesinde %99 hassasiyet  Reg\u00fclat\u00f6r saati ve 2 \u00e7\u0131k\u0131\u015fl\u0131 kaplin sistemi","og_url":"https:\/\/bakirci.com\/ekipman\/servis-ekipmanlari\/boya\/boya-yardimci-ekipmanlari\/boya-sartlandiricisi-1-2-mbcr-12es\/","og_site_name":"Bak\u0131rc\u0131 Garagineering","article_publisher":"https:\/\/www.facebook.com\/bakirci.garagineering","article_modified_time":"2021-10-30T14:07:50+00:00","og_image":[{"width":1252,"height":1252,"url":"https:\/\/bakirci.com\/ekipman\/wp-content\/uploads\/2021\/06\/MBCR-12ES.png","path":"\/home\/bakirciwebsitesi\/public_html\/ekipman\/wp-content\/uploads\/2021\/06\/MBCR-12ES.png","size":"full","id":4806,"alt":"","pixels":1567504,"type":"image\/png"}],"twitter_card":"summary_large_image","twitter_misc":{"Tahmini okuma s\u00fcresi":"1 dakika"},"schema":{"@context":"https:\/\/schema.org","@graph":[{"@type":"Organization","@id":"https:\/\/bakirci.com\/ekipman\/#organization","name":"Bak\u0131rc\u0131 garagineering","url":"https:\/\/bakirci.com\/ekipman\/","sameAs":["https:\/\/www.facebook.com\/bakirci.garagineering","https:\/\/www.instagram.com\/bakirci.garagineering\/","https:\/\/www.linkedin.com\/company\/bakirci-garagineering\/","https:\/\/www.youtube.com\/channel\/UCiVG6s_jALJ6Zk8085XiOQg"],"logo":{"@type":"ImageObject","@id":"https:\/\/bakirci.com\/ekipman\/#logo","inLanguage":"tr","url":"https:\/\/bakirci.com\/ekipman\/wp-content\/uploads\/2021\/09\/Bakirci-logo-lacivert.png","contentUrl":"https:\/\/bakirci.com\/ekipman\/wp-content\/uploads\/2021\/09\/Bakirci-logo-lacivert.png","width":501,"height":501,"caption":"Bak\u0131rc\u0131 garagineering"},"image":{"@id":"https:\/\/bakirci.com\/ekipman\/#logo"}},{"@type":"WebSite","@id":"https:\/\/bakirci.com\/ekipman\/#website","url":"https:\/\/bakirci.com\/ekipman\/","name":"Bak\u0131rc\u0131 Garagineering","description":"Otomotiv sekt\u00f6r\u00fcne \u00f6zel, \u201c\u00dcretici Standard\u0131nda\u201d \u00e7\u00f6z\u00fcmler\u2026","publisher":{"@id":"https:\/\/bakirci.com\/ekipman\/#organization"},"potentialAction":[{"@type":"SearchAction","target":{"@type":"EntryPoint","urlTemplate":"https:\/\/bakirci.com\/ekipman\/?s={search_term_string}"},"query-input":"required name=search_term_string"}],"inLanguage":"tr"},{"@type":"ImageObject","@id":"https:\/\/bakirci.com\/ekipman\/servis-ekipmanlari\/boya\/boya-yardimci-ekipmanlari\/boya-sartlandiricisi-1-2-mbcr-12es\/#primaryimage","inLanguage":"tr","url":"https:\/\/bakirci.com\/ekipman\/wp-content\/uploads\/2021\/06\/MBCR-12ES.png","contentUrl":"https:\/\/bakirci.com\/ekipman\/wp-content\/uploads\/2021\/06\/MBCR-12ES.png","width":1252,"height":1252},{"@type":"WebPage","@id":"https:\/\/bakirci.com\/ekipman\/servis-ekipmanlari\/boya\/boya-yardimci-ekipmanlari\/boya-sartlandiricisi-1-2-mbcr-12es\/#webpage","url":"https:\/\/bakirci.com\/ekipman\/servis-ekipmanlari\/boya\/boya-yardimci-ekipmanlari\/boya-sartlandiricisi-1-2-mbcr-12es\/","name":"Boya \u015eartland\u0131r\u0131c\u0131s\u0131 1\/2\u2018\u2019 PREVOST (Born in FRANCE)MBCR.12ES Mikron, alt mikron, aktif karbon filtre ve ya\u011f ay\u0131r\u0131c\u0131 - Bak\u0131rc\u0131 Garagineering","isPartOf":{"@id":"https:\/\/bakirci.com\/ekipman\/#website"},"primaryImageOfPage":{"@id":"https:\/\/bakirci.com\/ekipman\/servis-ekipmanlari\/boya\/boya-yardimci-ekipmanlari\/boya-sartlandiricisi-1-2-mbcr-12es\/#primaryimage"},"datePublished":"2021-01-01T11:00:17+00:00","dateModified":"2021-10-30T14:07:50+00:00","breadcrumb":{"@id":"https:\/\/bakirci.com\/ekipman\/servis-ekipmanlari\/boya\/boya-yardimci-ekipmanlari\/boya-sartlandiricisi-1-2-mbcr-12es\/#breadcrumb"},"inLanguage":"tr","potentialAction":[{"@type":"ReadAction","target":["https:\/\/bakirci.com\/ekipman\/servis-ekipmanlari\/boya\/boya-yardimci-ekipmanlari\/boya-sartlandiricisi-1-2-mbcr-12es\/"]}]},{"@type":"BreadcrumbList","@id":"https:\/\/bakirci.com\/ekipman\/servis-ekipmanlari\/boya\/boya-yardimci-ekipmanlari\/boya-sartlandiricisi-1-2-mbcr-12es\/#breadcrumb","itemListElement":[{"@type":"ListItem","position":1,"name":"Ekipman","item":"https:\/\/bakirci.com\/ekipman\/"},{"@type":"ListItem","position":2,"name":"Otomotiv Tesisleri \u0130\u00e7in Servis Ekipmanlar\u0131","item":"https:\/\/bakirci.com\/ekipman\/"},{"@type":"ListItem","position":3,"name":"Boya \u015eartland\u0131r\u0131c\u0131s\u0131 1\/2\u2018\u2019PREVOST (Born in FRANCE)MBCR.12ESMikron, alt mikron, aktif karbon filtre ve ya\u011f ay\u0131r\u0131c\u0131"}]}]}},"_links":{"self":[{"href":"https:\/\/bakirci.com\/ekipman\/wp-json\/wp\/v2\/product\/4671","targetHints":{"allow":["GET"]}}],"collection":[{"href":"https:\/\/bakirci.com\/ekipman\/wp-json\/wp\/v2\/product"}],"about":[{"href":"https:\/\/bakirci.com\/ekipman\/wp-json\/wp\/v2\/types\/product"}],"replies":[{"embeddable":true,"href":"https:\/\/bakirci.com\/ekipman\/wp-json\/wp\/v2\/comments?post=4671"}],"wp:featuredmedia":[{"embeddable":true,"href":"https:\/\/bakirci.com\/ekipman\/wp-json\/wp\/v2\/media\/4806"}],"wp:attachment":[{"href":"https:\/\/bakirci.com\/ekipman\/wp-json\/wp\/v2\/media?parent=4671"}],"wp:term":[{"taxonomy":"product_cat","embeddable":true,"href":"https:\/\/bakirci.com\/ekipman\/wp-json\/wp\/v2\/product_cat?post=4671"},{"taxonomy":"product_tag","embeddable":true,"href":"https:\/\/bakirci.com\/ekipman\/wp-json\/wp\/v2\/product_tag?post=4671"}],"curies":[{"name":"wp","href":"https:\/\/api.w.org\/{rel}","templated":true}]}}