{"id":4664,"date":"2021-01-01T11:35:53","date_gmt":"2021-01-01T11:35:53","guid":{"rendered":"https:\/\/j6l.65c.myftpupload.com\/?post_type=product&#038;p=4664"},"modified":"2021-08-16T07:28:29","modified_gmt":"2021-08-16T07:28:29","slug":"infrared-boya-kurutma-sistemiinfrarr-born-in-italymm-612bilgisayar-kontrollu-6-kurutma-programi-12-lambali-12kw-kurutma-alani-140cm-x-200cm","status":"publish","type":"product","link":"https:\/\/bakirci.com\/ekipman\/servis-ekipmanlari\/boya\/infrared-boya-kurutma\/infrared-boya-kurutma-sistemiinfrarr-born-in-italymm-612bilgisayar-kontrollu-6-kurutma-programi-12-lambali-12kw-kurutma-alani-140cm-x-200cm\/","title":{"rendered":"<p class=\"ustmetin\">Infrared Boya Kurutma Sistemi<\/p><p class=\"ortametin\">INFRARR <span class=\"ortametin2\">(Born in ITALY)<\/span><p class=\"altmetin\">MM-612<br>Bilgisayar kontroll\u00fc, 6 kurutma program\u0131, 12 lambal\u0131, 12kW, kurutma alan\u0131 140cm x 200cm<\/p>"},"content":{"rendered":"<ul>\n<li>Infrared Boya Kurutma Sistemi &#8211; MM-612<\/li>\n<li>Bilgisayar kontroll\u00fc s\u0131cakl\u0131k sens\u00f6r\u00fc ile hatas\u0131z kurutma<\/li>\n<li>6 kurutma program\u0131 se\u00e7ene\u011fi ve en yeni k\u0131sa dalga teknolojisi<\/li>\n<li>\u00d6zel alt\u0131n kapl\u0131 reflekt\u00f6rler sayesinde s\u00fcrekli ve e\u015fit \u0131\u015f\u0131n da\u011f\u0131l\u0131m\u0131<\/li>\n<li>Kurutma s\u00fcresi sayac\u0131<\/li>\n<li>Farkl\u0131 a\u00e7\u0131larda ayarlanabilir al\u00fcminyum \u00e7ift kaset<\/li>\n<li>Astardan son kata kadar t\u00fcm uygulamalar i\u00e7in ideal kurutma<\/li>\n<li>UV filtresi sayesinde d\u00fc\u015f\u00fck radyasyon<\/li>\n<li>Metal ve plastik altyap\u0131lar i\u00e7in ayr\u0131 program<\/li>\n<li>Hassas s\u0131cakl\u0131k ayar\u0131 (1\u00b0C)<\/li>\n<li>12 lambal\u0131, 380V, 12kW, kurutma alan\u0131 140cm x 200cm<\/li>\n<li>Hassas mesafe \u00f6l\u00e7\u00fcm\u00fc (Laser Pointer)<\/li>\n<\/ul>\n","protected":false},"excerpt":{"rendered":"<ul>\n<li>Infrared Boya Kurutma Sistemi &#8211; MM-612<\/li>\n<li>Bilgisayar kontroll\u00fc s\u0131cakl\u0131k sens\u00f6r\u00fc ile hatas\u0131z kurutma<\/li>\n<li>6 kurutma program\u0131 se\u00e7ene\u011fi ve en yeni k\u0131sa dalga teknolojisi<\/li>\n<li>\u00d6zel alt\u0131n kapl\u0131 reflekt\u00f6rler sayesinde s\u00fcrekli ve e\u015fit \u0131\u015f\u0131n da\u011f\u0131l\u0131m\u0131<\/li>\n<li>Kurutma s\u00fcresi sayac\u0131<\/li>\n<li>Farkl\u0131 a\u00e7\u0131larda ayarlanabilir al\u00fcminyum \u00e7ift kaset<\/li>\n<li>Astardan son kata kadar t\u00fcm uygulamalar i\u00e7in ideal kurutma<\/li>\n<li>UV filtresi sayesinde d\u00fc\u015f\u00fck radyasyon<\/li>\n<li>Metal ve plastik altyap\u0131lar i\u00e7in ayr\u0131 program<\/li>\n<li>Hassas s\u0131cakl\u0131k ayar\u0131 (1\u00b0C)<\/li>\n<li>12 lambal\u0131, 380V, 12kW, kurutma alan\u0131 140cm x 200cm<\/li>\n<li>Hassas mesafe \u00f6l\u00e7\u00fcm\u00fc (Laser Pointer)<\/li>\n<\/ul>\n","protected":false},"featured_media":4799,"comment_status":"closed","ping_status":"closed","template":"","meta":[],"product_cat":[180],"product_tag":[734,735,356,736,733],"class_list":["post-4664","product","type-product","status-publish","has-post-thumbnail","hentry","pwb-brand-infrarr","product_cat-infrared-boya-kurutma","product_tag-astar-kurutma","product_tag-boya-kurutma","product_tag-infrarr","product_tag-irt-cihazi","product_tag-panel-kurutucu"],"brands":[{"id":389,"name":"INFRARR","slug":"infrarr"}],"yoast_head":"<!-- This site is optimized with the Yoast SEO plugin v17.1 - https:\/\/yoast.com\/wordpress\/plugins\/seo\/ -->\n<title>Infrared Boya Kurutma SistemiINFRARR (Born in ITALY)MM-612Bilgisayar kontroll\u00fc, 6 kurutma program\u0131, 12 lambal\u0131, 12kW, kurutma alan\u0131 140cm x 200cm - Bak\u0131rc\u0131 Garagineering<\/title>\n<meta name=\"robots\" content=\"index, follow, max-snippet:-1, max-image-preview:large, max-video-preview:-1\" \/>\n<link rel=\"canonical\" href=\"https:\/\/bakirci.com\/ekipman\/servis-ekipmanlari\/boya\/infrared-boya-kurutma\/infrared-boya-kurutma-sistemiinfrarr-born-in-italymm-612bilgisayar-kontrollu-6-kurutma-programi-12-lambali-12kw-kurutma-alani-140cm-x-200cm\/\" \/>\n<meta property=\"og:locale\" content=\"tr_TR\" \/>\n<meta property=\"og:type\" content=\"article\" \/>\n<meta property=\"og:title\" content=\"Infrared Boya Kurutma SistemiINFRARR (Born in ITALY)MM-612Bilgisayar kontroll\u00fc, 6 kurutma program\u0131, 12 lambal\u0131, 12kW, kurutma alan\u0131 140cm x 200cm - Bak\u0131rc\u0131 Garagineering\" \/>\n<meta property=\"og:description\" content=\"Infrared Boya Kurutma Sistemi - MM-612  Bilgisayar kontroll\u00fc s\u0131cakl\u0131k sens\u00f6r\u00fc ile hatas\u0131z kurutma  6 kurutma program\u0131 se\u00e7ene\u011fi ve en yeni k\u0131sa dalga teknolojisi  \u00d6zel alt\u0131n kapl\u0131 reflekt\u00f6rler sayesinde s\u00fcrekli ve e\u015fit \u0131\u015f\u0131n da\u011f\u0131l\u0131m\u0131  Kurutma s\u00fcresi sayac\u0131  Farkl\u0131 a\u00e7\u0131larda ayarlanabilir al\u00fcminyum \u00e7ift kaset  Astardan son kata kadar t\u00fcm uygulamalar i\u00e7in ideal kurutma  UV filtresi sayesinde d\u00fc\u015f\u00fck radyasyon  Metal ve plastik altyap\u0131lar i\u00e7in ayr\u0131 program  Hassas s\u0131cakl\u0131k ayar\u0131 (1\u00b0C)  12 lambal\u0131, 380V, 12kW, kurutma alan\u0131 140cm x 200cm  Hassas mesafe \u00f6l\u00e7\u00fcm\u00fc (Laser Pointer)\" \/>\n<meta property=\"og:url\" content=\"https:\/\/bakirci.com\/ekipman\/servis-ekipmanlari\/boya\/infrared-boya-kurutma\/infrared-boya-kurutma-sistemiinfrarr-born-in-italymm-612bilgisayar-kontrollu-6-kurutma-programi-12-lambali-12kw-kurutma-alani-140cm-x-200cm\/\" \/>\n<meta property=\"og:site_name\" content=\"Bak\u0131rc\u0131 Garagineering\" \/>\n<meta property=\"article:publisher\" content=\"https:\/\/www.facebook.com\/bakirci.garagineering\" \/>\n<meta property=\"article:modified_time\" content=\"2021-08-16T07:28:29+00:00\" \/>\n<meta property=\"og:image\" content=\"https:\/\/bakirci.com\/ekipman\/wp-content\/uploads\/2021\/06\/MM-612.png\" \/>\n\t<meta property=\"og:image:width\" content=\"983\" \/>\n\t<meta property=\"og:image:height\" content=\"984\" \/>\n<meta name=\"twitter:card\" content=\"summary_large_image\" \/>\n<meta name=\"twitter:label1\" content=\"Tahmini okuma s\u00fcresi\" \/>\n\t<meta name=\"twitter:data1\" content=\"1 dakika\" \/>\n<script type=\"application\/ld+json\" class=\"yoast-schema-graph\">{\"@context\":\"https:\/\/schema.org\",\"@graph\":[{\"@type\":\"Organization\",\"@id\":\"https:\/\/bakirci.com\/ekipman\/#organization\",\"name\":\"Bak\\u0131rc\\u0131 garagineering\",\"url\":\"https:\/\/bakirci.com\/ekipman\/\",\"sameAs\":[\"https:\/\/www.facebook.com\/bakirci.garagineering\",\"https:\/\/www.instagram.com\/bakirci.garagineering\/\",\"https:\/\/www.linkedin.com\/company\/bakirci-garagineering\/\",\"https:\/\/www.youtube.com\/channel\/UCiVG6s_jALJ6Zk8085XiOQg\"],\"logo\":{\"@type\":\"ImageObject\",\"@id\":\"https:\/\/bakirci.com\/ekipman\/#logo\",\"inLanguage\":\"tr\",\"url\":\"https:\/\/bakirci.com\/ekipman\/wp-content\/uploads\/2021\/09\/Bakirci-logo-lacivert.png\",\"contentUrl\":\"https:\/\/bakirci.com\/ekipman\/wp-content\/uploads\/2021\/09\/Bakirci-logo-lacivert.png\",\"width\":501,\"height\":501,\"caption\":\"Bak\\u0131rc\\u0131 garagineering\"},\"image\":{\"@id\":\"https:\/\/bakirci.com\/ekipman\/#logo\"}},{\"@type\":\"WebSite\",\"@id\":\"https:\/\/bakirci.com\/ekipman\/#website\",\"url\":\"https:\/\/bakirci.com\/ekipman\/\",\"name\":\"Bak\\u0131rc\\u0131 Garagineering\",\"description\":\"Otomotiv sekt\\u00f6r\\u00fcne \\u00f6zel, \\u201c\\u00dcretici Standard\\u0131nda\\u201d \\u00e7\\u00f6z\\u00fcmler\\u2026\",\"publisher\":{\"@id\":\"https:\/\/bakirci.com\/ekipman\/#organization\"},\"potentialAction\":[{\"@type\":\"SearchAction\",\"target\":{\"@type\":\"EntryPoint\",\"urlTemplate\":\"https:\/\/bakirci.com\/ekipman\/?s={search_term_string}\"},\"query-input\":\"required name=search_term_string\"}],\"inLanguage\":\"tr\"},{\"@type\":\"ImageObject\",\"@id\":\"https:\/\/bakirci.com\/ekipman\/servis-ekipmanlari\/boya\/infrared-boya-kurutma\/infrared-boya-kurutma-sistemiinfrarr-born-in-italymm-612bilgisayar-kontrollu-6-kurutma-programi-12-lambali-12kw-kurutma-alani-140cm-x-200cm\/#primaryimage\",\"inLanguage\":\"tr\",\"url\":\"https:\/\/bakirci.com\/ekipman\/wp-content\/uploads\/2021\/06\/MM-612.png\",\"contentUrl\":\"https:\/\/bakirci.com\/ekipman\/wp-content\/uploads\/2021\/06\/MM-612.png\",\"width\":983,\"height\":984},{\"@type\":\"WebPage\",\"@id\":\"https:\/\/bakirci.com\/ekipman\/servis-ekipmanlari\/boya\/infrared-boya-kurutma\/infrared-boya-kurutma-sistemiinfrarr-born-in-italymm-612bilgisayar-kontrollu-6-kurutma-programi-12-lambali-12kw-kurutma-alani-140cm-x-200cm\/#webpage\",\"url\":\"https:\/\/bakirci.com\/ekipman\/servis-ekipmanlari\/boya\/infrared-boya-kurutma\/infrared-boya-kurutma-sistemiinfrarr-born-in-italymm-612bilgisayar-kontrollu-6-kurutma-programi-12-lambali-12kw-kurutma-alani-140cm-x-200cm\/\",\"name\":\"Infrared Boya Kurutma Sistemi INFRARR (Born in ITALY)MM-612 Bilgisayar kontroll\\u00fc, 6 kurutma program\\u0131, 12 lambal\\u0131, 12kW, kurutma alan\\u0131 140cm x 200cm - Bak\\u0131rc\\u0131 Garagineering\",\"isPartOf\":{\"@id\":\"https:\/\/bakirci.com\/ekipman\/#website\"},\"primaryImageOfPage\":{\"@id\":\"https:\/\/bakirci.com\/ekipman\/servis-ekipmanlari\/boya\/infrared-boya-kurutma\/infrared-boya-kurutma-sistemiinfrarr-born-in-italymm-612bilgisayar-kontrollu-6-kurutma-programi-12-lambali-12kw-kurutma-alani-140cm-x-200cm\/#primaryimage\"},\"datePublished\":\"2021-01-01T11:35:53+00:00\",\"dateModified\":\"2021-08-16T07:28:29+00:00\",\"breadcrumb\":{\"@id\":\"https:\/\/bakirci.com\/ekipman\/servis-ekipmanlari\/boya\/infrared-boya-kurutma\/infrared-boya-kurutma-sistemiinfrarr-born-in-italymm-612bilgisayar-kontrollu-6-kurutma-programi-12-lambali-12kw-kurutma-alani-140cm-x-200cm\/#breadcrumb\"},\"inLanguage\":\"tr\",\"potentialAction\":[{\"@type\":\"ReadAction\",\"target\":[\"https:\/\/bakirci.com\/ekipman\/servis-ekipmanlari\/boya\/infrared-boya-kurutma\/infrared-boya-kurutma-sistemiinfrarr-born-in-italymm-612bilgisayar-kontrollu-6-kurutma-programi-12-lambali-12kw-kurutma-alani-140cm-x-200cm\/\"]}]},{\"@type\":\"BreadcrumbList\",\"@id\":\"https:\/\/bakirci.com\/ekipman\/servis-ekipmanlari\/boya\/infrared-boya-kurutma\/infrared-boya-kurutma-sistemiinfrarr-born-in-italymm-612bilgisayar-kontrollu-6-kurutma-programi-12-lambali-12kw-kurutma-alani-140cm-x-200cm\/#breadcrumb\",\"itemListElement\":[{\"@type\":\"ListItem\",\"position\":1,\"name\":\"Ekipman\",\"item\":\"https:\/\/bakirci.com\/ekipman\/\"},{\"@type\":\"ListItem\",\"position\":2,\"name\":\"Otomotiv Tesisleri \\u0130\\u00e7in Servis Ekipmanlar\\u0131\",\"item\":\"https:\/\/bakirci.com\/ekipman\/\"},{\"@type\":\"ListItem\",\"position\":3,\"name\":\"Infrared Boya Kurutma SistemiINFRARR (Born in ITALY)MM-612Bilgisayar kontroll\\u00fc, 6 kurutma program\\u0131, 12 lambal\\u0131, 12kW, kurutma alan\\u0131 140cm x 200cm\"}]}]}<\/script>\n<!-- \/ Yoast SEO plugin. -->","yoast_head_json":{"title":"Infrared Boya Kurutma SistemiINFRARR (Born in ITALY)MM-612Bilgisayar kontroll\u00fc, 6 kurutma program\u0131, 12 lambal\u0131, 12kW, kurutma alan\u0131 140cm x 200cm - Bak\u0131rc\u0131 Garagineering","robots":{"index":"index","follow":"follow","max-snippet":"max-snippet:-1","max-image-preview":"max-image-preview:large","max-video-preview":"max-video-preview:-1"},"canonical":"https:\/\/bakirci.com\/ekipman\/servis-ekipmanlari\/boya\/infrared-boya-kurutma\/infrared-boya-kurutma-sistemiinfrarr-born-in-italymm-612bilgisayar-kontrollu-6-kurutma-programi-12-lambali-12kw-kurutma-alani-140cm-x-200cm\/","og_locale":"tr_TR","og_type":"article","og_title":"Infrared Boya Kurutma SistemiINFRARR (Born in ITALY)MM-612Bilgisayar kontroll\u00fc, 6 kurutma program\u0131, 12 lambal\u0131, 12kW, kurutma alan\u0131 140cm x 200cm - Bak\u0131rc\u0131 Garagineering","og_description":"Infrared Boya Kurutma Sistemi - MM-612  Bilgisayar kontroll\u00fc s\u0131cakl\u0131k sens\u00f6r\u00fc ile hatas\u0131z kurutma  6 kurutma program\u0131 se\u00e7ene\u011fi ve en yeni k\u0131sa dalga teknolojisi  \u00d6zel alt\u0131n kapl\u0131 reflekt\u00f6rler sayesinde s\u00fcrekli ve e\u015fit \u0131\u015f\u0131n da\u011f\u0131l\u0131m\u0131  Kurutma s\u00fcresi sayac\u0131  Farkl\u0131 a\u00e7\u0131larda ayarlanabilir al\u00fcminyum \u00e7ift kaset  Astardan son kata kadar t\u00fcm uygulamalar i\u00e7in ideal kurutma  UV filtresi sayesinde d\u00fc\u015f\u00fck radyasyon  Metal ve plastik altyap\u0131lar i\u00e7in ayr\u0131 program  Hassas s\u0131cakl\u0131k ayar\u0131 (1\u00b0C)  12 lambal\u0131, 380V, 12kW, kurutma alan\u0131 140cm x 200cm  Hassas mesafe \u00f6l\u00e7\u00fcm\u00fc (Laser Pointer)","og_url":"https:\/\/bakirci.com\/ekipman\/servis-ekipmanlari\/boya\/infrared-boya-kurutma\/infrared-boya-kurutma-sistemiinfrarr-born-in-italymm-612bilgisayar-kontrollu-6-kurutma-programi-12-lambali-12kw-kurutma-alani-140cm-x-200cm\/","og_site_name":"Bak\u0131rc\u0131 Garagineering","article_publisher":"https:\/\/www.facebook.com\/bakirci.garagineering","article_modified_time":"2021-08-16T07:28:29+00:00","og_image":[{"width":983,"height":984,"url":"https:\/\/bakirci.com\/ekipman\/wp-content\/uploads\/2021\/06\/MM-612.png","path":"\/home\/bakirciwebsitesi\/public_html\/ekipman\/wp-content\/uploads\/2021\/06\/MM-612.png","size":"full","id":4799,"alt":"","pixels":967272,"type":"image\/png"}],"twitter_card":"summary_large_image","twitter_misc":{"Tahmini okuma s\u00fcresi":"1 dakika"},"schema":{"@context":"https:\/\/schema.org","@graph":[{"@type":"Organization","@id":"https:\/\/bakirci.com\/ekipman\/#organization","name":"Bak\u0131rc\u0131 garagineering","url":"https:\/\/bakirci.com\/ekipman\/","sameAs":["https:\/\/www.facebook.com\/bakirci.garagineering","https:\/\/www.instagram.com\/bakirci.garagineering\/","https:\/\/www.linkedin.com\/company\/bakirci-garagineering\/","https:\/\/www.youtube.com\/channel\/UCiVG6s_jALJ6Zk8085XiOQg"],"logo":{"@type":"ImageObject","@id":"https:\/\/bakirci.com\/ekipman\/#logo","inLanguage":"tr","url":"https:\/\/bakirci.com\/ekipman\/wp-content\/uploads\/2021\/09\/Bakirci-logo-lacivert.png","contentUrl":"https:\/\/bakirci.com\/ekipman\/wp-content\/uploads\/2021\/09\/Bakirci-logo-lacivert.png","width":501,"height":501,"caption":"Bak\u0131rc\u0131 garagineering"},"image":{"@id":"https:\/\/bakirci.com\/ekipman\/#logo"}},{"@type":"WebSite","@id":"https:\/\/bakirci.com\/ekipman\/#website","url":"https:\/\/bakirci.com\/ekipman\/","name":"Bak\u0131rc\u0131 Garagineering","description":"Otomotiv sekt\u00f6r\u00fcne \u00f6zel, \u201c\u00dcretici Standard\u0131nda\u201d \u00e7\u00f6z\u00fcmler\u2026","publisher":{"@id":"https:\/\/bakirci.com\/ekipman\/#organization"},"potentialAction":[{"@type":"SearchAction","target":{"@type":"EntryPoint","urlTemplate":"https:\/\/bakirci.com\/ekipman\/?s={search_term_string}"},"query-input":"required name=search_term_string"}],"inLanguage":"tr"},{"@type":"ImageObject","@id":"https:\/\/bakirci.com\/ekipman\/servis-ekipmanlari\/boya\/infrared-boya-kurutma\/infrared-boya-kurutma-sistemiinfrarr-born-in-italymm-612bilgisayar-kontrollu-6-kurutma-programi-12-lambali-12kw-kurutma-alani-140cm-x-200cm\/#primaryimage","inLanguage":"tr","url":"https:\/\/bakirci.com\/ekipman\/wp-content\/uploads\/2021\/06\/MM-612.png","contentUrl":"https:\/\/bakirci.com\/ekipman\/wp-content\/uploads\/2021\/06\/MM-612.png","width":983,"height":984},{"@type":"WebPage","@id":"https:\/\/bakirci.com\/ekipman\/servis-ekipmanlari\/boya\/infrared-boya-kurutma\/infrared-boya-kurutma-sistemiinfrarr-born-in-italymm-612bilgisayar-kontrollu-6-kurutma-programi-12-lambali-12kw-kurutma-alani-140cm-x-200cm\/#webpage","url":"https:\/\/bakirci.com\/ekipman\/servis-ekipmanlari\/boya\/infrared-boya-kurutma\/infrared-boya-kurutma-sistemiinfrarr-born-in-italymm-612bilgisayar-kontrollu-6-kurutma-programi-12-lambali-12kw-kurutma-alani-140cm-x-200cm\/","name":"Infrared Boya Kurutma Sistemi INFRARR (Born in ITALY)MM-612 Bilgisayar kontroll\u00fc, 6 kurutma program\u0131, 12 lambal\u0131, 12kW, kurutma alan\u0131 140cm x 200cm - Bak\u0131rc\u0131 Garagineering","isPartOf":{"@id":"https:\/\/bakirci.com\/ekipman\/#website"},"primaryImageOfPage":{"@id":"https:\/\/bakirci.com\/ekipman\/servis-ekipmanlari\/boya\/infrared-boya-kurutma\/infrared-boya-kurutma-sistemiinfrarr-born-in-italymm-612bilgisayar-kontrollu-6-kurutma-programi-12-lambali-12kw-kurutma-alani-140cm-x-200cm\/#primaryimage"},"datePublished":"2021-01-01T11:35:53+00:00","dateModified":"2021-08-16T07:28:29+00:00","breadcrumb":{"@id":"https:\/\/bakirci.com\/ekipman\/servis-ekipmanlari\/boya\/infrared-boya-kurutma\/infrared-boya-kurutma-sistemiinfrarr-born-in-italymm-612bilgisayar-kontrollu-6-kurutma-programi-12-lambali-12kw-kurutma-alani-140cm-x-200cm\/#breadcrumb"},"inLanguage":"tr","potentialAction":[{"@type":"ReadAction","target":["https:\/\/bakirci.com\/ekipman\/servis-ekipmanlari\/boya\/infrared-boya-kurutma\/infrared-boya-kurutma-sistemiinfrarr-born-in-italymm-612bilgisayar-kontrollu-6-kurutma-programi-12-lambali-12kw-kurutma-alani-140cm-x-200cm\/"]}]},{"@type":"BreadcrumbList","@id":"https:\/\/bakirci.com\/ekipman\/servis-ekipmanlari\/boya\/infrared-boya-kurutma\/infrared-boya-kurutma-sistemiinfrarr-born-in-italymm-612bilgisayar-kontrollu-6-kurutma-programi-12-lambali-12kw-kurutma-alani-140cm-x-200cm\/#breadcrumb","itemListElement":[{"@type":"ListItem","position":1,"name":"Ekipman","item":"https:\/\/bakirci.com\/ekipman\/"},{"@type":"ListItem","position":2,"name":"Otomotiv Tesisleri \u0130\u00e7in Servis Ekipmanlar\u0131","item":"https:\/\/bakirci.com\/ekipman\/"},{"@type":"ListItem","position":3,"name":"Infrared Boya Kurutma SistemiINFRARR (Born in ITALY)MM-612Bilgisayar kontroll\u00fc, 6 kurutma program\u0131, 12 lambal\u0131, 12kW, kurutma alan\u0131 140cm x 200cm"}]}]}},"_links":{"self":[{"href":"https:\/\/bakirci.com\/ekipman\/wp-json\/wp\/v2\/product\/4664","targetHints":{"allow":["GET"]}}],"collection":[{"href":"https:\/\/bakirci.com\/ekipman\/wp-json\/wp\/v2\/product"}],"about":[{"href":"https:\/\/bakirci.com\/ekipman\/wp-json\/wp\/v2\/types\/product"}],"replies":[{"embeddable":true,"href":"https:\/\/bakirci.com\/ekipman\/wp-json\/wp\/v2\/comments?post=4664"}],"wp:featuredmedia":[{"embeddable":true,"href":"https:\/\/bakirci.com\/ekipman\/wp-json\/wp\/v2\/media\/4799"}],"wp:attachment":[{"href":"https:\/\/bakirci.com\/ekipman\/wp-json\/wp\/v2\/media?parent=4664"}],"wp:term":[{"taxonomy":"product_cat","embeddable":true,"href":"https:\/\/bakirci.com\/ekipman\/wp-json\/wp\/v2\/product_cat?post=4664"},{"taxonomy":"product_tag","embeddable":true,"href":"https:\/\/bakirci.com\/ekipman\/wp-json\/wp\/v2\/product_tag?post=4664"}],"curies":[{"name":"wp","href":"https:\/\/api.w.org\/{rel}","templated":true}]}}