{"id":4658,"date":"2021-01-01T12:05:51","date_gmt":"2021-01-01T12:05:51","guid":{"rendered":"https:\/\/j6l.65c.myftpupload.com\/?post_type=product&#038;p=4658"},"modified":"2021-08-06T16:23:46","modified_gmt":"2021-08-06T16:23:46","slug":"orbital-zimpara-makinesifestool-born-in-germanylex3-150-36-bar-18000-d-dak-o150-mm-10-kg","status":"publish","type":"product","link":"https:\/\/bakirci.com\/ekipman\/servis-ekipmanlari\/boya\/zimpara-toz-emme\/orbital-zimpara-makinesifestool-born-in-germanylex3-150-36-bar-18000-d-dak-o150-mm-10-kg\/","title":{"rendered":"<p class=\"ustmetin\">Orbital Z\u0131mpara Makinesi<\/p><p class=\"ortametin\">FESTOOL <span class=\"ortametin2\">(Born in GERMANY)<\/span><p class=\"altmetin\">LEX3 150\/3<br>6 bar, 18000 d\/dak, \u00d8150 mm, 1,0 kg<\/p>"},"content":{"rendered":"<ul>\n<li>Orbital Z\u0131mpara Makinesi &#8211; LEX3 150\/3<\/li>\n<li>Optimum toz emi\u015fi ve uzun z\u0131mpara kullan\u0131m\u0131 sa\u011flayan delikli z\u0131mpara altl\u0131\u011f\u0131<\/li>\n<li>Z\u0131mparalanan y\u00fczeyin \u0131s\u0131nmas\u0131n\u0131 \u00f6nleyen hava ile so\u011futma sistemi<\/li>\n<li>D\u00fc\u015f\u00fck titre\u015fim ve sessiz \u00e7al\u0131\u015fmas\u0131 sayesinde kullan\u0131c\u0131n\u0131n sa\u011fl\u0131\u011f\u0131n\u0131 korunmas\u0131<\/li>\n<li>Hassas ve temiz z\u0131mpara uygulamas\u0131 i\u00e7in disk freni<\/li>\n<li>6 bar, 18000 d\/dak, \u00d8150 mm, 1,0 kg<\/li>\n<\/ul>\n","protected":false},"excerpt":{"rendered":"<ul>\n<li>Orbital Z\u0131mpara Makinesi &#8211; LEX3 150\/3<\/li>\n<li>Optimum toz emi\u015fi ve uzun z\u0131mpara kullan\u0131m\u0131 sa\u011flayan delikli z\u0131mpara altl\u0131\u011f\u0131<\/li>\n<li>Z\u0131mparalanan y\u00fczeyin \u0131s\u0131nmas\u0131n\u0131 \u00f6nleyen hava ile so\u011futma sistemi<\/li>\n<li>D\u00fc\u015f\u00fck titre\u015fim ve sessiz \u00e7al\u0131\u015fmas\u0131 sayesinde kullan\u0131c\u0131n\u0131n sa\u011fl\u0131\u011f\u0131n\u0131 korunmas\u0131<\/li>\n<li>Hassas ve temiz z\u0131mpara uygulamas\u0131 i\u00e7in disk freni<\/li>\n<li>6 bar, 18000 d\/dak, \u00d8150 mm, 1,0 kg<\/li>\n<\/ul>\n","protected":false},"featured_media":4794,"comment_status":"closed","ping_status":"closed","template":"","meta":[],"product_cat":[181],"product_tag":[355,732,731,728,729,730],"class_list":["post-4658","product","type-product","status-publish","has-post-thumbnail","hentry","pwb-brand-festool","product_cat-zimpara-toz-emme","product_tag-festool","product_tag-toz-makinasi","product_tag-toz-makinesi","product_tag-zimpara-makinasi","product_tag-zimpara-makinesi","product_tag-zimparalama"],"brands":[{"id":388,"name":"FESTOOL","slug":"festool"}],"yoast_head":"<!-- This site is optimized with the Yoast SEO plugin v17.1 - https:\/\/yoast.com\/wordpress\/plugins\/seo\/ -->\n<title>Orbital Z\u0131mpara MakinesiFESTOOL (Born in GERMANY)LEX3 150\/36 bar, 18000 d\/dak, \u00d8150 mm, 1,0 kg - Bak\u0131rc\u0131 Garagineering<\/title>\n<meta name=\"robots\" content=\"index, follow, max-snippet:-1, max-image-preview:large, max-video-preview:-1\" \/>\n<link rel=\"canonical\" href=\"https:\/\/bakirci.com\/ekipman\/servis-ekipmanlari\/boya\/zimpara-toz-emme\/orbital-zimpara-makinesifestool-born-in-germanylex3-150-36-bar-18000-d-dak-o150-mm-10-kg\/\" \/>\n<meta property=\"og:locale\" content=\"tr_TR\" \/>\n<meta property=\"og:type\" content=\"article\" \/>\n<meta property=\"og:title\" content=\"Orbital Z\u0131mpara MakinesiFESTOOL (Born in GERMANY)LEX3 150\/36 bar, 18000 d\/dak, \u00d8150 mm, 1,0 kg - Bak\u0131rc\u0131 Garagineering\" \/>\n<meta property=\"og:description\" content=\"Orbital Z\u0131mpara Makinesi - LEX3 150\/3  Optimum toz emi\u015fi ve uzun z\u0131mpara kullan\u0131m\u0131 sa\u011flayan delikli z\u0131mpara altl\u0131\u011f\u0131  Z\u0131mparalanan y\u00fczeyin \u0131s\u0131nmas\u0131n\u0131 \u00f6nleyen hava ile so\u011futma sistemi  D\u00fc\u015f\u00fck titre\u015fim ve sessiz \u00e7al\u0131\u015fmas\u0131 sayesinde kullan\u0131c\u0131n\u0131n sa\u011fl\u0131\u011f\u0131n\u0131 korunmas\u0131  Hassas ve temiz z\u0131mpara uygulamas\u0131 i\u00e7in disk freni  6 bar, 18000 d\/dak, \u00d8150 mm, 1,0 kg\" \/>\n<meta property=\"og:url\" content=\"https:\/\/bakirci.com\/ekipman\/servis-ekipmanlari\/boya\/zimpara-toz-emme\/orbital-zimpara-makinesifestool-born-in-germanylex3-150-36-bar-18000-d-dak-o150-mm-10-kg\/\" \/>\n<meta property=\"og:site_name\" content=\"Bak\u0131rc\u0131 Garagineering\" \/>\n<meta property=\"article:publisher\" content=\"https:\/\/www.facebook.com\/bakirci.garagineering\" \/>\n<meta property=\"article:modified_time\" content=\"2021-08-06T16:23:46+00:00\" \/>\n<meta property=\"og:image\" content=\"https:\/\/bakirci.com\/ekipman\/wp-content\/uploads\/2021\/06\/LEX3-1503.png\" \/>\n\t<meta property=\"og:image:width\" content=\"906\" \/>\n\t<meta property=\"og:image:height\" content=\"906\" \/>\n<meta name=\"twitter:card\" content=\"summary_large_image\" \/>\n<meta name=\"twitter:label1\" content=\"Tahmini okuma s\u00fcresi\" \/>\n\t<meta name=\"twitter:data1\" content=\"1 dakika\" \/>\n<script type=\"application\/ld+json\" class=\"yoast-schema-graph\">{\"@context\":\"https:\/\/schema.org\",\"@graph\":[{\"@type\":\"Organization\",\"@id\":\"https:\/\/bakirci.com\/ekipman\/#organization\",\"name\":\"Bak\\u0131rc\\u0131 garagineering\",\"url\":\"https:\/\/bakirci.com\/ekipman\/\",\"sameAs\":[\"https:\/\/www.facebook.com\/bakirci.garagineering\",\"https:\/\/www.instagram.com\/bakirci.garagineering\/\",\"https:\/\/www.linkedin.com\/company\/bakirci-garagineering\/\",\"https:\/\/www.youtube.com\/channel\/UCiVG6s_jALJ6Zk8085XiOQg\"],\"logo\":{\"@type\":\"ImageObject\",\"@id\":\"https:\/\/bakirci.com\/ekipman\/#logo\",\"inLanguage\":\"tr\",\"url\":\"https:\/\/bakirci.com\/ekipman\/wp-content\/uploads\/2021\/09\/Bakirci-logo-lacivert.png\",\"contentUrl\":\"https:\/\/bakirci.com\/ekipman\/wp-content\/uploads\/2021\/09\/Bakirci-logo-lacivert.png\",\"width\":501,\"height\":501,\"caption\":\"Bak\\u0131rc\\u0131 garagineering\"},\"image\":{\"@id\":\"https:\/\/bakirci.com\/ekipman\/#logo\"}},{\"@type\":\"WebSite\",\"@id\":\"https:\/\/bakirci.com\/ekipman\/#website\",\"url\":\"https:\/\/bakirci.com\/ekipman\/\",\"name\":\"Bak\\u0131rc\\u0131 Garagineering\",\"description\":\"Otomotiv sekt\\u00f6r\\u00fcne \\u00f6zel, \\u201c\\u00dcretici Standard\\u0131nda\\u201d \\u00e7\\u00f6z\\u00fcmler\\u2026\",\"publisher\":{\"@id\":\"https:\/\/bakirci.com\/ekipman\/#organization\"},\"potentialAction\":[{\"@type\":\"SearchAction\",\"target\":{\"@type\":\"EntryPoint\",\"urlTemplate\":\"https:\/\/bakirci.com\/ekipman\/?s={search_term_string}\"},\"query-input\":\"required name=search_term_string\"}],\"inLanguage\":\"tr\"},{\"@type\":\"ImageObject\",\"@id\":\"https:\/\/bakirci.com\/ekipman\/servis-ekipmanlari\/boya\/zimpara-toz-emme\/orbital-zimpara-makinesifestool-born-in-germanylex3-150-36-bar-18000-d-dak-o150-mm-10-kg\/#primaryimage\",\"inLanguage\":\"tr\",\"url\":\"https:\/\/bakirci.com\/ekipman\/wp-content\/uploads\/2021\/06\/LEX3-1503.png\",\"contentUrl\":\"https:\/\/bakirci.com\/ekipman\/wp-content\/uploads\/2021\/06\/LEX3-1503.png\",\"width\":906,\"height\":906},{\"@type\":\"WebPage\",\"@id\":\"https:\/\/bakirci.com\/ekipman\/servis-ekipmanlari\/boya\/zimpara-toz-emme\/orbital-zimpara-makinesifestool-born-in-germanylex3-150-36-bar-18000-d-dak-o150-mm-10-kg\/#webpage\",\"url\":\"https:\/\/bakirci.com\/ekipman\/servis-ekipmanlari\/boya\/zimpara-toz-emme\/orbital-zimpara-makinesifestool-born-in-germanylex3-150-36-bar-18000-d-dak-o150-mm-10-kg\/\",\"name\":\"Orbital Z\\u0131mpara Makinesi FESTOOL (Born in GERMANY)LEX3 150\/3 6 bar, 18000 d\/dak, \\u00d8150 mm, 1,0 kg - Bak\\u0131rc\\u0131 Garagineering\",\"isPartOf\":{\"@id\":\"https:\/\/bakirci.com\/ekipman\/#website\"},\"primaryImageOfPage\":{\"@id\":\"https:\/\/bakirci.com\/ekipman\/servis-ekipmanlari\/boya\/zimpara-toz-emme\/orbital-zimpara-makinesifestool-born-in-germanylex3-150-36-bar-18000-d-dak-o150-mm-10-kg\/#primaryimage\"},\"datePublished\":\"2021-01-01T12:05:51+00:00\",\"dateModified\":\"2021-08-06T16:23:46+00:00\",\"breadcrumb\":{\"@id\":\"https:\/\/bakirci.com\/ekipman\/servis-ekipmanlari\/boya\/zimpara-toz-emme\/orbital-zimpara-makinesifestool-born-in-germanylex3-150-36-bar-18000-d-dak-o150-mm-10-kg\/#breadcrumb\"},\"inLanguage\":\"tr\",\"potentialAction\":[{\"@type\":\"ReadAction\",\"target\":[\"https:\/\/bakirci.com\/ekipman\/servis-ekipmanlari\/boya\/zimpara-toz-emme\/orbital-zimpara-makinesifestool-born-in-germanylex3-150-36-bar-18000-d-dak-o150-mm-10-kg\/\"]}]},{\"@type\":\"BreadcrumbList\",\"@id\":\"https:\/\/bakirci.com\/ekipman\/servis-ekipmanlari\/boya\/zimpara-toz-emme\/orbital-zimpara-makinesifestool-born-in-germanylex3-150-36-bar-18000-d-dak-o150-mm-10-kg\/#breadcrumb\",\"itemListElement\":[{\"@type\":\"ListItem\",\"position\":1,\"name\":\"Ekipman\",\"item\":\"https:\/\/bakirci.com\/ekipman\/\"},{\"@type\":\"ListItem\",\"position\":2,\"name\":\"Otomotiv Tesisleri \\u0130\\u00e7in Servis Ekipmanlar\\u0131\",\"item\":\"https:\/\/bakirci.com\/ekipman\/\"},{\"@type\":\"ListItem\",\"position\":3,\"name\":\"Orbital Z\\u0131mpara MakinesiFESTOOL (Born in GERMANY)LEX3 150\/36 bar, 18000 d\/dak, \\u00d8150 mm, 1,0 kg\"}]}]}<\/script>\n<!-- \/ Yoast SEO plugin. -->","yoast_head_json":{"title":"Orbital Z\u0131mpara MakinesiFESTOOL (Born in GERMANY)LEX3 150\/36 bar, 18000 d\/dak, \u00d8150 mm, 1,0 kg - Bak\u0131rc\u0131 Garagineering","robots":{"index":"index","follow":"follow","max-snippet":"max-snippet:-1","max-image-preview":"max-image-preview:large","max-video-preview":"max-video-preview:-1"},"canonical":"https:\/\/bakirci.com\/ekipman\/servis-ekipmanlari\/boya\/zimpara-toz-emme\/orbital-zimpara-makinesifestool-born-in-germanylex3-150-36-bar-18000-d-dak-o150-mm-10-kg\/","og_locale":"tr_TR","og_type":"article","og_title":"Orbital Z\u0131mpara MakinesiFESTOOL (Born in GERMANY)LEX3 150\/36 bar, 18000 d\/dak, \u00d8150 mm, 1,0 kg - Bak\u0131rc\u0131 Garagineering","og_description":"Orbital Z\u0131mpara Makinesi - LEX3 150\/3  Optimum toz emi\u015fi ve uzun z\u0131mpara kullan\u0131m\u0131 sa\u011flayan delikli z\u0131mpara altl\u0131\u011f\u0131  Z\u0131mparalanan y\u00fczeyin \u0131s\u0131nmas\u0131n\u0131 \u00f6nleyen hava ile so\u011futma sistemi  D\u00fc\u015f\u00fck titre\u015fim ve sessiz \u00e7al\u0131\u015fmas\u0131 sayesinde kullan\u0131c\u0131n\u0131n sa\u011fl\u0131\u011f\u0131n\u0131 korunmas\u0131  Hassas ve temiz z\u0131mpara uygulamas\u0131 i\u00e7in disk freni  6 bar, 18000 d\/dak, \u00d8150 mm, 1,0 kg","og_url":"https:\/\/bakirci.com\/ekipman\/servis-ekipmanlari\/boya\/zimpara-toz-emme\/orbital-zimpara-makinesifestool-born-in-germanylex3-150-36-bar-18000-d-dak-o150-mm-10-kg\/","og_site_name":"Bak\u0131rc\u0131 Garagineering","article_publisher":"https:\/\/www.facebook.com\/bakirci.garagineering","article_modified_time":"2021-08-06T16:23:46+00:00","og_image":[{"width":906,"height":906,"url":"https:\/\/bakirci.com\/ekipman\/wp-content\/uploads\/2021\/06\/LEX3-1503.png","path":"\/home\/bakirciwebsitesi\/public_html\/ekipman\/wp-content\/uploads\/2021\/06\/LEX3-1503.png","size":"full","id":4794,"alt":"","pixels":820836,"type":"image\/png"}],"twitter_card":"summary_large_image","twitter_misc":{"Tahmini okuma s\u00fcresi":"1 dakika"},"schema":{"@context":"https:\/\/schema.org","@graph":[{"@type":"Organization","@id":"https:\/\/bakirci.com\/ekipman\/#organization","name":"Bak\u0131rc\u0131 garagineering","url":"https:\/\/bakirci.com\/ekipman\/","sameAs":["https:\/\/www.facebook.com\/bakirci.garagineering","https:\/\/www.instagram.com\/bakirci.garagineering\/","https:\/\/www.linkedin.com\/company\/bakirci-garagineering\/","https:\/\/www.youtube.com\/channel\/UCiVG6s_jALJ6Zk8085XiOQg"],"logo":{"@type":"ImageObject","@id":"https:\/\/bakirci.com\/ekipman\/#logo","inLanguage":"tr","url":"https:\/\/bakirci.com\/ekipman\/wp-content\/uploads\/2021\/09\/Bakirci-logo-lacivert.png","contentUrl":"https:\/\/bakirci.com\/ekipman\/wp-content\/uploads\/2021\/09\/Bakirci-logo-lacivert.png","width":501,"height":501,"caption":"Bak\u0131rc\u0131 garagineering"},"image":{"@id":"https:\/\/bakirci.com\/ekipman\/#logo"}},{"@type":"WebSite","@id":"https:\/\/bakirci.com\/ekipman\/#website","url":"https:\/\/bakirci.com\/ekipman\/","name":"Bak\u0131rc\u0131 Garagineering","description":"Otomotiv sekt\u00f6r\u00fcne \u00f6zel, \u201c\u00dcretici Standard\u0131nda\u201d \u00e7\u00f6z\u00fcmler\u2026","publisher":{"@id":"https:\/\/bakirci.com\/ekipman\/#organization"},"potentialAction":[{"@type":"SearchAction","target":{"@type":"EntryPoint","urlTemplate":"https:\/\/bakirci.com\/ekipman\/?s={search_term_string}"},"query-input":"required name=search_term_string"}],"inLanguage":"tr"},{"@type":"ImageObject","@id":"https:\/\/bakirci.com\/ekipman\/servis-ekipmanlari\/boya\/zimpara-toz-emme\/orbital-zimpara-makinesifestool-born-in-germanylex3-150-36-bar-18000-d-dak-o150-mm-10-kg\/#primaryimage","inLanguage":"tr","url":"https:\/\/bakirci.com\/ekipman\/wp-content\/uploads\/2021\/06\/LEX3-1503.png","contentUrl":"https:\/\/bakirci.com\/ekipman\/wp-content\/uploads\/2021\/06\/LEX3-1503.png","width":906,"height":906},{"@type":"WebPage","@id":"https:\/\/bakirci.com\/ekipman\/servis-ekipmanlari\/boya\/zimpara-toz-emme\/orbital-zimpara-makinesifestool-born-in-germanylex3-150-36-bar-18000-d-dak-o150-mm-10-kg\/#webpage","url":"https:\/\/bakirci.com\/ekipman\/servis-ekipmanlari\/boya\/zimpara-toz-emme\/orbital-zimpara-makinesifestool-born-in-germanylex3-150-36-bar-18000-d-dak-o150-mm-10-kg\/","name":"Orbital Z\u0131mpara Makinesi FESTOOL (Born in GERMANY)LEX3 150\/3 6 bar, 18000 d\/dak, \u00d8150 mm, 1,0 kg - Bak\u0131rc\u0131 Garagineering","isPartOf":{"@id":"https:\/\/bakirci.com\/ekipman\/#website"},"primaryImageOfPage":{"@id":"https:\/\/bakirci.com\/ekipman\/servis-ekipmanlari\/boya\/zimpara-toz-emme\/orbital-zimpara-makinesifestool-born-in-germanylex3-150-36-bar-18000-d-dak-o150-mm-10-kg\/#primaryimage"},"datePublished":"2021-01-01T12:05:51+00:00","dateModified":"2021-08-06T16:23:46+00:00","breadcrumb":{"@id":"https:\/\/bakirci.com\/ekipman\/servis-ekipmanlari\/boya\/zimpara-toz-emme\/orbital-zimpara-makinesifestool-born-in-germanylex3-150-36-bar-18000-d-dak-o150-mm-10-kg\/#breadcrumb"},"inLanguage":"tr","potentialAction":[{"@type":"ReadAction","target":["https:\/\/bakirci.com\/ekipman\/servis-ekipmanlari\/boya\/zimpara-toz-emme\/orbital-zimpara-makinesifestool-born-in-germanylex3-150-36-bar-18000-d-dak-o150-mm-10-kg\/"]}]},{"@type":"BreadcrumbList","@id":"https:\/\/bakirci.com\/ekipman\/servis-ekipmanlari\/boya\/zimpara-toz-emme\/orbital-zimpara-makinesifestool-born-in-germanylex3-150-36-bar-18000-d-dak-o150-mm-10-kg\/#breadcrumb","itemListElement":[{"@type":"ListItem","position":1,"name":"Ekipman","item":"https:\/\/bakirci.com\/ekipman\/"},{"@type":"ListItem","position":2,"name":"Otomotiv Tesisleri \u0130\u00e7in Servis Ekipmanlar\u0131","item":"https:\/\/bakirci.com\/ekipman\/"},{"@type":"ListItem","position":3,"name":"Orbital Z\u0131mpara MakinesiFESTOOL (Born in GERMANY)LEX3 150\/36 bar, 18000 d\/dak, \u00d8150 mm, 1,0 kg"}]}]}},"_links":{"self":[{"href":"https:\/\/bakirci.com\/ekipman\/wp-json\/wp\/v2\/product\/4658","targetHints":{"allow":["GET"]}}],"collection":[{"href":"https:\/\/bakirci.com\/ekipman\/wp-json\/wp\/v2\/product"}],"about":[{"href":"https:\/\/bakirci.com\/ekipman\/wp-json\/wp\/v2\/types\/product"}],"replies":[{"embeddable":true,"href":"https:\/\/bakirci.com\/ekipman\/wp-json\/wp\/v2\/comments?post=4658"}],"wp:featuredmedia":[{"embeddable":true,"href":"https:\/\/bakirci.com\/ekipman\/wp-json\/wp\/v2\/media\/4794"}],"wp:attachment":[{"href":"https:\/\/bakirci.com\/ekipman\/wp-json\/wp\/v2\/media?parent=4658"}],"wp:term":[{"taxonomy":"product_cat","embeddable":true,"href":"https:\/\/bakirci.com\/ekipman\/wp-json\/wp\/v2\/product_cat?post=4658"},{"taxonomy":"product_tag","embeddable":true,"href":"https:\/\/bakirci.com\/ekipman\/wp-json\/wp\/v2\/product_tag?post=4658"}],"curies":[{"name":"wp","href":"https:\/\/api.w.org\/{rel}","templated":true}]}}