{"id":4656,"date":"2021-01-01T12:15:16","date_gmt":"2021-01-01T12:15:16","guid":{"rendered":"https:\/\/j6l.65c.myftpupload.com\/?post_type=product&#038;p=4656"},"modified":"2021-08-06T16:23:29","modified_gmt":"2021-08-06T16:23:29","slug":"seyyar-zimpara-toz-emme-sistemifestool-born-in-germanyhavali-teklimaksimum-vakum-24000-pa","status":"publish","type":"product","link":"https:\/\/bakirci.com\/ekipman\/servis-ekipmanlari\/boya\/zimpara-toz-emme\/seyyar-zimpara-toz-emme-sistemifestool-born-in-germanyhavali-teklimaksimum-vakum-24000-pa\/","title":{"rendered":"<p class=\"ustmetin\">Seyyar Z\u0131mpara Toz Emme Sistemi<\/p><p class=\"ortametin\">FESTOOL <span class=\"ortametin2\">(Born in GERMANY)<\/span><p class=\"altmetin\">Haval\u0131 Tekli<br>Maksimum vakum 24000 Pa<\/p>"},"content":{"rendered":"<ul>\n<li>Seyyar Z\u0131mpara Toz Emme Sistemi &#8211; Haval\u0131 Tekli<\/li>\n<li>Kompakt tasar\u0131m ve y\u00fcksek performansl\u0131 t\u00fcrbin sayesinde s\u00fcrekli g\u00fc\u00e7l\u00fc emi\u015f<\/li>\n<li>\u00c7al\u0131\u015fma esnas\u0131nda statik y\u00fcklenmeye kar\u015f\u0131 antistatik koruma \u00f6zelli\u011fi<\/li>\n<li>Optimum hareket kabiliyeti sa\u011flayan, kitlenebilir tekerlek sistemi<\/li>\n<li>Tekli z\u0131mpara ba\u011flant\u0131 sistemi<\/li>\n<li>Filtre de\u011fi\u015fikli\u011fi ile \u0131slak veya kuru toz emi\u015fi<\/li>\n<li>Orbital z\u0131mparalar \u00fczerinden otomatik olarak \u00e7al\u0131\u015fma \u00f6zelli\u011fi<\/li>\n<li>G\u00fc\u00e7 t\u00fcketimi 350 -1200 W<\/li>\n<li>Maksimum vakum 24000 Pa<\/li>\n<li>Filtre torbas\u0131 kapasitesi 36 lt<\/li>\n<li>\u00c7al\u0131\u015fma voltaj\u0131 240 V<\/li>\n<\/ul>\n","protected":false},"excerpt":{"rendered":"<ul>\n<li>Seyyar Z\u0131mpara Toz Emme Sistemi &#8211; Haval\u0131 Tekli<\/li>\n<li>Kompakt tasar\u0131m ve y\u00fcksek performansl\u0131 t\u00fcrbin sayesinde s\u00fcrekli g\u00fc\u00e7l\u00fc emi\u015f<\/li>\n<li>\u00c7al\u0131\u015fma esnas\u0131nda statik y\u00fcklenmeye kar\u015f\u0131 antistatik koruma \u00f6zelli\u011fi<\/li>\n<li>Optimum hareket kabiliyeti sa\u011flayan, kitlenebilir tekerlek sistemi<\/li>\n<li>Tekli z\u0131mpara ba\u011flant\u0131 sistemi<\/li>\n<li>Filtre de\u011fi\u015fikli\u011fi ile \u0131slak veya kuru toz emi\u015fi<\/li>\n<li>Orbital z\u0131mparalar \u00fczerinden otomatik olarak \u00e7al\u0131\u015fma \u00f6zelli\u011fi<\/li>\n<li>G\u00fc\u00e7 t\u00fcketimi 350 -1200 W<\/li>\n<li>Maksimum vakum 24000 Pa<\/li>\n<li>Filtre torbas\u0131 kapasitesi 36 lt<\/li>\n<li>\u00c7al\u0131\u015fma voltaj\u0131 240 V<\/li>\n<\/ul>\n","protected":false},"featured_media":4792,"comment_status":"closed","ping_status":"closed","template":"","meta":[],"product_cat":[181],"product_tag":[355,732,731,728,729,730],"class_list":["post-4656","product","type-product","status-publish","has-post-thumbnail","hentry","pwb-brand-festool","product_cat-zimpara-toz-emme","product_tag-festool","product_tag-toz-makinasi","product_tag-toz-makinesi","product_tag-zimpara-makinasi","product_tag-zimpara-makinesi","product_tag-zimparalama"],"brands":[{"id":388,"name":"FESTOOL","slug":"festool"}],"yoast_head":"<!-- This site is optimized with the Yoast SEO plugin v17.1 - https:\/\/yoast.com\/wordpress\/plugins\/seo\/ -->\n<title>Seyyar Z\u0131mpara Toz Emme SistemiFESTOOL (Born in GERMANY)Haval\u0131 TekliMaksimum vakum 24000 Pa - Bak\u0131rc\u0131 Garagineering<\/title>\n<meta name=\"robots\" content=\"index, follow, max-snippet:-1, max-image-preview:large, max-video-preview:-1\" \/>\n<link rel=\"canonical\" href=\"https:\/\/bakirci.com\/ekipman\/servis-ekipmanlari\/boya\/zimpara-toz-emme\/seyyar-zimpara-toz-emme-sistemifestool-born-in-germanyhavali-teklimaksimum-vakum-24000-pa\/\" \/>\n<meta property=\"og:locale\" content=\"tr_TR\" \/>\n<meta property=\"og:type\" content=\"article\" \/>\n<meta property=\"og:title\" content=\"Seyyar Z\u0131mpara Toz Emme SistemiFESTOOL (Born in GERMANY)Haval\u0131 TekliMaksimum vakum 24000 Pa - Bak\u0131rc\u0131 Garagineering\" \/>\n<meta property=\"og:description\" content=\"Seyyar Z\u0131mpara Toz Emme Sistemi - Haval\u0131 Tekli  Kompakt tasar\u0131m ve y\u00fcksek performansl\u0131 t\u00fcrbin sayesinde s\u00fcrekli g\u00fc\u00e7l\u00fc emi\u015f  \u00c7al\u0131\u015fma esnas\u0131nda statik y\u00fcklenmeye kar\u015f\u0131 antistatik koruma \u00f6zelli\u011fi  Optimum hareket kabiliyeti sa\u011flayan, kitlenebilir tekerlek sistemi  Tekli z\u0131mpara ba\u011flant\u0131 sistemi  Filtre de\u011fi\u015fikli\u011fi ile \u0131slak veya kuru toz emi\u015fi  Orbital z\u0131mparalar \u00fczerinden otomatik olarak \u00e7al\u0131\u015fma \u00f6zelli\u011fi  G\u00fc\u00e7 t\u00fcketimi 350 -1200 W  Maksimum vakum 24000 Pa  Filtre torbas\u0131 kapasitesi 36 lt  \u00c7al\u0131\u015fma voltaj\u0131 240 V\" \/>\n<meta property=\"og:url\" content=\"https:\/\/bakirci.com\/ekipman\/servis-ekipmanlari\/boya\/zimpara-toz-emme\/seyyar-zimpara-toz-emme-sistemifestool-born-in-germanyhavali-teklimaksimum-vakum-24000-pa\/\" \/>\n<meta property=\"og:site_name\" content=\"Bak\u0131rc\u0131 Garagineering\" \/>\n<meta property=\"article:publisher\" content=\"https:\/\/www.facebook.com\/bakirci.garagineering\" \/>\n<meta property=\"article:modified_time\" content=\"2021-08-06T16:23:29+00:00\" \/>\n<meta property=\"og:image\" content=\"https:\/\/bakirci.com\/ekipman\/wp-content\/uploads\/2021\/06\/Havali-Tekli.png\" \/>\n\t<meta property=\"og:image:width\" content=\"764\" \/>\n\t<meta property=\"og:image:height\" content=\"764\" \/>\n<meta name=\"twitter:card\" content=\"summary_large_image\" \/>\n<meta name=\"twitter:label1\" content=\"Tahmini okuma s\u00fcresi\" \/>\n\t<meta name=\"twitter:data1\" content=\"1 dakika\" \/>\n<script type=\"application\/ld+json\" class=\"yoast-schema-graph\">{\"@context\":\"https:\/\/schema.org\",\"@graph\":[{\"@type\":\"Organization\",\"@id\":\"https:\/\/bakirci.com\/ekipman\/#organization\",\"name\":\"Bak\\u0131rc\\u0131 garagineering\",\"url\":\"https:\/\/bakirci.com\/ekipman\/\",\"sameAs\":[\"https:\/\/www.facebook.com\/bakirci.garagineering\",\"https:\/\/www.instagram.com\/bakirci.garagineering\/\",\"https:\/\/www.linkedin.com\/company\/bakirci-garagineering\/\",\"https:\/\/www.youtube.com\/channel\/UCiVG6s_jALJ6Zk8085XiOQg\"],\"logo\":{\"@type\":\"ImageObject\",\"@id\":\"https:\/\/bakirci.com\/ekipman\/#logo\",\"inLanguage\":\"tr\",\"url\":\"https:\/\/bakirci.com\/ekipman\/wp-content\/uploads\/2021\/09\/Bakirci-logo-lacivert.png\",\"contentUrl\":\"https:\/\/bakirci.com\/ekipman\/wp-content\/uploads\/2021\/09\/Bakirci-logo-lacivert.png\",\"width\":501,\"height\":501,\"caption\":\"Bak\\u0131rc\\u0131 garagineering\"},\"image\":{\"@id\":\"https:\/\/bakirci.com\/ekipman\/#logo\"}},{\"@type\":\"WebSite\",\"@id\":\"https:\/\/bakirci.com\/ekipman\/#website\",\"url\":\"https:\/\/bakirci.com\/ekipman\/\",\"name\":\"Bak\\u0131rc\\u0131 Garagineering\",\"description\":\"Otomotiv sekt\\u00f6r\\u00fcne \\u00f6zel, \\u201c\\u00dcretici Standard\\u0131nda\\u201d \\u00e7\\u00f6z\\u00fcmler\\u2026\",\"publisher\":{\"@id\":\"https:\/\/bakirci.com\/ekipman\/#organization\"},\"potentialAction\":[{\"@type\":\"SearchAction\",\"target\":{\"@type\":\"EntryPoint\",\"urlTemplate\":\"https:\/\/bakirci.com\/ekipman\/?s={search_term_string}\"},\"query-input\":\"required name=search_term_string\"}],\"inLanguage\":\"tr\"},{\"@type\":\"ImageObject\",\"@id\":\"https:\/\/bakirci.com\/ekipman\/servis-ekipmanlari\/boya\/zimpara-toz-emme\/seyyar-zimpara-toz-emme-sistemifestool-born-in-germanyhavali-teklimaksimum-vakum-24000-pa\/#primaryimage\",\"inLanguage\":\"tr\",\"url\":\"https:\/\/bakirci.com\/ekipman\/wp-content\/uploads\/2021\/06\/Havali-Tekli.png\",\"contentUrl\":\"https:\/\/bakirci.com\/ekipman\/wp-content\/uploads\/2021\/06\/Havali-Tekli.png\",\"width\":764,\"height\":764},{\"@type\":\"WebPage\",\"@id\":\"https:\/\/bakirci.com\/ekipman\/servis-ekipmanlari\/boya\/zimpara-toz-emme\/seyyar-zimpara-toz-emme-sistemifestool-born-in-germanyhavali-teklimaksimum-vakum-24000-pa\/#webpage\",\"url\":\"https:\/\/bakirci.com\/ekipman\/servis-ekipmanlari\/boya\/zimpara-toz-emme\/seyyar-zimpara-toz-emme-sistemifestool-born-in-germanyhavali-teklimaksimum-vakum-24000-pa\/\",\"name\":\"Seyyar Z\\u0131mpara Toz Emme Sistemi FESTOOL (Born in GERMANY)Haval\\u0131 Tekli Maksimum vakum 24000 Pa - Bak\\u0131rc\\u0131 Garagineering\",\"isPartOf\":{\"@id\":\"https:\/\/bakirci.com\/ekipman\/#website\"},\"primaryImageOfPage\":{\"@id\":\"https:\/\/bakirci.com\/ekipman\/servis-ekipmanlari\/boya\/zimpara-toz-emme\/seyyar-zimpara-toz-emme-sistemifestool-born-in-germanyhavali-teklimaksimum-vakum-24000-pa\/#primaryimage\"},\"datePublished\":\"2021-01-01T12:15:16+00:00\",\"dateModified\":\"2021-08-06T16:23:29+00:00\",\"breadcrumb\":{\"@id\":\"https:\/\/bakirci.com\/ekipman\/servis-ekipmanlari\/boya\/zimpara-toz-emme\/seyyar-zimpara-toz-emme-sistemifestool-born-in-germanyhavali-teklimaksimum-vakum-24000-pa\/#breadcrumb\"},\"inLanguage\":\"tr\",\"potentialAction\":[{\"@type\":\"ReadAction\",\"target\":[\"https:\/\/bakirci.com\/ekipman\/servis-ekipmanlari\/boya\/zimpara-toz-emme\/seyyar-zimpara-toz-emme-sistemifestool-born-in-germanyhavali-teklimaksimum-vakum-24000-pa\/\"]}]},{\"@type\":\"BreadcrumbList\",\"@id\":\"https:\/\/bakirci.com\/ekipman\/servis-ekipmanlari\/boya\/zimpara-toz-emme\/seyyar-zimpara-toz-emme-sistemifestool-born-in-germanyhavali-teklimaksimum-vakum-24000-pa\/#breadcrumb\",\"itemListElement\":[{\"@type\":\"ListItem\",\"position\":1,\"name\":\"Ekipman\",\"item\":\"https:\/\/bakirci.com\/ekipman\/\"},{\"@type\":\"ListItem\",\"position\":2,\"name\":\"Otomotiv Tesisleri \\u0130\\u00e7in Servis Ekipmanlar\\u0131\",\"item\":\"https:\/\/bakirci.com\/ekipman\/\"},{\"@type\":\"ListItem\",\"position\":3,\"name\":\"Seyyar Z\\u0131mpara Toz Emme SistemiFESTOOL (Born in GERMANY)Haval\\u0131 TekliMaksimum vakum 24000 Pa\"}]}]}<\/script>\n<!-- \/ Yoast SEO plugin. -->","yoast_head_json":{"title":"Seyyar Z\u0131mpara Toz Emme SistemiFESTOOL (Born in GERMANY)Haval\u0131 TekliMaksimum vakum 24000 Pa - Bak\u0131rc\u0131 Garagineering","robots":{"index":"index","follow":"follow","max-snippet":"max-snippet:-1","max-image-preview":"max-image-preview:large","max-video-preview":"max-video-preview:-1"},"canonical":"https:\/\/bakirci.com\/ekipman\/servis-ekipmanlari\/boya\/zimpara-toz-emme\/seyyar-zimpara-toz-emme-sistemifestool-born-in-germanyhavali-teklimaksimum-vakum-24000-pa\/","og_locale":"tr_TR","og_type":"article","og_title":"Seyyar Z\u0131mpara Toz Emme SistemiFESTOOL (Born in GERMANY)Haval\u0131 TekliMaksimum vakum 24000 Pa - Bak\u0131rc\u0131 Garagineering","og_description":"Seyyar Z\u0131mpara Toz Emme Sistemi - Haval\u0131 Tekli  Kompakt tasar\u0131m ve y\u00fcksek performansl\u0131 t\u00fcrbin sayesinde s\u00fcrekli g\u00fc\u00e7l\u00fc emi\u015f  \u00c7al\u0131\u015fma esnas\u0131nda statik y\u00fcklenmeye kar\u015f\u0131 antistatik koruma \u00f6zelli\u011fi  Optimum hareket kabiliyeti sa\u011flayan, kitlenebilir tekerlek sistemi  Tekli z\u0131mpara ba\u011flant\u0131 sistemi  Filtre de\u011fi\u015fikli\u011fi ile \u0131slak veya kuru toz emi\u015fi  Orbital z\u0131mparalar \u00fczerinden otomatik olarak \u00e7al\u0131\u015fma \u00f6zelli\u011fi  G\u00fc\u00e7 t\u00fcketimi 350 -1200 W  Maksimum vakum 24000 Pa  Filtre torbas\u0131 kapasitesi 36 lt  \u00c7al\u0131\u015fma voltaj\u0131 240 V","og_url":"https:\/\/bakirci.com\/ekipman\/servis-ekipmanlari\/boya\/zimpara-toz-emme\/seyyar-zimpara-toz-emme-sistemifestool-born-in-germanyhavali-teklimaksimum-vakum-24000-pa\/","og_site_name":"Bak\u0131rc\u0131 Garagineering","article_publisher":"https:\/\/www.facebook.com\/bakirci.garagineering","article_modified_time":"2021-08-06T16:23:29+00:00","og_image":[{"width":764,"height":764,"url":"https:\/\/bakirci.com\/ekipman\/wp-content\/uploads\/2021\/06\/Havali-Tekli.png","path":"\/home\/bakirciwebsitesi\/public_html\/ekipman\/wp-content\/uploads\/2021\/06\/Havali-Tekli.png","size":"full","id":4792,"alt":"","pixels":583696,"type":"image\/png"}],"twitter_card":"summary_large_image","twitter_misc":{"Tahmini okuma s\u00fcresi":"1 dakika"},"schema":{"@context":"https:\/\/schema.org","@graph":[{"@type":"Organization","@id":"https:\/\/bakirci.com\/ekipman\/#organization","name":"Bak\u0131rc\u0131 garagineering","url":"https:\/\/bakirci.com\/ekipman\/","sameAs":["https:\/\/www.facebook.com\/bakirci.garagineering","https:\/\/www.instagram.com\/bakirci.garagineering\/","https:\/\/www.linkedin.com\/company\/bakirci-garagineering\/","https:\/\/www.youtube.com\/channel\/UCiVG6s_jALJ6Zk8085XiOQg"],"logo":{"@type":"ImageObject","@id":"https:\/\/bakirci.com\/ekipman\/#logo","inLanguage":"tr","url":"https:\/\/bakirci.com\/ekipman\/wp-content\/uploads\/2021\/09\/Bakirci-logo-lacivert.png","contentUrl":"https:\/\/bakirci.com\/ekipman\/wp-content\/uploads\/2021\/09\/Bakirci-logo-lacivert.png","width":501,"height":501,"caption":"Bak\u0131rc\u0131 garagineering"},"image":{"@id":"https:\/\/bakirci.com\/ekipman\/#logo"}},{"@type":"WebSite","@id":"https:\/\/bakirci.com\/ekipman\/#website","url":"https:\/\/bakirci.com\/ekipman\/","name":"Bak\u0131rc\u0131 Garagineering","description":"Otomotiv sekt\u00f6r\u00fcne \u00f6zel, \u201c\u00dcretici Standard\u0131nda\u201d \u00e7\u00f6z\u00fcmler\u2026","publisher":{"@id":"https:\/\/bakirci.com\/ekipman\/#organization"},"potentialAction":[{"@type":"SearchAction","target":{"@type":"EntryPoint","urlTemplate":"https:\/\/bakirci.com\/ekipman\/?s={search_term_string}"},"query-input":"required name=search_term_string"}],"inLanguage":"tr"},{"@type":"ImageObject","@id":"https:\/\/bakirci.com\/ekipman\/servis-ekipmanlari\/boya\/zimpara-toz-emme\/seyyar-zimpara-toz-emme-sistemifestool-born-in-germanyhavali-teklimaksimum-vakum-24000-pa\/#primaryimage","inLanguage":"tr","url":"https:\/\/bakirci.com\/ekipman\/wp-content\/uploads\/2021\/06\/Havali-Tekli.png","contentUrl":"https:\/\/bakirci.com\/ekipman\/wp-content\/uploads\/2021\/06\/Havali-Tekli.png","width":764,"height":764},{"@type":"WebPage","@id":"https:\/\/bakirci.com\/ekipman\/servis-ekipmanlari\/boya\/zimpara-toz-emme\/seyyar-zimpara-toz-emme-sistemifestool-born-in-germanyhavali-teklimaksimum-vakum-24000-pa\/#webpage","url":"https:\/\/bakirci.com\/ekipman\/servis-ekipmanlari\/boya\/zimpara-toz-emme\/seyyar-zimpara-toz-emme-sistemifestool-born-in-germanyhavali-teklimaksimum-vakum-24000-pa\/","name":"Seyyar Z\u0131mpara Toz Emme Sistemi FESTOOL (Born in GERMANY)Haval\u0131 Tekli Maksimum vakum 24000 Pa - Bak\u0131rc\u0131 Garagineering","isPartOf":{"@id":"https:\/\/bakirci.com\/ekipman\/#website"},"primaryImageOfPage":{"@id":"https:\/\/bakirci.com\/ekipman\/servis-ekipmanlari\/boya\/zimpara-toz-emme\/seyyar-zimpara-toz-emme-sistemifestool-born-in-germanyhavali-teklimaksimum-vakum-24000-pa\/#primaryimage"},"datePublished":"2021-01-01T12:15:16+00:00","dateModified":"2021-08-06T16:23:29+00:00","breadcrumb":{"@id":"https:\/\/bakirci.com\/ekipman\/servis-ekipmanlari\/boya\/zimpara-toz-emme\/seyyar-zimpara-toz-emme-sistemifestool-born-in-germanyhavali-teklimaksimum-vakum-24000-pa\/#breadcrumb"},"inLanguage":"tr","potentialAction":[{"@type":"ReadAction","target":["https:\/\/bakirci.com\/ekipman\/servis-ekipmanlari\/boya\/zimpara-toz-emme\/seyyar-zimpara-toz-emme-sistemifestool-born-in-germanyhavali-teklimaksimum-vakum-24000-pa\/"]}]},{"@type":"BreadcrumbList","@id":"https:\/\/bakirci.com\/ekipman\/servis-ekipmanlari\/boya\/zimpara-toz-emme\/seyyar-zimpara-toz-emme-sistemifestool-born-in-germanyhavali-teklimaksimum-vakum-24000-pa\/#breadcrumb","itemListElement":[{"@type":"ListItem","position":1,"name":"Ekipman","item":"https:\/\/bakirci.com\/ekipman\/"},{"@type":"ListItem","position":2,"name":"Otomotiv Tesisleri \u0130\u00e7in Servis Ekipmanlar\u0131","item":"https:\/\/bakirci.com\/ekipman\/"},{"@type":"ListItem","position":3,"name":"Seyyar Z\u0131mpara Toz Emme SistemiFESTOOL (Born in GERMANY)Haval\u0131 TekliMaksimum vakum 24000 Pa"}]}]}},"_links":{"self":[{"href":"https:\/\/bakirci.com\/ekipman\/wp-json\/wp\/v2\/product\/4656","targetHints":{"allow":["GET"]}}],"collection":[{"href":"https:\/\/bakirci.com\/ekipman\/wp-json\/wp\/v2\/product"}],"about":[{"href":"https:\/\/bakirci.com\/ekipman\/wp-json\/wp\/v2\/types\/product"}],"replies":[{"embeddable":true,"href":"https:\/\/bakirci.com\/ekipman\/wp-json\/wp\/v2\/comments?post=4656"}],"wp:featuredmedia":[{"embeddable":true,"href":"https:\/\/bakirci.com\/ekipman\/wp-json\/wp\/v2\/media\/4792"}],"wp:attachment":[{"href":"https:\/\/bakirci.com\/ekipman\/wp-json\/wp\/v2\/media?parent=4656"}],"wp:term":[{"taxonomy":"product_cat","embeddable":true,"href":"https:\/\/bakirci.com\/ekipman\/wp-json\/wp\/v2\/product_cat?post=4656"},{"taxonomy":"product_tag","embeddable":true,"href":"https:\/\/bakirci.com\/ekipman\/wp-json\/wp\/v2\/product_tag?post=4656"}],"curies":[{"name":"wp","href":"https:\/\/api.w.org\/{rel}","templated":true}]}}