{"id":4655,"date":"2021-01-01T12:20:22","date_gmt":"2021-01-01T12:20:22","guid":{"rendered":"https:\/\/j6l.65c.myftpupload.com\/?post_type=product&#038;p=4655"},"modified":"2021-08-06T16:23:08","modified_gmt":"2021-08-06T16:23:08","slug":"agir-ticari-arac-boyaci-liftiblowtherm-born-in-italy","status":"publish","type":"product","link":"https:\/\/bakirci.com\/ekipman\/servis-ekipmanlari\/boya\/boya-kabini-ve-hazirlik\/agir-ticari-arac-boyaci-liftiblowtherm-born-in-italy\/","title":{"rendered":"<p class=\"ustmetin\">A\u011f\u0131r Ticari Ara\u00e7 Boyac\u0131 Lifti<\/p><p class=\"ortametin\">BLOWTHERM <span class=\"ortametin2\">(Born in ITALY)<\/span><p class=\"altmetin\"><\/p>"},"content":{"rendered":"<ul>\n<li>A\u011f\u0131r Ticari Ara\u00e7 Boyac\u0131 Lifti<\/li>\n<li>Kabin i\u00e7i 3 boyutta hareket eden boyac\u0131 lifti (2 adet)<\/li>\n<li>Joystick ile kumanda edilen pn\u00f6matik sistem<\/li>\n<li>Kald\u0131rma kapasitesi : 200 kg<\/li>\n<\/ul>\n","protected":false},"excerpt":{"rendered":"<ul>\n<li>A\u011f\u0131r Ticari Ara\u00e7 Boyac\u0131 Lifti<\/li>\n<li>Kabin i\u00e7i 3 boyutta hareket eden boyac\u0131 lifti (2 adet)<\/li>\n<li>Joystick ile kumanda edilen pn\u00f6matik sistem<\/li>\n<li>Kald\u0131rma kapasitesi : 200 kg<\/li>\n<\/ul>\n","protected":false},"featured_media":5291,"comment_status":"closed","ping_status":"closed","template":"","meta":[],"product_cat":[179],"product_tag":[708,710,707,720,354,727,706,725,726,718,711,719,723,724,717,722,716,715,709,712,714,713,721],"class_list":["post-4655","product","type-product","status-publish","has-post-thumbnail","hentry","pwb-brand-blowtherm","product_cat-boya-kabini-ve-hazirlik","product_tag-arac-boyama","product_tag-astar-atma","product_tag-astar-firini","product_tag-astar-tesisi","product_tag-blowtherm","product_tag-boya-atma-firini","product_tag-boya-firini","product_tag-boya-miks","product_tag-boya-mix","product_tag-boya-tesisi","product_tag-boyama-kabini","product_tag-boyama-tesisi","product_tag-filitreli-boya-firini","product_tag-filtreli-boya-firini","product_tag-isitma-kabini","product_tag-kurutma-firini","product_tag-oto-boya-kabini","product_tag-oto-boyama-kabini","product_tag-otomobil-boyama","product_tag-renk-atma","product_tag-solvent-bazli-boya-kabini","product_tag-su-bazli-boya-kabini","product_tag-zimparalama-tesisi"],"brands":[{"id":387,"name":"BLOWTHERM","slug":"blowtherm"}],"yoast_head":"<!-- This site is optimized with the Yoast SEO plugin v17.1 - https:\/\/yoast.com\/wordpress\/plugins\/seo\/ -->\n<title>A\u011f\u0131r Ticari Ara\u00e7 Boyac\u0131 LiftiBLOWTHERM (Born in ITALY) - Bak\u0131rc\u0131 Garagineering<\/title>\n<meta name=\"robots\" content=\"index, follow, max-snippet:-1, max-image-preview:large, max-video-preview:-1\" \/>\n<link rel=\"canonical\" href=\"https:\/\/bakirci.com\/ekipman\/servis-ekipmanlari\/boya\/boya-kabini-ve-hazirlik\/agir-ticari-arac-boyaci-liftiblowtherm-born-in-italy\/\" \/>\n<meta property=\"og:locale\" content=\"tr_TR\" \/>\n<meta property=\"og:type\" content=\"article\" \/>\n<meta property=\"og:title\" content=\"A\u011f\u0131r Ticari Ara\u00e7 Boyac\u0131 LiftiBLOWTHERM (Born in ITALY) - Bak\u0131rc\u0131 Garagineering\" \/>\n<meta property=\"og:description\" content=\"A\u011f\u0131r Ticari Ara\u00e7 Boyac\u0131 Lifti  Kabin i\u00e7i 3 boyutta hareket eden boyac\u0131 lifti (2 adet)  Joystick ile kumanda edilen pn\u00f6matik sistem  Kald\u0131rma kapasitesi : 200 kg\" \/>\n<meta property=\"og:url\" content=\"https:\/\/bakirci.com\/ekipman\/servis-ekipmanlari\/boya\/boya-kabini-ve-hazirlik\/agir-ticari-arac-boyaci-liftiblowtherm-born-in-italy\/\" \/>\n<meta property=\"og:site_name\" content=\"Bak\u0131rc\u0131 Garagineering\" \/>\n<meta property=\"article:publisher\" content=\"https:\/\/www.facebook.com\/bakirci.garagineering\" \/>\n<meta property=\"article:modified_time\" content=\"2021-08-06T16:23:08+00:00\" \/>\n<meta property=\"og:image\" content=\"https:\/\/bakirci.com\/ekipman\/wp-content\/uploads\/2021\/01\/Agir-Ticari-Arac-Boyaci-Lifti-.jpg\" \/>\n\t<meta property=\"og:image:width\" content=\"800\" \/>\n\t<meta property=\"og:image:height\" content=\"908\" \/>\n<meta name=\"twitter:card\" content=\"summary_large_image\" \/>\n<meta name=\"twitter:label1\" content=\"Tahmini okuma s\u00fcresi\" \/>\n\t<meta name=\"twitter:data1\" content=\"1 dakika\" \/>\n<script type=\"application\/ld+json\" class=\"yoast-schema-graph\">{\"@context\":\"https:\/\/schema.org\",\"@graph\":[{\"@type\":\"Organization\",\"@id\":\"https:\/\/bakirci.com\/ekipman\/#organization\",\"name\":\"Bak\\u0131rc\\u0131 garagineering\",\"url\":\"https:\/\/bakirci.com\/ekipman\/\",\"sameAs\":[\"https:\/\/www.facebook.com\/bakirci.garagineering\",\"https:\/\/www.instagram.com\/bakirci.garagineering\/\",\"https:\/\/www.linkedin.com\/company\/bakirci-garagineering\/\",\"https:\/\/www.youtube.com\/channel\/UCiVG6s_jALJ6Zk8085XiOQg\"],\"logo\":{\"@type\":\"ImageObject\",\"@id\":\"https:\/\/bakirci.com\/ekipman\/#logo\",\"inLanguage\":\"tr\",\"url\":\"https:\/\/bakirci.com\/ekipman\/wp-content\/uploads\/2021\/09\/Bakirci-logo-lacivert.png\",\"contentUrl\":\"https:\/\/bakirci.com\/ekipman\/wp-content\/uploads\/2021\/09\/Bakirci-logo-lacivert.png\",\"width\":501,\"height\":501,\"caption\":\"Bak\\u0131rc\\u0131 garagineering\"},\"image\":{\"@id\":\"https:\/\/bakirci.com\/ekipman\/#logo\"}},{\"@type\":\"WebSite\",\"@id\":\"https:\/\/bakirci.com\/ekipman\/#website\",\"url\":\"https:\/\/bakirci.com\/ekipman\/\",\"name\":\"Bak\\u0131rc\\u0131 Garagineering\",\"description\":\"Otomotiv sekt\\u00f6r\\u00fcne \\u00f6zel, \\u201c\\u00dcretici Standard\\u0131nda\\u201d \\u00e7\\u00f6z\\u00fcmler\\u2026\",\"publisher\":{\"@id\":\"https:\/\/bakirci.com\/ekipman\/#organization\"},\"potentialAction\":[{\"@type\":\"SearchAction\",\"target\":{\"@type\":\"EntryPoint\",\"urlTemplate\":\"https:\/\/bakirci.com\/ekipman\/?s={search_term_string}\"},\"query-input\":\"required name=search_term_string\"}],\"inLanguage\":\"tr\"},{\"@type\":\"ImageObject\",\"@id\":\"https:\/\/bakirci.com\/ekipman\/servis-ekipmanlari\/boya\/boya-kabini-ve-hazirlik\/agir-ticari-arac-boyaci-liftiblowtherm-born-in-italy\/#primaryimage\",\"inLanguage\":\"tr\",\"url\":\"https:\/\/bakirci.com\/ekipman\/wp-content\/uploads\/2021\/01\/Agir-Ticari-Arac-Boyaci-Lifti-.jpg\",\"contentUrl\":\"https:\/\/bakirci.com\/ekipman\/wp-content\/uploads\/2021\/01\/Agir-Ticari-Arac-Boyaci-Lifti-.jpg\",\"width\":800,\"height\":908},{\"@type\":\"WebPage\",\"@id\":\"https:\/\/bakirci.com\/ekipman\/servis-ekipmanlari\/boya\/boya-kabini-ve-hazirlik\/agir-ticari-arac-boyaci-liftiblowtherm-born-in-italy\/#webpage\",\"url\":\"https:\/\/bakirci.com\/ekipman\/servis-ekipmanlari\/boya\/boya-kabini-ve-hazirlik\/agir-ticari-arac-boyaci-liftiblowtherm-born-in-italy\/\",\"name\":\"A\\u011f\\u0131r Ticari Ara\\u00e7 Boyac\\u0131 Lifti BLOWTHERM (Born in ITALY) - Bak\\u0131rc\\u0131 Garagineering\",\"isPartOf\":{\"@id\":\"https:\/\/bakirci.com\/ekipman\/#website\"},\"primaryImageOfPage\":{\"@id\":\"https:\/\/bakirci.com\/ekipman\/servis-ekipmanlari\/boya\/boya-kabini-ve-hazirlik\/agir-ticari-arac-boyaci-liftiblowtherm-born-in-italy\/#primaryimage\"},\"datePublished\":\"2021-01-01T12:20:22+00:00\",\"dateModified\":\"2021-08-06T16:23:08+00:00\",\"breadcrumb\":{\"@id\":\"https:\/\/bakirci.com\/ekipman\/servis-ekipmanlari\/boya\/boya-kabini-ve-hazirlik\/agir-ticari-arac-boyaci-liftiblowtherm-born-in-italy\/#breadcrumb\"},\"inLanguage\":\"tr\",\"potentialAction\":[{\"@type\":\"ReadAction\",\"target\":[\"https:\/\/bakirci.com\/ekipman\/servis-ekipmanlari\/boya\/boya-kabini-ve-hazirlik\/agir-ticari-arac-boyaci-liftiblowtherm-born-in-italy\/\"]}]},{\"@type\":\"BreadcrumbList\",\"@id\":\"https:\/\/bakirci.com\/ekipman\/servis-ekipmanlari\/boya\/boya-kabini-ve-hazirlik\/agir-ticari-arac-boyaci-liftiblowtherm-born-in-italy\/#breadcrumb\",\"itemListElement\":[{\"@type\":\"ListItem\",\"position\":1,\"name\":\"Ekipman\",\"item\":\"https:\/\/bakirci.com\/ekipman\/\"},{\"@type\":\"ListItem\",\"position\":2,\"name\":\"Otomotiv Tesisleri \\u0130\\u00e7in Servis Ekipmanlar\\u0131\",\"item\":\"https:\/\/bakirci.com\/ekipman\/\"},{\"@type\":\"ListItem\",\"position\":3,\"name\":\"A\\u011f\\u0131r Ticari Ara\\u00e7 Boyac\\u0131 LiftiBLOWTHERM (Born in ITALY)\"}]}]}<\/script>\n<!-- \/ Yoast SEO plugin. -->","yoast_head_json":{"title":"A\u011f\u0131r Ticari Ara\u00e7 Boyac\u0131 LiftiBLOWTHERM (Born in ITALY) - Bak\u0131rc\u0131 Garagineering","robots":{"index":"index","follow":"follow","max-snippet":"max-snippet:-1","max-image-preview":"max-image-preview:large","max-video-preview":"max-video-preview:-1"},"canonical":"https:\/\/bakirci.com\/ekipman\/servis-ekipmanlari\/boya\/boya-kabini-ve-hazirlik\/agir-ticari-arac-boyaci-liftiblowtherm-born-in-italy\/","og_locale":"tr_TR","og_type":"article","og_title":"A\u011f\u0131r Ticari Ara\u00e7 Boyac\u0131 LiftiBLOWTHERM (Born in ITALY) - Bak\u0131rc\u0131 Garagineering","og_description":"A\u011f\u0131r Ticari Ara\u00e7 Boyac\u0131 Lifti  Kabin i\u00e7i 3 boyutta hareket eden boyac\u0131 lifti (2 adet)  Joystick ile kumanda edilen pn\u00f6matik sistem  Kald\u0131rma kapasitesi : 200 kg","og_url":"https:\/\/bakirci.com\/ekipman\/servis-ekipmanlari\/boya\/boya-kabini-ve-hazirlik\/agir-ticari-arac-boyaci-liftiblowtherm-born-in-italy\/","og_site_name":"Bak\u0131rc\u0131 Garagineering","article_publisher":"https:\/\/www.facebook.com\/bakirci.garagineering","article_modified_time":"2021-08-06T16:23:08+00:00","og_image":[{"width":800,"height":908,"url":"https:\/\/bakirci.com\/ekipman\/wp-content\/uploads\/2021\/01\/Agir-Ticari-Arac-Boyaci-Lifti-.jpg","path":"\/home\/bakirciwebsitesi\/public_html\/ekipman\/wp-content\/uploads\/2021\/01\/Agir-Ticari-Arac-Boyaci-Lifti-.jpg","size":"full","id":5291,"alt":"","pixels":726400,"type":"image\/jpeg"}],"twitter_card":"summary_large_image","twitter_misc":{"Tahmini okuma s\u00fcresi":"1 dakika"},"schema":{"@context":"https:\/\/schema.org","@graph":[{"@type":"Organization","@id":"https:\/\/bakirci.com\/ekipman\/#organization","name":"Bak\u0131rc\u0131 garagineering","url":"https:\/\/bakirci.com\/ekipman\/","sameAs":["https:\/\/www.facebook.com\/bakirci.garagineering","https:\/\/www.instagram.com\/bakirci.garagineering\/","https:\/\/www.linkedin.com\/company\/bakirci-garagineering\/","https:\/\/www.youtube.com\/channel\/UCiVG6s_jALJ6Zk8085XiOQg"],"logo":{"@type":"ImageObject","@id":"https:\/\/bakirci.com\/ekipman\/#logo","inLanguage":"tr","url":"https:\/\/bakirci.com\/ekipman\/wp-content\/uploads\/2021\/09\/Bakirci-logo-lacivert.png","contentUrl":"https:\/\/bakirci.com\/ekipman\/wp-content\/uploads\/2021\/09\/Bakirci-logo-lacivert.png","width":501,"height":501,"caption":"Bak\u0131rc\u0131 garagineering"},"image":{"@id":"https:\/\/bakirci.com\/ekipman\/#logo"}},{"@type":"WebSite","@id":"https:\/\/bakirci.com\/ekipman\/#website","url":"https:\/\/bakirci.com\/ekipman\/","name":"Bak\u0131rc\u0131 Garagineering","description":"Otomotiv sekt\u00f6r\u00fcne \u00f6zel, \u201c\u00dcretici Standard\u0131nda\u201d \u00e7\u00f6z\u00fcmler\u2026","publisher":{"@id":"https:\/\/bakirci.com\/ekipman\/#organization"},"potentialAction":[{"@type":"SearchAction","target":{"@type":"EntryPoint","urlTemplate":"https:\/\/bakirci.com\/ekipman\/?s={search_term_string}"},"query-input":"required name=search_term_string"}],"inLanguage":"tr"},{"@type":"ImageObject","@id":"https:\/\/bakirci.com\/ekipman\/servis-ekipmanlari\/boya\/boya-kabini-ve-hazirlik\/agir-ticari-arac-boyaci-liftiblowtherm-born-in-italy\/#primaryimage","inLanguage":"tr","url":"https:\/\/bakirci.com\/ekipman\/wp-content\/uploads\/2021\/01\/Agir-Ticari-Arac-Boyaci-Lifti-.jpg","contentUrl":"https:\/\/bakirci.com\/ekipman\/wp-content\/uploads\/2021\/01\/Agir-Ticari-Arac-Boyaci-Lifti-.jpg","width":800,"height":908},{"@type":"WebPage","@id":"https:\/\/bakirci.com\/ekipman\/servis-ekipmanlari\/boya\/boya-kabini-ve-hazirlik\/agir-ticari-arac-boyaci-liftiblowtherm-born-in-italy\/#webpage","url":"https:\/\/bakirci.com\/ekipman\/servis-ekipmanlari\/boya\/boya-kabini-ve-hazirlik\/agir-ticari-arac-boyaci-liftiblowtherm-born-in-italy\/","name":"A\u011f\u0131r Ticari Ara\u00e7 Boyac\u0131 Lifti BLOWTHERM (Born in ITALY) - Bak\u0131rc\u0131 Garagineering","isPartOf":{"@id":"https:\/\/bakirci.com\/ekipman\/#website"},"primaryImageOfPage":{"@id":"https:\/\/bakirci.com\/ekipman\/servis-ekipmanlari\/boya\/boya-kabini-ve-hazirlik\/agir-ticari-arac-boyaci-liftiblowtherm-born-in-italy\/#primaryimage"},"datePublished":"2021-01-01T12:20:22+00:00","dateModified":"2021-08-06T16:23:08+00:00","breadcrumb":{"@id":"https:\/\/bakirci.com\/ekipman\/servis-ekipmanlari\/boya\/boya-kabini-ve-hazirlik\/agir-ticari-arac-boyaci-liftiblowtherm-born-in-italy\/#breadcrumb"},"inLanguage":"tr","potentialAction":[{"@type":"ReadAction","target":["https:\/\/bakirci.com\/ekipman\/servis-ekipmanlari\/boya\/boya-kabini-ve-hazirlik\/agir-ticari-arac-boyaci-liftiblowtherm-born-in-italy\/"]}]},{"@type":"BreadcrumbList","@id":"https:\/\/bakirci.com\/ekipman\/servis-ekipmanlari\/boya\/boya-kabini-ve-hazirlik\/agir-ticari-arac-boyaci-liftiblowtherm-born-in-italy\/#breadcrumb","itemListElement":[{"@type":"ListItem","position":1,"name":"Ekipman","item":"https:\/\/bakirci.com\/ekipman\/"},{"@type":"ListItem","position":2,"name":"Otomotiv Tesisleri \u0130\u00e7in Servis Ekipmanlar\u0131","item":"https:\/\/bakirci.com\/ekipman\/"},{"@type":"ListItem","position":3,"name":"A\u011f\u0131r Ticari Ara\u00e7 Boyac\u0131 LiftiBLOWTHERM (Born in ITALY)"}]}]}},"_links":{"self":[{"href":"https:\/\/bakirci.com\/ekipman\/wp-json\/wp\/v2\/product\/4655","targetHints":{"allow":["GET"]}}],"collection":[{"href":"https:\/\/bakirci.com\/ekipman\/wp-json\/wp\/v2\/product"}],"about":[{"href":"https:\/\/bakirci.com\/ekipman\/wp-json\/wp\/v2\/types\/product"}],"replies":[{"embeddable":true,"href":"https:\/\/bakirci.com\/ekipman\/wp-json\/wp\/v2\/comments?post=4655"}],"wp:featuredmedia":[{"embeddable":true,"href":"https:\/\/bakirci.com\/ekipman\/wp-json\/wp\/v2\/media\/5291"}],"wp:attachment":[{"href":"https:\/\/bakirci.com\/ekipman\/wp-json\/wp\/v2\/media?parent=4655"}],"wp:term":[{"taxonomy":"product_cat","embeddable":true,"href":"https:\/\/bakirci.com\/ekipman\/wp-json\/wp\/v2\/product_cat?post=4655"},{"taxonomy":"product_tag","embeddable":true,"href":"https:\/\/bakirci.com\/ekipman\/wp-json\/wp\/v2\/product_tag?post=4655"}],"curies":[{"name":"wp","href":"https:\/\/api.w.org\/{rel}","templated":true}]}}