{"id":4650,"date":"2021-01-01T12:45:00","date_gmt":"2021-01-01T12:45:00","guid":{"rendered":"https:\/\/j6l.65c.myftpupload.com\/?post_type=product&#038;p=4650"},"modified":"2021-08-06T16:22:20","modified_gmt":"2021-08-06T16:22:20","slug":"boya-hazirlik-sistemiblowtherm-born-in-italyei-2000plenumlu-izgarali-calisma-alani-6000-7000-8000-x-4000-mm","status":"publish","type":"product","link":"https:\/\/bakirci.com\/ekipman\/servis-ekipmanlari\/boya\/boya-kabini-ve-hazirlik\/boya-hazirlik-sistemiblowtherm-born-in-italyei-2000plenumlu-izgarali-calisma-alani-6000-7000-8000-x-4000-mm\/","title":{"rendered":"<p class=\"ustmetin\">Boya Haz\u0131rl\u0131k Sistemi<\/p><p class=\"ortametin\">BLOWTHERM <span class=\"ortametin2\">(Born in ITALY)<\/span><p class=\"altmetin\">EI 2000<br>Plenumlu, \u0131zgaral\u0131 \u00e7al\u0131\u015fma alan\u0131 : 6000 \/ 7000 \/ 8000 x 4000 mm<\/p>"},"content":{"rendered":"<ul>\n<li>Boya Haz\u0131rl\u0131k Sistemi &#8211; EI 2000<\/li>\n<li>Boya haz\u0131rl\u0131\u011f\u0131 i\u00e7in en uygun ko\u015fullar<\/li>\n<li>Y\u00fcksek kullan\u0131m konforu ve azami enerji etkinli\u011fi<\/li>\n<li>\u00c7ok \u00e7e\u015fitli boyutlarda ve iste\u011fe ba\u011fl\u0131 eklentilerle haz\u0131rlanan \u00e7al\u0131\u015fma alanlar\u0131<\/li>\n<li>Uygulama tipi : -330 mm<\/li>\n<li>Plenum ebatlar\u0131 : 6000 \/ 7000 \/ 8000 x 4000 x 560 mm<\/li>\n<li>Plenum alt y\u00fcksekli\u011fi : 3255 mm<\/li>\n<li>Izgaral\u0131 \u00e7al\u0131\u015fma alan\u0131 : 6000 \/ 7000 \/ 8000 x 4000 mm (Tekerlek ba\u015f\u0131 800 kg, toplam ara\u00e7 kapasitesi 3200 kg)<\/li>\n<li>Kurulum i\u00e7in gerekli toplam alan :<\/li>\n<li>7120 \/ 8120 \/ 9120 x 4120 x 3815 mm<\/li>\n<li>Exproof fan : 2 x 5.5 kW (Fan kapasitesi 19.000 m\u00b3\/h)<\/li>\n<li>Exproof fan : 2 x 7.5 kW (Fan kapasitesi 20.000 m\u00b3\/h)<\/li>\n<li>I\u015f\u0131kland\u0131rma : %60 enerji tasarrufu sa\u011flayan yeni<\/li>\n<li>LED \u0131\u015f\u0131k teknolojisi<\/li>\n<\/ul>\n","protected":false},"excerpt":{"rendered":"<ul>\n<li>Boya Haz\u0131rl\u0131k Sistemi &#8211; EI 2000<\/li>\n<li>Boya haz\u0131rl\u0131\u011f\u0131 i\u00e7in en uygun ko\u015fullar<\/li>\n<li>Y\u00fcksek kullan\u0131m konforu ve azami enerji etkinli\u011fi<\/li>\n<li>\u00c7ok \u00e7e\u015fitli boyutlarda ve iste\u011fe ba\u011fl\u0131 eklentilerle haz\u0131rlanan \u00e7al\u0131\u015fma alanlar\u0131<\/li>\n<li>Uygulama tipi : -330 mm<\/li>\n<li>Plenum ebatlar\u0131 : 6000 \/ 7000 \/ 8000 x 4000 x 560 mm<\/li>\n<li>Plenum alt y\u00fcksekli\u011fi : 3255 mm<\/li>\n<li>Izgaral\u0131 \u00e7al\u0131\u015fma alan\u0131 : 6000 \/ 7000 \/ 8000 x 4000 mm (Tekerlek ba\u015f\u0131 800 kg, toplam ara\u00e7 kapasitesi 3200 kg)<\/li>\n<li>Kurulum i\u00e7in gerekli toplam alan :<\/li>\n<li>7120 \/ 8120 \/ 9120 x 4120 x 3815 mm<\/li>\n<li>Exproof fan : 2 x 5.5 kW (Fan kapasitesi 19.000 m\u00b3\/h)<\/li>\n<li>Exproof fan : 2 x 7.5 kW (Fan kapasitesi 20.000 m\u00b3\/h)<\/li>\n<li>I\u015f\u0131kland\u0131rma : %60 enerji tasarrufu sa\u011flayan yeni<\/li>\n<li>LED \u0131\u015f\u0131k teknolojisi<\/li>\n<\/ul>\n","protected":false},"featured_media":4789,"comment_status":"closed","ping_status":"closed","template":"","meta":[],"product_cat":[179],"product_tag":[708,710,707,720,354,727,706,725,726,718,711,719,723,724,717,722,716,715,709,712,714,713,721],"class_list":["post-4650","product","type-product","status-publish","has-post-thumbnail","hentry","pwb-brand-blowtherm","product_cat-boya-kabini-ve-hazirlik","product_tag-arac-boyama","product_tag-astar-atma","product_tag-astar-firini","product_tag-astar-tesisi","product_tag-blowtherm","product_tag-boya-atma-firini","product_tag-boya-firini","product_tag-boya-miks","product_tag-boya-mix","product_tag-boya-tesisi","product_tag-boyama-kabini","product_tag-boyama-tesisi","product_tag-filitreli-boya-firini","product_tag-filtreli-boya-firini","product_tag-isitma-kabini","product_tag-kurutma-firini","product_tag-oto-boya-kabini","product_tag-oto-boyama-kabini","product_tag-otomobil-boyama","product_tag-renk-atma","product_tag-solvent-bazli-boya-kabini","product_tag-su-bazli-boya-kabini","product_tag-zimparalama-tesisi"],"brands":[{"id":387,"name":"BLOWTHERM","slug":"blowtherm"}],"yoast_head":"<!-- This site is optimized with the Yoast SEO plugin v17.1 - https:\/\/yoast.com\/wordpress\/plugins\/seo\/ -->\n<title>Boya Haz\u0131rl\u0131k SistemiBLOWTHERM (Born in ITALY)EI 2000Plenumlu, \u0131zgaral\u0131 \u00e7al\u0131\u015fma alan\u0131 : 6000 \/ 7000 \/ 8000 x 4000 mm - Bak\u0131rc\u0131 Garagineering<\/title>\n<meta name=\"robots\" content=\"index, follow, max-snippet:-1, max-image-preview:large, max-video-preview:-1\" \/>\n<link rel=\"canonical\" href=\"https:\/\/bakirci.com\/ekipman\/servis-ekipmanlari\/boya\/boya-kabini-ve-hazirlik\/boya-hazirlik-sistemiblowtherm-born-in-italyei-2000plenumlu-izgarali-calisma-alani-6000-7000-8000-x-4000-mm\/\" \/>\n<meta property=\"og:locale\" content=\"tr_TR\" \/>\n<meta property=\"og:type\" content=\"article\" \/>\n<meta property=\"og:title\" content=\"Boya Haz\u0131rl\u0131k SistemiBLOWTHERM (Born in ITALY)EI 2000Plenumlu, \u0131zgaral\u0131 \u00e7al\u0131\u015fma alan\u0131 : 6000 \/ 7000 \/ 8000 x 4000 mm - Bak\u0131rc\u0131 Garagineering\" \/>\n<meta property=\"og:description\" content=\"Boya Haz\u0131rl\u0131k Sistemi - EI 2000  Boya haz\u0131rl\u0131\u011f\u0131 i\u00e7in en uygun ko\u015fullar  Y\u00fcksek kullan\u0131m konforu ve azami enerji etkinli\u011fi  \u00c7ok \u00e7e\u015fitli boyutlarda ve iste\u011fe ba\u011fl\u0131 eklentilerle haz\u0131rlanan \u00e7al\u0131\u015fma alanlar\u0131  Uygulama tipi : -330 mm  Plenum ebatlar\u0131 : 6000 \/ 7000 \/ 8000 x 4000 x 560 mm  Plenum alt y\u00fcksekli\u011fi : 3255 mm  Izgaral\u0131 \u00e7al\u0131\u015fma alan\u0131 : 6000 \/ 7000 \/ 8000 x 4000 mm (Tekerlek ba\u015f\u0131 800 kg, toplam ara\u00e7 kapasitesi 3200 kg)  Kurulum i\u00e7in gerekli toplam alan :  7120 \/ 8120 \/ 9120 x 4120 x 3815 mm  Exproof fan : 2 x 5.5 kW (Fan kapasitesi 19.000 m\u00b3\/h)  Exproof fan : 2 x 7.5 kW (Fan kapasitesi 20.000 m\u00b3\/h)  I\u015f\u0131kland\u0131rma : %60 enerji tasarrufu sa\u011flayan yeni  LED \u0131\u015f\u0131k teknolojisi\" \/>\n<meta property=\"og:url\" content=\"https:\/\/bakirci.com\/ekipman\/servis-ekipmanlari\/boya\/boya-kabini-ve-hazirlik\/boya-hazirlik-sistemiblowtherm-born-in-italyei-2000plenumlu-izgarali-calisma-alani-6000-7000-8000-x-4000-mm\/\" \/>\n<meta property=\"og:site_name\" content=\"Bak\u0131rc\u0131 Garagineering\" \/>\n<meta property=\"article:publisher\" content=\"https:\/\/www.facebook.com\/bakirci.garagineering\" \/>\n<meta property=\"article:modified_time\" content=\"2021-08-06T16:22:20+00:00\" \/>\n<meta property=\"og:image\" content=\"https:\/\/bakirci.com\/ekipman\/wp-content\/uploads\/2021\/06\/EI-2000-1.png\" \/>\n\t<meta property=\"og:image:width\" content=\"1200\" \/>\n\t<meta property=\"og:image:height\" content=\"797\" \/>\n<meta name=\"twitter:card\" content=\"summary_large_image\" \/>\n<meta name=\"twitter:label1\" content=\"Tahmini okuma s\u00fcresi\" \/>\n\t<meta name=\"twitter:data1\" content=\"1 dakika\" \/>\n<script type=\"application\/ld+json\" class=\"yoast-schema-graph\">{\"@context\":\"https:\/\/schema.org\",\"@graph\":[{\"@type\":\"Organization\",\"@id\":\"https:\/\/bakirci.com\/ekipman\/#organization\",\"name\":\"Bak\\u0131rc\\u0131 garagineering\",\"url\":\"https:\/\/bakirci.com\/ekipman\/\",\"sameAs\":[\"https:\/\/www.facebook.com\/bakirci.garagineering\",\"https:\/\/www.instagram.com\/bakirci.garagineering\/\",\"https:\/\/www.linkedin.com\/company\/bakirci-garagineering\/\",\"https:\/\/www.youtube.com\/channel\/UCiVG6s_jALJ6Zk8085XiOQg\"],\"logo\":{\"@type\":\"ImageObject\",\"@id\":\"https:\/\/bakirci.com\/ekipman\/#logo\",\"inLanguage\":\"tr\",\"url\":\"https:\/\/bakirci.com\/ekipman\/wp-content\/uploads\/2021\/09\/Bakirci-logo-lacivert.png\",\"contentUrl\":\"https:\/\/bakirci.com\/ekipman\/wp-content\/uploads\/2021\/09\/Bakirci-logo-lacivert.png\",\"width\":501,\"height\":501,\"caption\":\"Bak\\u0131rc\\u0131 garagineering\"},\"image\":{\"@id\":\"https:\/\/bakirci.com\/ekipman\/#logo\"}},{\"@type\":\"WebSite\",\"@id\":\"https:\/\/bakirci.com\/ekipman\/#website\",\"url\":\"https:\/\/bakirci.com\/ekipman\/\",\"name\":\"Bak\\u0131rc\\u0131 Garagineering\",\"description\":\"Otomotiv sekt\\u00f6r\\u00fcne \\u00f6zel, \\u201c\\u00dcretici Standard\\u0131nda\\u201d \\u00e7\\u00f6z\\u00fcmler\\u2026\",\"publisher\":{\"@id\":\"https:\/\/bakirci.com\/ekipman\/#organization\"},\"potentialAction\":[{\"@type\":\"SearchAction\",\"target\":{\"@type\":\"EntryPoint\",\"urlTemplate\":\"https:\/\/bakirci.com\/ekipman\/?s={search_term_string}\"},\"query-input\":\"required name=search_term_string\"}],\"inLanguage\":\"tr\"},{\"@type\":\"ImageObject\",\"@id\":\"https:\/\/bakirci.com\/ekipman\/servis-ekipmanlari\/boya\/boya-kabini-ve-hazirlik\/boya-hazirlik-sistemiblowtherm-born-in-italyei-2000plenumlu-izgarali-calisma-alani-6000-7000-8000-x-4000-mm\/#primaryimage\",\"inLanguage\":\"tr\",\"url\":\"https:\/\/bakirci.com\/ekipman\/wp-content\/uploads\/2021\/06\/EI-2000-1.png\",\"contentUrl\":\"https:\/\/bakirci.com\/ekipman\/wp-content\/uploads\/2021\/06\/EI-2000-1.png\",\"width\":1200,\"height\":797},{\"@type\":\"WebPage\",\"@id\":\"https:\/\/bakirci.com\/ekipman\/servis-ekipmanlari\/boya\/boya-kabini-ve-hazirlik\/boya-hazirlik-sistemiblowtherm-born-in-italyei-2000plenumlu-izgarali-calisma-alani-6000-7000-8000-x-4000-mm\/#webpage\",\"url\":\"https:\/\/bakirci.com\/ekipman\/servis-ekipmanlari\/boya\/boya-kabini-ve-hazirlik\/boya-hazirlik-sistemiblowtherm-born-in-italyei-2000plenumlu-izgarali-calisma-alani-6000-7000-8000-x-4000-mm\/\",\"name\":\"Boya Haz\\u0131rl\\u0131k Sistemi BLOWTHERM (Born in ITALY)EI 2000 Plenumlu, \\u0131zgaral\\u0131 \\u00e7al\\u0131\\u015fma alan\\u0131 : 6000 \/ 7000 \/ 8000 x 4000 mm - Bak\\u0131rc\\u0131 Garagineering\",\"isPartOf\":{\"@id\":\"https:\/\/bakirci.com\/ekipman\/#website\"},\"primaryImageOfPage\":{\"@id\":\"https:\/\/bakirci.com\/ekipman\/servis-ekipmanlari\/boya\/boya-kabini-ve-hazirlik\/boya-hazirlik-sistemiblowtherm-born-in-italyei-2000plenumlu-izgarali-calisma-alani-6000-7000-8000-x-4000-mm\/#primaryimage\"},\"datePublished\":\"2021-01-01T12:45:00+00:00\",\"dateModified\":\"2021-08-06T16:22:20+00:00\",\"breadcrumb\":{\"@id\":\"https:\/\/bakirci.com\/ekipman\/servis-ekipmanlari\/boya\/boya-kabini-ve-hazirlik\/boya-hazirlik-sistemiblowtherm-born-in-italyei-2000plenumlu-izgarali-calisma-alani-6000-7000-8000-x-4000-mm\/#breadcrumb\"},\"inLanguage\":\"tr\",\"potentialAction\":[{\"@type\":\"ReadAction\",\"target\":[\"https:\/\/bakirci.com\/ekipman\/servis-ekipmanlari\/boya\/boya-kabini-ve-hazirlik\/boya-hazirlik-sistemiblowtherm-born-in-italyei-2000plenumlu-izgarali-calisma-alani-6000-7000-8000-x-4000-mm\/\"]}]},{\"@type\":\"BreadcrumbList\",\"@id\":\"https:\/\/bakirci.com\/ekipman\/servis-ekipmanlari\/boya\/boya-kabini-ve-hazirlik\/boya-hazirlik-sistemiblowtherm-born-in-italyei-2000plenumlu-izgarali-calisma-alani-6000-7000-8000-x-4000-mm\/#breadcrumb\",\"itemListElement\":[{\"@type\":\"ListItem\",\"position\":1,\"name\":\"Ekipman\",\"item\":\"https:\/\/bakirci.com\/ekipman\/\"},{\"@type\":\"ListItem\",\"position\":2,\"name\":\"Otomotiv Tesisleri \\u0130\\u00e7in Servis Ekipmanlar\\u0131\",\"item\":\"https:\/\/bakirci.com\/ekipman\/\"},{\"@type\":\"ListItem\",\"position\":3,\"name\":\"Boya Haz\\u0131rl\\u0131k SistemiBLOWTHERM (Born in ITALY)EI 2000Plenumlu, \\u0131zgaral\\u0131 \\u00e7al\\u0131\\u015fma alan\\u0131 : 6000 \/ 7000 \/ 8000 x 4000 mm\"}]}]}<\/script>\n<!-- \/ Yoast SEO plugin. -->","yoast_head_json":{"title":"Boya Haz\u0131rl\u0131k SistemiBLOWTHERM (Born in ITALY)EI 2000Plenumlu, \u0131zgaral\u0131 \u00e7al\u0131\u015fma alan\u0131 : 6000 \/ 7000 \/ 8000 x 4000 mm - Bak\u0131rc\u0131 Garagineering","robots":{"index":"index","follow":"follow","max-snippet":"max-snippet:-1","max-image-preview":"max-image-preview:large","max-video-preview":"max-video-preview:-1"},"canonical":"https:\/\/bakirci.com\/ekipman\/servis-ekipmanlari\/boya\/boya-kabini-ve-hazirlik\/boya-hazirlik-sistemiblowtherm-born-in-italyei-2000plenumlu-izgarali-calisma-alani-6000-7000-8000-x-4000-mm\/","og_locale":"tr_TR","og_type":"article","og_title":"Boya Haz\u0131rl\u0131k SistemiBLOWTHERM (Born in ITALY)EI 2000Plenumlu, \u0131zgaral\u0131 \u00e7al\u0131\u015fma alan\u0131 : 6000 \/ 7000 \/ 8000 x 4000 mm - Bak\u0131rc\u0131 Garagineering","og_description":"Boya Haz\u0131rl\u0131k Sistemi - EI 2000  Boya haz\u0131rl\u0131\u011f\u0131 i\u00e7in en uygun ko\u015fullar  Y\u00fcksek kullan\u0131m konforu ve azami enerji etkinli\u011fi  \u00c7ok \u00e7e\u015fitli boyutlarda ve iste\u011fe ba\u011fl\u0131 eklentilerle haz\u0131rlanan \u00e7al\u0131\u015fma alanlar\u0131  Uygulama tipi : -330 mm  Plenum ebatlar\u0131 : 6000 \/ 7000 \/ 8000 x 4000 x 560 mm  Plenum alt y\u00fcksekli\u011fi : 3255 mm  Izgaral\u0131 \u00e7al\u0131\u015fma alan\u0131 : 6000 \/ 7000 \/ 8000 x 4000 mm (Tekerlek ba\u015f\u0131 800 kg, toplam ara\u00e7 kapasitesi 3200 kg)  Kurulum i\u00e7in gerekli toplam alan :  7120 \/ 8120 \/ 9120 x 4120 x 3815 mm  Exproof fan : 2 x 5.5 kW (Fan kapasitesi 19.000 m\u00b3\/h)  Exproof fan : 2 x 7.5 kW (Fan kapasitesi 20.000 m\u00b3\/h)  I\u015f\u0131kland\u0131rma : %60 enerji tasarrufu sa\u011flayan yeni  LED \u0131\u015f\u0131k teknolojisi","og_url":"https:\/\/bakirci.com\/ekipman\/servis-ekipmanlari\/boya\/boya-kabini-ve-hazirlik\/boya-hazirlik-sistemiblowtherm-born-in-italyei-2000plenumlu-izgarali-calisma-alani-6000-7000-8000-x-4000-mm\/","og_site_name":"Bak\u0131rc\u0131 Garagineering","article_publisher":"https:\/\/www.facebook.com\/bakirci.garagineering","article_modified_time":"2021-08-06T16:22:20+00:00","og_image":[{"width":1200,"height":797,"url":"https:\/\/bakirci.com\/ekipman\/wp-content\/uploads\/2021\/06\/EI-2000-1.png","path":"\/home\/bakirciwebsitesi\/public_html\/ekipman\/wp-content\/uploads\/2021\/06\/EI-2000-1.png","size":"full","id":4789,"alt":"","pixels":956400,"type":"image\/png"}],"twitter_card":"summary_large_image","twitter_misc":{"Tahmini okuma s\u00fcresi":"1 dakika"},"schema":{"@context":"https:\/\/schema.org","@graph":[{"@type":"Organization","@id":"https:\/\/bakirci.com\/ekipman\/#organization","name":"Bak\u0131rc\u0131 garagineering","url":"https:\/\/bakirci.com\/ekipman\/","sameAs":["https:\/\/www.facebook.com\/bakirci.garagineering","https:\/\/www.instagram.com\/bakirci.garagineering\/","https:\/\/www.linkedin.com\/company\/bakirci-garagineering\/","https:\/\/www.youtube.com\/channel\/UCiVG6s_jALJ6Zk8085XiOQg"],"logo":{"@type":"ImageObject","@id":"https:\/\/bakirci.com\/ekipman\/#logo","inLanguage":"tr","url":"https:\/\/bakirci.com\/ekipman\/wp-content\/uploads\/2021\/09\/Bakirci-logo-lacivert.png","contentUrl":"https:\/\/bakirci.com\/ekipman\/wp-content\/uploads\/2021\/09\/Bakirci-logo-lacivert.png","width":501,"height":501,"caption":"Bak\u0131rc\u0131 garagineering"},"image":{"@id":"https:\/\/bakirci.com\/ekipman\/#logo"}},{"@type":"WebSite","@id":"https:\/\/bakirci.com\/ekipman\/#website","url":"https:\/\/bakirci.com\/ekipman\/","name":"Bak\u0131rc\u0131 Garagineering","description":"Otomotiv sekt\u00f6r\u00fcne \u00f6zel, \u201c\u00dcretici Standard\u0131nda\u201d \u00e7\u00f6z\u00fcmler\u2026","publisher":{"@id":"https:\/\/bakirci.com\/ekipman\/#organization"},"potentialAction":[{"@type":"SearchAction","target":{"@type":"EntryPoint","urlTemplate":"https:\/\/bakirci.com\/ekipman\/?s={search_term_string}"},"query-input":"required name=search_term_string"}],"inLanguage":"tr"},{"@type":"ImageObject","@id":"https:\/\/bakirci.com\/ekipman\/servis-ekipmanlari\/boya\/boya-kabini-ve-hazirlik\/boya-hazirlik-sistemiblowtherm-born-in-italyei-2000plenumlu-izgarali-calisma-alani-6000-7000-8000-x-4000-mm\/#primaryimage","inLanguage":"tr","url":"https:\/\/bakirci.com\/ekipman\/wp-content\/uploads\/2021\/06\/EI-2000-1.png","contentUrl":"https:\/\/bakirci.com\/ekipman\/wp-content\/uploads\/2021\/06\/EI-2000-1.png","width":1200,"height":797},{"@type":"WebPage","@id":"https:\/\/bakirci.com\/ekipman\/servis-ekipmanlari\/boya\/boya-kabini-ve-hazirlik\/boya-hazirlik-sistemiblowtherm-born-in-italyei-2000plenumlu-izgarali-calisma-alani-6000-7000-8000-x-4000-mm\/#webpage","url":"https:\/\/bakirci.com\/ekipman\/servis-ekipmanlari\/boya\/boya-kabini-ve-hazirlik\/boya-hazirlik-sistemiblowtherm-born-in-italyei-2000plenumlu-izgarali-calisma-alani-6000-7000-8000-x-4000-mm\/","name":"Boya Haz\u0131rl\u0131k Sistemi BLOWTHERM (Born in ITALY)EI 2000 Plenumlu, \u0131zgaral\u0131 \u00e7al\u0131\u015fma alan\u0131 : 6000 \/ 7000 \/ 8000 x 4000 mm - Bak\u0131rc\u0131 Garagineering","isPartOf":{"@id":"https:\/\/bakirci.com\/ekipman\/#website"},"primaryImageOfPage":{"@id":"https:\/\/bakirci.com\/ekipman\/servis-ekipmanlari\/boya\/boya-kabini-ve-hazirlik\/boya-hazirlik-sistemiblowtherm-born-in-italyei-2000plenumlu-izgarali-calisma-alani-6000-7000-8000-x-4000-mm\/#primaryimage"},"datePublished":"2021-01-01T12:45:00+00:00","dateModified":"2021-08-06T16:22:20+00:00","breadcrumb":{"@id":"https:\/\/bakirci.com\/ekipman\/servis-ekipmanlari\/boya\/boya-kabini-ve-hazirlik\/boya-hazirlik-sistemiblowtherm-born-in-italyei-2000plenumlu-izgarali-calisma-alani-6000-7000-8000-x-4000-mm\/#breadcrumb"},"inLanguage":"tr","potentialAction":[{"@type":"ReadAction","target":["https:\/\/bakirci.com\/ekipman\/servis-ekipmanlari\/boya\/boya-kabini-ve-hazirlik\/boya-hazirlik-sistemiblowtherm-born-in-italyei-2000plenumlu-izgarali-calisma-alani-6000-7000-8000-x-4000-mm\/"]}]},{"@type":"BreadcrumbList","@id":"https:\/\/bakirci.com\/ekipman\/servis-ekipmanlari\/boya\/boya-kabini-ve-hazirlik\/boya-hazirlik-sistemiblowtherm-born-in-italyei-2000plenumlu-izgarali-calisma-alani-6000-7000-8000-x-4000-mm\/#breadcrumb","itemListElement":[{"@type":"ListItem","position":1,"name":"Ekipman","item":"https:\/\/bakirci.com\/ekipman\/"},{"@type":"ListItem","position":2,"name":"Otomotiv Tesisleri \u0130\u00e7in Servis Ekipmanlar\u0131","item":"https:\/\/bakirci.com\/ekipman\/"},{"@type":"ListItem","position":3,"name":"Boya Haz\u0131rl\u0131k SistemiBLOWTHERM (Born in ITALY)EI 2000Plenumlu, \u0131zgaral\u0131 \u00e7al\u0131\u015fma alan\u0131 : 6000 \/ 7000 \/ 8000 x 4000 mm"}]}]}},"_links":{"self":[{"href":"https:\/\/bakirci.com\/ekipman\/wp-json\/wp\/v2\/product\/4650","targetHints":{"allow":["GET"]}}],"collection":[{"href":"https:\/\/bakirci.com\/ekipman\/wp-json\/wp\/v2\/product"}],"about":[{"href":"https:\/\/bakirci.com\/ekipman\/wp-json\/wp\/v2\/types\/product"}],"replies":[{"embeddable":true,"href":"https:\/\/bakirci.com\/ekipman\/wp-json\/wp\/v2\/comments?post=4650"}],"wp:featuredmedia":[{"embeddable":true,"href":"https:\/\/bakirci.com\/ekipman\/wp-json\/wp\/v2\/media\/4789"}],"wp:attachment":[{"href":"https:\/\/bakirci.com\/ekipman\/wp-json\/wp\/v2\/media?parent=4650"}],"wp:term":[{"taxonomy":"product_cat","embeddable":true,"href":"https:\/\/bakirci.com\/ekipman\/wp-json\/wp\/v2\/product_cat?post=4650"},{"taxonomy":"product_tag","embeddable":true,"href":"https:\/\/bakirci.com\/ekipman\/wp-json\/wp\/v2\/product_tag?post=4650"}],"curies":[{"name":"wp","href":"https:\/\/api.w.org\/{rel}","templated":true}]}}