{"id":4642,"date":"2021-01-02T01:25:35","date_gmt":"2021-01-02T01:25:35","guid":{"rendered":"https:\/\/j6l.65c.myftpupload.com\/?post_type=product&#038;p=4642"},"modified":"2021-08-16T07:24:02","modified_gmt":"2021-08-16T07:24:02","slug":"boyama-ve-kurutma-kabiniblowtherm-born-in-italyworld-special-7000dis-boyutlar-7120-x-4120-x-3815-mm-exproof-fanlar-2-x-75-kw","status":"publish","type":"product","link":"https:\/\/bakirci.com\/ekipman\/servis-ekipmanlari\/boya\/boya-kabini-ve-hazirlik\/boyama-ve-kurutma-kabiniblowtherm-born-in-italyworld-special-7000dis-boyutlar-7120-x-4120-x-3815-mm-exproof-fanlar-2-x-75-kw\/","title":{"rendered":"<p class=\"ustmetin\">Boyama ve Kurutma Kabini<\/p><p class=\"ortametin\">BLOWTHERM <span class=\"ortametin2\">(Born in ITALY)<\/span><p class=\"altmetin\">World 7000<br>D\u0131\u015f boyutlar : 7120 x 4120 x 3815 mm,<br>exproof fanlar: 2 x 7,5 kW<\/p>"},"content":{"rendered":"<ul>\n<li>Boyama ve Kurutma Kabini &#8211; World 7000<\/li>\n<li>Yenilik\u00e7i, uzun \u00f6m\u00fcrl\u00fc ve \u00e7evreci<\/li>\n<li>Dijital elektromekanik kumanda paneli<\/li>\n<li>Direk akuple fanlar<\/li>\n<li>G\u00fcvenlik termostad\u0131<\/li>\n<li>Paslanmaya kar\u015f\u0131 korumal\u0131 \u00f6zel yanma odas\u0131<\/li>\n<li>G\u00fcvenlik i\u00e7in elektromanyetik valf<\/li>\n<li>4 Kanatl\u0131, b\u00fcy\u00fck pencereli giri\u015f ve \u00e7\u0131k\u0131\u015f kap\u0131lar\u0131<\/li>\n<li>Uygulama tipi: 300 mm d\u00fc\u015f\u00fck d\u00f6\u015feme<\/li>\n<li>\u0130\u00e7 boyutlar: 7000 x 4000 x 3000 mm<\/li>\n<li>D\u0131\u015f boyutlar: 7120 x 4120 x 3815 mm<\/li>\n<li>Makine b\u00f6l\u00fcm\u00fc yer ihtiyac\u0131: 5000 x 1800 x 3815 mm<\/li>\n<li>Exproof fanlar: 2 x 7,5 kW (Fan kapasitesi 2 x 24.000 m\u00b3\/h)<\/li>\n<li>Komple 5 \u015feritli galvanizli taban \u0131zgaras\u0131 (Tekerlek ba\u015f\u0131 800 kg, toplam ara\u00e7 ta\u015f\u0131ma kapasitesi 3200 kg)<\/li>\n<li>I\u015f\u0131kland\u0131rma: %60 enerji tasarrufu sa\u011flayan yeni LED \u0131\u015f\u0131k teknolojisi<\/li>\n<li>36 adet 20 Watt, 1600 Lux<\/li>\n<\/ul>\n","protected":false},"excerpt":{"rendered":"<ul>\n<li>Boyama ve Kurutma Kabini &#8211; World 7000<\/li>\n<li>Yenilik\u00e7i, uzun \u00f6m\u00fcrl\u00fc ve \u00e7evreci<\/li>\n<li>Dijital elektromekanik kumanda paneli<\/li>\n<li>Direk akuple fanlar<\/li>\n<li>G\u00fcvenlik termostad\u0131<\/li>\n<li>Paslanmaya kar\u015f\u0131 korumal\u0131 \u00f6zel yanma odas\u0131<\/li>\n<li>G\u00fcvenlik i\u00e7in elektromanyetik valf<\/li>\n<li>4 Kanatl\u0131, b\u00fcy\u00fck pencereli giri\u015f ve \u00e7\u0131k\u0131\u015f kap\u0131lar\u0131<\/li>\n<li>Uygulama tipi: 300 mm d\u00fc\u015f\u00fck d\u00f6\u015feme<\/li>\n<li>\u0130\u00e7 boyutlar: 7000 x 4000 x 3000 mm<\/li>\n<li>D\u0131\u015f boyutlar: 7120 x 4120 x 3815 mm<\/li>\n<li>Makine b\u00f6l\u00fcm\u00fc yer ihtiyac\u0131: 5000 x 1800 x 3815 mm<\/li>\n<li>Exproof fanlar: 2 x 7,5 kW (Fan kapasitesi 2 x 24.000 m\u00b3\/h)<\/li>\n<li>Komple 5 \u015feritli galvanizli taban \u0131zgaras\u0131 (Tekerlek ba\u015f\u0131 800 kg, toplam ara\u00e7 ta\u015f\u0131ma kapasitesi 3200 kg)<\/li>\n<li>I\u015f\u0131kland\u0131rma: %60 enerji tasarrufu sa\u011flayan yeni LED \u0131\u015f\u0131k teknolojisi<\/li>\n<li>36 adet 20 Watt, 1600 Lux<\/li>\n<\/ul>\n","protected":false},"featured_media":4779,"comment_status":"closed","ping_status":"closed","template":"","meta":[],"product_cat":[179],"product_tag":[708,710,707,720,354,727,706,725,726,718,711,719,723,724,717,722,716,715,709,712,714,713,721],"class_list":["post-4642","product","type-product","status-publish","has-post-thumbnail","hentry","pwb-brand-blowtherm","product_cat-boya-kabini-ve-hazirlik","product_tag-arac-boyama","product_tag-astar-atma","product_tag-astar-firini","product_tag-astar-tesisi","product_tag-blowtherm","product_tag-boya-atma-firini","product_tag-boya-firini","product_tag-boya-miks","product_tag-boya-mix","product_tag-boya-tesisi","product_tag-boyama-kabini","product_tag-boyama-tesisi","product_tag-filitreli-boya-firini","product_tag-filtreli-boya-firini","product_tag-isitma-kabini","product_tag-kurutma-firini","product_tag-oto-boya-kabini","product_tag-oto-boyama-kabini","product_tag-otomobil-boyama","product_tag-renk-atma","product_tag-solvent-bazli-boya-kabini","product_tag-su-bazli-boya-kabini","product_tag-zimparalama-tesisi"],"brands":[{"id":387,"name":"BLOWTHERM","slug":"blowtherm"}],"yoast_head":"<!-- This site is optimized with the Yoast SEO plugin v17.1 - https:\/\/yoast.com\/wordpress\/plugins\/seo\/ -->\n<title>Boyama ve Kurutma KabiniBLOWTHERM (Born in ITALY)World 7000D\u0131\u015f boyutlar : 7120 x 4120 x 3815 mm,exproof fanlar: 2 x 7,5 kW - Bak\u0131rc\u0131 Garagineering<\/title>\n<meta name=\"robots\" content=\"index, follow, max-snippet:-1, max-image-preview:large, max-video-preview:-1\" \/>\n<link rel=\"canonical\" href=\"https:\/\/bakirci.com\/ekipman\/servis-ekipmanlari\/boya\/boya-kabini-ve-hazirlik\/boyama-ve-kurutma-kabiniblowtherm-born-in-italyworld-special-7000dis-boyutlar-7120-x-4120-x-3815-mm-exproof-fanlar-2-x-75-kw\/\" \/>\n<meta property=\"og:locale\" content=\"tr_TR\" \/>\n<meta property=\"og:type\" content=\"article\" \/>\n<meta property=\"og:title\" content=\"Boyama ve Kurutma KabiniBLOWTHERM (Born in ITALY)World 7000D\u0131\u015f boyutlar : 7120 x 4120 x 3815 mm,exproof fanlar: 2 x 7,5 kW - Bak\u0131rc\u0131 Garagineering\" \/>\n<meta property=\"og:description\" content=\"Boyama ve Kurutma Kabini - World 7000  Yenilik\u00e7i, uzun \u00f6m\u00fcrl\u00fc ve \u00e7evreci  Dijital elektromekanik kumanda paneli  Direk akuple fanlar  G\u00fcvenlik termostad\u0131  Paslanmaya kar\u015f\u0131 korumal\u0131 \u00f6zel yanma odas\u0131  G\u00fcvenlik i\u00e7in elektromanyetik valf  4 Kanatl\u0131, b\u00fcy\u00fck pencereli giri\u015f ve \u00e7\u0131k\u0131\u015f kap\u0131lar\u0131  Uygulama tipi: 300 mm d\u00fc\u015f\u00fck d\u00f6\u015feme  \u0130\u00e7 boyutlar: 7000 x 4000 x 3000 mm  D\u0131\u015f boyutlar: 7120 x 4120 x 3815 mm  Makine b\u00f6l\u00fcm\u00fc yer ihtiyac\u0131: 5000 x 1800 x 3815 mm  Exproof fanlar: 2 x 7,5 kW (Fan kapasitesi 2 x 24.000 m\u00b3\/h)  Komple 5 \u015feritli galvanizli taban \u0131zgaras\u0131 (Tekerlek ba\u015f\u0131 800 kg, toplam ara\u00e7 ta\u015f\u0131ma kapasitesi 3200 kg)  I\u015f\u0131kland\u0131rma: %60 enerji tasarrufu sa\u011flayan yeni LED \u0131\u015f\u0131k teknolojisi  36 adet 20 Watt, 1600 Lux\" \/>\n<meta property=\"og:url\" content=\"https:\/\/bakirci.com\/ekipman\/servis-ekipmanlari\/boya\/boya-kabini-ve-hazirlik\/boyama-ve-kurutma-kabiniblowtherm-born-in-italyworld-special-7000dis-boyutlar-7120-x-4120-x-3815-mm-exproof-fanlar-2-x-75-kw\/\" \/>\n<meta property=\"og:site_name\" content=\"Bak\u0131rc\u0131 Garagineering\" \/>\n<meta property=\"article:publisher\" content=\"https:\/\/www.facebook.com\/bakirci.garagineering\" \/>\n<meta property=\"article:modified_time\" content=\"2021-08-16T07:24:02+00:00\" \/>\n<meta property=\"og:image\" content=\"https:\/\/bakirci.com\/ekipman\/wp-content\/uploads\/2021\/06\/World-7000.png\" \/>\n\t<meta property=\"og:image:width\" content=\"1200\" \/>\n\t<meta property=\"og:image:height\" content=\"744\" \/>\n<meta name=\"twitter:card\" content=\"summary_large_image\" \/>\n<meta name=\"twitter:label1\" content=\"Tahmini okuma s\u00fcresi\" \/>\n\t<meta name=\"twitter:data1\" content=\"1 dakika\" \/>\n<script type=\"application\/ld+json\" class=\"yoast-schema-graph\">{\"@context\":\"https:\/\/schema.org\",\"@graph\":[{\"@type\":\"Organization\",\"@id\":\"https:\/\/bakirci.com\/ekipman\/#organization\",\"name\":\"Bak\\u0131rc\\u0131 garagineering\",\"url\":\"https:\/\/bakirci.com\/ekipman\/\",\"sameAs\":[\"https:\/\/www.facebook.com\/bakirci.garagineering\",\"https:\/\/www.instagram.com\/bakirci.garagineering\/\",\"https:\/\/www.linkedin.com\/company\/bakirci-garagineering\/\",\"https:\/\/www.youtube.com\/channel\/UCiVG6s_jALJ6Zk8085XiOQg\"],\"logo\":{\"@type\":\"ImageObject\",\"@id\":\"https:\/\/bakirci.com\/ekipman\/#logo\",\"inLanguage\":\"tr\",\"url\":\"https:\/\/bakirci.com\/ekipman\/wp-content\/uploads\/2021\/09\/Bakirci-logo-lacivert.png\",\"contentUrl\":\"https:\/\/bakirci.com\/ekipman\/wp-content\/uploads\/2021\/09\/Bakirci-logo-lacivert.png\",\"width\":501,\"height\":501,\"caption\":\"Bak\\u0131rc\\u0131 garagineering\"},\"image\":{\"@id\":\"https:\/\/bakirci.com\/ekipman\/#logo\"}},{\"@type\":\"WebSite\",\"@id\":\"https:\/\/bakirci.com\/ekipman\/#website\",\"url\":\"https:\/\/bakirci.com\/ekipman\/\",\"name\":\"Bak\\u0131rc\\u0131 Garagineering\",\"description\":\"Otomotiv sekt\\u00f6r\\u00fcne \\u00f6zel, \\u201c\\u00dcretici Standard\\u0131nda\\u201d \\u00e7\\u00f6z\\u00fcmler\\u2026\",\"publisher\":{\"@id\":\"https:\/\/bakirci.com\/ekipman\/#organization\"},\"potentialAction\":[{\"@type\":\"SearchAction\",\"target\":{\"@type\":\"EntryPoint\",\"urlTemplate\":\"https:\/\/bakirci.com\/ekipman\/?s={search_term_string}\"},\"query-input\":\"required name=search_term_string\"}],\"inLanguage\":\"tr\"},{\"@type\":\"ImageObject\",\"@id\":\"https:\/\/bakirci.com\/ekipman\/servis-ekipmanlari\/boya\/boya-kabini-ve-hazirlik\/boyama-ve-kurutma-kabiniblowtherm-born-in-italyworld-special-7000dis-boyutlar-7120-x-4120-x-3815-mm-exproof-fanlar-2-x-75-kw\/#primaryimage\",\"inLanguage\":\"tr\",\"url\":\"https:\/\/bakirci.com\/ekipman\/wp-content\/uploads\/2021\/06\/World-7000.png\",\"contentUrl\":\"https:\/\/bakirci.com\/ekipman\/wp-content\/uploads\/2021\/06\/World-7000.png\",\"width\":1200,\"height\":744},{\"@type\":\"WebPage\",\"@id\":\"https:\/\/bakirci.com\/ekipman\/servis-ekipmanlari\/boya\/boya-kabini-ve-hazirlik\/boyama-ve-kurutma-kabiniblowtherm-born-in-italyworld-special-7000dis-boyutlar-7120-x-4120-x-3815-mm-exproof-fanlar-2-x-75-kw\/#webpage\",\"url\":\"https:\/\/bakirci.com\/ekipman\/servis-ekipmanlari\/boya\/boya-kabini-ve-hazirlik\/boyama-ve-kurutma-kabiniblowtherm-born-in-italyworld-special-7000dis-boyutlar-7120-x-4120-x-3815-mm-exproof-fanlar-2-x-75-kw\/\",\"name\":\"Boyama ve Kurutma Kabini BLOWTHERM (Born in ITALY)World 7000 D\\u0131\\u015f boyutlar : 7120 x 4120 x 3815 mm, exproof fanlar: 2 x 7,5 kW - Bak\\u0131rc\\u0131 Garagineering\",\"isPartOf\":{\"@id\":\"https:\/\/bakirci.com\/ekipman\/#website\"},\"primaryImageOfPage\":{\"@id\":\"https:\/\/bakirci.com\/ekipman\/servis-ekipmanlari\/boya\/boya-kabini-ve-hazirlik\/boyama-ve-kurutma-kabiniblowtherm-born-in-italyworld-special-7000dis-boyutlar-7120-x-4120-x-3815-mm-exproof-fanlar-2-x-75-kw\/#primaryimage\"},\"datePublished\":\"2021-01-02T01:25:35+00:00\",\"dateModified\":\"2021-08-16T07:24:02+00:00\",\"breadcrumb\":{\"@id\":\"https:\/\/bakirci.com\/ekipman\/servis-ekipmanlari\/boya\/boya-kabini-ve-hazirlik\/boyama-ve-kurutma-kabiniblowtherm-born-in-italyworld-special-7000dis-boyutlar-7120-x-4120-x-3815-mm-exproof-fanlar-2-x-75-kw\/#breadcrumb\"},\"inLanguage\":\"tr\",\"potentialAction\":[{\"@type\":\"ReadAction\",\"target\":[\"https:\/\/bakirci.com\/ekipman\/servis-ekipmanlari\/boya\/boya-kabini-ve-hazirlik\/boyama-ve-kurutma-kabiniblowtherm-born-in-italyworld-special-7000dis-boyutlar-7120-x-4120-x-3815-mm-exproof-fanlar-2-x-75-kw\/\"]}]},{\"@type\":\"BreadcrumbList\",\"@id\":\"https:\/\/bakirci.com\/ekipman\/servis-ekipmanlari\/boya\/boya-kabini-ve-hazirlik\/boyama-ve-kurutma-kabiniblowtherm-born-in-italyworld-special-7000dis-boyutlar-7120-x-4120-x-3815-mm-exproof-fanlar-2-x-75-kw\/#breadcrumb\",\"itemListElement\":[{\"@type\":\"ListItem\",\"position\":1,\"name\":\"Ekipman\",\"item\":\"https:\/\/bakirci.com\/ekipman\/\"},{\"@type\":\"ListItem\",\"position\":2,\"name\":\"Otomotiv Tesisleri \\u0130\\u00e7in Servis Ekipmanlar\\u0131\",\"item\":\"https:\/\/bakirci.com\/ekipman\/\"},{\"@type\":\"ListItem\",\"position\":3,\"name\":\"Boyama ve Kurutma KabiniBLOWTHERM (Born in ITALY)World 7000D\\u0131\\u015f boyutlar : 7120 x 4120 x 3815 mm,exproof fanlar: 2 x 7,5 kW\"}]}]}<\/script>\n<!-- \/ Yoast SEO plugin. -->","yoast_head_json":{"title":"Boyama ve Kurutma KabiniBLOWTHERM (Born in ITALY)World 7000D\u0131\u015f boyutlar : 7120 x 4120 x 3815 mm,exproof fanlar: 2 x 7,5 kW - Bak\u0131rc\u0131 Garagineering","robots":{"index":"index","follow":"follow","max-snippet":"max-snippet:-1","max-image-preview":"max-image-preview:large","max-video-preview":"max-video-preview:-1"},"canonical":"https:\/\/bakirci.com\/ekipman\/servis-ekipmanlari\/boya\/boya-kabini-ve-hazirlik\/boyama-ve-kurutma-kabiniblowtherm-born-in-italyworld-special-7000dis-boyutlar-7120-x-4120-x-3815-mm-exproof-fanlar-2-x-75-kw\/","og_locale":"tr_TR","og_type":"article","og_title":"Boyama ve Kurutma KabiniBLOWTHERM (Born in ITALY)World 7000D\u0131\u015f boyutlar : 7120 x 4120 x 3815 mm,exproof fanlar: 2 x 7,5 kW - Bak\u0131rc\u0131 Garagineering","og_description":"Boyama ve Kurutma Kabini - World 7000  Yenilik\u00e7i, uzun \u00f6m\u00fcrl\u00fc ve \u00e7evreci  Dijital elektromekanik kumanda paneli  Direk akuple fanlar  G\u00fcvenlik termostad\u0131  Paslanmaya kar\u015f\u0131 korumal\u0131 \u00f6zel yanma odas\u0131  G\u00fcvenlik i\u00e7in elektromanyetik valf  4 Kanatl\u0131, b\u00fcy\u00fck pencereli giri\u015f ve \u00e7\u0131k\u0131\u015f kap\u0131lar\u0131  Uygulama tipi: 300 mm d\u00fc\u015f\u00fck d\u00f6\u015feme  \u0130\u00e7 boyutlar: 7000 x 4000 x 3000 mm  D\u0131\u015f boyutlar: 7120 x 4120 x 3815 mm  Makine b\u00f6l\u00fcm\u00fc yer ihtiyac\u0131: 5000 x 1800 x 3815 mm  Exproof fanlar: 2 x 7,5 kW (Fan kapasitesi 2 x 24.000 m\u00b3\/h)  Komple 5 \u015feritli galvanizli taban \u0131zgaras\u0131 (Tekerlek ba\u015f\u0131 800 kg, toplam ara\u00e7 ta\u015f\u0131ma kapasitesi 3200 kg)  I\u015f\u0131kland\u0131rma: %60 enerji tasarrufu sa\u011flayan yeni LED \u0131\u015f\u0131k teknolojisi  36 adet 20 Watt, 1600 Lux","og_url":"https:\/\/bakirci.com\/ekipman\/servis-ekipmanlari\/boya\/boya-kabini-ve-hazirlik\/boyama-ve-kurutma-kabiniblowtherm-born-in-italyworld-special-7000dis-boyutlar-7120-x-4120-x-3815-mm-exproof-fanlar-2-x-75-kw\/","og_site_name":"Bak\u0131rc\u0131 Garagineering","article_publisher":"https:\/\/www.facebook.com\/bakirci.garagineering","article_modified_time":"2021-08-16T07:24:02+00:00","og_image":[{"width":1200,"height":744,"url":"https:\/\/bakirci.com\/ekipman\/wp-content\/uploads\/2021\/06\/World-7000.png","path":"\/home\/bakirciwebsitesi\/public_html\/ekipman\/wp-content\/uploads\/2021\/06\/World-7000.png","size":"full","id":4779,"alt":"","pixels":892800,"type":"image\/png"}],"twitter_card":"summary_large_image","twitter_misc":{"Tahmini okuma s\u00fcresi":"1 dakika"},"schema":{"@context":"https:\/\/schema.org","@graph":[{"@type":"Organization","@id":"https:\/\/bakirci.com\/ekipman\/#organization","name":"Bak\u0131rc\u0131 garagineering","url":"https:\/\/bakirci.com\/ekipman\/","sameAs":["https:\/\/www.facebook.com\/bakirci.garagineering","https:\/\/www.instagram.com\/bakirci.garagineering\/","https:\/\/www.linkedin.com\/company\/bakirci-garagineering\/","https:\/\/www.youtube.com\/channel\/UCiVG6s_jALJ6Zk8085XiOQg"],"logo":{"@type":"ImageObject","@id":"https:\/\/bakirci.com\/ekipman\/#logo","inLanguage":"tr","url":"https:\/\/bakirci.com\/ekipman\/wp-content\/uploads\/2021\/09\/Bakirci-logo-lacivert.png","contentUrl":"https:\/\/bakirci.com\/ekipman\/wp-content\/uploads\/2021\/09\/Bakirci-logo-lacivert.png","width":501,"height":501,"caption":"Bak\u0131rc\u0131 garagineering"},"image":{"@id":"https:\/\/bakirci.com\/ekipman\/#logo"}},{"@type":"WebSite","@id":"https:\/\/bakirci.com\/ekipman\/#website","url":"https:\/\/bakirci.com\/ekipman\/","name":"Bak\u0131rc\u0131 Garagineering","description":"Otomotiv sekt\u00f6r\u00fcne \u00f6zel, \u201c\u00dcretici Standard\u0131nda\u201d \u00e7\u00f6z\u00fcmler\u2026","publisher":{"@id":"https:\/\/bakirci.com\/ekipman\/#organization"},"potentialAction":[{"@type":"SearchAction","target":{"@type":"EntryPoint","urlTemplate":"https:\/\/bakirci.com\/ekipman\/?s={search_term_string}"},"query-input":"required name=search_term_string"}],"inLanguage":"tr"},{"@type":"ImageObject","@id":"https:\/\/bakirci.com\/ekipman\/servis-ekipmanlari\/boya\/boya-kabini-ve-hazirlik\/boyama-ve-kurutma-kabiniblowtherm-born-in-italyworld-special-7000dis-boyutlar-7120-x-4120-x-3815-mm-exproof-fanlar-2-x-75-kw\/#primaryimage","inLanguage":"tr","url":"https:\/\/bakirci.com\/ekipman\/wp-content\/uploads\/2021\/06\/World-7000.png","contentUrl":"https:\/\/bakirci.com\/ekipman\/wp-content\/uploads\/2021\/06\/World-7000.png","width":1200,"height":744},{"@type":"WebPage","@id":"https:\/\/bakirci.com\/ekipman\/servis-ekipmanlari\/boya\/boya-kabini-ve-hazirlik\/boyama-ve-kurutma-kabiniblowtherm-born-in-italyworld-special-7000dis-boyutlar-7120-x-4120-x-3815-mm-exproof-fanlar-2-x-75-kw\/#webpage","url":"https:\/\/bakirci.com\/ekipman\/servis-ekipmanlari\/boya\/boya-kabini-ve-hazirlik\/boyama-ve-kurutma-kabiniblowtherm-born-in-italyworld-special-7000dis-boyutlar-7120-x-4120-x-3815-mm-exproof-fanlar-2-x-75-kw\/","name":"Boyama ve Kurutma Kabini BLOWTHERM (Born in ITALY)World 7000 D\u0131\u015f boyutlar : 7120 x 4120 x 3815 mm, exproof fanlar: 2 x 7,5 kW - Bak\u0131rc\u0131 Garagineering","isPartOf":{"@id":"https:\/\/bakirci.com\/ekipman\/#website"},"primaryImageOfPage":{"@id":"https:\/\/bakirci.com\/ekipman\/servis-ekipmanlari\/boya\/boya-kabini-ve-hazirlik\/boyama-ve-kurutma-kabiniblowtherm-born-in-italyworld-special-7000dis-boyutlar-7120-x-4120-x-3815-mm-exproof-fanlar-2-x-75-kw\/#primaryimage"},"datePublished":"2021-01-02T01:25:35+00:00","dateModified":"2021-08-16T07:24:02+00:00","breadcrumb":{"@id":"https:\/\/bakirci.com\/ekipman\/servis-ekipmanlari\/boya\/boya-kabini-ve-hazirlik\/boyama-ve-kurutma-kabiniblowtherm-born-in-italyworld-special-7000dis-boyutlar-7120-x-4120-x-3815-mm-exproof-fanlar-2-x-75-kw\/#breadcrumb"},"inLanguage":"tr","potentialAction":[{"@type":"ReadAction","target":["https:\/\/bakirci.com\/ekipman\/servis-ekipmanlari\/boya\/boya-kabini-ve-hazirlik\/boyama-ve-kurutma-kabiniblowtherm-born-in-italyworld-special-7000dis-boyutlar-7120-x-4120-x-3815-mm-exproof-fanlar-2-x-75-kw\/"]}]},{"@type":"BreadcrumbList","@id":"https:\/\/bakirci.com\/ekipman\/servis-ekipmanlari\/boya\/boya-kabini-ve-hazirlik\/boyama-ve-kurutma-kabiniblowtherm-born-in-italyworld-special-7000dis-boyutlar-7120-x-4120-x-3815-mm-exproof-fanlar-2-x-75-kw\/#breadcrumb","itemListElement":[{"@type":"ListItem","position":1,"name":"Ekipman","item":"https:\/\/bakirci.com\/ekipman\/"},{"@type":"ListItem","position":2,"name":"Otomotiv Tesisleri \u0130\u00e7in Servis Ekipmanlar\u0131","item":"https:\/\/bakirci.com\/ekipman\/"},{"@type":"ListItem","position":3,"name":"Boyama ve Kurutma KabiniBLOWTHERM (Born in ITALY)World 7000D\u0131\u015f boyutlar : 7120 x 4120 x 3815 mm,exproof fanlar: 2 x 7,5 kW"}]}]}},"_links":{"self":[{"href":"https:\/\/bakirci.com\/ekipman\/wp-json\/wp\/v2\/product\/4642","targetHints":{"allow":["GET"]}}],"collection":[{"href":"https:\/\/bakirci.com\/ekipman\/wp-json\/wp\/v2\/product"}],"about":[{"href":"https:\/\/bakirci.com\/ekipman\/wp-json\/wp\/v2\/types\/product"}],"replies":[{"embeddable":true,"href":"https:\/\/bakirci.com\/ekipman\/wp-json\/wp\/v2\/comments?post=4642"}],"wp:featuredmedia":[{"embeddable":true,"href":"https:\/\/bakirci.com\/ekipman\/wp-json\/wp\/v2\/media\/4779"}],"wp:attachment":[{"href":"https:\/\/bakirci.com\/ekipman\/wp-json\/wp\/v2\/media?parent=4642"}],"wp:term":[{"taxonomy":"product_cat","embeddable":true,"href":"https:\/\/bakirci.com\/ekipman\/wp-json\/wp\/v2\/product_cat?post=4642"},{"taxonomy":"product_tag","embeddable":true,"href":"https:\/\/bakirci.com\/ekipman\/wp-json\/wp\/v2\/product_tag?post=4642"}],"curies":[{"name":"wp","href":"https:\/\/api.w.org\/{rel}","templated":true}]}}