{"id":4634,"date":"2021-01-02T02:05:43","date_gmt":"2021-01-02T02:05:43","guid":{"rendered":"https:\/\/j6l.65c.myftpupload.com\/?post_type=product&#038;p=4634"},"modified":"2021-09-14T07:03:13","modified_gmt":"2021-09-14T07:03:13","slug":"wk-com-nb-170","status":"publish","type":"product","link":"https:\/\/bakirci.com\/ekipman\/servis-ekipmanlari\/boya\/boya-kabini-ve-hazirlik\/wk-com-nb-170\/","title":{"rendered":"<p class=\"ustmetin\">Boya Haz\u0131rl\u0131k Sistemi<\/p><p class=\"ortametin\">WOLF <span class=\"ortametin2\">(Born in GERMANY)<\/span><p class=\"altmetin\">WK-COM NB 170<br>Izgaral\u0131 \u00e7al\u0131\u015fma alan\u0131 : 2\/3\/4\/5\/6\/7 x 6000<br>x 2400 mm<\/p>"},"content":{"rendered":"<ul>\n<li>Boya Haz\u0131rl\u0131k Sistemi &#8211; WK-COM NB 170<\/li>\n<li>M\u00fckemmel boyama i\u00e7in en uygun ko\u015fullar\u0131 sa\u011flayan boya haz\u0131rl\u0131k alanlar\u0131<\/li>\n<li>D\u0131\u015far\u0131dan emilen so\u011fuk havay\u0131, s\u0131cak su ile \u0131s\u0131tarak haz\u0131rl\u0131k alanlar\u0131na basan teknoloji<\/li>\n<li>Siemens marka, en modern kumanda paneli<\/li>\n<li>Y\u00fcksek kullan\u0131m konforu ve azami enerji etkinli\u011fi<\/li>\n<li>\u0130\u015fletme maliyetlerini d\u00fc\u015f\u00fcren 3 farkl\u0131 \u00e7al\u0131\u015ft\u0131rma program\u0131 (Astarlama \/ Servis Is\u0131tma \/ Servis Havaland\u0131rma)<\/li>\n<li>Uygulama tipi: -1100 mm \/ -400 mm<\/li>\n<li>Izgaral\u0131 \u00e7al\u0131\u015fma alan\u0131: 2\/3\/4\/5\/6\/7 x 6000 x 2400 mm<\/li>\n<li>Temiz hava basma fan\u0131: 7,5 kW (19.000 m\u00b3\/h)<\/li>\n<li>Temiz hava basma fan\u0131: 18,5 kW (30.000 m\u00b3\/h)<\/li>\n<li>Egzoz emi\u015f fan\u0131: 7,5 kW (19.000 m\u00b3\/h)<\/li>\n<li>Egzoz emi\u015f fan\u0131: 18,5 kW (30.000 m\u00b3\/h)<\/li>\n<li>Komple galvanizli taban \u0131zgaras\u0131 (1000 kg)<\/li>\n<\/ul>\n","protected":false},"excerpt":{"rendered":"<ul>\n<li>Boya Haz\u0131rl\u0131k Sistemi &#8211; WK-COM NB 170<\/li>\n<li>M\u00fckemmel boyama i\u00e7in en uygun ko\u015fullar\u0131 sa\u011flayan boya haz\u0131rl\u0131k alanlar\u0131<\/li>\n<li>D\u0131\u015far\u0131dan emilen so\u011fuk havay\u0131, s\u0131cak su ile \u0131s\u0131tarak haz\u0131rl\u0131k alanlar\u0131na basan teknoloji<\/li>\n<li>Siemens marka, en modern kumanda paneli<\/li>\n<li>Y\u00fcksek kullan\u0131m konforu ve azami enerji etkinli\u011fi<\/li>\n<li>\u0130\u015fletme maliyetlerini d\u00fc\u015f\u00fcren 3 farkl\u0131 \u00e7al\u0131\u015ft\u0131rma program\u0131 (Astarlama \/ Servis Is\u0131tma \/ Servis Havaland\u0131rma)<\/li>\n<li>Uygulama tipi: -1100 mm \/ -400 mm<\/li>\n<li>Izgaral\u0131 \u00e7al\u0131\u015fma alan\u0131: 2\/3\/4\/5\/6\/7 x 6000 x 2400 mm<\/li>\n<li>Temiz hava basma fan\u0131: 7,5 kW (19.000 m\u00b3\/h)<\/li>\n<li>Temiz hava basma fan\u0131: 18,5 kW (30.000 m\u00b3\/h)<\/li>\n<li>Egzoz emi\u015f fan\u0131: 7,5 kW (19.000 m\u00b3\/h)<\/li>\n<li>Egzoz emi\u015f fan\u0131: 18,5 kW (30.000 m\u00b3\/h)<\/li>\n<li>Komple galvanizli taban \u0131zgaras\u0131 (1000 kg)<\/li>\n<\/ul>\n","protected":false},"featured_media":4777,"comment_status":"closed","ping_status":"closed","template":"","meta":[],"product_cat":[179],"product_tag":[708,710,707,720,727,706,725,726,718,711,719,723,724,717,722,716,715,709,712,714,713,353,721],"class_list":["post-4634","product","type-product","status-publish","has-post-thumbnail","hentry","pwb-brand-wolf","product_cat-boya-kabini-ve-hazirlik","product_tag-arac-boyama","product_tag-astar-atma","product_tag-astar-firini","product_tag-astar-tesisi","product_tag-boya-atma-firini","product_tag-boya-firini","product_tag-boya-miks","product_tag-boya-mix","product_tag-boya-tesisi","product_tag-boyama-kabini","product_tag-boyama-tesisi","product_tag-filitreli-boya-firini","product_tag-filtreli-boya-firini","product_tag-isitma-kabini","product_tag-kurutma-firini","product_tag-oto-boya-kabini","product_tag-oto-boyama-kabini","product_tag-otomobil-boyama","product_tag-renk-atma","product_tag-solvent-bazli-boya-kabini","product_tag-su-bazli-boya-kabini","product_tag-wolf","product_tag-zimparalama-tesisi"],"brands":[{"id":386,"name":"WOLF","slug":"wolf"}],"yoast_head":"<!-- This site is optimized with the Yoast SEO plugin v17.1 - https:\/\/yoast.com\/wordpress\/plugins\/seo\/ -->\n<title>Boya Haz\u0131rl\u0131k SistemiWOLF (Born in GERMANY)WK-COM NB 170Izgaral\u0131 \u00e7al\u0131\u015fma alan\u0131 : 2\/3\/4\/5\/6\/7 x 6000x 2400 mm - Bak\u0131rc\u0131 Garagineering<\/title>\n<meta name=\"robots\" content=\"index, follow, max-snippet:-1, max-image-preview:large, max-video-preview:-1\" \/>\n<link rel=\"canonical\" href=\"https:\/\/bakirci.com\/ekipman\/servis-ekipmanlari\/boya\/boya-kabini-ve-hazirlik\/wk-com-nb-170\/\" \/>\n<meta property=\"og:locale\" content=\"tr_TR\" \/>\n<meta property=\"og:type\" content=\"article\" \/>\n<meta property=\"og:title\" content=\"Boya Haz\u0131rl\u0131k SistemiWOLF (Born in GERMANY)WK-COM NB 170Izgaral\u0131 \u00e7al\u0131\u015fma alan\u0131 : 2\/3\/4\/5\/6\/7 x 6000x 2400 mm - Bak\u0131rc\u0131 Garagineering\" \/>\n<meta property=\"og:description\" content=\"Boya Haz\u0131rl\u0131k Sistemi - WK-COM NB 170  M\u00fckemmel boyama i\u00e7in en uygun ko\u015fullar\u0131 sa\u011flayan boya haz\u0131rl\u0131k alanlar\u0131  D\u0131\u015far\u0131dan emilen so\u011fuk havay\u0131, s\u0131cak su ile \u0131s\u0131tarak haz\u0131rl\u0131k alanlar\u0131na basan teknoloji  Siemens marka, en modern kumanda paneli  Y\u00fcksek kullan\u0131m konforu ve azami enerji etkinli\u011fi  \u0130\u015fletme maliyetlerini d\u00fc\u015f\u00fcren 3 farkl\u0131 \u00e7al\u0131\u015ft\u0131rma program\u0131 (Astarlama \/ Servis Is\u0131tma \/ Servis Havaland\u0131rma)  Uygulama tipi: -1100 mm \/ -400 mm  Izgaral\u0131 \u00e7al\u0131\u015fma alan\u0131: 2\/3\/4\/5\/6\/7 x 6000 x 2400 mm  Temiz hava basma fan\u0131: 7,5 kW (19.000 m\u00b3\/h)  Temiz hava basma fan\u0131: 18,5 kW (30.000 m\u00b3\/h)  Egzoz emi\u015f fan\u0131: 7,5 kW (19.000 m\u00b3\/h)  Egzoz emi\u015f fan\u0131: 18,5 kW (30.000 m\u00b3\/h)  Komple galvanizli taban \u0131zgaras\u0131 (1000 kg)\" \/>\n<meta property=\"og:url\" content=\"https:\/\/bakirci.com\/ekipman\/servis-ekipmanlari\/boya\/boya-kabini-ve-hazirlik\/wk-com-nb-170\/\" \/>\n<meta property=\"og:site_name\" content=\"Bak\u0131rc\u0131 Garagineering\" \/>\n<meta property=\"article:publisher\" content=\"https:\/\/www.facebook.com\/bakirci.garagineering\" \/>\n<meta property=\"article:modified_time\" content=\"2021-09-14T07:03:13+00:00\" \/>\n<meta property=\"og:image\" content=\"https:\/\/bakirci.com\/ekipman\/wp-content\/uploads\/2021\/06\/WK-COM-NB-170.png\" \/>\n\t<meta property=\"og:image:width\" content=\"1200\" \/>\n\t<meta property=\"og:image:height\" content=\"806\" \/>\n<meta name=\"twitter:card\" content=\"summary_large_image\" \/>\n<meta name=\"twitter:label1\" content=\"Tahmini okuma s\u00fcresi\" \/>\n\t<meta name=\"twitter:data1\" content=\"1 dakika\" \/>\n<script type=\"application\/ld+json\" class=\"yoast-schema-graph\">{\"@context\":\"https:\/\/schema.org\",\"@graph\":[{\"@type\":\"Organization\",\"@id\":\"https:\/\/bakirci.com\/ekipman\/#organization\",\"name\":\"Bak\\u0131rc\\u0131 garagineering\",\"url\":\"https:\/\/bakirci.com\/ekipman\/\",\"sameAs\":[\"https:\/\/www.facebook.com\/bakirci.garagineering\",\"https:\/\/www.instagram.com\/bakirci.garagineering\/\",\"https:\/\/www.linkedin.com\/company\/bakirci-garagineering\/\",\"https:\/\/www.youtube.com\/channel\/UCiVG6s_jALJ6Zk8085XiOQg\"],\"logo\":{\"@type\":\"ImageObject\",\"@id\":\"https:\/\/bakirci.com\/ekipman\/#logo\",\"inLanguage\":\"tr\",\"url\":\"https:\/\/bakirci.com\/ekipman\/wp-content\/uploads\/2021\/09\/Bakirci-logo-lacivert.png\",\"contentUrl\":\"https:\/\/bakirci.com\/ekipman\/wp-content\/uploads\/2021\/09\/Bakirci-logo-lacivert.png\",\"width\":501,\"height\":501,\"caption\":\"Bak\\u0131rc\\u0131 garagineering\"},\"image\":{\"@id\":\"https:\/\/bakirci.com\/ekipman\/#logo\"}},{\"@type\":\"WebSite\",\"@id\":\"https:\/\/bakirci.com\/ekipman\/#website\",\"url\":\"https:\/\/bakirci.com\/ekipman\/\",\"name\":\"Bak\\u0131rc\\u0131 Garagineering\",\"description\":\"Otomotiv sekt\\u00f6r\\u00fcne \\u00f6zel, \\u201c\\u00dcretici Standard\\u0131nda\\u201d \\u00e7\\u00f6z\\u00fcmler\\u2026\",\"publisher\":{\"@id\":\"https:\/\/bakirci.com\/ekipman\/#organization\"},\"potentialAction\":[{\"@type\":\"SearchAction\",\"target\":{\"@type\":\"EntryPoint\",\"urlTemplate\":\"https:\/\/bakirci.com\/ekipman\/?s={search_term_string}\"},\"query-input\":\"required name=search_term_string\"}],\"inLanguage\":\"tr\"},{\"@type\":\"ImageObject\",\"@id\":\"https:\/\/bakirci.com\/ekipman\/servis-ekipmanlari\/boya\/boya-kabini-ve-hazirlik\/wk-com-nb-170\/#primaryimage\",\"inLanguage\":\"tr\",\"url\":\"https:\/\/bakirci.com\/ekipman\/wp-content\/uploads\/2021\/06\/WK-COM-NB-170.png\",\"contentUrl\":\"https:\/\/bakirci.com\/ekipman\/wp-content\/uploads\/2021\/06\/WK-COM-NB-170.png\",\"width\":1200,\"height\":806},{\"@type\":\"WebPage\",\"@id\":\"https:\/\/bakirci.com\/ekipman\/servis-ekipmanlari\/boya\/boya-kabini-ve-hazirlik\/wk-com-nb-170\/#webpage\",\"url\":\"https:\/\/bakirci.com\/ekipman\/servis-ekipmanlari\/boya\/boya-kabini-ve-hazirlik\/wk-com-nb-170\/\",\"name\":\"Boya Haz\\u0131rl\\u0131k Sistemi WOLF (Born in GERMANY)WK-COM NB 170 Izgaral\\u0131 \\u00e7al\\u0131\\u015fma alan\\u0131 : 2\/3\/4\/5\/6\/7 x 6000 x 2400 mm - Bak\\u0131rc\\u0131 Garagineering\",\"isPartOf\":{\"@id\":\"https:\/\/bakirci.com\/ekipman\/#website\"},\"primaryImageOfPage\":{\"@id\":\"https:\/\/bakirci.com\/ekipman\/servis-ekipmanlari\/boya\/boya-kabini-ve-hazirlik\/wk-com-nb-170\/#primaryimage\"},\"datePublished\":\"2021-01-02T02:05:43+00:00\",\"dateModified\":\"2021-09-14T07:03:13+00:00\",\"breadcrumb\":{\"@id\":\"https:\/\/bakirci.com\/ekipman\/servis-ekipmanlari\/boya\/boya-kabini-ve-hazirlik\/wk-com-nb-170\/#breadcrumb\"},\"inLanguage\":\"tr\",\"potentialAction\":[{\"@type\":\"ReadAction\",\"target\":[\"https:\/\/bakirci.com\/ekipman\/servis-ekipmanlari\/boya\/boya-kabini-ve-hazirlik\/wk-com-nb-170\/\"]}]},{\"@type\":\"BreadcrumbList\",\"@id\":\"https:\/\/bakirci.com\/ekipman\/servis-ekipmanlari\/boya\/boya-kabini-ve-hazirlik\/wk-com-nb-170\/#breadcrumb\",\"itemListElement\":[{\"@type\":\"ListItem\",\"position\":1,\"name\":\"Ekipman\",\"item\":\"https:\/\/bakirci.com\/ekipman\/\"},{\"@type\":\"ListItem\",\"position\":2,\"name\":\"Otomotiv Tesisleri \\u0130\\u00e7in Servis Ekipmanlar\\u0131\",\"item\":\"https:\/\/bakirci.com\/ekipman\/\"},{\"@type\":\"ListItem\",\"position\":3,\"name\":\"Boya Haz\\u0131rl\\u0131k SistemiWOLF (Born in GERMANY)WK-COM NB 170Izgaral\\u0131 \\u00e7al\\u0131\\u015fma alan\\u0131 : 2\/3\/4\/5\/6\/7 x 6000x 2400 mm\"}]}]}<\/script>\n<!-- \/ Yoast SEO plugin. -->","yoast_head_json":{"title":"Boya Haz\u0131rl\u0131k SistemiWOLF (Born in GERMANY)WK-COM NB 170Izgaral\u0131 \u00e7al\u0131\u015fma alan\u0131 : 2\/3\/4\/5\/6\/7 x 6000x 2400 mm - Bak\u0131rc\u0131 Garagineering","robots":{"index":"index","follow":"follow","max-snippet":"max-snippet:-1","max-image-preview":"max-image-preview:large","max-video-preview":"max-video-preview:-1"},"canonical":"https:\/\/bakirci.com\/ekipman\/servis-ekipmanlari\/boya\/boya-kabini-ve-hazirlik\/wk-com-nb-170\/","og_locale":"tr_TR","og_type":"article","og_title":"Boya Haz\u0131rl\u0131k SistemiWOLF (Born in GERMANY)WK-COM NB 170Izgaral\u0131 \u00e7al\u0131\u015fma alan\u0131 : 2\/3\/4\/5\/6\/7 x 6000x 2400 mm - Bak\u0131rc\u0131 Garagineering","og_description":"Boya Haz\u0131rl\u0131k Sistemi - WK-COM NB 170  M\u00fckemmel boyama i\u00e7in en uygun ko\u015fullar\u0131 sa\u011flayan boya haz\u0131rl\u0131k alanlar\u0131  D\u0131\u015far\u0131dan emilen so\u011fuk havay\u0131, s\u0131cak su ile \u0131s\u0131tarak haz\u0131rl\u0131k alanlar\u0131na basan teknoloji  Siemens marka, en modern kumanda paneli  Y\u00fcksek kullan\u0131m konforu ve azami enerji etkinli\u011fi  \u0130\u015fletme maliyetlerini d\u00fc\u015f\u00fcren 3 farkl\u0131 \u00e7al\u0131\u015ft\u0131rma program\u0131 (Astarlama \/ Servis Is\u0131tma \/ Servis Havaland\u0131rma)  Uygulama tipi: -1100 mm \/ -400 mm  Izgaral\u0131 \u00e7al\u0131\u015fma alan\u0131: 2\/3\/4\/5\/6\/7 x 6000 x 2400 mm  Temiz hava basma fan\u0131: 7,5 kW (19.000 m\u00b3\/h)  Temiz hava basma fan\u0131: 18,5 kW (30.000 m\u00b3\/h)  Egzoz emi\u015f fan\u0131: 7,5 kW (19.000 m\u00b3\/h)  Egzoz emi\u015f fan\u0131: 18,5 kW (30.000 m\u00b3\/h)  Komple galvanizli taban \u0131zgaras\u0131 (1000 kg)","og_url":"https:\/\/bakirci.com\/ekipman\/servis-ekipmanlari\/boya\/boya-kabini-ve-hazirlik\/wk-com-nb-170\/","og_site_name":"Bak\u0131rc\u0131 Garagineering","article_publisher":"https:\/\/www.facebook.com\/bakirci.garagineering","article_modified_time":"2021-09-14T07:03:13+00:00","og_image":[{"width":1200,"height":806,"url":"https:\/\/bakirci.com\/ekipman\/wp-content\/uploads\/2021\/06\/WK-COM-NB-170.png","path":"\/home\/bakirciwebsitesi\/public_html\/ekipman\/wp-content\/uploads\/2021\/06\/WK-COM-NB-170.png","size":"full","id":4777,"alt":"","pixels":967200,"type":"image\/png"}],"twitter_card":"summary_large_image","twitter_misc":{"Tahmini okuma s\u00fcresi":"1 dakika"},"schema":{"@context":"https:\/\/schema.org","@graph":[{"@type":"Organization","@id":"https:\/\/bakirci.com\/ekipman\/#organization","name":"Bak\u0131rc\u0131 garagineering","url":"https:\/\/bakirci.com\/ekipman\/","sameAs":["https:\/\/www.facebook.com\/bakirci.garagineering","https:\/\/www.instagram.com\/bakirci.garagineering\/","https:\/\/www.linkedin.com\/company\/bakirci-garagineering\/","https:\/\/www.youtube.com\/channel\/UCiVG6s_jALJ6Zk8085XiOQg"],"logo":{"@type":"ImageObject","@id":"https:\/\/bakirci.com\/ekipman\/#logo","inLanguage":"tr","url":"https:\/\/bakirci.com\/ekipman\/wp-content\/uploads\/2021\/09\/Bakirci-logo-lacivert.png","contentUrl":"https:\/\/bakirci.com\/ekipman\/wp-content\/uploads\/2021\/09\/Bakirci-logo-lacivert.png","width":501,"height":501,"caption":"Bak\u0131rc\u0131 garagineering"},"image":{"@id":"https:\/\/bakirci.com\/ekipman\/#logo"}},{"@type":"WebSite","@id":"https:\/\/bakirci.com\/ekipman\/#website","url":"https:\/\/bakirci.com\/ekipman\/","name":"Bak\u0131rc\u0131 Garagineering","description":"Otomotiv sekt\u00f6r\u00fcne \u00f6zel, \u201c\u00dcretici Standard\u0131nda\u201d \u00e7\u00f6z\u00fcmler\u2026","publisher":{"@id":"https:\/\/bakirci.com\/ekipman\/#organization"},"potentialAction":[{"@type":"SearchAction","target":{"@type":"EntryPoint","urlTemplate":"https:\/\/bakirci.com\/ekipman\/?s={search_term_string}"},"query-input":"required name=search_term_string"}],"inLanguage":"tr"},{"@type":"ImageObject","@id":"https:\/\/bakirci.com\/ekipman\/servis-ekipmanlari\/boya\/boya-kabini-ve-hazirlik\/wk-com-nb-170\/#primaryimage","inLanguage":"tr","url":"https:\/\/bakirci.com\/ekipman\/wp-content\/uploads\/2021\/06\/WK-COM-NB-170.png","contentUrl":"https:\/\/bakirci.com\/ekipman\/wp-content\/uploads\/2021\/06\/WK-COM-NB-170.png","width":1200,"height":806},{"@type":"WebPage","@id":"https:\/\/bakirci.com\/ekipman\/servis-ekipmanlari\/boya\/boya-kabini-ve-hazirlik\/wk-com-nb-170\/#webpage","url":"https:\/\/bakirci.com\/ekipman\/servis-ekipmanlari\/boya\/boya-kabini-ve-hazirlik\/wk-com-nb-170\/","name":"Boya Haz\u0131rl\u0131k Sistemi WOLF (Born in GERMANY)WK-COM NB 170 Izgaral\u0131 \u00e7al\u0131\u015fma alan\u0131 : 2\/3\/4\/5\/6\/7 x 6000 x 2400 mm - Bak\u0131rc\u0131 Garagineering","isPartOf":{"@id":"https:\/\/bakirci.com\/ekipman\/#website"},"primaryImageOfPage":{"@id":"https:\/\/bakirci.com\/ekipman\/servis-ekipmanlari\/boya\/boya-kabini-ve-hazirlik\/wk-com-nb-170\/#primaryimage"},"datePublished":"2021-01-02T02:05:43+00:00","dateModified":"2021-09-14T07:03:13+00:00","breadcrumb":{"@id":"https:\/\/bakirci.com\/ekipman\/servis-ekipmanlari\/boya\/boya-kabini-ve-hazirlik\/wk-com-nb-170\/#breadcrumb"},"inLanguage":"tr","potentialAction":[{"@type":"ReadAction","target":["https:\/\/bakirci.com\/ekipman\/servis-ekipmanlari\/boya\/boya-kabini-ve-hazirlik\/wk-com-nb-170\/"]}]},{"@type":"BreadcrumbList","@id":"https:\/\/bakirci.com\/ekipman\/servis-ekipmanlari\/boya\/boya-kabini-ve-hazirlik\/wk-com-nb-170\/#breadcrumb","itemListElement":[{"@type":"ListItem","position":1,"name":"Ekipman","item":"https:\/\/bakirci.com\/ekipman\/"},{"@type":"ListItem","position":2,"name":"Otomotiv Tesisleri \u0130\u00e7in Servis Ekipmanlar\u0131","item":"https:\/\/bakirci.com\/ekipman\/"},{"@type":"ListItem","position":3,"name":"Boya Haz\u0131rl\u0131k SistemiWOLF (Born in GERMANY)WK-COM NB 170Izgaral\u0131 \u00e7al\u0131\u015fma alan\u0131 : 2\/3\/4\/5\/6\/7 x 6000x 2400 mm"}]}]}},"_links":{"self":[{"href":"https:\/\/bakirci.com\/ekipman\/wp-json\/wp\/v2\/product\/4634","targetHints":{"allow":["GET"]}}],"collection":[{"href":"https:\/\/bakirci.com\/ekipman\/wp-json\/wp\/v2\/product"}],"about":[{"href":"https:\/\/bakirci.com\/ekipman\/wp-json\/wp\/v2\/types\/product"}],"replies":[{"embeddable":true,"href":"https:\/\/bakirci.com\/ekipman\/wp-json\/wp\/v2\/comments?post=4634"}],"wp:featuredmedia":[{"embeddable":true,"href":"https:\/\/bakirci.com\/ekipman\/wp-json\/wp\/v2\/media\/4777"}],"wp:attachment":[{"href":"https:\/\/bakirci.com\/ekipman\/wp-json\/wp\/v2\/media?parent=4634"}],"wp:term":[{"taxonomy":"product_cat","embeddable":true,"href":"https:\/\/bakirci.com\/ekipman\/wp-json\/wp\/v2\/product_cat?post=4634"},{"taxonomy":"product_tag","embeddable":true,"href":"https:\/\/bakirci.com\/ekipman\/wp-json\/wp\/v2\/product_tag?post=4634"}],"curies":[{"name":"wp","href":"https:\/\/api.w.org\/{rel}","templated":true}]}}