{"id":4631,"date":"2021-01-02T02:20:53","date_gmt":"2021-01-02T02:20:53","guid":{"rendered":"https:\/\/j6l.65c.myftpupload.com\/?post_type=product&#038;p=4631"},"modified":"2021-09-14T07:02:14","modified_gmt":"2021-09-14T07:02:14","slug":"taifuno-4-b-t2-q-vision","status":"publish","type":"product","link":"https:\/\/bakirci.com\/ekipman\/servis-ekipmanlari\/boya\/boya-kabini-ve-hazirlik\/taifuno-4-b-t2-q-vision\/","title":{"rendered":"<p class=\"ustmetin\">Boyama ve Kurutma Kabini + 2x Kurutma Kabini<\/p><p class=\"ortametin\">WOLF <span class=\"ortametin2\">(Born in GERMANY)<\/span><p class=\"altmetin\">Taifuno 4\/B-T2-Q Vision<br>D\u0131\u015f boyutlar\u0131 : 8600 x 4100 x 4400 mm \/ 7100 x 5300 x 3650 mm<\/p>"},"content":{"rendered":"<ul>\n<li>Boyama ve Kurutma Kabini + 2x Kurutma Kabini &#8211; Taifuno 4\/B-T2-Q Vision<\/li>\n<li>Yo\u011fun kaporta boya merkezleri i\u00e7in, verimlili\u011fi en \u00fcst d\u00fczeye ta\u015f\u0131yan kombine sistem<\/li>\n<li>T\u00fcm i\u015flemleri kay\u0131t alt\u0131na alan bilgisayar sistemi ile ba\u015ftan sona tam s\u00fcre\u00e7 g\u00fcvencesi<\/li>\n<li>\u0130\u015fletme maliyetlerini d\u00fc\u015f\u00fcren 6 farkl\u0131 \u00e7al\u0131\u015ft\u0131rma program\u0131<\/li>\n<li>Boyama ve kurutma kabini i\u00e7\/d\u0131\u015f boyutlar\u0131: 8500 x 4000 x 3400 mm \/ 8600 x 4100 x 4400 mm<\/li>\n<li>Kurutma kabini i\u00e7\/d\u0131\u015f boyutlar: 7000 x 5200 x 2950 mm \/ 7100 x 5300 x 3650 mm<\/li>\n<li>Uygulama tipi: -1100 mm \/ -400 mm \/ +400 mm<\/li>\n<li>Otomatik elektrikli al\u00fcminyum perde sistemi<\/li>\n<li>Rayl\u0131 ara\u00e7 kayd\u0131rma sistemi<\/li>\n<\/ul>\n","protected":false},"excerpt":{"rendered":"<ul>\n<li>Boyama ve Kurutma Kabini + 2x Kurutma Kabini &#8211; Taifuno 4\/B-T2-Q Vision<\/li>\n<li>Yo\u011fun kaporta boya merkezleri i\u00e7in, verimlili\u011fi en \u00fcst d\u00fczeye ta\u015f\u0131yan kombine sistem<\/li>\n<li>T\u00fcm i\u015flemleri kay\u0131t alt\u0131na alan bilgisayar sistemi ile ba\u015ftan sona tam s\u00fcre\u00e7 g\u00fcvencesi<\/li>\n<li>\u0130\u015fletme maliyetlerini d\u00fc\u015f\u00fcren 6 farkl\u0131 \u00e7al\u0131\u015ft\u0131rma program\u0131<\/li>\n<li>Boyama ve kurutma kabini i\u00e7\/d\u0131\u015f boyutlar\u0131: 8500 x 4000 x 3400 mm \/ 8600 x 4100 x 4400 mm<\/li>\n<li>Kurutma kabini i\u00e7\/d\u0131\u015f boyutlar: 7000 x 5200 x 2950 mm \/ 7100 x 5300 x 3650 mm<\/li>\n<li>Uygulama tipi: -1100 mm \/ -400 mm \/ +400 mm<\/li>\n<li>Otomatik elektrikli al\u00fcminyum perde sistemi<\/li>\n<li>Rayl\u0131 ara\u00e7 kayd\u0131rma sistemi<\/li>\n<\/ul>\n","protected":false},"featured_media":4774,"comment_status":"closed","ping_status":"closed","template":"","meta":[],"product_cat":[179],"product_tag":[708,710,707,720,727,706,725,726,718,711,719,723,724,717,722,716,715,709,712,714,713,353,721],"class_list":["post-4631","product","type-product","status-publish","has-post-thumbnail","hentry","pwb-brand-wolf","product_cat-boya-kabini-ve-hazirlik","product_tag-arac-boyama","product_tag-astar-atma","product_tag-astar-firini","product_tag-astar-tesisi","product_tag-boya-atma-firini","product_tag-boya-firini","product_tag-boya-miks","product_tag-boya-mix","product_tag-boya-tesisi","product_tag-boyama-kabini","product_tag-boyama-tesisi","product_tag-filitreli-boya-firini","product_tag-filtreli-boya-firini","product_tag-isitma-kabini","product_tag-kurutma-firini","product_tag-oto-boya-kabini","product_tag-oto-boyama-kabini","product_tag-otomobil-boyama","product_tag-renk-atma","product_tag-solvent-bazli-boya-kabini","product_tag-su-bazli-boya-kabini","product_tag-wolf","product_tag-zimparalama-tesisi"],"brands":[{"id":386,"name":"WOLF","slug":"wolf"}],"yoast_head":"<!-- This site is optimized with the Yoast SEO plugin v17.1 - https:\/\/yoast.com\/wordpress\/plugins\/seo\/ -->\n<title>Boyama ve Kurutma Kabini + 2x Kurutma KabiniWOLF (Born in GERMANY)Taifuno 4\/B-T2-Q VisionD\u0131\u015f boyutlar\u0131 : 8600 x 4100 x 4400 mm \/ 7100 x 5300 x 3650 mm - Bak\u0131rc\u0131 Garagineering<\/title>\n<meta name=\"robots\" content=\"index, follow, max-snippet:-1, max-image-preview:large, max-video-preview:-1\" \/>\n<link rel=\"canonical\" href=\"https:\/\/bakirci.com\/ekipman\/servis-ekipmanlari\/boya\/boya-kabini-ve-hazirlik\/taifuno-4-b-t2-q-vision\/\" \/>\n<meta property=\"og:locale\" content=\"tr_TR\" \/>\n<meta property=\"og:type\" content=\"article\" \/>\n<meta property=\"og:title\" content=\"Boyama ve Kurutma Kabini + 2x Kurutma KabiniWOLF (Born in GERMANY)Taifuno 4\/B-T2-Q VisionD\u0131\u015f boyutlar\u0131 : 8600 x 4100 x 4400 mm \/ 7100 x 5300 x 3650 mm - Bak\u0131rc\u0131 Garagineering\" \/>\n<meta property=\"og:description\" content=\"Boyama ve Kurutma Kabini + 2x Kurutma Kabini - Taifuno 4\/B-T2-Q Vision  Yo\u011fun kaporta boya merkezleri i\u00e7in, verimlili\u011fi en \u00fcst d\u00fczeye ta\u015f\u0131yan kombine sistem  T\u00fcm i\u015flemleri kay\u0131t alt\u0131na alan bilgisayar sistemi ile ba\u015ftan sona tam s\u00fcre\u00e7 g\u00fcvencesi  \u0130\u015fletme maliyetlerini d\u00fc\u015f\u00fcren 6 farkl\u0131 \u00e7al\u0131\u015ft\u0131rma program\u0131  Boyama ve kurutma kabini i\u00e7\/d\u0131\u015f boyutlar\u0131: 8500 x 4000 x 3400 mm \/ 8600 x 4100 x 4400 mm  Kurutma kabini i\u00e7\/d\u0131\u015f boyutlar: 7000 x 5200 x 2950 mm \/ 7100 x 5300 x 3650 mm  Uygulama tipi: -1100 mm \/ -400 mm \/ +400 mm  Otomatik elektrikli al\u00fcminyum perde sistemi  Rayl\u0131 ara\u00e7 kayd\u0131rma sistemi\" \/>\n<meta property=\"og:url\" content=\"https:\/\/bakirci.com\/ekipman\/servis-ekipmanlari\/boya\/boya-kabini-ve-hazirlik\/taifuno-4-b-t2-q-vision\/\" \/>\n<meta property=\"og:site_name\" content=\"Bak\u0131rc\u0131 Garagineering\" \/>\n<meta property=\"article:publisher\" content=\"https:\/\/www.facebook.com\/bakirci.garagineering\" \/>\n<meta property=\"article:modified_time\" content=\"2021-09-14T07:02:14+00:00\" \/>\n<meta property=\"og:image\" content=\"https:\/\/bakirci.com\/ekipman\/wp-content\/uploads\/2021\/06\/Taifuno-4B-T2-Q-Vision.png\" \/>\n\t<meta property=\"og:image:width\" content=\"1200\" \/>\n\t<meta property=\"og:image:height\" content=\"800\" \/>\n<meta name=\"twitter:card\" content=\"summary_large_image\" \/>\n<meta name=\"twitter:label1\" content=\"Tahmini okuma s\u00fcresi\" \/>\n\t<meta name=\"twitter:data1\" content=\"1 dakika\" \/>\n<script type=\"application\/ld+json\" class=\"yoast-schema-graph\">{\"@context\":\"https:\/\/schema.org\",\"@graph\":[{\"@type\":\"Organization\",\"@id\":\"https:\/\/bakirci.com\/ekipman\/#organization\",\"name\":\"Bak\\u0131rc\\u0131 garagineering\",\"url\":\"https:\/\/bakirci.com\/ekipman\/\",\"sameAs\":[\"https:\/\/www.facebook.com\/bakirci.garagineering\",\"https:\/\/www.instagram.com\/bakirci.garagineering\/\",\"https:\/\/www.linkedin.com\/company\/bakirci-garagineering\/\",\"https:\/\/www.youtube.com\/channel\/UCiVG6s_jALJ6Zk8085XiOQg\"],\"logo\":{\"@type\":\"ImageObject\",\"@id\":\"https:\/\/bakirci.com\/ekipman\/#logo\",\"inLanguage\":\"tr\",\"url\":\"https:\/\/bakirci.com\/ekipman\/wp-content\/uploads\/2021\/09\/Bakirci-logo-lacivert.png\",\"contentUrl\":\"https:\/\/bakirci.com\/ekipman\/wp-content\/uploads\/2021\/09\/Bakirci-logo-lacivert.png\",\"width\":501,\"height\":501,\"caption\":\"Bak\\u0131rc\\u0131 garagineering\"},\"image\":{\"@id\":\"https:\/\/bakirci.com\/ekipman\/#logo\"}},{\"@type\":\"WebSite\",\"@id\":\"https:\/\/bakirci.com\/ekipman\/#website\",\"url\":\"https:\/\/bakirci.com\/ekipman\/\",\"name\":\"Bak\\u0131rc\\u0131 Garagineering\",\"description\":\"Otomotiv sekt\\u00f6r\\u00fcne \\u00f6zel, \\u201c\\u00dcretici Standard\\u0131nda\\u201d \\u00e7\\u00f6z\\u00fcmler\\u2026\",\"publisher\":{\"@id\":\"https:\/\/bakirci.com\/ekipman\/#organization\"},\"potentialAction\":[{\"@type\":\"SearchAction\",\"target\":{\"@type\":\"EntryPoint\",\"urlTemplate\":\"https:\/\/bakirci.com\/ekipman\/?s={search_term_string}\"},\"query-input\":\"required name=search_term_string\"}],\"inLanguage\":\"tr\"},{\"@type\":\"ImageObject\",\"@id\":\"https:\/\/bakirci.com\/ekipman\/servis-ekipmanlari\/boya\/boya-kabini-ve-hazirlik\/taifuno-4-b-t2-q-vision\/#primaryimage\",\"inLanguage\":\"tr\",\"url\":\"https:\/\/bakirci.com\/ekipman\/wp-content\/uploads\/2021\/06\/Taifuno-4B-T2-Q-Vision.png\",\"contentUrl\":\"https:\/\/bakirci.com\/ekipman\/wp-content\/uploads\/2021\/06\/Taifuno-4B-T2-Q-Vision.png\",\"width\":1200,\"height\":800},{\"@type\":\"WebPage\",\"@id\":\"https:\/\/bakirci.com\/ekipman\/servis-ekipmanlari\/boya\/boya-kabini-ve-hazirlik\/taifuno-4-b-t2-q-vision\/#webpage\",\"url\":\"https:\/\/bakirci.com\/ekipman\/servis-ekipmanlari\/boya\/boya-kabini-ve-hazirlik\/taifuno-4-b-t2-q-vision\/\",\"name\":\"Boyama ve Kurutma Kabini + 2x Kurutma Kabini WOLF (Born in GERMANY)Taifuno 4\/B-T2-Q Vision D\\u0131\\u015f boyutlar\\u0131 : 8600 x 4100 x 4400 mm \/ 7100 x 5300 x 3650 mm - Bak\\u0131rc\\u0131 Garagineering\",\"isPartOf\":{\"@id\":\"https:\/\/bakirci.com\/ekipman\/#website\"},\"primaryImageOfPage\":{\"@id\":\"https:\/\/bakirci.com\/ekipman\/servis-ekipmanlari\/boya\/boya-kabini-ve-hazirlik\/taifuno-4-b-t2-q-vision\/#primaryimage\"},\"datePublished\":\"2021-01-02T02:20:53+00:00\",\"dateModified\":\"2021-09-14T07:02:14+00:00\",\"breadcrumb\":{\"@id\":\"https:\/\/bakirci.com\/ekipman\/servis-ekipmanlari\/boya\/boya-kabini-ve-hazirlik\/taifuno-4-b-t2-q-vision\/#breadcrumb\"},\"inLanguage\":\"tr\",\"potentialAction\":[{\"@type\":\"ReadAction\",\"target\":[\"https:\/\/bakirci.com\/ekipman\/servis-ekipmanlari\/boya\/boya-kabini-ve-hazirlik\/taifuno-4-b-t2-q-vision\/\"]}]},{\"@type\":\"BreadcrumbList\",\"@id\":\"https:\/\/bakirci.com\/ekipman\/servis-ekipmanlari\/boya\/boya-kabini-ve-hazirlik\/taifuno-4-b-t2-q-vision\/#breadcrumb\",\"itemListElement\":[{\"@type\":\"ListItem\",\"position\":1,\"name\":\"Ekipman\",\"item\":\"https:\/\/bakirci.com\/ekipman\/\"},{\"@type\":\"ListItem\",\"position\":2,\"name\":\"Otomotiv Tesisleri \\u0130\\u00e7in Servis Ekipmanlar\\u0131\",\"item\":\"https:\/\/bakirci.com\/ekipman\/\"},{\"@type\":\"ListItem\",\"position\":3,\"name\":\"Boyama ve Kurutma Kabini + 2x Kurutma KabiniWOLF (Born in GERMANY)Taifuno 4\/B-T2-Q VisionD\\u0131\\u015f boyutlar\\u0131 : 8600 x 4100 x 4400 mm \/ 7100 x 5300 x 3650 mm\"}]}]}<\/script>\n<!-- \/ Yoast SEO plugin. -->","yoast_head_json":{"title":"Boyama ve Kurutma Kabini + 2x Kurutma KabiniWOLF (Born in GERMANY)Taifuno 4\/B-T2-Q VisionD\u0131\u015f boyutlar\u0131 : 8600 x 4100 x 4400 mm \/ 7100 x 5300 x 3650 mm - Bak\u0131rc\u0131 Garagineering","robots":{"index":"index","follow":"follow","max-snippet":"max-snippet:-1","max-image-preview":"max-image-preview:large","max-video-preview":"max-video-preview:-1"},"canonical":"https:\/\/bakirci.com\/ekipman\/servis-ekipmanlari\/boya\/boya-kabini-ve-hazirlik\/taifuno-4-b-t2-q-vision\/","og_locale":"tr_TR","og_type":"article","og_title":"Boyama ve Kurutma Kabini + 2x Kurutma KabiniWOLF (Born in GERMANY)Taifuno 4\/B-T2-Q VisionD\u0131\u015f boyutlar\u0131 : 8600 x 4100 x 4400 mm \/ 7100 x 5300 x 3650 mm - Bak\u0131rc\u0131 Garagineering","og_description":"Boyama ve Kurutma Kabini + 2x Kurutma Kabini - Taifuno 4\/B-T2-Q Vision  Yo\u011fun kaporta boya merkezleri i\u00e7in, verimlili\u011fi en \u00fcst d\u00fczeye ta\u015f\u0131yan kombine sistem  T\u00fcm i\u015flemleri kay\u0131t alt\u0131na alan bilgisayar sistemi ile ba\u015ftan sona tam s\u00fcre\u00e7 g\u00fcvencesi  \u0130\u015fletme maliyetlerini d\u00fc\u015f\u00fcren 6 farkl\u0131 \u00e7al\u0131\u015ft\u0131rma program\u0131  Boyama ve kurutma kabini i\u00e7\/d\u0131\u015f boyutlar\u0131: 8500 x 4000 x 3400 mm \/ 8600 x 4100 x 4400 mm  Kurutma kabini i\u00e7\/d\u0131\u015f boyutlar: 7000 x 5200 x 2950 mm \/ 7100 x 5300 x 3650 mm  Uygulama tipi: -1100 mm \/ -400 mm \/ +400 mm  Otomatik elektrikli al\u00fcminyum perde sistemi  Rayl\u0131 ara\u00e7 kayd\u0131rma sistemi","og_url":"https:\/\/bakirci.com\/ekipman\/servis-ekipmanlari\/boya\/boya-kabini-ve-hazirlik\/taifuno-4-b-t2-q-vision\/","og_site_name":"Bak\u0131rc\u0131 Garagineering","article_publisher":"https:\/\/www.facebook.com\/bakirci.garagineering","article_modified_time":"2021-09-14T07:02:14+00:00","og_image":[{"width":1200,"height":800,"url":"https:\/\/bakirci.com\/ekipman\/wp-content\/uploads\/2021\/06\/Taifuno-4B-T2-Q-Vision.png","path":"\/home\/bakirciwebsitesi\/public_html\/ekipman\/wp-content\/uploads\/2021\/06\/Taifuno-4B-T2-Q-Vision.png","size":"full","id":4774,"alt":"","pixels":960000,"type":"image\/png"}],"twitter_card":"summary_large_image","twitter_misc":{"Tahmini okuma s\u00fcresi":"1 dakika"},"schema":{"@context":"https:\/\/schema.org","@graph":[{"@type":"Organization","@id":"https:\/\/bakirci.com\/ekipman\/#organization","name":"Bak\u0131rc\u0131 garagineering","url":"https:\/\/bakirci.com\/ekipman\/","sameAs":["https:\/\/www.facebook.com\/bakirci.garagineering","https:\/\/www.instagram.com\/bakirci.garagineering\/","https:\/\/www.linkedin.com\/company\/bakirci-garagineering\/","https:\/\/www.youtube.com\/channel\/UCiVG6s_jALJ6Zk8085XiOQg"],"logo":{"@type":"ImageObject","@id":"https:\/\/bakirci.com\/ekipman\/#logo","inLanguage":"tr","url":"https:\/\/bakirci.com\/ekipman\/wp-content\/uploads\/2021\/09\/Bakirci-logo-lacivert.png","contentUrl":"https:\/\/bakirci.com\/ekipman\/wp-content\/uploads\/2021\/09\/Bakirci-logo-lacivert.png","width":501,"height":501,"caption":"Bak\u0131rc\u0131 garagineering"},"image":{"@id":"https:\/\/bakirci.com\/ekipman\/#logo"}},{"@type":"WebSite","@id":"https:\/\/bakirci.com\/ekipman\/#website","url":"https:\/\/bakirci.com\/ekipman\/","name":"Bak\u0131rc\u0131 Garagineering","description":"Otomotiv sekt\u00f6r\u00fcne \u00f6zel, \u201c\u00dcretici Standard\u0131nda\u201d \u00e7\u00f6z\u00fcmler\u2026","publisher":{"@id":"https:\/\/bakirci.com\/ekipman\/#organization"},"potentialAction":[{"@type":"SearchAction","target":{"@type":"EntryPoint","urlTemplate":"https:\/\/bakirci.com\/ekipman\/?s={search_term_string}"},"query-input":"required name=search_term_string"}],"inLanguage":"tr"},{"@type":"ImageObject","@id":"https:\/\/bakirci.com\/ekipman\/servis-ekipmanlari\/boya\/boya-kabini-ve-hazirlik\/taifuno-4-b-t2-q-vision\/#primaryimage","inLanguage":"tr","url":"https:\/\/bakirci.com\/ekipman\/wp-content\/uploads\/2021\/06\/Taifuno-4B-T2-Q-Vision.png","contentUrl":"https:\/\/bakirci.com\/ekipman\/wp-content\/uploads\/2021\/06\/Taifuno-4B-T2-Q-Vision.png","width":1200,"height":800},{"@type":"WebPage","@id":"https:\/\/bakirci.com\/ekipman\/servis-ekipmanlari\/boya\/boya-kabini-ve-hazirlik\/taifuno-4-b-t2-q-vision\/#webpage","url":"https:\/\/bakirci.com\/ekipman\/servis-ekipmanlari\/boya\/boya-kabini-ve-hazirlik\/taifuno-4-b-t2-q-vision\/","name":"Boyama ve Kurutma Kabini + 2x Kurutma Kabini WOLF (Born in GERMANY)Taifuno 4\/B-T2-Q Vision D\u0131\u015f boyutlar\u0131 : 8600 x 4100 x 4400 mm \/ 7100 x 5300 x 3650 mm - Bak\u0131rc\u0131 Garagineering","isPartOf":{"@id":"https:\/\/bakirci.com\/ekipman\/#website"},"primaryImageOfPage":{"@id":"https:\/\/bakirci.com\/ekipman\/servis-ekipmanlari\/boya\/boya-kabini-ve-hazirlik\/taifuno-4-b-t2-q-vision\/#primaryimage"},"datePublished":"2021-01-02T02:20:53+00:00","dateModified":"2021-09-14T07:02:14+00:00","breadcrumb":{"@id":"https:\/\/bakirci.com\/ekipman\/servis-ekipmanlari\/boya\/boya-kabini-ve-hazirlik\/taifuno-4-b-t2-q-vision\/#breadcrumb"},"inLanguage":"tr","potentialAction":[{"@type":"ReadAction","target":["https:\/\/bakirci.com\/ekipman\/servis-ekipmanlari\/boya\/boya-kabini-ve-hazirlik\/taifuno-4-b-t2-q-vision\/"]}]},{"@type":"BreadcrumbList","@id":"https:\/\/bakirci.com\/ekipman\/servis-ekipmanlari\/boya\/boya-kabini-ve-hazirlik\/taifuno-4-b-t2-q-vision\/#breadcrumb","itemListElement":[{"@type":"ListItem","position":1,"name":"Ekipman","item":"https:\/\/bakirci.com\/ekipman\/"},{"@type":"ListItem","position":2,"name":"Otomotiv Tesisleri \u0130\u00e7in Servis Ekipmanlar\u0131","item":"https:\/\/bakirci.com\/ekipman\/"},{"@type":"ListItem","position":3,"name":"Boyama ve Kurutma Kabini + 2x Kurutma KabiniWOLF (Born in GERMANY)Taifuno 4\/B-T2-Q VisionD\u0131\u015f boyutlar\u0131 : 8600 x 4100 x 4400 mm \/ 7100 x 5300 x 3650 mm"}]}]}},"_links":{"self":[{"href":"https:\/\/bakirci.com\/ekipman\/wp-json\/wp\/v2\/product\/4631","targetHints":{"allow":["GET"]}}],"collection":[{"href":"https:\/\/bakirci.com\/ekipman\/wp-json\/wp\/v2\/product"}],"about":[{"href":"https:\/\/bakirci.com\/ekipman\/wp-json\/wp\/v2\/types\/product"}],"replies":[{"embeddable":true,"href":"https:\/\/bakirci.com\/ekipman\/wp-json\/wp\/v2\/comments?post=4631"}],"wp:featuredmedia":[{"embeddable":true,"href":"https:\/\/bakirci.com\/ekipman\/wp-json\/wp\/v2\/media\/4774"}],"wp:attachment":[{"href":"https:\/\/bakirci.com\/ekipman\/wp-json\/wp\/v2\/media?parent=4631"}],"wp:term":[{"taxonomy":"product_cat","embeddable":true,"href":"https:\/\/bakirci.com\/ekipman\/wp-json\/wp\/v2\/product_cat?post=4631"},{"taxonomy":"product_tag","embeddable":true,"href":"https:\/\/bakirci.com\/ekipman\/wp-json\/wp\/v2\/product_tag?post=4631"}],"curies":[{"name":"wp","href":"https:\/\/api.w.org\/{rel}","templated":true}]}}