{"id":4629,"date":"2021-01-02T02:30:36","date_gmt":"2021-01-02T02:30:36","guid":{"rendered":"https:\/\/j6l.65c.myftpupload.com\/?post_type=product&#038;p=4629"},"modified":"2021-09-14T07:01:30","modified_gmt":"2021-09-14T07:01:30","slug":"taifuno-4-b-vision-3","status":"publish","type":"product","link":"https:\/\/bakirci.com\/ekipman\/servis-ekipmanlari\/boya\/boya-kabini-ve-hazirlik\/taifuno-4-b-vision-3\/","title":{"rendered":"<p class=\"ustmetin\">Boyama ve Kurutma Kabini<\/p><p class=\"ortametin\">WOLF <span class=\"ortametin2\">(Born in GERMANY)<\/span><p class=\"altmetin\">Taifuno 4\/B Vision<br>D\u0131\u015f boyutlar : 8100 x 5400 x 6200 mm<\/p>"},"content":{"rendered":"<ul>\n<li>Boyama ve Kurutma Kabini &#8211; Taifuno 4\/B Vision<\/li>\n<li>En modern kontrol teknolojisi ile ak\u0131ll\u0131 ve verimli boyama sistemi<\/li>\n<li>Siemens marka, dokunmatik, 4 renkli, 5,7&#8221; kumanda paneli<\/li>\n<li>T\u00fcm i\u015flemleri kay\u0131t alt\u0131na alan bilgisayar sistemi ile tam s\u00fcre\u00e7 g\u00fcvencesi<\/li>\n<li>Frekans kontroll\u00fc, al\u00fcminyum ala\u015f\u0131ml\u0131 akuple fanlar<\/li>\n<li>\u0130\u015fletme maliyetlerini d\u00fc\u015f\u00fcren 6 farkl\u0131 \u00e7al\u0131\u015ft\u0131rma program\u0131<\/li>\n<li>Uygulama tipi : -1100 mm d\u00fc\u015f\u00fck d\u00f6\u015feme<\/li>\n<li>\u0130\u00e7 boyutlar : 8000 x 5000 x 5000 mm<\/li>\n<li>D\u0131\u015f boyutlar : 8100 x 5400 x 6200 mm<\/li>\n<li>Fanlar : 2 x 11 kW (Fan basma 27.000 m\u00b3\/h, Fan emme 26.500 m\u00b3\/h)<\/li>\n<li>K\u0131smi galvanizli taban \u0131zgaras\u0131 (Tekerlek ba\u015f\u0131 2500 kg)<\/li>\n<li>I\u015f\u0131kland\u0131rma sistemi : \u00dcst 2 \u015ferit, 8 armat\u00fcr, 1856 Watt<\/li>\n<li>Alt 2 \u015ferit, 6 armat\u00fcr, 1044 Watt<\/li>\n<\/ul>\n","protected":false},"excerpt":{"rendered":"<ul>\n<li>Boyama ve Kurutma Kabini &#8211; Taifuno 4\/B Vision<\/li>\n<li>En modern kontrol teknolojisi ile ak\u0131ll\u0131 ve verimli boyama sistemi<\/li>\n<li>Siemens marka, dokunmatik, 4 renkli, 5,7&#8221; kumanda paneli<\/li>\n<li>T\u00fcm i\u015flemleri kay\u0131t alt\u0131na alan bilgisayar sistemi ile tam s\u00fcre\u00e7 g\u00fcvencesi<\/li>\n<li>Frekans kontroll\u00fc, al\u00fcminyum ala\u015f\u0131ml\u0131 akuple fanlar<\/li>\n<li>\u0130\u015fletme maliyetlerini d\u00fc\u015f\u00fcren 6 farkl\u0131 \u00e7al\u0131\u015ft\u0131rma program\u0131<\/li>\n<li>Uygulama tipi : -1100 mm d\u00fc\u015f\u00fck d\u00f6\u015feme<\/li>\n<li>\u0130\u00e7 boyutlar : 8000 x 5000 x 5000 mm<\/li>\n<li>D\u0131\u015f boyutlar : 8100 x 5400 x 6200 mm<\/li>\n<li>Fanlar : 2 x 11 kW (Fan basma 27.000 m\u00b3\/h, Fan emme 26.500 m\u00b3\/h)<\/li>\n<li>K\u0131smi galvanizli taban \u0131zgaras\u0131 (Tekerlek ba\u015f\u0131 2500 kg)<\/li>\n<li>I\u015f\u0131kland\u0131rma sistemi : \u00dcst 2 \u015ferit, 8 armat\u00fcr, 1856 Watt<\/li>\n<li>Alt 2 \u015ferit, 6 armat\u00fcr, 1044 Watt<\/li>\n<\/ul>\n","protected":false},"featured_media":5491,"comment_status":"closed","ping_status":"closed","template":"","meta":[],"product_cat":[179],"product_tag":[708,710,707,720,727,706,725,726,718,711,719,723,724,717,722,716,715,709,712,714,713,353,721],"class_list":["post-4629","product","type-product","status-publish","has-post-thumbnail","hentry","pwb-brand-wolf","product_cat-boya-kabini-ve-hazirlik","product_tag-arac-boyama","product_tag-astar-atma","product_tag-astar-firini","product_tag-astar-tesisi","product_tag-boya-atma-firini","product_tag-boya-firini","product_tag-boya-miks","product_tag-boya-mix","product_tag-boya-tesisi","product_tag-boyama-kabini","product_tag-boyama-tesisi","product_tag-filitreli-boya-firini","product_tag-filtreli-boya-firini","product_tag-isitma-kabini","product_tag-kurutma-firini","product_tag-oto-boya-kabini","product_tag-oto-boyama-kabini","product_tag-otomobil-boyama","product_tag-renk-atma","product_tag-solvent-bazli-boya-kabini","product_tag-su-bazli-boya-kabini","product_tag-wolf","product_tag-zimparalama-tesisi"],"brands":[{"id":386,"name":"WOLF","slug":"wolf"}],"yoast_head":"<!-- This site is optimized with the Yoast SEO plugin v17.1 - https:\/\/yoast.com\/wordpress\/plugins\/seo\/ -->\n<title>Boyama ve Kurutma KabiniWOLF (Born in GERMANY)Taifuno 4\/B VisionD\u0131\u015f boyutlar : 8100 x 5400 x 6200 mm - Bak\u0131rc\u0131 Garagineering<\/title>\n<meta name=\"robots\" content=\"index, follow, max-snippet:-1, max-image-preview:large, max-video-preview:-1\" \/>\n<link rel=\"canonical\" href=\"https:\/\/bakirci.com\/ekipman\/servis-ekipmanlari\/boya\/boya-kabini-ve-hazirlik\/taifuno-4-b-vision-3\/\" \/>\n<meta property=\"og:locale\" content=\"tr_TR\" \/>\n<meta property=\"og:type\" content=\"article\" \/>\n<meta property=\"og:title\" content=\"Boyama ve Kurutma KabiniWOLF (Born in GERMANY)Taifuno 4\/B VisionD\u0131\u015f boyutlar : 8100 x 5400 x 6200 mm - Bak\u0131rc\u0131 Garagineering\" \/>\n<meta property=\"og:description\" content=\"Boyama ve Kurutma Kabini - Taifuno 4\/B Vision  En modern kontrol teknolojisi ile ak\u0131ll\u0131 ve verimli boyama sistemi  Siemens marka, dokunmatik, 4 renkli, 5,7&#039;&#039; kumanda paneli  T\u00fcm i\u015flemleri kay\u0131t alt\u0131na alan bilgisayar sistemi ile tam s\u00fcre\u00e7 g\u00fcvencesi  Frekans kontroll\u00fc, al\u00fcminyum ala\u015f\u0131ml\u0131 akuple fanlar  \u0130\u015fletme maliyetlerini d\u00fc\u015f\u00fcren 6 farkl\u0131 \u00e7al\u0131\u015ft\u0131rma program\u0131  Uygulama tipi : -1100 mm d\u00fc\u015f\u00fck d\u00f6\u015feme  \u0130\u00e7 boyutlar : 8000 x 5000 x 5000 mm  D\u0131\u015f boyutlar : 8100 x 5400 x 6200 mm  Fanlar : 2 x 11 kW (Fan basma 27.000 m\u00b3\/h, Fan emme 26.500 m\u00b3\/h)  K\u0131smi galvanizli taban \u0131zgaras\u0131 (Tekerlek ba\u015f\u0131 2500 kg)  I\u015f\u0131kland\u0131rma sistemi : \u00dcst 2 \u015ferit, 8 armat\u00fcr, 1856 Watt  Alt 2 \u015ferit, 6 armat\u00fcr, 1044 Watt\" \/>\n<meta property=\"og:url\" content=\"https:\/\/bakirci.com\/ekipman\/servis-ekipmanlari\/boya\/boya-kabini-ve-hazirlik\/taifuno-4-b-vision-3\/\" \/>\n<meta property=\"og:site_name\" content=\"Bak\u0131rc\u0131 Garagineering\" \/>\n<meta property=\"article:publisher\" content=\"https:\/\/www.facebook.com\/bakirci.garagineering\" \/>\n<meta property=\"article:modified_time\" content=\"2021-09-14T07:01:30+00:00\" \/>\n<meta property=\"og:image\" content=\"https:\/\/bakirci.com\/ekipman\/wp-content\/uploads\/2021\/01\/Taifuno-4B-Vision-2.jpg\" \/>\n\t<meta property=\"og:image:width\" content=\"1600\" \/>\n\t<meta property=\"og:image:height\" content=\"1600\" \/>\n<meta name=\"twitter:card\" content=\"summary_large_image\" \/>\n<meta name=\"twitter:label1\" content=\"Tahmini okuma s\u00fcresi\" \/>\n\t<meta name=\"twitter:data1\" content=\"1 dakika\" \/>\n<script type=\"application\/ld+json\" class=\"yoast-schema-graph\">{\"@context\":\"https:\/\/schema.org\",\"@graph\":[{\"@type\":\"Organization\",\"@id\":\"https:\/\/bakirci.com\/ekipman\/#organization\",\"name\":\"Bak\\u0131rc\\u0131 garagineering\",\"url\":\"https:\/\/bakirci.com\/ekipman\/\",\"sameAs\":[\"https:\/\/www.facebook.com\/bakirci.garagineering\",\"https:\/\/www.instagram.com\/bakirci.garagineering\/\",\"https:\/\/www.linkedin.com\/company\/bakirci-garagineering\/\",\"https:\/\/www.youtube.com\/channel\/UCiVG6s_jALJ6Zk8085XiOQg\"],\"logo\":{\"@type\":\"ImageObject\",\"@id\":\"https:\/\/bakirci.com\/ekipman\/#logo\",\"inLanguage\":\"tr\",\"url\":\"https:\/\/bakirci.com\/ekipman\/wp-content\/uploads\/2021\/09\/Bakirci-logo-lacivert.png\",\"contentUrl\":\"https:\/\/bakirci.com\/ekipman\/wp-content\/uploads\/2021\/09\/Bakirci-logo-lacivert.png\",\"width\":501,\"height\":501,\"caption\":\"Bak\\u0131rc\\u0131 garagineering\"},\"image\":{\"@id\":\"https:\/\/bakirci.com\/ekipman\/#logo\"}},{\"@type\":\"WebSite\",\"@id\":\"https:\/\/bakirci.com\/ekipman\/#website\",\"url\":\"https:\/\/bakirci.com\/ekipman\/\",\"name\":\"Bak\\u0131rc\\u0131 Garagineering\",\"description\":\"Otomotiv sekt\\u00f6r\\u00fcne \\u00f6zel, \\u201c\\u00dcretici Standard\\u0131nda\\u201d \\u00e7\\u00f6z\\u00fcmler\\u2026\",\"publisher\":{\"@id\":\"https:\/\/bakirci.com\/ekipman\/#organization\"},\"potentialAction\":[{\"@type\":\"SearchAction\",\"target\":{\"@type\":\"EntryPoint\",\"urlTemplate\":\"https:\/\/bakirci.com\/ekipman\/?s={search_term_string}\"},\"query-input\":\"required name=search_term_string\"}],\"inLanguage\":\"tr\"},{\"@type\":\"ImageObject\",\"@id\":\"https:\/\/bakirci.com\/ekipman\/servis-ekipmanlari\/boya\/boya-kabini-ve-hazirlik\/taifuno-4-b-vision-3\/#primaryimage\",\"inLanguage\":\"tr\",\"url\":\"https:\/\/bakirci.com\/ekipman\/wp-content\/uploads\/2021\/01\/Taifuno-4B-Vision-2.jpg\",\"contentUrl\":\"https:\/\/bakirci.com\/ekipman\/wp-content\/uploads\/2021\/01\/Taifuno-4B-Vision-2.jpg\",\"width\":1600,\"height\":1600},{\"@type\":\"WebPage\",\"@id\":\"https:\/\/bakirci.com\/ekipman\/servis-ekipmanlari\/boya\/boya-kabini-ve-hazirlik\/taifuno-4-b-vision-3\/#webpage\",\"url\":\"https:\/\/bakirci.com\/ekipman\/servis-ekipmanlari\/boya\/boya-kabini-ve-hazirlik\/taifuno-4-b-vision-3\/\",\"name\":\"Boyama ve Kurutma Kabini WOLF (Born in GERMANY)Taifuno 4\/B Vision D\\u0131\\u015f boyutlar : 8100 x 5400 x 6200 mm - Bak\\u0131rc\\u0131 Garagineering\",\"isPartOf\":{\"@id\":\"https:\/\/bakirci.com\/ekipman\/#website\"},\"primaryImageOfPage\":{\"@id\":\"https:\/\/bakirci.com\/ekipman\/servis-ekipmanlari\/boya\/boya-kabini-ve-hazirlik\/taifuno-4-b-vision-3\/#primaryimage\"},\"datePublished\":\"2021-01-02T02:30:36+00:00\",\"dateModified\":\"2021-09-14T07:01:30+00:00\",\"breadcrumb\":{\"@id\":\"https:\/\/bakirci.com\/ekipman\/servis-ekipmanlari\/boya\/boya-kabini-ve-hazirlik\/taifuno-4-b-vision-3\/#breadcrumb\"},\"inLanguage\":\"tr\",\"potentialAction\":[{\"@type\":\"ReadAction\",\"target\":[\"https:\/\/bakirci.com\/ekipman\/servis-ekipmanlari\/boya\/boya-kabini-ve-hazirlik\/taifuno-4-b-vision-3\/\"]}]},{\"@type\":\"BreadcrumbList\",\"@id\":\"https:\/\/bakirci.com\/ekipman\/servis-ekipmanlari\/boya\/boya-kabini-ve-hazirlik\/taifuno-4-b-vision-3\/#breadcrumb\",\"itemListElement\":[{\"@type\":\"ListItem\",\"position\":1,\"name\":\"Ekipman\",\"item\":\"https:\/\/bakirci.com\/ekipman\/\"},{\"@type\":\"ListItem\",\"position\":2,\"name\":\"Otomotiv Tesisleri \\u0130\\u00e7in Servis Ekipmanlar\\u0131\",\"item\":\"https:\/\/bakirci.com\/ekipman\/\"},{\"@type\":\"ListItem\",\"position\":3,\"name\":\"Boyama ve Kurutma KabiniWOLF (Born in GERMANY)Taifuno 4\/B VisionD\\u0131\\u015f boyutlar : 8100 x 5400 x 6200 mm\"}]}]}<\/script>\n<!-- \/ Yoast SEO plugin. -->","yoast_head_json":{"title":"Boyama ve Kurutma KabiniWOLF (Born in GERMANY)Taifuno 4\/B VisionD\u0131\u015f boyutlar : 8100 x 5400 x 6200 mm - Bak\u0131rc\u0131 Garagineering","robots":{"index":"index","follow":"follow","max-snippet":"max-snippet:-1","max-image-preview":"max-image-preview:large","max-video-preview":"max-video-preview:-1"},"canonical":"https:\/\/bakirci.com\/ekipman\/servis-ekipmanlari\/boya\/boya-kabini-ve-hazirlik\/taifuno-4-b-vision-3\/","og_locale":"tr_TR","og_type":"article","og_title":"Boyama ve Kurutma KabiniWOLF (Born in GERMANY)Taifuno 4\/B VisionD\u0131\u015f boyutlar : 8100 x 5400 x 6200 mm - Bak\u0131rc\u0131 Garagineering","og_description":"Boyama ve Kurutma Kabini - Taifuno 4\/B Vision  En modern kontrol teknolojisi ile ak\u0131ll\u0131 ve verimli boyama sistemi  Siemens marka, dokunmatik, 4 renkli, 5,7'' kumanda paneli  T\u00fcm i\u015flemleri kay\u0131t alt\u0131na alan bilgisayar sistemi ile tam s\u00fcre\u00e7 g\u00fcvencesi  Frekans kontroll\u00fc, al\u00fcminyum ala\u015f\u0131ml\u0131 akuple fanlar  \u0130\u015fletme maliyetlerini d\u00fc\u015f\u00fcren 6 farkl\u0131 \u00e7al\u0131\u015ft\u0131rma program\u0131  Uygulama tipi : -1100 mm d\u00fc\u015f\u00fck d\u00f6\u015feme  \u0130\u00e7 boyutlar : 8000 x 5000 x 5000 mm  D\u0131\u015f boyutlar : 8100 x 5400 x 6200 mm  Fanlar : 2 x 11 kW (Fan basma 27.000 m\u00b3\/h, Fan emme 26.500 m\u00b3\/h)  K\u0131smi galvanizli taban \u0131zgaras\u0131 (Tekerlek ba\u015f\u0131 2500 kg)  I\u015f\u0131kland\u0131rma sistemi : \u00dcst 2 \u015ferit, 8 armat\u00fcr, 1856 Watt  Alt 2 \u015ferit, 6 armat\u00fcr, 1044 Watt","og_url":"https:\/\/bakirci.com\/ekipman\/servis-ekipmanlari\/boya\/boya-kabini-ve-hazirlik\/taifuno-4-b-vision-3\/","og_site_name":"Bak\u0131rc\u0131 Garagineering","article_publisher":"https:\/\/www.facebook.com\/bakirci.garagineering","article_modified_time":"2021-09-14T07:01:30+00:00","og_image":[{"width":1600,"height":1600,"url":"https:\/\/bakirci.com\/ekipman\/wp-content\/uploads\/2021\/01\/Taifuno-4B-Vision-2.jpg","path":"\/home\/bakirciwebsitesi\/public_html\/ekipman\/wp-content\/uploads\/2021\/01\/Taifuno-4B-Vision-2.jpg","size":"full","id":5491,"alt":"","pixels":2560000,"type":"image\/jpeg"}],"twitter_card":"summary_large_image","twitter_misc":{"Tahmini okuma s\u00fcresi":"1 dakika"},"schema":{"@context":"https:\/\/schema.org","@graph":[{"@type":"Organization","@id":"https:\/\/bakirci.com\/ekipman\/#organization","name":"Bak\u0131rc\u0131 garagineering","url":"https:\/\/bakirci.com\/ekipman\/","sameAs":["https:\/\/www.facebook.com\/bakirci.garagineering","https:\/\/www.instagram.com\/bakirci.garagineering\/","https:\/\/www.linkedin.com\/company\/bakirci-garagineering\/","https:\/\/www.youtube.com\/channel\/UCiVG6s_jALJ6Zk8085XiOQg"],"logo":{"@type":"ImageObject","@id":"https:\/\/bakirci.com\/ekipman\/#logo","inLanguage":"tr","url":"https:\/\/bakirci.com\/ekipman\/wp-content\/uploads\/2021\/09\/Bakirci-logo-lacivert.png","contentUrl":"https:\/\/bakirci.com\/ekipman\/wp-content\/uploads\/2021\/09\/Bakirci-logo-lacivert.png","width":501,"height":501,"caption":"Bak\u0131rc\u0131 garagineering"},"image":{"@id":"https:\/\/bakirci.com\/ekipman\/#logo"}},{"@type":"WebSite","@id":"https:\/\/bakirci.com\/ekipman\/#website","url":"https:\/\/bakirci.com\/ekipman\/","name":"Bak\u0131rc\u0131 Garagineering","description":"Otomotiv sekt\u00f6r\u00fcne \u00f6zel, \u201c\u00dcretici Standard\u0131nda\u201d \u00e7\u00f6z\u00fcmler\u2026","publisher":{"@id":"https:\/\/bakirci.com\/ekipman\/#organization"},"potentialAction":[{"@type":"SearchAction","target":{"@type":"EntryPoint","urlTemplate":"https:\/\/bakirci.com\/ekipman\/?s={search_term_string}"},"query-input":"required name=search_term_string"}],"inLanguage":"tr"},{"@type":"ImageObject","@id":"https:\/\/bakirci.com\/ekipman\/servis-ekipmanlari\/boya\/boya-kabini-ve-hazirlik\/taifuno-4-b-vision-3\/#primaryimage","inLanguage":"tr","url":"https:\/\/bakirci.com\/ekipman\/wp-content\/uploads\/2021\/01\/Taifuno-4B-Vision-2.jpg","contentUrl":"https:\/\/bakirci.com\/ekipman\/wp-content\/uploads\/2021\/01\/Taifuno-4B-Vision-2.jpg","width":1600,"height":1600},{"@type":"WebPage","@id":"https:\/\/bakirci.com\/ekipman\/servis-ekipmanlari\/boya\/boya-kabini-ve-hazirlik\/taifuno-4-b-vision-3\/#webpage","url":"https:\/\/bakirci.com\/ekipman\/servis-ekipmanlari\/boya\/boya-kabini-ve-hazirlik\/taifuno-4-b-vision-3\/","name":"Boyama ve Kurutma Kabini WOLF (Born in GERMANY)Taifuno 4\/B Vision D\u0131\u015f boyutlar : 8100 x 5400 x 6200 mm - Bak\u0131rc\u0131 Garagineering","isPartOf":{"@id":"https:\/\/bakirci.com\/ekipman\/#website"},"primaryImageOfPage":{"@id":"https:\/\/bakirci.com\/ekipman\/servis-ekipmanlari\/boya\/boya-kabini-ve-hazirlik\/taifuno-4-b-vision-3\/#primaryimage"},"datePublished":"2021-01-02T02:30:36+00:00","dateModified":"2021-09-14T07:01:30+00:00","breadcrumb":{"@id":"https:\/\/bakirci.com\/ekipman\/servis-ekipmanlari\/boya\/boya-kabini-ve-hazirlik\/taifuno-4-b-vision-3\/#breadcrumb"},"inLanguage":"tr","potentialAction":[{"@type":"ReadAction","target":["https:\/\/bakirci.com\/ekipman\/servis-ekipmanlari\/boya\/boya-kabini-ve-hazirlik\/taifuno-4-b-vision-3\/"]}]},{"@type":"BreadcrumbList","@id":"https:\/\/bakirci.com\/ekipman\/servis-ekipmanlari\/boya\/boya-kabini-ve-hazirlik\/taifuno-4-b-vision-3\/#breadcrumb","itemListElement":[{"@type":"ListItem","position":1,"name":"Ekipman","item":"https:\/\/bakirci.com\/ekipman\/"},{"@type":"ListItem","position":2,"name":"Otomotiv Tesisleri \u0130\u00e7in Servis Ekipmanlar\u0131","item":"https:\/\/bakirci.com\/ekipman\/"},{"@type":"ListItem","position":3,"name":"Boyama ve Kurutma KabiniWOLF (Born in GERMANY)Taifuno 4\/B VisionD\u0131\u015f boyutlar : 8100 x 5400 x 6200 mm"}]}]}},"_links":{"self":[{"href":"https:\/\/bakirci.com\/ekipman\/wp-json\/wp\/v2\/product\/4629","targetHints":{"allow":["GET"]}}],"collection":[{"href":"https:\/\/bakirci.com\/ekipman\/wp-json\/wp\/v2\/product"}],"about":[{"href":"https:\/\/bakirci.com\/ekipman\/wp-json\/wp\/v2\/types\/product"}],"replies":[{"embeddable":true,"href":"https:\/\/bakirci.com\/ekipman\/wp-json\/wp\/v2\/comments?post=4629"}],"wp:featuredmedia":[{"embeddable":true,"href":"https:\/\/bakirci.com\/ekipman\/wp-json\/wp\/v2\/media\/5491"}],"wp:attachment":[{"href":"https:\/\/bakirci.com\/ekipman\/wp-json\/wp\/v2\/media?parent=4629"}],"wp:term":[{"taxonomy":"product_cat","embeddable":true,"href":"https:\/\/bakirci.com\/ekipman\/wp-json\/wp\/v2\/product_cat?post=4629"},{"taxonomy":"product_tag","embeddable":true,"href":"https:\/\/bakirci.com\/ekipman\/wp-json\/wp\/v2\/product_tag?post=4629"}],"curies":[{"name":"wp","href":"https:\/\/api.w.org\/{rel}","templated":true}]}}