{"id":4625,"date":"2021-01-02T02:55:43","date_gmt":"2021-01-02T02:55:43","guid":{"rendered":"https:\/\/j6l.65c.myftpupload.com\/?post_type=product&#038;p=4625"},"modified":"2021-08-04T17:08:48","modified_gmt":"2021-08-04T17:08:48","slug":"havali-avuc-taslamarodcraft-born-in-germanyrc7173","status":"publish","type":"product","link":"https:\/\/bakirci.com\/ekipman\/servis-ekipmanlari\/kaporta\/kaporta-yardimci-ekipmanlari\/havali-avuc-taslamarodcraft-born-in-germanyrc7173\/","title":{"rendered":"<p class=\"ustmetin\">Haval\u0131 Avu\u00e7 Ta\u015flama<\/p><p class=\"ortametin\">RODCRAFT <span class=\"ortametin2\">(Born in GERMANY)<\/span><p class=\"altmetin\">RC7173<\/p>"},"content":{"rendered":"<ul>\n<li>Haval\u0131 Avu\u00e7 Ta\u015flama &#8211; RC7173<\/li>\n<li>Y\u00fcksek verimli, ergonomik kullan\u0131m<\/li>\n<li>Governed motor sayesinde y\u00fcksek h\u0131zda g\u00fc\u00e7 aktar\u0131m\u0131<\/li>\n<li>Y\u00fcksek kaliteli konik di\u015fliler sistemi<\/li>\n<li>Sa\u011f el ve sol el kullan\u0131ma uygun kompozit tutamak<\/li>\n<li>Ta\u015f \u00e7ap\u0131 125 mm<\/li>\n<li>\u00c7al\u0131\u015fma h\u0131z\u0131 12000 rpm<\/li>\n<li>\u00c7al\u0131\u015fma g\u00fcc\u00fc 0.7 hp<\/li>\n<li>A\u011f\u0131rl\u0131k 1.5 kg<\/li>\n<\/ul>\n","protected":false},"excerpt":{"rendered":"<ul>\n<li>Haval\u0131 Avu\u00e7 Ta\u015flama &#8211; RC7173<\/li>\n<li>Y\u00fcksek verimli, ergonomik kullan\u0131m<\/li>\n<li>Governed motor sayesinde y\u00fcksek h\u0131zda g\u00fc\u00e7 aktar\u0131m\u0131<\/li>\n<li>Y\u00fcksek kaliteli konik di\u015fliler sistemi<\/li>\n<li>Sa\u011f el ve sol el kullan\u0131ma uygun kompozit tutamak<\/li>\n<li>Ta\u015f \u00e7ap\u0131 125 mm<\/li>\n<li>\u00c7al\u0131\u015fma h\u0131z\u0131 12000 rpm<\/li>\n<li>\u00c7al\u0131\u015fma g\u00fcc\u00fc 0.7 hp<\/li>\n<li>A\u011f\u0131rl\u0131k 1.5 kg<\/li>\n<\/ul>\n","protected":false},"featured_media":4768,"comment_status":"closed","ping_status":"closed","template":"","meta":[],"product_cat":[175],"product_tag":[337],"class_list":["post-4625","product","type-product","status-publish","has-post-thumbnail","hentry","pwb-brand-rodcraft","product_cat-kaporta-yardimci-ekipmanlari","product_tag-rodcraft"],"brands":[{"id":371,"name":"RODCRAFT","slug":"rodcraft"}],"yoast_head":"<!-- This site is optimized with the Yoast SEO plugin v17.1 - https:\/\/yoast.com\/wordpress\/plugins\/seo\/ -->\n<title>Haval\u0131 Avu\u00e7 Ta\u015flamaRODCRAFT (Born in GERMANY)RC7173 - Bak\u0131rc\u0131 Garagineering<\/title>\n<meta name=\"robots\" content=\"index, follow, max-snippet:-1, max-image-preview:large, max-video-preview:-1\" \/>\n<link rel=\"canonical\" href=\"https:\/\/bakirci.com\/ekipman\/servis-ekipmanlari\/kaporta\/kaporta-yardimci-ekipmanlari\/havali-avuc-taslamarodcraft-born-in-germanyrc7173\/\" \/>\n<meta property=\"og:locale\" content=\"tr_TR\" \/>\n<meta property=\"og:type\" content=\"article\" \/>\n<meta property=\"og:title\" content=\"Haval\u0131 Avu\u00e7 Ta\u015flamaRODCRAFT (Born in GERMANY)RC7173 - Bak\u0131rc\u0131 Garagineering\" \/>\n<meta property=\"og:description\" content=\"Haval\u0131 Avu\u00e7 Ta\u015flama - RC7173  Y\u00fcksek verimli, ergonomik kullan\u0131m  Governed motor sayesinde y\u00fcksek h\u0131zda g\u00fc\u00e7 aktar\u0131m\u0131  Y\u00fcksek kaliteli konik di\u015fliler sistemi  Sa\u011f el ve sol el kullan\u0131ma uygun kompozit tutamak  Ta\u015f \u00e7ap\u0131 125 mm  \u00c7al\u0131\u015fma h\u0131z\u0131 12000 rpm  \u00c7al\u0131\u015fma g\u00fcc\u00fc 0.7 hp  A\u011f\u0131rl\u0131k 1.5 kg\" \/>\n<meta property=\"og:url\" content=\"https:\/\/bakirci.com\/ekipman\/servis-ekipmanlari\/kaporta\/kaporta-yardimci-ekipmanlari\/havali-avuc-taslamarodcraft-born-in-germanyrc7173\/\" \/>\n<meta property=\"og:site_name\" content=\"Bak\u0131rc\u0131 Garagineering\" \/>\n<meta property=\"article:publisher\" content=\"https:\/\/www.facebook.com\/bakirci.garagineering\" \/>\n<meta property=\"article:modified_time\" content=\"2021-08-04T17:08:48+00:00\" \/>\n<meta property=\"og:image\" content=\"http:\/\/j6l.65c.myftpupload.com\/wp-content\/uploads\/2021\/06\/RC7173.png\" \/>\n\t<meta property=\"og:image:width\" content=\"1288\" \/>\n\t<meta property=\"og:image:height\" content=\"1288\" \/>\n<meta name=\"twitter:card\" content=\"summary_large_image\" \/>\n<meta name=\"twitter:label1\" content=\"Tahmini okuma s\u00fcresi\" \/>\n\t<meta name=\"twitter:data1\" content=\"1 dakika\" \/>\n<script type=\"application\/ld+json\" class=\"yoast-schema-graph\">{\"@context\":\"https:\/\/schema.org\",\"@graph\":[{\"@type\":\"Organization\",\"@id\":\"https:\/\/bakirci.com\/ekipman\/#organization\",\"name\":\"Bak\\u0131rc\\u0131 garagineering\",\"url\":\"https:\/\/bakirci.com\/ekipman\/\",\"sameAs\":[\"https:\/\/www.facebook.com\/bakirci.garagineering\",\"https:\/\/www.instagram.com\/bakirci.garagineering\/\",\"https:\/\/www.linkedin.com\/company\/bakirci-garagineering\/\",\"https:\/\/www.youtube.com\/channel\/UCiVG6s_jALJ6Zk8085XiOQg\"],\"logo\":{\"@type\":\"ImageObject\",\"@id\":\"https:\/\/bakirci.com\/ekipman\/#logo\",\"inLanguage\":\"tr\",\"url\":\"https:\/\/bakirci.com\/ekipman\/wp-content\/uploads\/2021\/09\/Bakirci-logo-lacivert.png\",\"contentUrl\":\"https:\/\/bakirci.com\/ekipman\/wp-content\/uploads\/2021\/09\/Bakirci-logo-lacivert.png\",\"width\":501,\"height\":501,\"caption\":\"Bak\\u0131rc\\u0131 garagineering\"},\"image\":{\"@id\":\"https:\/\/bakirci.com\/ekipman\/#logo\"}},{\"@type\":\"WebSite\",\"@id\":\"https:\/\/bakirci.com\/ekipman\/#website\",\"url\":\"https:\/\/bakirci.com\/ekipman\/\",\"name\":\"Bak\\u0131rc\\u0131 Garagineering\",\"description\":\"Otomotiv sekt\\u00f6r\\u00fcne \\u00f6zel, \\u201c\\u00dcretici Standard\\u0131nda\\u201d \\u00e7\\u00f6z\\u00fcmler\\u2026\",\"publisher\":{\"@id\":\"https:\/\/bakirci.com\/ekipman\/#organization\"},\"potentialAction\":[{\"@type\":\"SearchAction\",\"target\":{\"@type\":\"EntryPoint\",\"urlTemplate\":\"https:\/\/bakirci.com\/ekipman\/?s={search_term_string}\"},\"query-input\":\"required name=search_term_string\"}],\"inLanguage\":\"tr\"},{\"@type\":\"ImageObject\",\"@id\":\"https:\/\/bakirci.com\/ekipman\/servis-ekipmanlari\/kaporta\/kaporta-yardimci-ekipmanlari\/havali-avuc-taslamarodcraft-born-in-germanyrc7173\/#primaryimage\",\"inLanguage\":\"tr\",\"url\":\"https:\/\/bakirci.com\/ekipman\/wp-content\/uploads\/2021\/06\/RC7173.png\",\"contentUrl\":\"https:\/\/bakirci.com\/ekipman\/wp-content\/uploads\/2021\/06\/RC7173.png\",\"width\":1288,\"height\":1288},{\"@type\":\"WebPage\",\"@id\":\"https:\/\/bakirci.com\/ekipman\/servis-ekipmanlari\/kaporta\/kaporta-yardimci-ekipmanlari\/havali-avuc-taslamarodcraft-born-in-germanyrc7173\/#webpage\",\"url\":\"https:\/\/bakirci.com\/ekipman\/servis-ekipmanlari\/kaporta\/kaporta-yardimci-ekipmanlari\/havali-avuc-taslamarodcraft-born-in-germanyrc7173\/\",\"name\":\"Haval\\u0131 Avu\\u00e7 Ta\\u015flama RODCRAFT (Born in GERMANY)RC7173 - Bak\\u0131rc\\u0131 Garagineering\",\"isPartOf\":{\"@id\":\"https:\/\/bakirci.com\/ekipman\/#website\"},\"primaryImageOfPage\":{\"@id\":\"https:\/\/bakirci.com\/ekipman\/servis-ekipmanlari\/kaporta\/kaporta-yardimci-ekipmanlari\/havali-avuc-taslamarodcraft-born-in-germanyrc7173\/#primaryimage\"},\"datePublished\":\"2021-01-02T02:55:43+00:00\",\"dateModified\":\"2021-08-04T17:08:48+00:00\",\"breadcrumb\":{\"@id\":\"https:\/\/bakirci.com\/ekipman\/servis-ekipmanlari\/kaporta\/kaporta-yardimci-ekipmanlari\/havali-avuc-taslamarodcraft-born-in-germanyrc7173\/#breadcrumb\"},\"inLanguage\":\"tr\",\"potentialAction\":[{\"@type\":\"ReadAction\",\"target\":[\"https:\/\/bakirci.com\/ekipman\/servis-ekipmanlari\/kaporta\/kaporta-yardimci-ekipmanlari\/havali-avuc-taslamarodcraft-born-in-germanyrc7173\/\"]}]},{\"@type\":\"BreadcrumbList\",\"@id\":\"https:\/\/bakirci.com\/ekipman\/servis-ekipmanlari\/kaporta\/kaporta-yardimci-ekipmanlari\/havali-avuc-taslamarodcraft-born-in-germanyrc7173\/#breadcrumb\",\"itemListElement\":[{\"@type\":\"ListItem\",\"position\":1,\"name\":\"Ekipman\",\"item\":\"https:\/\/bakirci.com\/ekipman\/\"},{\"@type\":\"ListItem\",\"position\":2,\"name\":\"Otomotiv Tesisleri \\u0130\\u00e7in Servis Ekipmanlar\\u0131\",\"item\":\"https:\/\/bakirci.com\/ekipman\/\"},{\"@type\":\"ListItem\",\"position\":3,\"name\":\"Haval\\u0131 Avu\\u00e7 Ta\\u015flamaRODCRAFT (Born in GERMANY)RC7173\"}]}]}<\/script>\n<!-- \/ Yoast SEO plugin. -->","yoast_head_json":{"title":"Haval\u0131 Avu\u00e7 Ta\u015flamaRODCRAFT (Born in GERMANY)RC7173 - Bak\u0131rc\u0131 Garagineering","robots":{"index":"index","follow":"follow","max-snippet":"max-snippet:-1","max-image-preview":"max-image-preview:large","max-video-preview":"max-video-preview:-1"},"canonical":"https:\/\/bakirci.com\/ekipman\/servis-ekipmanlari\/kaporta\/kaporta-yardimci-ekipmanlari\/havali-avuc-taslamarodcraft-born-in-germanyrc7173\/","og_locale":"tr_TR","og_type":"article","og_title":"Haval\u0131 Avu\u00e7 Ta\u015flamaRODCRAFT (Born in GERMANY)RC7173 - Bak\u0131rc\u0131 Garagineering","og_description":"Haval\u0131 Avu\u00e7 Ta\u015flama - RC7173  Y\u00fcksek verimli, ergonomik kullan\u0131m  Governed motor sayesinde y\u00fcksek h\u0131zda g\u00fc\u00e7 aktar\u0131m\u0131  Y\u00fcksek kaliteli konik di\u015fliler sistemi  Sa\u011f el ve sol el kullan\u0131ma uygun kompozit tutamak  Ta\u015f \u00e7ap\u0131 125 mm  \u00c7al\u0131\u015fma h\u0131z\u0131 12000 rpm  \u00c7al\u0131\u015fma g\u00fcc\u00fc 0.7 hp  A\u011f\u0131rl\u0131k 1.5 kg","og_url":"https:\/\/bakirci.com\/ekipman\/servis-ekipmanlari\/kaporta\/kaporta-yardimci-ekipmanlari\/havali-avuc-taslamarodcraft-born-in-germanyrc7173\/","og_site_name":"Bak\u0131rc\u0131 Garagineering","article_publisher":"https:\/\/www.facebook.com\/bakirci.garagineering","article_modified_time":"2021-08-04T17:08:48+00:00","og_image":[{"width":1288,"height":1288,"url":"http:\/\/j6l.65c.myftpupload.com\/wp-content\/uploads\/2021\/06\/RC7173.png","path":"\/var\/www\/wp-content\/uploads\/2021\/06\/RC7173.png","size":"full","id":4768,"alt":"","pixels":1658944,"type":"image\/png"}],"twitter_card":"summary_large_image","twitter_misc":{"Tahmini okuma s\u00fcresi":"1 dakika"},"schema":{"@context":"https:\/\/schema.org","@graph":[{"@type":"Organization","@id":"https:\/\/bakirci.com\/ekipman\/#organization","name":"Bak\u0131rc\u0131 garagineering","url":"https:\/\/bakirci.com\/ekipman\/","sameAs":["https:\/\/www.facebook.com\/bakirci.garagineering","https:\/\/www.instagram.com\/bakirci.garagineering\/","https:\/\/www.linkedin.com\/company\/bakirci-garagineering\/","https:\/\/www.youtube.com\/channel\/UCiVG6s_jALJ6Zk8085XiOQg"],"logo":{"@type":"ImageObject","@id":"https:\/\/bakirci.com\/ekipman\/#logo","inLanguage":"tr","url":"https:\/\/bakirci.com\/ekipman\/wp-content\/uploads\/2021\/09\/Bakirci-logo-lacivert.png","contentUrl":"https:\/\/bakirci.com\/ekipman\/wp-content\/uploads\/2021\/09\/Bakirci-logo-lacivert.png","width":501,"height":501,"caption":"Bak\u0131rc\u0131 garagineering"},"image":{"@id":"https:\/\/bakirci.com\/ekipman\/#logo"}},{"@type":"WebSite","@id":"https:\/\/bakirci.com\/ekipman\/#website","url":"https:\/\/bakirci.com\/ekipman\/","name":"Bak\u0131rc\u0131 Garagineering","description":"Otomotiv sekt\u00f6r\u00fcne \u00f6zel, \u201c\u00dcretici Standard\u0131nda\u201d \u00e7\u00f6z\u00fcmler\u2026","publisher":{"@id":"https:\/\/bakirci.com\/ekipman\/#organization"},"potentialAction":[{"@type":"SearchAction","target":{"@type":"EntryPoint","urlTemplate":"https:\/\/bakirci.com\/ekipman\/?s={search_term_string}"},"query-input":"required name=search_term_string"}],"inLanguage":"tr"},{"@type":"ImageObject","@id":"https:\/\/bakirci.com\/ekipman\/servis-ekipmanlari\/kaporta\/kaporta-yardimci-ekipmanlari\/havali-avuc-taslamarodcraft-born-in-germanyrc7173\/#primaryimage","inLanguage":"tr","url":"https:\/\/bakirci.com\/ekipman\/wp-content\/uploads\/2021\/06\/RC7173.png","contentUrl":"https:\/\/bakirci.com\/ekipman\/wp-content\/uploads\/2021\/06\/RC7173.png","width":1288,"height":1288},{"@type":"WebPage","@id":"https:\/\/bakirci.com\/ekipman\/servis-ekipmanlari\/kaporta\/kaporta-yardimci-ekipmanlari\/havali-avuc-taslamarodcraft-born-in-germanyrc7173\/#webpage","url":"https:\/\/bakirci.com\/ekipman\/servis-ekipmanlari\/kaporta\/kaporta-yardimci-ekipmanlari\/havali-avuc-taslamarodcraft-born-in-germanyrc7173\/","name":"Haval\u0131 Avu\u00e7 Ta\u015flama RODCRAFT (Born in GERMANY)RC7173 - Bak\u0131rc\u0131 Garagineering","isPartOf":{"@id":"https:\/\/bakirci.com\/ekipman\/#website"},"primaryImageOfPage":{"@id":"https:\/\/bakirci.com\/ekipman\/servis-ekipmanlari\/kaporta\/kaporta-yardimci-ekipmanlari\/havali-avuc-taslamarodcraft-born-in-germanyrc7173\/#primaryimage"},"datePublished":"2021-01-02T02:55:43+00:00","dateModified":"2021-08-04T17:08:48+00:00","breadcrumb":{"@id":"https:\/\/bakirci.com\/ekipman\/servis-ekipmanlari\/kaporta\/kaporta-yardimci-ekipmanlari\/havali-avuc-taslamarodcraft-born-in-germanyrc7173\/#breadcrumb"},"inLanguage":"tr","potentialAction":[{"@type":"ReadAction","target":["https:\/\/bakirci.com\/ekipman\/servis-ekipmanlari\/kaporta\/kaporta-yardimci-ekipmanlari\/havali-avuc-taslamarodcraft-born-in-germanyrc7173\/"]}]},{"@type":"BreadcrumbList","@id":"https:\/\/bakirci.com\/ekipman\/servis-ekipmanlari\/kaporta\/kaporta-yardimci-ekipmanlari\/havali-avuc-taslamarodcraft-born-in-germanyrc7173\/#breadcrumb","itemListElement":[{"@type":"ListItem","position":1,"name":"Ekipman","item":"https:\/\/bakirci.com\/ekipman\/"},{"@type":"ListItem","position":2,"name":"Otomotiv Tesisleri \u0130\u00e7in Servis Ekipmanlar\u0131","item":"https:\/\/bakirci.com\/ekipman\/"},{"@type":"ListItem","position":3,"name":"Haval\u0131 Avu\u00e7 Ta\u015flamaRODCRAFT (Born in GERMANY)RC7173"}]}]}},"_links":{"self":[{"href":"https:\/\/bakirci.com\/ekipman\/wp-json\/wp\/v2\/product\/4625","targetHints":{"allow":["GET"]}}],"collection":[{"href":"https:\/\/bakirci.com\/ekipman\/wp-json\/wp\/v2\/product"}],"about":[{"href":"https:\/\/bakirci.com\/ekipman\/wp-json\/wp\/v2\/types\/product"}],"replies":[{"embeddable":true,"href":"https:\/\/bakirci.com\/ekipman\/wp-json\/wp\/v2\/comments?post=4625"}],"wp:featuredmedia":[{"embeddable":true,"href":"https:\/\/bakirci.com\/ekipman\/wp-json\/wp\/v2\/media\/4768"}],"wp:attachment":[{"href":"https:\/\/bakirci.com\/ekipman\/wp-json\/wp\/v2\/media?parent=4625"}],"wp:term":[{"taxonomy":"product_cat","embeddable":true,"href":"https:\/\/bakirci.com\/ekipman\/wp-json\/wp\/v2\/product_cat?post=4625"},{"taxonomy":"product_tag","embeddable":true,"href":"https:\/\/bakirci.com\/ekipman\/wp-json\/wp\/v2\/product_tag?post=4625"}],"curies":[{"name":"wp","href":"https:\/\/api.w.org\/{rel}","templated":true}]}}