{"id":4622,"date":"2021-01-02T03:10:06","date_gmt":"2021-01-02T03:10:06","guid":{"rendered":"https:\/\/j6l.65c.myftpupload.com\/?post_type=product&#038;p=4622"},"modified":"2021-08-04T17:07:18","modified_gmt":"2021-08-04T17:07:18","slug":"havali-serit-zimpararodcraft-born-in-germanyrc7155","status":"publish","type":"product","link":"https:\/\/bakirci.com\/ekipman\/servis-ekipmanlari\/kaporta\/kaporta-yardimci-ekipmanlari\/havali-serit-zimpararodcraft-born-in-germanyrc7155\/","title":{"rendered":"<p class=\"ustmetin\">Haval\u0131 \u015eerit Z\u0131mpara<\/p><p class=\"ortametin\">RODCRAFT <span class=\"ortametin2\">(Born in GERMANY)<\/span><p class=\"altmetin\">RC7155<\/p>"},"content":{"rendered":"<ul>\n<li>Haval\u0131 \u015eerit Z\u0131mpara &#8211; RC7155<\/li>\n<li>Dar alanlarda z\u0131mpara ve \u00e7apak almak i\u00e7in k\u00fc\u00e7\u00fck bant z\u0131mpara makinesi<\/li>\n<li>Y\u00fcksek verimli ve sa\u011flam kullan\u0131m<\/li>\n<li>Ergonomik \u00e7al\u0131\u015fma i\u00e7in e\u011fimi ayarlanabilir ta\u015flama kolu<\/li>\n<li>H\u0131zl\u0131 \u015ferit z\u0131mpara de\u011fi\u015ftirme<\/li>\n<li>Kay\u0131\u015f \u00f6l\u00e7\u00fcs\u00fc 10 x 330 mm<\/li>\n<li>\u00c7al\u0131\u015fma h\u0131z\u0131 18000 rpm<\/li>\n<li>A\u011f\u0131rl\u0131k 800 gr<\/li>\n<\/ul>\n","protected":false},"excerpt":{"rendered":"<ul>\n<li>Haval\u0131 \u015eerit Z\u0131mpara &#8211; RC7155<\/li>\n<li>Dar alanlarda z\u0131mpara ve \u00e7apak almak i\u00e7in k\u00fc\u00e7\u00fck bant z\u0131mpara makinesi<\/li>\n<li>Y\u00fcksek verimli ve sa\u011flam kullan\u0131m<\/li>\n<li>Ergonomik \u00e7al\u0131\u015fma i\u00e7in e\u011fimi ayarlanabilir ta\u015flama kolu<\/li>\n<li>H\u0131zl\u0131 \u015ferit z\u0131mpara de\u011fi\u015ftirme<\/li>\n<li>Kay\u0131\u015f \u00f6l\u00e7\u00fcs\u00fc 10 x 330 mm<\/li>\n<li>\u00c7al\u0131\u015fma h\u0131z\u0131 18000 rpm<\/li>\n<li>A\u011f\u0131rl\u0131k 800 gr<\/li>\n<\/ul>\n","protected":false},"featured_media":4765,"comment_status":"closed","ping_status":"closed","template":"","meta":[],"product_cat":[175],"product_tag":[337],"class_list":["post-4622","product","type-product","status-publish","has-post-thumbnail","hentry","pwb-brand-rodcraft","product_cat-kaporta-yardimci-ekipmanlari","product_tag-rodcraft"],"brands":[{"id":371,"name":"RODCRAFT","slug":"rodcraft"}],"yoast_head":"<!-- This site is optimized with the Yoast SEO plugin v17.1 - https:\/\/yoast.com\/wordpress\/plugins\/seo\/ -->\n<title>Haval\u0131 \u015eerit Z\u0131mparaRODCRAFT (Born in GERMANY)RC7155 - Bak\u0131rc\u0131 Garagineering<\/title>\n<meta name=\"robots\" content=\"index, follow, max-snippet:-1, max-image-preview:large, max-video-preview:-1\" \/>\n<link rel=\"canonical\" href=\"https:\/\/bakirci.com\/ekipman\/servis-ekipmanlari\/kaporta\/kaporta-yardimci-ekipmanlari\/havali-serit-zimpararodcraft-born-in-germanyrc7155\/\" \/>\n<meta property=\"og:locale\" content=\"tr_TR\" \/>\n<meta property=\"og:type\" content=\"article\" \/>\n<meta property=\"og:title\" content=\"Haval\u0131 \u015eerit Z\u0131mparaRODCRAFT (Born in GERMANY)RC7155 - Bak\u0131rc\u0131 Garagineering\" \/>\n<meta property=\"og:description\" content=\"Haval\u0131 \u015eerit Z\u0131mpara - RC7155  Dar alanlarda z\u0131mpara ve \u00e7apak almak i\u00e7in k\u00fc\u00e7\u00fck bant z\u0131mpara makinesi  Y\u00fcksek verimli ve sa\u011flam kullan\u0131m  Ergonomik \u00e7al\u0131\u015fma i\u00e7in e\u011fimi ayarlanabilir ta\u015flama kolu  H\u0131zl\u0131 \u015ferit z\u0131mpara de\u011fi\u015ftirme  Kay\u0131\u015f \u00f6l\u00e7\u00fcs\u00fc 10 x 330 mm  \u00c7al\u0131\u015fma h\u0131z\u0131 18000 rpm  A\u011f\u0131rl\u0131k 800 gr\" \/>\n<meta property=\"og:url\" content=\"https:\/\/bakirci.com\/ekipman\/servis-ekipmanlari\/kaporta\/kaporta-yardimci-ekipmanlari\/havali-serit-zimpararodcraft-born-in-germanyrc7155\/\" \/>\n<meta property=\"og:site_name\" content=\"Bak\u0131rc\u0131 Garagineering\" \/>\n<meta property=\"article:publisher\" content=\"https:\/\/www.facebook.com\/bakirci.garagineering\" \/>\n<meta property=\"article:modified_time\" content=\"2021-08-04T17:07:18+00:00\" \/>\n<meta property=\"og:image\" content=\"http:\/\/j6l.65c.myftpupload.com\/wp-content\/uploads\/2021\/06\/RC7155.png\" \/>\n\t<meta property=\"og:image:width\" content=\"1214\" \/>\n\t<meta property=\"og:image:height\" content=\"1215\" \/>\n<meta name=\"twitter:card\" content=\"summary_large_image\" \/>\n<meta name=\"twitter:label1\" content=\"Tahmini okuma s\u00fcresi\" \/>\n\t<meta name=\"twitter:data1\" content=\"1 dakika\" \/>\n<script type=\"application\/ld+json\" class=\"yoast-schema-graph\">{\"@context\":\"https:\/\/schema.org\",\"@graph\":[{\"@type\":\"Organization\",\"@id\":\"https:\/\/bakirci.com\/ekipman\/#organization\",\"name\":\"Bak\\u0131rc\\u0131 garagineering\",\"url\":\"https:\/\/bakirci.com\/ekipman\/\",\"sameAs\":[\"https:\/\/www.facebook.com\/bakirci.garagineering\",\"https:\/\/www.instagram.com\/bakirci.garagineering\/\",\"https:\/\/www.linkedin.com\/company\/bakirci-garagineering\/\",\"https:\/\/www.youtube.com\/channel\/UCiVG6s_jALJ6Zk8085XiOQg\"],\"logo\":{\"@type\":\"ImageObject\",\"@id\":\"https:\/\/bakirci.com\/ekipman\/#logo\",\"inLanguage\":\"tr\",\"url\":\"https:\/\/bakirci.com\/ekipman\/wp-content\/uploads\/2021\/09\/Bakirci-logo-lacivert.png\",\"contentUrl\":\"https:\/\/bakirci.com\/ekipman\/wp-content\/uploads\/2021\/09\/Bakirci-logo-lacivert.png\",\"width\":501,\"height\":501,\"caption\":\"Bak\\u0131rc\\u0131 garagineering\"},\"image\":{\"@id\":\"https:\/\/bakirci.com\/ekipman\/#logo\"}},{\"@type\":\"WebSite\",\"@id\":\"https:\/\/bakirci.com\/ekipman\/#website\",\"url\":\"https:\/\/bakirci.com\/ekipman\/\",\"name\":\"Bak\\u0131rc\\u0131 Garagineering\",\"description\":\"Otomotiv sekt\\u00f6r\\u00fcne \\u00f6zel, \\u201c\\u00dcretici Standard\\u0131nda\\u201d \\u00e7\\u00f6z\\u00fcmler\\u2026\",\"publisher\":{\"@id\":\"https:\/\/bakirci.com\/ekipman\/#organization\"},\"potentialAction\":[{\"@type\":\"SearchAction\",\"target\":{\"@type\":\"EntryPoint\",\"urlTemplate\":\"https:\/\/bakirci.com\/ekipman\/?s={search_term_string}\"},\"query-input\":\"required name=search_term_string\"}],\"inLanguage\":\"tr\"},{\"@type\":\"ImageObject\",\"@id\":\"https:\/\/bakirci.com\/ekipman\/servis-ekipmanlari\/kaporta\/kaporta-yardimci-ekipmanlari\/havali-serit-zimpararodcraft-born-in-germanyrc7155\/#primaryimage\",\"inLanguage\":\"tr\",\"url\":\"https:\/\/bakirci.com\/ekipman\/wp-content\/uploads\/2021\/06\/RC7155.png\",\"contentUrl\":\"https:\/\/bakirci.com\/ekipman\/wp-content\/uploads\/2021\/06\/RC7155.png\",\"width\":1214,\"height\":1215},{\"@type\":\"WebPage\",\"@id\":\"https:\/\/bakirci.com\/ekipman\/servis-ekipmanlari\/kaporta\/kaporta-yardimci-ekipmanlari\/havali-serit-zimpararodcraft-born-in-germanyrc7155\/#webpage\",\"url\":\"https:\/\/bakirci.com\/ekipman\/servis-ekipmanlari\/kaporta\/kaporta-yardimci-ekipmanlari\/havali-serit-zimpararodcraft-born-in-germanyrc7155\/\",\"name\":\"Haval\\u0131 \\u015eerit Z\\u0131mpara RODCRAFT (Born in GERMANY)RC7155 - Bak\\u0131rc\\u0131 Garagineering\",\"isPartOf\":{\"@id\":\"https:\/\/bakirci.com\/ekipman\/#website\"},\"primaryImageOfPage\":{\"@id\":\"https:\/\/bakirci.com\/ekipman\/servis-ekipmanlari\/kaporta\/kaporta-yardimci-ekipmanlari\/havali-serit-zimpararodcraft-born-in-germanyrc7155\/#primaryimage\"},\"datePublished\":\"2021-01-02T03:10:06+00:00\",\"dateModified\":\"2021-08-04T17:07:18+00:00\",\"breadcrumb\":{\"@id\":\"https:\/\/bakirci.com\/ekipman\/servis-ekipmanlari\/kaporta\/kaporta-yardimci-ekipmanlari\/havali-serit-zimpararodcraft-born-in-germanyrc7155\/#breadcrumb\"},\"inLanguage\":\"tr\",\"potentialAction\":[{\"@type\":\"ReadAction\",\"target\":[\"https:\/\/bakirci.com\/ekipman\/servis-ekipmanlari\/kaporta\/kaporta-yardimci-ekipmanlari\/havali-serit-zimpararodcraft-born-in-germanyrc7155\/\"]}]},{\"@type\":\"BreadcrumbList\",\"@id\":\"https:\/\/bakirci.com\/ekipman\/servis-ekipmanlari\/kaporta\/kaporta-yardimci-ekipmanlari\/havali-serit-zimpararodcraft-born-in-germanyrc7155\/#breadcrumb\",\"itemListElement\":[{\"@type\":\"ListItem\",\"position\":1,\"name\":\"Ekipman\",\"item\":\"https:\/\/bakirci.com\/ekipman\/\"},{\"@type\":\"ListItem\",\"position\":2,\"name\":\"Otomotiv Tesisleri \\u0130\\u00e7in Servis Ekipmanlar\\u0131\",\"item\":\"https:\/\/bakirci.com\/ekipman\/\"},{\"@type\":\"ListItem\",\"position\":3,\"name\":\"Haval\\u0131 \\u015eerit Z\\u0131mparaRODCRAFT (Born in GERMANY)RC7155\"}]}]}<\/script>\n<!-- \/ Yoast SEO plugin. -->","yoast_head_json":{"title":"Haval\u0131 \u015eerit Z\u0131mparaRODCRAFT (Born in GERMANY)RC7155 - Bak\u0131rc\u0131 Garagineering","robots":{"index":"index","follow":"follow","max-snippet":"max-snippet:-1","max-image-preview":"max-image-preview:large","max-video-preview":"max-video-preview:-1"},"canonical":"https:\/\/bakirci.com\/ekipman\/servis-ekipmanlari\/kaporta\/kaporta-yardimci-ekipmanlari\/havali-serit-zimpararodcraft-born-in-germanyrc7155\/","og_locale":"tr_TR","og_type":"article","og_title":"Haval\u0131 \u015eerit Z\u0131mparaRODCRAFT (Born in GERMANY)RC7155 - Bak\u0131rc\u0131 Garagineering","og_description":"Haval\u0131 \u015eerit Z\u0131mpara - RC7155  Dar alanlarda z\u0131mpara ve \u00e7apak almak i\u00e7in k\u00fc\u00e7\u00fck bant z\u0131mpara makinesi  Y\u00fcksek verimli ve sa\u011flam kullan\u0131m  Ergonomik \u00e7al\u0131\u015fma i\u00e7in e\u011fimi ayarlanabilir ta\u015flama kolu  H\u0131zl\u0131 \u015ferit z\u0131mpara de\u011fi\u015ftirme  Kay\u0131\u015f \u00f6l\u00e7\u00fcs\u00fc 10 x 330 mm  \u00c7al\u0131\u015fma h\u0131z\u0131 18000 rpm  A\u011f\u0131rl\u0131k 800 gr","og_url":"https:\/\/bakirci.com\/ekipman\/servis-ekipmanlari\/kaporta\/kaporta-yardimci-ekipmanlari\/havali-serit-zimpararodcraft-born-in-germanyrc7155\/","og_site_name":"Bak\u0131rc\u0131 Garagineering","article_publisher":"https:\/\/www.facebook.com\/bakirci.garagineering","article_modified_time":"2021-08-04T17:07:18+00:00","og_image":[{"width":1214,"height":1215,"url":"http:\/\/j6l.65c.myftpupload.com\/wp-content\/uploads\/2021\/06\/RC7155.png","path":"\/var\/www\/wp-content\/uploads\/2021\/06\/RC7155.png","size":"full","id":4765,"alt":"","pixels":1475010,"type":"image\/png"}],"twitter_card":"summary_large_image","twitter_misc":{"Tahmini okuma s\u00fcresi":"1 dakika"},"schema":{"@context":"https:\/\/schema.org","@graph":[{"@type":"Organization","@id":"https:\/\/bakirci.com\/ekipman\/#organization","name":"Bak\u0131rc\u0131 garagineering","url":"https:\/\/bakirci.com\/ekipman\/","sameAs":["https:\/\/www.facebook.com\/bakirci.garagineering","https:\/\/www.instagram.com\/bakirci.garagineering\/","https:\/\/www.linkedin.com\/company\/bakirci-garagineering\/","https:\/\/www.youtube.com\/channel\/UCiVG6s_jALJ6Zk8085XiOQg"],"logo":{"@type":"ImageObject","@id":"https:\/\/bakirci.com\/ekipman\/#logo","inLanguage":"tr","url":"https:\/\/bakirci.com\/ekipman\/wp-content\/uploads\/2021\/09\/Bakirci-logo-lacivert.png","contentUrl":"https:\/\/bakirci.com\/ekipman\/wp-content\/uploads\/2021\/09\/Bakirci-logo-lacivert.png","width":501,"height":501,"caption":"Bak\u0131rc\u0131 garagineering"},"image":{"@id":"https:\/\/bakirci.com\/ekipman\/#logo"}},{"@type":"WebSite","@id":"https:\/\/bakirci.com\/ekipman\/#website","url":"https:\/\/bakirci.com\/ekipman\/","name":"Bak\u0131rc\u0131 Garagineering","description":"Otomotiv sekt\u00f6r\u00fcne \u00f6zel, \u201c\u00dcretici Standard\u0131nda\u201d \u00e7\u00f6z\u00fcmler\u2026","publisher":{"@id":"https:\/\/bakirci.com\/ekipman\/#organization"},"potentialAction":[{"@type":"SearchAction","target":{"@type":"EntryPoint","urlTemplate":"https:\/\/bakirci.com\/ekipman\/?s={search_term_string}"},"query-input":"required name=search_term_string"}],"inLanguage":"tr"},{"@type":"ImageObject","@id":"https:\/\/bakirci.com\/ekipman\/servis-ekipmanlari\/kaporta\/kaporta-yardimci-ekipmanlari\/havali-serit-zimpararodcraft-born-in-germanyrc7155\/#primaryimage","inLanguage":"tr","url":"https:\/\/bakirci.com\/ekipman\/wp-content\/uploads\/2021\/06\/RC7155.png","contentUrl":"https:\/\/bakirci.com\/ekipman\/wp-content\/uploads\/2021\/06\/RC7155.png","width":1214,"height":1215},{"@type":"WebPage","@id":"https:\/\/bakirci.com\/ekipman\/servis-ekipmanlari\/kaporta\/kaporta-yardimci-ekipmanlari\/havali-serit-zimpararodcraft-born-in-germanyrc7155\/#webpage","url":"https:\/\/bakirci.com\/ekipman\/servis-ekipmanlari\/kaporta\/kaporta-yardimci-ekipmanlari\/havali-serit-zimpararodcraft-born-in-germanyrc7155\/","name":"Haval\u0131 \u015eerit Z\u0131mpara RODCRAFT (Born in GERMANY)RC7155 - Bak\u0131rc\u0131 Garagineering","isPartOf":{"@id":"https:\/\/bakirci.com\/ekipman\/#website"},"primaryImageOfPage":{"@id":"https:\/\/bakirci.com\/ekipman\/servis-ekipmanlari\/kaporta\/kaporta-yardimci-ekipmanlari\/havali-serit-zimpararodcraft-born-in-germanyrc7155\/#primaryimage"},"datePublished":"2021-01-02T03:10:06+00:00","dateModified":"2021-08-04T17:07:18+00:00","breadcrumb":{"@id":"https:\/\/bakirci.com\/ekipman\/servis-ekipmanlari\/kaporta\/kaporta-yardimci-ekipmanlari\/havali-serit-zimpararodcraft-born-in-germanyrc7155\/#breadcrumb"},"inLanguage":"tr","potentialAction":[{"@type":"ReadAction","target":["https:\/\/bakirci.com\/ekipman\/servis-ekipmanlari\/kaporta\/kaporta-yardimci-ekipmanlari\/havali-serit-zimpararodcraft-born-in-germanyrc7155\/"]}]},{"@type":"BreadcrumbList","@id":"https:\/\/bakirci.com\/ekipman\/servis-ekipmanlari\/kaporta\/kaporta-yardimci-ekipmanlari\/havali-serit-zimpararodcraft-born-in-germanyrc7155\/#breadcrumb","itemListElement":[{"@type":"ListItem","position":1,"name":"Ekipman","item":"https:\/\/bakirci.com\/ekipman\/"},{"@type":"ListItem","position":2,"name":"Otomotiv Tesisleri \u0130\u00e7in Servis Ekipmanlar\u0131","item":"https:\/\/bakirci.com\/ekipman\/"},{"@type":"ListItem","position":3,"name":"Haval\u0131 \u015eerit Z\u0131mparaRODCRAFT (Born in GERMANY)RC7155"}]}]}},"_links":{"self":[{"href":"https:\/\/bakirci.com\/ekipman\/wp-json\/wp\/v2\/product\/4622","targetHints":{"allow":["GET"]}}],"collection":[{"href":"https:\/\/bakirci.com\/ekipman\/wp-json\/wp\/v2\/product"}],"about":[{"href":"https:\/\/bakirci.com\/ekipman\/wp-json\/wp\/v2\/types\/product"}],"replies":[{"embeddable":true,"href":"https:\/\/bakirci.com\/ekipman\/wp-json\/wp\/v2\/comments?post=4622"}],"wp:featuredmedia":[{"embeddable":true,"href":"https:\/\/bakirci.com\/ekipman\/wp-json\/wp\/v2\/media\/4765"}],"wp:attachment":[{"href":"https:\/\/bakirci.com\/ekipman\/wp-json\/wp\/v2\/media?parent=4622"}],"wp:term":[{"taxonomy":"product_cat","embeddable":true,"href":"https:\/\/bakirci.com\/ekipman\/wp-json\/wp\/v2\/product_cat?post=4622"},{"taxonomy":"product_tag","embeddable":true,"href":"https:\/\/bakirci.com\/ekipman\/wp-json\/wp\/v2\/product_tag?post=4622"}],"curies":[{"name":"wp","href":"https:\/\/api.w.org\/{rel}","templated":true}]}}