{"id":4603,"date":"2021-01-02T04:45:40","date_gmt":"2021-01-02T04:45:40","guid":{"rendered":"https:\/\/j6l.65c.myftpupload.com\/?post_type=product&#038;p=4603"},"modified":"2021-08-04T17:02:45","modified_gmt":"2021-08-04T17:02:45","slug":"punta-kaynak-curutme-cihazigys-born-in-francespot-drill","status":"publish","type":"product","link":"https:\/\/bakirci.com\/ekipman\/servis-ekipmanlari\/kaporta\/kaporta-yardimci-ekipmanlari\/punta-kaynak-curutme-cihazigys-born-in-francespot-drill\/","title":{"rendered":"<p class=\"ustmetin\">Punta Kaynak \u00c7\u00fcr\u00fctme Cihaz\u0131<\/p><p class=\"ortametin\">GYS <span class=\"ortametin2\">(Born in FRANCE)<\/span><p class=\"altmetin\">Spot Drill<\/p>"},"content":{"rendered":"<ul>\n<li>Punta Kaynak \u00c7\u00fcr\u00fctme Cihaz\u0131 &#8211; Spot Drill<\/li>\n<li>D\u00fc\u015f\u00fck devir ve y\u00fcksek tork ile uzun \u00f6m\u00fcrl\u00fc freze ucu kullan\u0131m\u0131<\/li>\n<li>Arka sac\u0131 koruyan freze ucu derinlik ayar\u0131<\/li>\n<li>360\u00b0 ayarlanabilir ve s\u00f6k\u00fclebilir destek kolu<\/li>\n<li>Punta \u00e7\u00fcr\u00fctme ucu ile birlikte (1 adet, 8 mm)<\/li>\n<li>\u00c7al\u0131\u015fma h\u0131z\u0131 800 rpm, a\u011f\u0131rl\u0131k 2,3 kg<\/li>\n<\/ul>\n","protected":false},"excerpt":{"rendered":"<ul>\n<li>Punta Kaynak \u00c7\u00fcr\u00fctme Cihaz\u0131 &#8211; Spot Drill<\/li>\n<li>D\u00fc\u015f\u00fck devir ve y\u00fcksek tork ile uzun \u00f6m\u00fcrl\u00fc freze ucu kullan\u0131m\u0131<\/li>\n<li>Arka sac\u0131 koruyan freze ucu derinlik ayar\u0131<\/li>\n<li>360\u00b0 ayarlanabilir ve s\u00f6k\u00fclebilir destek kolu<\/li>\n<li>Punta \u00e7\u00fcr\u00fctme ucu ile birlikte (1 adet, 8 mm)<\/li>\n<li>\u00c7al\u0131\u015fma h\u0131z\u0131 800 rpm, a\u011f\u0131rl\u0131k 2,3 kg<\/li>\n<\/ul>\n","protected":false},"featured_media":4750,"comment_status":"closed","ping_status":"closed","template":"","meta":[],"product_cat":[175],"product_tag":[346],"class_list":["post-4603","product","type-product","status-publish","has-post-thumbnail","hentry","pwb-brand-gys","product_cat-kaporta-yardimci-ekipmanlari","product_tag-gys"],"brands":[{"id":378,"name":"GYS","slug":"gys"}],"yoast_head":"<!-- This site is optimized with the Yoast SEO plugin v17.1 - https:\/\/yoast.com\/wordpress\/plugins\/seo\/ -->\n<title>Punta Kaynak \u00c7\u00fcr\u00fctme Cihaz\u0131GYS (Born in FRANCE)Spot Drill - Bak\u0131rc\u0131 Garagineering<\/title>\n<meta name=\"robots\" content=\"index, follow, max-snippet:-1, max-image-preview:large, max-video-preview:-1\" \/>\n<link rel=\"canonical\" href=\"https:\/\/bakirci.com\/ekipman\/servis-ekipmanlari\/kaporta\/kaporta-yardimci-ekipmanlari\/punta-kaynak-curutme-cihazigys-born-in-francespot-drill\/\" \/>\n<meta property=\"og:locale\" content=\"tr_TR\" \/>\n<meta property=\"og:type\" content=\"article\" \/>\n<meta property=\"og:title\" content=\"Punta Kaynak \u00c7\u00fcr\u00fctme Cihaz\u0131GYS (Born in FRANCE)Spot Drill - Bak\u0131rc\u0131 Garagineering\" \/>\n<meta property=\"og:description\" content=\"Punta Kaynak \u00c7\u00fcr\u00fctme Cihaz\u0131 - Spot Drill  D\u00fc\u015f\u00fck devir ve y\u00fcksek tork ile uzun \u00f6m\u00fcrl\u00fc freze ucu kullan\u0131m\u0131  Arka sac\u0131 koruyan freze ucu derinlik ayar\u0131  360\u00b0 ayarlanabilir ve s\u00f6k\u00fclebilir destek kolu  Punta \u00e7\u00fcr\u00fctme ucu ile birlikte (1 adet, 8 mm)  \u00c7al\u0131\u015fma h\u0131z\u0131 800 rpm, a\u011f\u0131rl\u0131k 2,3 kg\" \/>\n<meta property=\"og:url\" content=\"https:\/\/bakirci.com\/ekipman\/servis-ekipmanlari\/kaporta\/kaporta-yardimci-ekipmanlari\/punta-kaynak-curutme-cihazigys-born-in-francespot-drill\/\" \/>\n<meta property=\"og:site_name\" content=\"Bak\u0131rc\u0131 Garagineering\" \/>\n<meta property=\"article:publisher\" content=\"https:\/\/www.facebook.com\/bakirci.garagineering\" \/>\n<meta property=\"article:modified_time\" content=\"2021-08-04T17:02:45+00:00\" \/>\n<meta property=\"og:image\" content=\"http:\/\/j6l.65c.myftpupload.com\/wp-content\/uploads\/2021\/06\/Spot-Drill.png\" \/>\n\t<meta property=\"og:image:width\" content=\"1025\" \/>\n\t<meta property=\"og:image:height\" content=\"1025\" \/>\n<meta name=\"twitter:card\" content=\"summary_large_image\" \/>\n<meta name=\"twitter:label1\" content=\"Tahmini okuma s\u00fcresi\" \/>\n\t<meta name=\"twitter:data1\" content=\"1 dakika\" \/>\n<script type=\"application\/ld+json\" class=\"yoast-schema-graph\">{\"@context\":\"https:\/\/schema.org\",\"@graph\":[{\"@type\":\"Organization\",\"@id\":\"https:\/\/bakirci.com\/ekipman\/#organization\",\"name\":\"Bak\\u0131rc\\u0131 garagineering\",\"url\":\"https:\/\/bakirci.com\/ekipman\/\",\"sameAs\":[\"https:\/\/www.facebook.com\/bakirci.garagineering\",\"https:\/\/www.instagram.com\/bakirci.garagineering\/\",\"https:\/\/www.linkedin.com\/company\/bakirci-garagineering\/\",\"https:\/\/www.youtube.com\/channel\/UCiVG6s_jALJ6Zk8085XiOQg\"],\"logo\":{\"@type\":\"ImageObject\",\"@id\":\"https:\/\/bakirci.com\/ekipman\/#logo\",\"inLanguage\":\"tr\",\"url\":\"https:\/\/bakirci.com\/ekipman\/wp-content\/uploads\/2021\/09\/Bakirci-logo-lacivert.png\",\"contentUrl\":\"https:\/\/bakirci.com\/ekipman\/wp-content\/uploads\/2021\/09\/Bakirci-logo-lacivert.png\",\"width\":501,\"height\":501,\"caption\":\"Bak\\u0131rc\\u0131 garagineering\"},\"image\":{\"@id\":\"https:\/\/bakirci.com\/ekipman\/#logo\"}},{\"@type\":\"WebSite\",\"@id\":\"https:\/\/bakirci.com\/ekipman\/#website\",\"url\":\"https:\/\/bakirci.com\/ekipman\/\",\"name\":\"Bak\\u0131rc\\u0131 Garagineering\",\"description\":\"Otomotiv sekt\\u00f6r\\u00fcne \\u00f6zel, \\u201c\\u00dcretici Standard\\u0131nda\\u201d \\u00e7\\u00f6z\\u00fcmler\\u2026\",\"publisher\":{\"@id\":\"https:\/\/bakirci.com\/ekipman\/#organization\"},\"potentialAction\":[{\"@type\":\"SearchAction\",\"target\":{\"@type\":\"EntryPoint\",\"urlTemplate\":\"https:\/\/bakirci.com\/ekipman\/?s={search_term_string}\"},\"query-input\":\"required name=search_term_string\"}],\"inLanguage\":\"tr\"},{\"@type\":\"ImageObject\",\"@id\":\"https:\/\/bakirci.com\/ekipman\/servis-ekipmanlari\/kaporta\/kaporta-yardimci-ekipmanlari\/punta-kaynak-curutme-cihazigys-born-in-francespot-drill\/#primaryimage\",\"inLanguage\":\"tr\",\"url\":\"https:\/\/bakirci.com\/ekipman\/wp-content\/uploads\/2021\/06\/Spot-Drill.png\",\"contentUrl\":\"https:\/\/bakirci.com\/ekipman\/wp-content\/uploads\/2021\/06\/Spot-Drill.png\",\"width\":1025,\"height\":1025},{\"@type\":\"WebPage\",\"@id\":\"https:\/\/bakirci.com\/ekipman\/servis-ekipmanlari\/kaporta\/kaporta-yardimci-ekipmanlari\/punta-kaynak-curutme-cihazigys-born-in-francespot-drill\/#webpage\",\"url\":\"https:\/\/bakirci.com\/ekipman\/servis-ekipmanlari\/kaporta\/kaporta-yardimci-ekipmanlari\/punta-kaynak-curutme-cihazigys-born-in-francespot-drill\/\",\"name\":\"Punta Kaynak \\u00c7\\u00fcr\\u00fctme Cihaz\\u0131 GYS (Born in FRANCE)Spot Drill - Bak\\u0131rc\\u0131 Garagineering\",\"isPartOf\":{\"@id\":\"https:\/\/bakirci.com\/ekipman\/#website\"},\"primaryImageOfPage\":{\"@id\":\"https:\/\/bakirci.com\/ekipman\/servis-ekipmanlari\/kaporta\/kaporta-yardimci-ekipmanlari\/punta-kaynak-curutme-cihazigys-born-in-francespot-drill\/#primaryimage\"},\"datePublished\":\"2021-01-02T04:45:40+00:00\",\"dateModified\":\"2021-08-04T17:02:45+00:00\",\"breadcrumb\":{\"@id\":\"https:\/\/bakirci.com\/ekipman\/servis-ekipmanlari\/kaporta\/kaporta-yardimci-ekipmanlari\/punta-kaynak-curutme-cihazigys-born-in-francespot-drill\/#breadcrumb\"},\"inLanguage\":\"tr\",\"potentialAction\":[{\"@type\":\"ReadAction\",\"target\":[\"https:\/\/bakirci.com\/ekipman\/servis-ekipmanlari\/kaporta\/kaporta-yardimci-ekipmanlari\/punta-kaynak-curutme-cihazigys-born-in-francespot-drill\/\"]}]},{\"@type\":\"BreadcrumbList\",\"@id\":\"https:\/\/bakirci.com\/ekipman\/servis-ekipmanlari\/kaporta\/kaporta-yardimci-ekipmanlari\/punta-kaynak-curutme-cihazigys-born-in-francespot-drill\/#breadcrumb\",\"itemListElement\":[{\"@type\":\"ListItem\",\"position\":1,\"name\":\"Ekipman\",\"item\":\"https:\/\/bakirci.com\/ekipman\/\"},{\"@type\":\"ListItem\",\"position\":2,\"name\":\"Otomotiv Tesisleri \\u0130\\u00e7in Servis Ekipmanlar\\u0131\",\"item\":\"https:\/\/bakirci.com\/ekipman\/\"},{\"@type\":\"ListItem\",\"position\":3,\"name\":\"Punta Kaynak \\u00c7\\u00fcr\\u00fctme Cihaz\\u0131GYS (Born in FRANCE)Spot Drill\"}]}]}<\/script>\n<!-- \/ Yoast SEO plugin. -->","yoast_head_json":{"title":"Punta Kaynak \u00c7\u00fcr\u00fctme Cihaz\u0131GYS (Born in FRANCE)Spot Drill - Bak\u0131rc\u0131 Garagineering","robots":{"index":"index","follow":"follow","max-snippet":"max-snippet:-1","max-image-preview":"max-image-preview:large","max-video-preview":"max-video-preview:-1"},"canonical":"https:\/\/bakirci.com\/ekipman\/servis-ekipmanlari\/kaporta\/kaporta-yardimci-ekipmanlari\/punta-kaynak-curutme-cihazigys-born-in-francespot-drill\/","og_locale":"tr_TR","og_type":"article","og_title":"Punta Kaynak \u00c7\u00fcr\u00fctme Cihaz\u0131GYS (Born in FRANCE)Spot Drill - Bak\u0131rc\u0131 Garagineering","og_description":"Punta Kaynak \u00c7\u00fcr\u00fctme Cihaz\u0131 - Spot Drill  D\u00fc\u015f\u00fck devir ve y\u00fcksek tork ile uzun \u00f6m\u00fcrl\u00fc freze ucu kullan\u0131m\u0131  Arka sac\u0131 koruyan freze ucu derinlik ayar\u0131  360\u00b0 ayarlanabilir ve s\u00f6k\u00fclebilir destek kolu  Punta \u00e7\u00fcr\u00fctme ucu ile birlikte (1 adet, 8 mm)  \u00c7al\u0131\u015fma h\u0131z\u0131 800 rpm, a\u011f\u0131rl\u0131k 2,3 kg","og_url":"https:\/\/bakirci.com\/ekipman\/servis-ekipmanlari\/kaporta\/kaporta-yardimci-ekipmanlari\/punta-kaynak-curutme-cihazigys-born-in-francespot-drill\/","og_site_name":"Bak\u0131rc\u0131 Garagineering","article_publisher":"https:\/\/www.facebook.com\/bakirci.garagineering","article_modified_time":"2021-08-04T17:02:45+00:00","og_image":[{"width":1025,"height":1025,"url":"http:\/\/j6l.65c.myftpupload.com\/wp-content\/uploads\/2021\/06\/Spot-Drill.png","path":"\/var\/www\/wp-content\/uploads\/2021\/06\/Spot-Drill.png","size":"full","id":4750,"alt":"","pixels":1050625,"type":"image\/png"}],"twitter_card":"summary_large_image","twitter_misc":{"Tahmini okuma s\u00fcresi":"1 dakika"},"schema":{"@context":"https:\/\/schema.org","@graph":[{"@type":"Organization","@id":"https:\/\/bakirci.com\/ekipman\/#organization","name":"Bak\u0131rc\u0131 garagineering","url":"https:\/\/bakirci.com\/ekipman\/","sameAs":["https:\/\/www.facebook.com\/bakirci.garagineering","https:\/\/www.instagram.com\/bakirci.garagineering\/","https:\/\/www.linkedin.com\/company\/bakirci-garagineering\/","https:\/\/www.youtube.com\/channel\/UCiVG6s_jALJ6Zk8085XiOQg"],"logo":{"@type":"ImageObject","@id":"https:\/\/bakirci.com\/ekipman\/#logo","inLanguage":"tr","url":"https:\/\/bakirci.com\/ekipman\/wp-content\/uploads\/2021\/09\/Bakirci-logo-lacivert.png","contentUrl":"https:\/\/bakirci.com\/ekipman\/wp-content\/uploads\/2021\/09\/Bakirci-logo-lacivert.png","width":501,"height":501,"caption":"Bak\u0131rc\u0131 garagineering"},"image":{"@id":"https:\/\/bakirci.com\/ekipman\/#logo"}},{"@type":"WebSite","@id":"https:\/\/bakirci.com\/ekipman\/#website","url":"https:\/\/bakirci.com\/ekipman\/","name":"Bak\u0131rc\u0131 Garagineering","description":"Otomotiv sekt\u00f6r\u00fcne \u00f6zel, \u201c\u00dcretici Standard\u0131nda\u201d \u00e7\u00f6z\u00fcmler\u2026","publisher":{"@id":"https:\/\/bakirci.com\/ekipman\/#organization"},"potentialAction":[{"@type":"SearchAction","target":{"@type":"EntryPoint","urlTemplate":"https:\/\/bakirci.com\/ekipman\/?s={search_term_string}"},"query-input":"required name=search_term_string"}],"inLanguage":"tr"},{"@type":"ImageObject","@id":"https:\/\/bakirci.com\/ekipman\/servis-ekipmanlari\/kaporta\/kaporta-yardimci-ekipmanlari\/punta-kaynak-curutme-cihazigys-born-in-francespot-drill\/#primaryimage","inLanguage":"tr","url":"https:\/\/bakirci.com\/ekipman\/wp-content\/uploads\/2021\/06\/Spot-Drill.png","contentUrl":"https:\/\/bakirci.com\/ekipman\/wp-content\/uploads\/2021\/06\/Spot-Drill.png","width":1025,"height":1025},{"@type":"WebPage","@id":"https:\/\/bakirci.com\/ekipman\/servis-ekipmanlari\/kaporta\/kaporta-yardimci-ekipmanlari\/punta-kaynak-curutme-cihazigys-born-in-francespot-drill\/#webpage","url":"https:\/\/bakirci.com\/ekipman\/servis-ekipmanlari\/kaporta\/kaporta-yardimci-ekipmanlari\/punta-kaynak-curutme-cihazigys-born-in-francespot-drill\/","name":"Punta Kaynak \u00c7\u00fcr\u00fctme Cihaz\u0131 GYS (Born in FRANCE)Spot Drill - Bak\u0131rc\u0131 Garagineering","isPartOf":{"@id":"https:\/\/bakirci.com\/ekipman\/#website"},"primaryImageOfPage":{"@id":"https:\/\/bakirci.com\/ekipman\/servis-ekipmanlari\/kaporta\/kaporta-yardimci-ekipmanlari\/punta-kaynak-curutme-cihazigys-born-in-francespot-drill\/#primaryimage"},"datePublished":"2021-01-02T04:45:40+00:00","dateModified":"2021-08-04T17:02:45+00:00","breadcrumb":{"@id":"https:\/\/bakirci.com\/ekipman\/servis-ekipmanlari\/kaporta\/kaporta-yardimci-ekipmanlari\/punta-kaynak-curutme-cihazigys-born-in-francespot-drill\/#breadcrumb"},"inLanguage":"tr","potentialAction":[{"@type":"ReadAction","target":["https:\/\/bakirci.com\/ekipman\/servis-ekipmanlari\/kaporta\/kaporta-yardimci-ekipmanlari\/punta-kaynak-curutme-cihazigys-born-in-francespot-drill\/"]}]},{"@type":"BreadcrumbList","@id":"https:\/\/bakirci.com\/ekipman\/servis-ekipmanlari\/kaporta\/kaporta-yardimci-ekipmanlari\/punta-kaynak-curutme-cihazigys-born-in-francespot-drill\/#breadcrumb","itemListElement":[{"@type":"ListItem","position":1,"name":"Ekipman","item":"https:\/\/bakirci.com\/ekipman\/"},{"@type":"ListItem","position":2,"name":"Otomotiv Tesisleri \u0130\u00e7in Servis Ekipmanlar\u0131","item":"https:\/\/bakirci.com\/ekipman\/"},{"@type":"ListItem","position":3,"name":"Punta Kaynak \u00c7\u00fcr\u00fctme Cihaz\u0131GYS (Born in FRANCE)Spot Drill"}]}]}},"_links":{"self":[{"href":"https:\/\/bakirci.com\/ekipman\/wp-json\/wp\/v2\/product\/4603","targetHints":{"allow":["GET"]}}],"collection":[{"href":"https:\/\/bakirci.com\/ekipman\/wp-json\/wp\/v2\/product"}],"about":[{"href":"https:\/\/bakirci.com\/ekipman\/wp-json\/wp\/v2\/types\/product"}],"replies":[{"embeddable":true,"href":"https:\/\/bakirci.com\/ekipman\/wp-json\/wp\/v2\/comments?post=4603"}],"wp:featuredmedia":[{"embeddable":true,"href":"https:\/\/bakirci.com\/ekipman\/wp-json\/wp\/v2\/media\/4750"}],"wp:attachment":[{"href":"https:\/\/bakirci.com\/ekipman\/wp-json\/wp\/v2\/media?parent=4603"}],"wp:term":[{"taxonomy":"product_cat","embeddable":true,"href":"https:\/\/bakirci.com\/ekipman\/wp-json\/wp\/v2\/product_cat?post=4603"},{"taxonomy":"product_tag","embeddable":true,"href":"https:\/\/bakirci.com\/ekipman\/wp-json\/wp\/v2\/product_tag?post=4603"}],"curies":[{"name":"wp","href":"https:\/\/api.w.org\/{rel}","templated":true}]}}