{"id":4598,"date":"2021-01-02T05:15:32","date_gmt":"2021-01-02T05:15:32","guid":{"rendered":"https:\/\/j6l.65c.myftpupload.com\/?post_type=product&#038;p=4598"},"modified":"2022-02-23T12:11:52","modified_gmt":"2022-02-23T12:11:52","slug":"induksiyon-cihazigys-born-in-francepowerduction-110lgcalisma-gucu-11-000-w","status":"publish","type":"product","link":"https:\/\/bakirci.com\/ekipman\/servis-ekipmanlari\/kaporta\/induksiyon-cihazlari\/induksiyon-cihazigys-born-in-francepowerduction-110lgcalisma-gucu-11-000-w\/","title":{"rendered":"<p class=\"ustmetin\">\u0130nd\u00fcksiyon Cihaz\u0131<\/p><p class=\"ortametin\">GYS <span class=\"ortametin2\">(Born in FRANCE)<\/span><p class=\"altmetin\">Powerduction 110LG<br>\u00c7al\u0131\u015fma g\u00fcc\u00fc 11.000 W<\/p>"},"content":{"rendered":"<ul>\n<li>\u0130nd\u00fcksiyon Cihaz\u0131 &#8211; Powerduction 110LG<\/li>\n<li>Oksitlenmi\u015f s\u00f6k\u00fclemeyen \u00e7elik ve al\u00fcminyum par\u00e7alar\u0131n h\u0131zl\u0131 ve g\u00fcvenli bir \u015fekilde \u0131s\u0131t\u0131lmas\u0131 i\u00e7in tasarlanm\u0131\u015ft\u0131r<\/li>\n<li>Alevsiz noktasal \u0131s\u0131tma sayesinde, \u0131s\u0131tma \u00e7evresindeki kablo, boru ve \u0131s\u0131ya duyarl\u0131 malzemelere zarar vermeden kullan\u0131m<\/li>\n<li>Y\u00fcksek g\u00fcvenlik ve zaman tasarrufu<\/li>\n<li>Entegre s\u0131v\u0131 so\u011futma sistemi<\/li>\n<li>\u0130nd\u00fcksiyon kablo uzunlu\u011fu 4 mt<\/li>\n<li>\u00c7al\u0131\u015fma g\u00fcc\u00fc 11.000 W<\/li>\n<li>\u00c7al\u0131\u015fma voltaj\u0131 400 V<\/li>\n<\/ul>\n","protected":false},"excerpt":{"rendered":"<ul>\n<li>\u0130nd\u00fcksiyon Cihaz\u0131 &#8211; Powerduction 110LG<\/li>\n<li>Oksitlenmi\u015f s\u00f6k\u00fclemeyen \u00e7elik ve al\u00fcminyum par\u00e7alar\u0131n h\u0131zl\u0131 ve g\u00fcvenli bir \u015fekilde \u0131s\u0131t\u0131lmas\u0131 i\u00e7in tasarlanm\u0131\u015ft\u0131r<\/li>\n<li>Alevsiz noktasal \u0131s\u0131tma sayesinde, \u0131s\u0131tma \u00e7evresindeki kablo, boru ve \u0131s\u0131ya duyarl\u0131 malzemelere zarar vermeden kullan\u0131m<\/li>\n<li>Y\u00fcksek g\u00fcvenlik ve zaman tasarrufu<\/li>\n<li>Entegre s\u0131v\u0131 so\u011futma sistemi<\/li>\n<li>\u0130nd\u00fcksiyon kablo uzunlu\u011fu 4 mt<\/li>\n<li>\u00c7al\u0131\u015fma g\u00fcc\u00fc 11.000 W<\/li>\n<li>\u00c7al\u0131\u015fma voltaj\u0131 400 V<\/li>\n<\/ul>\n","protected":false},"featured_media":5831,"comment_status":"closed","ping_status":"closed","template":"","meta":[],"product_cat":[174],"product_tag":[698,701,700,696,697,346,692,694,704,693,695,705,702,703,699],"class_list":["post-4598","product","type-product","status-publish","has-post-thumbnail","hentry","pwb-brand-gys","product_cat-induksiyon-cihazlari","product_tag-civata-isitma","product_tag-dingil-dogrultma","product_tag-dingil-isitma","product_tag-enduksiyon-cihazi","product_tag-enduksiyon-isitma","product_tag-gys","product_tag-indiksiyon-cihazi","product_tag-indiksiyon-makinasi","product_tag-induksiyon-isiticilar","product_tag-induksuyon-cihazi","product_tag-induksuyon-makinesi","product_tag-kovan-duzeltme","product_tag-rot-kolu-isitma","product_tag-rotil-isitma","product_tag-sase-isitma"],"brands":[{"id":378,"name":"GYS","slug":"gys"}],"yoast_head":"<!-- This site is optimized with the Yoast SEO plugin v17.1 - https:\/\/yoast.com\/wordpress\/plugins\/seo\/ -->\n<title>\u0130nd\u00fcksiyon Cihaz\u0131GYS (Born in FRANCE)Powerduction 110LG\u00c7al\u0131\u015fma g\u00fcc\u00fc 11.000 W - Bak\u0131rc\u0131 Garagineering<\/title>\n<meta name=\"robots\" content=\"index, follow, max-snippet:-1, max-image-preview:large, max-video-preview:-1\" \/>\n<link rel=\"canonical\" href=\"https:\/\/bakirci.com\/ekipman\/servis-ekipmanlari\/kaporta\/induksiyon-cihazlari\/induksiyon-cihazigys-born-in-francepowerduction-110lgcalisma-gucu-11-000-w\/\" \/>\n<meta property=\"og:locale\" content=\"tr_TR\" \/>\n<meta property=\"og:type\" content=\"article\" \/>\n<meta property=\"og:title\" content=\"\u0130nd\u00fcksiyon Cihaz\u0131GYS (Born in FRANCE)Powerduction 110LG\u00c7al\u0131\u015fma g\u00fcc\u00fc 11.000 W - Bak\u0131rc\u0131 Garagineering\" \/>\n<meta property=\"og:description\" content=\"\u0130nd\u00fcksiyon Cihaz\u0131 - Powerduction 110LG  Oksitlenmi\u015f s\u00f6k\u00fclemeyen \u00e7elik ve al\u00fcminyum par\u00e7alar\u0131n h\u0131zl\u0131 ve g\u00fcvenli bir \u015fekilde \u0131s\u0131t\u0131lmas\u0131 i\u00e7in tasarlanm\u0131\u015ft\u0131r  Alevsiz noktasal \u0131s\u0131tma sayesinde, \u0131s\u0131tma \u00e7evresindeki kablo, boru ve \u0131s\u0131ya duyarl\u0131 malzemelere zarar vermeden kullan\u0131m  Y\u00fcksek g\u00fcvenlik ve zaman tasarrufu  Entegre s\u0131v\u0131 so\u011futma sistemi  \u0130nd\u00fcksiyon kablo uzunlu\u011fu 4 mt  \u00c7al\u0131\u015fma g\u00fcc\u00fc 11.000 W  \u00c7al\u0131\u015fma voltaj\u0131 400 V\" \/>\n<meta property=\"og:url\" content=\"https:\/\/bakirci.com\/ekipman\/servis-ekipmanlari\/kaporta\/induksiyon-cihazlari\/induksiyon-cihazigys-born-in-francepowerduction-110lgcalisma-gucu-11-000-w\/\" \/>\n<meta property=\"og:site_name\" content=\"Bak\u0131rc\u0131 Garagineering\" \/>\n<meta property=\"article:publisher\" content=\"https:\/\/www.facebook.com\/bakirci.garagineering\" \/>\n<meta property=\"article:modified_time\" content=\"2022-02-23T12:11:52+00:00\" \/>\n<meta property=\"og:image\" content=\"https:\/\/bakirci.com\/ekipman\/wp-content\/uploads\/2021\/01\/Powerduction-110LG.png\" \/>\n\t<meta property=\"og:image:width\" content=\"1200\" \/>\n\t<meta property=\"og:image:height\" content=\"1200\" \/>\n<meta name=\"twitter:card\" content=\"summary_large_image\" \/>\n<meta name=\"twitter:label1\" content=\"Tahmini okuma s\u00fcresi\" \/>\n\t<meta name=\"twitter:data1\" content=\"1 dakika\" \/>\n<script type=\"application\/ld+json\" class=\"yoast-schema-graph\">{\"@context\":\"https:\/\/schema.org\",\"@graph\":[{\"@type\":\"Organization\",\"@id\":\"https:\/\/bakirci.com\/ekipman\/#organization\",\"name\":\"Bak\\u0131rc\\u0131 garagineering\",\"url\":\"https:\/\/bakirci.com\/ekipman\/\",\"sameAs\":[\"https:\/\/www.facebook.com\/bakirci.garagineering\",\"https:\/\/www.instagram.com\/bakirci.garagineering\/\",\"https:\/\/www.linkedin.com\/company\/bakirci-garagineering\/\",\"https:\/\/www.youtube.com\/channel\/UCiVG6s_jALJ6Zk8085XiOQg\"],\"logo\":{\"@type\":\"ImageObject\",\"@id\":\"https:\/\/bakirci.com\/ekipman\/#logo\",\"inLanguage\":\"tr\",\"url\":\"https:\/\/bakirci.com\/ekipman\/wp-content\/uploads\/2021\/09\/Bakirci-logo-lacivert.png\",\"contentUrl\":\"https:\/\/bakirci.com\/ekipman\/wp-content\/uploads\/2021\/09\/Bakirci-logo-lacivert.png\",\"width\":501,\"height\":501,\"caption\":\"Bak\\u0131rc\\u0131 garagineering\"},\"image\":{\"@id\":\"https:\/\/bakirci.com\/ekipman\/#logo\"}},{\"@type\":\"WebSite\",\"@id\":\"https:\/\/bakirci.com\/ekipman\/#website\",\"url\":\"https:\/\/bakirci.com\/ekipman\/\",\"name\":\"Bak\\u0131rc\\u0131 Garagineering\",\"description\":\"Otomotiv sekt\\u00f6r\\u00fcne \\u00f6zel, \\u201c\\u00dcretici Standard\\u0131nda\\u201d \\u00e7\\u00f6z\\u00fcmler\\u2026\",\"publisher\":{\"@id\":\"https:\/\/bakirci.com\/ekipman\/#organization\"},\"potentialAction\":[{\"@type\":\"SearchAction\",\"target\":{\"@type\":\"EntryPoint\",\"urlTemplate\":\"https:\/\/bakirci.com\/ekipman\/?s={search_term_string}\"},\"query-input\":\"required name=search_term_string\"}],\"inLanguage\":\"tr\"},{\"@type\":\"ImageObject\",\"@id\":\"https:\/\/bakirci.com\/ekipman\/servis-ekipmanlari\/kaporta\/induksiyon-cihazlari\/induksiyon-cihazigys-born-in-francepowerduction-110lgcalisma-gucu-11-000-w\/#primaryimage\",\"inLanguage\":\"tr\",\"url\":\"https:\/\/bakirci.com\/ekipman\/wp-content\/uploads\/2021\/01\/Powerduction-110LG.png\",\"contentUrl\":\"https:\/\/bakirci.com\/ekipman\/wp-content\/uploads\/2021\/01\/Powerduction-110LG.png\",\"width\":1200,\"height\":1200},{\"@type\":\"WebPage\",\"@id\":\"https:\/\/bakirci.com\/ekipman\/servis-ekipmanlari\/kaporta\/induksiyon-cihazlari\/induksiyon-cihazigys-born-in-francepowerduction-110lgcalisma-gucu-11-000-w\/#webpage\",\"url\":\"https:\/\/bakirci.com\/ekipman\/servis-ekipmanlari\/kaporta\/induksiyon-cihazlari\/induksiyon-cihazigys-born-in-francepowerduction-110lgcalisma-gucu-11-000-w\/\",\"name\":\"\\u0130nd\\u00fcksiyon Cihaz\\u0131 GYS (Born in FRANCE)Powerduction 110LG \\u00c7al\\u0131\\u015fma g\\u00fcc\\u00fc 11.000 W - Bak\\u0131rc\\u0131 Garagineering\",\"isPartOf\":{\"@id\":\"https:\/\/bakirci.com\/ekipman\/#website\"},\"primaryImageOfPage\":{\"@id\":\"https:\/\/bakirci.com\/ekipman\/servis-ekipmanlari\/kaporta\/induksiyon-cihazlari\/induksiyon-cihazigys-born-in-francepowerduction-110lgcalisma-gucu-11-000-w\/#primaryimage\"},\"datePublished\":\"2021-01-02T05:15:32+00:00\",\"dateModified\":\"2022-02-23T12:11:52+00:00\",\"breadcrumb\":{\"@id\":\"https:\/\/bakirci.com\/ekipman\/servis-ekipmanlari\/kaporta\/induksiyon-cihazlari\/induksiyon-cihazigys-born-in-francepowerduction-110lgcalisma-gucu-11-000-w\/#breadcrumb\"},\"inLanguage\":\"tr\",\"potentialAction\":[{\"@type\":\"ReadAction\",\"target\":[\"https:\/\/bakirci.com\/ekipman\/servis-ekipmanlari\/kaporta\/induksiyon-cihazlari\/induksiyon-cihazigys-born-in-francepowerduction-110lgcalisma-gucu-11-000-w\/\"]}]},{\"@type\":\"BreadcrumbList\",\"@id\":\"https:\/\/bakirci.com\/ekipman\/servis-ekipmanlari\/kaporta\/induksiyon-cihazlari\/induksiyon-cihazigys-born-in-francepowerduction-110lgcalisma-gucu-11-000-w\/#breadcrumb\",\"itemListElement\":[{\"@type\":\"ListItem\",\"position\":1,\"name\":\"Ekipman\",\"item\":\"https:\/\/bakirci.com\/ekipman\/\"},{\"@type\":\"ListItem\",\"position\":2,\"name\":\"Otomotiv Tesisleri \\u0130\\u00e7in Servis Ekipmanlar\\u0131\",\"item\":\"https:\/\/bakirci.com\/ekipman\/\"},{\"@type\":\"ListItem\",\"position\":3,\"name\":\"\\u0130nd\\u00fcksiyon Cihaz\\u0131GYS (Born in FRANCE)Powerduction 110LG\\u00c7al\\u0131\\u015fma g\\u00fcc\\u00fc 11.000 W\"}]}]}<\/script>\n<!-- \/ Yoast SEO plugin. -->","yoast_head_json":{"title":"\u0130nd\u00fcksiyon Cihaz\u0131GYS (Born in FRANCE)Powerduction 110LG\u00c7al\u0131\u015fma g\u00fcc\u00fc 11.000 W - Bak\u0131rc\u0131 Garagineering","robots":{"index":"index","follow":"follow","max-snippet":"max-snippet:-1","max-image-preview":"max-image-preview:large","max-video-preview":"max-video-preview:-1"},"canonical":"https:\/\/bakirci.com\/ekipman\/servis-ekipmanlari\/kaporta\/induksiyon-cihazlari\/induksiyon-cihazigys-born-in-francepowerduction-110lgcalisma-gucu-11-000-w\/","og_locale":"tr_TR","og_type":"article","og_title":"\u0130nd\u00fcksiyon Cihaz\u0131GYS (Born in FRANCE)Powerduction 110LG\u00c7al\u0131\u015fma g\u00fcc\u00fc 11.000 W - Bak\u0131rc\u0131 Garagineering","og_description":"\u0130nd\u00fcksiyon Cihaz\u0131 - Powerduction 110LG  Oksitlenmi\u015f s\u00f6k\u00fclemeyen \u00e7elik ve al\u00fcminyum par\u00e7alar\u0131n h\u0131zl\u0131 ve g\u00fcvenli bir \u015fekilde \u0131s\u0131t\u0131lmas\u0131 i\u00e7in tasarlanm\u0131\u015ft\u0131r  Alevsiz noktasal \u0131s\u0131tma sayesinde, \u0131s\u0131tma \u00e7evresindeki kablo, boru ve \u0131s\u0131ya duyarl\u0131 malzemelere zarar vermeden kullan\u0131m  Y\u00fcksek g\u00fcvenlik ve zaman tasarrufu  Entegre s\u0131v\u0131 so\u011futma sistemi  \u0130nd\u00fcksiyon kablo uzunlu\u011fu 4 mt  \u00c7al\u0131\u015fma g\u00fcc\u00fc 11.000 W  \u00c7al\u0131\u015fma voltaj\u0131 400 V","og_url":"https:\/\/bakirci.com\/ekipman\/servis-ekipmanlari\/kaporta\/induksiyon-cihazlari\/induksiyon-cihazigys-born-in-francepowerduction-110lgcalisma-gucu-11-000-w\/","og_site_name":"Bak\u0131rc\u0131 Garagineering","article_publisher":"https:\/\/www.facebook.com\/bakirci.garagineering","article_modified_time":"2022-02-23T12:11:52+00:00","og_image":[{"width":1200,"height":1200,"url":"https:\/\/bakirci.com\/ekipman\/wp-content\/uploads\/2021\/01\/Powerduction-110LG.png","path":"\/home\/bakirciwebsitesi\/public_html\/ekipman\/wp-content\/uploads\/2021\/01\/Powerduction-110LG.png","size":"full","id":5831,"alt":"","pixels":1440000,"type":"image\/png"}],"twitter_card":"summary_large_image","twitter_misc":{"Tahmini okuma s\u00fcresi":"1 dakika"},"schema":{"@context":"https:\/\/schema.org","@graph":[{"@type":"Organization","@id":"https:\/\/bakirci.com\/ekipman\/#organization","name":"Bak\u0131rc\u0131 garagineering","url":"https:\/\/bakirci.com\/ekipman\/","sameAs":["https:\/\/www.facebook.com\/bakirci.garagineering","https:\/\/www.instagram.com\/bakirci.garagineering\/","https:\/\/www.linkedin.com\/company\/bakirci-garagineering\/","https:\/\/www.youtube.com\/channel\/UCiVG6s_jALJ6Zk8085XiOQg"],"logo":{"@type":"ImageObject","@id":"https:\/\/bakirci.com\/ekipman\/#logo","inLanguage":"tr","url":"https:\/\/bakirci.com\/ekipman\/wp-content\/uploads\/2021\/09\/Bakirci-logo-lacivert.png","contentUrl":"https:\/\/bakirci.com\/ekipman\/wp-content\/uploads\/2021\/09\/Bakirci-logo-lacivert.png","width":501,"height":501,"caption":"Bak\u0131rc\u0131 garagineering"},"image":{"@id":"https:\/\/bakirci.com\/ekipman\/#logo"}},{"@type":"WebSite","@id":"https:\/\/bakirci.com\/ekipman\/#website","url":"https:\/\/bakirci.com\/ekipman\/","name":"Bak\u0131rc\u0131 Garagineering","description":"Otomotiv sekt\u00f6r\u00fcne \u00f6zel, \u201c\u00dcretici Standard\u0131nda\u201d \u00e7\u00f6z\u00fcmler\u2026","publisher":{"@id":"https:\/\/bakirci.com\/ekipman\/#organization"},"potentialAction":[{"@type":"SearchAction","target":{"@type":"EntryPoint","urlTemplate":"https:\/\/bakirci.com\/ekipman\/?s={search_term_string}"},"query-input":"required name=search_term_string"}],"inLanguage":"tr"},{"@type":"ImageObject","@id":"https:\/\/bakirci.com\/ekipman\/servis-ekipmanlari\/kaporta\/induksiyon-cihazlari\/induksiyon-cihazigys-born-in-francepowerduction-110lgcalisma-gucu-11-000-w\/#primaryimage","inLanguage":"tr","url":"https:\/\/bakirci.com\/ekipman\/wp-content\/uploads\/2021\/01\/Powerduction-110LG.png","contentUrl":"https:\/\/bakirci.com\/ekipman\/wp-content\/uploads\/2021\/01\/Powerduction-110LG.png","width":1200,"height":1200},{"@type":"WebPage","@id":"https:\/\/bakirci.com\/ekipman\/servis-ekipmanlari\/kaporta\/induksiyon-cihazlari\/induksiyon-cihazigys-born-in-francepowerduction-110lgcalisma-gucu-11-000-w\/#webpage","url":"https:\/\/bakirci.com\/ekipman\/servis-ekipmanlari\/kaporta\/induksiyon-cihazlari\/induksiyon-cihazigys-born-in-francepowerduction-110lgcalisma-gucu-11-000-w\/","name":"\u0130nd\u00fcksiyon Cihaz\u0131 GYS (Born in FRANCE)Powerduction 110LG \u00c7al\u0131\u015fma g\u00fcc\u00fc 11.000 W - Bak\u0131rc\u0131 Garagineering","isPartOf":{"@id":"https:\/\/bakirci.com\/ekipman\/#website"},"primaryImageOfPage":{"@id":"https:\/\/bakirci.com\/ekipman\/servis-ekipmanlari\/kaporta\/induksiyon-cihazlari\/induksiyon-cihazigys-born-in-francepowerduction-110lgcalisma-gucu-11-000-w\/#primaryimage"},"datePublished":"2021-01-02T05:15:32+00:00","dateModified":"2022-02-23T12:11:52+00:00","breadcrumb":{"@id":"https:\/\/bakirci.com\/ekipman\/servis-ekipmanlari\/kaporta\/induksiyon-cihazlari\/induksiyon-cihazigys-born-in-francepowerduction-110lgcalisma-gucu-11-000-w\/#breadcrumb"},"inLanguage":"tr","potentialAction":[{"@type":"ReadAction","target":["https:\/\/bakirci.com\/ekipman\/servis-ekipmanlari\/kaporta\/induksiyon-cihazlari\/induksiyon-cihazigys-born-in-francepowerduction-110lgcalisma-gucu-11-000-w\/"]}]},{"@type":"BreadcrumbList","@id":"https:\/\/bakirci.com\/ekipman\/servis-ekipmanlari\/kaporta\/induksiyon-cihazlari\/induksiyon-cihazigys-born-in-francepowerduction-110lgcalisma-gucu-11-000-w\/#breadcrumb","itemListElement":[{"@type":"ListItem","position":1,"name":"Ekipman","item":"https:\/\/bakirci.com\/ekipman\/"},{"@type":"ListItem","position":2,"name":"Otomotiv Tesisleri \u0130\u00e7in Servis Ekipmanlar\u0131","item":"https:\/\/bakirci.com\/ekipman\/"},{"@type":"ListItem","position":3,"name":"\u0130nd\u00fcksiyon Cihaz\u0131GYS (Born in FRANCE)Powerduction 110LG\u00c7al\u0131\u015fma g\u00fcc\u00fc 11.000 W"}]}]}},"_links":{"self":[{"href":"https:\/\/bakirci.com\/ekipman\/wp-json\/wp\/v2\/product\/4598","targetHints":{"allow":["GET"]}}],"collection":[{"href":"https:\/\/bakirci.com\/ekipman\/wp-json\/wp\/v2\/product"}],"about":[{"href":"https:\/\/bakirci.com\/ekipman\/wp-json\/wp\/v2\/types\/product"}],"replies":[{"embeddable":true,"href":"https:\/\/bakirci.com\/ekipman\/wp-json\/wp\/v2\/comments?post=4598"}],"wp:featuredmedia":[{"embeddable":true,"href":"https:\/\/bakirci.com\/ekipman\/wp-json\/wp\/v2\/media\/5831"}],"wp:attachment":[{"href":"https:\/\/bakirci.com\/ekipman\/wp-json\/wp\/v2\/media?parent=4598"}],"wp:term":[{"taxonomy":"product_cat","embeddable":true,"href":"https:\/\/bakirci.com\/ekipman\/wp-json\/wp\/v2\/product_cat?post=4598"},{"taxonomy":"product_tag","embeddable":true,"href":"https:\/\/bakirci.com\/ekipman\/wp-json\/wp\/v2\/product_tag?post=4598"}],"curies":[{"name":"wp","href":"https:\/\/api.w.org\/{rel}","templated":true}]}}