{"id":4594,"date":"2021-01-02T05:35:20","date_gmt":"2021-01-02T05:35:20","guid":{"rendered":"https:\/\/j6l.65c.myftpupload.com\/?post_type=product&#038;p=4594"},"modified":"2021-09-14T06:53:57","modified_gmt":"2021-09-14T06:53:57","slug":"ozel-gocuk-lambasihbc-system-born-in-denmarktekerlekli-mobil-sistem-calisma-voltaji-12v","status":"publish","type":"product","link":"https:\/\/bakirci.com\/ekipman\/servis-ekipmanlari\/kaporta\/gocuk-duzeltme-ve-mini-onarim\/ozel-gocuk-lambasihbc-system-born-in-denmarktekerlekli-mobil-sistem-calisma-voltaji-12v\/","title":{"rendered":"<p class=\"ustmetin\">\u00d6zel G\u00f6\u00e7\u00fck Lambas\u0131<\/p><p class=\"ortametin\">HBC SYSTEM <span class=\"ortametin2\">(Born in DENMARK)<\/span><p class=\"altmetin\">Tekerlekli mobil sistem, \u00e7al\u0131\u015fma voltaj\u0131 12V<\/p>"},"content":{"rendered":"<ul>\n<li>\u00d6zel G\u00f6\u00e7\u00fck Lambas\u0131<\/li>\n<li>Ayarlanabilir esnek PDR lambalar\u0131 ve \u0131\u015f\u0131k sistemleri,<\/li>\n<li>PDR teknolojileri i\u00e7in \u00f6zel olarak tasarlanm\u0131\u015ft\u0131r<\/li>\n<li>Boyas\u0131z g\u00f6\u00e7\u00fck d\u00fczeltme i\u015flemi yaparken, \u00f6zellikle son muayenelerde optimum \u0131\u015f\u0131k ko\u015fullar\u0131 gereklidir<\/li>\n<li>Led ayd\u0131nlatmal\u0131, tekerlekli mobil sistem<\/li>\n<li>Uzaktan kumanda sayesinde \u0131\u015f\u0131k \u015fiddeti yo\u011funlu\u011fu ve farkl\u0131 renk ayar imkan\u0131<\/li>\n<li>\u00c7al\u0131\u015fma voltaj\u0131 12V<\/li>\n<\/ul>\n","protected":false},"excerpt":{"rendered":"<ul>\n<li>\u00d6zel G\u00f6\u00e7\u00fck Lambas\u0131<\/li>\n<li>Ayarlanabilir esnek PDR lambalar\u0131 ve \u0131\u015f\u0131k sistemleri,<\/li>\n<li>PDR teknolojileri i\u00e7in \u00f6zel olarak tasarlanm\u0131\u015ft\u0131r<\/li>\n<li>Boyas\u0131z g\u00f6\u00e7\u00fck d\u00fczeltme i\u015flemi yaparken, \u00f6zellikle son muayenelerde optimum \u0131\u015f\u0131k ko\u015fullar\u0131 gereklidir<\/li>\n<li>Led ayd\u0131nlatmal\u0131, tekerlekli mobil sistem<\/li>\n<li>Uzaktan kumanda sayesinde \u0131\u015f\u0131k \u015fiddeti yo\u011funlu\u011fu ve farkl\u0131 renk ayar imkan\u0131<\/li>\n<li>\u00c7al\u0131\u015fma voltaj\u0131 12V<\/li>\n<\/ul>\n","protected":false},"featured_media":4742,"comment_status":"closed","ping_status":"closed","template":"","meta":[],"product_cat":[173],"product_tag":[351],"class_list":["post-4594","product","type-product","status-publish","has-post-thumbnail","hentry","pwb-brand-hbc-system","product_cat-gocuk-duzeltme-ve-mini-onarim","product_tag-hbc-system"],"brands":[{"id":383,"name":"HBC SYSTEM","slug":"hbc-system"}],"yoast_head":"<!-- This site is optimized with the Yoast SEO plugin v17.1 - https:\/\/yoast.com\/wordpress\/plugins\/seo\/ -->\n<title>\u00d6zel G\u00f6\u00e7\u00fck Lambas\u0131HBC SYSTEM (Born in DENMARK)Tekerlekli mobil sistem, \u00e7al\u0131\u015fma voltaj\u0131 12V - Bak\u0131rc\u0131 Garagineering<\/title>\n<meta name=\"robots\" content=\"index, follow, max-snippet:-1, max-image-preview:large, max-video-preview:-1\" \/>\n<link rel=\"canonical\" href=\"https:\/\/bakirci.com\/ekipman\/servis-ekipmanlari\/kaporta\/gocuk-duzeltme-ve-mini-onarim\/ozel-gocuk-lambasihbc-system-born-in-denmarktekerlekli-mobil-sistem-calisma-voltaji-12v\/\" \/>\n<meta property=\"og:locale\" content=\"tr_TR\" \/>\n<meta property=\"og:type\" content=\"article\" \/>\n<meta property=\"og:title\" content=\"\u00d6zel G\u00f6\u00e7\u00fck Lambas\u0131HBC SYSTEM (Born in DENMARK)Tekerlekli mobil sistem, \u00e7al\u0131\u015fma voltaj\u0131 12V - Bak\u0131rc\u0131 Garagineering\" \/>\n<meta property=\"og:description\" content=\"\u00d6zel G\u00f6\u00e7\u00fck Lambas\u0131  Ayarlanabilir esnek PDR lambalar\u0131 ve \u0131\u015f\u0131k sistemleri,  PDR teknolojileri i\u00e7in \u00f6zel olarak tasarlanm\u0131\u015ft\u0131r  Boyas\u0131z g\u00f6\u00e7\u00fck d\u00fczeltme i\u015flemi yaparken, \u00f6zellikle son muayenelerde optimum \u0131\u015f\u0131k ko\u015fullar\u0131 gereklidir  Led ayd\u0131nlatmal\u0131, tekerlekli mobil sistem  Uzaktan kumanda sayesinde \u0131\u015f\u0131k \u015fiddeti yo\u011funlu\u011fu ve farkl\u0131 renk ayar imkan\u0131  \u00c7al\u0131\u015fma voltaj\u0131 12V\" \/>\n<meta property=\"og:url\" content=\"https:\/\/bakirci.com\/ekipman\/servis-ekipmanlari\/kaporta\/gocuk-duzeltme-ve-mini-onarim\/ozel-gocuk-lambasihbc-system-born-in-denmarktekerlekli-mobil-sistem-calisma-voltaji-12v\/\" \/>\n<meta property=\"og:site_name\" content=\"Bak\u0131rc\u0131 Garagineering\" \/>\n<meta property=\"article:publisher\" content=\"https:\/\/www.facebook.com\/bakirci.garagineering\" \/>\n<meta property=\"article:modified_time\" content=\"2021-09-14T06:53:57+00:00\" \/>\n<meta property=\"og:image\" content=\"https:\/\/bakirci.com\/ekipman\/wp-content\/uploads\/2021\/06\/Ozel-Gocuk-Lambasi.png\" \/>\n\t<meta property=\"og:image:width\" content=\"1119\" \/>\n\t<meta property=\"og:image:height\" content=\"1119\" \/>\n<meta name=\"twitter:card\" content=\"summary_large_image\" \/>\n<meta name=\"twitter:label1\" content=\"Tahmini okuma s\u00fcresi\" \/>\n\t<meta name=\"twitter:data1\" content=\"1 dakika\" \/>\n<script type=\"application\/ld+json\" class=\"yoast-schema-graph\">{\"@context\":\"https:\/\/schema.org\",\"@graph\":[{\"@type\":\"Organization\",\"@id\":\"https:\/\/bakirci.com\/ekipman\/#organization\",\"name\":\"Bak\\u0131rc\\u0131 garagineering\",\"url\":\"https:\/\/bakirci.com\/ekipman\/\",\"sameAs\":[\"https:\/\/www.facebook.com\/bakirci.garagineering\",\"https:\/\/www.instagram.com\/bakirci.garagineering\/\",\"https:\/\/www.linkedin.com\/company\/bakirci-garagineering\/\",\"https:\/\/www.youtube.com\/channel\/UCiVG6s_jALJ6Zk8085XiOQg\"],\"logo\":{\"@type\":\"ImageObject\",\"@id\":\"https:\/\/bakirci.com\/ekipman\/#logo\",\"inLanguage\":\"tr\",\"url\":\"https:\/\/bakirci.com\/ekipman\/wp-content\/uploads\/2021\/09\/Bakirci-logo-lacivert.png\",\"contentUrl\":\"https:\/\/bakirci.com\/ekipman\/wp-content\/uploads\/2021\/09\/Bakirci-logo-lacivert.png\",\"width\":501,\"height\":501,\"caption\":\"Bak\\u0131rc\\u0131 garagineering\"},\"image\":{\"@id\":\"https:\/\/bakirci.com\/ekipman\/#logo\"}},{\"@type\":\"WebSite\",\"@id\":\"https:\/\/bakirci.com\/ekipman\/#website\",\"url\":\"https:\/\/bakirci.com\/ekipman\/\",\"name\":\"Bak\\u0131rc\\u0131 Garagineering\",\"description\":\"Otomotiv sekt\\u00f6r\\u00fcne \\u00f6zel, \\u201c\\u00dcretici Standard\\u0131nda\\u201d \\u00e7\\u00f6z\\u00fcmler\\u2026\",\"publisher\":{\"@id\":\"https:\/\/bakirci.com\/ekipman\/#organization\"},\"potentialAction\":[{\"@type\":\"SearchAction\",\"target\":{\"@type\":\"EntryPoint\",\"urlTemplate\":\"https:\/\/bakirci.com\/ekipman\/?s={search_term_string}\"},\"query-input\":\"required name=search_term_string\"}],\"inLanguage\":\"tr\"},{\"@type\":\"ImageObject\",\"@id\":\"https:\/\/bakirci.com\/ekipman\/servis-ekipmanlari\/kaporta\/gocuk-duzeltme-ve-mini-onarim\/ozel-gocuk-lambasihbc-system-born-in-denmarktekerlekli-mobil-sistem-calisma-voltaji-12v\/#primaryimage\",\"inLanguage\":\"tr\",\"url\":\"https:\/\/bakirci.com\/ekipman\/wp-content\/uploads\/2021\/06\/Ozel-Gocuk-Lambasi.png\",\"contentUrl\":\"https:\/\/bakirci.com\/ekipman\/wp-content\/uploads\/2021\/06\/Ozel-Gocuk-Lambasi.png\",\"width\":1119,\"height\":1119},{\"@type\":\"WebPage\",\"@id\":\"https:\/\/bakirci.com\/ekipman\/servis-ekipmanlari\/kaporta\/gocuk-duzeltme-ve-mini-onarim\/ozel-gocuk-lambasihbc-system-born-in-denmarktekerlekli-mobil-sistem-calisma-voltaji-12v\/#webpage\",\"url\":\"https:\/\/bakirci.com\/ekipman\/servis-ekipmanlari\/kaporta\/gocuk-duzeltme-ve-mini-onarim\/ozel-gocuk-lambasihbc-system-born-in-denmarktekerlekli-mobil-sistem-calisma-voltaji-12v\/\",\"name\":\"\\u00d6zel G\\u00f6\\u00e7\\u00fck Lambas\\u0131 HBC SYSTEM (Born in DENMARK)Tekerlekli mobil sistem, \\u00e7al\\u0131\\u015fma voltaj\\u0131 12V - Bak\\u0131rc\\u0131 Garagineering\",\"isPartOf\":{\"@id\":\"https:\/\/bakirci.com\/ekipman\/#website\"},\"primaryImageOfPage\":{\"@id\":\"https:\/\/bakirci.com\/ekipman\/servis-ekipmanlari\/kaporta\/gocuk-duzeltme-ve-mini-onarim\/ozel-gocuk-lambasihbc-system-born-in-denmarktekerlekli-mobil-sistem-calisma-voltaji-12v\/#primaryimage\"},\"datePublished\":\"2021-01-02T05:35:20+00:00\",\"dateModified\":\"2021-09-14T06:53:57+00:00\",\"breadcrumb\":{\"@id\":\"https:\/\/bakirci.com\/ekipman\/servis-ekipmanlari\/kaporta\/gocuk-duzeltme-ve-mini-onarim\/ozel-gocuk-lambasihbc-system-born-in-denmarktekerlekli-mobil-sistem-calisma-voltaji-12v\/#breadcrumb\"},\"inLanguage\":\"tr\",\"potentialAction\":[{\"@type\":\"ReadAction\",\"target\":[\"https:\/\/bakirci.com\/ekipman\/servis-ekipmanlari\/kaporta\/gocuk-duzeltme-ve-mini-onarim\/ozel-gocuk-lambasihbc-system-born-in-denmarktekerlekli-mobil-sistem-calisma-voltaji-12v\/\"]}]},{\"@type\":\"BreadcrumbList\",\"@id\":\"https:\/\/bakirci.com\/ekipman\/servis-ekipmanlari\/kaporta\/gocuk-duzeltme-ve-mini-onarim\/ozel-gocuk-lambasihbc-system-born-in-denmarktekerlekli-mobil-sistem-calisma-voltaji-12v\/#breadcrumb\",\"itemListElement\":[{\"@type\":\"ListItem\",\"position\":1,\"name\":\"Ekipman\",\"item\":\"https:\/\/bakirci.com\/ekipman\/\"},{\"@type\":\"ListItem\",\"position\":2,\"name\":\"Otomotiv Tesisleri \\u0130\\u00e7in Servis Ekipmanlar\\u0131\",\"item\":\"https:\/\/bakirci.com\/ekipman\/\"},{\"@type\":\"ListItem\",\"position\":3,\"name\":\"\\u00d6zel G\\u00f6\\u00e7\\u00fck Lambas\\u0131HBC SYSTEM (Born in DENMARK)Tekerlekli mobil sistem, \\u00e7al\\u0131\\u015fma voltaj\\u0131 12V\"}]}]}<\/script>\n<!-- \/ Yoast SEO plugin. -->","yoast_head_json":{"title":"\u00d6zel G\u00f6\u00e7\u00fck Lambas\u0131HBC SYSTEM (Born in DENMARK)Tekerlekli mobil sistem, \u00e7al\u0131\u015fma voltaj\u0131 12V - Bak\u0131rc\u0131 Garagineering","robots":{"index":"index","follow":"follow","max-snippet":"max-snippet:-1","max-image-preview":"max-image-preview:large","max-video-preview":"max-video-preview:-1"},"canonical":"https:\/\/bakirci.com\/ekipman\/servis-ekipmanlari\/kaporta\/gocuk-duzeltme-ve-mini-onarim\/ozel-gocuk-lambasihbc-system-born-in-denmarktekerlekli-mobil-sistem-calisma-voltaji-12v\/","og_locale":"tr_TR","og_type":"article","og_title":"\u00d6zel G\u00f6\u00e7\u00fck Lambas\u0131HBC SYSTEM (Born in DENMARK)Tekerlekli mobil sistem, \u00e7al\u0131\u015fma voltaj\u0131 12V - Bak\u0131rc\u0131 Garagineering","og_description":"\u00d6zel G\u00f6\u00e7\u00fck Lambas\u0131  Ayarlanabilir esnek PDR lambalar\u0131 ve \u0131\u015f\u0131k sistemleri,  PDR teknolojileri i\u00e7in \u00f6zel olarak tasarlanm\u0131\u015ft\u0131r  Boyas\u0131z g\u00f6\u00e7\u00fck d\u00fczeltme i\u015flemi yaparken, \u00f6zellikle son muayenelerde optimum \u0131\u015f\u0131k ko\u015fullar\u0131 gereklidir  Led ayd\u0131nlatmal\u0131, tekerlekli mobil sistem  Uzaktan kumanda sayesinde \u0131\u015f\u0131k \u015fiddeti yo\u011funlu\u011fu ve farkl\u0131 renk ayar imkan\u0131  \u00c7al\u0131\u015fma voltaj\u0131 12V","og_url":"https:\/\/bakirci.com\/ekipman\/servis-ekipmanlari\/kaporta\/gocuk-duzeltme-ve-mini-onarim\/ozel-gocuk-lambasihbc-system-born-in-denmarktekerlekli-mobil-sistem-calisma-voltaji-12v\/","og_site_name":"Bak\u0131rc\u0131 Garagineering","article_publisher":"https:\/\/www.facebook.com\/bakirci.garagineering","article_modified_time":"2021-09-14T06:53:57+00:00","og_image":[{"width":1119,"height":1119,"url":"https:\/\/bakirci.com\/ekipman\/wp-content\/uploads\/2021\/06\/Ozel-Gocuk-Lambasi.png","path":"\/home\/bakirciwebsitesi\/public_html\/ekipman\/wp-content\/uploads\/2021\/06\/Ozel-Gocuk-Lambasi.png","size":"full","id":4742,"alt":"","pixels":1252161,"type":"image\/png"}],"twitter_card":"summary_large_image","twitter_misc":{"Tahmini okuma s\u00fcresi":"1 dakika"},"schema":{"@context":"https:\/\/schema.org","@graph":[{"@type":"Organization","@id":"https:\/\/bakirci.com\/ekipman\/#organization","name":"Bak\u0131rc\u0131 garagineering","url":"https:\/\/bakirci.com\/ekipman\/","sameAs":["https:\/\/www.facebook.com\/bakirci.garagineering","https:\/\/www.instagram.com\/bakirci.garagineering\/","https:\/\/www.linkedin.com\/company\/bakirci-garagineering\/","https:\/\/www.youtube.com\/channel\/UCiVG6s_jALJ6Zk8085XiOQg"],"logo":{"@type":"ImageObject","@id":"https:\/\/bakirci.com\/ekipman\/#logo","inLanguage":"tr","url":"https:\/\/bakirci.com\/ekipman\/wp-content\/uploads\/2021\/09\/Bakirci-logo-lacivert.png","contentUrl":"https:\/\/bakirci.com\/ekipman\/wp-content\/uploads\/2021\/09\/Bakirci-logo-lacivert.png","width":501,"height":501,"caption":"Bak\u0131rc\u0131 garagineering"},"image":{"@id":"https:\/\/bakirci.com\/ekipman\/#logo"}},{"@type":"WebSite","@id":"https:\/\/bakirci.com\/ekipman\/#website","url":"https:\/\/bakirci.com\/ekipman\/","name":"Bak\u0131rc\u0131 Garagineering","description":"Otomotiv sekt\u00f6r\u00fcne \u00f6zel, \u201c\u00dcretici Standard\u0131nda\u201d \u00e7\u00f6z\u00fcmler\u2026","publisher":{"@id":"https:\/\/bakirci.com\/ekipman\/#organization"},"potentialAction":[{"@type":"SearchAction","target":{"@type":"EntryPoint","urlTemplate":"https:\/\/bakirci.com\/ekipman\/?s={search_term_string}"},"query-input":"required name=search_term_string"}],"inLanguage":"tr"},{"@type":"ImageObject","@id":"https:\/\/bakirci.com\/ekipman\/servis-ekipmanlari\/kaporta\/gocuk-duzeltme-ve-mini-onarim\/ozel-gocuk-lambasihbc-system-born-in-denmarktekerlekli-mobil-sistem-calisma-voltaji-12v\/#primaryimage","inLanguage":"tr","url":"https:\/\/bakirci.com\/ekipman\/wp-content\/uploads\/2021\/06\/Ozel-Gocuk-Lambasi.png","contentUrl":"https:\/\/bakirci.com\/ekipman\/wp-content\/uploads\/2021\/06\/Ozel-Gocuk-Lambasi.png","width":1119,"height":1119},{"@type":"WebPage","@id":"https:\/\/bakirci.com\/ekipman\/servis-ekipmanlari\/kaporta\/gocuk-duzeltme-ve-mini-onarim\/ozel-gocuk-lambasihbc-system-born-in-denmarktekerlekli-mobil-sistem-calisma-voltaji-12v\/#webpage","url":"https:\/\/bakirci.com\/ekipman\/servis-ekipmanlari\/kaporta\/gocuk-duzeltme-ve-mini-onarim\/ozel-gocuk-lambasihbc-system-born-in-denmarktekerlekli-mobil-sistem-calisma-voltaji-12v\/","name":"\u00d6zel G\u00f6\u00e7\u00fck Lambas\u0131 HBC SYSTEM (Born in DENMARK)Tekerlekli mobil sistem, \u00e7al\u0131\u015fma voltaj\u0131 12V - Bak\u0131rc\u0131 Garagineering","isPartOf":{"@id":"https:\/\/bakirci.com\/ekipman\/#website"},"primaryImageOfPage":{"@id":"https:\/\/bakirci.com\/ekipman\/servis-ekipmanlari\/kaporta\/gocuk-duzeltme-ve-mini-onarim\/ozel-gocuk-lambasihbc-system-born-in-denmarktekerlekli-mobil-sistem-calisma-voltaji-12v\/#primaryimage"},"datePublished":"2021-01-02T05:35:20+00:00","dateModified":"2021-09-14T06:53:57+00:00","breadcrumb":{"@id":"https:\/\/bakirci.com\/ekipman\/servis-ekipmanlari\/kaporta\/gocuk-duzeltme-ve-mini-onarim\/ozel-gocuk-lambasihbc-system-born-in-denmarktekerlekli-mobil-sistem-calisma-voltaji-12v\/#breadcrumb"},"inLanguage":"tr","potentialAction":[{"@type":"ReadAction","target":["https:\/\/bakirci.com\/ekipman\/servis-ekipmanlari\/kaporta\/gocuk-duzeltme-ve-mini-onarim\/ozel-gocuk-lambasihbc-system-born-in-denmarktekerlekli-mobil-sistem-calisma-voltaji-12v\/"]}]},{"@type":"BreadcrumbList","@id":"https:\/\/bakirci.com\/ekipman\/servis-ekipmanlari\/kaporta\/gocuk-duzeltme-ve-mini-onarim\/ozel-gocuk-lambasihbc-system-born-in-denmarktekerlekli-mobil-sistem-calisma-voltaji-12v\/#breadcrumb","itemListElement":[{"@type":"ListItem","position":1,"name":"Ekipman","item":"https:\/\/bakirci.com\/ekipman\/"},{"@type":"ListItem","position":2,"name":"Otomotiv Tesisleri \u0130\u00e7in Servis Ekipmanlar\u0131","item":"https:\/\/bakirci.com\/ekipman\/"},{"@type":"ListItem","position":3,"name":"\u00d6zel G\u00f6\u00e7\u00fck Lambas\u0131HBC SYSTEM (Born in DENMARK)Tekerlekli mobil sistem, \u00e7al\u0131\u015fma voltaj\u0131 12V"}]}]}},"_links":{"self":[{"href":"https:\/\/bakirci.com\/ekipman\/wp-json\/wp\/v2\/product\/4594","targetHints":{"allow":["GET"]}}],"collection":[{"href":"https:\/\/bakirci.com\/ekipman\/wp-json\/wp\/v2\/product"}],"about":[{"href":"https:\/\/bakirci.com\/ekipman\/wp-json\/wp\/v2\/types\/product"}],"replies":[{"embeddable":true,"href":"https:\/\/bakirci.com\/ekipman\/wp-json\/wp\/v2\/comments?post=4594"}],"wp:featuredmedia":[{"embeddable":true,"href":"https:\/\/bakirci.com\/ekipman\/wp-json\/wp\/v2\/media\/4742"}],"wp:attachment":[{"href":"https:\/\/bakirci.com\/ekipman\/wp-json\/wp\/v2\/media?parent=4594"}],"wp:term":[{"taxonomy":"product_cat","embeddable":true,"href":"https:\/\/bakirci.com\/ekipman\/wp-json\/wp\/v2\/product_cat?post=4594"},{"taxonomy":"product_tag","embeddable":true,"href":"https:\/\/bakirci.com\/ekipman\/wp-json\/wp\/v2\/product_tag?post=4594"}],"curies":[{"name":"wp","href":"https:\/\/api.w.org\/{rel}","templated":true}]}}