{"id":4592,"date":"2021-01-02T05:45:42","date_gmt":"2021-01-02T05:45:42","guid":{"rendered":"https:\/\/j6l.65c.myftpupload.com\/?post_type=product&#038;p=4592"},"modified":"2021-08-06T16:17:09","modified_gmt":"2021-08-06T16:17:09","slug":"boyayi-bozmadan-yapistirma-sistemi-ile-gocuk-duzeltme-setihbc-system-born-in-denmark","status":"publish","type":"product","link":"https:\/\/bakirci.com\/ekipman\/servis-ekipmanlari\/kaporta\/gocuk-duzeltme-ve-mini-onarim\/boyayi-bozmadan-yapistirma-sistemi-ile-gocuk-duzeltme-setihbc-system-born-in-denmark\/","title":{"rendered":"<p class=\"ustmetin\">Boyay\u0131 Bozmadan Yap\u0131\u015ft\u0131rma Sistemi ile<br> G\u00f6\u00e7\u00fck D\u00fczeltme Seti<\/p><p class=\"ortametin\">HBC SYSTEM <span class=\"ortametin2\">(Born in DENMARK)<\/span><p class=\"altmetin\"><\/p>"},"content":{"rendered":"<ul>\n<li>Boyay\u0131 Bozmadan Yap\u0131\u015ft\u0131rma Sistemi ile G\u00f6\u00e7\u00fck D\u00fczeltme Seti<\/li>\n<li>Sistem, arkadan ula\u015f\u0131lamayan kapal\u0131 paneller i\u00e7in, g\u00f6\u00e7\u00fcklere \u00f6zel ped\u2019lerin yap\u0131\u015ft\u0131r\u0131larak, yayl\u0131 \u00e7ekme aparatlar\u0131 ile d\u00fczeltilmesi i\u015fleminde kullan\u0131l\u0131r<\/li>\n<li>G\u00f6\u00e7\u00fck olan b\u00f6lgeye, tutkal ile \u00f6zel ped\u2019ler yap\u0131\u015ft\u0131r\u0131larak \u00e7ekme aparatlar\u0131 ile y\u00fczeyin d\u00fczeltilmesi sa\u011flan\u0131r<\/li>\n<li>Sistem, profesyonel kalitede onar\u0131mlar i\u00e7in gerekli olan t\u00fcm aparatlar\u0131 ve malzemeleri i\u00e7ermektedir<\/li>\n<\/ul>\n","protected":false},"excerpt":{"rendered":"<ul>\n<li>Boyay\u0131 Bozmadan Yap\u0131\u015ft\u0131rma Sistemi ile G\u00f6\u00e7\u00fck D\u00fczeltme Seti<\/li>\n<li>Sistem, arkadan ula\u015f\u0131lamayan kapal\u0131 paneller i\u00e7in, g\u00f6\u00e7\u00fcklere \u00f6zel ped\u2019lerin yap\u0131\u015ft\u0131r\u0131larak, yayl\u0131 \u00e7ekme aparatlar\u0131 ile d\u00fczeltilmesi i\u015fleminde kullan\u0131l\u0131r<\/li>\n<li>G\u00f6\u00e7\u00fck olan b\u00f6lgeye, tutkal ile \u00f6zel ped\u2019ler yap\u0131\u015ft\u0131r\u0131larak \u00e7ekme aparatlar\u0131 ile y\u00fczeyin d\u00fczeltilmesi sa\u011flan\u0131r<\/li>\n<li>Sistem, profesyonel kalitede onar\u0131mlar i\u00e7in gerekli olan t\u00fcm aparatlar\u0131 ve malzemeleri i\u00e7ermektedir<\/li>\n<\/ul>\n","protected":false},"featured_media":4740,"comment_status":"closed","ping_status":"closed","template":"","meta":[],"product_cat":[173],"product_tag":[691,351],"class_list":["post-4592","product","type-product","status-publish","has-post-thumbnail","hentry","pwb-brand-hbc-system","product_cat-gocuk-duzeltme-ve-mini-onarim","product_tag-cubuklu-duzeltme","product_tag-hbc-system"],"brands":[{"id":383,"name":"HBC SYSTEM","slug":"hbc-system"}],"yoast_head":"<!-- This site is optimized with the Yoast SEO plugin v17.1 - https:\/\/yoast.com\/wordpress\/plugins\/seo\/ -->\n<title>Boyay\u0131 Bozmadan Yap\u0131\u015ft\u0131rma Sistemi ile G\u00f6\u00e7\u00fck D\u00fczeltme SetiHBC SYSTEM (Born in DENMARK) - Bak\u0131rc\u0131 Garagineering<\/title>\n<meta name=\"robots\" content=\"index, follow, max-snippet:-1, max-image-preview:large, max-video-preview:-1\" \/>\n<link rel=\"canonical\" href=\"https:\/\/bakirci.com\/ekipman\/servis-ekipmanlari\/kaporta\/gocuk-duzeltme-ve-mini-onarim\/boyayi-bozmadan-yapistirma-sistemi-ile-gocuk-duzeltme-setihbc-system-born-in-denmark\/\" \/>\n<meta property=\"og:locale\" content=\"tr_TR\" \/>\n<meta property=\"og:type\" content=\"article\" \/>\n<meta property=\"og:title\" content=\"Boyay\u0131 Bozmadan Yap\u0131\u015ft\u0131rma Sistemi ile G\u00f6\u00e7\u00fck D\u00fczeltme SetiHBC SYSTEM (Born in DENMARK) - Bak\u0131rc\u0131 Garagineering\" \/>\n<meta property=\"og:description\" content=\"Boyay\u0131 Bozmadan Yap\u0131\u015ft\u0131rma Sistemi ile G\u00f6\u00e7\u00fck D\u00fczeltme Seti  Sistem, arkadan ula\u015f\u0131lamayan kapal\u0131 paneller i\u00e7in, g\u00f6\u00e7\u00fcklere \u00f6zel ped\u2019lerin yap\u0131\u015ft\u0131r\u0131larak, yayl\u0131 \u00e7ekme aparatlar\u0131 ile d\u00fczeltilmesi i\u015fleminde kullan\u0131l\u0131r  G\u00f6\u00e7\u00fck olan b\u00f6lgeye, tutkal ile \u00f6zel ped\u2019ler yap\u0131\u015ft\u0131r\u0131larak \u00e7ekme aparatlar\u0131 ile y\u00fczeyin d\u00fczeltilmesi sa\u011flan\u0131r  Sistem, profesyonel kalitede onar\u0131mlar i\u00e7in gerekli olan t\u00fcm aparatlar\u0131 ve malzemeleri i\u00e7ermektedir\" \/>\n<meta property=\"og:url\" content=\"https:\/\/bakirci.com\/ekipman\/servis-ekipmanlari\/kaporta\/gocuk-duzeltme-ve-mini-onarim\/boyayi-bozmadan-yapistirma-sistemi-ile-gocuk-duzeltme-setihbc-system-born-in-denmark\/\" \/>\n<meta property=\"og:site_name\" content=\"Bak\u0131rc\u0131 Garagineering\" \/>\n<meta property=\"article:publisher\" content=\"https:\/\/www.facebook.com\/bakirci.garagineering\" \/>\n<meta property=\"article:modified_time\" content=\"2021-08-06T16:17:09+00:00\" \/>\n<meta property=\"og:image\" content=\"https:\/\/bakirci.com\/ekipman\/wp-content\/uploads\/2021\/06\/gocuk-du\u0308zeltme-seti.png\" \/>\n\t<meta property=\"og:image:width\" content=\"1200\" \/>\n\t<meta property=\"og:image:height\" content=\"1200\" \/>\n<meta name=\"twitter:card\" content=\"summary_large_image\" \/>\n<meta name=\"twitter:label1\" content=\"Tahmini okuma s\u00fcresi\" \/>\n\t<meta name=\"twitter:data1\" content=\"1 dakika\" \/>\n<script type=\"application\/ld+json\" class=\"yoast-schema-graph\">{\"@context\":\"https:\/\/schema.org\",\"@graph\":[{\"@type\":\"Organization\",\"@id\":\"https:\/\/bakirci.com\/ekipman\/#organization\",\"name\":\"Bak\\u0131rc\\u0131 garagineering\",\"url\":\"https:\/\/bakirci.com\/ekipman\/\",\"sameAs\":[\"https:\/\/www.facebook.com\/bakirci.garagineering\",\"https:\/\/www.instagram.com\/bakirci.garagineering\/\",\"https:\/\/www.linkedin.com\/company\/bakirci-garagineering\/\",\"https:\/\/www.youtube.com\/channel\/UCiVG6s_jALJ6Zk8085XiOQg\"],\"logo\":{\"@type\":\"ImageObject\",\"@id\":\"https:\/\/bakirci.com\/ekipman\/#logo\",\"inLanguage\":\"tr\",\"url\":\"https:\/\/bakirci.com\/ekipman\/wp-content\/uploads\/2021\/09\/Bakirci-logo-lacivert.png\",\"contentUrl\":\"https:\/\/bakirci.com\/ekipman\/wp-content\/uploads\/2021\/09\/Bakirci-logo-lacivert.png\",\"width\":501,\"height\":501,\"caption\":\"Bak\\u0131rc\\u0131 garagineering\"},\"image\":{\"@id\":\"https:\/\/bakirci.com\/ekipman\/#logo\"}},{\"@type\":\"WebSite\",\"@id\":\"https:\/\/bakirci.com\/ekipman\/#website\",\"url\":\"https:\/\/bakirci.com\/ekipman\/\",\"name\":\"Bak\\u0131rc\\u0131 Garagineering\",\"description\":\"Otomotiv sekt\\u00f6r\\u00fcne \\u00f6zel, \\u201c\\u00dcretici Standard\\u0131nda\\u201d \\u00e7\\u00f6z\\u00fcmler\\u2026\",\"publisher\":{\"@id\":\"https:\/\/bakirci.com\/ekipman\/#organization\"},\"potentialAction\":[{\"@type\":\"SearchAction\",\"target\":{\"@type\":\"EntryPoint\",\"urlTemplate\":\"https:\/\/bakirci.com\/ekipman\/?s={search_term_string}\"},\"query-input\":\"required name=search_term_string\"}],\"inLanguage\":\"tr\"},{\"@type\":\"ImageObject\",\"@id\":\"https:\/\/bakirci.com\/ekipman\/servis-ekipmanlari\/kaporta\/gocuk-duzeltme-ve-mini-onarim\/boyayi-bozmadan-yapistirma-sistemi-ile-gocuk-duzeltme-setihbc-system-born-in-denmark\/#primaryimage\",\"inLanguage\":\"tr\",\"url\":\"https:\/\/bakirci.com\/ekipman\/wp-content\/uploads\/2021\/06\/gocuk-du\\u0308zeltme-seti.png\",\"contentUrl\":\"https:\/\/bakirci.com\/ekipman\/wp-content\/uploads\/2021\/06\/gocuk-du\\u0308zeltme-seti.png\",\"width\":1200,\"height\":1200},{\"@type\":\"WebPage\",\"@id\":\"https:\/\/bakirci.com\/ekipman\/servis-ekipmanlari\/kaporta\/gocuk-duzeltme-ve-mini-onarim\/boyayi-bozmadan-yapistirma-sistemi-ile-gocuk-duzeltme-setihbc-system-born-in-denmark\/#webpage\",\"url\":\"https:\/\/bakirci.com\/ekipman\/servis-ekipmanlari\/kaporta\/gocuk-duzeltme-ve-mini-onarim\/boyayi-bozmadan-yapistirma-sistemi-ile-gocuk-duzeltme-setihbc-system-born-in-denmark\/\",\"name\":\"Boyay\\u0131 Bozmadan Yap\\u0131\\u015ft\\u0131rma Sistemi ile G\\u00f6\\u00e7\\u00fck D\\u00fczeltme Seti HBC SYSTEM (Born in DENMARK) - Bak\\u0131rc\\u0131 Garagineering\",\"isPartOf\":{\"@id\":\"https:\/\/bakirci.com\/ekipman\/#website\"},\"primaryImageOfPage\":{\"@id\":\"https:\/\/bakirci.com\/ekipman\/servis-ekipmanlari\/kaporta\/gocuk-duzeltme-ve-mini-onarim\/boyayi-bozmadan-yapistirma-sistemi-ile-gocuk-duzeltme-setihbc-system-born-in-denmark\/#primaryimage\"},\"datePublished\":\"2021-01-02T05:45:42+00:00\",\"dateModified\":\"2021-08-06T16:17:09+00:00\",\"breadcrumb\":{\"@id\":\"https:\/\/bakirci.com\/ekipman\/servis-ekipmanlari\/kaporta\/gocuk-duzeltme-ve-mini-onarim\/boyayi-bozmadan-yapistirma-sistemi-ile-gocuk-duzeltme-setihbc-system-born-in-denmark\/#breadcrumb\"},\"inLanguage\":\"tr\",\"potentialAction\":[{\"@type\":\"ReadAction\",\"target\":[\"https:\/\/bakirci.com\/ekipman\/servis-ekipmanlari\/kaporta\/gocuk-duzeltme-ve-mini-onarim\/boyayi-bozmadan-yapistirma-sistemi-ile-gocuk-duzeltme-setihbc-system-born-in-denmark\/\"]}]},{\"@type\":\"BreadcrumbList\",\"@id\":\"https:\/\/bakirci.com\/ekipman\/servis-ekipmanlari\/kaporta\/gocuk-duzeltme-ve-mini-onarim\/boyayi-bozmadan-yapistirma-sistemi-ile-gocuk-duzeltme-setihbc-system-born-in-denmark\/#breadcrumb\",\"itemListElement\":[{\"@type\":\"ListItem\",\"position\":1,\"name\":\"Ekipman\",\"item\":\"https:\/\/bakirci.com\/ekipman\/\"},{\"@type\":\"ListItem\",\"position\":2,\"name\":\"Otomotiv Tesisleri \\u0130\\u00e7in Servis Ekipmanlar\\u0131\",\"item\":\"https:\/\/bakirci.com\/ekipman\/\"},{\"@type\":\"ListItem\",\"position\":3,\"name\":\"Boyay\\u0131 Bozmadan Yap\\u0131\\u015ft\\u0131rma Sistemi ile G\\u00f6\\u00e7\\u00fck D\\u00fczeltme SetiHBC SYSTEM (Born in DENMARK)\"}]}]}<\/script>\n<!-- \/ Yoast SEO plugin. -->","yoast_head_json":{"title":"Boyay\u0131 Bozmadan Yap\u0131\u015ft\u0131rma Sistemi ile G\u00f6\u00e7\u00fck D\u00fczeltme SetiHBC SYSTEM (Born in DENMARK) - Bak\u0131rc\u0131 Garagineering","robots":{"index":"index","follow":"follow","max-snippet":"max-snippet:-1","max-image-preview":"max-image-preview:large","max-video-preview":"max-video-preview:-1"},"canonical":"https:\/\/bakirci.com\/ekipman\/servis-ekipmanlari\/kaporta\/gocuk-duzeltme-ve-mini-onarim\/boyayi-bozmadan-yapistirma-sistemi-ile-gocuk-duzeltme-setihbc-system-born-in-denmark\/","og_locale":"tr_TR","og_type":"article","og_title":"Boyay\u0131 Bozmadan Yap\u0131\u015ft\u0131rma Sistemi ile G\u00f6\u00e7\u00fck D\u00fczeltme SetiHBC SYSTEM (Born in DENMARK) - Bak\u0131rc\u0131 Garagineering","og_description":"Boyay\u0131 Bozmadan Yap\u0131\u015ft\u0131rma Sistemi ile G\u00f6\u00e7\u00fck D\u00fczeltme Seti  Sistem, arkadan ula\u015f\u0131lamayan kapal\u0131 paneller i\u00e7in, g\u00f6\u00e7\u00fcklere \u00f6zel ped\u2019lerin yap\u0131\u015ft\u0131r\u0131larak, yayl\u0131 \u00e7ekme aparatlar\u0131 ile d\u00fczeltilmesi i\u015fleminde kullan\u0131l\u0131r  G\u00f6\u00e7\u00fck olan b\u00f6lgeye, tutkal ile \u00f6zel ped\u2019ler yap\u0131\u015ft\u0131r\u0131larak \u00e7ekme aparatlar\u0131 ile y\u00fczeyin d\u00fczeltilmesi sa\u011flan\u0131r  Sistem, profesyonel kalitede onar\u0131mlar i\u00e7in gerekli olan t\u00fcm aparatlar\u0131 ve malzemeleri i\u00e7ermektedir","og_url":"https:\/\/bakirci.com\/ekipman\/servis-ekipmanlari\/kaporta\/gocuk-duzeltme-ve-mini-onarim\/boyayi-bozmadan-yapistirma-sistemi-ile-gocuk-duzeltme-setihbc-system-born-in-denmark\/","og_site_name":"Bak\u0131rc\u0131 Garagineering","article_publisher":"https:\/\/www.facebook.com\/bakirci.garagineering","article_modified_time":"2021-08-06T16:17:09+00:00","og_image":[{"width":1200,"height":1200,"url":"https:\/\/bakirci.com\/ekipman\/wp-content\/uploads\/2021\/06\/gocuk-du\u0308zeltme-seti.png","path":"\/home\/bakirciwebsitesi\/public_html\/ekipman\/wp-content\/uploads\/2021\/06\/gocuk-du\u0308zeltme-seti.png","size":"full","id":4740,"alt":"","pixels":1440000,"type":"image\/png"}],"twitter_card":"summary_large_image","twitter_misc":{"Tahmini okuma s\u00fcresi":"1 dakika"},"schema":{"@context":"https:\/\/schema.org","@graph":[{"@type":"Organization","@id":"https:\/\/bakirci.com\/ekipman\/#organization","name":"Bak\u0131rc\u0131 garagineering","url":"https:\/\/bakirci.com\/ekipman\/","sameAs":["https:\/\/www.facebook.com\/bakirci.garagineering","https:\/\/www.instagram.com\/bakirci.garagineering\/","https:\/\/www.linkedin.com\/company\/bakirci-garagineering\/","https:\/\/www.youtube.com\/channel\/UCiVG6s_jALJ6Zk8085XiOQg"],"logo":{"@type":"ImageObject","@id":"https:\/\/bakirci.com\/ekipman\/#logo","inLanguage":"tr","url":"https:\/\/bakirci.com\/ekipman\/wp-content\/uploads\/2021\/09\/Bakirci-logo-lacivert.png","contentUrl":"https:\/\/bakirci.com\/ekipman\/wp-content\/uploads\/2021\/09\/Bakirci-logo-lacivert.png","width":501,"height":501,"caption":"Bak\u0131rc\u0131 garagineering"},"image":{"@id":"https:\/\/bakirci.com\/ekipman\/#logo"}},{"@type":"WebSite","@id":"https:\/\/bakirci.com\/ekipman\/#website","url":"https:\/\/bakirci.com\/ekipman\/","name":"Bak\u0131rc\u0131 Garagineering","description":"Otomotiv sekt\u00f6r\u00fcne \u00f6zel, \u201c\u00dcretici Standard\u0131nda\u201d \u00e7\u00f6z\u00fcmler\u2026","publisher":{"@id":"https:\/\/bakirci.com\/ekipman\/#organization"},"potentialAction":[{"@type":"SearchAction","target":{"@type":"EntryPoint","urlTemplate":"https:\/\/bakirci.com\/ekipman\/?s={search_term_string}"},"query-input":"required name=search_term_string"}],"inLanguage":"tr"},{"@type":"ImageObject","@id":"https:\/\/bakirci.com\/ekipman\/servis-ekipmanlari\/kaporta\/gocuk-duzeltme-ve-mini-onarim\/boyayi-bozmadan-yapistirma-sistemi-ile-gocuk-duzeltme-setihbc-system-born-in-denmark\/#primaryimage","inLanguage":"tr","url":"https:\/\/bakirci.com\/ekipman\/wp-content\/uploads\/2021\/06\/gocuk-du\u0308zeltme-seti.png","contentUrl":"https:\/\/bakirci.com\/ekipman\/wp-content\/uploads\/2021\/06\/gocuk-du\u0308zeltme-seti.png","width":1200,"height":1200},{"@type":"WebPage","@id":"https:\/\/bakirci.com\/ekipman\/servis-ekipmanlari\/kaporta\/gocuk-duzeltme-ve-mini-onarim\/boyayi-bozmadan-yapistirma-sistemi-ile-gocuk-duzeltme-setihbc-system-born-in-denmark\/#webpage","url":"https:\/\/bakirci.com\/ekipman\/servis-ekipmanlari\/kaporta\/gocuk-duzeltme-ve-mini-onarim\/boyayi-bozmadan-yapistirma-sistemi-ile-gocuk-duzeltme-setihbc-system-born-in-denmark\/","name":"Boyay\u0131 Bozmadan Yap\u0131\u015ft\u0131rma Sistemi ile G\u00f6\u00e7\u00fck D\u00fczeltme Seti HBC SYSTEM (Born in DENMARK) - Bak\u0131rc\u0131 Garagineering","isPartOf":{"@id":"https:\/\/bakirci.com\/ekipman\/#website"},"primaryImageOfPage":{"@id":"https:\/\/bakirci.com\/ekipman\/servis-ekipmanlari\/kaporta\/gocuk-duzeltme-ve-mini-onarim\/boyayi-bozmadan-yapistirma-sistemi-ile-gocuk-duzeltme-setihbc-system-born-in-denmark\/#primaryimage"},"datePublished":"2021-01-02T05:45:42+00:00","dateModified":"2021-08-06T16:17:09+00:00","breadcrumb":{"@id":"https:\/\/bakirci.com\/ekipman\/servis-ekipmanlari\/kaporta\/gocuk-duzeltme-ve-mini-onarim\/boyayi-bozmadan-yapistirma-sistemi-ile-gocuk-duzeltme-setihbc-system-born-in-denmark\/#breadcrumb"},"inLanguage":"tr","potentialAction":[{"@type":"ReadAction","target":["https:\/\/bakirci.com\/ekipman\/servis-ekipmanlari\/kaporta\/gocuk-duzeltme-ve-mini-onarim\/boyayi-bozmadan-yapistirma-sistemi-ile-gocuk-duzeltme-setihbc-system-born-in-denmark\/"]}]},{"@type":"BreadcrumbList","@id":"https:\/\/bakirci.com\/ekipman\/servis-ekipmanlari\/kaporta\/gocuk-duzeltme-ve-mini-onarim\/boyayi-bozmadan-yapistirma-sistemi-ile-gocuk-duzeltme-setihbc-system-born-in-denmark\/#breadcrumb","itemListElement":[{"@type":"ListItem","position":1,"name":"Ekipman","item":"https:\/\/bakirci.com\/ekipman\/"},{"@type":"ListItem","position":2,"name":"Otomotiv Tesisleri \u0130\u00e7in Servis Ekipmanlar\u0131","item":"https:\/\/bakirci.com\/ekipman\/"},{"@type":"ListItem","position":3,"name":"Boyay\u0131 Bozmadan Yap\u0131\u015ft\u0131rma Sistemi ile G\u00f6\u00e7\u00fck D\u00fczeltme SetiHBC SYSTEM (Born in DENMARK)"}]}]}},"_links":{"self":[{"href":"https:\/\/bakirci.com\/ekipman\/wp-json\/wp\/v2\/product\/4592","targetHints":{"allow":["GET"]}}],"collection":[{"href":"https:\/\/bakirci.com\/ekipman\/wp-json\/wp\/v2\/product"}],"about":[{"href":"https:\/\/bakirci.com\/ekipman\/wp-json\/wp\/v2\/types\/product"}],"replies":[{"embeddable":true,"href":"https:\/\/bakirci.com\/ekipman\/wp-json\/wp\/v2\/comments?post=4592"}],"wp:featuredmedia":[{"embeddable":true,"href":"https:\/\/bakirci.com\/ekipman\/wp-json\/wp\/v2\/media\/4740"}],"wp:attachment":[{"href":"https:\/\/bakirci.com\/ekipman\/wp-json\/wp\/v2\/media?parent=4592"}],"wp:term":[{"taxonomy":"product_cat","embeddable":true,"href":"https:\/\/bakirci.com\/ekipman\/wp-json\/wp\/v2\/product_cat?post=4592"},{"taxonomy":"product_tag","embeddable":true,"href":"https:\/\/bakirci.com\/ekipman\/wp-json\/wp\/v2\/product_tag?post=4592"}],"curies":[{"name":"wp","href":"https:\/\/api.w.org\/{rel}","templated":true}]}}