{"id":4591,"date":"2021-01-02T05:50:51","date_gmt":"2021-01-02T05:50:51","guid":{"rendered":"https:\/\/j6l.65c.myftpupload.com\/?post_type=product&#038;p=4591"},"modified":"2021-08-06T16:17:00","modified_gmt":"2021-08-06T16:17:00","slug":"boyayi-bozmadan-celik-cubuk-ile-duzeltme-sistemihbc-system-born-in-denmarksystem-g51-master","status":"publish","type":"product","link":"https:\/\/bakirci.com\/ekipman\/servis-ekipmanlari\/kaporta\/gocuk-duzeltme-ve-mini-onarim\/boyayi-bozmadan-celik-cubuk-ile-duzeltme-sistemihbc-system-born-in-denmarksystem-g51-master\/","title":{"rendered":"<p class=\"ustmetin\">Boyay\u0131 Bozmadan \u00c7elik \u00c7ubuk ile D\u00fczeltme Sistemi<\/p><p class=\"ortametin\">HBC SYSTEM <span class=\"ortametin2\">(Born in DENMARK)<\/span><p class=\"altmetin\">System G51 Master<\/p>"},"content":{"rendered":"<ul>\n<li>Boyay\u0131 Bozmadan \u00c7elik \u00c7ubuk ile D\u00fczeltme Sistemi &#8211; System G51 Master<\/li>\n<li>Boyas\u0131z g\u00f6\u00e7\u00fck d\u00fczeltme PDR ekipmanlar\u0131, arac\u0131 yeniden boyamaya gerek kalmadan k\u00fc\u00e7\u00fck g\u00f6\u00e7\u00fcklerin ekonomik bir \u015fekilde onar\u0131lmas\u0131n\u0131 sa\u011flar<\/li>\n<li>HBC sistemindeki PDR \u00e7ubuklar\u0131, \u00f6nde gelen otomobil \u00fcreticileri ve PDR teknisyenleri taraf\u0131ndan test edilip onaylanm\u0131\u015ft\u0131r<\/li>\n<li>Asil \u00e7elik ve g\u00fcm\u00fc\u015f ala\u015f\u0131ml\u0131 \u00f6zel malzemelerden yap\u0131lan her setin tasar\u0131m\u0131 ve boyutu, kullan\u0131labilirlik ko\u015fullar\u0131na g\u00f6re d\u00fczenlenmi\u015ftir<\/li>\n<\/ul>\n","protected":false},"excerpt":{"rendered":"<ul>\n<li>Boyay\u0131 Bozmadan \u00c7elik \u00c7ubuk ile D\u00fczeltme Sistemi &#8211; System G51 Master<\/li>\n<li>Boyas\u0131z g\u00f6\u00e7\u00fck d\u00fczeltme PDR ekipmanlar\u0131, arac\u0131 yeniden boyamaya gerek kalmadan k\u00fc\u00e7\u00fck g\u00f6\u00e7\u00fcklerin ekonomik bir \u015fekilde onar\u0131lmas\u0131n\u0131 sa\u011flar<\/li>\n<li>HBC sistemindeki PDR \u00e7ubuklar\u0131, \u00f6nde gelen otomobil \u00fcreticileri ve PDR teknisyenleri taraf\u0131ndan test edilip onaylanm\u0131\u015ft\u0131r<\/li>\n<li>Asil \u00e7elik ve g\u00fcm\u00fc\u015f ala\u015f\u0131ml\u0131 \u00f6zel malzemelerden yap\u0131lan her setin tasar\u0131m\u0131 ve boyutu, kullan\u0131labilirlik ko\u015fullar\u0131na g\u00f6re d\u00fczenlenmi\u015ftir<\/li>\n<\/ul>\n","protected":false},"featured_media":4739,"comment_status":"closed","ping_status":"closed","template":"","meta":[],"product_cat":[173],"product_tag":[691,351],"class_list":["post-4591","product","type-product","status-publish","has-post-thumbnail","hentry","pwb-brand-hbc-system","product_cat-gocuk-duzeltme-ve-mini-onarim","product_tag-cubuklu-duzeltme","product_tag-hbc-system"],"brands":[{"id":383,"name":"HBC SYSTEM","slug":"hbc-system"}],"yoast_head":"<!-- This site is optimized with the Yoast SEO plugin v17.1 - https:\/\/yoast.com\/wordpress\/plugins\/seo\/ -->\n<title>Boyay\u0131 Bozmadan \u00c7elik \u00c7ubuk ile D\u00fczeltme SistemiHBC SYSTEM (Born in DENMARK)System G51 Master - Bak\u0131rc\u0131 Garagineering<\/title>\n<meta name=\"robots\" content=\"index, follow, max-snippet:-1, max-image-preview:large, max-video-preview:-1\" \/>\n<link rel=\"canonical\" href=\"https:\/\/bakirci.com\/ekipman\/servis-ekipmanlari\/kaporta\/gocuk-duzeltme-ve-mini-onarim\/boyayi-bozmadan-celik-cubuk-ile-duzeltme-sistemihbc-system-born-in-denmarksystem-g51-master\/\" \/>\n<meta property=\"og:locale\" content=\"tr_TR\" \/>\n<meta property=\"og:type\" content=\"article\" \/>\n<meta property=\"og:title\" content=\"Boyay\u0131 Bozmadan \u00c7elik \u00c7ubuk ile D\u00fczeltme SistemiHBC SYSTEM (Born in DENMARK)System G51 Master - Bak\u0131rc\u0131 Garagineering\" \/>\n<meta property=\"og:description\" content=\"Boyay\u0131 Bozmadan \u00c7elik \u00c7ubuk ile D\u00fczeltme Sistemi - System G51 Master  Boyas\u0131z g\u00f6\u00e7\u00fck d\u00fczeltme PDR ekipmanlar\u0131, arac\u0131 yeniden boyamaya gerek kalmadan k\u00fc\u00e7\u00fck g\u00f6\u00e7\u00fcklerin ekonomik bir \u015fekilde onar\u0131lmas\u0131n\u0131 sa\u011flar  HBC sistemindeki PDR \u00e7ubuklar\u0131, \u00f6nde gelen otomobil \u00fcreticileri ve PDR teknisyenleri taraf\u0131ndan test edilip onaylanm\u0131\u015ft\u0131r  Asil \u00e7elik ve g\u00fcm\u00fc\u015f ala\u015f\u0131ml\u0131 \u00f6zel malzemelerden yap\u0131lan her setin tasar\u0131m\u0131 ve boyutu, kullan\u0131labilirlik ko\u015fullar\u0131na g\u00f6re d\u00fczenlenmi\u015ftir\" \/>\n<meta property=\"og:url\" content=\"https:\/\/bakirci.com\/ekipman\/servis-ekipmanlari\/kaporta\/gocuk-duzeltme-ve-mini-onarim\/boyayi-bozmadan-celik-cubuk-ile-duzeltme-sistemihbc-system-born-in-denmarksystem-g51-master\/\" \/>\n<meta property=\"og:site_name\" content=\"Bak\u0131rc\u0131 Garagineering\" \/>\n<meta property=\"article:publisher\" content=\"https:\/\/www.facebook.com\/bakirci.garagineering\" \/>\n<meta property=\"article:modified_time\" content=\"2021-08-06T16:17:00+00:00\" \/>\n<meta property=\"og:image\" content=\"https:\/\/bakirci.com\/ekipman\/wp-content\/uploads\/2021\/06\/System-G51-Master.png\" \/>\n\t<meta property=\"og:image:width\" content=\"1200\" \/>\n\t<meta property=\"og:image:height\" content=\"1200\" \/>\n<meta name=\"twitter:card\" content=\"summary_large_image\" \/>\n<meta name=\"twitter:label1\" content=\"Tahmini okuma s\u00fcresi\" \/>\n\t<meta name=\"twitter:data1\" content=\"1 dakika\" \/>\n<script type=\"application\/ld+json\" class=\"yoast-schema-graph\">{\"@context\":\"https:\/\/schema.org\",\"@graph\":[{\"@type\":\"Organization\",\"@id\":\"https:\/\/bakirci.com\/ekipman\/#organization\",\"name\":\"Bak\\u0131rc\\u0131 garagineering\",\"url\":\"https:\/\/bakirci.com\/ekipman\/\",\"sameAs\":[\"https:\/\/www.facebook.com\/bakirci.garagineering\",\"https:\/\/www.instagram.com\/bakirci.garagineering\/\",\"https:\/\/www.linkedin.com\/company\/bakirci-garagineering\/\",\"https:\/\/www.youtube.com\/channel\/UCiVG6s_jALJ6Zk8085XiOQg\"],\"logo\":{\"@type\":\"ImageObject\",\"@id\":\"https:\/\/bakirci.com\/ekipman\/#logo\",\"inLanguage\":\"tr\",\"url\":\"https:\/\/bakirci.com\/ekipman\/wp-content\/uploads\/2021\/09\/Bakirci-logo-lacivert.png\",\"contentUrl\":\"https:\/\/bakirci.com\/ekipman\/wp-content\/uploads\/2021\/09\/Bakirci-logo-lacivert.png\",\"width\":501,\"height\":501,\"caption\":\"Bak\\u0131rc\\u0131 garagineering\"},\"image\":{\"@id\":\"https:\/\/bakirci.com\/ekipman\/#logo\"}},{\"@type\":\"WebSite\",\"@id\":\"https:\/\/bakirci.com\/ekipman\/#website\",\"url\":\"https:\/\/bakirci.com\/ekipman\/\",\"name\":\"Bak\\u0131rc\\u0131 Garagineering\",\"description\":\"Otomotiv sekt\\u00f6r\\u00fcne \\u00f6zel, \\u201c\\u00dcretici Standard\\u0131nda\\u201d \\u00e7\\u00f6z\\u00fcmler\\u2026\",\"publisher\":{\"@id\":\"https:\/\/bakirci.com\/ekipman\/#organization\"},\"potentialAction\":[{\"@type\":\"SearchAction\",\"target\":{\"@type\":\"EntryPoint\",\"urlTemplate\":\"https:\/\/bakirci.com\/ekipman\/?s={search_term_string}\"},\"query-input\":\"required name=search_term_string\"}],\"inLanguage\":\"tr\"},{\"@type\":\"ImageObject\",\"@id\":\"https:\/\/bakirci.com\/ekipman\/servis-ekipmanlari\/kaporta\/gocuk-duzeltme-ve-mini-onarim\/boyayi-bozmadan-celik-cubuk-ile-duzeltme-sistemihbc-system-born-in-denmarksystem-g51-master\/#primaryimage\",\"inLanguage\":\"tr\",\"url\":\"https:\/\/bakirci.com\/ekipman\/wp-content\/uploads\/2021\/06\/System-G51-Master.png\",\"contentUrl\":\"https:\/\/bakirci.com\/ekipman\/wp-content\/uploads\/2021\/06\/System-G51-Master.png\",\"width\":1200,\"height\":1200},{\"@type\":\"WebPage\",\"@id\":\"https:\/\/bakirci.com\/ekipman\/servis-ekipmanlari\/kaporta\/gocuk-duzeltme-ve-mini-onarim\/boyayi-bozmadan-celik-cubuk-ile-duzeltme-sistemihbc-system-born-in-denmarksystem-g51-master\/#webpage\",\"url\":\"https:\/\/bakirci.com\/ekipman\/servis-ekipmanlari\/kaporta\/gocuk-duzeltme-ve-mini-onarim\/boyayi-bozmadan-celik-cubuk-ile-duzeltme-sistemihbc-system-born-in-denmarksystem-g51-master\/\",\"name\":\"Boyay\\u0131 Bozmadan \\u00c7elik \\u00c7ubuk ile D\\u00fczeltme Sistemi HBC SYSTEM (Born in DENMARK)System G51 Master - Bak\\u0131rc\\u0131 Garagineering\",\"isPartOf\":{\"@id\":\"https:\/\/bakirci.com\/ekipman\/#website\"},\"primaryImageOfPage\":{\"@id\":\"https:\/\/bakirci.com\/ekipman\/servis-ekipmanlari\/kaporta\/gocuk-duzeltme-ve-mini-onarim\/boyayi-bozmadan-celik-cubuk-ile-duzeltme-sistemihbc-system-born-in-denmarksystem-g51-master\/#primaryimage\"},\"datePublished\":\"2021-01-02T05:50:51+00:00\",\"dateModified\":\"2021-08-06T16:17:00+00:00\",\"breadcrumb\":{\"@id\":\"https:\/\/bakirci.com\/ekipman\/servis-ekipmanlari\/kaporta\/gocuk-duzeltme-ve-mini-onarim\/boyayi-bozmadan-celik-cubuk-ile-duzeltme-sistemihbc-system-born-in-denmarksystem-g51-master\/#breadcrumb\"},\"inLanguage\":\"tr\",\"potentialAction\":[{\"@type\":\"ReadAction\",\"target\":[\"https:\/\/bakirci.com\/ekipman\/servis-ekipmanlari\/kaporta\/gocuk-duzeltme-ve-mini-onarim\/boyayi-bozmadan-celik-cubuk-ile-duzeltme-sistemihbc-system-born-in-denmarksystem-g51-master\/\"]}]},{\"@type\":\"BreadcrumbList\",\"@id\":\"https:\/\/bakirci.com\/ekipman\/servis-ekipmanlari\/kaporta\/gocuk-duzeltme-ve-mini-onarim\/boyayi-bozmadan-celik-cubuk-ile-duzeltme-sistemihbc-system-born-in-denmarksystem-g51-master\/#breadcrumb\",\"itemListElement\":[{\"@type\":\"ListItem\",\"position\":1,\"name\":\"Ekipman\",\"item\":\"https:\/\/bakirci.com\/ekipman\/\"},{\"@type\":\"ListItem\",\"position\":2,\"name\":\"Otomotiv Tesisleri \\u0130\\u00e7in Servis Ekipmanlar\\u0131\",\"item\":\"https:\/\/bakirci.com\/ekipman\/\"},{\"@type\":\"ListItem\",\"position\":3,\"name\":\"Boyay\\u0131 Bozmadan \\u00c7elik \\u00c7ubuk ile D\\u00fczeltme SistemiHBC SYSTEM (Born in DENMARK)System G51 Master\"}]}]}<\/script>\n<!-- \/ Yoast SEO plugin. -->","yoast_head_json":{"title":"Boyay\u0131 Bozmadan \u00c7elik \u00c7ubuk ile D\u00fczeltme SistemiHBC SYSTEM (Born in DENMARK)System G51 Master - Bak\u0131rc\u0131 Garagineering","robots":{"index":"index","follow":"follow","max-snippet":"max-snippet:-1","max-image-preview":"max-image-preview:large","max-video-preview":"max-video-preview:-1"},"canonical":"https:\/\/bakirci.com\/ekipman\/servis-ekipmanlari\/kaporta\/gocuk-duzeltme-ve-mini-onarim\/boyayi-bozmadan-celik-cubuk-ile-duzeltme-sistemihbc-system-born-in-denmarksystem-g51-master\/","og_locale":"tr_TR","og_type":"article","og_title":"Boyay\u0131 Bozmadan \u00c7elik \u00c7ubuk ile D\u00fczeltme SistemiHBC SYSTEM (Born in DENMARK)System G51 Master - Bak\u0131rc\u0131 Garagineering","og_description":"Boyay\u0131 Bozmadan \u00c7elik \u00c7ubuk ile D\u00fczeltme Sistemi - System G51 Master  Boyas\u0131z g\u00f6\u00e7\u00fck d\u00fczeltme PDR ekipmanlar\u0131, arac\u0131 yeniden boyamaya gerek kalmadan k\u00fc\u00e7\u00fck g\u00f6\u00e7\u00fcklerin ekonomik bir \u015fekilde onar\u0131lmas\u0131n\u0131 sa\u011flar  HBC sistemindeki PDR \u00e7ubuklar\u0131, \u00f6nde gelen otomobil \u00fcreticileri ve PDR teknisyenleri taraf\u0131ndan test edilip onaylanm\u0131\u015ft\u0131r  Asil \u00e7elik ve g\u00fcm\u00fc\u015f ala\u015f\u0131ml\u0131 \u00f6zel malzemelerden yap\u0131lan her setin tasar\u0131m\u0131 ve boyutu, kullan\u0131labilirlik ko\u015fullar\u0131na g\u00f6re d\u00fczenlenmi\u015ftir","og_url":"https:\/\/bakirci.com\/ekipman\/servis-ekipmanlari\/kaporta\/gocuk-duzeltme-ve-mini-onarim\/boyayi-bozmadan-celik-cubuk-ile-duzeltme-sistemihbc-system-born-in-denmarksystem-g51-master\/","og_site_name":"Bak\u0131rc\u0131 Garagineering","article_publisher":"https:\/\/www.facebook.com\/bakirci.garagineering","article_modified_time":"2021-08-06T16:17:00+00:00","og_image":[{"width":1200,"height":1200,"url":"https:\/\/bakirci.com\/ekipman\/wp-content\/uploads\/2021\/06\/System-G51-Master.png","path":"\/home\/bakirciwebsitesi\/public_html\/ekipman\/wp-content\/uploads\/2021\/06\/System-G51-Master.png","size":"full","id":4739,"alt":"","pixels":1440000,"type":"image\/png"}],"twitter_card":"summary_large_image","twitter_misc":{"Tahmini okuma s\u00fcresi":"1 dakika"},"schema":{"@context":"https:\/\/schema.org","@graph":[{"@type":"Organization","@id":"https:\/\/bakirci.com\/ekipman\/#organization","name":"Bak\u0131rc\u0131 garagineering","url":"https:\/\/bakirci.com\/ekipman\/","sameAs":["https:\/\/www.facebook.com\/bakirci.garagineering","https:\/\/www.instagram.com\/bakirci.garagineering\/","https:\/\/www.linkedin.com\/company\/bakirci-garagineering\/","https:\/\/www.youtube.com\/channel\/UCiVG6s_jALJ6Zk8085XiOQg"],"logo":{"@type":"ImageObject","@id":"https:\/\/bakirci.com\/ekipman\/#logo","inLanguage":"tr","url":"https:\/\/bakirci.com\/ekipman\/wp-content\/uploads\/2021\/09\/Bakirci-logo-lacivert.png","contentUrl":"https:\/\/bakirci.com\/ekipman\/wp-content\/uploads\/2021\/09\/Bakirci-logo-lacivert.png","width":501,"height":501,"caption":"Bak\u0131rc\u0131 garagineering"},"image":{"@id":"https:\/\/bakirci.com\/ekipman\/#logo"}},{"@type":"WebSite","@id":"https:\/\/bakirci.com\/ekipman\/#website","url":"https:\/\/bakirci.com\/ekipman\/","name":"Bak\u0131rc\u0131 Garagineering","description":"Otomotiv sekt\u00f6r\u00fcne \u00f6zel, \u201c\u00dcretici Standard\u0131nda\u201d \u00e7\u00f6z\u00fcmler\u2026","publisher":{"@id":"https:\/\/bakirci.com\/ekipman\/#organization"},"potentialAction":[{"@type":"SearchAction","target":{"@type":"EntryPoint","urlTemplate":"https:\/\/bakirci.com\/ekipman\/?s={search_term_string}"},"query-input":"required name=search_term_string"}],"inLanguage":"tr"},{"@type":"ImageObject","@id":"https:\/\/bakirci.com\/ekipman\/servis-ekipmanlari\/kaporta\/gocuk-duzeltme-ve-mini-onarim\/boyayi-bozmadan-celik-cubuk-ile-duzeltme-sistemihbc-system-born-in-denmarksystem-g51-master\/#primaryimage","inLanguage":"tr","url":"https:\/\/bakirci.com\/ekipman\/wp-content\/uploads\/2021\/06\/System-G51-Master.png","contentUrl":"https:\/\/bakirci.com\/ekipman\/wp-content\/uploads\/2021\/06\/System-G51-Master.png","width":1200,"height":1200},{"@type":"WebPage","@id":"https:\/\/bakirci.com\/ekipman\/servis-ekipmanlari\/kaporta\/gocuk-duzeltme-ve-mini-onarim\/boyayi-bozmadan-celik-cubuk-ile-duzeltme-sistemihbc-system-born-in-denmarksystem-g51-master\/#webpage","url":"https:\/\/bakirci.com\/ekipman\/servis-ekipmanlari\/kaporta\/gocuk-duzeltme-ve-mini-onarim\/boyayi-bozmadan-celik-cubuk-ile-duzeltme-sistemihbc-system-born-in-denmarksystem-g51-master\/","name":"Boyay\u0131 Bozmadan \u00c7elik \u00c7ubuk ile D\u00fczeltme Sistemi HBC SYSTEM (Born in DENMARK)System G51 Master - Bak\u0131rc\u0131 Garagineering","isPartOf":{"@id":"https:\/\/bakirci.com\/ekipman\/#website"},"primaryImageOfPage":{"@id":"https:\/\/bakirci.com\/ekipman\/servis-ekipmanlari\/kaporta\/gocuk-duzeltme-ve-mini-onarim\/boyayi-bozmadan-celik-cubuk-ile-duzeltme-sistemihbc-system-born-in-denmarksystem-g51-master\/#primaryimage"},"datePublished":"2021-01-02T05:50:51+00:00","dateModified":"2021-08-06T16:17:00+00:00","breadcrumb":{"@id":"https:\/\/bakirci.com\/ekipman\/servis-ekipmanlari\/kaporta\/gocuk-duzeltme-ve-mini-onarim\/boyayi-bozmadan-celik-cubuk-ile-duzeltme-sistemihbc-system-born-in-denmarksystem-g51-master\/#breadcrumb"},"inLanguage":"tr","potentialAction":[{"@type":"ReadAction","target":["https:\/\/bakirci.com\/ekipman\/servis-ekipmanlari\/kaporta\/gocuk-duzeltme-ve-mini-onarim\/boyayi-bozmadan-celik-cubuk-ile-duzeltme-sistemihbc-system-born-in-denmarksystem-g51-master\/"]}]},{"@type":"BreadcrumbList","@id":"https:\/\/bakirci.com\/ekipman\/servis-ekipmanlari\/kaporta\/gocuk-duzeltme-ve-mini-onarim\/boyayi-bozmadan-celik-cubuk-ile-duzeltme-sistemihbc-system-born-in-denmarksystem-g51-master\/#breadcrumb","itemListElement":[{"@type":"ListItem","position":1,"name":"Ekipman","item":"https:\/\/bakirci.com\/ekipman\/"},{"@type":"ListItem","position":2,"name":"Otomotiv Tesisleri \u0130\u00e7in Servis Ekipmanlar\u0131","item":"https:\/\/bakirci.com\/ekipman\/"},{"@type":"ListItem","position":3,"name":"Boyay\u0131 Bozmadan \u00c7elik \u00c7ubuk ile D\u00fczeltme SistemiHBC SYSTEM (Born in DENMARK)System G51 Master"}]}]}},"_links":{"self":[{"href":"https:\/\/bakirci.com\/ekipman\/wp-json\/wp\/v2\/product\/4591","targetHints":{"allow":["GET"]}}],"collection":[{"href":"https:\/\/bakirci.com\/ekipman\/wp-json\/wp\/v2\/product"}],"about":[{"href":"https:\/\/bakirci.com\/ekipman\/wp-json\/wp\/v2\/types\/product"}],"replies":[{"embeddable":true,"href":"https:\/\/bakirci.com\/ekipman\/wp-json\/wp\/v2\/comments?post=4591"}],"wp:featuredmedia":[{"embeddable":true,"href":"https:\/\/bakirci.com\/ekipman\/wp-json\/wp\/v2\/media\/4739"}],"wp:attachment":[{"href":"https:\/\/bakirci.com\/ekipman\/wp-json\/wp\/v2\/media?parent=4591"}],"wp:term":[{"taxonomy":"product_cat","embeddable":true,"href":"https:\/\/bakirci.com\/ekipman\/wp-json\/wp\/v2\/product_cat?post=4591"},{"taxonomy":"product_tag","embeddable":true,"href":"https:\/\/bakirci.com\/ekipman\/wp-json\/wp\/v2\/product_tag?post=4591"}],"curies":[{"name":"wp","href":"https:\/\/api.w.org\/{rel}","templated":true}]}}