{"id":4586,"date":"2021-01-02T06:15:33","date_gmt":"2021-01-02T06:15:33","guid":{"rendered":"https:\/\/j6l.65c.myftpupload.com\/?post_type=product&#038;p=4586"},"modified":"2021-08-04T16:58:31","modified_gmt":"2021-08-04T16:58:31","slug":"on-cam-onarim-setihbc-system-born-in-denmarksystem-d-pro-g6","status":"publish","type":"product","link":"https:\/\/bakirci.com\/ekipman\/servis-ekipmanlari\/kaporta\/gocuk-duzeltme-ve-mini-onarim\/on-cam-onarim-setihbc-system-born-in-denmarksystem-d-pro-g6\/","title":{"rendered":"<p class=\"ustmetin\">\u00d6n Cam Onar\u0131m Seti<\/p><p class=\"ortametin\">HBC SYSTEM <span class=\"ortametin2\">(Born in DENMARK)<\/span><p class=\"altmetin\">System D-Pro G6<\/p>"},"content":{"rendered":"<ul>\n<li>\u00d6n Cam Onar\u0131m Seti &#8211; System D-Pro G6<\/li>\n<li>Profesyoneller i\u00e7in \u00f6n cam onar\u0131m sistemi<\/li>\n<li>Vakum ve b\u00fck\u00fcm bas\u0131nc\u0131 fonksiyonlu, patentli \u00f6n cam enjekt\u00f6r\u00fc sayesinde, pazar\u0131n en y\u00fcksek kalitede en h\u0131zl\u0131 \u00f6n cam onar\u0131m\u0131<\/li>\n<li>Tek itmeli vakum kab\u0131 ve \u00f6n cam re\u00e7inesi<\/li>\n<li>Sistem, profesyonel kalitede \u00f6n cam onar\u0131m\u0131 i\u00e7in gerekli olan t\u00fcm aparatlar\u0131 ve malzemeleri i\u00e7ermektedir<\/li>\n<\/ul>\n","protected":false},"excerpt":{"rendered":"<ul>\n<li>\u00d6n Cam Onar\u0131m Seti &#8211; System D-Pro G6<\/li>\n<li>Profesyoneller i\u00e7in \u00f6n cam onar\u0131m sistemi<\/li>\n<li>Vakum ve b\u00fck\u00fcm bas\u0131nc\u0131 fonksiyonlu, patentli \u00f6n cam enjekt\u00f6r\u00fc sayesinde, pazar\u0131n en y\u00fcksek kalitede en h\u0131zl\u0131 \u00f6n cam onar\u0131m\u0131<\/li>\n<li>Tek itmeli vakum kab\u0131 ve \u00f6n cam re\u00e7inesi<\/li>\n<li>Sistem, profesyonel kalitede \u00f6n cam onar\u0131m\u0131 i\u00e7in gerekli olan t\u00fcm aparatlar\u0131 ve malzemeleri i\u00e7ermektedir<\/li>\n<\/ul>\n","protected":false},"featured_media":4734,"comment_status":"closed","ping_status":"closed","template":"","meta":[],"product_cat":[173],"product_tag":[351],"class_list":["post-4586","product","type-product","status-publish","has-post-thumbnail","hentry","pwb-brand-hbc-system","product_cat-gocuk-duzeltme-ve-mini-onarim","product_tag-hbc-system"],"brands":[{"id":383,"name":"HBC SYSTEM","slug":"hbc-system"}],"yoast_head":"<!-- This site is optimized with the Yoast SEO plugin v17.1 - https:\/\/yoast.com\/wordpress\/plugins\/seo\/ -->\n<title>\u00d6n Cam Onar\u0131m SetiHBC SYSTEM (Born in DENMARK)System D-Pro G6 - Bak\u0131rc\u0131 Garagineering<\/title>\n<meta name=\"robots\" content=\"index, follow, max-snippet:-1, max-image-preview:large, max-video-preview:-1\" \/>\n<link rel=\"canonical\" href=\"https:\/\/bakirci.com\/ekipman\/servis-ekipmanlari\/kaporta\/gocuk-duzeltme-ve-mini-onarim\/on-cam-onarim-setihbc-system-born-in-denmarksystem-d-pro-g6\/\" \/>\n<meta property=\"og:locale\" content=\"tr_TR\" \/>\n<meta property=\"og:type\" content=\"article\" \/>\n<meta property=\"og:title\" content=\"\u00d6n Cam Onar\u0131m SetiHBC SYSTEM (Born in DENMARK)System D-Pro G6 - Bak\u0131rc\u0131 Garagineering\" \/>\n<meta property=\"og:description\" content=\"\u00d6n Cam Onar\u0131m Seti - System D-Pro G6  Profesyoneller i\u00e7in \u00f6n cam onar\u0131m sistemi  Vakum ve b\u00fck\u00fcm bas\u0131nc\u0131 fonksiyonlu, patentli \u00f6n cam enjekt\u00f6r\u00fc sayesinde, pazar\u0131n en y\u00fcksek kalitede en h\u0131zl\u0131 \u00f6n cam onar\u0131m\u0131  Tek itmeli vakum kab\u0131 ve \u00f6n cam re\u00e7inesi  Sistem, profesyonel kalitede \u00f6n cam onar\u0131m\u0131 i\u00e7in gerekli olan t\u00fcm aparatlar\u0131 ve malzemeleri i\u00e7ermektedir\" \/>\n<meta property=\"og:url\" content=\"https:\/\/bakirci.com\/ekipman\/servis-ekipmanlari\/kaporta\/gocuk-duzeltme-ve-mini-onarim\/on-cam-onarim-setihbc-system-born-in-denmarksystem-d-pro-g6\/\" \/>\n<meta property=\"og:site_name\" content=\"Bak\u0131rc\u0131 Garagineering\" \/>\n<meta property=\"article:publisher\" content=\"https:\/\/www.facebook.com\/bakirci.garagineering\" \/>\n<meta property=\"article:modified_time\" content=\"2021-08-04T16:58:31+00:00\" \/>\n<meta property=\"og:image\" content=\"http:\/\/j6l.65c.myftpupload.com\/wp-content\/uploads\/2021\/06\/System-D-Pro-G6.png\" \/>\n\t<meta property=\"og:image:width\" content=\"1200\" \/>\n\t<meta property=\"og:image:height\" content=\"1220\" \/>\n<meta name=\"twitter:card\" content=\"summary_large_image\" \/>\n<meta name=\"twitter:label1\" content=\"Tahmini okuma s\u00fcresi\" \/>\n\t<meta name=\"twitter:data1\" content=\"1 dakika\" \/>\n<script type=\"application\/ld+json\" class=\"yoast-schema-graph\">{\"@context\":\"https:\/\/schema.org\",\"@graph\":[{\"@type\":\"Organization\",\"@id\":\"https:\/\/bakirci.com\/ekipman\/#organization\",\"name\":\"Bak\\u0131rc\\u0131 garagineering\",\"url\":\"https:\/\/bakirci.com\/ekipman\/\",\"sameAs\":[\"https:\/\/www.facebook.com\/bakirci.garagineering\",\"https:\/\/www.instagram.com\/bakirci.garagineering\/\",\"https:\/\/www.linkedin.com\/company\/bakirci-garagineering\/\",\"https:\/\/www.youtube.com\/channel\/UCiVG6s_jALJ6Zk8085XiOQg\"],\"logo\":{\"@type\":\"ImageObject\",\"@id\":\"https:\/\/bakirci.com\/ekipman\/#logo\",\"inLanguage\":\"tr\",\"url\":\"https:\/\/bakirci.com\/ekipman\/wp-content\/uploads\/2021\/09\/Bakirci-logo-lacivert.png\",\"contentUrl\":\"https:\/\/bakirci.com\/ekipman\/wp-content\/uploads\/2021\/09\/Bakirci-logo-lacivert.png\",\"width\":501,\"height\":501,\"caption\":\"Bak\\u0131rc\\u0131 garagineering\"},\"image\":{\"@id\":\"https:\/\/bakirci.com\/ekipman\/#logo\"}},{\"@type\":\"WebSite\",\"@id\":\"https:\/\/bakirci.com\/ekipman\/#website\",\"url\":\"https:\/\/bakirci.com\/ekipman\/\",\"name\":\"Bak\\u0131rc\\u0131 Garagineering\",\"description\":\"Otomotiv sekt\\u00f6r\\u00fcne \\u00f6zel, \\u201c\\u00dcretici Standard\\u0131nda\\u201d \\u00e7\\u00f6z\\u00fcmler\\u2026\",\"publisher\":{\"@id\":\"https:\/\/bakirci.com\/ekipman\/#organization\"},\"potentialAction\":[{\"@type\":\"SearchAction\",\"target\":{\"@type\":\"EntryPoint\",\"urlTemplate\":\"https:\/\/bakirci.com\/ekipman\/?s={search_term_string}\"},\"query-input\":\"required name=search_term_string\"}],\"inLanguage\":\"tr\"},{\"@type\":\"ImageObject\",\"@id\":\"https:\/\/bakirci.com\/ekipman\/servis-ekipmanlari\/kaporta\/gocuk-duzeltme-ve-mini-onarim\/on-cam-onarim-setihbc-system-born-in-denmarksystem-d-pro-g6\/#primaryimage\",\"inLanguage\":\"tr\",\"url\":\"https:\/\/bakirci.com\/ekipman\/wp-content\/uploads\/2021\/06\/System-D-Pro-G6.png\",\"contentUrl\":\"https:\/\/bakirci.com\/ekipman\/wp-content\/uploads\/2021\/06\/System-D-Pro-G6.png\",\"width\":1200,\"height\":1220},{\"@type\":\"WebPage\",\"@id\":\"https:\/\/bakirci.com\/ekipman\/servis-ekipmanlari\/kaporta\/gocuk-duzeltme-ve-mini-onarim\/on-cam-onarim-setihbc-system-born-in-denmarksystem-d-pro-g6\/#webpage\",\"url\":\"https:\/\/bakirci.com\/ekipman\/servis-ekipmanlari\/kaporta\/gocuk-duzeltme-ve-mini-onarim\/on-cam-onarim-setihbc-system-born-in-denmarksystem-d-pro-g6\/\",\"name\":\"\\u00d6n Cam Onar\\u0131m Seti HBC SYSTEM (Born in DENMARK)System D-Pro G6 - Bak\\u0131rc\\u0131 Garagineering\",\"isPartOf\":{\"@id\":\"https:\/\/bakirci.com\/ekipman\/#website\"},\"primaryImageOfPage\":{\"@id\":\"https:\/\/bakirci.com\/ekipman\/servis-ekipmanlari\/kaporta\/gocuk-duzeltme-ve-mini-onarim\/on-cam-onarim-setihbc-system-born-in-denmarksystem-d-pro-g6\/#primaryimage\"},\"datePublished\":\"2021-01-02T06:15:33+00:00\",\"dateModified\":\"2021-08-04T16:58:31+00:00\",\"breadcrumb\":{\"@id\":\"https:\/\/bakirci.com\/ekipman\/servis-ekipmanlari\/kaporta\/gocuk-duzeltme-ve-mini-onarim\/on-cam-onarim-setihbc-system-born-in-denmarksystem-d-pro-g6\/#breadcrumb\"},\"inLanguage\":\"tr\",\"potentialAction\":[{\"@type\":\"ReadAction\",\"target\":[\"https:\/\/bakirci.com\/ekipman\/servis-ekipmanlari\/kaporta\/gocuk-duzeltme-ve-mini-onarim\/on-cam-onarim-setihbc-system-born-in-denmarksystem-d-pro-g6\/\"]}]},{\"@type\":\"BreadcrumbList\",\"@id\":\"https:\/\/bakirci.com\/ekipman\/servis-ekipmanlari\/kaporta\/gocuk-duzeltme-ve-mini-onarim\/on-cam-onarim-setihbc-system-born-in-denmarksystem-d-pro-g6\/#breadcrumb\",\"itemListElement\":[{\"@type\":\"ListItem\",\"position\":1,\"name\":\"Ekipman\",\"item\":\"https:\/\/bakirci.com\/ekipman\/\"},{\"@type\":\"ListItem\",\"position\":2,\"name\":\"Otomotiv Tesisleri \\u0130\\u00e7in Servis Ekipmanlar\\u0131\",\"item\":\"https:\/\/bakirci.com\/ekipman\/\"},{\"@type\":\"ListItem\",\"position\":3,\"name\":\"\\u00d6n Cam Onar\\u0131m SetiHBC SYSTEM (Born in DENMARK)System D-Pro G6\"}]}]}<\/script>\n<!-- \/ Yoast SEO plugin. -->","yoast_head_json":{"title":"\u00d6n Cam Onar\u0131m SetiHBC SYSTEM (Born in DENMARK)System D-Pro G6 - Bak\u0131rc\u0131 Garagineering","robots":{"index":"index","follow":"follow","max-snippet":"max-snippet:-1","max-image-preview":"max-image-preview:large","max-video-preview":"max-video-preview:-1"},"canonical":"https:\/\/bakirci.com\/ekipman\/servis-ekipmanlari\/kaporta\/gocuk-duzeltme-ve-mini-onarim\/on-cam-onarim-setihbc-system-born-in-denmarksystem-d-pro-g6\/","og_locale":"tr_TR","og_type":"article","og_title":"\u00d6n Cam Onar\u0131m SetiHBC SYSTEM (Born in DENMARK)System D-Pro G6 - Bak\u0131rc\u0131 Garagineering","og_description":"\u00d6n Cam Onar\u0131m Seti - System D-Pro G6  Profesyoneller i\u00e7in \u00f6n cam onar\u0131m sistemi  Vakum ve b\u00fck\u00fcm bas\u0131nc\u0131 fonksiyonlu, patentli \u00f6n cam enjekt\u00f6r\u00fc sayesinde, pazar\u0131n en y\u00fcksek kalitede en h\u0131zl\u0131 \u00f6n cam onar\u0131m\u0131  Tek itmeli vakum kab\u0131 ve \u00f6n cam re\u00e7inesi  Sistem, profesyonel kalitede \u00f6n cam onar\u0131m\u0131 i\u00e7in gerekli olan t\u00fcm aparatlar\u0131 ve malzemeleri i\u00e7ermektedir","og_url":"https:\/\/bakirci.com\/ekipman\/servis-ekipmanlari\/kaporta\/gocuk-duzeltme-ve-mini-onarim\/on-cam-onarim-setihbc-system-born-in-denmarksystem-d-pro-g6\/","og_site_name":"Bak\u0131rc\u0131 Garagineering","article_publisher":"https:\/\/www.facebook.com\/bakirci.garagineering","article_modified_time":"2021-08-04T16:58:31+00:00","og_image":[{"width":1200,"height":1220,"url":"http:\/\/j6l.65c.myftpupload.com\/wp-content\/uploads\/2021\/06\/System-D-Pro-G6.png","path":"\/var\/www\/wp-content\/uploads\/2021\/06\/System-D-Pro-G6.png","size":"full","id":4734,"alt":"","pixels":1464000,"type":"image\/png"}],"twitter_card":"summary_large_image","twitter_misc":{"Tahmini okuma s\u00fcresi":"1 dakika"},"schema":{"@context":"https:\/\/schema.org","@graph":[{"@type":"Organization","@id":"https:\/\/bakirci.com\/ekipman\/#organization","name":"Bak\u0131rc\u0131 garagineering","url":"https:\/\/bakirci.com\/ekipman\/","sameAs":["https:\/\/www.facebook.com\/bakirci.garagineering","https:\/\/www.instagram.com\/bakirci.garagineering\/","https:\/\/www.linkedin.com\/company\/bakirci-garagineering\/","https:\/\/www.youtube.com\/channel\/UCiVG6s_jALJ6Zk8085XiOQg"],"logo":{"@type":"ImageObject","@id":"https:\/\/bakirci.com\/ekipman\/#logo","inLanguage":"tr","url":"https:\/\/bakirci.com\/ekipman\/wp-content\/uploads\/2021\/09\/Bakirci-logo-lacivert.png","contentUrl":"https:\/\/bakirci.com\/ekipman\/wp-content\/uploads\/2021\/09\/Bakirci-logo-lacivert.png","width":501,"height":501,"caption":"Bak\u0131rc\u0131 garagineering"},"image":{"@id":"https:\/\/bakirci.com\/ekipman\/#logo"}},{"@type":"WebSite","@id":"https:\/\/bakirci.com\/ekipman\/#website","url":"https:\/\/bakirci.com\/ekipman\/","name":"Bak\u0131rc\u0131 Garagineering","description":"Otomotiv sekt\u00f6r\u00fcne \u00f6zel, \u201c\u00dcretici Standard\u0131nda\u201d \u00e7\u00f6z\u00fcmler\u2026","publisher":{"@id":"https:\/\/bakirci.com\/ekipman\/#organization"},"potentialAction":[{"@type":"SearchAction","target":{"@type":"EntryPoint","urlTemplate":"https:\/\/bakirci.com\/ekipman\/?s={search_term_string}"},"query-input":"required name=search_term_string"}],"inLanguage":"tr"},{"@type":"ImageObject","@id":"https:\/\/bakirci.com\/ekipman\/servis-ekipmanlari\/kaporta\/gocuk-duzeltme-ve-mini-onarim\/on-cam-onarim-setihbc-system-born-in-denmarksystem-d-pro-g6\/#primaryimage","inLanguage":"tr","url":"https:\/\/bakirci.com\/ekipman\/wp-content\/uploads\/2021\/06\/System-D-Pro-G6.png","contentUrl":"https:\/\/bakirci.com\/ekipman\/wp-content\/uploads\/2021\/06\/System-D-Pro-G6.png","width":1200,"height":1220},{"@type":"WebPage","@id":"https:\/\/bakirci.com\/ekipman\/servis-ekipmanlari\/kaporta\/gocuk-duzeltme-ve-mini-onarim\/on-cam-onarim-setihbc-system-born-in-denmarksystem-d-pro-g6\/#webpage","url":"https:\/\/bakirci.com\/ekipman\/servis-ekipmanlari\/kaporta\/gocuk-duzeltme-ve-mini-onarim\/on-cam-onarim-setihbc-system-born-in-denmarksystem-d-pro-g6\/","name":"\u00d6n Cam Onar\u0131m Seti HBC SYSTEM (Born in DENMARK)System D-Pro G6 - Bak\u0131rc\u0131 Garagineering","isPartOf":{"@id":"https:\/\/bakirci.com\/ekipman\/#website"},"primaryImageOfPage":{"@id":"https:\/\/bakirci.com\/ekipman\/servis-ekipmanlari\/kaporta\/gocuk-duzeltme-ve-mini-onarim\/on-cam-onarim-setihbc-system-born-in-denmarksystem-d-pro-g6\/#primaryimage"},"datePublished":"2021-01-02T06:15:33+00:00","dateModified":"2021-08-04T16:58:31+00:00","breadcrumb":{"@id":"https:\/\/bakirci.com\/ekipman\/servis-ekipmanlari\/kaporta\/gocuk-duzeltme-ve-mini-onarim\/on-cam-onarim-setihbc-system-born-in-denmarksystem-d-pro-g6\/#breadcrumb"},"inLanguage":"tr","potentialAction":[{"@type":"ReadAction","target":["https:\/\/bakirci.com\/ekipman\/servis-ekipmanlari\/kaporta\/gocuk-duzeltme-ve-mini-onarim\/on-cam-onarim-setihbc-system-born-in-denmarksystem-d-pro-g6\/"]}]},{"@type":"BreadcrumbList","@id":"https:\/\/bakirci.com\/ekipman\/servis-ekipmanlari\/kaporta\/gocuk-duzeltme-ve-mini-onarim\/on-cam-onarim-setihbc-system-born-in-denmarksystem-d-pro-g6\/#breadcrumb","itemListElement":[{"@type":"ListItem","position":1,"name":"Ekipman","item":"https:\/\/bakirci.com\/ekipman\/"},{"@type":"ListItem","position":2,"name":"Otomotiv Tesisleri \u0130\u00e7in Servis Ekipmanlar\u0131","item":"https:\/\/bakirci.com\/ekipman\/"},{"@type":"ListItem","position":3,"name":"\u00d6n Cam Onar\u0131m SetiHBC SYSTEM (Born in DENMARK)System D-Pro G6"}]}]}},"_links":{"self":[{"href":"https:\/\/bakirci.com\/ekipman\/wp-json\/wp\/v2\/product\/4586","targetHints":{"allow":["GET"]}}],"collection":[{"href":"https:\/\/bakirci.com\/ekipman\/wp-json\/wp\/v2\/product"}],"about":[{"href":"https:\/\/bakirci.com\/ekipman\/wp-json\/wp\/v2\/types\/product"}],"replies":[{"embeddable":true,"href":"https:\/\/bakirci.com\/ekipman\/wp-json\/wp\/v2\/comments?post=4586"}],"wp:featuredmedia":[{"embeddable":true,"href":"https:\/\/bakirci.com\/ekipman\/wp-json\/wp\/v2\/media\/4734"}],"wp:attachment":[{"href":"https:\/\/bakirci.com\/ekipman\/wp-json\/wp\/v2\/media?parent=4586"}],"wp:term":[{"taxonomy":"product_cat","embeddable":true,"href":"https:\/\/bakirci.com\/ekipman\/wp-json\/wp\/v2\/product_cat?post=4586"},{"taxonomy":"product_tag","embeddable":true,"href":"https:\/\/bakirci.com\/ekipman\/wp-json\/wp\/v2\/product_tag?post=4586"}],"curies":[{"name":"wp","href":"https:\/\/api.w.org\/{rel}","templated":true}]}}