{"id":4582,"date":"2021-01-02T06:35:32","date_gmt":"2021-01-02T06:35:32","guid":{"rendered":"https:\/\/j6l.65c.myftpupload.com\/?post_type=product&#038;p=4582"},"modified":"2021-08-04T16:57:04","modified_gmt":"2021-08-04T16:57:04","slug":"havali-polikarbon-far-temizleme-setigys-born-in-france","status":"publish","type":"product","link":"https:\/\/bakirci.com\/ekipman\/servis-ekipmanlari\/kaporta\/gocuk-duzeltme-ve-mini-onarim\/havali-polikarbon-far-temizleme-setigys-born-in-france\/","title":{"rendered":"<p class=\"ustmetin\">Haval\u0131 Polikarbon Far Temizleme Seti<\/p><p class=\"ortametin\">GYS <span class=\"ortametin2\">(Born in FRANCE)<\/span><p class=\"altmetin\"><\/p>"},"content":{"rendered":"<ul>\n<li>Haval\u0131 Polikarbon Far Temizleme Seti<\/li>\n<li>Sararm\u0131\u015f renksiz polikarbon farlar\u0131 kolay ve h\u0131zl\u0131 temizler<\/li>\n<li>D\u00fc\u015f\u00fck ve y\u00fcksek h\u0131z ayar\u0131na sahip haval\u0131 z\u0131mpara makinesi<\/li>\n<li>Fardaki sararmay\u0131 ve \u00e7izikleri almak i\u00e7in P500, P800, P1500, P3000 z\u0131mparalar<\/li>\n<li>Z\u0131mparalar\u0131 kullanmak i\u00e7in \u00f6zel c\u0131rtl\u0131 taban<\/li>\n<li>Farlar\u0131 parlatmak i\u00e7in \u00f6zel cila ve s\u00fcnger<\/li>\n<li>Plastik ta\u015f\u0131ma \u00e7antas\u0131 ile birlikte<\/li>\n<\/ul>\n","protected":false},"excerpt":{"rendered":"<ul>\n<li>Haval\u0131 Polikarbon Far Temizleme Seti<\/li>\n<li>Sararm\u0131\u015f renksiz polikarbon farlar\u0131 kolay ve h\u0131zl\u0131 temizler<\/li>\n<li>D\u00fc\u015f\u00fck ve y\u00fcksek h\u0131z ayar\u0131na sahip haval\u0131 z\u0131mpara makinesi<\/li>\n<li>Fardaki sararmay\u0131 ve \u00e7izikleri almak i\u00e7in P500, P800, P1500, P3000 z\u0131mparalar<\/li>\n<li>Z\u0131mparalar\u0131 kullanmak i\u00e7in \u00f6zel c\u0131rtl\u0131 taban<\/li>\n<li>Farlar\u0131 parlatmak i\u00e7in \u00f6zel cila ve s\u00fcnger<\/li>\n<li>Plastik ta\u015f\u0131ma \u00e7antas\u0131 ile birlikte<\/li>\n<\/ul>\n","protected":false},"featured_media":4730,"comment_status":"closed","ping_status":"closed","template":"","meta":[],"product_cat":[173],"product_tag":[346],"class_list":["post-4582","product","type-product","status-publish","has-post-thumbnail","hentry","pwb-brand-gys","product_cat-gocuk-duzeltme-ve-mini-onarim","product_tag-gys"],"brands":[{"id":378,"name":"GYS","slug":"gys"}],"yoast_head":"<!-- This site is optimized with the Yoast SEO plugin v17.1 - https:\/\/yoast.com\/wordpress\/plugins\/seo\/ -->\n<title>Haval\u0131 Polikarbon Far Temizleme SetiGYS (Born in FRANCE) - Bak\u0131rc\u0131 Garagineering<\/title>\n<meta name=\"robots\" content=\"index, follow, max-snippet:-1, max-image-preview:large, max-video-preview:-1\" \/>\n<link rel=\"canonical\" href=\"https:\/\/bakirci.com\/ekipman\/servis-ekipmanlari\/kaporta\/gocuk-duzeltme-ve-mini-onarim\/havali-polikarbon-far-temizleme-setigys-born-in-france\/\" \/>\n<meta property=\"og:locale\" content=\"tr_TR\" \/>\n<meta property=\"og:type\" content=\"article\" \/>\n<meta property=\"og:title\" content=\"Haval\u0131 Polikarbon Far Temizleme SetiGYS (Born in FRANCE) - Bak\u0131rc\u0131 Garagineering\" \/>\n<meta property=\"og:description\" content=\"Haval\u0131 Polikarbon Far Temizleme Seti  Sararm\u0131\u015f renksiz polikarbon farlar\u0131 kolay ve h\u0131zl\u0131 temizler  D\u00fc\u015f\u00fck ve y\u00fcksek h\u0131z ayar\u0131na sahip haval\u0131 z\u0131mpara makinesi  Fardaki sararmay\u0131 ve \u00e7izikleri almak i\u00e7in P500, P800, P1500, P3000 z\u0131mparalar  Z\u0131mparalar\u0131 kullanmak i\u00e7in \u00f6zel c\u0131rtl\u0131 taban  Farlar\u0131 parlatmak i\u00e7in \u00f6zel cila ve s\u00fcnger  Plastik ta\u015f\u0131ma \u00e7antas\u0131 ile birlikte\" \/>\n<meta property=\"og:url\" content=\"https:\/\/bakirci.com\/ekipman\/servis-ekipmanlari\/kaporta\/gocuk-duzeltme-ve-mini-onarim\/havali-polikarbon-far-temizleme-setigys-born-in-france\/\" \/>\n<meta property=\"og:site_name\" content=\"Bak\u0131rc\u0131 Garagineering\" \/>\n<meta property=\"article:publisher\" content=\"https:\/\/www.facebook.com\/bakirci.garagineering\" \/>\n<meta property=\"article:modified_time\" content=\"2021-08-04T16:57:04+00:00\" \/>\n<meta property=\"og:image\" content=\"http:\/\/j6l.65c.myftpupload.com\/wp-content\/uploads\/2021\/06\/Havali-Polikarbon-Far-Temizleme-Seti.png\" \/>\n\t<meta property=\"og:image:width\" content=\"1007\" \/>\n\t<meta property=\"og:image:height\" content=\"1025\" \/>\n<meta name=\"twitter:card\" content=\"summary_large_image\" \/>\n<meta name=\"twitter:label1\" content=\"Tahmini okuma s\u00fcresi\" \/>\n\t<meta name=\"twitter:data1\" content=\"1 dakika\" \/>\n<script type=\"application\/ld+json\" class=\"yoast-schema-graph\">{\"@context\":\"https:\/\/schema.org\",\"@graph\":[{\"@type\":\"Organization\",\"@id\":\"https:\/\/bakirci.com\/ekipman\/#organization\",\"name\":\"Bak\\u0131rc\\u0131 garagineering\",\"url\":\"https:\/\/bakirci.com\/ekipman\/\",\"sameAs\":[\"https:\/\/www.facebook.com\/bakirci.garagineering\",\"https:\/\/www.instagram.com\/bakirci.garagineering\/\",\"https:\/\/www.linkedin.com\/company\/bakirci-garagineering\/\",\"https:\/\/www.youtube.com\/channel\/UCiVG6s_jALJ6Zk8085XiOQg\"],\"logo\":{\"@type\":\"ImageObject\",\"@id\":\"https:\/\/bakirci.com\/ekipman\/#logo\",\"inLanguage\":\"tr\",\"url\":\"https:\/\/bakirci.com\/ekipman\/wp-content\/uploads\/2021\/09\/Bakirci-logo-lacivert.png\",\"contentUrl\":\"https:\/\/bakirci.com\/ekipman\/wp-content\/uploads\/2021\/09\/Bakirci-logo-lacivert.png\",\"width\":501,\"height\":501,\"caption\":\"Bak\\u0131rc\\u0131 garagineering\"},\"image\":{\"@id\":\"https:\/\/bakirci.com\/ekipman\/#logo\"}},{\"@type\":\"WebSite\",\"@id\":\"https:\/\/bakirci.com\/ekipman\/#website\",\"url\":\"https:\/\/bakirci.com\/ekipman\/\",\"name\":\"Bak\\u0131rc\\u0131 Garagineering\",\"description\":\"Otomotiv sekt\\u00f6r\\u00fcne \\u00f6zel, \\u201c\\u00dcretici Standard\\u0131nda\\u201d \\u00e7\\u00f6z\\u00fcmler\\u2026\",\"publisher\":{\"@id\":\"https:\/\/bakirci.com\/ekipman\/#organization\"},\"potentialAction\":[{\"@type\":\"SearchAction\",\"target\":{\"@type\":\"EntryPoint\",\"urlTemplate\":\"https:\/\/bakirci.com\/ekipman\/?s={search_term_string}\"},\"query-input\":\"required name=search_term_string\"}],\"inLanguage\":\"tr\"},{\"@type\":\"ImageObject\",\"@id\":\"https:\/\/bakirci.com\/ekipman\/servis-ekipmanlari\/kaporta\/gocuk-duzeltme-ve-mini-onarim\/havali-polikarbon-far-temizleme-setigys-born-in-france\/#primaryimage\",\"inLanguage\":\"tr\",\"url\":\"https:\/\/bakirci.com\/ekipman\/wp-content\/uploads\/2021\/06\/Havali-Polikarbon-Far-Temizleme-Seti.png\",\"contentUrl\":\"https:\/\/bakirci.com\/ekipman\/wp-content\/uploads\/2021\/06\/Havali-Polikarbon-Far-Temizleme-Seti.png\",\"width\":1007,\"height\":1025},{\"@type\":\"WebPage\",\"@id\":\"https:\/\/bakirci.com\/ekipman\/servis-ekipmanlari\/kaporta\/gocuk-duzeltme-ve-mini-onarim\/havali-polikarbon-far-temizleme-setigys-born-in-france\/#webpage\",\"url\":\"https:\/\/bakirci.com\/ekipman\/servis-ekipmanlari\/kaporta\/gocuk-duzeltme-ve-mini-onarim\/havali-polikarbon-far-temizleme-setigys-born-in-france\/\",\"name\":\"Haval\\u0131 Polikarbon Far Temizleme Seti GYS (Born in FRANCE) - Bak\\u0131rc\\u0131 Garagineering\",\"isPartOf\":{\"@id\":\"https:\/\/bakirci.com\/ekipman\/#website\"},\"primaryImageOfPage\":{\"@id\":\"https:\/\/bakirci.com\/ekipman\/servis-ekipmanlari\/kaporta\/gocuk-duzeltme-ve-mini-onarim\/havali-polikarbon-far-temizleme-setigys-born-in-france\/#primaryimage\"},\"datePublished\":\"2021-01-02T06:35:32+00:00\",\"dateModified\":\"2021-08-04T16:57:04+00:00\",\"breadcrumb\":{\"@id\":\"https:\/\/bakirci.com\/ekipman\/servis-ekipmanlari\/kaporta\/gocuk-duzeltme-ve-mini-onarim\/havali-polikarbon-far-temizleme-setigys-born-in-france\/#breadcrumb\"},\"inLanguage\":\"tr\",\"potentialAction\":[{\"@type\":\"ReadAction\",\"target\":[\"https:\/\/bakirci.com\/ekipman\/servis-ekipmanlari\/kaporta\/gocuk-duzeltme-ve-mini-onarim\/havali-polikarbon-far-temizleme-setigys-born-in-france\/\"]}]},{\"@type\":\"BreadcrumbList\",\"@id\":\"https:\/\/bakirci.com\/ekipman\/servis-ekipmanlari\/kaporta\/gocuk-duzeltme-ve-mini-onarim\/havali-polikarbon-far-temizleme-setigys-born-in-france\/#breadcrumb\",\"itemListElement\":[{\"@type\":\"ListItem\",\"position\":1,\"name\":\"Ekipman\",\"item\":\"https:\/\/bakirci.com\/ekipman\/\"},{\"@type\":\"ListItem\",\"position\":2,\"name\":\"Otomotiv Tesisleri \\u0130\\u00e7in Servis Ekipmanlar\\u0131\",\"item\":\"https:\/\/bakirci.com\/ekipman\/\"},{\"@type\":\"ListItem\",\"position\":3,\"name\":\"Haval\\u0131 Polikarbon Far Temizleme SetiGYS (Born in FRANCE)\"}]}]}<\/script>\n<!-- \/ Yoast SEO plugin. -->","yoast_head_json":{"title":"Haval\u0131 Polikarbon Far Temizleme SetiGYS (Born in FRANCE) - Bak\u0131rc\u0131 Garagineering","robots":{"index":"index","follow":"follow","max-snippet":"max-snippet:-1","max-image-preview":"max-image-preview:large","max-video-preview":"max-video-preview:-1"},"canonical":"https:\/\/bakirci.com\/ekipman\/servis-ekipmanlari\/kaporta\/gocuk-duzeltme-ve-mini-onarim\/havali-polikarbon-far-temizleme-setigys-born-in-france\/","og_locale":"tr_TR","og_type":"article","og_title":"Haval\u0131 Polikarbon Far Temizleme SetiGYS (Born in FRANCE) - Bak\u0131rc\u0131 Garagineering","og_description":"Haval\u0131 Polikarbon Far Temizleme Seti  Sararm\u0131\u015f renksiz polikarbon farlar\u0131 kolay ve h\u0131zl\u0131 temizler  D\u00fc\u015f\u00fck ve y\u00fcksek h\u0131z ayar\u0131na sahip haval\u0131 z\u0131mpara makinesi  Fardaki sararmay\u0131 ve \u00e7izikleri almak i\u00e7in P500, P800, P1500, P3000 z\u0131mparalar  Z\u0131mparalar\u0131 kullanmak i\u00e7in \u00f6zel c\u0131rtl\u0131 taban  Farlar\u0131 parlatmak i\u00e7in \u00f6zel cila ve s\u00fcnger  Plastik ta\u015f\u0131ma \u00e7antas\u0131 ile birlikte","og_url":"https:\/\/bakirci.com\/ekipman\/servis-ekipmanlari\/kaporta\/gocuk-duzeltme-ve-mini-onarim\/havali-polikarbon-far-temizleme-setigys-born-in-france\/","og_site_name":"Bak\u0131rc\u0131 Garagineering","article_publisher":"https:\/\/www.facebook.com\/bakirci.garagineering","article_modified_time":"2021-08-04T16:57:04+00:00","og_image":[{"width":1007,"height":1025,"url":"http:\/\/j6l.65c.myftpupload.com\/wp-content\/uploads\/2021\/06\/Havali-Polikarbon-Far-Temizleme-Seti.png","path":"\/var\/www\/wp-content\/uploads\/2021\/06\/Havali-Polikarbon-Far-Temizleme-Seti.png","size":"full","id":4730,"alt":"","pixels":1032175,"type":"image\/png"}],"twitter_card":"summary_large_image","twitter_misc":{"Tahmini okuma s\u00fcresi":"1 dakika"},"schema":{"@context":"https:\/\/schema.org","@graph":[{"@type":"Organization","@id":"https:\/\/bakirci.com\/ekipman\/#organization","name":"Bak\u0131rc\u0131 garagineering","url":"https:\/\/bakirci.com\/ekipman\/","sameAs":["https:\/\/www.facebook.com\/bakirci.garagineering","https:\/\/www.instagram.com\/bakirci.garagineering\/","https:\/\/www.linkedin.com\/company\/bakirci-garagineering\/","https:\/\/www.youtube.com\/channel\/UCiVG6s_jALJ6Zk8085XiOQg"],"logo":{"@type":"ImageObject","@id":"https:\/\/bakirci.com\/ekipman\/#logo","inLanguage":"tr","url":"https:\/\/bakirci.com\/ekipman\/wp-content\/uploads\/2021\/09\/Bakirci-logo-lacivert.png","contentUrl":"https:\/\/bakirci.com\/ekipman\/wp-content\/uploads\/2021\/09\/Bakirci-logo-lacivert.png","width":501,"height":501,"caption":"Bak\u0131rc\u0131 garagineering"},"image":{"@id":"https:\/\/bakirci.com\/ekipman\/#logo"}},{"@type":"WebSite","@id":"https:\/\/bakirci.com\/ekipman\/#website","url":"https:\/\/bakirci.com\/ekipman\/","name":"Bak\u0131rc\u0131 Garagineering","description":"Otomotiv sekt\u00f6r\u00fcne \u00f6zel, \u201c\u00dcretici Standard\u0131nda\u201d \u00e7\u00f6z\u00fcmler\u2026","publisher":{"@id":"https:\/\/bakirci.com\/ekipman\/#organization"},"potentialAction":[{"@type":"SearchAction","target":{"@type":"EntryPoint","urlTemplate":"https:\/\/bakirci.com\/ekipman\/?s={search_term_string}"},"query-input":"required name=search_term_string"}],"inLanguage":"tr"},{"@type":"ImageObject","@id":"https:\/\/bakirci.com\/ekipman\/servis-ekipmanlari\/kaporta\/gocuk-duzeltme-ve-mini-onarim\/havali-polikarbon-far-temizleme-setigys-born-in-france\/#primaryimage","inLanguage":"tr","url":"https:\/\/bakirci.com\/ekipman\/wp-content\/uploads\/2021\/06\/Havali-Polikarbon-Far-Temizleme-Seti.png","contentUrl":"https:\/\/bakirci.com\/ekipman\/wp-content\/uploads\/2021\/06\/Havali-Polikarbon-Far-Temizleme-Seti.png","width":1007,"height":1025},{"@type":"WebPage","@id":"https:\/\/bakirci.com\/ekipman\/servis-ekipmanlari\/kaporta\/gocuk-duzeltme-ve-mini-onarim\/havali-polikarbon-far-temizleme-setigys-born-in-france\/#webpage","url":"https:\/\/bakirci.com\/ekipman\/servis-ekipmanlari\/kaporta\/gocuk-duzeltme-ve-mini-onarim\/havali-polikarbon-far-temizleme-setigys-born-in-france\/","name":"Haval\u0131 Polikarbon Far Temizleme Seti GYS (Born in FRANCE) - Bak\u0131rc\u0131 Garagineering","isPartOf":{"@id":"https:\/\/bakirci.com\/ekipman\/#website"},"primaryImageOfPage":{"@id":"https:\/\/bakirci.com\/ekipman\/servis-ekipmanlari\/kaporta\/gocuk-duzeltme-ve-mini-onarim\/havali-polikarbon-far-temizleme-setigys-born-in-france\/#primaryimage"},"datePublished":"2021-01-02T06:35:32+00:00","dateModified":"2021-08-04T16:57:04+00:00","breadcrumb":{"@id":"https:\/\/bakirci.com\/ekipman\/servis-ekipmanlari\/kaporta\/gocuk-duzeltme-ve-mini-onarim\/havali-polikarbon-far-temizleme-setigys-born-in-france\/#breadcrumb"},"inLanguage":"tr","potentialAction":[{"@type":"ReadAction","target":["https:\/\/bakirci.com\/ekipman\/servis-ekipmanlari\/kaporta\/gocuk-duzeltme-ve-mini-onarim\/havali-polikarbon-far-temizleme-setigys-born-in-france\/"]}]},{"@type":"BreadcrumbList","@id":"https:\/\/bakirci.com\/ekipman\/servis-ekipmanlari\/kaporta\/gocuk-duzeltme-ve-mini-onarim\/havali-polikarbon-far-temizleme-setigys-born-in-france\/#breadcrumb","itemListElement":[{"@type":"ListItem","position":1,"name":"Ekipman","item":"https:\/\/bakirci.com\/ekipman\/"},{"@type":"ListItem","position":2,"name":"Otomotiv Tesisleri \u0130\u00e7in Servis Ekipmanlar\u0131","item":"https:\/\/bakirci.com\/ekipman\/"},{"@type":"ListItem","position":3,"name":"Haval\u0131 Polikarbon Far Temizleme SetiGYS (Born in FRANCE)"}]}]}},"_links":{"self":[{"href":"https:\/\/bakirci.com\/ekipman\/wp-json\/wp\/v2\/product\/4582","targetHints":{"allow":["GET"]}}],"collection":[{"href":"https:\/\/bakirci.com\/ekipman\/wp-json\/wp\/v2\/product"}],"about":[{"href":"https:\/\/bakirci.com\/ekipman\/wp-json\/wp\/v2\/types\/product"}],"replies":[{"embeddable":true,"href":"https:\/\/bakirci.com\/ekipman\/wp-json\/wp\/v2\/comments?post=4582"}],"wp:featuredmedia":[{"embeddable":true,"href":"https:\/\/bakirci.com\/ekipman\/wp-json\/wp\/v2\/media\/4730"}],"wp:attachment":[{"href":"https:\/\/bakirci.com\/ekipman\/wp-json\/wp\/v2\/media?parent=4582"}],"wp:term":[{"taxonomy":"product_cat","embeddable":true,"href":"https:\/\/bakirci.com\/ekipman\/wp-json\/wp\/v2\/product_cat?post=4582"},{"taxonomy":"product_tag","embeddable":true,"href":"https:\/\/bakirci.com\/ekipman\/wp-json\/wp\/v2\/product_tag?post=4582"}],"curies":[{"name":"wp","href":"https:\/\/api.w.org\/{rel}","templated":true}]}}