{"id":4580,"date":"2021-01-02T06:45:45","date_gmt":"2021-01-02T06:45:45","guid":{"rendered":"https:\/\/j6l.65c.myftpupload.com\/?post_type=product&#038;p=4580"},"modified":"2021-08-04T16:56:48","modified_gmt":"2021-08-04T16:56:48","slug":"plastik-kaynak-setigys-born-in-franceisitma-istasyonu-lcd-ekran-ve-ayarlanabilir-sicaklik-160-480-c","status":"publish","type":"product","link":"https:\/\/bakirci.com\/ekipman\/servis-ekipmanlari\/kaporta\/gocuk-duzeltme-ve-mini-onarim\/plastik-kaynak-setigys-born-in-franceisitma-istasyonu-lcd-ekran-ve-ayarlanabilir-sicaklik-160-480-c\/","title":{"rendered":"<p class=\"ustmetin\">Plastik Kaynak Seti<\/p><p class=\"ortametin\">GYS <span class=\"ortametin2\">(Born in FRANCE)<\/span><p class=\"altmetin\">Is\u0131tma istasyonu, <br>LCD ekran ve ayarlanabilir s\u0131cakl\u0131k 160-480\u00b0 C<\/p>"},"content":{"rendered":"<ul>\n<li>Plastik Kaynak Seti<\/li>\n<li>Tampon, radyat\u00f6r \u0131zgaras\u0131, far ayaklar\u0131 ve g\u00f6vde paneli i\u00e7in onar\u0131m sistemi<\/li>\n<li>Is\u0131tma istasyonu, LCD ekran ve ayarlanabilir s\u0131cakl\u0131k 160-480\u00b0 C<\/li>\n<li>PP, PP-EPDM, PE ve ABS plastik kayna\u011f\u0131 i\u00e7in \u00f6zel ayar imkan\u0131<\/li>\n<li>2 adet kaynak nozulu 5-8 mm<\/li>\n<li>Mini freze ve yuvarlak kesici<\/li>\n<li>\u00c7al\u0131\u015fma voltaj\u0131 220V<\/li>\n<\/ul>\n","protected":false},"excerpt":{"rendered":"<ul>\n<li>Plastik Kaynak Seti<\/li>\n<li>Tampon, radyat\u00f6r \u0131zgaras\u0131, far ayaklar\u0131 ve g\u00f6vde paneli i\u00e7in onar\u0131m sistemi<\/li>\n<li>Is\u0131tma istasyonu, LCD ekran ve ayarlanabilir s\u0131cakl\u0131k 160-480\u00b0 C<\/li>\n<li>PP, PP-EPDM, PE ve ABS plastik kayna\u011f\u0131 i\u00e7in \u00f6zel ayar imkan\u0131<\/li>\n<li>2 adet kaynak nozulu 5-8 mm<\/li>\n<li>Mini freze ve yuvarlak kesici<\/li>\n<li>\u00c7al\u0131\u015fma voltaj\u0131 220V<\/li>\n<\/ul>\n","protected":false},"featured_media":5011,"comment_status":"closed","ping_status":"closed","template":"","meta":[],"product_cat":[173],"product_tag":[346],"class_list":["post-4580","product","type-product","status-publish","has-post-thumbnail","hentry","pwb-brand-gys","product_cat-gocuk-duzeltme-ve-mini-onarim","product_tag-gys"],"brands":[{"id":378,"name":"GYS","slug":"gys"}],"yoast_head":"<!-- This site is optimized with the Yoast SEO plugin v17.1 - https:\/\/yoast.com\/wordpress\/plugins\/seo\/ -->\n<title>Plastik Kaynak SetiGYS (Born in FRANCE)Is\u0131tma istasyonu, LCD ekran ve ayarlanabilir s\u0131cakl\u0131k 160-480\u00b0 C - Bak\u0131rc\u0131 Garagineering<\/title>\n<meta name=\"robots\" content=\"index, follow, max-snippet:-1, max-image-preview:large, max-video-preview:-1\" \/>\n<link rel=\"canonical\" href=\"https:\/\/bakirci.com\/ekipman\/servis-ekipmanlari\/kaporta\/gocuk-duzeltme-ve-mini-onarim\/plastik-kaynak-setigys-born-in-franceisitma-istasyonu-lcd-ekran-ve-ayarlanabilir-sicaklik-160-480-c\/\" \/>\n<meta property=\"og:locale\" content=\"tr_TR\" \/>\n<meta property=\"og:type\" content=\"article\" \/>\n<meta property=\"og:title\" content=\"Plastik Kaynak SetiGYS (Born in FRANCE)Is\u0131tma istasyonu, LCD ekran ve ayarlanabilir s\u0131cakl\u0131k 160-480\u00b0 C - Bak\u0131rc\u0131 Garagineering\" \/>\n<meta property=\"og:description\" content=\"Plastik Kaynak Seti  Tampon, radyat\u00f6r \u0131zgaras\u0131, far ayaklar\u0131 ve g\u00f6vde paneli i\u00e7in onar\u0131m sistemi  Is\u0131tma istasyonu, LCD ekran ve ayarlanabilir s\u0131cakl\u0131k 160-480\u00b0 C  PP, PP-EPDM, PE ve ABS plastik kayna\u011f\u0131 i\u00e7in \u00f6zel ayar imkan\u0131  2 adet kaynak nozulu 5-8 mm  Mini freze ve yuvarlak kesici  \u00c7al\u0131\u015fma voltaj\u0131 220V\" \/>\n<meta property=\"og:url\" content=\"https:\/\/bakirci.com\/ekipman\/servis-ekipmanlari\/kaporta\/gocuk-duzeltme-ve-mini-onarim\/plastik-kaynak-setigys-born-in-franceisitma-istasyonu-lcd-ekran-ve-ayarlanabilir-sicaklik-160-480-c\/\" \/>\n<meta property=\"og:site_name\" content=\"Bak\u0131rc\u0131 Garagineering\" \/>\n<meta property=\"article:publisher\" content=\"https:\/\/www.facebook.com\/bakirci.garagineering\" \/>\n<meta property=\"article:modified_time\" content=\"2021-08-04T16:56:48+00:00\" \/>\n<meta property=\"og:image\" content=\"http:\/\/j6l.65c.myftpupload.com\/wp-content\/uploads\/2021\/01\/Plastik-Kaynak-Seti.png\" \/>\n\t<meta property=\"og:image:width\" content=\"1200\" \/>\n\t<meta property=\"og:image:height\" content=\"1200\" \/>\n<meta name=\"twitter:card\" content=\"summary_large_image\" \/>\n<meta name=\"twitter:label1\" content=\"Tahmini okuma s\u00fcresi\" \/>\n\t<meta name=\"twitter:data1\" content=\"1 dakika\" \/>\n<script type=\"application\/ld+json\" class=\"yoast-schema-graph\">{\"@context\":\"https:\/\/schema.org\",\"@graph\":[{\"@type\":\"Organization\",\"@id\":\"https:\/\/bakirci.com\/ekipman\/#organization\",\"name\":\"Bak\\u0131rc\\u0131 garagineering\",\"url\":\"https:\/\/bakirci.com\/ekipman\/\",\"sameAs\":[\"https:\/\/www.facebook.com\/bakirci.garagineering\",\"https:\/\/www.instagram.com\/bakirci.garagineering\/\",\"https:\/\/www.linkedin.com\/company\/bakirci-garagineering\/\",\"https:\/\/www.youtube.com\/channel\/UCiVG6s_jALJ6Zk8085XiOQg\"],\"logo\":{\"@type\":\"ImageObject\",\"@id\":\"https:\/\/bakirci.com\/ekipman\/#logo\",\"inLanguage\":\"tr\",\"url\":\"https:\/\/bakirci.com\/ekipman\/wp-content\/uploads\/2021\/09\/Bakirci-logo-lacivert.png\",\"contentUrl\":\"https:\/\/bakirci.com\/ekipman\/wp-content\/uploads\/2021\/09\/Bakirci-logo-lacivert.png\",\"width\":501,\"height\":501,\"caption\":\"Bak\\u0131rc\\u0131 garagineering\"},\"image\":{\"@id\":\"https:\/\/bakirci.com\/ekipman\/#logo\"}},{\"@type\":\"WebSite\",\"@id\":\"https:\/\/bakirci.com\/ekipman\/#website\",\"url\":\"https:\/\/bakirci.com\/ekipman\/\",\"name\":\"Bak\\u0131rc\\u0131 Garagineering\",\"description\":\"Otomotiv sekt\\u00f6r\\u00fcne \\u00f6zel, \\u201c\\u00dcretici Standard\\u0131nda\\u201d \\u00e7\\u00f6z\\u00fcmler\\u2026\",\"publisher\":{\"@id\":\"https:\/\/bakirci.com\/ekipman\/#organization\"},\"potentialAction\":[{\"@type\":\"SearchAction\",\"target\":{\"@type\":\"EntryPoint\",\"urlTemplate\":\"https:\/\/bakirci.com\/ekipman\/?s={search_term_string}\"},\"query-input\":\"required name=search_term_string\"}],\"inLanguage\":\"tr\"},{\"@type\":\"ImageObject\",\"@id\":\"https:\/\/bakirci.com\/ekipman\/servis-ekipmanlari\/kaporta\/gocuk-duzeltme-ve-mini-onarim\/plastik-kaynak-setigys-born-in-franceisitma-istasyonu-lcd-ekran-ve-ayarlanabilir-sicaklik-160-480-c\/#primaryimage\",\"inLanguage\":\"tr\",\"url\":\"https:\/\/bakirci.com\/ekipman\/wp-content\/uploads\/2021\/01\/Plastik-Kaynak-Seti.png\",\"contentUrl\":\"https:\/\/bakirci.com\/ekipman\/wp-content\/uploads\/2021\/01\/Plastik-Kaynak-Seti.png\",\"width\":1200,\"height\":1200},{\"@type\":\"WebPage\",\"@id\":\"https:\/\/bakirci.com\/ekipman\/servis-ekipmanlari\/kaporta\/gocuk-duzeltme-ve-mini-onarim\/plastik-kaynak-setigys-born-in-franceisitma-istasyonu-lcd-ekran-ve-ayarlanabilir-sicaklik-160-480-c\/#webpage\",\"url\":\"https:\/\/bakirci.com\/ekipman\/servis-ekipmanlari\/kaporta\/gocuk-duzeltme-ve-mini-onarim\/plastik-kaynak-setigys-born-in-franceisitma-istasyonu-lcd-ekran-ve-ayarlanabilir-sicaklik-160-480-c\/\",\"name\":\"Plastik Kaynak Seti GYS (Born in FRANCE)Is\\u0131tma istasyonu, LCD ekran ve ayarlanabilir s\\u0131cakl\\u0131k 160-480\\u00b0 C - Bak\\u0131rc\\u0131 Garagineering\",\"isPartOf\":{\"@id\":\"https:\/\/bakirci.com\/ekipman\/#website\"},\"primaryImageOfPage\":{\"@id\":\"https:\/\/bakirci.com\/ekipman\/servis-ekipmanlari\/kaporta\/gocuk-duzeltme-ve-mini-onarim\/plastik-kaynak-setigys-born-in-franceisitma-istasyonu-lcd-ekran-ve-ayarlanabilir-sicaklik-160-480-c\/#primaryimage\"},\"datePublished\":\"2021-01-02T06:45:45+00:00\",\"dateModified\":\"2021-08-04T16:56:48+00:00\",\"breadcrumb\":{\"@id\":\"https:\/\/bakirci.com\/ekipman\/servis-ekipmanlari\/kaporta\/gocuk-duzeltme-ve-mini-onarim\/plastik-kaynak-setigys-born-in-franceisitma-istasyonu-lcd-ekran-ve-ayarlanabilir-sicaklik-160-480-c\/#breadcrumb\"},\"inLanguage\":\"tr\",\"potentialAction\":[{\"@type\":\"ReadAction\",\"target\":[\"https:\/\/bakirci.com\/ekipman\/servis-ekipmanlari\/kaporta\/gocuk-duzeltme-ve-mini-onarim\/plastik-kaynak-setigys-born-in-franceisitma-istasyonu-lcd-ekran-ve-ayarlanabilir-sicaklik-160-480-c\/\"]}]},{\"@type\":\"BreadcrumbList\",\"@id\":\"https:\/\/bakirci.com\/ekipman\/servis-ekipmanlari\/kaporta\/gocuk-duzeltme-ve-mini-onarim\/plastik-kaynak-setigys-born-in-franceisitma-istasyonu-lcd-ekran-ve-ayarlanabilir-sicaklik-160-480-c\/#breadcrumb\",\"itemListElement\":[{\"@type\":\"ListItem\",\"position\":1,\"name\":\"Ekipman\",\"item\":\"https:\/\/bakirci.com\/ekipman\/\"},{\"@type\":\"ListItem\",\"position\":2,\"name\":\"Otomotiv Tesisleri \\u0130\\u00e7in Servis Ekipmanlar\\u0131\",\"item\":\"https:\/\/bakirci.com\/ekipman\/\"},{\"@type\":\"ListItem\",\"position\":3,\"name\":\"Plastik Kaynak SetiGYS (Born in FRANCE)Is\\u0131tma istasyonu, LCD ekran ve ayarlanabilir s\\u0131cakl\\u0131k 160-480\\u00b0 C\"}]}]}<\/script>\n<!-- \/ Yoast SEO plugin. -->","yoast_head_json":{"title":"Plastik Kaynak SetiGYS (Born in FRANCE)Is\u0131tma istasyonu, LCD ekran ve ayarlanabilir s\u0131cakl\u0131k 160-480\u00b0 C - Bak\u0131rc\u0131 Garagineering","robots":{"index":"index","follow":"follow","max-snippet":"max-snippet:-1","max-image-preview":"max-image-preview:large","max-video-preview":"max-video-preview:-1"},"canonical":"https:\/\/bakirci.com\/ekipman\/servis-ekipmanlari\/kaporta\/gocuk-duzeltme-ve-mini-onarim\/plastik-kaynak-setigys-born-in-franceisitma-istasyonu-lcd-ekran-ve-ayarlanabilir-sicaklik-160-480-c\/","og_locale":"tr_TR","og_type":"article","og_title":"Plastik Kaynak SetiGYS (Born in FRANCE)Is\u0131tma istasyonu, LCD ekran ve ayarlanabilir s\u0131cakl\u0131k 160-480\u00b0 C - Bak\u0131rc\u0131 Garagineering","og_description":"Plastik Kaynak Seti  Tampon, radyat\u00f6r \u0131zgaras\u0131, far ayaklar\u0131 ve g\u00f6vde paneli i\u00e7in onar\u0131m sistemi  Is\u0131tma istasyonu, LCD ekran ve ayarlanabilir s\u0131cakl\u0131k 160-480\u00b0 C  PP, PP-EPDM, PE ve ABS plastik kayna\u011f\u0131 i\u00e7in \u00f6zel ayar imkan\u0131  2 adet kaynak nozulu 5-8 mm  Mini freze ve yuvarlak kesici  \u00c7al\u0131\u015fma voltaj\u0131 220V","og_url":"https:\/\/bakirci.com\/ekipman\/servis-ekipmanlari\/kaporta\/gocuk-duzeltme-ve-mini-onarim\/plastik-kaynak-setigys-born-in-franceisitma-istasyonu-lcd-ekran-ve-ayarlanabilir-sicaklik-160-480-c\/","og_site_name":"Bak\u0131rc\u0131 Garagineering","article_publisher":"https:\/\/www.facebook.com\/bakirci.garagineering","article_modified_time":"2021-08-04T16:56:48+00:00","og_image":[{"width":1200,"height":1200,"url":"http:\/\/j6l.65c.myftpupload.com\/wp-content\/uploads\/2021\/01\/Plastik-Kaynak-Seti.png","path":"\/var\/www\/wp-content\/uploads\/2021\/01\/Plastik-Kaynak-Seti.png","size":"full","id":5011,"alt":"","pixels":1440000,"type":"image\/png"}],"twitter_card":"summary_large_image","twitter_misc":{"Tahmini okuma s\u00fcresi":"1 dakika"},"schema":{"@context":"https:\/\/schema.org","@graph":[{"@type":"Organization","@id":"https:\/\/bakirci.com\/ekipman\/#organization","name":"Bak\u0131rc\u0131 garagineering","url":"https:\/\/bakirci.com\/ekipman\/","sameAs":["https:\/\/www.facebook.com\/bakirci.garagineering","https:\/\/www.instagram.com\/bakirci.garagineering\/","https:\/\/www.linkedin.com\/company\/bakirci-garagineering\/","https:\/\/www.youtube.com\/channel\/UCiVG6s_jALJ6Zk8085XiOQg"],"logo":{"@type":"ImageObject","@id":"https:\/\/bakirci.com\/ekipman\/#logo","inLanguage":"tr","url":"https:\/\/bakirci.com\/ekipman\/wp-content\/uploads\/2021\/09\/Bakirci-logo-lacivert.png","contentUrl":"https:\/\/bakirci.com\/ekipman\/wp-content\/uploads\/2021\/09\/Bakirci-logo-lacivert.png","width":501,"height":501,"caption":"Bak\u0131rc\u0131 garagineering"},"image":{"@id":"https:\/\/bakirci.com\/ekipman\/#logo"}},{"@type":"WebSite","@id":"https:\/\/bakirci.com\/ekipman\/#website","url":"https:\/\/bakirci.com\/ekipman\/","name":"Bak\u0131rc\u0131 Garagineering","description":"Otomotiv sekt\u00f6r\u00fcne \u00f6zel, \u201c\u00dcretici Standard\u0131nda\u201d \u00e7\u00f6z\u00fcmler\u2026","publisher":{"@id":"https:\/\/bakirci.com\/ekipman\/#organization"},"potentialAction":[{"@type":"SearchAction","target":{"@type":"EntryPoint","urlTemplate":"https:\/\/bakirci.com\/ekipman\/?s={search_term_string}"},"query-input":"required name=search_term_string"}],"inLanguage":"tr"},{"@type":"ImageObject","@id":"https:\/\/bakirci.com\/ekipman\/servis-ekipmanlari\/kaporta\/gocuk-duzeltme-ve-mini-onarim\/plastik-kaynak-setigys-born-in-franceisitma-istasyonu-lcd-ekran-ve-ayarlanabilir-sicaklik-160-480-c\/#primaryimage","inLanguage":"tr","url":"https:\/\/bakirci.com\/ekipman\/wp-content\/uploads\/2021\/01\/Plastik-Kaynak-Seti.png","contentUrl":"https:\/\/bakirci.com\/ekipman\/wp-content\/uploads\/2021\/01\/Plastik-Kaynak-Seti.png","width":1200,"height":1200},{"@type":"WebPage","@id":"https:\/\/bakirci.com\/ekipman\/servis-ekipmanlari\/kaporta\/gocuk-duzeltme-ve-mini-onarim\/plastik-kaynak-setigys-born-in-franceisitma-istasyonu-lcd-ekran-ve-ayarlanabilir-sicaklik-160-480-c\/#webpage","url":"https:\/\/bakirci.com\/ekipman\/servis-ekipmanlari\/kaporta\/gocuk-duzeltme-ve-mini-onarim\/plastik-kaynak-setigys-born-in-franceisitma-istasyonu-lcd-ekran-ve-ayarlanabilir-sicaklik-160-480-c\/","name":"Plastik Kaynak Seti GYS (Born in FRANCE)Is\u0131tma istasyonu, LCD ekran ve ayarlanabilir s\u0131cakl\u0131k 160-480\u00b0 C - Bak\u0131rc\u0131 Garagineering","isPartOf":{"@id":"https:\/\/bakirci.com\/ekipman\/#website"},"primaryImageOfPage":{"@id":"https:\/\/bakirci.com\/ekipman\/servis-ekipmanlari\/kaporta\/gocuk-duzeltme-ve-mini-onarim\/plastik-kaynak-setigys-born-in-franceisitma-istasyonu-lcd-ekran-ve-ayarlanabilir-sicaklik-160-480-c\/#primaryimage"},"datePublished":"2021-01-02T06:45:45+00:00","dateModified":"2021-08-04T16:56:48+00:00","breadcrumb":{"@id":"https:\/\/bakirci.com\/ekipman\/servis-ekipmanlari\/kaporta\/gocuk-duzeltme-ve-mini-onarim\/plastik-kaynak-setigys-born-in-franceisitma-istasyonu-lcd-ekran-ve-ayarlanabilir-sicaklik-160-480-c\/#breadcrumb"},"inLanguage":"tr","potentialAction":[{"@type":"ReadAction","target":["https:\/\/bakirci.com\/ekipman\/servis-ekipmanlari\/kaporta\/gocuk-duzeltme-ve-mini-onarim\/plastik-kaynak-setigys-born-in-franceisitma-istasyonu-lcd-ekran-ve-ayarlanabilir-sicaklik-160-480-c\/"]}]},{"@type":"BreadcrumbList","@id":"https:\/\/bakirci.com\/ekipman\/servis-ekipmanlari\/kaporta\/gocuk-duzeltme-ve-mini-onarim\/plastik-kaynak-setigys-born-in-franceisitma-istasyonu-lcd-ekran-ve-ayarlanabilir-sicaklik-160-480-c\/#breadcrumb","itemListElement":[{"@type":"ListItem","position":1,"name":"Ekipman","item":"https:\/\/bakirci.com\/ekipman\/"},{"@type":"ListItem","position":2,"name":"Otomotiv Tesisleri \u0130\u00e7in Servis Ekipmanlar\u0131","item":"https:\/\/bakirci.com\/ekipman\/"},{"@type":"ListItem","position":3,"name":"Plastik Kaynak SetiGYS (Born in FRANCE)Is\u0131tma istasyonu, LCD ekran ve ayarlanabilir s\u0131cakl\u0131k 160-480\u00b0 C"}]}]}},"_links":{"self":[{"href":"https:\/\/bakirci.com\/ekipman\/wp-json\/wp\/v2\/product\/4580","targetHints":{"allow":["GET"]}}],"collection":[{"href":"https:\/\/bakirci.com\/ekipman\/wp-json\/wp\/v2\/product"}],"about":[{"href":"https:\/\/bakirci.com\/ekipman\/wp-json\/wp\/v2\/types\/product"}],"replies":[{"embeddable":true,"href":"https:\/\/bakirci.com\/ekipman\/wp-json\/wp\/v2\/comments?post=4580"}],"wp:featuredmedia":[{"embeddable":true,"href":"https:\/\/bakirci.com\/ekipman\/wp-json\/wp\/v2\/media\/5011"}],"wp:attachment":[{"href":"https:\/\/bakirci.com\/ekipman\/wp-json\/wp\/v2\/media?parent=4580"}],"wp:term":[{"taxonomy":"product_cat","embeddable":true,"href":"https:\/\/bakirci.com\/ekipman\/wp-json\/wp\/v2\/product_cat?post=4580"},{"taxonomy":"product_tag","embeddable":true,"href":"https:\/\/bakirci.com\/ekipman\/wp-json\/wp\/v2\/product_tag?post=4580"}],"curies":[{"name":"wp","href":"https:\/\/api.w.org\/{rel}","templated":true}]}}