{"id":4573,"date":"2021-01-02T07:15:54","date_gmt":"2021-01-02T07:15:54","guid":{"rendered":"https:\/\/j6l.65c.myftpupload.com\/?post_type=product&#038;p=4573"},"modified":"2021-08-06T16:14:28","modified_gmt":"2021-08-06T16:14:28","slug":"celik-gocuk-duzeltme-setigys-born-in-franceproliner-39-04calisma-voltaji-ve-akimi-400-v-3800-a","status":"publish","type":"product","link":"https:\/\/bakirci.com\/ekipman\/servis-ekipmanlari\/kaporta\/gocuk-duzeltme-ve-mini-onarim\/celik-gocuk-duzeltme-setigys-born-in-franceproliner-39-04calisma-voltaji-ve-akimi-400-v-3800-a\/","title":{"rendered":"<p class=\"ustmetin\">\u00c7elik G\u00f6\u00e7\u00fck D\u00fczeltme Seti<\/p><p class=\"ortametin\">GYS <span class=\"ortametin2\">(Born in FRANCE)<\/span><p class=\"altmetin\">Proliner 39.04<br>\u00c7al\u0131\u015fma voltaj\u0131 ve ak\u0131m\u0131 400 V, 3800 A<\/p>"},"content":{"rendered":"<ul>\n<li>\u00c7elik G\u00f6\u00e7\u00fck D\u00fczeltme Seti &#8211; Proliner 39.04<\/li>\n<li>Sinerjik kumanda panolu kaynak cihaz\u0131<\/li>\n<li>\u00c7ektirme tertibat\u0131, kaynak tabancas\u0131<\/li>\n<li>Ta\u015f\u0131ma arabas\u0131 ve kablo ta\u015f\u0131y\u0131c\u0131 kol<\/li>\n<li>\u00c7ift destekli \u00e7ektirme kolu<\/li>\n<li>\u00c7ektirme tara\u011f\u0131 (4&#8217;l\u00fc)<\/li>\n<li>\u00c7elik i\u00e7in kutulu aksesuar seti (Dent box bar)<\/li>\n<li>\u00c7elik i\u00e7in kutulu aksesuar seti (Spotter box standard)<\/li>\n<li>\u00c7al\u0131\u015fma voltaj\u0131 400 V<\/li>\n<li>\u00c7al\u0131\u015fma ak\u0131m\u0131 3800 A<\/li>\n<\/ul>\n","protected":false},"excerpt":{"rendered":"<ul>\n<li>\u00c7elik G\u00f6\u00e7\u00fck D\u00fczeltme Seti &#8211; Proliner 39.04<\/li>\n<li>Sinerjik kumanda panolu kaynak cihaz\u0131<\/li>\n<li>\u00c7ektirme tertibat\u0131, kaynak tabancas\u0131<\/li>\n<li>Ta\u015f\u0131ma arabas\u0131 ve kablo ta\u015f\u0131y\u0131c\u0131 kol<\/li>\n<li>\u00c7ift destekli \u00e7ektirme kolu<\/li>\n<li>\u00c7ektirme tara\u011f\u0131 (4&#8217;l\u00fc)<\/li>\n<li>\u00c7elik i\u00e7in kutulu aksesuar seti (Dent box bar)<\/li>\n<li>\u00c7elik i\u00e7in kutulu aksesuar seti (Spotter box standard)<\/li>\n<li>\u00c7al\u0131\u015fma voltaj\u0131 400 V<\/li>\n<li>\u00c7al\u0131\u015fma ak\u0131m\u0131 3800 A<\/li>\n<\/ul>\n","protected":false},"featured_media":5002,"comment_status":"closed","ping_status":"closed","template":"","meta":[],"product_cat":[173],"product_tag":[664,686,684,674,680,679,673,672,682,346,687,678,677,668,662,681,667,685,663,676,670,669,675,671,665,666,683,690,689,688],"class_list":["post-4573","product","type-product","status-publish","has-post-thumbnail","hentry","pwb-brand-gys","product_cat-gocuk-duzeltme-ve-mini-onarim","product_tag-aliminyum-kaynak-cihazi","product_tag-alimunyum-kaynagi","product_tag-aluminyum-kaynagi","product_tag-ark-kaynagi","product_tag-cek-cek","product_tag-cekcek","product_tag-elektrod-kaynagi","product_tag-elektrot-kaynagi","product_tag-gocuk-duzeltme","product_tag-gys","product_tag-hizli-gocuk","product_tag-kaynakli-cektirme-cihazi","product_tag-kaynakli-cektirme-makinasi","product_tag-mig-mag-kaynagi","product_tag-nokta-kaynagi","product_tag-panel-duzeltme","product_tag-parca-birlestirme","product_tag-percin-kaynagi","product_tag-punto-kaynagi","product_tag-punto-makinasi","product_tag-puntolama-cihazi","product_tag-puntoloma-cihazi","product_tag-putolama-makinesi","product_tag-sac-kaynagi","product_tag-sari-kaynagi","product_tag-sari-kaynak-cihazi","product_tag-spot-kaynak","product_tag-tek-tarafli-punta","product_tag-tek-tarafli-punto","product_tag-vurdurmali-duzeltme"],"brands":[{"id":378,"name":"GYS","slug":"gys"}],"yoast_head":"<!-- This site is optimized with the Yoast SEO plugin v17.1 - https:\/\/yoast.com\/wordpress\/plugins\/seo\/ -->\n<title>\u00c7elik G\u00f6\u00e7\u00fck D\u00fczeltme SetiGYS (Born in FRANCE)Proliner 39.04\u00c7al\u0131\u015fma voltaj\u0131 ve ak\u0131m\u0131 400 V, 3800 A - Bak\u0131rc\u0131 Garagineering<\/title>\n<meta name=\"robots\" content=\"index, follow, max-snippet:-1, max-image-preview:large, max-video-preview:-1\" \/>\n<link rel=\"canonical\" href=\"https:\/\/bakirci.com\/ekipman\/servis-ekipmanlari\/kaporta\/gocuk-duzeltme-ve-mini-onarim\/celik-gocuk-duzeltme-setigys-born-in-franceproliner-39-04calisma-voltaji-ve-akimi-400-v-3800-a\/\" \/>\n<meta property=\"og:locale\" content=\"tr_TR\" \/>\n<meta property=\"og:type\" content=\"article\" \/>\n<meta property=\"og:title\" content=\"\u00c7elik G\u00f6\u00e7\u00fck D\u00fczeltme SetiGYS (Born in FRANCE)Proliner 39.04\u00c7al\u0131\u015fma voltaj\u0131 ve ak\u0131m\u0131 400 V, 3800 A - Bak\u0131rc\u0131 Garagineering\" \/>\n<meta property=\"og:description\" content=\"\u00c7elik G\u00f6\u00e7\u00fck D\u00fczeltme Seti - Proliner 39.04  Sinerjik kumanda panolu kaynak cihaz\u0131  \u00c7ektirme tertibat\u0131, kaynak tabancas\u0131  Ta\u015f\u0131ma arabas\u0131 ve kablo ta\u015f\u0131y\u0131c\u0131 kol  \u00c7ift destekli \u00e7ektirme kolu  \u00c7ektirme tara\u011f\u0131 (4&#039;l\u00fc)  \u00c7elik i\u00e7in kutulu aksesuar seti (Dent box bar)  \u00c7elik i\u00e7in kutulu aksesuar seti (Spotter box standard)  \u00c7al\u0131\u015fma voltaj\u0131 400 V  \u00c7al\u0131\u015fma ak\u0131m\u0131 3800 A\" \/>\n<meta property=\"og:url\" content=\"https:\/\/bakirci.com\/ekipman\/servis-ekipmanlari\/kaporta\/gocuk-duzeltme-ve-mini-onarim\/celik-gocuk-duzeltme-setigys-born-in-franceproliner-39-04calisma-voltaji-ve-akimi-400-v-3800-a\/\" \/>\n<meta property=\"og:site_name\" content=\"Bak\u0131rc\u0131 Garagineering\" \/>\n<meta property=\"article:publisher\" content=\"https:\/\/www.facebook.com\/bakirci.garagineering\" \/>\n<meta property=\"article:modified_time\" content=\"2021-08-06T16:14:28+00:00\" \/>\n<meta property=\"og:image\" content=\"https:\/\/bakirci.com\/ekipman\/wp-content\/uploads\/2021\/01\/Proliner-39.04.png\" \/>\n\t<meta property=\"og:image:width\" content=\"1200\" \/>\n\t<meta property=\"og:image:height\" content=\"1200\" \/>\n<meta name=\"twitter:card\" content=\"summary_large_image\" \/>\n<meta name=\"twitter:label1\" content=\"Tahmini okuma s\u00fcresi\" \/>\n\t<meta name=\"twitter:data1\" content=\"1 dakika\" \/>\n<script type=\"application\/ld+json\" class=\"yoast-schema-graph\">{\"@context\":\"https:\/\/schema.org\",\"@graph\":[{\"@type\":\"Organization\",\"@id\":\"https:\/\/bakirci.com\/ekipman\/#organization\",\"name\":\"Bak\\u0131rc\\u0131 garagineering\",\"url\":\"https:\/\/bakirci.com\/ekipman\/\",\"sameAs\":[\"https:\/\/www.facebook.com\/bakirci.garagineering\",\"https:\/\/www.instagram.com\/bakirci.garagineering\/\",\"https:\/\/www.linkedin.com\/company\/bakirci-garagineering\/\",\"https:\/\/www.youtube.com\/channel\/UCiVG6s_jALJ6Zk8085XiOQg\"],\"logo\":{\"@type\":\"ImageObject\",\"@id\":\"https:\/\/bakirci.com\/ekipman\/#logo\",\"inLanguage\":\"tr\",\"url\":\"https:\/\/bakirci.com\/ekipman\/wp-content\/uploads\/2021\/09\/Bakirci-logo-lacivert.png\",\"contentUrl\":\"https:\/\/bakirci.com\/ekipman\/wp-content\/uploads\/2021\/09\/Bakirci-logo-lacivert.png\",\"width\":501,\"height\":501,\"caption\":\"Bak\\u0131rc\\u0131 garagineering\"},\"image\":{\"@id\":\"https:\/\/bakirci.com\/ekipman\/#logo\"}},{\"@type\":\"WebSite\",\"@id\":\"https:\/\/bakirci.com\/ekipman\/#website\",\"url\":\"https:\/\/bakirci.com\/ekipman\/\",\"name\":\"Bak\\u0131rc\\u0131 Garagineering\",\"description\":\"Otomotiv sekt\\u00f6r\\u00fcne \\u00f6zel, \\u201c\\u00dcretici Standard\\u0131nda\\u201d \\u00e7\\u00f6z\\u00fcmler\\u2026\",\"publisher\":{\"@id\":\"https:\/\/bakirci.com\/ekipman\/#organization\"},\"potentialAction\":[{\"@type\":\"SearchAction\",\"target\":{\"@type\":\"EntryPoint\",\"urlTemplate\":\"https:\/\/bakirci.com\/ekipman\/?s={search_term_string}\"},\"query-input\":\"required name=search_term_string\"}],\"inLanguage\":\"tr\"},{\"@type\":\"ImageObject\",\"@id\":\"https:\/\/bakirci.com\/ekipman\/servis-ekipmanlari\/kaporta\/gocuk-duzeltme-ve-mini-onarim\/celik-gocuk-duzeltme-setigys-born-in-franceproliner-39-04calisma-voltaji-ve-akimi-400-v-3800-a\/#primaryimage\",\"inLanguage\":\"tr\",\"url\":\"https:\/\/bakirci.com\/ekipman\/wp-content\/uploads\/2021\/01\/Proliner-39.04.png\",\"contentUrl\":\"https:\/\/bakirci.com\/ekipman\/wp-content\/uploads\/2021\/01\/Proliner-39.04.png\",\"width\":1200,\"height\":1200},{\"@type\":\"WebPage\",\"@id\":\"https:\/\/bakirci.com\/ekipman\/servis-ekipmanlari\/kaporta\/gocuk-duzeltme-ve-mini-onarim\/celik-gocuk-duzeltme-setigys-born-in-franceproliner-39-04calisma-voltaji-ve-akimi-400-v-3800-a\/#webpage\",\"url\":\"https:\/\/bakirci.com\/ekipman\/servis-ekipmanlari\/kaporta\/gocuk-duzeltme-ve-mini-onarim\/celik-gocuk-duzeltme-setigys-born-in-franceproliner-39-04calisma-voltaji-ve-akimi-400-v-3800-a\/\",\"name\":\"\\u00c7elik G\\u00f6\\u00e7\\u00fck D\\u00fczeltme Seti GYS (Born in FRANCE)Proliner 39.04 \\u00c7al\\u0131\\u015fma voltaj\\u0131 ve ak\\u0131m\\u0131 400 V, 3800 A - Bak\\u0131rc\\u0131 Garagineering\",\"isPartOf\":{\"@id\":\"https:\/\/bakirci.com\/ekipman\/#website\"},\"primaryImageOfPage\":{\"@id\":\"https:\/\/bakirci.com\/ekipman\/servis-ekipmanlari\/kaporta\/gocuk-duzeltme-ve-mini-onarim\/celik-gocuk-duzeltme-setigys-born-in-franceproliner-39-04calisma-voltaji-ve-akimi-400-v-3800-a\/#primaryimage\"},\"datePublished\":\"2021-01-02T07:15:54+00:00\",\"dateModified\":\"2021-08-06T16:14:28+00:00\",\"breadcrumb\":{\"@id\":\"https:\/\/bakirci.com\/ekipman\/servis-ekipmanlari\/kaporta\/gocuk-duzeltme-ve-mini-onarim\/celik-gocuk-duzeltme-setigys-born-in-franceproliner-39-04calisma-voltaji-ve-akimi-400-v-3800-a\/#breadcrumb\"},\"inLanguage\":\"tr\",\"potentialAction\":[{\"@type\":\"ReadAction\",\"target\":[\"https:\/\/bakirci.com\/ekipman\/servis-ekipmanlari\/kaporta\/gocuk-duzeltme-ve-mini-onarim\/celik-gocuk-duzeltme-setigys-born-in-franceproliner-39-04calisma-voltaji-ve-akimi-400-v-3800-a\/\"]}]},{\"@type\":\"BreadcrumbList\",\"@id\":\"https:\/\/bakirci.com\/ekipman\/servis-ekipmanlari\/kaporta\/gocuk-duzeltme-ve-mini-onarim\/celik-gocuk-duzeltme-setigys-born-in-franceproliner-39-04calisma-voltaji-ve-akimi-400-v-3800-a\/#breadcrumb\",\"itemListElement\":[{\"@type\":\"ListItem\",\"position\":1,\"name\":\"Ekipman\",\"item\":\"https:\/\/bakirci.com\/ekipman\/\"},{\"@type\":\"ListItem\",\"position\":2,\"name\":\"Otomotiv Tesisleri \\u0130\\u00e7in Servis Ekipmanlar\\u0131\",\"item\":\"https:\/\/bakirci.com\/ekipman\/\"},{\"@type\":\"ListItem\",\"position\":3,\"name\":\"\\u00c7elik G\\u00f6\\u00e7\\u00fck D\\u00fczeltme SetiGYS (Born in FRANCE)Proliner 39.04\\u00c7al\\u0131\\u015fma voltaj\\u0131 ve ak\\u0131m\\u0131 400 V, 3800 A\"}]}]}<\/script>\n<!-- \/ Yoast SEO plugin. -->","yoast_head_json":{"title":"\u00c7elik G\u00f6\u00e7\u00fck D\u00fczeltme SetiGYS (Born in FRANCE)Proliner 39.04\u00c7al\u0131\u015fma voltaj\u0131 ve ak\u0131m\u0131 400 V, 3800 A - Bak\u0131rc\u0131 Garagineering","robots":{"index":"index","follow":"follow","max-snippet":"max-snippet:-1","max-image-preview":"max-image-preview:large","max-video-preview":"max-video-preview:-1"},"canonical":"https:\/\/bakirci.com\/ekipman\/servis-ekipmanlari\/kaporta\/gocuk-duzeltme-ve-mini-onarim\/celik-gocuk-duzeltme-setigys-born-in-franceproliner-39-04calisma-voltaji-ve-akimi-400-v-3800-a\/","og_locale":"tr_TR","og_type":"article","og_title":"\u00c7elik G\u00f6\u00e7\u00fck D\u00fczeltme SetiGYS (Born in FRANCE)Proliner 39.04\u00c7al\u0131\u015fma voltaj\u0131 ve ak\u0131m\u0131 400 V, 3800 A - Bak\u0131rc\u0131 Garagineering","og_description":"\u00c7elik G\u00f6\u00e7\u00fck D\u00fczeltme Seti - Proliner 39.04  Sinerjik kumanda panolu kaynak cihaz\u0131  \u00c7ektirme tertibat\u0131, kaynak tabancas\u0131  Ta\u015f\u0131ma arabas\u0131 ve kablo ta\u015f\u0131y\u0131c\u0131 kol  \u00c7ift destekli \u00e7ektirme kolu  \u00c7ektirme tara\u011f\u0131 (4'l\u00fc)  \u00c7elik i\u00e7in kutulu aksesuar seti (Dent box bar)  \u00c7elik i\u00e7in kutulu aksesuar seti (Spotter box standard)  \u00c7al\u0131\u015fma voltaj\u0131 400 V  \u00c7al\u0131\u015fma ak\u0131m\u0131 3800 A","og_url":"https:\/\/bakirci.com\/ekipman\/servis-ekipmanlari\/kaporta\/gocuk-duzeltme-ve-mini-onarim\/celik-gocuk-duzeltme-setigys-born-in-franceproliner-39-04calisma-voltaji-ve-akimi-400-v-3800-a\/","og_site_name":"Bak\u0131rc\u0131 Garagineering","article_publisher":"https:\/\/www.facebook.com\/bakirci.garagineering","article_modified_time":"2021-08-06T16:14:28+00:00","og_image":[{"width":1200,"height":1200,"url":"https:\/\/bakirci.com\/ekipman\/wp-content\/uploads\/2021\/01\/Proliner-39.04.png","path":"\/home\/bakirciwebsitesi\/public_html\/ekipman\/wp-content\/uploads\/2021\/01\/Proliner-39.04.png","size":"full","id":5002,"alt":"","pixels":1440000,"type":"image\/png"}],"twitter_card":"summary_large_image","twitter_misc":{"Tahmini okuma s\u00fcresi":"1 dakika"},"schema":{"@context":"https:\/\/schema.org","@graph":[{"@type":"Organization","@id":"https:\/\/bakirci.com\/ekipman\/#organization","name":"Bak\u0131rc\u0131 garagineering","url":"https:\/\/bakirci.com\/ekipman\/","sameAs":["https:\/\/www.facebook.com\/bakirci.garagineering","https:\/\/www.instagram.com\/bakirci.garagineering\/","https:\/\/www.linkedin.com\/company\/bakirci-garagineering\/","https:\/\/www.youtube.com\/channel\/UCiVG6s_jALJ6Zk8085XiOQg"],"logo":{"@type":"ImageObject","@id":"https:\/\/bakirci.com\/ekipman\/#logo","inLanguage":"tr","url":"https:\/\/bakirci.com\/ekipman\/wp-content\/uploads\/2021\/09\/Bakirci-logo-lacivert.png","contentUrl":"https:\/\/bakirci.com\/ekipman\/wp-content\/uploads\/2021\/09\/Bakirci-logo-lacivert.png","width":501,"height":501,"caption":"Bak\u0131rc\u0131 garagineering"},"image":{"@id":"https:\/\/bakirci.com\/ekipman\/#logo"}},{"@type":"WebSite","@id":"https:\/\/bakirci.com\/ekipman\/#website","url":"https:\/\/bakirci.com\/ekipman\/","name":"Bak\u0131rc\u0131 Garagineering","description":"Otomotiv sekt\u00f6r\u00fcne \u00f6zel, \u201c\u00dcretici Standard\u0131nda\u201d \u00e7\u00f6z\u00fcmler\u2026","publisher":{"@id":"https:\/\/bakirci.com\/ekipman\/#organization"},"potentialAction":[{"@type":"SearchAction","target":{"@type":"EntryPoint","urlTemplate":"https:\/\/bakirci.com\/ekipman\/?s={search_term_string}"},"query-input":"required name=search_term_string"}],"inLanguage":"tr"},{"@type":"ImageObject","@id":"https:\/\/bakirci.com\/ekipman\/servis-ekipmanlari\/kaporta\/gocuk-duzeltme-ve-mini-onarim\/celik-gocuk-duzeltme-setigys-born-in-franceproliner-39-04calisma-voltaji-ve-akimi-400-v-3800-a\/#primaryimage","inLanguage":"tr","url":"https:\/\/bakirci.com\/ekipman\/wp-content\/uploads\/2021\/01\/Proliner-39.04.png","contentUrl":"https:\/\/bakirci.com\/ekipman\/wp-content\/uploads\/2021\/01\/Proliner-39.04.png","width":1200,"height":1200},{"@type":"WebPage","@id":"https:\/\/bakirci.com\/ekipman\/servis-ekipmanlari\/kaporta\/gocuk-duzeltme-ve-mini-onarim\/celik-gocuk-duzeltme-setigys-born-in-franceproliner-39-04calisma-voltaji-ve-akimi-400-v-3800-a\/#webpage","url":"https:\/\/bakirci.com\/ekipman\/servis-ekipmanlari\/kaporta\/gocuk-duzeltme-ve-mini-onarim\/celik-gocuk-duzeltme-setigys-born-in-franceproliner-39-04calisma-voltaji-ve-akimi-400-v-3800-a\/","name":"\u00c7elik G\u00f6\u00e7\u00fck D\u00fczeltme Seti GYS (Born in FRANCE)Proliner 39.04 \u00c7al\u0131\u015fma voltaj\u0131 ve ak\u0131m\u0131 400 V, 3800 A - Bak\u0131rc\u0131 Garagineering","isPartOf":{"@id":"https:\/\/bakirci.com\/ekipman\/#website"},"primaryImageOfPage":{"@id":"https:\/\/bakirci.com\/ekipman\/servis-ekipmanlari\/kaporta\/gocuk-duzeltme-ve-mini-onarim\/celik-gocuk-duzeltme-setigys-born-in-franceproliner-39-04calisma-voltaji-ve-akimi-400-v-3800-a\/#primaryimage"},"datePublished":"2021-01-02T07:15:54+00:00","dateModified":"2021-08-06T16:14:28+00:00","breadcrumb":{"@id":"https:\/\/bakirci.com\/ekipman\/servis-ekipmanlari\/kaporta\/gocuk-duzeltme-ve-mini-onarim\/celik-gocuk-duzeltme-setigys-born-in-franceproliner-39-04calisma-voltaji-ve-akimi-400-v-3800-a\/#breadcrumb"},"inLanguage":"tr","potentialAction":[{"@type":"ReadAction","target":["https:\/\/bakirci.com\/ekipman\/servis-ekipmanlari\/kaporta\/gocuk-duzeltme-ve-mini-onarim\/celik-gocuk-duzeltme-setigys-born-in-franceproliner-39-04calisma-voltaji-ve-akimi-400-v-3800-a\/"]}]},{"@type":"BreadcrumbList","@id":"https:\/\/bakirci.com\/ekipman\/servis-ekipmanlari\/kaporta\/gocuk-duzeltme-ve-mini-onarim\/celik-gocuk-duzeltme-setigys-born-in-franceproliner-39-04calisma-voltaji-ve-akimi-400-v-3800-a\/#breadcrumb","itemListElement":[{"@type":"ListItem","position":1,"name":"Ekipman","item":"https:\/\/bakirci.com\/ekipman\/"},{"@type":"ListItem","position":2,"name":"Otomotiv Tesisleri \u0130\u00e7in Servis Ekipmanlar\u0131","item":"https:\/\/bakirci.com\/ekipman\/"},{"@type":"ListItem","position":3,"name":"\u00c7elik G\u00f6\u00e7\u00fck D\u00fczeltme SetiGYS (Born in FRANCE)Proliner 39.04\u00c7al\u0131\u015fma voltaj\u0131 ve ak\u0131m\u0131 400 V, 3800 A"}]}]}},"_links":{"self":[{"href":"https:\/\/bakirci.com\/ekipman\/wp-json\/wp\/v2\/product\/4573","targetHints":{"allow":["GET"]}}],"collection":[{"href":"https:\/\/bakirci.com\/ekipman\/wp-json\/wp\/v2\/product"}],"about":[{"href":"https:\/\/bakirci.com\/ekipman\/wp-json\/wp\/v2\/types\/product"}],"replies":[{"embeddable":true,"href":"https:\/\/bakirci.com\/ekipman\/wp-json\/wp\/v2\/comments?post=4573"}],"wp:featuredmedia":[{"embeddable":true,"href":"https:\/\/bakirci.com\/ekipman\/wp-json\/wp\/v2\/media\/5002"}],"wp:attachment":[{"href":"https:\/\/bakirci.com\/ekipman\/wp-json\/wp\/v2\/media?parent=4573"}],"wp:term":[{"taxonomy":"product_cat","embeddable":true,"href":"https:\/\/bakirci.com\/ekipman\/wp-json\/wp\/v2\/product_cat?post=4573"},{"taxonomy":"product_tag","embeddable":true,"href":"https:\/\/bakirci.com\/ekipman\/wp-json\/wp\/v2\/product_tag?post=4573"}],"curies":[{"name":"wp","href":"https:\/\/api.w.org\/{rel}","templated":true}]}}