{"id":4560,"date":"2021-01-02T08:20:09","date_gmt":"2021-01-02T08:20:09","guid":{"rendered":"https:\/\/j6l.65c.myftpupload.com\/?post_type=product&#038;p=4560"},"modified":"2021-08-06T15:13:24","modified_gmt":"2021-08-06T15:13:24","slug":"tig-kaynak-cihazigys-born-in-francetig-220-ac-dc-hf-fvkaynak-akim-araligi-ac-10a-220a-dc-5a-220a","status":"publish","type":"product","link":"https:\/\/bakirci.com\/ekipman\/servis-ekipmanlari\/kaporta\/kaynak-cihazlari\/tig-kaynak-cihazigys-born-in-francetig-220-ac-dc-hf-fvkaynak-akim-araligi-ac-10a-220a-dc-5a-220a\/","title":{"rendered":"<p class=\"ustmetin\">Tig Kaynak Cihaz\u0131<\/p><p class=\"ortametin\">GYS <span class=\"ortametin2\">(Born in FRANCE)<\/span><p class=\"altmetin\">TIG 220 AC\/DC-HF FV<br>Kaynak ak\u0131m aral\u0131\u011f\u0131 AC 10A &#8211; 220A \/ DC 5A &#8211; 220A<\/p>"},"content":{"rendered":"<ul>\n<li>Tig Kaynak Cihaz\u0131 &#8211; TIG 220 AC\/DC-HF FV<\/li>\n<li>AC veya DC \u00e7\u0131k\u0131\u015f gerilimi sayesinde farkl\u0131 tip ve kal\u0131nl\u0131kta bir\u00e7ok malzemenin kayna\u011f\u0131<\/li>\n<li>5,7&#8243; TFT ekran ve navigat\u00f6r tu\u015f sistemi<\/li>\n<li>Pulse, kademeli kaynak \u00f6zelli\u011fi<\/li>\n<li>Hareketli ta\u015f\u0131ma arabas\u0131<\/li>\n<li>Kaynak torcu aksesuar kutusu<\/li>\n<li>Tig kaynak torcu ve \u015fasi ba\u011flant\u0131s\u0131 4 mt<\/li>\n<li>Kaynak ak\u0131m aral\u0131\u011f\u0131 AC 10A &#8211; 220A \/ DC 5A &#8211; 220A<\/li>\n<li>\u00c7al\u0131\u015fma voltaj\u0131 230 V<\/li>\n<\/ul>\n","protected":false},"excerpt":{"rendered":"<ul>\n<li>Tig Kaynak Cihaz\u0131 &#8211; TIG 220 AC\/DC-HF FV<\/li>\n<li>AC veya DC \u00e7\u0131k\u0131\u015f gerilimi sayesinde farkl\u0131 tip ve kal\u0131nl\u0131kta bir\u00e7ok malzemenin kayna\u011f\u0131<\/li>\n<li>5,7&#8243; TFT ekran ve navigat\u00f6r tu\u015f sistemi<\/li>\n<li>Pulse, kademeli kaynak \u00f6zelli\u011fi<\/li>\n<li>Hareketli ta\u015f\u0131ma arabas\u0131<\/li>\n<li>Kaynak torcu aksesuar kutusu<\/li>\n<li>Tig kaynak torcu ve \u015fasi ba\u011flant\u0131s\u0131 4 mt<\/li>\n<li>Kaynak ak\u0131m aral\u0131\u011f\u0131 AC 10A &#8211; 220A \/ DC 5A &#8211; 220A<\/li>\n<li>\u00c7al\u0131\u015fma voltaj\u0131 230 V<\/li>\n<\/ul>\n","protected":false},"featured_media":4718,"comment_status":"closed","ping_status":"closed","template":"","meta":[],"product_cat":[176],"product_tag":[664,686,684,674,680,679,673,672,682,346,687,678,677,668,662,681,667,685,663,676,670,669,675,671,665,666,683,690,689,688],"class_list":["post-4560","product","type-product","status-publish","has-post-thumbnail","hentry","pwb-brand-gys","product_cat-kaynak-cihazlari","product_tag-aliminyum-kaynak-cihazi","product_tag-alimunyum-kaynagi","product_tag-aluminyum-kaynagi","product_tag-ark-kaynagi","product_tag-cek-cek","product_tag-cekcek","product_tag-elektrod-kaynagi","product_tag-elektrot-kaynagi","product_tag-gocuk-duzeltme","product_tag-gys","product_tag-hizli-gocuk","product_tag-kaynakli-cektirme-cihazi","product_tag-kaynakli-cektirme-makinasi","product_tag-mig-mag-kaynagi","product_tag-nokta-kaynagi","product_tag-panel-duzeltme","product_tag-parca-birlestirme","product_tag-percin-kaynagi","product_tag-punto-kaynagi","product_tag-punto-makinasi","product_tag-puntolama-cihazi","product_tag-puntoloma-cihazi","product_tag-putolama-makinesi","product_tag-sac-kaynagi","product_tag-sari-kaynagi","product_tag-sari-kaynak-cihazi","product_tag-spot-kaynak","product_tag-tek-tarafli-punta","product_tag-tek-tarafli-punto","product_tag-vurdurmali-duzeltme"],"brands":[{"id":378,"name":"GYS","slug":"gys"}],"yoast_head":"<!-- This site is optimized with the Yoast SEO plugin v17.1 - https:\/\/yoast.com\/wordpress\/plugins\/seo\/ -->\n<title>Tig Kaynak Cihaz\u0131GYS (Born in FRANCE)TIG 220 AC\/DC-HF FVKaynak ak\u0131m aral\u0131\u011f\u0131 AC 10A - 220A \/ DC 5A - 220A - Bak\u0131rc\u0131 Garagineering<\/title>\n<meta name=\"robots\" content=\"index, follow, max-snippet:-1, max-image-preview:large, max-video-preview:-1\" \/>\n<link rel=\"canonical\" href=\"https:\/\/bakirci.com\/ekipman\/servis-ekipmanlari\/kaporta\/kaynak-cihazlari\/tig-kaynak-cihazigys-born-in-francetig-220-ac-dc-hf-fvkaynak-akim-araligi-ac-10a-220a-dc-5a-220a\/\" \/>\n<meta property=\"og:locale\" content=\"tr_TR\" \/>\n<meta property=\"og:type\" content=\"article\" \/>\n<meta property=\"og:title\" content=\"Tig Kaynak Cihaz\u0131GYS (Born in FRANCE)TIG 220 AC\/DC-HF FVKaynak ak\u0131m aral\u0131\u011f\u0131 AC 10A - 220A \/ DC 5A - 220A - Bak\u0131rc\u0131 Garagineering\" \/>\n<meta property=\"og:description\" content=\"Tig Kaynak Cihaz\u0131 - TIG 220 AC\/DC-HF FV  AC veya DC \u00e7\u0131k\u0131\u015f gerilimi sayesinde farkl\u0131 tip ve kal\u0131nl\u0131kta bir\u00e7ok malzemenin kayna\u011f\u0131  5,7&quot; TFT ekran ve navigat\u00f6r tu\u015f sistemi  Pulse, kademeli kaynak \u00f6zelli\u011fi  Hareketli ta\u015f\u0131ma arabas\u0131  Kaynak torcu aksesuar kutusu  Tig kaynak torcu ve \u015fasi ba\u011flant\u0131s\u0131 4 mt  Kaynak ak\u0131m aral\u0131\u011f\u0131 AC 10A - 220A \/ DC 5A - 220A  \u00c7al\u0131\u015fma voltaj\u0131 230 V\" \/>\n<meta property=\"og:url\" content=\"https:\/\/bakirci.com\/ekipman\/servis-ekipmanlari\/kaporta\/kaynak-cihazlari\/tig-kaynak-cihazigys-born-in-francetig-220-ac-dc-hf-fvkaynak-akim-araligi-ac-10a-220a-dc-5a-220a\/\" \/>\n<meta property=\"og:site_name\" content=\"Bak\u0131rc\u0131 Garagineering\" \/>\n<meta property=\"article:publisher\" content=\"https:\/\/www.facebook.com\/bakirci.garagineering\" \/>\n<meta property=\"article:modified_time\" content=\"2021-08-06T15:13:24+00:00\" \/>\n<meta property=\"og:image\" content=\"https:\/\/bakirci.com\/ekipman\/wp-content\/uploads\/2021\/06\/ACDC-HF-FV.png\" \/>\n\t<meta property=\"og:image:width\" content=\"1200\" \/>\n\t<meta property=\"og:image:height\" content=\"1200\" \/>\n<meta name=\"twitter:card\" content=\"summary_large_image\" \/>\n<meta name=\"twitter:label1\" content=\"Tahmini okuma s\u00fcresi\" \/>\n\t<meta name=\"twitter:data1\" content=\"1 dakika\" \/>\n<script type=\"application\/ld+json\" class=\"yoast-schema-graph\">{\"@context\":\"https:\/\/schema.org\",\"@graph\":[{\"@type\":\"Organization\",\"@id\":\"https:\/\/bakirci.com\/ekipman\/#organization\",\"name\":\"Bak\\u0131rc\\u0131 garagineering\",\"url\":\"https:\/\/bakirci.com\/ekipman\/\",\"sameAs\":[\"https:\/\/www.facebook.com\/bakirci.garagineering\",\"https:\/\/www.instagram.com\/bakirci.garagineering\/\",\"https:\/\/www.linkedin.com\/company\/bakirci-garagineering\/\",\"https:\/\/www.youtube.com\/channel\/UCiVG6s_jALJ6Zk8085XiOQg\"],\"logo\":{\"@type\":\"ImageObject\",\"@id\":\"https:\/\/bakirci.com\/ekipman\/#logo\",\"inLanguage\":\"tr\",\"url\":\"https:\/\/bakirci.com\/ekipman\/wp-content\/uploads\/2021\/09\/Bakirci-logo-lacivert.png\",\"contentUrl\":\"https:\/\/bakirci.com\/ekipman\/wp-content\/uploads\/2021\/09\/Bakirci-logo-lacivert.png\",\"width\":501,\"height\":501,\"caption\":\"Bak\\u0131rc\\u0131 garagineering\"},\"image\":{\"@id\":\"https:\/\/bakirci.com\/ekipman\/#logo\"}},{\"@type\":\"WebSite\",\"@id\":\"https:\/\/bakirci.com\/ekipman\/#website\",\"url\":\"https:\/\/bakirci.com\/ekipman\/\",\"name\":\"Bak\\u0131rc\\u0131 Garagineering\",\"description\":\"Otomotiv sekt\\u00f6r\\u00fcne \\u00f6zel, \\u201c\\u00dcretici Standard\\u0131nda\\u201d \\u00e7\\u00f6z\\u00fcmler\\u2026\",\"publisher\":{\"@id\":\"https:\/\/bakirci.com\/ekipman\/#organization\"},\"potentialAction\":[{\"@type\":\"SearchAction\",\"target\":{\"@type\":\"EntryPoint\",\"urlTemplate\":\"https:\/\/bakirci.com\/ekipman\/?s={search_term_string}\"},\"query-input\":\"required name=search_term_string\"}],\"inLanguage\":\"tr\"},{\"@type\":\"ImageObject\",\"@id\":\"https:\/\/bakirci.com\/ekipman\/servis-ekipmanlari\/kaporta\/kaynak-cihazlari\/tig-kaynak-cihazigys-born-in-francetig-220-ac-dc-hf-fvkaynak-akim-araligi-ac-10a-220a-dc-5a-220a\/#primaryimage\",\"inLanguage\":\"tr\",\"url\":\"https:\/\/bakirci.com\/ekipman\/wp-content\/uploads\/2021\/06\/ACDC-HF-FV.png\",\"contentUrl\":\"https:\/\/bakirci.com\/ekipman\/wp-content\/uploads\/2021\/06\/ACDC-HF-FV.png\",\"width\":1200,\"height\":1200},{\"@type\":\"WebPage\",\"@id\":\"https:\/\/bakirci.com\/ekipman\/servis-ekipmanlari\/kaporta\/kaynak-cihazlari\/tig-kaynak-cihazigys-born-in-francetig-220-ac-dc-hf-fvkaynak-akim-araligi-ac-10a-220a-dc-5a-220a\/#webpage\",\"url\":\"https:\/\/bakirci.com\/ekipman\/servis-ekipmanlari\/kaporta\/kaynak-cihazlari\/tig-kaynak-cihazigys-born-in-francetig-220-ac-dc-hf-fvkaynak-akim-araligi-ac-10a-220a-dc-5a-220a\/\",\"name\":\"Tig Kaynak Cihaz\\u0131 GYS (Born in FRANCE)TIG 220 AC\/DC-HF FV Kaynak ak\\u0131m aral\\u0131\\u011f\\u0131 AC 10A - 220A \/ DC 5A - 220A - Bak\\u0131rc\\u0131 Garagineering\",\"isPartOf\":{\"@id\":\"https:\/\/bakirci.com\/ekipman\/#website\"},\"primaryImageOfPage\":{\"@id\":\"https:\/\/bakirci.com\/ekipman\/servis-ekipmanlari\/kaporta\/kaynak-cihazlari\/tig-kaynak-cihazigys-born-in-francetig-220-ac-dc-hf-fvkaynak-akim-araligi-ac-10a-220a-dc-5a-220a\/#primaryimage\"},\"datePublished\":\"2021-01-02T08:20:09+00:00\",\"dateModified\":\"2021-08-06T15:13:24+00:00\",\"breadcrumb\":{\"@id\":\"https:\/\/bakirci.com\/ekipman\/servis-ekipmanlari\/kaporta\/kaynak-cihazlari\/tig-kaynak-cihazigys-born-in-francetig-220-ac-dc-hf-fvkaynak-akim-araligi-ac-10a-220a-dc-5a-220a\/#breadcrumb\"},\"inLanguage\":\"tr\",\"potentialAction\":[{\"@type\":\"ReadAction\",\"target\":[\"https:\/\/bakirci.com\/ekipman\/servis-ekipmanlari\/kaporta\/kaynak-cihazlari\/tig-kaynak-cihazigys-born-in-francetig-220-ac-dc-hf-fvkaynak-akim-araligi-ac-10a-220a-dc-5a-220a\/\"]}]},{\"@type\":\"BreadcrumbList\",\"@id\":\"https:\/\/bakirci.com\/ekipman\/servis-ekipmanlari\/kaporta\/kaynak-cihazlari\/tig-kaynak-cihazigys-born-in-francetig-220-ac-dc-hf-fvkaynak-akim-araligi-ac-10a-220a-dc-5a-220a\/#breadcrumb\",\"itemListElement\":[{\"@type\":\"ListItem\",\"position\":1,\"name\":\"Ekipman\",\"item\":\"https:\/\/bakirci.com\/ekipman\/\"},{\"@type\":\"ListItem\",\"position\":2,\"name\":\"Otomotiv Tesisleri \\u0130\\u00e7in Servis Ekipmanlar\\u0131\",\"item\":\"https:\/\/bakirci.com\/ekipman\/\"},{\"@type\":\"ListItem\",\"position\":3,\"name\":\"Tig Kaynak Cihaz\\u0131GYS (Born in FRANCE)TIG 220 AC\/DC-HF FVKaynak ak\\u0131m aral\\u0131\\u011f\\u0131 AC 10A &#8211; 220A \/ DC 5A &#8211; 220A\"}]}]}<\/script>\n<!-- \/ Yoast SEO plugin. -->","yoast_head_json":{"title":"Tig Kaynak Cihaz\u0131GYS (Born in FRANCE)TIG 220 AC\/DC-HF FVKaynak ak\u0131m aral\u0131\u011f\u0131 AC 10A - 220A \/ DC 5A - 220A - Bak\u0131rc\u0131 Garagineering","robots":{"index":"index","follow":"follow","max-snippet":"max-snippet:-1","max-image-preview":"max-image-preview:large","max-video-preview":"max-video-preview:-1"},"canonical":"https:\/\/bakirci.com\/ekipman\/servis-ekipmanlari\/kaporta\/kaynak-cihazlari\/tig-kaynak-cihazigys-born-in-francetig-220-ac-dc-hf-fvkaynak-akim-araligi-ac-10a-220a-dc-5a-220a\/","og_locale":"tr_TR","og_type":"article","og_title":"Tig Kaynak Cihaz\u0131GYS (Born in FRANCE)TIG 220 AC\/DC-HF FVKaynak ak\u0131m aral\u0131\u011f\u0131 AC 10A - 220A \/ DC 5A - 220A - Bak\u0131rc\u0131 Garagineering","og_description":"Tig Kaynak Cihaz\u0131 - TIG 220 AC\/DC-HF FV  AC veya DC \u00e7\u0131k\u0131\u015f gerilimi sayesinde farkl\u0131 tip ve kal\u0131nl\u0131kta bir\u00e7ok malzemenin kayna\u011f\u0131  5,7\" TFT ekran ve navigat\u00f6r tu\u015f sistemi  Pulse, kademeli kaynak \u00f6zelli\u011fi  Hareketli ta\u015f\u0131ma arabas\u0131  Kaynak torcu aksesuar kutusu  Tig kaynak torcu ve \u015fasi ba\u011flant\u0131s\u0131 4 mt  Kaynak ak\u0131m aral\u0131\u011f\u0131 AC 10A - 220A \/ DC 5A - 220A  \u00c7al\u0131\u015fma voltaj\u0131 230 V","og_url":"https:\/\/bakirci.com\/ekipman\/servis-ekipmanlari\/kaporta\/kaynak-cihazlari\/tig-kaynak-cihazigys-born-in-francetig-220-ac-dc-hf-fvkaynak-akim-araligi-ac-10a-220a-dc-5a-220a\/","og_site_name":"Bak\u0131rc\u0131 Garagineering","article_publisher":"https:\/\/www.facebook.com\/bakirci.garagineering","article_modified_time":"2021-08-06T15:13:24+00:00","og_image":[{"width":1200,"height":1200,"url":"https:\/\/bakirci.com\/ekipman\/wp-content\/uploads\/2021\/06\/ACDC-HF-FV.png","path":"\/home\/bakirciwebsitesi\/public_html\/ekipman\/wp-content\/uploads\/2021\/06\/ACDC-HF-FV.png","size":"full","id":4718,"alt":"","pixels":1440000,"type":"image\/png"}],"twitter_card":"summary_large_image","twitter_misc":{"Tahmini okuma s\u00fcresi":"1 dakika"},"schema":{"@context":"https:\/\/schema.org","@graph":[{"@type":"Organization","@id":"https:\/\/bakirci.com\/ekipman\/#organization","name":"Bak\u0131rc\u0131 garagineering","url":"https:\/\/bakirci.com\/ekipman\/","sameAs":["https:\/\/www.facebook.com\/bakirci.garagineering","https:\/\/www.instagram.com\/bakirci.garagineering\/","https:\/\/www.linkedin.com\/company\/bakirci-garagineering\/","https:\/\/www.youtube.com\/channel\/UCiVG6s_jALJ6Zk8085XiOQg"],"logo":{"@type":"ImageObject","@id":"https:\/\/bakirci.com\/ekipman\/#logo","inLanguage":"tr","url":"https:\/\/bakirci.com\/ekipman\/wp-content\/uploads\/2021\/09\/Bakirci-logo-lacivert.png","contentUrl":"https:\/\/bakirci.com\/ekipman\/wp-content\/uploads\/2021\/09\/Bakirci-logo-lacivert.png","width":501,"height":501,"caption":"Bak\u0131rc\u0131 garagineering"},"image":{"@id":"https:\/\/bakirci.com\/ekipman\/#logo"}},{"@type":"WebSite","@id":"https:\/\/bakirci.com\/ekipman\/#website","url":"https:\/\/bakirci.com\/ekipman\/","name":"Bak\u0131rc\u0131 Garagineering","description":"Otomotiv sekt\u00f6r\u00fcne \u00f6zel, \u201c\u00dcretici Standard\u0131nda\u201d \u00e7\u00f6z\u00fcmler\u2026","publisher":{"@id":"https:\/\/bakirci.com\/ekipman\/#organization"},"potentialAction":[{"@type":"SearchAction","target":{"@type":"EntryPoint","urlTemplate":"https:\/\/bakirci.com\/ekipman\/?s={search_term_string}"},"query-input":"required name=search_term_string"}],"inLanguage":"tr"},{"@type":"ImageObject","@id":"https:\/\/bakirci.com\/ekipman\/servis-ekipmanlari\/kaporta\/kaynak-cihazlari\/tig-kaynak-cihazigys-born-in-francetig-220-ac-dc-hf-fvkaynak-akim-araligi-ac-10a-220a-dc-5a-220a\/#primaryimage","inLanguage":"tr","url":"https:\/\/bakirci.com\/ekipman\/wp-content\/uploads\/2021\/06\/ACDC-HF-FV.png","contentUrl":"https:\/\/bakirci.com\/ekipman\/wp-content\/uploads\/2021\/06\/ACDC-HF-FV.png","width":1200,"height":1200},{"@type":"WebPage","@id":"https:\/\/bakirci.com\/ekipman\/servis-ekipmanlari\/kaporta\/kaynak-cihazlari\/tig-kaynak-cihazigys-born-in-francetig-220-ac-dc-hf-fvkaynak-akim-araligi-ac-10a-220a-dc-5a-220a\/#webpage","url":"https:\/\/bakirci.com\/ekipman\/servis-ekipmanlari\/kaporta\/kaynak-cihazlari\/tig-kaynak-cihazigys-born-in-francetig-220-ac-dc-hf-fvkaynak-akim-araligi-ac-10a-220a-dc-5a-220a\/","name":"Tig Kaynak Cihaz\u0131 GYS (Born in FRANCE)TIG 220 AC\/DC-HF FV Kaynak ak\u0131m aral\u0131\u011f\u0131 AC 10A - 220A \/ DC 5A - 220A - Bak\u0131rc\u0131 Garagineering","isPartOf":{"@id":"https:\/\/bakirci.com\/ekipman\/#website"},"primaryImageOfPage":{"@id":"https:\/\/bakirci.com\/ekipman\/servis-ekipmanlari\/kaporta\/kaynak-cihazlari\/tig-kaynak-cihazigys-born-in-francetig-220-ac-dc-hf-fvkaynak-akim-araligi-ac-10a-220a-dc-5a-220a\/#primaryimage"},"datePublished":"2021-01-02T08:20:09+00:00","dateModified":"2021-08-06T15:13:24+00:00","breadcrumb":{"@id":"https:\/\/bakirci.com\/ekipman\/servis-ekipmanlari\/kaporta\/kaynak-cihazlari\/tig-kaynak-cihazigys-born-in-francetig-220-ac-dc-hf-fvkaynak-akim-araligi-ac-10a-220a-dc-5a-220a\/#breadcrumb"},"inLanguage":"tr","potentialAction":[{"@type":"ReadAction","target":["https:\/\/bakirci.com\/ekipman\/servis-ekipmanlari\/kaporta\/kaynak-cihazlari\/tig-kaynak-cihazigys-born-in-francetig-220-ac-dc-hf-fvkaynak-akim-araligi-ac-10a-220a-dc-5a-220a\/"]}]},{"@type":"BreadcrumbList","@id":"https:\/\/bakirci.com\/ekipman\/servis-ekipmanlari\/kaporta\/kaynak-cihazlari\/tig-kaynak-cihazigys-born-in-francetig-220-ac-dc-hf-fvkaynak-akim-araligi-ac-10a-220a-dc-5a-220a\/#breadcrumb","itemListElement":[{"@type":"ListItem","position":1,"name":"Ekipman","item":"https:\/\/bakirci.com\/ekipman\/"},{"@type":"ListItem","position":2,"name":"Otomotiv Tesisleri \u0130\u00e7in Servis Ekipmanlar\u0131","item":"https:\/\/bakirci.com\/ekipman\/"},{"@type":"ListItem","position":3,"name":"Tig Kaynak Cihaz\u0131GYS (Born in FRANCE)TIG 220 AC\/DC-HF FVKaynak ak\u0131m aral\u0131\u011f\u0131 AC 10A &#8211; 220A \/ DC 5A &#8211; 220A"}]}]}},"_links":{"self":[{"href":"https:\/\/bakirci.com\/ekipman\/wp-json\/wp\/v2\/product\/4560","targetHints":{"allow":["GET"]}}],"collection":[{"href":"https:\/\/bakirci.com\/ekipman\/wp-json\/wp\/v2\/product"}],"about":[{"href":"https:\/\/bakirci.com\/ekipman\/wp-json\/wp\/v2\/types\/product"}],"replies":[{"embeddable":true,"href":"https:\/\/bakirci.com\/ekipman\/wp-json\/wp\/v2\/comments?post=4560"}],"wp:featuredmedia":[{"embeddable":true,"href":"https:\/\/bakirci.com\/ekipman\/wp-json\/wp\/v2\/media\/4718"}],"wp:attachment":[{"href":"https:\/\/bakirci.com\/ekipman\/wp-json\/wp\/v2\/media?parent=4560"}],"wp:term":[{"taxonomy":"product_cat","embeddable":true,"href":"https:\/\/bakirci.com\/ekipman\/wp-json\/wp\/v2\/product_cat?post=4560"},{"taxonomy":"product_tag","embeddable":true,"href":"https:\/\/bakirci.com\/ekipman\/wp-json\/wp\/v2\/product_tag?post=4560"}],"curies":[{"name":"wp","href":"https:\/\/api.w.org\/{rel}","templated":true}]}}