{"id":4559,"date":"2021-01-02T08:25:14","date_gmt":"2021-01-02T08:25:14","guid":{"rendered":"https:\/\/j6l.65c.myftpupload.com\/?post_type=product&#038;p=4559"},"modified":"2021-08-06T15:13:18","modified_gmt":"2021-08-06T15:13:18","slug":"sinerjik-gazalti-kaynak-cihazigys-born-in-francevas-821-0053-torc-kaynak-akimi-15-320-a-vw-group-onayli","status":"publish","type":"product","link":"https:\/\/bakirci.com\/ekipman\/servis-ekipmanlari\/kaporta\/kaynak-cihazlari\/sinerjik-gazalti-kaynak-cihazigys-born-in-francevas-821-0053-torc-kaynak-akimi-15-320-a-vw-group-onayli\/","title":{"rendered":"<p class=\"ustmetin\">Sinerjik Gazalt\u0131 Kaynak Cihaz\u0131<\/p><p class=\"ortametin\">GYS <span class=\"ortametin2\">(Born in FRANCE)<\/span><p class=\"altmetin\">VAS 821 005<br>3 tor\u00e7, kaynak ak\u0131m\u0131 15 &#8211; 320 A, VW group onayl\u0131<\/p>"},"content":{"rendered":"<ul>\n<li>Sinerjik Gazalt\u0131 Kaynak Cihaz\u0131 &#8211; VAS 821 005<\/li>\n<li>Audi, Bentley, Bugatti, Lamborghini, Porsche, Seat, Skoda, VW onayl\u0131<\/li>\n<li>Verimlili\u011fi artt\u0131ran 3 tor\u00e7 sistemi<\/li>\n<li>\u00c7elik kayna\u011f\u0131, bak\u0131r silisyum, al\u00fcminyum kayna\u011f\u0131 ve \u00f6zel Puls teknolojili aluminyum kayna\u011f\u0131<\/li>\n<li>4 farkl\u0131 kaynak modu (otomatik, manuel, puls ve \u00e7ift puls)<\/li>\n<li>3 farkl\u0131 aray\u00fcz (basit, uzman ve geli\u015fmi\u015f)<\/li>\n<li>Telin net ilerlemesini sa\u011flayan 4 tel s\u00fcrme makaral\u0131 sistem<\/li>\n<li>2 adet hava so\u011futmal\u0131 \u00e7elik kaynak ve 1 adet push pull aluminyum kaynak torcu<\/li>\n<li>Kaynak ak\u0131m\u0131 15 &#8211; 320 A<\/li>\n<li>\u00c7al\u0131\u015fma voltaj\u0131 400 V<\/li>\n<\/ul>\n","protected":false},"excerpt":{"rendered":"<ul>\n<li>Sinerjik Gazalt\u0131 Kaynak Cihaz\u0131 &#8211; VAS 821 005<\/li>\n<li>Audi, Bentley, Bugatti, Lamborghini, Porsche, Seat, Skoda, VW onayl\u0131<\/li>\n<li>Verimlili\u011fi artt\u0131ran 3 tor\u00e7 sistemi<\/li>\n<li>\u00c7elik kayna\u011f\u0131, bak\u0131r silisyum, al\u00fcminyum kayna\u011f\u0131 ve \u00f6zel Puls teknolojili aluminyum kayna\u011f\u0131<\/li>\n<li>4 farkl\u0131 kaynak modu (otomatik, manuel, puls ve \u00e7ift puls)<\/li>\n<li>3 farkl\u0131 aray\u00fcz (basit, uzman ve geli\u015fmi\u015f)<\/li>\n<li>Telin net ilerlemesini sa\u011flayan 4 tel s\u00fcrme makaral\u0131 sistem<\/li>\n<li>2 adet hava so\u011futmal\u0131 \u00e7elik kaynak ve 1 adet push pull aluminyum kaynak torcu<\/li>\n<li>Kaynak ak\u0131m\u0131 15 &#8211; 320 A<\/li>\n<li>\u00c7al\u0131\u015fma voltaj\u0131 400 V<\/li>\n<\/ul>\n","protected":false},"featured_media":5000,"comment_status":"closed","ping_status":"closed","template":"","meta":[],"product_cat":[176],"product_tag":[664,686,684,674,680,679,673,672,682,346,687,678,677,668,662,681,667,685,663,676,670,669,675,671,665,666,683,690,689,688],"class_list":["post-4559","product","type-product","status-publish","has-post-thumbnail","hentry","pwb-brand-gys","product_cat-kaynak-cihazlari","product_tag-aliminyum-kaynak-cihazi","product_tag-alimunyum-kaynagi","product_tag-aluminyum-kaynagi","product_tag-ark-kaynagi","product_tag-cek-cek","product_tag-cekcek","product_tag-elektrod-kaynagi","product_tag-elektrot-kaynagi","product_tag-gocuk-duzeltme","product_tag-gys","product_tag-hizli-gocuk","product_tag-kaynakli-cektirme-cihazi","product_tag-kaynakli-cektirme-makinasi","product_tag-mig-mag-kaynagi","product_tag-nokta-kaynagi","product_tag-panel-duzeltme","product_tag-parca-birlestirme","product_tag-percin-kaynagi","product_tag-punto-kaynagi","product_tag-punto-makinasi","product_tag-puntolama-cihazi","product_tag-puntoloma-cihazi","product_tag-putolama-makinesi","product_tag-sac-kaynagi","product_tag-sari-kaynagi","product_tag-sari-kaynak-cihazi","product_tag-spot-kaynak","product_tag-tek-tarafli-punta","product_tag-tek-tarafli-punto","product_tag-vurdurmali-duzeltme"],"brands":[{"id":378,"name":"GYS","slug":"gys"}],"yoast_head":"<!-- This site is optimized with the Yoast SEO plugin v17.1 - https:\/\/yoast.com\/wordpress\/plugins\/seo\/ -->\n<title>Sinerjik Gazalt\u0131 Kaynak Cihaz\u0131GYS (Born in FRANCE)VAS 821 0053 tor\u00e7, kaynak ak\u0131m\u0131 15 - 320 A, VW group onayl\u0131 - Bak\u0131rc\u0131 Garagineering<\/title>\n<meta name=\"robots\" content=\"index, follow, max-snippet:-1, max-image-preview:large, max-video-preview:-1\" \/>\n<link rel=\"canonical\" href=\"https:\/\/bakirci.com\/ekipman\/servis-ekipmanlari\/kaporta\/kaynak-cihazlari\/sinerjik-gazalti-kaynak-cihazigys-born-in-francevas-821-0053-torc-kaynak-akimi-15-320-a-vw-group-onayli\/\" \/>\n<meta property=\"og:locale\" content=\"tr_TR\" \/>\n<meta property=\"og:type\" content=\"article\" \/>\n<meta property=\"og:title\" content=\"Sinerjik Gazalt\u0131 Kaynak Cihaz\u0131GYS (Born in FRANCE)VAS 821 0053 tor\u00e7, kaynak ak\u0131m\u0131 15 - 320 A, VW group onayl\u0131 - Bak\u0131rc\u0131 Garagineering\" \/>\n<meta property=\"og:description\" content=\"Sinerjik Gazalt\u0131 Kaynak Cihaz\u0131 - VAS 821 005  Audi, Bentley, Bugatti, Lamborghini, Porsche, Seat, Skoda, VW onayl\u0131  Verimlili\u011fi artt\u0131ran 3 tor\u00e7 sistemi  \u00c7elik kayna\u011f\u0131, bak\u0131r silisyum, al\u00fcminyum kayna\u011f\u0131 ve \u00f6zel Puls teknolojili aluminyum kayna\u011f\u0131  4 farkl\u0131 kaynak modu (otomatik, manuel, puls ve \u00e7ift puls)  3 farkl\u0131 aray\u00fcz (basit, uzman ve geli\u015fmi\u015f)  Telin net ilerlemesini sa\u011flayan 4 tel s\u00fcrme makaral\u0131 sistem  2 adet hava so\u011futmal\u0131 \u00e7elik kaynak ve 1 adet push pull aluminyum kaynak torcu  Kaynak ak\u0131m\u0131 15 - 320 A  \u00c7al\u0131\u015fma voltaj\u0131 400 V\" \/>\n<meta property=\"og:url\" content=\"https:\/\/bakirci.com\/ekipman\/servis-ekipmanlari\/kaporta\/kaynak-cihazlari\/sinerjik-gazalti-kaynak-cihazigys-born-in-francevas-821-0053-torc-kaynak-akimi-15-320-a-vw-group-onayli\/\" \/>\n<meta property=\"og:site_name\" content=\"Bak\u0131rc\u0131 Garagineering\" \/>\n<meta property=\"article:publisher\" content=\"https:\/\/www.facebook.com\/bakirci.garagineering\" \/>\n<meta property=\"article:modified_time\" content=\"2021-08-06T15:13:18+00:00\" \/>\n<meta property=\"og:image\" content=\"https:\/\/bakirci.com\/ekipman\/wp-content\/uploads\/2021\/01\/VAS-821-005.png\" \/>\n\t<meta property=\"og:image:width\" content=\"1000\" \/>\n\t<meta property=\"og:image:height\" content=\"1000\" \/>\n<meta name=\"twitter:card\" content=\"summary_large_image\" \/>\n<meta name=\"twitter:label1\" content=\"Tahmini okuma s\u00fcresi\" \/>\n\t<meta name=\"twitter:data1\" content=\"1 dakika\" \/>\n<script type=\"application\/ld+json\" class=\"yoast-schema-graph\">{\"@context\":\"https:\/\/schema.org\",\"@graph\":[{\"@type\":\"Organization\",\"@id\":\"https:\/\/bakirci.com\/ekipman\/#organization\",\"name\":\"Bak\\u0131rc\\u0131 garagineering\",\"url\":\"https:\/\/bakirci.com\/ekipman\/\",\"sameAs\":[\"https:\/\/www.facebook.com\/bakirci.garagineering\",\"https:\/\/www.instagram.com\/bakirci.garagineering\/\",\"https:\/\/www.linkedin.com\/company\/bakirci-garagineering\/\",\"https:\/\/www.youtube.com\/channel\/UCiVG6s_jALJ6Zk8085XiOQg\"],\"logo\":{\"@type\":\"ImageObject\",\"@id\":\"https:\/\/bakirci.com\/ekipman\/#logo\",\"inLanguage\":\"tr\",\"url\":\"https:\/\/bakirci.com\/ekipman\/wp-content\/uploads\/2021\/09\/Bakirci-logo-lacivert.png\",\"contentUrl\":\"https:\/\/bakirci.com\/ekipman\/wp-content\/uploads\/2021\/09\/Bakirci-logo-lacivert.png\",\"width\":501,\"height\":501,\"caption\":\"Bak\\u0131rc\\u0131 garagineering\"},\"image\":{\"@id\":\"https:\/\/bakirci.com\/ekipman\/#logo\"}},{\"@type\":\"WebSite\",\"@id\":\"https:\/\/bakirci.com\/ekipman\/#website\",\"url\":\"https:\/\/bakirci.com\/ekipman\/\",\"name\":\"Bak\\u0131rc\\u0131 Garagineering\",\"description\":\"Otomotiv sekt\\u00f6r\\u00fcne \\u00f6zel, \\u201c\\u00dcretici Standard\\u0131nda\\u201d \\u00e7\\u00f6z\\u00fcmler\\u2026\",\"publisher\":{\"@id\":\"https:\/\/bakirci.com\/ekipman\/#organization\"},\"potentialAction\":[{\"@type\":\"SearchAction\",\"target\":{\"@type\":\"EntryPoint\",\"urlTemplate\":\"https:\/\/bakirci.com\/ekipman\/?s={search_term_string}\"},\"query-input\":\"required name=search_term_string\"}],\"inLanguage\":\"tr\"},{\"@type\":\"ImageObject\",\"@id\":\"https:\/\/bakirci.com\/ekipman\/servis-ekipmanlari\/kaporta\/kaynak-cihazlari\/sinerjik-gazalti-kaynak-cihazigys-born-in-francevas-821-0053-torc-kaynak-akimi-15-320-a-vw-group-onayli\/#primaryimage\",\"inLanguage\":\"tr\",\"url\":\"https:\/\/bakirci.com\/ekipman\/wp-content\/uploads\/2021\/01\/VAS-821-005.png\",\"contentUrl\":\"https:\/\/bakirci.com\/ekipman\/wp-content\/uploads\/2021\/01\/VAS-821-005.png\",\"width\":1000,\"height\":1000},{\"@type\":\"WebPage\",\"@id\":\"https:\/\/bakirci.com\/ekipman\/servis-ekipmanlari\/kaporta\/kaynak-cihazlari\/sinerjik-gazalti-kaynak-cihazigys-born-in-francevas-821-0053-torc-kaynak-akimi-15-320-a-vw-group-onayli\/#webpage\",\"url\":\"https:\/\/bakirci.com\/ekipman\/servis-ekipmanlari\/kaporta\/kaynak-cihazlari\/sinerjik-gazalti-kaynak-cihazigys-born-in-francevas-821-0053-torc-kaynak-akimi-15-320-a-vw-group-onayli\/\",\"name\":\"Sinerjik Gazalt\\u0131 Kaynak Cihaz\\u0131 GYS (Born in FRANCE)VAS 821 005 3 tor\\u00e7, kaynak ak\\u0131m\\u0131 15 - 320 A, VW group onayl\\u0131 - Bak\\u0131rc\\u0131 Garagineering\",\"isPartOf\":{\"@id\":\"https:\/\/bakirci.com\/ekipman\/#website\"},\"primaryImageOfPage\":{\"@id\":\"https:\/\/bakirci.com\/ekipman\/servis-ekipmanlari\/kaporta\/kaynak-cihazlari\/sinerjik-gazalti-kaynak-cihazigys-born-in-francevas-821-0053-torc-kaynak-akimi-15-320-a-vw-group-onayli\/#primaryimage\"},\"datePublished\":\"2021-01-02T08:25:14+00:00\",\"dateModified\":\"2021-08-06T15:13:18+00:00\",\"breadcrumb\":{\"@id\":\"https:\/\/bakirci.com\/ekipman\/servis-ekipmanlari\/kaporta\/kaynak-cihazlari\/sinerjik-gazalti-kaynak-cihazigys-born-in-francevas-821-0053-torc-kaynak-akimi-15-320-a-vw-group-onayli\/#breadcrumb\"},\"inLanguage\":\"tr\",\"potentialAction\":[{\"@type\":\"ReadAction\",\"target\":[\"https:\/\/bakirci.com\/ekipman\/servis-ekipmanlari\/kaporta\/kaynak-cihazlari\/sinerjik-gazalti-kaynak-cihazigys-born-in-francevas-821-0053-torc-kaynak-akimi-15-320-a-vw-group-onayli\/\"]}]},{\"@type\":\"BreadcrumbList\",\"@id\":\"https:\/\/bakirci.com\/ekipman\/servis-ekipmanlari\/kaporta\/kaynak-cihazlari\/sinerjik-gazalti-kaynak-cihazigys-born-in-francevas-821-0053-torc-kaynak-akimi-15-320-a-vw-group-onayli\/#breadcrumb\",\"itemListElement\":[{\"@type\":\"ListItem\",\"position\":1,\"name\":\"Ekipman\",\"item\":\"https:\/\/bakirci.com\/ekipman\/\"},{\"@type\":\"ListItem\",\"position\":2,\"name\":\"Otomotiv Tesisleri \\u0130\\u00e7in Servis Ekipmanlar\\u0131\",\"item\":\"https:\/\/bakirci.com\/ekipman\/\"},{\"@type\":\"ListItem\",\"position\":3,\"name\":\"Sinerjik Gazalt\\u0131 Kaynak Cihaz\\u0131GYS (Born in FRANCE)VAS 821 0053 tor\\u00e7, kaynak ak\\u0131m\\u0131 15 &#8211; 320 A, VW group onayl\\u0131\"}]}]}<\/script>\n<!-- \/ Yoast SEO plugin. -->","yoast_head_json":{"title":"Sinerjik Gazalt\u0131 Kaynak Cihaz\u0131GYS (Born in FRANCE)VAS 821 0053 tor\u00e7, kaynak ak\u0131m\u0131 15 - 320 A, VW group onayl\u0131 - Bak\u0131rc\u0131 Garagineering","robots":{"index":"index","follow":"follow","max-snippet":"max-snippet:-1","max-image-preview":"max-image-preview:large","max-video-preview":"max-video-preview:-1"},"canonical":"https:\/\/bakirci.com\/ekipman\/servis-ekipmanlari\/kaporta\/kaynak-cihazlari\/sinerjik-gazalti-kaynak-cihazigys-born-in-francevas-821-0053-torc-kaynak-akimi-15-320-a-vw-group-onayli\/","og_locale":"tr_TR","og_type":"article","og_title":"Sinerjik Gazalt\u0131 Kaynak Cihaz\u0131GYS (Born in FRANCE)VAS 821 0053 tor\u00e7, kaynak ak\u0131m\u0131 15 - 320 A, VW group onayl\u0131 - Bak\u0131rc\u0131 Garagineering","og_description":"Sinerjik Gazalt\u0131 Kaynak Cihaz\u0131 - VAS 821 005  Audi, Bentley, Bugatti, Lamborghini, Porsche, Seat, Skoda, VW onayl\u0131  Verimlili\u011fi artt\u0131ran 3 tor\u00e7 sistemi  \u00c7elik kayna\u011f\u0131, bak\u0131r silisyum, al\u00fcminyum kayna\u011f\u0131 ve \u00f6zel Puls teknolojili aluminyum kayna\u011f\u0131  4 farkl\u0131 kaynak modu (otomatik, manuel, puls ve \u00e7ift puls)  3 farkl\u0131 aray\u00fcz (basit, uzman ve geli\u015fmi\u015f)  Telin net ilerlemesini sa\u011flayan 4 tel s\u00fcrme makaral\u0131 sistem  2 adet hava so\u011futmal\u0131 \u00e7elik kaynak ve 1 adet push pull aluminyum kaynak torcu  Kaynak ak\u0131m\u0131 15 - 320 A  \u00c7al\u0131\u015fma voltaj\u0131 400 V","og_url":"https:\/\/bakirci.com\/ekipman\/servis-ekipmanlari\/kaporta\/kaynak-cihazlari\/sinerjik-gazalti-kaynak-cihazigys-born-in-francevas-821-0053-torc-kaynak-akimi-15-320-a-vw-group-onayli\/","og_site_name":"Bak\u0131rc\u0131 Garagineering","article_publisher":"https:\/\/www.facebook.com\/bakirci.garagineering","article_modified_time":"2021-08-06T15:13:18+00:00","og_image":[{"width":1000,"height":1000,"url":"https:\/\/bakirci.com\/ekipman\/wp-content\/uploads\/2021\/01\/VAS-821-005.png","path":"\/home\/bakirciwebsitesi\/public_html\/ekipman\/wp-content\/uploads\/2021\/01\/VAS-821-005.png","size":"full","id":5000,"alt":"","pixels":1000000,"type":"image\/png"}],"twitter_card":"summary_large_image","twitter_misc":{"Tahmini okuma s\u00fcresi":"1 dakika"},"schema":{"@context":"https:\/\/schema.org","@graph":[{"@type":"Organization","@id":"https:\/\/bakirci.com\/ekipman\/#organization","name":"Bak\u0131rc\u0131 garagineering","url":"https:\/\/bakirci.com\/ekipman\/","sameAs":["https:\/\/www.facebook.com\/bakirci.garagineering","https:\/\/www.instagram.com\/bakirci.garagineering\/","https:\/\/www.linkedin.com\/company\/bakirci-garagineering\/","https:\/\/www.youtube.com\/channel\/UCiVG6s_jALJ6Zk8085XiOQg"],"logo":{"@type":"ImageObject","@id":"https:\/\/bakirci.com\/ekipman\/#logo","inLanguage":"tr","url":"https:\/\/bakirci.com\/ekipman\/wp-content\/uploads\/2021\/09\/Bakirci-logo-lacivert.png","contentUrl":"https:\/\/bakirci.com\/ekipman\/wp-content\/uploads\/2021\/09\/Bakirci-logo-lacivert.png","width":501,"height":501,"caption":"Bak\u0131rc\u0131 garagineering"},"image":{"@id":"https:\/\/bakirci.com\/ekipman\/#logo"}},{"@type":"WebSite","@id":"https:\/\/bakirci.com\/ekipman\/#website","url":"https:\/\/bakirci.com\/ekipman\/","name":"Bak\u0131rc\u0131 Garagineering","description":"Otomotiv sekt\u00f6r\u00fcne \u00f6zel, \u201c\u00dcretici Standard\u0131nda\u201d \u00e7\u00f6z\u00fcmler\u2026","publisher":{"@id":"https:\/\/bakirci.com\/ekipman\/#organization"},"potentialAction":[{"@type":"SearchAction","target":{"@type":"EntryPoint","urlTemplate":"https:\/\/bakirci.com\/ekipman\/?s={search_term_string}"},"query-input":"required name=search_term_string"}],"inLanguage":"tr"},{"@type":"ImageObject","@id":"https:\/\/bakirci.com\/ekipman\/servis-ekipmanlari\/kaporta\/kaynak-cihazlari\/sinerjik-gazalti-kaynak-cihazigys-born-in-francevas-821-0053-torc-kaynak-akimi-15-320-a-vw-group-onayli\/#primaryimage","inLanguage":"tr","url":"https:\/\/bakirci.com\/ekipman\/wp-content\/uploads\/2021\/01\/VAS-821-005.png","contentUrl":"https:\/\/bakirci.com\/ekipman\/wp-content\/uploads\/2021\/01\/VAS-821-005.png","width":1000,"height":1000},{"@type":"WebPage","@id":"https:\/\/bakirci.com\/ekipman\/servis-ekipmanlari\/kaporta\/kaynak-cihazlari\/sinerjik-gazalti-kaynak-cihazigys-born-in-francevas-821-0053-torc-kaynak-akimi-15-320-a-vw-group-onayli\/#webpage","url":"https:\/\/bakirci.com\/ekipman\/servis-ekipmanlari\/kaporta\/kaynak-cihazlari\/sinerjik-gazalti-kaynak-cihazigys-born-in-francevas-821-0053-torc-kaynak-akimi-15-320-a-vw-group-onayli\/","name":"Sinerjik Gazalt\u0131 Kaynak Cihaz\u0131 GYS (Born in FRANCE)VAS 821 005 3 tor\u00e7, kaynak ak\u0131m\u0131 15 - 320 A, VW group onayl\u0131 - Bak\u0131rc\u0131 Garagineering","isPartOf":{"@id":"https:\/\/bakirci.com\/ekipman\/#website"},"primaryImageOfPage":{"@id":"https:\/\/bakirci.com\/ekipman\/servis-ekipmanlari\/kaporta\/kaynak-cihazlari\/sinerjik-gazalti-kaynak-cihazigys-born-in-francevas-821-0053-torc-kaynak-akimi-15-320-a-vw-group-onayli\/#primaryimage"},"datePublished":"2021-01-02T08:25:14+00:00","dateModified":"2021-08-06T15:13:18+00:00","breadcrumb":{"@id":"https:\/\/bakirci.com\/ekipman\/servis-ekipmanlari\/kaporta\/kaynak-cihazlari\/sinerjik-gazalti-kaynak-cihazigys-born-in-francevas-821-0053-torc-kaynak-akimi-15-320-a-vw-group-onayli\/#breadcrumb"},"inLanguage":"tr","potentialAction":[{"@type":"ReadAction","target":["https:\/\/bakirci.com\/ekipman\/servis-ekipmanlari\/kaporta\/kaynak-cihazlari\/sinerjik-gazalti-kaynak-cihazigys-born-in-francevas-821-0053-torc-kaynak-akimi-15-320-a-vw-group-onayli\/"]}]},{"@type":"BreadcrumbList","@id":"https:\/\/bakirci.com\/ekipman\/servis-ekipmanlari\/kaporta\/kaynak-cihazlari\/sinerjik-gazalti-kaynak-cihazigys-born-in-francevas-821-0053-torc-kaynak-akimi-15-320-a-vw-group-onayli\/#breadcrumb","itemListElement":[{"@type":"ListItem","position":1,"name":"Ekipman","item":"https:\/\/bakirci.com\/ekipman\/"},{"@type":"ListItem","position":2,"name":"Otomotiv Tesisleri \u0130\u00e7in Servis Ekipmanlar\u0131","item":"https:\/\/bakirci.com\/ekipman\/"},{"@type":"ListItem","position":3,"name":"Sinerjik Gazalt\u0131 Kaynak Cihaz\u0131GYS (Born in FRANCE)VAS 821 0053 tor\u00e7, kaynak ak\u0131m\u0131 15 &#8211; 320 A, VW group onayl\u0131"}]}]}},"_links":{"self":[{"href":"https:\/\/bakirci.com\/ekipman\/wp-json\/wp\/v2\/product\/4559","targetHints":{"allow":["GET"]}}],"collection":[{"href":"https:\/\/bakirci.com\/ekipman\/wp-json\/wp\/v2\/product"}],"about":[{"href":"https:\/\/bakirci.com\/ekipman\/wp-json\/wp\/v2\/types\/product"}],"replies":[{"embeddable":true,"href":"https:\/\/bakirci.com\/ekipman\/wp-json\/wp\/v2\/comments?post=4559"}],"wp:featuredmedia":[{"embeddable":true,"href":"https:\/\/bakirci.com\/ekipman\/wp-json\/wp\/v2\/media\/5000"}],"wp:attachment":[{"href":"https:\/\/bakirci.com\/ekipman\/wp-json\/wp\/v2\/media?parent=4559"}],"wp:term":[{"taxonomy":"product_cat","embeddable":true,"href":"https:\/\/bakirci.com\/ekipman\/wp-json\/wp\/v2\/product_cat?post=4559"},{"taxonomy":"product_tag","embeddable":true,"href":"https:\/\/bakirci.com\/ekipman\/wp-json\/wp\/v2\/product_tag?post=4559"}],"curies":[{"name":"wp","href":"https:\/\/api.w.org\/{rel}","templated":true}]}}