{"id":4557,"date":"2021-01-02T08:35:25","date_gmt":"2021-01-02T08:35:25","guid":{"rendered":"https:\/\/j6l.65c.myftpupload.com\/?post_type=product&#038;p=4557"},"modified":"2021-08-10T12:55:33","modified_gmt":"2021-08-10T12:55:33","slug":"sinerjik-gazalti-kaynak-cihazigys-born-in-francepromig-400-4s-duo-dv2-torc-kaynak-akimi-40-350-a","status":"publish","type":"product","link":"https:\/\/bakirci.com\/ekipman\/servis-ekipmanlari\/kaporta\/kaynak-cihazlari\/sinerjik-gazalti-kaynak-cihazigys-born-in-francepromig-400-4s-duo-dv2-torc-kaynak-akimi-40-350-a\/","title":{"rendered":"<p class=\"ustmetin\">Sinerjik Gazalt\u0131 Kaynak Cihaz\u0131<\/p><p class=\"ortametin\">GYS <span class=\"ortametin2\">(Born in FRANCE)<\/span><p class=\"altmetin\">Promig 400-4S DUO.DV<br>2 tor\u00e7, kaynak ak\u0131m\u0131 40-350 A<\/p>"},"content":{"rendered":"<ul>\n<li>Sinerjik Gazalt\u0131 Kaynak Cihaz\u0131 &#8211; Promig 400-4S DUO.DV<\/li>\n<li>\u00c7elik, paslanmaz kayna\u011f\u0131 ve al\u00fcminyum kayna\u011f\u0131<\/li>\n<li>Dijital ekran ve verimlili\u011fi artt\u0131ran &#8220;2 Tor\u00e7&#8221;<\/li>\n<li>A\u011f\u0131r ticari ara\u00e7lar i\u00e7in \u00f6zel ilave tel s\u00fcrme kabini<\/li>\n<li>Y\u00fcksek ara\u00e7larda kullan\u0131m kolayl\u0131\u011f\u0131<\/li>\n<li>Tel y\u0131\u011f\u0131lmas\u0131n\u0131 engelleyen otomatik tel h\u0131z\u0131 ayar\u0131<\/li>\n<li>Telin net ilerlemesini sa\u011flayan 4 tel s\u00fcrme makaral\u0131 sistemi<\/li>\n<li>Son kullan\u0131c\u0131 kaynak parametrelerini kay\u0131t etme<\/li>\n<li>Kaynak ak\u0131m\u0131 40-350 A<\/li>\n<li>\u00c7al\u0131\u015fma voltaj\u0131 400 V<\/li>\n<\/ul>\n","protected":false},"excerpt":{"rendered":"<ul>\n<li>Sinerjik Gazalt\u0131 Kaynak Cihaz\u0131 &#8211; Promig 400-4S DUO.DV<\/li>\n<li>\u00c7elik, paslanmaz kayna\u011f\u0131 ve al\u00fcminyum kayna\u011f\u0131<\/li>\n<li>Dijital ekran ve verimlili\u011fi artt\u0131ran &#8220;2 Tor\u00e7&#8221;<\/li>\n<li>A\u011f\u0131r ticari ara\u00e7lar i\u00e7in \u00f6zel ilave tel s\u00fcrme kabini<\/li>\n<li>Y\u00fcksek ara\u00e7larda kullan\u0131m kolayl\u0131\u011f\u0131<\/li>\n<li>Tel y\u0131\u011f\u0131lmas\u0131n\u0131 engelleyen otomatik tel h\u0131z\u0131 ayar\u0131<\/li>\n<li>Telin net ilerlemesini sa\u011flayan 4 tel s\u00fcrme makaral\u0131 sistemi<\/li>\n<li>Son kullan\u0131c\u0131 kaynak parametrelerini kay\u0131t etme<\/li>\n<li>Kaynak ak\u0131m\u0131 40-350 A<\/li>\n<li>\u00c7al\u0131\u015fma voltaj\u0131 400 V<\/li>\n<\/ul>\n","protected":false},"featured_media":5511,"comment_status":"closed","ping_status":"closed","template":"","meta":[],"product_cat":[176],"product_tag":[664,686,684,674,680,679,673,672,682,346,687,678,677,668,662,681,667,685,663,676,670,669,675,671,665,666,683,690,689,688],"class_list":["post-4557","product","type-product","status-publish","has-post-thumbnail","hentry","pwb-brand-gys","product_cat-kaynak-cihazlari","product_tag-aliminyum-kaynak-cihazi","product_tag-alimunyum-kaynagi","product_tag-aluminyum-kaynagi","product_tag-ark-kaynagi","product_tag-cek-cek","product_tag-cekcek","product_tag-elektrod-kaynagi","product_tag-elektrot-kaynagi","product_tag-gocuk-duzeltme","product_tag-gys","product_tag-hizli-gocuk","product_tag-kaynakli-cektirme-cihazi","product_tag-kaynakli-cektirme-makinasi","product_tag-mig-mag-kaynagi","product_tag-nokta-kaynagi","product_tag-panel-duzeltme","product_tag-parca-birlestirme","product_tag-percin-kaynagi","product_tag-punto-kaynagi","product_tag-punto-makinasi","product_tag-puntolama-cihazi","product_tag-puntoloma-cihazi","product_tag-putolama-makinesi","product_tag-sac-kaynagi","product_tag-sari-kaynagi","product_tag-sari-kaynak-cihazi","product_tag-spot-kaynak","product_tag-tek-tarafli-punta","product_tag-tek-tarafli-punto","product_tag-vurdurmali-duzeltme"],"brands":[{"id":378,"name":"GYS","slug":"gys"}],"yoast_head":"<!-- This site is optimized with the Yoast SEO plugin v17.1 - https:\/\/yoast.com\/wordpress\/plugins\/seo\/ -->\n<title>Sinerjik Gazalt\u0131 Kaynak Cihaz\u0131GYS (Born in FRANCE)Promig 400-4S DUO.DV2 tor\u00e7, kaynak ak\u0131m\u0131 40-350 A - Bak\u0131rc\u0131 Garagineering<\/title>\n<meta name=\"robots\" content=\"index, follow, max-snippet:-1, max-image-preview:large, max-video-preview:-1\" \/>\n<link rel=\"canonical\" href=\"https:\/\/bakirci.com\/ekipman\/servis-ekipmanlari\/kaporta\/kaynak-cihazlari\/sinerjik-gazalti-kaynak-cihazigys-born-in-francepromig-400-4s-duo-dv2-torc-kaynak-akimi-40-350-a\/\" \/>\n<meta property=\"og:locale\" content=\"tr_TR\" \/>\n<meta property=\"og:type\" content=\"article\" \/>\n<meta property=\"og:title\" content=\"Sinerjik Gazalt\u0131 Kaynak Cihaz\u0131GYS (Born in FRANCE)Promig 400-4S DUO.DV2 tor\u00e7, kaynak ak\u0131m\u0131 40-350 A - Bak\u0131rc\u0131 Garagineering\" \/>\n<meta property=\"og:description\" content=\"Sinerjik Gazalt\u0131 Kaynak Cihaz\u0131 - Promig 400-4S DUO.DV  \u00c7elik, paslanmaz kayna\u011f\u0131 ve al\u00fcminyum kayna\u011f\u0131  Dijital ekran ve verimlili\u011fi artt\u0131ran &quot;2 Tor\u00e7&quot;  A\u011f\u0131r ticari ara\u00e7lar i\u00e7in \u00f6zel ilave tel s\u00fcrme kabini  Y\u00fcksek ara\u00e7larda kullan\u0131m kolayl\u0131\u011f\u0131  Tel y\u0131\u011f\u0131lmas\u0131n\u0131 engelleyen otomatik tel h\u0131z\u0131 ayar\u0131  Telin net ilerlemesini sa\u011flayan 4 tel s\u00fcrme makaral\u0131 sistemi  Son kullan\u0131c\u0131 kaynak parametrelerini kay\u0131t etme  Kaynak ak\u0131m\u0131 40-350 A  \u00c7al\u0131\u015fma voltaj\u0131 400 V\" \/>\n<meta property=\"og:url\" content=\"https:\/\/bakirci.com\/ekipman\/servis-ekipmanlari\/kaporta\/kaynak-cihazlari\/sinerjik-gazalti-kaynak-cihazigys-born-in-francepromig-400-4s-duo-dv2-torc-kaynak-akimi-40-350-a\/\" \/>\n<meta property=\"og:site_name\" content=\"Bak\u0131rc\u0131 Garagineering\" \/>\n<meta property=\"article:publisher\" content=\"https:\/\/www.facebook.com\/bakirci.garagineering\" \/>\n<meta property=\"article:modified_time\" content=\"2021-08-10T12:55:33+00:00\" \/>\n<meta property=\"og:image\" content=\"https:\/\/bakirci.com\/ekipman\/wp-content\/uploads\/2021\/01\/Promig-400-4S-DUO.jpg\" \/>\n\t<meta property=\"og:image:width\" content=\"1600\" \/>\n\t<meta property=\"og:image:height\" content=\"1600\" \/>\n<meta name=\"twitter:card\" content=\"summary_large_image\" \/>\n<meta name=\"twitter:label1\" content=\"Tahmini okuma s\u00fcresi\" \/>\n\t<meta name=\"twitter:data1\" content=\"1 dakika\" \/>\n<script type=\"application\/ld+json\" class=\"yoast-schema-graph\">{\"@context\":\"https:\/\/schema.org\",\"@graph\":[{\"@type\":\"Organization\",\"@id\":\"https:\/\/bakirci.com\/ekipman\/#organization\",\"name\":\"Bak\\u0131rc\\u0131 garagineering\",\"url\":\"https:\/\/bakirci.com\/ekipman\/\",\"sameAs\":[\"https:\/\/www.facebook.com\/bakirci.garagineering\",\"https:\/\/www.instagram.com\/bakirci.garagineering\/\",\"https:\/\/www.linkedin.com\/company\/bakirci-garagineering\/\",\"https:\/\/www.youtube.com\/channel\/UCiVG6s_jALJ6Zk8085XiOQg\"],\"logo\":{\"@type\":\"ImageObject\",\"@id\":\"https:\/\/bakirci.com\/ekipman\/#logo\",\"inLanguage\":\"tr\",\"url\":\"https:\/\/bakirci.com\/ekipman\/wp-content\/uploads\/2021\/09\/Bakirci-logo-lacivert.png\",\"contentUrl\":\"https:\/\/bakirci.com\/ekipman\/wp-content\/uploads\/2021\/09\/Bakirci-logo-lacivert.png\",\"width\":501,\"height\":501,\"caption\":\"Bak\\u0131rc\\u0131 garagineering\"},\"image\":{\"@id\":\"https:\/\/bakirci.com\/ekipman\/#logo\"}},{\"@type\":\"WebSite\",\"@id\":\"https:\/\/bakirci.com\/ekipman\/#website\",\"url\":\"https:\/\/bakirci.com\/ekipman\/\",\"name\":\"Bak\\u0131rc\\u0131 Garagineering\",\"description\":\"Otomotiv sekt\\u00f6r\\u00fcne \\u00f6zel, \\u201c\\u00dcretici Standard\\u0131nda\\u201d \\u00e7\\u00f6z\\u00fcmler\\u2026\",\"publisher\":{\"@id\":\"https:\/\/bakirci.com\/ekipman\/#organization\"},\"potentialAction\":[{\"@type\":\"SearchAction\",\"target\":{\"@type\":\"EntryPoint\",\"urlTemplate\":\"https:\/\/bakirci.com\/ekipman\/?s={search_term_string}\"},\"query-input\":\"required name=search_term_string\"}],\"inLanguage\":\"tr\"},{\"@type\":\"ImageObject\",\"@id\":\"https:\/\/bakirci.com\/ekipman\/servis-ekipmanlari\/kaporta\/kaynak-cihazlari\/sinerjik-gazalti-kaynak-cihazigys-born-in-francepromig-400-4s-duo-dv2-torc-kaynak-akimi-40-350-a\/#primaryimage\",\"inLanguage\":\"tr\",\"url\":\"https:\/\/bakirci.com\/ekipman\/wp-content\/uploads\/2021\/01\/Promig-400-4S-DUO.jpg\",\"contentUrl\":\"https:\/\/bakirci.com\/ekipman\/wp-content\/uploads\/2021\/01\/Promig-400-4S-DUO.jpg\",\"width\":1600,\"height\":1600},{\"@type\":\"WebPage\",\"@id\":\"https:\/\/bakirci.com\/ekipman\/servis-ekipmanlari\/kaporta\/kaynak-cihazlari\/sinerjik-gazalti-kaynak-cihazigys-born-in-francepromig-400-4s-duo-dv2-torc-kaynak-akimi-40-350-a\/#webpage\",\"url\":\"https:\/\/bakirci.com\/ekipman\/servis-ekipmanlari\/kaporta\/kaynak-cihazlari\/sinerjik-gazalti-kaynak-cihazigys-born-in-francepromig-400-4s-duo-dv2-torc-kaynak-akimi-40-350-a\/\",\"name\":\"Sinerjik Gazalt\\u0131 Kaynak Cihaz\\u0131 GYS (Born in FRANCE)Promig 400-4S DUO.DV 2 tor\\u00e7, kaynak ak\\u0131m\\u0131 40-350 A - Bak\\u0131rc\\u0131 Garagineering\",\"isPartOf\":{\"@id\":\"https:\/\/bakirci.com\/ekipman\/#website\"},\"primaryImageOfPage\":{\"@id\":\"https:\/\/bakirci.com\/ekipman\/servis-ekipmanlari\/kaporta\/kaynak-cihazlari\/sinerjik-gazalti-kaynak-cihazigys-born-in-francepromig-400-4s-duo-dv2-torc-kaynak-akimi-40-350-a\/#primaryimage\"},\"datePublished\":\"2021-01-02T08:35:25+00:00\",\"dateModified\":\"2021-08-10T12:55:33+00:00\",\"breadcrumb\":{\"@id\":\"https:\/\/bakirci.com\/ekipman\/servis-ekipmanlari\/kaporta\/kaynak-cihazlari\/sinerjik-gazalti-kaynak-cihazigys-born-in-francepromig-400-4s-duo-dv2-torc-kaynak-akimi-40-350-a\/#breadcrumb\"},\"inLanguage\":\"tr\",\"potentialAction\":[{\"@type\":\"ReadAction\",\"target\":[\"https:\/\/bakirci.com\/ekipman\/servis-ekipmanlari\/kaporta\/kaynak-cihazlari\/sinerjik-gazalti-kaynak-cihazigys-born-in-francepromig-400-4s-duo-dv2-torc-kaynak-akimi-40-350-a\/\"]}]},{\"@type\":\"BreadcrumbList\",\"@id\":\"https:\/\/bakirci.com\/ekipman\/servis-ekipmanlari\/kaporta\/kaynak-cihazlari\/sinerjik-gazalti-kaynak-cihazigys-born-in-francepromig-400-4s-duo-dv2-torc-kaynak-akimi-40-350-a\/#breadcrumb\",\"itemListElement\":[{\"@type\":\"ListItem\",\"position\":1,\"name\":\"Ekipman\",\"item\":\"https:\/\/bakirci.com\/ekipman\/\"},{\"@type\":\"ListItem\",\"position\":2,\"name\":\"Otomotiv Tesisleri \\u0130\\u00e7in Servis Ekipmanlar\\u0131\",\"item\":\"https:\/\/bakirci.com\/ekipman\/\"},{\"@type\":\"ListItem\",\"position\":3,\"name\":\"Sinerjik Gazalt\\u0131 Kaynak Cihaz\\u0131GYS (Born in FRANCE)Promig 400-4S DUO.DV2 tor\\u00e7, kaynak ak\\u0131m\\u0131 40-350 A\"}]}]}<\/script>\n<!-- \/ Yoast SEO plugin. -->","yoast_head_json":{"title":"Sinerjik Gazalt\u0131 Kaynak Cihaz\u0131GYS (Born in FRANCE)Promig 400-4S DUO.DV2 tor\u00e7, kaynak ak\u0131m\u0131 40-350 A - Bak\u0131rc\u0131 Garagineering","robots":{"index":"index","follow":"follow","max-snippet":"max-snippet:-1","max-image-preview":"max-image-preview:large","max-video-preview":"max-video-preview:-1"},"canonical":"https:\/\/bakirci.com\/ekipman\/servis-ekipmanlari\/kaporta\/kaynak-cihazlari\/sinerjik-gazalti-kaynak-cihazigys-born-in-francepromig-400-4s-duo-dv2-torc-kaynak-akimi-40-350-a\/","og_locale":"tr_TR","og_type":"article","og_title":"Sinerjik Gazalt\u0131 Kaynak Cihaz\u0131GYS (Born in FRANCE)Promig 400-4S DUO.DV2 tor\u00e7, kaynak ak\u0131m\u0131 40-350 A - Bak\u0131rc\u0131 Garagineering","og_description":"Sinerjik Gazalt\u0131 Kaynak Cihaz\u0131 - Promig 400-4S DUO.DV  \u00c7elik, paslanmaz kayna\u011f\u0131 ve al\u00fcminyum kayna\u011f\u0131  Dijital ekran ve verimlili\u011fi artt\u0131ran \"2 Tor\u00e7\"  A\u011f\u0131r ticari ara\u00e7lar i\u00e7in \u00f6zel ilave tel s\u00fcrme kabini  Y\u00fcksek ara\u00e7larda kullan\u0131m kolayl\u0131\u011f\u0131  Tel y\u0131\u011f\u0131lmas\u0131n\u0131 engelleyen otomatik tel h\u0131z\u0131 ayar\u0131  Telin net ilerlemesini sa\u011flayan 4 tel s\u00fcrme makaral\u0131 sistemi  Son kullan\u0131c\u0131 kaynak parametrelerini kay\u0131t etme  Kaynak ak\u0131m\u0131 40-350 A  \u00c7al\u0131\u015fma voltaj\u0131 400 V","og_url":"https:\/\/bakirci.com\/ekipman\/servis-ekipmanlari\/kaporta\/kaynak-cihazlari\/sinerjik-gazalti-kaynak-cihazigys-born-in-francepromig-400-4s-duo-dv2-torc-kaynak-akimi-40-350-a\/","og_site_name":"Bak\u0131rc\u0131 Garagineering","article_publisher":"https:\/\/www.facebook.com\/bakirci.garagineering","article_modified_time":"2021-08-10T12:55:33+00:00","og_image":[{"width":1600,"height":1600,"url":"https:\/\/bakirci.com\/ekipman\/wp-content\/uploads\/2021\/01\/Promig-400-4S-DUO.jpg","path":"\/home\/bakirciwebsitesi\/public_html\/ekipman\/wp-content\/uploads\/2021\/01\/Promig-400-4S-DUO.jpg","size":"full","id":5511,"alt":"","pixels":2560000,"type":"image\/jpeg"}],"twitter_card":"summary_large_image","twitter_misc":{"Tahmini okuma s\u00fcresi":"1 dakika"},"schema":{"@context":"https:\/\/schema.org","@graph":[{"@type":"Organization","@id":"https:\/\/bakirci.com\/ekipman\/#organization","name":"Bak\u0131rc\u0131 garagineering","url":"https:\/\/bakirci.com\/ekipman\/","sameAs":["https:\/\/www.facebook.com\/bakirci.garagineering","https:\/\/www.instagram.com\/bakirci.garagineering\/","https:\/\/www.linkedin.com\/company\/bakirci-garagineering\/","https:\/\/www.youtube.com\/channel\/UCiVG6s_jALJ6Zk8085XiOQg"],"logo":{"@type":"ImageObject","@id":"https:\/\/bakirci.com\/ekipman\/#logo","inLanguage":"tr","url":"https:\/\/bakirci.com\/ekipman\/wp-content\/uploads\/2021\/09\/Bakirci-logo-lacivert.png","contentUrl":"https:\/\/bakirci.com\/ekipman\/wp-content\/uploads\/2021\/09\/Bakirci-logo-lacivert.png","width":501,"height":501,"caption":"Bak\u0131rc\u0131 garagineering"},"image":{"@id":"https:\/\/bakirci.com\/ekipman\/#logo"}},{"@type":"WebSite","@id":"https:\/\/bakirci.com\/ekipman\/#website","url":"https:\/\/bakirci.com\/ekipman\/","name":"Bak\u0131rc\u0131 Garagineering","description":"Otomotiv sekt\u00f6r\u00fcne \u00f6zel, \u201c\u00dcretici Standard\u0131nda\u201d \u00e7\u00f6z\u00fcmler\u2026","publisher":{"@id":"https:\/\/bakirci.com\/ekipman\/#organization"},"potentialAction":[{"@type":"SearchAction","target":{"@type":"EntryPoint","urlTemplate":"https:\/\/bakirci.com\/ekipman\/?s={search_term_string}"},"query-input":"required name=search_term_string"}],"inLanguage":"tr"},{"@type":"ImageObject","@id":"https:\/\/bakirci.com\/ekipman\/servis-ekipmanlari\/kaporta\/kaynak-cihazlari\/sinerjik-gazalti-kaynak-cihazigys-born-in-francepromig-400-4s-duo-dv2-torc-kaynak-akimi-40-350-a\/#primaryimage","inLanguage":"tr","url":"https:\/\/bakirci.com\/ekipman\/wp-content\/uploads\/2021\/01\/Promig-400-4S-DUO.jpg","contentUrl":"https:\/\/bakirci.com\/ekipman\/wp-content\/uploads\/2021\/01\/Promig-400-4S-DUO.jpg","width":1600,"height":1600},{"@type":"WebPage","@id":"https:\/\/bakirci.com\/ekipman\/servis-ekipmanlari\/kaporta\/kaynak-cihazlari\/sinerjik-gazalti-kaynak-cihazigys-born-in-francepromig-400-4s-duo-dv2-torc-kaynak-akimi-40-350-a\/#webpage","url":"https:\/\/bakirci.com\/ekipman\/servis-ekipmanlari\/kaporta\/kaynak-cihazlari\/sinerjik-gazalti-kaynak-cihazigys-born-in-francepromig-400-4s-duo-dv2-torc-kaynak-akimi-40-350-a\/","name":"Sinerjik Gazalt\u0131 Kaynak Cihaz\u0131 GYS (Born in FRANCE)Promig 400-4S DUO.DV 2 tor\u00e7, kaynak ak\u0131m\u0131 40-350 A - Bak\u0131rc\u0131 Garagineering","isPartOf":{"@id":"https:\/\/bakirci.com\/ekipman\/#website"},"primaryImageOfPage":{"@id":"https:\/\/bakirci.com\/ekipman\/servis-ekipmanlari\/kaporta\/kaynak-cihazlari\/sinerjik-gazalti-kaynak-cihazigys-born-in-francepromig-400-4s-duo-dv2-torc-kaynak-akimi-40-350-a\/#primaryimage"},"datePublished":"2021-01-02T08:35:25+00:00","dateModified":"2021-08-10T12:55:33+00:00","breadcrumb":{"@id":"https:\/\/bakirci.com\/ekipman\/servis-ekipmanlari\/kaporta\/kaynak-cihazlari\/sinerjik-gazalti-kaynak-cihazigys-born-in-francepromig-400-4s-duo-dv2-torc-kaynak-akimi-40-350-a\/#breadcrumb"},"inLanguage":"tr","potentialAction":[{"@type":"ReadAction","target":["https:\/\/bakirci.com\/ekipman\/servis-ekipmanlari\/kaporta\/kaynak-cihazlari\/sinerjik-gazalti-kaynak-cihazigys-born-in-francepromig-400-4s-duo-dv2-torc-kaynak-akimi-40-350-a\/"]}]},{"@type":"BreadcrumbList","@id":"https:\/\/bakirci.com\/ekipman\/servis-ekipmanlari\/kaporta\/kaynak-cihazlari\/sinerjik-gazalti-kaynak-cihazigys-born-in-francepromig-400-4s-duo-dv2-torc-kaynak-akimi-40-350-a\/#breadcrumb","itemListElement":[{"@type":"ListItem","position":1,"name":"Ekipman","item":"https:\/\/bakirci.com\/ekipman\/"},{"@type":"ListItem","position":2,"name":"Otomotiv Tesisleri \u0130\u00e7in Servis Ekipmanlar\u0131","item":"https:\/\/bakirci.com\/ekipman\/"},{"@type":"ListItem","position":3,"name":"Sinerjik Gazalt\u0131 Kaynak Cihaz\u0131GYS (Born in FRANCE)Promig 400-4S DUO.DV2 tor\u00e7, kaynak ak\u0131m\u0131 40-350 A"}]}]}},"_links":{"self":[{"href":"https:\/\/bakirci.com\/ekipman\/wp-json\/wp\/v2\/product\/4557","targetHints":{"allow":["GET"]}}],"collection":[{"href":"https:\/\/bakirci.com\/ekipman\/wp-json\/wp\/v2\/product"}],"about":[{"href":"https:\/\/bakirci.com\/ekipman\/wp-json\/wp\/v2\/types\/product"}],"replies":[{"embeddable":true,"href":"https:\/\/bakirci.com\/ekipman\/wp-json\/wp\/v2\/comments?post=4557"}],"wp:featuredmedia":[{"embeddable":true,"href":"https:\/\/bakirci.com\/ekipman\/wp-json\/wp\/v2\/media\/5511"}],"wp:attachment":[{"href":"https:\/\/bakirci.com\/ekipman\/wp-json\/wp\/v2\/media?parent=4557"}],"wp:term":[{"taxonomy":"product_cat","embeddable":true,"href":"https:\/\/bakirci.com\/ekipman\/wp-json\/wp\/v2\/product_cat?post=4557"},{"taxonomy":"product_tag","embeddable":true,"href":"https:\/\/bakirci.com\/ekipman\/wp-json\/wp\/v2\/product_tag?post=4557"}],"curies":[{"name":"wp","href":"https:\/\/api.w.org\/{rel}","templated":true}]}}