{"id":4552,"date":"2021-01-02T09:00:38","date_gmt":"2021-01-02T09:00:38","guid":{"rendered":"https:\/\/j6l.65c.myftpupload.com\/?post_type=product&#038;p=4552"},"modified":"2021-08-06T15:11:56","modified_gmt":"2021-08-06T15:11:56","slug":"punta-kaynak-cihazigys-born-in-francevas-821-101invertorlu-su-sogutmali-kaynak-akimi-14-500-a-elektrod-basma-gucu-550-dan-vw-group-onayli","status":"publish","type":"product","link":"https:\/\/bakirci.com\/ekipman\/servis-ekipmanlari\/kaporta\/kaynak-cihazlari\/punta-kaynak-cihazigys-born-in-francevas-821-101invertorlu-su-sogutmali-kaynak-akimi-14-500-a-elektrod-basma-gucu-550-dan-vw-group-onayli\/","title":{"rendered":"<p class=\"ustmetin\">Punta Kaynak Cihaz\u0131<\/p><p class=\"ortametin\">GYS <span class=\"ortametin2\">(Born in FRANCE)<\/span><p class=\"altmetin\">VAS 821 101<br>Invert\u00f6rl\u00fc, su so\u011futmal\u0131, kaynak ak\u0131m\u0131 14.500 A, <br>elektrod basma g\u00fcc\u00fc 550 daN, VW group onayl\u0131<\/p>"},"content":{"rendered":"<ul>\n<li>Punta Kaynak Cihaz\u0131 &#8211; VAS 821 101<\/li>\n<li>VW grubu ara\u00e7lar\u0131n, onar\u0131m\u0131nda kullan\u0131lan t\u00fcm kaynak parametrelerinin bulundu\u011fu \u00f6zel VW yaz\u0131l\u0131m\u0131<\/li>\n<li>Invert\u00f6r teknolojisi, su so\u011futmal\u0131 sistem<\/li>\n<li>G\u00fc\u00e7 kayb\u0131 olmayan \u00f6zel &#8220;Trafolu C Pense&#8221;<\/li>\n<li>Full otomatik &#8220;Spot7&#8221; kaynak teknolojisi<\/li>\n<li>Kaynak i\u015flemlerinin g\u00f6r\u00fcnt\u00fclenmesi, haf\u0131zaya al\u0131nmas\u0131 ve raporlanarak yazd\u0131r\u0131lmas\u0131<\/li>\n<li>Zay\u0131f ak\u0131mlarda otomatik ses uyar\u0131s\u0131<\/li>\n<li>Teleskopik sistemli balans\u00f6rl\u00fc pense ta\u015f\u0131y\u0131c\u0131 kol<\/li>\n<li>Balans\u00f6rl\u00fc C pense hareket halkas\u0131 &#8211; Gyro 360\u00b0<\/li>\n<li>Sac kaynatma kapasitesi 3+3+3 mm<\/li>\n<li>Maksimum kaynak ak\u0131m\u0131 14.500 A<\/li>\n<li>Elektrod basma g\u00fcc\u00fc 550 daN<\/li>\n<li>\u00c7al\u0131\u015fma voltaj\u0131 400 V<\/li>\n<\/ul>\n","protected":false},"excerpt":{"rendered":"<ul>\n<li>Punta Kaynak Cihaz\u0131 &#8211; VAS 821 101<\/li>\n<li>VW grubu ara\u00e7lar\u0131n, onar\u0131m\u0131nda kullan\u0131lan t\u00fcm kaynak parametrelerinin bulundu\u011fu \u00f6zel VW yaz\u0131l\u0131m\u0131<\/li>\n<li>Invert\u00f6r teknolojisi, su so\u011futmal\u0131 sistem<\/li>\n<li>G\u00fc\u00e7 kayb\u0131 olmayan \u00f6zel &#8220;Trafolu C Pense&#8221;<\/li>\n<li>Full otomatik &#8220;Spot7&#8221; kaynak teknolojisi<\/li>\n<li>Kaynak i\u015flemlerinin g\u00f6r\u00fcnt\u00fclenmesi, haf\u0131zaya al\u0131nmas\u0131 ve raporlanarak yazd\u0131r\u0131lmas\u0131<\/li>\n<li>Zay\u0131f ak\u0131mlarda otomatik ses uyar\u0131s\u0131<\/li>\n<li>Teleskopik sistemli balans\u00f6rl\u00fc pense ta\u015f\u0131y\u0131c\u0131 kol<\/li>\n<li>Balans\u00f6rl\u00fc C pense hareket halkas\u0131 &#8211; Gyro 360\u00b0<\/li>\n<li>Sac kaynatma kapasitesi 3+3+3 mm<\/li>\n<li>Maksimum kaynak ak\u0131m\u0131 14.500 A<\/li>\n<li>Elektrod basma g\u00fcc\u00fc 550 daN<\/li>\n<li>\u00c7al\u0131\u015fma voltaj\u0131 400 V<\/li>\n<\/ul>\n","protected":false},"featured_media":4715,"comment_status":"closed","ping_status":"closed","template":"","meta":[],"product_cat":[176],"product_tag":[664,686,684,674,680,679,673,672,682,346,687,678,677,668,662,681,667,685,663,676,670,669,675,671,665,666,683,690,689,688],"class_list":["post-4552","product","type-product","status-publish","has-post-thumbnail","hentry","pwb-brand-gys","product_cat-kaynak-cihazlari","product_tag-aliminyum-kaynak-cihazi","product_tag-alimunyum-kaynagi","product_tag-aluminyum-kaynagi","product_tag-ark-kaynagi","product_tag-cek-cek","product_tag-cekcek","product_tag-elektrod-kaynagi","product_tag-elektrot-kaynagi","product_tag-gocuk-duzeltme","product_tag-gys","product_tag-hizli-gocuk","product_tag-kaynakli-cektirme-cihazi","product_tag-kaynakli-cektirme-makinasi","product_tag-mig-mag-kaynagi","product_tag-nokta-kaynagi","product_tag-panel-duzeltme","product_tag-parca-birlestirme","product_tag-percin-kaynagi","product_tag-punto-kaynagi","product_tag-punto-makinasi","product_tag-puntolama-cihazi","product_tag-puntoloma-cihazi","product_tag-putolama-makinesi","product_tag-sac-kaynagi","product_tag-sari-kaynagi","product_tag-sari-kaynak-cihazi","product_tag-spot-kaynak","product_tag-tek-tarafli-punta","product_tag-tek-tarafli-punto","product_tag-vurdurmali-duzeltme"],"brands":[{"id":378,"name":"GYS","slug":"gys"}],"yoast_head":"<!-- This site is optimized with the Yoast SEO plugin v17.1 - https:\/\/yoast.com\/wordpress\/plugins\/seo\/ -->\n<title>Punta Kaynak Cihaz\u0131GYS (Born in FRANCE)VAS 821 101Invert\u00f6rl\u00fc, su so\u011futmal\u0131, kaynak ak\u0131m\u0131 14.500 A, elektrod basma g\u00fcc\u00fc 550 daN, VW group onayl\u0131 - Bak\u0131rc\u0131 Garagineering<\/title>\n<meta name=\"robots\" content=\"index, follow, max-snippet:-1, max-image-preview:large, max-video-preview:-1\" \/>\n<link rel=\"canonical\" href=\"https:\/\/bakirci.com\/ekipman\/servis-ekipmanlari\/kaporta\/kaynak-cihazlari\/punta-kaynak-cihazigys-born-in-francevas-821-101invertorlu-su-sogutmali-kaynak-akimi-14-500-a-elektrod-basma-gucu-550-dan-vw-group-onayli\/\" \/>\n<meta property=\"og:locale\" content=\"tr_TR\" \/>\n<meta property=\"og:type\" content=\"article\" \/>\n<meta property=\"og:title\" content=\"Punta Kaynak Cihaz\u0131GYS (Born in FRANCE)VAS 821 101Invert\u00f6rl\u00fc, su so\u011futmal\u0131, kaynak ak\u0131m\u0131 14.500 A, elektrod basma g\u00fcc\u00fc 550 daN, VW group onayl\u0131 - Bak\u0131rc\u0131 Garagineering\" \/>\n<meta property=\"og:description\" content=\"Punta Kaynak Cihaz\u0131 - VAS 821 101  VW grubu ara\u00e7lar\u0131n, onar\u0131m\u0131nda kullan\u0131lan t\u00fcm kaynak parametrelerinin bulundu\u011fu \u00f6zel VW yaz\u0131l\u0131m\u0131  Invert\u00f6r teknolojisi, su so\u011futmal\u0131 sistem  G\u00fc\u00e7 kayb\u0131 olmayan \u00f6zel &quot;Trafolu C Pense&quot;  Full otomatik &quot;Spot7&quot; kaynak teknolojisi  Kaynak i\u015flemlerinin g\u00f6r\u00fcnt\u00fclenmesi, haf\u0131zaya al\u0131nmas\u0131 ve raporlanarak yazd\u0131r\u0131lmas\u0131  Zay\u0131f ak\u0131mlarda otomatik ses uyar\u0131s\u0131  Teleskopik sistemli balans\u00f6rl\u00fc pense ta\u015f\u0131y\u0131c\u0131 kol  Balans\u00f6rl\u00fc C pense hareket halkas\u0131 - Gyro 360\u00b0  Sac kaynatma kapasitesi 3+3+3 mm  Maksimum kaynak ak\u0131m\u0131 14.500 A  Elektrod basma g\u00fcc\u00fc 550 daN  \u00c7al\u0131\u015fma voltaj\u0131 400 V\" \/>\n<meta property=\"og:url\" content=\"https:\/\/bakirci.com\/ekipman\/servis-ekipmanlari\/kaporta\/kaynak-cihazlari\/punta-kaynak-cihazigys-born-in-francevas-821-101invertorlu-su-sogutmali-kaynak-akimi-14-500-a-elektrod-basma-gucu-550-dan-vw-group-onayli\/\" \/>\n<meta property=\"og:site_name\" content=\"Bak\u0131rc\u0131 Garagineering\" \/>\n<meta property=\"article:publisher\" content=\"https:\/\/www.facebook.com\/bakirci.garagineering\" \/>\n<meta property=\"article:modified_time\" content=\"2021-08-06T15:11:56+00:00\" \/>\n<meta property=\"og:image\" content=\"https:\/\/bakirci.com\/ekipman\/wp-content\/uploads\/2021\/06\/VAS-821-101.png\" \/>\n\t<meta property=\"og:image:width\" content=\"1069\" \/>\n\t<meta property=\"og:image:height\" content=\"1068\" \/>\n<meta name=\"twitter:card\" content=\"summary_large_image\" \/>\n<meta name=\"twitter:label1\" content=\"Tahmini okuma s\u00fcresi\" \/>\n\t<meta name=\"twitter:data1\" content=\"1 dakika\" \/>\n<script type=\"application\/ld+json\" class=\"yoast-schema-graph\">{\"@context\":\"https:\/\/schema.org\",\"@graph\":[{\"@type\":\"Organization\",\"@id\":\"https:\/\/bakirci.com\/ekipman\/#organization\",\"name\":\"Bak\\u0131rc\\u0131 garagineering\",\"url\":\"https:\/\/bakirci.com\/ekipman\/\",\"sameAs\":[\"https:\/\/www.facebook.com\/bakirci.garagineering\",\"https:\/\/www.instagram.com\/bakirci.garagineering\/\",\"https:\/\/www.linkedin.com\/company\/bakirci-garagineering\/\",\"https:\/\/www.youtube.com\/channel\/UCiVG6s_jALJ6Zk8085XiOQg\"],\"logo\":{\"@type\":\"ImageObject\",\"@id\":\"https:\/\/bakirci.com\/ekipman\/#logo\",\"inLanguage\":\"tr\",\"url\":\"https:\/\/bakirci.com\/ekipman\/wp-content\/uploads\/2021\/09\/Bakirci-logo-lacivert.png\",\"contentUrl\":\"https:\/\/bakirci.com\/ekipman\/wp-content\/uploads\/2021\/09\/Bakirci-logo-lacivert.png\",\"width\":501,\"height\":501,\"caption\":\"Bak\\u0131rc\\u0131 garagineering\"},\"image\":{\"@id\":\"https:\/\/bakirci.com\/ekipman\/#logo\"}},{\"@type\":\"WebSite\",\"@id\":\"https:\/\/bakirci.com\/ekipman\/#website\",\"url\":\"https:\/\/bakirci.com\/ekipman\/\",\"name\":\"Bak\\u0131rc\\u0131 Garagineering\",\"description\":\"Otomotiv sekt\\u00f6r\\u00fcne \\u00f6zel, \\u201c\\u00dcretici Standard\\u0131nda\\u201d \\u00e7\\u00f6z\\u00fcmler\\u2026\",\"publisher\":{\"@id\":\"https:\/\/bakirci.com\/ekipman\/#organization\"},\"potentialAction\":[{\"@type\":\"SearchAction\",\"target\":{\"@type\":\"EntryPoint\",\"urlTemplate\":\"https:\/\/bakirci.com\/ekipman\/?s={search_term_string}\"},\"query-input\":\"required name=search_term_string\"}],\"inLanguage\":\"tr\"},{\"@type\":\"ImageObject\",\"@id\":\"https:\/\/bakirci.com\/ekipman\/servis-ekipmanlari\/kaporta\/kaynak-cihazlari\/punta-kaynak-cihazigys-born-in-francevas-821-101invertorlu-su-sogutmali-kaynak-akimi-14-500-a-elektrod-basma-gucu-550-dan-vw-group-onayli\/#primaryimage\",\"inLanguage\":\"tr\",\"url\":\"https:\/\/bakirci.com\/ekipman\/wp-content\/uploads\/2021\/06\/VAS-821-101.png\",\"contentUrl\":\"https:\/\/bakirci.com\/ekipman\/wp-content\/uploads\/2021\/06\/VAS-821-101.png\",\"width\":1069,\"height\":1068},{\"@type\":\"WebPage\",\"@id\":\"https:\/\/bakirci.com\/ekipman\/servis-ekipmanlari\/kaporta\/kaynak-cihazlari\/punta-kaynak-cihazigys-born-in-francevas-821-101invertorlu-su-sogutmali-kaynak-akimi-14-500-a-elektrod-basma-gucu-550-dan-vw-group-onayli\/#webpage\",\"url\":\"https:\/\/bakirci.com\/ekipman\/servis-ekipmanlari\/kaporta\/kaynak-cihazlari\/punta-kaynak-cihazigys-born-in-francevas-821-101invertorlu-su-sogutmali-kaynak-akimi-14-500-a-elektrod-basma-gucu-550-dan-vw-group-onayli\/\",\"name\":\"Punta Kaynak Cihaz\\u0131 GYS (Born in FRANCE)VAS 821 101 Invert\\u00f6rl\\u00fc, su so\\u011futmal\\u0131, kaynak ak\\u0131m\\u0131 14.500 A, elektrod basma g\\u00fcc\\u00fc 550 daN, VW group onayl\\u0131 - Bak\\u0131rc\\u0131 Garagineering\",\"isPartOf\":{\"@id\":\"https:\/\/bakirci.com\/ekipman\/#website\"},\"primaryImageOfPage\":{\"@id\":\"https:\/\/bakirci.com\/ekipman\/servis-ekipmanlari\/kaporta\/kaynak-cihazlari\/punta-kaynak-cihazigys-born-in-francevas-821-101invertorlu-su-sogutmali-kaynak-akimi-14-500-a-elektrod-basma-gucu-550-dan-vw-group-onayli\/#primaryimage\"},\"datePublished\":\"2021-01-02T09:00:38+00:00\",\"dateModified\":\"2021-08-06T15:11:56+00:00\",\"breadcrumb\":{\"@id\":\"https:\/\/bakirci.com\/ekipman\/servis-ekipmanlari\/kaporta\/kaynak-cihazlari\/punta-kaynak-cihazigys-born-in-francevas-821-101invertorlu-su-sogutmali-kaynak-akimi-14-500-a-elektrod-basma-gucu-550-dan-vw-group-onayli\/#breadcrumb\"},\"inLanguage\":\"tr\",\"potentialAction\":[{\"@type\":\"ReadAction\",\"target\":[\"https:\/\/bakirci.com\/ekipman\/servis-ekipmanlari\/kaporta\/kaynak-cihazlari\/punta-kaynak-cihazigys-born-in-francevas-821-101invertorlu-su-sogutmali-kaynak-akimi-14-500-a-elektrod-basma-gucu-550-dan-vw-group-onayli\/\"]}]},{\"@type\":\"BreadcrumbList\",\"@id\":\"https:\/\/bakirci.com\/ekipman\/servis-ekipmanlari\/kaporta\/kaynak-cihazlari\/punta-kaynak-cihazigys-born-in-francevas-821-101invertorlu-su-sogutmali-kaynak-akimi-14-500-a-elektrod-basma-gucu-550-dan-vw-group-onayli\/#breadcrumb\",\"itemListElement\":[{\"@type\":\"ListItem\",\"position\":1,\"name\":\"Ekipman\",\"item\":\"https:\/\/bakirci.com\/ekipman\/\"},{\"@type\":\"ListItem\",\"position\":2,\"name\":\"Otomotiv Tesisleri \\u0130\\u00e7in Servis Ekipmanlar\\u0131\",\"item\":\"https:\/\/bakirci.com\/ekipman\/\"},{\"@type\":\"ListItem\",\"position\":3,\"name\":\"Punta Kaynak Cihaz\\u0131GYS (Born in FRANCE)VAS 821 101Invert\\u00f6rl\\u00fc, su so\\u011futmal\\u0131, kaynak ak\\u0131m\\u0131 14.500 A, elektrod basma g\\u00fcc\\u00fc 550 daN, VW group onayl\\u0131\"}]}]}<\/script>\n<!-- \/ Yoast SEO plugin. -->","yoast_head_json":{"title":"Punta Kaynak Cihaz\u0131GYS (Born in FRANCE)VAS 821 101Invert\u00f6rl\u00fc, su so\u011futmal\u0131, kaynak ak\u0131m\u0131 14.500 A, elektrod basma g\u00fcc\u00fc 550 daN, VW group onayl\u0131 - Bak\u0131rc\u0131 Garagineering","robots":{"index":"index","follow":"follow","max-snippet":"max-snippet:-1","max-image-preview":"max-image-preview:large","max-video-preview":"max-video-preview:-1"},"canonical":"https:\/\/bakirci.com\/ekipman\/servis-ekipmanlari\/kaporta\/kaynak-cihazlari\/punta-kaynak-cihazigys-born-in-francevas-821-101invertorlu-su-sogutmali-kaynak-akimi-14-500-a-elektrod-basma-gucu-550-dan-vw-group-onayli\/","og_locale":"tr_TR","og_type":"article","og_title":"Punta Kaynak Cihaz\u0131GYS (Born in FRANCE)VAS 821 101Invert\u00f6rl\u00fc, su so\u011futmal\u0131, kaynak ak\u0131m\u0131 14.500 A, elektrod basma g\u00fcc\u00fc 550 daN, VW group onayl\u0131 - Bak\u0131rc\u0131 Garagineering","og_description":"Punta Kaynak Cihaz\u0131 - VAS 821 101  VW grubu ara\u00e7lar\u0131n, onar\u0131m\u0131nda kullan\u0131lan t\u00fcm kaynak parametrelerinin bulundu\u011fu \u00f6zel VW yaz\u0131l\u0131m\u0131  Invert\u00f6r teknolojisi, su so\u011futmal\u0131 sistem  G\u00fc\u00e7 kayb\u0131 olmayan \u00f6zel \"Trafolu C Pense\"  Full otomatik \"Spot7\" kaynak teknolojisi  Kaynak i\u015flemlerinin g\u00f6r\u00fcnt\u00fclenmesi, haf\u0131zaya al\u0131nmas\u0131 ve raporlanarak yazd\u0131r\u0131lmas\u0131  Zay\u0131f ak\u0131mlarda otomatik ses uyar\u0131s\u0131  Teleskopik sistemli balans\u00f6rl\u00fc pense ta\u015f\u0131y\u0131c\u0131 kol  Balans\u00f6rl\u00fc C pense hareket halkas\u0131 - Gyro 360\u00b0  Sac kaynatma kapasitesi 3+3+3 mm  Maksimum kaynak ak\u0131m\u0131 14.500 A  Elektrod basma g\u00fcc\u00fc 550 daN  \u00c7al\u0131\u015fma voltaj\u0131 400 V","og_url":"https:\/\/bakirci.com\/ekipman\/servis-ekipmanlari\/kaporta\/kaynak-cihazlari\/punta-kaynak-cihazigys-born-in-francevas-821-101invertorlu-su-sogutmali-kaynak-akimi-14-500-a-elektrod-basma-gucu-550-dan-vw-group-onayli\/","og_site_name":"Bak\u0131rc\u0131 Garagineering","article_publisher":"https:\/\/www.facebook.com\/bakirci.garagineering","article_modified_time":"2021-08-06T15:11:56+00:00","og_image":[{"width":1069,"height":1068,"url":"https:\/\/bakirci.com\/ekipman\/wp-content\/uploads\/2021\/06\/VAS-821-101.png","path":"\/home\/bakirciwebsitesi\/public_html\/ekipman\/wp-content\/uploads\/2021\/06\/VAS-821-101.png","size":"full","id":4715,"alt":"","pixels":1141692,"type":"image\/png"}],"twitter_card":"summary_large_image","twitter_misc":{"Tahmini okuma s\u00fcresi":"1 dakika"},"schema":{"@context":"https:\/\/schema.org","@graph":[{"@type":"Organization","@id":"https:\/\/bakirci.com\/ekipman\/#organization","name":"Bak\u0131rc\u0131 garagineering","url":"https:\/\/bakirci.com\/ekipman\/","sameAs":["https:\/\/www.facebook.com\/bakirci.garagineering","https:\/\/www.instagram.com\/bakirci.garagineering\/","https:\/\/www.linkedin.com\/company\/bakirci-garagineering\/","https:\/\/www.youtube.com\/channel\/UCiVG6s_jALJ6Zk8085XiOQg"],"logo":{"@type":"ImageObject","@id":"https:\/\/bakirci.com\/ekipman\/#logo","inLanguage":"tr","url":"https:\/\/bakirci.com\/ekipman\/wp-content\/uploads\/2021\/09\/Bakirci-logo-lacivert.png","contentUrl":"https:\/\/bakirci.com\/ekipman\/wp-content\/uploads\/2021\/09\/Bakirci-logo-lacivert.png","width":501,"height":501,"caption":"Bak\u0131rc\u0131 garagineering"},"image":{"@id":"https:\/\/bakirci.com\/ekipman\/#logo"}},{"@type":"WebSite","@id":"https:\/\/bakirci.com\/ekipman\/#website","url":"https:\/\/bakirci.com\/ekipman\/","name":"Bak\u0131rc\u0131 Garagineering","description":"Otomotiv sekt\u00f6r\u00fcne \u00f6zel, \u201c\u00dcretici Standard\u0131nda\u201d \u00e7\u00f6z\u00fcmler\u2026","publisher":{"@id":"https:\/\/bakirci.com\/ekipman\/#organization"},"potentialAction":[{"@type":"SearchAction","target":{"@type":"EntryPoint","urlTemplate":"https:\/\/bakirci.com\/ekipman\/?s={search_term_string}"},"query-input":"required name=search_term_string"}],"inLanguage":"tr"},{"@type":"ImageObject","@id":"https:\/\/bakirci.com\/ekipman\/servis-ekipmanlari\/kaporta\/kaynak-cihazlari\/punta-kaynak-cihazigys-born-in-francevas-821-101invertorlu-su-sogutmali-kaynak-akimi-14-500-a-elektrod-basma-gucu-550-dan-vw-group-onayli\/#primaryimage","inLanguage":"tr","url":"https:\/\/bakirci.com\/ekipman\/wp-content\/uploads\/2021\/06\/VAS-821-101.png","contentUrl":"https:\/\/bakirci.com\/ekipman\/wp-content\/uploads\/2021\/06\/VAS-821-101.png","width":1069,"height":1068},{"@type":"WebPage","@id":"https:\/\/bakirci.com\/ekipman\/servis-ekipmanlari\/kaporta\/kaynak-cihazlari\/punta-kaynak-cihazigys-born-in-francevas-821-101invertorlu-su-sogutmali-kaynak-akimi-14-500-a-elektrod-basma-gucu-550-dan-vw-group-onayli\/#webpage","url":"https:\/\/bakirci.com\/ekipman\/servis-ekipmanlari\/kaporta\/kaynak-cihazlari\/punta-kaynak-cihazigys-born-in-francevas-821-101invertorlu-su-sogutmali-kaynak-akimi-14-500-a-elektrod-basma-gucu-550-dan-vw-group-onayli\/","name":"Punta Kaynak Cihaz\u0131 GYS (Born in FRANCE)VAS 821 101 Invert\u00f6rl\u00fc, su so\u011futmal\u0131, kaynak ak\u0131m\u0131 14.500 A, elektrod basma g\u00fcc\u00fc 550 daN, VW group onayl\u0131 - Bak\u0131rc\u0131 Garagineering","isPartOf":{"@id":"https:\/\/bakirci.com\/ekipman\/#website"},"primaryImageOfPage":{"@id":"https:\/\/bakirci.com\/ekipman\/servis-ekipmanlari\/kaporta\/kaynak-cihazlari\/punta-kaynak-cihazigys-born-in-francevas-821-101invertorlu-su-sogutmali-kaynak-akimi-14-500-a-elektrod-basma-gucu-550-dan-vw-group-onayli\/#primaryimage"},"datePublished":"2021-01-02T09:00:38+00:00","dateModified":"2021-08-06T15:11:56+00:00","breadcrumb":{"@id":"https:\/\/bakirci.com\/ekipman\/servis-ekipmanlari\/kaporta\/kaynak-cihazlari\/punta-kaynak-cihazigys-born-in-francevas-821-101invertorlu-su-sogutmali-kaynak-akimi-14-500-a-elektrod-basma-gucu-550-dan-vw-group-onayli\/#breadcrumb"},"inLanguage":"tr","potentialAction":[{"@type":"ReadAction","target":["https:\/\/bakirci.com\/ekipman\/servis-ekipmanlari\/kaporta\/kaynak-cihazlari\/punta-kaynak-cihazigys-born-in-francevas-821-101invertorlu-su-sogutmali-kaynak-akimi-14-500-a-elektrod-basma-gucu-550-dan-vw-group-onayli\/"]}]},{"@type":"BreadcrumbList","@id":"https:\/\/bakirci.com\/ekipman\/servis-ekipmanlari\/kaporta\/kaynak-cihazlari\/punta-kaynak-cihazigys-born-in-francevas-821-101invertorlu-su-sogutmali-kaynak-akimi-14-500-a-elektrod-basma-gucu-550-dan-vw-group-onayli\/#breadcrumb","itemListElement":[{"@type":"ListItem","position":1,"name":"Ekipman","item":"https:\/\/bakirci.com\/ekipman\/"},{"@type":"ListItem","position":2,"name":"Otomotiv Tesisleri \u0130\u00e7in Servis Ekipmanlar\u0131","item":"https:\/\/bakirci.com\/ekipman\/"},{"@type":"ListItem","position":3,"name":"Punta Kaynak Cihaz\u0131GYS (Born in FRANCE)VAS 821 101Invert\u00f6rl\u00fc, su so\u011futmal\u0131, kaynak ak\u0131m\u0131 14.500 A, elektrod basma g\u00fcc\u00fc 550 daN, VW group onayl\u0131"}]}]}},"_links":{"self":[{"href":"https:\/\/bakirci.com\/ekipman\/wp-json\/wp\/v2\/product\/4552","targetHints":{"allow":["GET"]}}],"collection":[{"href":"https:\/\/bakirci.com\/ekipman\/wp-json\/wp\/v2\/product"}],"about":[{"href":"https:\/\/bakirci.com\/ekipman\/wp-json\/wp\/v2\/types\/product"}],"replies":[{"embeddable":true,"href":"https:\/\/bakirci.com\/ekipman\/wp-json\/wp\/v2\/comments?post=4552"}],"wp:featuredmedia":[{"embeddable":true,"href":"https:\/\/bakirci.com\/ekipman\/wp-json\/wp\/v2\/media\/4715"}],"wp:attachment":[{"href":"https:\/\/bakirci.com\/ekipman\/wp-json\/wp\/v2\/media?parent=4552"}],"wp:term":[{"taxonomy":"product_cat","embeddable":true,"href":"https:\/\/bakirci.com\/ekipman\/wp-json\/wp\/v2\/product_cat?post=4552"},{"taxonomy":"product_tag","embeddable":true,"href":"https:\/\/bakirci.com\/ekipman\/wp-json\/wp\/v2\/product_tag?post=4552"}],"curies":[{"name":"wp","href":"https:\/\/api.w.org\/{rel}","templated":true}]}}