{"id":4547,"date":"2021-01-02T09:20:53","date_gmt":"2021-01-02T09:20:53","guid":{"rendered":"https:\/\/j6l.65c.myftpupload.com\/?post_type=product&#038;p=4547"},"modified":"2022-04-18T06:33:47","modified_gmt":"2022-04-18T06:33:47","slug":"punta-kaynak-cihazigys-born-in-francegyspot-inverter-100-r-xkaynak-akimi-10-000-a-elektrod-basma-gucu-500-dan","status":"publish","type":"product","link":"https:\/\/bakirci.com\/ekipman\/servis-ekipmanlari\/kaporta\/kaynak-cihazlari\/punta-kaynak-cihazigys-born-in-francegyspot-inverter-100-r-xkaynak-akimi-10-000-a-elektrod-basma-gucu-500-dan\/","title":{"rendered":"<p class=\"ustmetin\">Punta Kaynak Cihaz\u0131<\/p><p class=\"ortametin\">GYS <span class=\"ortametin2\">(Born in FRANCE)<\/span><p class=\"altmetin\">Gyspot Inverter 100 R-X<br>Kaynak ak\u0131m\u0131 10.000 A, elektrod basma g\u00fcc\u00fc<br>500 dAN <\/p>"},"content":{"rendered":"<ul>\n<li>Punta Kaynak Cihaz\u0131 &#8211; Gyspot Inverter 100 R-X<\/li>\n<li>Her t\u00fcrl\u00fc m\u00fcdahale i\u00e7in ideal X \u015fekilli pense<\/li>\n<li>Invert\u00f6r teknolojisi, hava so\u011futmal\u0131 sistem<\/li>\n<li>Vurdurmal\u0131 d\u00fczeltme kolu<\/li>\n<li>Spotter box \u00e7ektirme aksesuar seti<\/li>\n<li>Tek tarafl\u0131 punta kaynak elektrodu<\/li>\n<li>Teleskopik sistemli pense ta\u015f\u0131y\u0131c\u0131 kol<\/li>\n<li>\u00d6zel ta\u015f\u0131y\u0131c\u0131 hareketli araba<\/li>\n<li>Elektrod kollar\u0131 (RX2+RX3)<\/li>\n<li>Maksimum kaynak ak\u0131m\u0131 10.000 A<\/li>\n<li>Elektrod basma g\u00fcc\u00fc 500 dAN<\/li>\n<li>\u00c7al\u0131\u015fma voltaj\u0131 400 V<\/li>\n<\/ul>\n","protected":false},"excerpt":{"rendered":"<ul>\n<li>Punta Kaynak Cihaz\u0131 &#8211; Gyspot Inverter 100 R-X<\/li>\n<li>Her t\u00fcrl\u00fc m\u00fcdahale i\u00e7in ideal X \u015fekilli pense<\/li>\n<li>Invert\u00f6r teknolojisi, hava so\u011futmal\u0131 sistem<\/li>\n<li>Vurdurmal\u0131 d\u00fczeltme kolu<\/li>\n<li>Spotter box \u00e7ektirme aksesuar seti<\/li>\n<li>Tek tarafl\u0131 punta kaynak elektrodu<\/li>\n<li>Teleskopik sistemli pense ta\u015f\u0131y\u0131c\u0131 kol<\/li>\n<li>\u00d6zel ta\u015f\u0131y\u0131c\u0131 hareketli araba<\/li>\n<li>Elektrod kollar\u0131 (RX2+RX3)<\/li>\n<li>Maksimum kaynak ak\u0131m\u0131 10.000 A<\/li>\n<li>Elektrod basma g\u00fcc\u00fc 500 dAN<\/li>\n<li>\u00c7al\u0131\u015fma voltaj\u0131 400 V<\/li>\n<\/ul>\n","protected":false},"featured_media":6078,"comment_status":"closed","ping_status":"closed","template":"","meta":[],"product_cat":[176],"product_tag":[664,686,684,674,680,679,673,672,682,346,687,678,677,668,662,681,667,685,663,676,670,669,675,671,665,666,683,690,689,688],"class_list":["post-4547","product","type-product","status-publish","has-post-thumbnail","hentry","pwb-brand-gys","product_cat-kaynak-cihazlari","product_tag-aliminyum-kaynak-cihazi","product_tag-alimunyum-kaynagi","product_tag-aluminyum-kaynagi","product_tag-ark-kaynagi","product_tag-cek-cek","product_tag-cekcek","product_tag-elektrod-kaynagi","product_tag-elektrot-kaynagi","product_tag-gocuk-duzeltme","product_tag-gys","product_tag-hizli-gocuk","product_tag-kaynakli-cektirme-cihazi","product_tag-kaynakli-cektirme-makinasi","product_tag-mig-mag-kaynagi","product_tag-nokta-kaynagi","product_tag-panel-duzeltme","product_tag-parca-birlestirme","product_tag-percin-kaynagi","product_tag-punto-kaynagi","product_tag-punto-makinasi","product_tag-puntolama-cihazi","product_tag-puntoloma-cihazi","product_tag-putolama-makinesi","product_tag-sac-kaynagi","product_tag-sari-kaynagi","product_tag-sari-kaynak-cihazi","product_tag-spot-kaynak","product_tag-tek-tarafli-punta","product_tag-tek-tarafli-punto","product_tag-vurdurmali-duzeltme"],"brands":[{"id":378,"name":"GYS","slug":"gys"}],"yoast_head":"<!-- This site is optimized with the Yoast SEO plugin v17.1 - https:\/\/yoast.com\/wordpress\/plugins\/seo\/ -->\n<title>Punta Kaynak Cihaz\u0131GYS (Born in FRANCE)Gyspot Inverter 100 R-XKaynak ak\u0131m\u0131 10.000 A, elektrod basma g\u00fcc\u00fc500 dAN  - Bak\u0131rc\u0131 Garagineering<\/title>\n<meta name=\"robots\" content=\"index, follow, max-snippet:-1, max-image-preview:large, max-video-preview:-1\" \/>\n<link rel=\"canonical\" href=\"https:\/\/bakirci.com\/ekipman\/servis-ekipmanlari\/kaporta\/kaynak-cihazlari\/punta-kaynak-cihazigys-born-in-francegyspot-inverter-100-r-xkaynak-akimi-10-000-a-elektrod-basma-gucu-500-dan\/\" \/>\n<meta property=\"og:locale\" content=\"tr_TR\" \/>\n<meta property=\"og:type\" content=\"article\" \/>\n<meta property=\"og:title\" content=\"Punta Kaynak Cihaz\u0131GYS (Born in FRANCE)Gyspot Inverter 100 R-XKaynak ak\u0131m\u0131 10.000 A, elektrod basma g\u00fcc\u00fc500 dAN  - Bak\u0131rc\u0131 Garagineering\" \/>\n<meta property=\"og:description\" content=\"Punta Kaynak Cihaz\u0131 - Gyspot Inverter 100 R-X  Her t\u00fcrl\u00fc m\u00fcdahale i\u00e7in ideal X \u015fekilli pense  Invert\u00f6r teknolojisi, hava so\u011futmal\u0131 sistem  Vurdurmal\u0131 d\u00fczeltme kolu  Spotter box \u00e7ektirme aksesuar seti  Tek tarafl\u0131 punta kaynak elektrodu  Teleskopik sistemli pense ta\u015f\u0131y\u0131c\u0131 kol  \u00d6zel ta\u015f\u0131y\u0131c\u0131 hareketli araba  Elektrod kollar\u0131 (RX2+RX3)  Maksimum kaynak ak\u0131m\u0131 10.000 A  Elektrod basma g\u00fcc\u00fc 500 dAN  \u00c7al\u0131\u015fma voltaj\u0131 400 V\" \/>\n<meta property=\"og:url\" content=\"https:\/\/bakirci.com\/ekipman\/servis-ekipmanlari\/kaporta\/kaynak-cihazlari\/punta-kaynak-cihazigys-born-in-francegyspot-inverter-100-r-xkaynak-akimi-10-000-a-elektrod-basma-gucu-500-dan\/\" \/>\n<meta property=\"og:site_name\" content=\"Bak\u0131rc\u0131 Garagineering\" \/>\n<meta property=\"article:publisher\" content=\"https:\/\/www.facebook.com\/bakirci.garagineering\" \/>\n<meta property=\"article:modified_time\" content=\"2022-04-18T06:33:47+00:00\" \/>\n<meta property=\"og:image\" content=\"https:\/\/bakirci.com\/ekipman\/wp-content\/uploads\/2021\/01\/100-R-X-1.png\" \/>\n\t<meta property=\"og:image:width\" content=\"1200\" \/>\n\t<meta property=\"og:image:height\" content=\"1200\" \/>\n<meta name=\"twitter:card\" content=\"summary_large_image\" \/>\n<meta name=\"twitter:label1\" content=\"Tahmini okuma s\u00fcresi\" \/>\n\t<meta name=\"twitter:data1\" content=\"1 dakika\" \/>\n<script type=\"application\/ld+json\" class=\"yoast-schema-graph\">{\"@context\":\"https:\/\/schema.org\",\"@graph\":[{\"@type\":\"Organization\",\"@id\":\"https:\/\/bakirci.com\/ekipman\/#organization\",\"name\":\"Bak\\u0131rc\\u0131 garagineering\",\"url\":\"https:\/\/bakirci.com\/ekipman\/\",\"sameAs\":[\"https:\/\/www.facebook.com\/bakirci.garagineering\",\"https:\/\/www.instagram.com\/bakirci.garagineering\/\",\"https:\/\/www.linkedin.com\/company\/bakirci-garagineering\/\",\"https:\/\/www.youtube.com\/channel\/UCiVG6s_jALJ6Zk8085XiOQg\"],\"logo\":{\"@type\":\"ImageObject\",\"@id\":\"https:\/\/bakirci.com\/ekipman\/#logo\",\"inLanguage\":\"tr\",\"url\":\"https:\/\/bakirci.com\/ekipman\/wp-content\/uploads\/2021\/09\/Bakirci-logo-lacivert.png\",\"contentUrl\":\"https:\/\/bakirci.com\/ekipman\/wp-content\/uploads\/2021\/09\/Bakirci-logo-lacivert.png\",\"width\":501,\"height\":501,\"caption\":\"Bak\\u0131rc\\u0131 garagineering\"},\"image\":{\"@id\":\"https:\/\/bakirci.com\/ekipman\/#logo\"}},{\"@type\":\"WebSite\",\"@id\":\"https:\/\/bakirci.com\/ekipman\/#website\",\"url\":\"https:\/\/bakirci.com\/ekipman\/\",\"name\":\"Bak\\u0131rc\\u0131 Garagineering\",\"description\":\"Otomotiv sekt\\u00f6r\\u00fcne \\u00f6zel, \\u201c\\u00dcretici Standard\\u0131nda\\u201d \\u00e7\\u00f6z\\u00fcmler\\u2026\",\"publisher\":{\"@id\":\"https:\/\/bakirci.com\/ekipman\/#organization\"},\"potentialAction\":[{\"@type\":\"SearchAction\",\"target\":{\"@type\":\"EntryPoint\",\"urlTemplate\":\"https:\/\/bakirci.com\/ekipman\/?s={search_term_string}\"},\"query-input\":\"required name=search_term_string\"}],\"inLanguage\":\"tr\"},{\"@type\":\"ImageObject\",\"@id\":\"https:\/\/bakirci.com\/ekipman\/servis-ekipmanlari\/kaporta\/kaynak-cihazlari\/punta-kaynak-cihazigys-born-in-francegyspot-inverter-100-r-xkaynak-akimi-10-000-a-elektrod-basma-gucu-500-dan\/#primaryimage\",\"inLanguage\":\"tr\",\"url\":\"https:\/\/bakirci.com\/ekipman\/wp-content\/uploads\/2021\/01\/100-R-X-1.png\",\"contentUrl\":\"https:\/\/bakirci.com\/ekipman\/wp-content\/uploads\/2021\/01\/100-R-X-1.png\",\"width\":1200,\"height\":1200},{\"@type\":\"WebPage\",\"@id\":\"https:\/\/bakirci.com\/ekipman\/servis-ekipmanlari\/kaporta\/kaynak-cihazlari\/punta-kaynak-cihazigys-born-in-francegyspot-inverter-100-r-xkaynak-akimi-10-000-a-elektrod-basma-gucu-500-dan\/#webpage\",\"url\":\"https:\/\/bakirci.com\/ekipman\/servis-ekipmanlari\/kaporta\/kaynak-cihazlari\/punta-kaynak-cihazigys-born-in-francegyspot-inverter-100-r-xkaynak-akimi-10-000-a-elektrod-basma-gucu-500-dan\/\",\"name\":\"Punta Kaynak Cihaz\\u0131 GYS (Born in FRANCE)Gyspot Inverter 100 R-X Kaynak ak\\u0131m\\u0131 10.000 A, elektrod basma g\\u00fcc\\u00fc 500 dAN - Bak\\u0131rc\\u0131 Garagineering\",\"isPartOf\":{\"@id\":\"https:\/\/bakirci.com\/ekipman\/#website\"},\"primaryImageOfPage\":{\"@id\":\"https:\/\/bakirci.com\/ekipman\/servis-ekipmanlari\/kaporta\/kaynak-cihazlari\/punta-kaynak-cihazigys-born-in-francegyspot-inverter-100-r-xkaynak-akimi-10-000-a-elektrod-basma-gucu-500-dan\/#primaryimage\"},\"datePublished\":\"2021-01-02T09:20:53+00:00\",\"dateModified\":\"2022-04-18T06:33:47+00:00\",\"breadcrumb\":{\"@id\":\"https:\/\/bakirci.com\/ekipman\/servis-ekipmanlari\/kaporta\/kaynak-cihazlari\/punta-kaynak-cihazigys-born-in-francegyspot-inverter-100-r-xkaynak-akimi-10-000-a-elektrod-basma-gucu-500-dan\/#breadcrumb\"},\"inLanguage\":\"tr\",\"potentialAction\":[{\"@type\":\"ReadAction\",\"target\":[\"https:\/\/bakirci.com\/ekipman\/servis-ekipmanlari\/kaporta\/kaynak-cihazlari\/punta-kaynak-cihazigys-born-in-francegyspot-inverter-100-r-xkaynak-akimi-10-000-a-elektrod-basma-gucu-500-dan\/\"]}]},{\"@type\":\"BreadcrumbList\",\"@id\":\"https:\/\/bakirci.com\/ekipman\/servis-ekipmanlari\/kaporta\/kaynak-cihazlari\/punta-kaynak-cihazigys-born-in-francegyspot-inverter-100-r-xkaynak-akimi-10-000-a-elektrod-basma-gucu-500-dan\/#breadcrumb\",\"itemListElement\":[{\"@type\":\"ListItem\",\"position\":1,\"name\":\"Ekipman\",\"item\":\"https:\/\/bakirci.com\/ekipman\/\"},{\"@type\":\"ListItem\",\"position\":2,\"name\":\"Otomotiv Tesisleri \\u0130\\u00e7in Servis Ekipmanlar\\u0131\",\"item\":\"https:\/\/bakirci.com\/ekipman\/\"},{\"@type\":\"ListItem\",\"position\":3,\"name\":\"Punta Kaynak Cihaz\\u0131GYS (Born in FRANCE)Gyspot Inverter 100 R-XKaynak ak\\u0131m\\u0131 10.000 A, elektrod basma g\\u00fcc\\u00fc500 dAN\"}]}]}<\/script>\n<!-- \/ Yoast SEO plugin. -->","yoast_head_json":{"title":"Punta Kaynak Cihaz\u0131GYS (Born in FRANCE)Gyspot Inverter 100 R-XKaynak ak\u0131m\u0131 10.000 A, elektrod basma g\u00fcc\u00fc500 dAN  - Bak\u0131rc\u0131 Garagineering","robots":{"index":"index","follow":"follow","max-snippet":"max-snippet:-1","max-image-preview":"max-image-preview:large","max-video-preview":"max-video-preview:-1"},"canonical":"https:\/\/bakirci.com\/ekipman\/servis-ekipmanlari\/kaporta\/kaynak-cihazlari\/punta-kaynak-cihazigys-born-in-francegyspot-inverter-100-r-xkaynak-akimi-10-000-a-elektrod-basma-gucu-500-dan\/","og_locale":"tr_TR","og_type":"article","og_title":"Punta Kaynak Cihaz\u0131GYS (Born in FRANCE)Gyspot Inverter 100 R-XKaynak ak\u0131m\u0131 10.000 A, elektrod basma g\u00fcc\u00fc500 dAN  - Bak\u0131rc\u0131 Garagineering","og_description":"Punta Kaynak Cihaz\u0131 - Gyspot Inverter 100 R-X  Her t\u00fcrl\u00fc m\u00fcdahale i\u00e7in ideal X \u015fekilli pense  Invert\u00f6r teknolojisi, hava so\u011futmal\u0131 sistem  Vurdurmal\u0131 d\u00fczeltme kolu  Spotter box \u00e7ektirme aksesuar seti  Tek tarafl\u0131 punta kaynak elektrodu  Teleskopik sistemli pense ta\u015f\u0131y\u0131c\u0131 kol  \u00d6zel ta\u015f\u0131y\u0131c\u0131 hareketli araba  Elektrod kollar\u0131 (RX2+RX3)  Maksimum kaynak ak\u0131m\u0131 10.000 A  Elektrod basma g\u00fcc\u00fc 500 dAN  \u00c7al\u0131\u015fma voltaj\u0131 400 V","og_url":"https:\/\/bakirci.com\/ekipman\/servis-ekipmanlari\/kaporta\/kaynak-cihazlari\/punta-kaynak-cihazigys-born-in-francegyspot-inverter-100-r-xkaynak-akimi-10-000-a-elektrod-basma-gucu-500-dan\/","og_site_name":"Bak\u0131rc\u0131 Garagineering","article_publisher":"https:\/\/www.facebook.com\/bakirci.garagineering","article_modified_time":"2022-04-18T06:33:47+00:00","og_image":[{"width":1200,"height":1200,"url":"https:\/\/bakirci.com\/ekipman\/wp-content\/uploads\/2021\/01\/100-R-X-1.png","path":"\/home\/bakirciwebsitesi\/public_html\/ekipman\/wp-content\/uploads\/2021\/01\/100-R-X-1.png","size":"full","id":6078,"alt":"","pixels":1440000,"type":"image\/png"}],"twitter_card":"summary_large_image","twitter_misc":{"Tahmini okuma s\u00fcresi":"1 dakika"},"schema":{"@context":"https:\/\/schema.org","@graph":[{"@type":"Organization","@id":"https:\/\/bakirci.com\/ekipman\/#organization","name":"Bak\u0131rc\u0131 garagineering","url":"https:\/\/bakirci.com\/ekipman\/","sameAs":["https:\/\/www.facebook.com\/bakirci.garagineering","https:\/\/www.instagram.com\/bakirci.garagineering\/","https:\/\/www.linkedin.com\/company\/bakirci-garagineering\/","https:\/\/www.youtube.com\/channel\/UCiVG6s_jALJ6Zk8085XiOQg"],"logo":{"@type":"ImageObject","@id":"https:\/\/bakirci.com\/ekipman\/#logo","inLanguage":"tr","url":"https:\/\/bakirci.com\/ekipman\/wp-content\/uploads\/2021\/09\/Bakirci-logo-lacivert.png","contentUrl":"https:\/\/bakirci.com\/ekipman\/wp-content\/uploads\/2021\/09\/Bakirci-logo-lacivert.png","width":501,"height":501,"caption":"Bak\u0131rc\u0131 garagineering"},"image":{"@id":"https:\/\/bakirci.com\/ekipman\/#logo"}},{"@type":"WebSite","@id":"https:\/\/bakirci.com\/ekipman\/#website","url":"https:\/\/bakirci.com\/ekipman\/","name":"Bak\u0131rc\u0131 Garagineering","description":"Otomotiv sekt\u00f6r\u00fcne \u00f6zel, \u201c\u00dcretici Standard\u0131nda\u201d \u00e7\u00f6z\u00fcmler\u2026","publisher":{"@id":"https:\/\/bakirci.com\/ekipman\/#organization"},"potentialAction":[{"@type":"SearchAction","target":{"@type":"EntryPoint","urlTemplate":"https:\/\/bakirci.com\/ekipman\/?s={search_term_string}"},"query-input":"required name=search_term_string"}],"inLanguage":"tr"},{"@type":"ImageObject","@id":"https:\/\/bakirci.com\/ekipman\/servis-ekipmanlari\/kaporta\/kaynak-cihazlari\/punta-kaynak-cihazigys-born-in-francegyspot-inverter-100-r-xkaynak-akimi-10-000-a-elektrod-basma-gucu-500-dan\/#primaryimage","inLanguage":"tr","url":"https:\/\/bakirci.com\/ekipman\/wp-content\/uploads\/2021\/01\/100-R-X-1.png","contentUrl":"https:\/\/bakirci.com\/ekipman\/wp-content\/uploads\/2021\/01\/100-R-X-1.png","width":1200,"height":1200},{"@type":"WebPage","@id":"https:\/\/bakirci.com\/ekipman\/servis-ekipmanlari\/kaporta\/kaynak-cihazlari\/punta-kaynak-cihazigys-born-in-francegyspot-inverter-100-r-xkaynak-akimi-10-000-a-elektrod-basma-gucu-500-dan\/#webpage","url":"https:\/\/bakirci.com\/ekipman\/servis-ekipmanlari\/kaporta\/kaynak-cihazlari\/punta-kaynak-cihazigys-born-in-francegyspot-inverter-100-r-xkaynak-akimi-10-000-a-elektrod-basma-gucu-500-dan\/","name":"Punta Kaynak Cihaz\u0131 GYS (Born in FRANCE)Gyspot Inverter 100 R-X Kaynak ak\u0131m\u0131 10.000 A, elektrod basma g\u00fcc\u00fc 500 dAN - Bak\u0131rc\u0131 Garagineering","isPartOf":{"@id":"https:\/\/bakirci.com\/ekipman\/#website"},"primaryImageOfPage":{"@id":"https:\/\/bakirci.com\/ekipman\/servis-ekipmanlari\/kaporta\/kaynak-cihazlari\/punta-kaynak-cihazigys-born-in-francegyspot-inverter-100-r-xkaynak-akimi-10-000-a-elektrod-basma-gucu-500-dan\/#primaryimage"},"datePublished":"2021-01-02T09:20:53+00:00","dateModified":"2022-04-18T06:33:47+00:00","breadcrumb":{"@id":"https:\/\/bakirci.com\/ekipman\/servis-ekipmanlari\/kaporta\/kaynak-cihazlari\/punta-kaynak-cihazigys-born-in-francegyspot-inverter-100-r-xkaynak-akimi-10-000-a-elektrod-basma-gucu-500-dan\/#breadcrumb"},"inLanguage":"tr","potentialAction":[{"@type":"ReadAction","target":["https:\/\/bakirci.com\/ekipman\/servis-ekipmanlari\/kaporta\/kaynak-cihazlari\/punta-kaynak-cihazigys-born-in-francegyspot-inverter-100-r-xkaynak-akimi-10-000-a-elektrod-basma-gucu-500-dan\/"]}]},{"@type":"BreadcrumbList","@id":"https:\/\/bakirci.com\/ekipman\/servis-ekipmanlari\/kaporta\/kaynak-cihazlari\/punta-kaynak-cihazigys-born-in-francegyspot-inverter-100-r-xkaynak-akimi-10-000-a-elektrod-basma-gucu-500-dan\/#breadcrumb","itemListElement":[{"@type":"ListItem","position":1,"name":"Ekipman","item":"https:\/\/bakirci.com\/ekipman\/"},{"@type":"ListItem","position":2,"name":"Otomotiv Tesisleri \u0130\u00e7in Servis Ekipmanlar\u0131","item":"https:\/\/bakirci.com\/ekipman\/"},{"@type":"ListItem","position":3,"name":"Punta Kaynak Cihaz\u0131GYS (Born in FRANCE)Gyspot Inverter 100 R-XKaynak ak\u0131m\u0131 10.000 A, elektrod basma g\u00fcc\u00fc500 dAN"}]}]}},"_links":{"self":[{"href":"https:\/\/bakirci.com\/ekipman\/wp-json\/wp\/v2\/product\/4547","targetHints":{"allow":["GET"]}}],"collection":[{"href":"https:\/\/bakirci.com\/ekipman\/wp-json\/wp\/v2\/product"}],"about":[{"href":"https:\/\/bakirci.com\/ekipman\/wp-json\/wp\/v2\/types\/product"}],"replies":[{"embeddable":true,"href":"https:\/\/bakirci.com\/ekipman\/wp-json\/wp\/v2\/comments?post=4547"}],"wp:featuredmedia":[{"embeddable":true,"href":"https:\/\/bakirci.com\/ekipman\/wp-json\/wp\/v2\/media\/6078"}],"wp:attachment":[{"href":"https:\/\/bakirci.com\/ekipman\/wp-json\/wp\/v2\/media?parent=4547"}],"wp:term":[{"taxonomy":"product_cat","embeddable":true,"href":"https:\/\/bakirci.com\/ekipman\/wp-json\/wp\/v2\/product_cat?post=4547"},{"taxonomy":"product_tag","embeddable":true,"href":"https:\/\/bakirci.com\/ekipman\/wp-json\/wp\/v2\/product_tag?post=4547"}],"curies":[{"name":"wp","href":"https:\/\/api.w.org\/{rel}","templated":true}]}}