{"id":4533,"date":"2021-01-02T10:35:32","date_gmt":"2021-01-02T10:35:32","guid":{"rendered":"https:\/\/j6l.65c.myftpupload.com\/?post_type=product&#038;p=4533"},"modified":"2021-08-06T15:08:34","modified_gmt":"2021-08-06T15:08:34","slug":"hasarli-arac-cekme-ve-tasiyici-seticelette-born-in-france","status":"publish","type":"product","link":"https:\/\/bakirci.com\/ekipman\/servis-ekipmanlari\/kaporta\/sasi-ve-karoseri-duzeltme\/hasarli-arac-cekme-ve-tasiyici-seticelette-born-in-france\/","title":{"rendered":"<p class=\"ustmetin\">Hasarl\u0131 Ara\u00e7 \u00c7ekme ve Ta\u015f\u0131y\u0131c\u0131 Seti<\/p><p class=\"ortametin\">CELETTE <span class=\"ortametin2\">(Born in FRANCE)<\/span><\/p>"},"content":{"rendered":"<ul>\n<li>Hasarl\u0131 Ara\u00e7 \u00c7ekme ve Ta\u015f\u0131y\u0131c\u0131 Seti<\/li>\n<li>Orta ve a\u011f\u0131r hasar ara\u00e7 onar\u0131mlar\u0131nda, y\u00fcr\u00fcyemeyen ara\u00e7lar\u0131n tezgah \u00fcst\u00fcne al\u0131nmas\u0131 i\u00e7in gerekli olan ta\u015f\u0131y\u0131c\u0131 seti<\/li>\n<li>Tekerlekli ara\u00e7 ta\u015f\u0131y\u0131c\u0131s\u0131<\/li>\n<li>Caraskall\u0131 \u00e7ekme sistemi<\/li>\n<li>Tekerleksiz arac\u0131 tezgaha ba\u011flama adapt\u00f6r\u00fc (2 adet)<\/li>\n<li>T\u00fcm makas lifti ve platformlu \u015fasi \u00e7ektirme tezgahlar\u0131nda kullan\u0131m<\/li>\n<\/ul>\n","protected":false},"excerpt":{"rendered":"<ul>\n<li>Hasarl\u0131 Ara\u00e7 \u00c7ekme ve Ta\u015f\u0131y\u0131c\u0131 Seti<\/li>\n<li>Orta ve a\u011f\u0131r hasar ara\u00e7 onar\u0131mlar\u0131nda, y\u00fcr\u00fcyemeyen ara\u00e7lar\u0131n tezgah \u00fcst\u00fcne al\u0131nmas\u0131 i\u00e7in gerekli olan ta\u015f\u0131y\u0131c\u0131 seti<\/li>\n<li>Tekerlekli ara\u00e7 ta\u015f\u0131y\u0131c\u0131s\u0131<\/li>\n<li>Caraskall\u0131 \u00e7ekme sistemi<\/li>\n<li>Tekerleksiz arac\u0131 tezgaha ba\u011flama adapt\u00f6r\u00fc (2 adet)<\/li>\n<li>T\u00fcm makas lifti ve platformlu \u015fasi \u00e7ektirme tezgahlar\u0131nda kullan\u0131m<\/li>\n<\/ul>\n","protected":false},"featured_media":4698,"comment_status":"closed","ping_status":"closed","template":"","meta":[],"product_cat":[177],"product_tag":[642,661,349,644,655,640,643,652,645,657,650,637,631,653,654,648,651,632,633,656,634,641,636,639,646,638,635,659,660,647,658,649],"class_list":["post-4533","product","type-product","status-publish","has-post-thumbnail","hentry","pwb-brand-celette","product_cat-sasi-ve-karoseri-duzeltme","product_tag-bilgisayarli-sase-duzeltme","product_tag-celet","product_tag-celette","product_tag-dingil-duzeltme","product_tag-dorse-duzeltme","product_tag-dozer-cektirme","product_tag-hasarli-arac-duzeltme","product_tag-induksiyon-sase-duzeltme","product_tag-kabin-duzeltme","product_tag-kalipli-tezgah","product_tag-kamyon-sase-duzeltme","product_tag-kaporta-sase-onarim-tezgahlari","product_tag-kaporta-tezgahi","product_tag-karoseri-duzeltme","product_tag-lazerli-olcum","product_tag-liftli-tezgah","product_tag-otobus-sase-duzeltme","product_tag-robot-sistemi","product_tag-robot-tezgahi","product_tag-sase-dogrultma","product_tag-sase-duzeltme","product_tag-sase-ekspertiz","product_tag-sase-kaporta-sistemi","product_tag-sase-kaymasi","product_tag-sase-kolu-duzeltme","product_tag-sase-olcum-sistemi","product_tag-sase-tezgahi","product_tag-selet","product_tag-selette","product_tag-teshis-olcum-cihazi","product_tag-universal-tezgah","product_tag-yer-tezgahi"],"brands":[{"id":382,"name":"CELETTE","slug":"celette"}],"yoast_head":"<!-- This site is optimized with the Yoast SEO plugin v17.1 - https:\/\/yoast.com\/wordpress\/plugins\/seo\/ -->\n<title>Hasarl\u0131 Ara\u00e7 \u00c7ekme ve Ta\u015f\u0131y\u0131c\u0131 SetiCELETTE (Born in FRANCE) - Bak\u0131rc\u0131 Garagineering<\/title>\n<meta name=\"robots\" content=\"index, follow, max-snippet:-1, max-image-preview:large, max-video-preview:-1\" \/>\n<link rel=\"canonical\" href=\"https:\/\/bakirci.com\/ekipman\/servis-ekipmanlari\/kaporta\/sasi-ve-karoseri-duzeltme\/hasarli-arac-cekme-ve-tasiyici-seticelette-born-in-france\/\" \/>\n<meta property=\"og:locale\" content=\"tr_TR\" \/>\n<meta property=\"og:type\" content=\"article\" \/>\n<meta property=\"og:title\" content=\"Hasarl\u0131 Ara\u00e7 \u00c7ekme ve Ta\u015f\u0131y\u0131c\u0131 SetiCELETTE (Born in FRANCE) - Bak\u0131rc\u0131 Garagineering\" \/>\n<meta property=\"og:description\" content=\"Hasarl\u0131 Ara\u00e7 \u00c7ekme ve Ta\u015f\u0131y\u0131c\u0131 Seti  Orta ve a\u011f\u0131r hasar ara\u00e7 onar\u0131mlar\u0131nda, y\u00fcr\u00fcyemeyen ara\u00e7lar\u0131n tezgah \u00fcst\u00fcne al\u0131nmas\u0131 i\u00e7in gerekli olan ta\u015f\u0131y\u0131c\u0131 seti  Tekerlekli ara\u00e7 ta\u015f\u0131y\u0131c\u0131s\u0131  Caraskall\u0131 \u00e7ekme sistemi  Tekerleksiz arac\u0131 tezgaha ba\u011flama adapt\u00f6r\u00fc (2 adet)  T\u00fcm makas lifti ve platformlu \u015fasi \u00e7ektirme tezgahlar\u0131nda kullan\u0131m\" \/>\n<meta property=\"og:url\" content=\"https:\/\/bakirci.com\/ekipman\/servis-ekipmanlari\/kaporta\/sasi-ve-karoseri-duzeltme\/hasarli-arac-cekme-ve-tasiyici-seticelette-born-in-france\/\" \/>\n<meta property=\"og:site_name\" content=\"Bak\u0131rc\u0131 Garagineering\" \/>\n<meta property=\"article:publisher\" content=\"https:\/\/www.facebook.com\/bakirci.garagineering\" \/>\n<meta property=\"article:modified_time\" content=\"2021-08-06T15:08:34+00:00\" \/>\n<meta property=\"og:image\" content=\"https:\/\/bakirci.com\/ekipman\/wp-content\/uploads\/2021\/06\/Hasarli-Arac-cekme-ve-Tasiyici-Seti.png\" \/>\n\t<meta property=\"og:image:width\" content=\"1200\" \/>\n\t<meta property=\"og:image:height\" content=\"1200\" \/>\n<meta name=\"twitter:card\" content=\"summary_large_image\" \/>\n<meta name=\"twitter:label1\" content=\"Tahmini okuma s\u00fcresi\" \/>\n\t<meta name=\"twitter:data1\" content=\"1 dakika\" \/>\n<script type=\"application\/ld+json\" class=\"yoast-schema-graph\">{\"@context\":\"https:\/\/schema.org\",\"@graph\":[{\"@type\":\"Organization\",\"@id\":\"https:\/\/bakirci.com\/ekipman\/#organization\",\"name\":\"Bak\\u0131rc\\u0131 garagineering\",\"url\":\"https:\/\/bakirci.com\/ekipman\/\",\"sameAs\":[\"https:\/\/www.facebook.com\/bakirci.garagineering\",\"https:\/\/www.instagram.com\/bakirci.garagineering\/\",\"https:\/\/www.linkedin.com\/company\/bakirci-garagineering\/\",\"https:\/\/www.youtube.com\/channel\/UCiVG6s_jALJ6Zk8085XiOQg\"],\"logo\":{\"@type\":\"ImageObject\",\"@id\":\"https:\/\/bakirci.com\/ekipman\/#logo\",\"inLanguage\":\"tr\",\"url\":\"https:\/\/bakirci.com\/ekipman\/wp-content\/uploads\/2021\/09\/Bakirci-logo-lacivert.png\",\"contentUrl\":\"https:\/\/bakirci.com\/ekipman\/wp-content\/uploads\/2021\/09\/Bakirci-logo-lacivert.png\",\"width\":501,\"height\":501,\"caption\":\"Bak\\u0131rc\\u0131 garagineering\"},\"image\":{\"@id\":\"https:\/\/bakirci.com\/ekipman\/#logo\"}},{\"@type\":\"WebSite\",\"@id\":\"https:\/\/bakirci.com\/ekipman\/#website\",\"url\":\"https:\/\/bakirci.com\/ekipman\/\",\"name\":\"Bak\\u0131rc\\u0131 Garagineering\",\"description\":\"Otomotiv sekt\\u00f6r\\u00fcne \\u00f6zel, \\u201c\\u00dcretici Standard\\u0131nda\\u201d \\u00e7\\u00f6z\\u00fcmler\\u2026\",\"publisher\":{\"@id\":\"https:\/\/bakirci.com\/ekipman\/#organization\"},\"potentialAction\":[{\"@type\":\"SearchAction\",\"target\":{\"@type\":\"EntryPoint\",\"urlTemplate\":\"https:\/\/bakirci.com\/ekipman\/?s={search_term_string}\"},\"query-input\":\"required name=search_term_string\"}],\"inLanguage\":\"tr\"},{\"@type\":\"ImageObject\",\"@id\":\"https:\/\/bakirci.com\/ekipman\/servis-ekipmanlari\/kaporta\/sasi-ve-karoseri-duzeltme\/hasarli-arac-cekme-ve-tasiyici-seticelette-born-in-france\/#primaryimage\",\"inLanguage\":\"tr\",\"url\":\"https:\/\/bakirci.com\/ekipman\/wp-content\/uploads\/2021\/06\/Hasarli-Arac-cekme-ve-Tasiyici-Seti.png\",\"contentUrl\":\"https:\/\/bakirci.com\/ekipman\/wp-content\/uploads\/2021\/06\/Hasarli-Arac-cekme-ve-Tasiyici-Seti.png\",\"width\":1200,\"height\":1200},{\"@type\":\"WebPage\",\"@id\":\"https:\/\/bakirci.com\/ekipman\/servis-ekipmanlari\/kaporta\/sasi-ve-karoseri-duzeltme\/hasarli-arac-cekme-ve-tasiyici-seticelette-born-in-france\/#webpage\",\"url\":\"https:\/\/bakirci.com\/ekipman\/servis-ekipmanlari\/kaporta\/sasi-ve-karoseri-duzeltme\/hasarli-arac-cekme-ve-tasiyici-seticelette-born-in-france\/\",\"name\":\"Hasarl\\u0131 Ara\\u00e7 \\u00c7ekme ve Ta\\u015f\\u0131y\\u0131c\\u0131 Seti CELETTE (Born in FRANCE) - Bak\\u0131rc\\u0131 Garagineering\",\"isPartOf\":{\"@id\":\"https:\/\/bakirci.com\/ekipman\/#website\"},\"primaryImageOfPage\":{\"@id\":\"https:\/\/bakirci.com\/ekipman\/servis-ekipmanlari\/kaporta\/sasi-ve-karoseri-duzeltme\/hasarli-arac-cekme-ve-tasiyici-seticelette-born-in-france\/#primaryimage\"},\"datePublished\":\"2021-01-02T10:35:32+00:00\",\"dateModified\":\"2021-08-06T15:08:34+00:00\",\"breadcrumb\":{\"@id\":\"https:\/\/bakirci.com\/ekipman\/servis-ekipmanlari\/kaporta\/sasi-ve-karoseri-duzeltme\/hasarli-arac-cekme-ve-tasiyici-seticelette-born-in-france\/#breadcrumb\"},\"inLanguage\":\"tr\",\"potentialAction\":[{\"@type\":\"ReadAction\",\"target\":[\"https:\/\/bakirci.com\/ekipman\/servis-ekipmanlari\/kaporta\/sasi-ve-karoseri-duzeltme\/hasarli-arac-cekme-ve-tasiyici-seticelette-born-in-france\/\"]}]},{\"@type\":\"BreadcrumbList\",\"@id\":\"https:\/\/bakirci.com\/ekipman\/servis-ekipmanlari\/kaporta\/sasi-ve-karoseri-duzeltme\/hasarli-arac-cekme-ve-tasiyici-seticelette-born-in-france\/#breadcrumb\",\"itemListElement\":[{\"@type\":\"ListItem\",\"position\":1,\"name\":\"Ekipman\",\"item\":\"https:\/\/bakirci.com\/ekipman\/\"},{\"@type\":\"ListItem\",\"position\":2,\"name\":\"Otomotiv Tesisleri \\u0130\\u00e7in Servis Ekipmanlar\\u0131\",\"item\":\"https:\/\/bakirci.com\/ekipman\/\"},{\"@type\":\"ListItem\",\"position\":3,\"name\":\"Hasarl\\u0131 Ara\\u00e7 \\u00c7ekme ve Ta\\u015f\\u0131y\\u0131c\\u0131 SetiCELETTE (Born in FRANCE)\"}]}]}<\/script>\n<!-- \/ Yoast SEO plugin. -->","yoast_head_json":{"title":"Hasarl\u0131 Ara\u00e7 \u00c7ekme ve Ta\u015f\u0131y\u0131c\u0131 SetiCELETTE (Born in FRANCE) - Bak\u0131rc\u0131 Garagineering","robots":{"index":"index","follow":"follow","max-snippet":"max-snippet:-1","max-image-preview":"max-image-preview:large","max-video-preview":"max-video-preview:-1"},"canonical":"https:\/\/bakirci.com\/ekipman\/servis-ekipmanlari\/kaporta\/sasi-ve-karoseri-duzeltme\/hasarli-arac-cekme-ve-tasiyici-seticelette-born-in-france\/","og_locale":"tr_TR","og_type":"article","og_title":"Hasarl\u0131 Ara\u00e7 \u00c7ekme ve Ta\u015f\u0131y\u0131c\u0131 SetiCELETTE (Born in FRANCE) - Bak\u0131rc\u0131 Garagineering","og_description":"Hasarl\u0131 Ara\u00e7 \u00c7ekme ve Ta\u015f\u0131y\u0131c\u0131 Seti  Orta ve a\u011f\u0131r hasar ara\u00e7 onar\u0131mlar\u0131nda, y\u00fcr\u00fcyemeyen ara\u00e7lar\u0131n tezgah \u00fcst\u00fcne al\u0131nmas\u0131 i\u00e7in gerekli olan ta\u015f\u0131y\u0131c\u0131 seti  Tekerlekli ara\u00e7 ta\u015f\u0131y\u0131c\u0131s\u0131  Caraskall\u0131 \u00e7ekme sistemi  Tekerleksiz arac\u0131 tezgaha ba\u011flama adapt\u00f6r\u00fc (2 adet)  T\u00fcm makas lifti ve platformlu \u015fasi \u00e7ektirme tezgahlar\u0131nda kullan\u0131m","og_url":"https:\/\/bakirci.com\/ekipman\/servis-ekipmanlari\/kaporta\/sasi-ve-karoseri-duzeltme\/hasarli-arac-cekme-ve-tasiyici-seticelette-born-in-france\/","og_site_name":"Bak\u0131rc\u0131 Garagineering","article_publisher":"https:\/\/www.facebook.com\/bakirci.garagineering","article_modified_time":"2021-08-06T15:08:34+00:00","og_image":[{"width":1200,"height":1200,"url":"https:\/\/bakirci.com\/ekipman\/wp-content\/uploads\/2021\/06\/Hasarli-Arac-cekme-ve-Tasiyici-Seti.png","path":"\/home\/bakirciwebsitesi\/public_html\/ekipman\/wp-content\/uploads\/2021\/06\/Hasarli-Arac-cekme-ve-Tasiyici-Seti.png","size":"full","id":4698,"alt":"","pixels":1440000,"type":"image\/png"}],"twitter_card":"summary_large_image","twitter_misc":{"Tahmini okuma s\u00fcresi":"1 dakika"},"schema":{"@context":"https:\/\/schema.org","@graph":[{"@type":"Organization","@id":"https:\/\/bakirci.com\/ekipman\/#organization","name":"Bak\u0131rc\u0131 garagineering","url":"https:\/\/bakirci.com\/ekipman\/","sameAs":["https:\/\/www.facebook.com\/bakirci.garagineering","https:\/\/www.instagram.com\/bakirci.garagineering\/","https:\/\/www.linkedin.com\/company\/bakirci-garagineering\/","https:\/\/www.youtube.com\/channel\/UCiVG6s_jALJ6Zk8085XiOQg"],"logo":{"@type":"ImageObject","@id":"https:\/\/bakirci.com\/ekipman\/#logo","inLanguage":"tr","url":"https:\/\/bakirci.com\/ekipman\/wp-content\/uploads\/2021\/09\/Bakirci-logo-lacivert.png","contentUrl":"https:\/\/bakirci.com\/ekipman\/wp-content\/uploads\/2021\/09\/Bakirci-logo-lacivert.png","width":501,"height":501,"caption":"Bak\u0131rc\u0131 garagineering"},"image":{"@id":"https:\/\/bakirci.com\/ekipman\/#logo"}},{"@type":"WebSite","@id":"https:\/\/bakirci.com\/ekipman\/#website","url":"https:\/\/bakirci.com\/ekipman\/","name":"Bak\u0131rc\u0131 Garagineering","description":"Otomotiv sekt\u00f6r\u00fcne \u00f6zel, \u201c\u00dcretici Standard\u0131nda\u201d \u00e7\u00f6z\u00fcmler\u2026","publisher":{"@id":"https:\/\/bakirci.com\/ekipman\/#organization"},"potentialAction":[{"@type":"SearchAction","target":{"@type":"EntryPoint","urlTemplate":"https:\/\/bakirci.com\/ekipman\/?s={search_term_string}"},"query-input":"required name=search_term_string"}],"inLanguage":"tr"},{"@type":"ImageObject","@id":"https:\/\/bakirci.com\/ekipman\/servis-ekipmanlari\/kaporta\/sasi-ve-karoseri-duzeltme\/hasarli-arac-cekme-ve-tasiyici-seticelette-born-in-france\/#primaryimage","inLanguage":"tr","url":"https:\/\/bakirci.com\/ekipman\/wp-content\/uploads\/2021\/06\/Hasarli-Arac-cekme-ve-Tasiyici-Seti.png","contentUrl":"https:\/\/bakirci.com\/ekipman\/wp-content\/uploads\/2021\/06\/Hasarli-Arac-cekme-ve-Tasiyici-Seti.png","width":1200,"height":1200},{"@type":"WebPage","@id":"https:\/\/bakirci.com\/ekipman\/servis-ekipmanlari\/kaporta\/sasi-ve-karoseri-duzeltme\/hasarli-arac-cekme-ve-tasiyici-seticelette-born-in-france\/#webpage","url":"https:\/\/bakirci.com\/ekipman\/servis-ekipmanlari\/kaporta\/sasi-ve-karoseri-duzeltme\/hasarli-arac-cekme-ve-tasiyici-seticelette-born-in-france\/","name":"Hasarl\u0131 Ara\u00e7 \u00c7ekme ve Ta\u015f\u0131y\u0131c\u0131 Seti CELETTE (Born in FRANCE) - Bak\u0131rc\u0131 Garagineering","isPartOf":{"@id":"https:\/\/bakirci.com\/ekipman\/#website"},"primaryImageOfPage":{"@id":"https:\/\/bakirci.com\/ekipman\/servis-ekipmanlari\/kaporta\/sasi-ve-karoseri-duzeltme\/hasarli-arac-cekme-ve-tasiyici-seticelette-born-in-france\/#primaryimage"},"datePublished":"2021-01-02T10:35:32+00:00","dateModified":"2021-08-06T15:08:34+00:00","breadcrumb":{"@id":"https:\/\/bakirci.com\/ekipman\/servis-ekipmanlari\/kaporta\/sasi-ve-karoseri-duzeltme\/hasarli-arac-cekme-ve-tasiyici-seticelette-born-in-france\/#breadcrumb"},"inLanguage":"tr","potentialAction":[{"@type":"ReadAction","target":["https:\/\/bakirci.com\/ekipman\/servis-ekipmanlari\/kaporta\/sasi-ve-karoseri-duzeltme\/hasarli-arac-cekme-ve-tasiyici-seticelette-born-in-france\/"]}]},{"@type":"BreadcrumbList","@id":"https:\/\/bakirci.com\/ekipman\/servis-ekipmanlari\/kaporta\/sasi-ve-karoseri-duzeltme\/hasarli-arac-cekme-ve-tasiyici-seticelette-born-in-france\/#breadcrumb","itemListElement":[{"@type":"ListItem","position":1,"name":"Ekipman","item":"https:\/\/bakirci.com\/ekipman\/"},{"@type":"ListItem","position":2,"name":"Otomotiv Tesisleri \u0130\u00e7in Servis Ekipmanlar\u0131","item":"https:\/\/bakirci.com\/ekipman\/"},{"@type":"ListItem","position":3,"name":"Hasarl\u0131 Ara\u00e7 \u00c7ekme ve Ta\u015f\u0131y\u0131c\u0131 SetiCELETTE (Born in FRANCE)"}]}]}},"_links":{"self":[{"href":"https:\/\/bakirci.com\/ekipman\/wp-json\/wp\/v2\/product\/4533","targetHints":{"allow":["GET"]}}],"collection":[{"href":"https:\/\/bakirci.com\/ekipman\/wp-json\/wp\/v2\/product"}],"about":[{"href":"https:\/\/bakirci.com\/ekipman\/wp-json\/wp\/v2\/types\/product"}],"replies":[{"embeddable":true,"href":"https:\/\/bakirci.com\/ekipman\/wp-json\/wp\/v2\/comments?post=4533"}],"wp:featuredmedia":[{"embeddable":true,"href":"https:\/\/bakirci.com\/ekipman\/wp-json\/wp\/v2\/media\/4698"}],"wp:attachment":[{"href":"https:\/\/bakirci.com\/ekipman\/wp-json\/wp\/v2\/media?parent=4533"}],"wp:term":[{"taxonomy":"product_cat","embeddable":true,"href":"https:\/\/bakirci.com\/ekipman\/wp-json\/wp\/v2\/product_cat?post=4533"},{"taxonomy":"product_tag","embeddable":true,"href":"https:\/\/bakirci.com\/ekipman\/wp-json\/wp\/v2\/product_tag?post=4533"}],"curies":[{"name":"wp","href":"https:\/\/api.w.org\/{rel}","templated":true}]}}