{"id":4531,"date":"2021-01-02T10:45:15","date_gmt":"2021-01-02T10:45:15","guid":{"rendered":"https:\/\/j6l.65c.myftpupload.com\/?post_type=product&#038;p=4531"},"modified":"2021-08-16T07:16:30","modified_gmt":"2021-08-16T07:16:30","slug":"crafter-ve-sprinter-ozel-baglanti-adaptor-seticelette-born-in-france","status":"publish","type":"product","link":"https:\/\/bakirci.com\/ekipman\/servis-ekipmanlari\/kaporta\/sasi-ve-karoseri-duzeltme\/crafter-ve-sprinter-ozel-baglanti-adaptor-seticelette-born-in-france\/","title":{"rendered":"<p class=\"ustmetin\">Crafter ve Sprinter \u00d6zel Ba\u011flant\u0131<br>Adapt\u00f6r Seti<\/p><p class=\"ortametin\">CELETTE <span class=\"ortametin2\">(Born in FRANCE)<\/span><\/p>"},"content":{"rendered":"<ul>\n<li>Crafter ve Sprinter \u00d6zel Ba\u011flant\u0131 Adapt\u00f6r Seti<\/li>\n<li>Crafter ve Spirnter \u00d6zel Ba\u011flant\u0131 Adapt\u00f6r\u00fc<\/li>\n<li>Yan Ba\u011flama Ma\u015fa Ta\u015f\u0131y\u0131c\u0131s\u0131 (2 adet)<\/li>\n<li>K\u0131ska\u00e7 Ba\u011flant\u0131 Tablas\u0131 (2 adet)<\/li>\n<li>Sabitleme Kamas\u0131 (2 adet)<\/li>\n<li>Vida ve Somun (6 adet)<\/li>\n<\/ul>\n","protected":false},"excerpt":{"rendered":"<ul>\n<li>Crafter ve Sprinter \u00d6zel Ba\u011flant\u0131 Adapt\u00f6r Seti<\/li>\n<li>Crafter ve Spirnter \u00d6zel Ba\u011flant\u0131 Adapt\u00f6r\u00fc<\/li>\n<li>Yan Ba\u011flama Ma\u015fa Ta\u015f\u0131y\u0131c\u0131s\u0131 (2 adet)<\/li>\n<li>K\u0131ska\u00e7 Ba\u011flant\u0131 Tablas\u0131 (2 adet)<\/li>\n<li>Sabitleme Kamas\u0131 (2 adet)<\/li>\n<li>Vida ve Somun (6 adet)<\/li>\n<\/ul>\n","protected":false},"featured_media":5358,"comment_status":"closed","ping_status":"closed","template":"","meta":[],"product_cat":[177],"product_tag":[642,661,349,644,655,640,643,652,645,657,650,637,631,653,654,648,651,632,633,656,634,641,636,639,646,638,635,659,660,647,658,649],"class_list":["post-4531","product","type-product","status-publish","has-post-thumbnail","hentry","pwb-brand-celette","product_cat-sasi-ve-karoseri-duzeltme","product_tag-bilgisayarli-sase-duzeltme","product_tag-celet","product_tag-celette","product_tag-dingil-duzeltme","product_tag-dorse-duzeltme","product_tag-dozer-cektirme","product_tag-hasarli-arac-duzeltme","product_tag-induksiyon-sase-duzeltme","product_tag-kabin-duzeltme","product_tag-kalipli-tezgah","product_tag-kamyon-sase-duzeltme","product_tag-kaporta-sase-onarim-tezgahlari","product_tag-kaporta-tezgahi","product_tag-karoseri-duzeltme","product_tag-lazerli-olcum","product_tag-liftli-tezgah","product_tag-otobus-sase-duzeltme","product_tag-robot-sistemi","product_tag-robot-tezgahi","product_tag-sase-dogrultma","product_tag-sase-duzeltme","product_tag-sase-ekspertiz","product_tag-sase-kaporta-sistemi","product_tag-sase-kaymasi","product_tag-sase-kolu-duzeltme","product_tag-sase-olcum-sistemi","product_tag-sase-tezgahi","product_tag-selet","product_tag-selette","product_tag-teshis-olcum-cihazi","product_tag-universal-tezgah","product_tag-yer-tezgahi"],"brands":[{"id":382,"name":"CELETTE","slug":"celette"}],"yoast_head":"<!-- This site is optimized with the Yoast SEO plugin v17.1 - https:\/\/yoast.com\/wordpress\/plugins\/seo\/ -->\n<title>Crafter ve Sprinter \u00d6zel Ba\u011flant\u0131Adapt\u00f6r SetiCELETTE (Born in FRANCE) - Bak\u0131rc\u0131 Garagineering<\/title>\n<meta name=\"robots\" content=\"index, follow, max-snippet:-1, max-image-preview:large, max-video-preview:-1\" \/>\n<link rel=\"canonical\" href=\"https:\/\/bakirci.com\/ekipman\/servis-ekipmanlari\/kaporta\/sasi-ve-karoseri-duzeltme\/crafter-ve-sprinter-ozel-baglanti-adaptor-seticelette-born-in-france\/\" \/>\n<meta property=\"og:locale\" content=\"tr_TR\" \/>\n<meta property=\"og:type\" content=\"article\" \/>\n<meta property=\"og:title\" content=\"Crafter ve Sprinter \u00d6zel Ba\u011flant\u0131Adapt\u00f6r SetiCELETTE (Born in FRANCE) - Bak\u0131rc\u0131 Garagineering\" \/>\n<meta property=\"og:description\" content=\"Crafter ve Sprinter \u00d6zel Ba\u011flant\u0131 Adapt\u00f6r Seti  Crafter ve Spirnter \u00d6zel Ba\u011flant\u0131 Adapt\u00f6r\u00fc  Yan Ba\u011flama Ma\u015fa Ta\u015f\u0131y\u0131c\u0131s\u0131 (2 adet)  K\u0131ska\u00e7 Ba\u011flant\u0131 Tablas\u0131 (2 adet)  Sabitleme Kamas\u0131 (2 adet)  Vida ve Somun (6 adet)\" \/>\n<meta property=\"og:url\" content=\"https:\/\/bakirci.com\/ekipman\/servis-ekipmanlari\/kaporta\/sasi-ve-karoseri-duzeltme\/crafter-ve-sprinter-ozel-baglanti-adaptor-seticelette-born-in-france\/\" \/>\n<meta property=\"og:site_name\" content=\"Bak\u0131rc\u0131 Garagineering\" \/>\n<meta property=\"article:publisher\" content=\"https:\/\/www.facebook.com\/bakirci.garagineering\" \/>\n<meta property=\"article:modified_time\" content=\"2021-08-16T07:16:30+00:00\" \/>\n<meta property=\"og:image\" content=\"https:\/\/bakirci.com\/ekipman\/wp-content\/uploads\/2021\/01\/Crafter-ve-Sprinter-Ozel-Baglanti-Adaptor-Seti.jpg\" \/>\n\t<meta property=\"og:image:width\" content=\"1600\" \/>\n\t<meta property=\"og:image:height\" content=\"1600\" \/>\n<meta name=\"twitter:card\" content=\"summary_large_image\" \/>\n<meta name=\"twitter:label1\" content=\"Tahmini okuma s\u00fcresi\" \/>\n\t<meta name=\"twitter:data1\" content=\"1 dakika\" \/>\n<script type=\"application\/ld+json\" class=\"yoast-schema-graph\">{\"@context\":\"https:\/\/schema.org\",\"@graph\":[{\"@type\":\"Organization\",\"@id\":\"https:\/\/bakirci.com\/ekipman\/#organization\",\"name\":\"Bak\\u0131rc\\u0131 garagineering\",\"url\":\"https:\/\/bakirci.com\/ekipman\/\",\"sameAs\":[\"https:\/\/www.facebook.com\/bakirci.garagineering\",\"https:\/\/www.instagram.com\/bakirci.garagineering\/\",\"https:\/\/www.linkedin.com\/company\/bakirci-garagineering\/\",\"https:\/\/www.youtube.com\/channel\/UCiVG6s_jALJ6Zk8085XiOQg\"],\"logo\":{\"@type\":\"ImageObject\",\"@id\":\"https:\/\/bakirci.com\/ekipman\/#logo\",\"inLanguage\":\"tr\",\"url\":\"https:\/\/bakirci.com\/ekipman\/wp-content\/uploads\/2021\/09\/Bakirci-logo-lacivert.png\",\"contentUrl\":\"https:\/\/bakirci.com\/ekipman\/wp-content\/uploads\/2021\/09\/Bakirci-logo-lacivert.png\",\"width\":501,\"height\":501,\"caption\":\"Bak\\u0131rc\\u0131 garagineering\"},\"image\":{\"@id\":\"https:\/\/bakirci.com\/ekipman\/#logo\"}},{\"@type\":\"WebSite\",\"@id\":\"https:\/\/bakirci.com\/ekipman\/#website\",\"url\":\"https:\/\/bakirci.com\/ekipman\/\",\"name\":\"Bak\\u0131rc\\u0131 Garagineering\",\"description\":\"Otomotiv sekt\\u00f6r\\u00fcne \\u00f6zel, \\u201c\\u00dcretici Standard\\u0131nda\\u201d \\u00e7\\u00f6z\\u00fcmler\\u2026\",\"publisher\":{\"@id\":\"https:\/\/bakirci.com\/ekipman\/#organization\"},\"potentialAction\":[{\"@type\":\"SearchAction\",\"target\":{\"@type\":\"EntryPoint\",\"urlTemplate\":\"https:\/\/bakirci.com\/ekipman\/?s={search_term_string}\"},\"query-input\":\"required name=search_term_string\"}],\"inLanguage\":\"tr\"},{\"@type\":\"ImageObject\",\"@id\":\"https:\/\/bakirci.com\/ekipman\/servis-ekipmanlari\/kaporta\/sasi-ve-karoseri-duzeltme\/crafter-ve-sprinter-ozel-baglanti-adaptor-seticelette-born-in-france\/#primaryimage\",\"inLanguage\":\"tr\",\"url\":\"https:\/\/bakirci.com\/ekipman\/wp-content\/uploads\/2021\/01\/Crafter-ve-Sprinter-Ozel-Baglanti-Adaptor-Seti.jpg\",\"contentUrl\":\"https:\/\/bakirci.com\/ekipman\/wp-content\/uploads\/2021\/01\/Crafter-ve-Sprinter-Ozel-Baglanti-Adaptor-Seti.jpg\",\"width\":1600,\"height\":1600},{\"@type\":\"WebPage\",\"@id\":\"https:\/\/bakirci.com\/ekipman\/servis-ekipmanlari\/kaporta\/sasi-ve-karoseri-duzeltme\/crafter-ve-sprinter-ozel-baglanti-adaptor-seticelette-born-in-france\/#webpage\",\"url\":\"https:\/\/bakirci.com\/ekipman\/servis-ekipmanlari\/kaporta\/sasi-ve-karoseri-duzeltme\/crafter-ve-sprinter-ozel-baglanti-adaptor-seticelette-born-in-france\/\",\"name\":\"Crafter ve Sprinter \\u00d6zel Ba\\u011flant\\u0131 Adapt\\u00f6r Seti CELETTE (Born in FRANCE) - Bak\\u0131rc\\u0131 Garagineering\",\"isPartOf\":{\"@id\":\"https:\/\/bakirci.com\/ekipman\/#website\"},\"primaryImageOfPage\":{\"@id\":\"https:\/\/bakirci.com\/ekipman\/servis-ekipmanlari\/kaporta\/sasi-ve-karoseri-duzeltme\/crafter-ve-sprinter-ozel-baglanti-adaptor-seticelette-born-in-france\/#primaryimage\"},\"datePublished\":\"2021-01-02T10:45:15+00:00\",\"dateModified\":\"2021-08-16T07:16:30+00:00\",\"breadcrumb\":{\"@id\":\"https:\/\/bakirci.com\/ekipman\/servis-ekipmanlari\/kaporta\/sasi-ve-karoseri-duzeltme\/crafter-ve-sprinter-ozel-baglanti-adaptor-seticelette-born-in-france\/#breadcrumb\"},\"inLanguage\":\"tr\",\"potentialAction\":[{\"@type\":\"ReadAction\",\"target\":[\"https:\/\/bakirci.com\/ekipman\/servis-ekipmanlari\/kaporta\/sasi-ve-karoseri-duzeltme\/crafter-ve-sprinter-ozel-baglanti-adaptor-seticelette-born-in-france\/\"]}]},{\"@type\":\"BreadcrumbList\",\"@id\":\"https:\/\/bakirci.com\/ekipman\/servis-ekipmanlari\/kaporta\/sasi-ve-karoseri-duzeltme\/crafter-ve-sprinter-ozel-baglanti-adaptor-seticelette-born-in-france\/#breadcrumb\",\"itemListElement\":[{\"@type\":\"ListItem\",\"position\":1,\"name\":\"Ekipman\",\"item\":\"https:\/\/bakirci.com\/ekipman\/\"},{\"@type\":\"ListItem\",\"position\":2,\"name\":\"Otomotiv Tesisleri \\u0130\\u00e7in Servis Ekipmanlar\\u0131\",\"item\":\"https:\/\/bakirci.com\/ekipman\/\"},{\"@type\":\"ListItem\",\"position\":3,\"name\":\"Crafter ve Sprinter \\u00d6zel Ba\\u011flant\\u0131Adapt\\u00f6r SetiCELETTE (Born in FRANCE)\"}]}]}<\/script>\n<!-- \/ Yoast SEO plugin. -->","yoast_head_json":{"title":"Crafter ve Sprinter \u00d6zel Ba\u011flant\u0131Adapt\u00f6r SetiCELETTE (Born in FRANCE) - Bak\u0131rc\u0131 Garagineering","robots":{"index":"index","follow":"follow","max-snippet":"max-snippet:-1","max-image-preview":"max-image-preview:large","max-video-preview":"max-video-preview:-1"},"canonical":"https:\/\/bakirci.com\/ekipman\/servis-ekipmanlari\/kaporta\/sasi-ve-karoseri-duzeltme\/crafter-ve-sprinter-ozel-baglanti-adaptor-seticelette-born-in-france\/","og_locale":"tr_TR","og_type":"article","og_title":"Crafter ve Sprinter \u00d6zel Ba\u011flant\u0131Adapt\u00f6r SetiCELETTE (Born in FRANCE) - Bak\u0131rc\u0131 Garagineering","og_description":"Crafter ve Sprinter \u00d6zel Ba\u011flant\u0131 Adapt\u00f6r Seti  Crafter ve Spirnter \u00d6zel Ba\u011flant\u0131 Adapt\u00f6r\u00fc  Yan Ba\u011flama Ma\u015fa Ta\u015f\u0131y\u0131c\u0131s\u0131 (2 adet)  K\u0131ska\u00e7 Ba\u011flant\u0131 Tablas\u0131 (2 adet)  Sabitleme Kamas\u0131 (2 adet)  Vida ve Somun (6 adet)","og_url":"https:\/\/bakirci.com\/ekipman\/servis-ekipmanlari\/kaporta\/sasi-ve-karoseri-duzeltme\/crafter-ve-sprinter-ozel-baglanti-adaptor-seticelette-born-in-france\/","og_site_name":"Bak\u0131rc\u0131 Garagineering","article_publisher":"https:\/\/www.facebook.com\/bakirci.garagineering","article_modified_time":"2021-08-16T07:16:30+00:00","og_image":[{"width":1600,"height":1600,"url":"https:\/\/bakirci.com\/ekipman\/wp-content\/uploads\/2021\/01\/Crafter-ve-Sprinter-Ozel-Baglanti-Adaptor-Seti.jpg","path":"\/home\/bakirciwebsitesi\/public_html\/ekipman\/wp-content\/uploads\/2021\/01\/Crafter-ve-Sprinter-Ozel-Baglanti-Adaptor-Seti.jpg","size":"full","id":5358,"alt":"","pixels":2560000,"type":"image\/jpeg"}],"twitter_card":"summary_large_image","twitter_misc":{"Tahmini okuma s\u00fcresi":"1 dakika"},"schema":{"@context":"https:\/\/schema.org","@graph":[{"@type":"Organization","@id":"https:\/\/bakirci.com\/ekipman\/#organization","name":"Bak\u0131rc\u0131 garagineering","url":"https:\/\/bakirci.com\/ekipman\/","sameAs":["https:\/\/www.facebook.com\/bakirci.garagineering","https:\/\/www.instagram.com\/bakirci.garagineering\/","https:\/\/www.linkedin.com\/company\/bakirci-garagineering\/","https:\/\/www.youtube.com\/channel\/UCiVG6s_jALJ6Zk8085XiOQg"],"logo":{"@type":"ImageObject","@id":"https:\/\/bakirci.com\/ekipman\/#logo","inLanguage":"tr","url":"https:\/\/bakirci.com\/ekipman\/wp-content\/uploads\/2021\/09\/Bakirci-logo-lacivert.png","contentUrl":"https:\/\/bakirci.com\/ekipman\/wp-content\/uploads\/2021\/09\/Bakirci-logo-lacivert.png","width":501,"height":501,"caption":"Bak\u0131rc\u0131 garagineering"},"image":{"@id":"https:\/\/bakirci.com\/ekipman\/#logo"}},{"@type":"WebSite","@id":"https:\/\/bakirci.com\/ekipman\/#website","url":"https:\/\/bakirci.com\/ekipman\/","name":"Bak\u0131rc\u0131 Garagineering","description":"Otomotiv sekt\u00f6r\u00fcne \u00f6zel, \u201c\u00dcretici Standard\u0131nda\u201d \u00e7\u00f6z\u00fcmler\u2026","publisher":{"@id":"https:\/\/bakirci.com\/ekipman\/#organization"},"potentialAction":[{"@type":"SearchAction","target":{"@type":"EntryPoint","urlTemplate":"https:\/\/bakirci.com\/ekipman\/?s={search_term_string}"},"query-input":"required name=search_term_string"}],"inLanguage":"tr"},{"@type":"ImageObject","@id":"https:\/\/bakirci.com\/ekipman\/servis-ekipmanlari\/kaporta\/sasi-ve-karoseri-duzeltme\/crafter-ve-sprinter-ozel-baglanti-adaptor-seticelette-born-in-france\/#primaryimage","inLanguage":"tr","url":"https:\/\/bakirci.com\/ekipman\/wp-content\/uploads\/2021\/01\/Crafter-ve-Sprinter-Ozel-Baglanti-Adaptor-Seti.jpg","contentUrl":"https:\/\/bakirci.com\/ekipman\/wp-content\/uploads\/2021\/01\/Crafter-ve-Sprinter-Ozel-Baglanti-Adaptor-Seti.jpg","width":1600,"height":1600},{"@type":"WebPage","@id":"https:\/\/bakirci.com\/ekipman\/servis-ekipmanlari\/kaporta\/sasi-ve-karoseri-duzeltme\/crafter-ve-sprinter-ozel-baglanti-adaptor-seticelette-born-in-france\/#webpage","url":"https:\/\/bakirci.com\/ekipman\/servis-ekipmanlari\/kaporta\/sasi-ve-karoseri-duzeltme\/crafter-ve-sprinter-ozel-baglanti-adaptor-seticelette-born-in-france\/","name":"Crafter ve Sprinter \u00d6zel Ba\u011flant\u0131 Adapt\u00f6r Seti CELETTE (Born in FRANCE) - Bak\u0131rc\u0131 Garagineering","isPartOf":{"@id":"https:\/\/bakirci.com\/ekipman\/#website"},"primaryImageOfPage":{"@id":"https:\/\/bakirci.com\/ekipman\/servis-ekipmanlari\/kaporta\/sasi-ve-karoseri-duzeltme\/crafter-ve-sprinter-ozel-baglanti-adaptor-seticelette-born-in-france\/#primaryimage"},"datePublished":"2021-01-02T10:45:15+00:00","dateModified":"2021-08-16T07:16:30+00:00","breadcrumb":{"@id":"https:\/\/bakirci.com\/ekipman\/servis-ekipmanlari\/kaporta\/sasi-ve-karoseri-duzeltme\/crafter-ve-sprinter-ozel-baglanti-adaptor-seticelette-born-in-france\/#breadcrumb"},"inLanguage":"tr","potentialAction":[{"@type":"ReadAction","target":["https:\/\/bakirci.com\/ekipman\/servis-ekipmanlari\/kaporta\/sasi-ve-karoseri-duzeltme\/crafter-ve-sprinter-ozel-baglanti-adaptor-seticelette-born-in-france\/"]}]},{"@type":"BreadcrumbList","@id":"https:\/\/bakirci.com\/ekipman\/servis-ekipmanlari\/kaporta\/sasi-ve-karoseri-duzeltme\/crafter-ve-sprinter-ozel-baglanti-adaptor-seticelette-born-in-france\/#breadcrumb","itemListElement":[{"@type":"ListItem","position":1,"name":"Ekipman","item":"https:\/\/bakirci.com\/ekipman\/"},{"@type":"ListItem","position":2,"name":"Otomotiv Tesisleri \u0130\u00e7in Servis Ekipmanlar\u0131","item":"https:\/\/bakirci.com\/ekipman\/"},{"@type":"ListItem","position":3,"name":"Crafter ve Sprinter \u00d6zel Ba\u011flant\u0131Adapt\u00f6r SetiCELETTE (Born in FRANCE)"}]}]}},"_links":{"self":[{"href":"https:\/\/bakirci.com\/ekipman\/wp-json\/wp\/v2\/product\/4531","targetHints":{"allow":["GET"]}}],"collection":[{"href":"https:\/\/bakirci.com\/ekipman\/wp-json\/wp\/v2\/product"}],"about":[{"href":"https:\/\/bakirci.com\/ekipman\/wp-json\/wp\/v2\/types\/product"}],"replies":[{"embeddable":true,"href":"https:\/\/bakirci.com\/ekipman\/wp-json\/wp\/v2\/comments?post=4531"}],"wp:featuredmedia":[{"embeddable":true,"href":"https:\/\/bakirci.com\/ekipman\/wp-json\/wp\/v2\/media\/5358"}],"wp:attachment":[{"href":"https:\/\/bakirci.com\/ekipman\/wp-json\/wp\/v2\/media?parent=4531"}],"wp:term":[{"taxonomy":"product_cat","embeddable":true,"href":"https:\/\/bakirci.com\/ekipman\/wp-json\/wp\/v2\/product_cat?post=4531"},{"taxonomy":"product_tag","embeddable":true,"href":"https:\/\/bakirci.com\/ekipman\/wp-json\/wp\/v2\/product_tag?post=4531"}],"curies":[{"name":"wp","href":"https:\/\/api.w.org\/{rel}","templated":true}]}}