{"id":4495,"date":"2021-01-02T13:35:35","date_gmt":"2021-01-02T13:35:35","guid":{"rendered":"https:\/\/j6l.65c.myftpupload.com\/?post_type=product&#038;p=4495"},"modified":"2021-08-06T15:03:27","modified_gmt":"2021-08-06T15:03:27","slug":"motor-indirme-vinciac-hydraulic-born-in-denmarkwn-20kaldirma-kapasitesi-2000-kg","status":"publish","type":"product","link":"https:\/\/bakirci.com\/ekipman\/servis-ekipmanlari\/mekanik\/kriko-ve-hidrolik-ekipmanlar\/motor-indirme-vinciac-hydraulic-born-in-denmarkwn-20kaldirma-kapasitesi-2000-kg\/","title":{"rendered":"<p class=\"ustmetin\">Motor \u0130ndirme Vinci<\/p><p class=\"ortametin\">AC HYDRAULIC <span class=\"ortametin2\">(Born in DENMARK)<\/span><\/p><p class=\"altmetin\">WN 20<br>Kald\u0131rma kapasitesi 2000 kg <\/p>"},"content":{"rendered":"<ul>\n<li>Motor \u0130ndirme Vinci &#8211; WN 20<\/li>\n<li>Katlan\u0131r tip, 360\u00b0 d\u00f6nebilen piston kald\u0131rma kolu<\/li>\n<li>5 pozisyonlu y\u00fck kademesi<\/li>\n<li>Maksimum y\u00fckte bile kolay manevra kabiliyeti<\/li>\n<li>Dahili emniyet a\u015f\u0131r\u0131 y\u00fck valfi<\/li>\n<li>Al\u00e7al\u0131rken optimum g\u00fcvenlik<\/li>\n<li>Uzun \u00f6m\u00fcrl\u00fc sert krom kapl\u0131 pompa pistonu<\/li>\n<li>Kald\u0131rma kapasitesi 2000 kg<\/li>\n<li>Kald\u0131rma y\u00fcksekli\u011fi 1820 mm<\/li>\n<\/ul>\n","protected":false},"excerpt":{"rendered":"<ul>\n<li>Motor \u0130ndirme Vinci &#8211; WN 20<\/li>\n<li>Katlan\u0131r tip, 360\u00b0 d\u00f6nebilen piston kald\u0131rma kolu<\/li>\n<li>5 pozisyonlu y\u00fck kademesi<\/li>\n<li>Maksimum y\u00fckte bile kolay manevra kabiliyeti<\/li>\n<li>Dahili emniyet a\u015f\u0131r\u0131 y\u00fck valfi<\/li>\n<li>Al\u00e7al\u0131rken optimum g\u00fcvenlik<\/li>\n<li>Uzun \u00f6m\u00fcrl\u00fc sert krom kapl\u0131 pompa pistonu<\/li>\n<li>Kald\u0131rma kapasitesi 2000 kg<\/li>\n<li>Kald\u0131rma y\u00fcksekli\u011fi 1820 mm<\/li>\n<\/ul>\n","protected":false},"featured_media":4496,"comment_status":"closed","ping_status":"closed","template":"","meta":[],"product_cat":[151],"product_tag":[76,626,625],"class_list":["post-4495","product","type-product","status-publish","has-post-thumbnail","hentry","pwb-brand-ac-hydraulic","product_cat-kriko-ve-hidrolik-ekipmanlar","product_tag-ac-hydraulic","product_tag-motor-aski-krikosu","product_tag-motor-aski-vinci"],"brands":[{"id":367,"name":"AC HYDRAULIC","slug":"ac-hydraulic"}],"yoast_head":"<!-- This site is optimized with the Yoast SEO plugin v17.1 - https:\/\/yoast.com\/wordpress\/plugins\/seo\/ -->\n<title>Motor \u0130ndirme VinciAC HYDRAULIC (Born in DENMARK)WN 20Kald\u0131rma kapasitesi 2000 kg  - Bak\u0131rc\u0131 Garagineering<\/title>\n<meta name=\"robots\" content=\"index, follow, max-snippet:-1, max-image-preview:large, max-video-preview:-1\" \/>\n<link rel=\"canonical\" href=\"https:\/\/bakirci.com\/ekipman\/servis-ekipmanlari\/mekanik\/kriko-ve-hidrolik-ekipmanlar\/motor-indirme-vinciac-hydraulic-born-in-denmarkwn-20kaldirma-kapasitesi-2000-kg\/\" \/>\n<meta property=\"og:locale\" content=\"tr_TR\" \/>\n<meta property=\"og:type\" content=\"article\" \/>\n<meta property=\"og:title\" content=\"Motor \u0130ndirme VinciAC HYDRAULIC (Born in DENMARK)WN 20Kald\u0131rma kapasitesi 2000 kg  - Bak\u0131rc\u0131 Garagineering\" \/>\n<meta property=\"og:description\" content=\"Motor \u0130ndirme Vinci - WN 20  Katlan\u0131r tip, 360\u00b0 d\u00f6nebilen piston kald\u0131rma kolu  5 pozisyonlu y\u00fck kademesi  Maksimum y\u00fckte bile kolay manevra kabiliyeti  Dahili emniyet a\u015f\u0131r\u0131 y\u00fck valfi  Al\u00e7al\u0131rken optimum g\u00fcvenlik  Uzun \u00f6m\u00fcrl\u00fc sert krom kapl\u0131 pompa pistonu  Kald\u0131rma kapasitesi 2000 kg  Kald\u0131rma y\u00fcksekli\u011fi 1820 mm\" \/>\n<meta property=\"og:url\" content=\"https:\/\/bakirci.com\/ekipman\/servis-ekipmanlari\/mekanik\/kriko-ve-hidrolik-ekipmanlar\/motor-indirme-vinciac-hydraulic-born-in-denmarkwn-20kaldirma-kapasitesi-2000-kg\/\" \/>\n<meta property=\"og:site_name\" content=\"Bak\u0131rc\u0131 Garagineering\" \/>\n<meta property=\"article:publisher\" content=\"https:\/\/www.facebook.com\/bakirci.garagineering\" \/>\n<meta property=\"article:modified_time\" content=\"2021-08-06T15:03:27+00:00\" \/>\n<meta property=\"og:image\" content=\"https:\/\/bakirci.com\/ekipman\/wp-content\/uploads\/2021\/06\/WN-20.png\" \/>\n\t<meta property=\"og:image:width\" content=\"1200\" \/>\n\t<meta property=\"og:image:height\" content=\"1200\" \/>\n<meta name=\"twitter:card\" content=\"summary_large_image\" \/>\n<meta name=\"twitter:label1\" content=\"Tahmini okuma s\u00fcresi\" \/>\n\t<meta name=\"twitter:data1\" content=\"1 dakika\" \/>\n<script type=\"application\/ld+json\" class=\"yoast-schema-graph\">{\"@context\":\"https:\/\/schema.org\",\"@graph\":[{\"@type\":\"Organization\",\"@id\":\"https:\/\/bakirci.com\/ekipman\/#organization\",\"name\":\"Bak\\u0131rc\\u0131 garagineering\",\"url\":\"https:\/\/bakirci.com\/ekipman\/\",\"sameAs\":[\"https:\/\/www.facebook.com\/bakirci.garagineering\",\"https:\/\/www.instagram.com\/bakirci.garagineering\/\",\"https:\/\/www.linkedin.com\/company\/bakirci-garagineering\/\",\"https:\/\/www.youtube.com\/channel\/UCiVG6s_jALJ6Zk8085XiOQg\"],\"logo\":{\"@type\":\"ImageObject\",\"@id\":\"https:\/\/bakirci.com\/ekipman\/#logo\",\"inLanguage\":\"tr\",\"url\":\"https:\/\/bakirci.com\/ekipman\/wp-content\/uploads\/2021\/09\/Bakirci-logo-lacivert.png\",\"contentUrl\":\"https:\/\/bakirci.com\/ekipman\/wp-content\/uploads\/2021\/09\/Bakirci-logo-lacivert.png\",\"width\":501,\"height\":501,\"caption\":\"Bak\\u0131rc\\u0131 garagineering\"},\"image\":{\"@id\":\"https:\/\/bakirci.com\/ekipman\/#logo\"}},{\"@type\":\"WebSite\",\"@id\":\"https:\/\/bakirci.com\/ekipman\/#website\",\"url\":\"https:\/\/bakirci.com\/ekipman\/\",\"name\":\"Bak\\u0131rc\\u0131 Garagineering\",\"description\":\"Otomotiv sekt\\u00f6r\\u00fcne \\u00f6zel, \\u201c\\u00dcretici Standard\\u0131nda\\u201d \\u00e7\\u00f6z\\u00fcmler\\u2026\",\"publisher\":{\"@id\":\"https:\/\/bakirci.com\/ekipman\/#organization\"},\"potentialAction\":[{\"@type\":\"SearchAction\",\"target\":{\"@type\":\"EntryPoint\",\"urlTemplate\":\"https:\/\/bakirci.com\/ekipman\/?s={search_term_string}\"},\"query-input\":\"required name=search_term_string\"}],\"inLanguage\":\"tr\"},{\"@type\":\"ImageObject\",\"@id\":\"https:\/\/bakirci.com\/ekipman\/servis-ekipmanlari\/mekanik\/kriko-ve-hidrolik-ekipmanlar\/motor-indirme-vinciac-hydraulic-born-in-denmarkwn-20kaldirma-kapasitesi-2000-kg\/#primaryimage\",\"inLanguage\":\"tr\",\"url\":\"https:\/\/bakirci.com\/ekipman\/wp-content\/uploads\/2021\/06\/WN-20.png\",\"contentUrl\":\"https:\/\/bakirci.com\/ekipman\/wp-content\/uploads\/2021\/06\/WN-20.png\",\"width\":1200,\"height\":1200},{\"@type\":\"WebPage\",\"@id\":\"https:\/\/bakirci.com\/ekipman\/servis-ekipmanlari\/mekanik\/kriko-ve-hidrolik-ekipmanlar\/motor-indirme-vinciac-hydraulic-born-in-denmarkwn-20kaldirma-kapasitesi-2000-kg\/#webpage\",\"url\":\"https:\/\/bakirci.com\/ekipman\/servis-ekipmanlari\/mekanik\/kriko-ve-hidrolik-ekipmanlar\/motor-indirme-vinciac-hydraulic-born-in-denmarkwn-20kaldirma-kapasitesi-2000-kg\/\",\"name\":\"Motor \\u0130ndirme Vinci AC HYDRAULIC (Born in DENMARK) WN 20 Kald\\u0131rma kapasitesi 2000 kg - Bak\\u0131rc\\u0131 Garagineering\",\"isPartOf\":{\"@id\":\"https:\/\/bakirci.com\/ekipman\/#website\"},\"primaryImageOfPage\":{\"@id\":\"https:\/\/bakirci.com\/ekipman\/servis-ekipmanlari\/mekanik\/kriko-ve-hidrolik-ekipmanlar\/motor-indirme-vinciac-hydraulic-born-in-denmarkwn-20kaldirma-kapasitesi-2000-kg\/#primaryimage\"},\"datePublished\":\"2021-01-02T13:35:35+00:00\",\"dateModified\":\"2021-08-06T15:03:27+00:00\",\"breadcrumb\":{\"@id\":\"https:\/\/bakirci.com\/ekipman\/servis-ekipmanlari\/mekanik\/kriko-ve-hidrolik-ekipmanlar\/motor-indirme-vinciac-hydraulic-born-in-denmarkwn-20kaldirma-kapasitesi-2000-kg\/#breadcrumb\"},\"inLanguage\":\"tr\",\"potentialAction\":[{\"@type\":\"ReadAction\",\"target\":[\"https:\/\/bakirci.com\/ekipman\/servis-ekipmanlari\/mekanik\/kriko-ve-hidrolik-ekipmanlar\/motor-indirme-vinciac-hydraulic-born-in-denmarkwn-20kaldirma-kapasitesi-2000-kg\/\"]}]},{\"@type\":\"BreadcrumbList\",\"@id\":\"https:\/\/bakirci.com\/ekipman\/servis-ekipmanlari\/mekanik\/kriko-ve-hidrolik-ekipmanlar\/motor-indirme-vinciac-hydraulic-born-in-denmarkwn-20kaldirma-kapasitesi-2000-kg\/#breadcrumb\",\"itemListElement\":[{\"@type\":\"ListItem\",\"position\":1,\"name\":\"Ekipman\",\"item\":\"https:\/\/bakirci.com\/ekipman\/\"},{\"@type\":\"ListItem\",\"position\":2,\"name\":\"Otomotiv Tesisleri \\u0130\\u00e7in Servis Ekipmanlar\\u0131\",\"item\":\"https:\/\/bakirci.com\/ekipman\/\"},{\"@type\":\"ListItem\",\"position\":3,\"name\":\"Motor \\u0130ndirme VinciAC HYDRAULIC (Born in DENMARK)WN 20Kald\\u0131rma kapasitesi 2000 kg\"}]}]}<\/script>\n<!-- \/ Yoast SEO plugin. -->","yoast_head_json":{"title":"Motor \u0130ndirme VinciAC HYDRAULIC (Born in DENMARK)WN 20Kald\u0131rma kapasitesi 2000 kg  - Bak\u0131rc\u0131 Garagineering","robots":{"index":"index","follow":"follow","max-snippet":"max-snippet:-1","max-image-preview":"max-image-preview:large","max-video-preview":"max-video-preview:-1"},"canonical":"https:\/\/bakirci.com\/ekipman\/servis-ekipmanlari\/mekanik\/kriko-ve-hidrolik-ekipmanlar\/motor-indirme-vinciac-hydraulic-born-in-denmarkwn-20kaldirma-kapasitesi-2000-kg\/","og_locale":"tr_TR","og_type":"article","og_title":"Motor \u0130ndirme VinciAC HYDRAULIC (Born in DENMARK)WN 20Kald\u0131rma kapasitesi 2000 kg  - Bak\u0131rc\u0131 Garagineering","og_description":"Motor \u0130ndirme Vinci - WN 20  Katlan\u0131r tip, 360\u00b0 d\u00f6nebilen piston kald\u0131rma kolu  5 pozisyonlu y\u00fck kademesi  Maksimum y\u00fckte bile kolay manevra kabiliyeti  Dahili emniyet a\u015f\u0131r\u0131 y\u00fck valfi  Al\u00e7al\u0131rken optimum g\u00fcvenlik  Uzun \u00f6m\u00fcrl\u00fc sert krom kapl\u0131 pompa pistonu  Kald\u0131rma kapasitesi 2000 kg  Kald\u0131rma y\u00fcksekli\u011fi 1820 mm","og_url":"https:\/\/bakirci.com\/ekipman\/servis-ekipmanlari\/mekanik\/kriko-ve-hidrolik-ekipmanlar\/motor-indirme-vinciac-hydraulic-born-in-denmarkwn-20kaldirma-kapasitesi-2000-kg\/","og_site_name":"Bak\u0131rc\u0131 Garagineering","article_publisher":"https:\/\/www.facebook.com\/bakirci.garagineering","article_modified_time":"2021-08-06T15:03:27+00:00","og_image":[{"width":1200,"height":1200,"url":"https:\/\/bakirci.com\/ekipman\/wp-content\/uploads\/2021\/06\/WN-20.png","path":"\/home\/bakirciwebsitesi\/public_html\/ekipman\/wp-content\/uploads\/2021\/06\/WN-20.png","size":"full","id":4496,"alt":"","pixels":1440000,"type":"image\/png"}],"twitter_card":"summary_large_image","twitter_misc":{"Tahmini okuma s\u00fcresi":"1 dakika"},"schema":{"@context":"https:\/\/schema.org","@graph":[{"@type":"Organization","@id":"https:\/\/bakirci.com\/ekipman\/#organization","name":"Bak\u0131rc\u0131 garagineering","url":"https:\/\/bakirci.com\/ekipman\/","sameAs":["https:\/\/www.facebook.com\/bakirci.garagineering","https:\/\/www.instagram.com\/bakirci.garagineering\/","https:\/\/www.linkedin.com\/company\/bakirci-garagineering\/","https:\/\/www.youtube.com\/channel\/UCiVG6s_jALJ6Zk8085XiOQg"],"logo":{"@type":"ImageObject","@id":"https:\/\/bakirci.com\/ekipman\/#logo","inLanguage":"tr","url":"https:\/\/bakirci.com\/ekipman\/wp-content\/uploads\/2021\/09\/Bakirci-logo-lacivert.png","contentUrl":"https:\/\/bakirci.com\/ekipman\/wp-content\/uploads\/2021\/09\/Bakirci-logo-lacivert.png","width":501,"height":501,"caption":"Bak\u0131rc\u0131 garagineering"},"image":{"@id":"https:\/\/bakirci.com\/ekipman\/#logo"}},{"@type":"WebSite","@id":"https:\/\/bakirci.com\/ekipman\/#website","url":"https:\/\/bakirci.com\/ekipman\/","name":"Bak\u0131rc\u0131 Garagineering","description":"Otomotiv sekt\u00f6r\u00fcne \u00f6zel, \u201c\u00dcretici Standard\u0131nda\u201d \u00e7\u00f6z\u00fcmler\u2026","publisher":{"@id":"https:\/\/bakirci.com\/ekipman\/#organization"},"potentialAction":[{"@type":"SearchAction","target":{"@type":"EntryPoint","urlTemplate":"https:\/\/bakirci.com\/ekipman\/?s={search_term_string}"},"query-input":"required name=search_term_string"}],"inLanguage":"tr"},{"@type":"ImageObject","@id":"https:\/\/bakirci.com\/ekipman\/servis-ekipmanlari\/mekanik\/kriko-ve-hidrolik-ekipmanlar\/motor-indirme-vinciac-hydraulic-born-in-denmarkwn-20kaldirma-kapasitesi-2000-kg\/#primaryimage","inLanguage":"tr","url":"https:\/\/bakirci.com\/ekipman\/wp-content\/uploads\/2021\/06\/WN-20.png","contentUrl":"https:\/\/bakirci.com\/ekipman\/wp-content\/uploads\/2021\/06\/WN-20.png","width":1200,"height":1200},{"@type":"WebPage","@id":"https:\/\/bakirci.com\/ekipman\/servis-ekipmanlari\/mekanik\/kriko-ve-hidrolik-ekipmanlar\/motor-indirme-vinciac-hydraulic-born-in-denmarkwn-20kaldirma-kapasitesi-2000-kg\/#webpage","url":"https:\/\/bakirci.com\/ekipman\/servis-ekipmanlari\/mekanik\/kriko-ve-hidrolik-ekipmanlar\/motor-indirme-vinciac-hydraulic-born-in-denmarkwn-20kaldirma-kapasitesi-2000-kg\/","name":"Motor \u0130ndirme Vinci AC HYDRAULIC (Born in DENMARK) WN 20 Kald\u0131rma kapasitesi 2000 kg - Bak\u0131rc\u0131 Garagineering","isPartOf":{"@id":"https:\/\/bakirci.com\/ekipman\/#website"},"primaryImageOfPage":{"@id":"https:\/\/bakirci.com\/ekipman\/servis-ekipmanlari\/mekanik\/kriko-ve-hidrolik-ekipmanlar\/motor-indirme-vinciac-hydraulic-born-in-denmarkwn-20kaldirma-kapasitesi-2000-kg\/#primaryimage"},"datePublished":"2021-01-02T13:35:35+00:00","dateModified":"2021-08-06T15:03:27+00:00","breadcrumb":{"@id":"https:\/\/bakirci.com\/ekipman\/servis-ekipmanlari\/mekanik\/kriko-ve-hidrolik-ekipmanlar\/motor-indirme-vinciac-hydraulic-born-in-denmarkwn-20kaldirma-kapasitesi-2000-kg\/#breadcrumb"},"inLanguage":"tr","potentialAction":[{"@type":"ReadAction","target":["https:\/\/bakirci.com\/ekipman\/servis-ekipmanlari\/mekanik\/kriko-ve-hidrolik-ekipmanlar\/motor-indirme-vinciac-hydraulic-born-in-denmarkwn-20kaldirma-kapasitesi-2000-kg\/"]}]},{"@type":"BreadcrumbList","@id":"https:\/\/bakirci.com\/ekipman\/servis-ekipmanlari\/mekanik\/kriko-ve-hidrolik-ekipmanlar\/motor-indirme-vinciac-hydraulic-born-in-denmarkwn-20kaldirma-kapasitesi-2000-kg\/#breadcrumb","itemListElement":[{"@type":"ListItem","position":1,"name":"Ekipman","item":"https:\/\/bakirci.com\/ekipman\/"},{"@type":"ListItem","position":2,"name":"Otomotiv Tesisleri \u0130\u00e7in Servis Ekipmanlar\u0131","item":"https:\/\/bakirci.com\/ekipman\/"},{"@type":"ListItem","position":3,"name":"Motor \u0130ndirme VinciAC HYDRAULIC (Born in DENMARK)WN 20Kald\u0131rma kapasitesi 2000 kg"}]}]}},"_links":{"self":[{"href":"https:\/\/bakirci.com\/ekipman\/wp-json\/wp\/v2\/product\/4495","targetHints":{"allow":["GET"]}}],"collection":[{"href":"https:\/\/bakirci.com\/ekipman\/wp-json\/wp\/v2\/product"}],"about":[{"href":"https:\/\/bakirci.com\/ekipman\/wp-json\/wp\/v2\/types\/product"}],"replies":[{"embeddable":true,"href":"https:\/\/bakirci.com\/ekipman\/wp-json\/wp\/v2\/comments?post=4495"}],"wp:featuredmedia":[{"embeddable":true,"href":"https:\/\/bakirci.com\/ekipman\/wp-json\/wp\/v2\/media\/4496"}],"wp:attachment":[{"href":"https:\/\/bakirci.com\/ekipman\/wp-json\/wp\/v2\/media?parent=4495"}],"wp:term":[{"taxonomy":"product_cat","embeddable":true,"href":"https:\/\/bakirci.com\/ekipman\/wp-json\/wp\/v2\/product_cat?post=4495"},{"taxonomy":"product_tag","embeddable":true,"href":"https:\/\/bakirci.com\/ekipman\/wp-json\/wp\/v2\/product_tag?post=4495"}],"curies":[{"name":"wp","href":"https:\/\/api.w.org\/{rel}","templated":true}]}}