{"id":4475,"date":"2021-01-02T14:25:10","date_gmt":"2021-01-02T14:25:10","guid":{"rendered":"https:\/\/j6l.65c.myftpupload.com\/?post_type=product&#038;p=4475"},"modified":"2021-08-06T15:01:21","modified_gmt":"2021-08-06T15:01:21","slug":"kanal-krikosuac-hydraulic-born-in-denmarkgd150-2askili-tip-kaldirma-kapasitesi-15000-kg","status":"publish","type":"product","link":"https:\/\/bakirci.com\/ekipman\/servis-ekipmanlari\/mekanik\/kriko-ve-hidrolik-ekipmanlar\/kanal-krikosuac-hydraulic-born-in-denmarkgd150-2askili-tip-kaldirma-kapasitesi-15000-kg\/","title":{"rendered":"<p class=\"ustmetin\">Kanal Krikosu<\/p><p class=\"ortametin\">AC HYDRAULIC <span class=\"ortametin2\">(Born in DENMARK)<\/span><\/p><p class=\"altmetin\">GD150-2<br>Ask\u0131l\u0131 tip, kald\u0131rma kapasitesi 15000 kg<\/p>"},"content":{"rendered":"<ul>\n<li>Kanal Krikosu &#8211; GD150-2<\/li>\n<li>Ask\u0131l\u0131 tip, haval\u0131 hidrolik<\/li>\n<li>Otob\u00fcsler i\u00e7in \u00e7ift pistonlu \u00f6zel kald\u0131rma sistemi<\/li>\n<li>Y\u00fcksek h\u0131zl\u0131 ve hassas kald\u0131rma \u00fcnitesi<\/li>\n<li>Kanal ray\u0131 \u00fczerinde rahat hareket imkan\u0131 sa\u011flayan rulman sistemi<\/li>\n<li>Kanal geni\u015fli\u011fine g\u00f6re ayarlanabilir \u00e7er\u00e7eve (850 &#8211; 1150 mm)<\/li>\n<li>Kald\u0131rma kapasitesi 15000 kg<\/li>\n<li>Kriko boyu 545 mm<\/li>\n<li>Kald\u0131rma pistonu stroku 420 mm<\/li>\n<\/ul>\n","protected":false},"excerpt":{"rendered":"<ul>\n<li>Kanal Krikosu &#8211; GD150-2<\/li>\n<li>Ask\u0131l\u0131 tip, haval\u0131 hidrolik<\/li>\n<li>Otob\u00fcsler i\u00e7in \u00e7ift pistonlu \u00f6zel kald\u0131rma sistemi<\/li>\n<li>Y\u00fcksek h\u0131zl\u0131 ve hassas kald\u0131rma \u00fcnitesi<\/li>\n<li>Kanal ray\u0131 \u00fczerinde rahat hareket imkan\u0131 sa\u011flayan rulman sistemi<\/li>\n<li>Kanal geni\u015fli\u011fine g\u00f6re ayarlanabilir \u00e7er\u00e7eve (850 &#8211; 1150 mm)<\/li>\n<li>Kald\u0131rma kapasitesi 15000 kg<\/li>\n<li>Kriko boyu 545 mm<\/li>\n<li>Kald\u0131rma pistonu stroku 420 mm<\/li>\n<\/ul>\n","protected":false},"featured_media":4476,"comment_status":"closed","ping_status":"closed","template":"","meta":[],"product_cat":[151],"product_tag":[76,619,617,618,620,623,621,622],"class_list":["post-4475","product","type-product","status-publish","has-post-thumbnail","hentry","pwb-brand-ac-hydraulic","product_cat-kriko-ve-hidrolik-ekipmanlar","product_tag-ac-hydraulic","product_tag-agir-vasita-kriko","product_tag-askili-kriko","product_tag-kamyon-kriko","product_tag-otobus-kriko","product_tag-pistonlu-kriko","product_tag-traktor-kriko","product_tag-zemin-krikosu"],"brands":[{"id":367,"name":"AC HYDRAULIC","slug":"ac-hydraulic"}],"yoast_head":"<!-- This site is optimized with the Yoast SEO plugin v17.1 - https:\/\/yoast.com\/wordpress\/plugins\/seo\/ -->\n<title>Kanal KrikosuAC HYDRAULIC (Born in DENMARK)GD150-2Ask\u0131l\u0131 tip, kald\u0131rma kapasitesi 15000 kg - Bak\u0131rc\u0131 Garagineering<\/title>\n<meta name=\"robots\" content=\"index, follow, max-snippet:-1, max-image-preview:large, max-video-preview:-1\" \/>\n<link rel=\"canonical\" href=\"https:\/\/bakirci.com\/ekipman\/servis-ekipmanlari\/mekanik\/kriko-ve-hidrolik-ekipmanlar\/kanal-krikosuac-hydraulic-born-in-denmarkgd150-2askili-tip-kaldirma-kapasitesi-15000-kg\/\" \/>\n<meta property=\"og:locale\" content=\"tr_TR\" \/>\n<meta property=\"og:type\" content=\"article\" \/>\n<meta property=\"og:title\" content=\"Kanal KrikosuAC HYDRAULIC (Born in DENMARK)GD150-2Ask\u0131l\u0131 tip, kald\u0131rma kapasitesi 15000 kg - Bak\u0131rc\u0131 Garagineering\" \/>\n<meta property=\"og:description\" content=\"Kanal Krikosu - GD150-2  Ask\u0131l\u0131 tip, haval\u0131 hidrolik  Otob\u00fcsler i\u00e7in \u00e7ift pistonlu \u00f6zel kald\u0131rma sistemi  Y\u00fcksek h\u0131zl\u0131 ve hassas kald\u0131rma \u00fcnitesi  Kanal ray\u0131 \u00fczerinde rahat hareket imkan\u0131 sa\u011flayan rulman sistemi  Kanal geni\u015fli\u011fine g\u00f6re ayarlanabilir \u00e7er\u00e7eve (850 - 1150 mm)  Kald\u0131rma kapasitesi 15000 kg  Kriko boyu 545 mm  Kald\u0131rma pistonu stroku 420 mm\" \/>\n<meta property=\"og:url\" content=\"https:\/\/bakirci.com\/ekipman\/servis-ekipmanlari\/mekanik\/kriko-ve-hidrolik-ekipmanlar\/kanal-krikosuac-hydraulic-born-in-denmarkgd150-2askili-tip-kaldirma-kapasitesi-15000-kg\/\" \/>\n<meta property=\"og:site_name\" content=\"Bak\u0131rc\u0131 Garagineering\" \/>\n<meta property=\"article:publisher\" content=\"https:\/\/www.facebook.com\/bakirci.garagineering\" \/>\n<meta property=\"article:modified_time\" content=\"2021-08-06T15:01:21+00:00\" \/>\n<meta property=\"og:image\" content=\"https:\/\/bakirci.com\/ekipman\/wp-content\/uploads\/2021\/06\/GD150-2.png\" \/>\n\t<meta property=\"og:image:width\" content=\"1200\" \/>\n\t<meta property=\"og:image:height\" content=\"1200\" \/>\n<meta name=\"twitter:card\" content=\"summary_large_image\" \/>\n<meta name=\"twitter:label1\" content=\"Tahmini okuma s\u00fcresi\" \/>\n\t<meta name=\"twitter:data1\" content=\"1 dakika\" \/>\n<script type=\"application\/ld+json\" class=\"yoast-schema-graph\">{\"@context\":\"https:\/\/schema.org\",\"@graph\":[{\"@type\":\"Organization\",\"@id\":\"https:\/\/bakirci.com\/ekipman\/#organization\",\"name\":\"Bak\\u0131rc\\u0131 garagineering\",\"url\":\"https:\/\/bakirci.com\/ekipman\/\",\"sameAs\":[\"https:\/\/www.facebook.com\/bakirci.garagineering\",\"https:\/\/www.instagram.com\/bakirci.garagineering\/\",\"https:\/\/www.linkedin.com\/company\/bakirci-garagineering\/\",\"https:\/\/www.youtube.com\/channel\/UCiVG6s_jALJ6Zk8085XiOQg\"],\"logo\":{\"@type\":\"ImageObject\",\"@id\":\"https:\/\/bakirci.com\/ekipman\/#logo\",\"inLanguage\":\"tr\",\"url\":\"https:\/\/bakirci.com\/ekipman\/wp-content\/uploads\/2021\/09\/Bakirci-logo-lacivert.png\",\"contentUrl\":\"https:\/\/bakirci.com\/ekipman\/wp-content\/uploads\/2021\/09\/Bakirci-logo-lacivert.png\",\"width\":501,\"height\":501,\"caption\":\"Bak\\u0131rc\\u0131 garagineering\"},\"image\":{\"@id\":\"https:\/\/bakirci.com\/ekipman\/#logo\"}},{\"@type\":\"WebSite\",\"@id\":\"https:\/\/bakirci.com\/ekipman\/#website\",\"url\":\"https:\/\/bakirci.com\/ekipman\/\",\"name\":\"Bak\\u0131rc\\u0131 Garagineering\",\"description\":\"Otomotiv sekt\\u00f6r\\u00fcne \\u00f6zel, \\u201c\\u00dcretici Standard\\u0131nda\\u201d \\u00e7\\u00f6z\\u00fcmler\\u2026\",\"publisher\":{\"@id\":\"https:\/\/bakirci.com\/ekipman\/#organization\"},\"potentialAction\":[{\"@type\":\"SearchAction\",\"target\":{\"@type\":\"EntryPoint\",\"urlTemplate\":\"https:\/\/bakirci.com\/ekipman\/?s={search_term_string}\"},\"query-input\":\"required name=search_term_string\"}],\"inLanguage\":\"tr\"},{\"@type\":\"ImageObject\",\"@id\":\"https:\/\/bakirci.com\/ekipman\/servis-ekipmanlari\/mekanik\/kriko-ve-hidrolik-ekipmanlar\/kanal-krikosuac-hydraulic-born-in-denmarkgd150-2askili-tip-kaldirma-kapasitesi-15000-kg\/#primaryimage\",\"inLanguage\":\"tr\",\"url\":\"https:\/\/bakirci.com\/ekipman\/wp-content\/uploads\/2021\/06\/GD150-2.png\",\"contentUrl\":\"https:\/\/bakirci.com\/ekipman\/wp-content\/uploads\/2021\/06\/GD150-2.png\",\"width\":1200,\"height\":1200},{\"@type\":\"WebPage\",\"@id\":\"https:\/\/bakirci.com\/ekipman\/servis-ekipmanlari\/mekanik\/kriko-ve-hidrolik-ekipmanlar\/kanal-krikosuac-hydraulic-born-in-denmarkgd150-2askili-tip-kaldirma-kapasitesi-15000-kg\/#webpage\",\"url\":\"https:\/\/bakirci.com\/ekipman\/servis-ekipmanlari\/mekanik\/kriko-ve-hidrolik-ekipmanlar\/kanal-krikosuac-hydraulic-born-in-denmarkgd150-2askili-tip-kaldirma-kapasitesi-15000-kg\/\",\"name\":\"Kanal Krikosu AC HYDRAULIC (Born in DENMARK) GD150-2 Ask\\u0131l\\u0131 tip, kald\\u0131rma kapasitesi 15000 kg - Bak\\u0131rc\\u0131 Garagineering\",\"isPartOf\":{\"@id\":\"https:\/\/bakirci.com\/ekipman\/#website\"},\"primaryImageOfPage\":{\"@id\":\"https:\/\/bakirci.com\/ekipman\/servis-ekipmanlari\/mekanik\/kriko-ve-hidrolik-ekipmanlar\/kanal-krikosuac-hydraulic-born-in-denmarkgd150-2askili-tip-kaldirma-kapasitesi-15000-kg\/#primaryimage\"},\"datePublished\":\"2021-01-02T14:25:10+00:00\",\"dateModified\":\"2021-08-06T15:01:21+00:00\",\"breadcrumb\":{\"@id\":\"https:\/\/bakirci.com\/ekipman\/servis-ekipmanlari\/mekanik\/kriko-ve-hidrolik-ekipmanlar\/kanal-krikosuac-hydraulic-born-in-denmarkgd150-2askili-tip-kaldirma-kapasitesi-15000-kg\/#breadcrumb\"},\"inLanguage\":\"tr\",\"potentialAction\":[{\"@type\":\"ReadAction\",\"target\":[\"https:\/\/bakirci.com\/ekipman\/servis-ekipmanlari\/mekanik\/kriko-ve-hidrolik-ekipmanlar\/kanal-krikosuac-hydraulic-born-in-denmarkgd150-2askili-tip-kaldirma-kapasitesi-15000-kg\/\"]}]},{\"@type\":\"BreadcrumbList\",\"@id\":\"https:\/\/bakirci.com\/ekipman\/servis-ekipmanlari\/mekanik\/kriko-ve-hidrolik-ekipmanlar\/kanal-krikosuac-hydraulic-born-in-denmarkgd150-2askili-tip-kaldirma-kapasitesi-15000-kg\/#breadcrumb\",\"itemListElement\":[{\"@type\":\"ListItem\",\"position\":1,\"name\":\"Ekipman\",\"item\":\"https:\/\/bakirci.com\/ekipman\/\"},{\"@type\":\"ListItem\",\"position\":2,\"name\":\"Otomotiv Tesisleri \\u0130\\u00e7in Servis Ekipmanlar\\u0131\",\"item\":\"https:\/\/bakirci.com\/ekipman\/\"},{\"@type\":\"ListItem\",\"position\":3,\"name\":\"Kanal KrikosuAC HYDRAULIC (Born in DENMARK)GD150-2Ask\\u0131l\\u0131 tip, kald\\u0131rma kapasitesi 15000 kg\"}]}]}<\/script>\n<!-- \/ Yoast SEO plugin. -->","yoast_head_json":{"title":"Kanal KrikosuAC HYDRAULIC (Born in DENMARK)GD150-2Ask\u0131l\u0131 tip, kald\u0131rma kapasitesi 15000 kg - Bak\u0131rc\u0131 Garagineering","robots":{"index":"index","follow":"follow","max-snippet":"max-snippet:-1","max-image-preview":"max-image-preview:large","max-video-preview":"max-video-preview:-1"},"canonical":"https:\/\/bakirci.com\/ekipman\/servis-ekipmanlari\/mekanik\/kriko-ve-hidrolik-ekipmanlar\/kanal-krikosuac-hydraulic-born-in-denmarkgd150-2askili-tip-kaldirma-kapasitesi-15000-kg\/","og_locale":"tr_TR","og_type":"article","og_title":"Kanal KrikosuAC HYDRAULIC (Born in DENMARK)GD150-2Ask\u0131l\u0131 tip, kald\u0131rma kapasitesi 15000 kg - Bak\u0131rc\u0131 Garagineering","og_description":"Kanal Krikosu - GD150-2  Ask\u0131l\u0131 tip, haval\u0131 hidrolik  Otob\u00fcsler i\u00e7in \u00e7ift pistonlu \u00f6zel kald\u0131rma sistemi  Y\u00fcksek h\u0131zl\u0131 ve hassas kald\u0131rma \u00fcnitesi  Kanal ray\u0131 \u00fczerinde rahat hareket imkan\u0131 sa\u011flayan rulman sistemi  Kanal geni\u015fli\u011fine g\u00f6re ayarlanabilir \u00e7er\u00e7eve (850 - 1150 mm)  Kald\u0131rma kapasitesi 15000 kg  Kriko boyu 545 mm  Kald\u0131rma pistonu stroku 420 mm","og_url":"https:\/\/bakirci.com\/ekipman\/servis-ekipmanlari\/mekanik\/kriko-ve-hidrolik-ekipmanlar\/kanal-krikosuac-hydraulic-born-in-denmarkgd150-2askili-tip-kaldirma-kapasitesi-15000-kg\/","og_site_name":"Bak\u0131rc\u0131 Garagineering","article_publisher":"https:\/\/www.facebook.com\/bakirci.garagineering","article_modified_time":"2021-08-06T15:01:21+00:00","og_image":[{"width":1200,"height":1200,"url":"https:\/\/bakirci.com\/ekipman\/wp-content\/uploads\/2021\/06\/GD150-2.png","path":"\/home\/bakirciwebsitesi\/public_html\/ekipman\/wp-content\/uploads\/2021\/06\/GD150-2.png","size":"full","id":4476,"alt":"","pixels":1440000,"type":"image\/png"}],"twitter_card":"summary_large_image","twitter_misc":{"Tahmini okuma s\u00fcresi":"1 dakika"},"schema":{"@context":"https:\/\/schema.org","@graph":[{"@type":"Organization","@id":"https:\/\/bakirci.com\/ekipman\/#organization","name":"Bak\u0131rc\u0131 garagineering","url":"https:\/\/bakirci.com\/ekipman\/","sameAs":["https:\/\/www.facebook.com\/bakirci.garagineering","https:\/\/www.instagram.com\/bakirci.garagineering\/","https:\/\/www.linkedin.com\/company\/bakirci-garagineering\/","https:\/\/www.youtube.com\/channel\/UCiVG6s_jALJ6Zk8085XiOQg"],"logo":{"@type":"ImageObject","@id":"https:\/\/bakirci.com\/ekipman\/#logo","inLanguage":"tr","url":"https:\/\/bakirci.com\/ekipman\/wp-content\/uploads\/2021\/09\/Bakirci-logo-lacivert.png","contentUrl":"https:\/\/bakirci.com\/ekipman\/wp-content\/uploads\/2021\/09\/Bakirci-logo-lacivert.png","width":501,"height":501,"caption":"Bak\u0131rc\u0131 garagineering"},"image":{"@id":"https:\/\/bakirci.com\/ekipman\/#logo"}},{"@type":"WebSite","@id":"https:\/\/bakirci.com\/ekipman\/#website","url":"https:\/\/bakirci.com\/ekipman\/","name":"Bak\u0131rc\u0131 Garagineering","description":"Otomotiv sekt\u00f6r\u00fcne \u00f6zel, \u201c\u00dcretici Standard\u0131nda\u201d \u00e7\u00f6z\u00fcmler\u2026","publisher":{"@id":"https:\/\/bakirci.com\/ekipman\/#organization"},"potentialAction":[{"@type":"SearchAction","target":{"@type":"EntryPoint","urlTemplate":"https:\/\/bakirci.com\/ekipman\/?s={search_term_string}"},"query-input":"required name=search_term_string"}],"inLanguage":"tr"},{"@type":"ImageObject","@id":"https:\/\/bakirci.com\/ekipman\/servis-ekipmanlari\/mekanik\/kriko-ve-hidrolik-ekipmanlar\/kanal-krikosuac-hydraulic-born-in-denmarkgd150-2askili-tip-kaldirma-kapasitesi-15000-kg\/#primaryimage","inLanguage":"tr","url":"https:\/\/bakirci.com\/ekipman\/wp-content\/uploads\/2021\/06\/GD150-2.png","contentUrl":"https:\/\/bakirci.com\/ekipman\/wp-content\/uploads\/2021\/06\/GD150-2.png","width":1200,"height":1200},{"@type":"WebPage","@id":"https:\/\/bakirci.com\/ekipman\/servis-ekipmanlari\/mekanik\/kriko-ve-hidrolik-ekipmanlar\/kanal-krikosuac-hydraulic-born-in-denmarkgd150-2askili-tip-kaldirma-kapasitesi-15000-kg\/#webpage","url":"https:\/\/bakirci.com\/ekipman\/servis-ekipmanlari\/mekanik\/kriko-ve-hidrolik-ekipmanlar\/kanal-krikosuac-hydraulic-born-in-denmarkgd150-2askili-tip-kaldirma-kapasitesi-15000-kg\/","name":"Kanal Krikosu AC HYDRAULIC (Born in DENMARK) GD150-2 Ask\u0131l\u0131 tip, kald\u0131rma kapasitesi 15000 kg - Bak\u0131rc\u0131 Garagineering","isPartOf":{"@id":"https:\/\/bakirci.com\/ekipman\/#website"},"primaryImageOfPage":{"@id":"https:\/\/bakirci.com\/ekipman\/servis-ekipmanlari\/mekanik\/kriko-ve-hidrolik-ekipmanlar\/kanal-krikosuac-hydraulic-born-in-denmarkgd150-2askili-tip-kaldirma-kapasitesi-15000-kg\/#primaryimage"},"datePublished":"2021-01-02T14:25:10+00:00","dateModified":"2021-08-06T15:01:21+00:00","breadcrumb":{"@id":"https:\/\/bakirci.com\/ekipman\/servis-ekipmanlari\/mekanik\/kriko-ve-hidrolik-ekipmanlar\/kanal-krikosuac-hydraulic-born-in-denmarkgd150-2askili-tip-kaldirma-kapasitesi-15000-kg\/#breadcrumb"},"inLanguage":"tr","potentialAction":[{"@type":"ReadAction","target":["https:\/\/bakirci.com\/ekipman\/servis-ekipmanlari\/mekanik\/kriko-ve-hidrolik-ekipmanlar\/kanal-krikosuac-hydraulic-born-in-denmarkgd150-2askili-tip-kaldirma-kapasitesi-15000-kg\/"]}]},{"@type":"BreadcrumbList","@id":"https:\/\/bakirci.com\/ekipman\/servis-ekipmanlari\/mekanik\/kriko-ve-hidrolik-ekipmanlar\/kanal-krikosuac-hydraulic-born-in-denmarkgd150-2askili-tip-kaldirma-kapasitesi-15000-kg\/#breadcrumb","itemListElement":[{"@type":"ListItem","position":1,"name":"Ekipman","item":"https:\/\/bakirci.com\/ekipman\/"},{"@type":"ListItem","position":2,"name":"Otomotiv Tesisleri \u0130\u00e7in Servis Ekipmanlar\u0131","item":"https:\/\/bakirci.com\/ekipman\/"},{"@type":"ListItem","position":3,"name":"Kanal KrikosuAC HYDRAULIC (Born in DENMARK)GD150-2Ask\u0131l\u0131 tip, kald\u0131rma kapasitesi 15000 kg"}]}]}},"_links":{"self":[{"href":"https:\/\/bakirci.com\/ekipman\/wp-json\/wp\/v2\/product\/4475","targetHints":{"allow":["GET"]}}],"collection":[{"href":"https:\/\/bakirci.com\/ekipman\/wp-json\/wp\/v2\/product"}],"about":[{"href":"https:\/\/bakirci.com\/ekipman\/wp-json\/wp\/v2\/types\/product"}],"replies":[{"embeddable":true,"href":"https:\/\/bakirci.com\/ekipman\/wp-json\/wp\/v2\/comments?post=4475"}],"wp:featuredmedia":[{"embeddable":true,"href":"https:\/\/bakirci.com\/ekipman\/wp-json\/wp\/v2\/media\/4476"}],"wp:attachment":[{"href":"https:\/\/bakirci.com\/ekipman\/wp-json\/wp\/v2\/media?parent=4475"}],"wp:term":[{"taxonomy":"product_cat","embeddable":true,"href":"https:\/\/bakirci.com\/ekipman\/wp-json\/wp\/v2\/product_cat?post=4475"},{"taxonomy":"product_tag","embeddable":true,"href":"https:\/\/bakirci.com\/ekipman\/wp-json\/wp\/v2\/product_tag?post=4475"}],"curies":[{"name":"wp","href":"https:\/\/api.w.org\/{rel}","templated":true}]}}