{"id":4467,"date":"2021-01-02T14:45:05","date_gmt":"2021-01-02T14:45:05","guid":{"rendered":"https:\/\/j6l.65c.myftpupload.com\/?post_type=product&#038;p=4467"},"modified":"2021-08-04T15:47:35","modified_gmt":"2021-08-04T15:47:35","slug":"dizel-yakit-hava-tahliye-sistemigl-technics-born-in-germanydegdaimler-ag-onayli","status":"publish","type":"product","link":"https:\/\/bakirci.com\/ekipman\/servis-ekipmanlari\/mekanik\/fren-ve-yakit-ekipmanlari\/adblue-ve-yakit-sistemleri\/dizel-yakit-hava-tahliye-sistemigl-technics-born-in-germanydegdaimler-ag-onayli\/","title":{"rendered":"<p class=\"ustmetin\">Dizel Yak\u0131t Hava Tahliye Sistemi<\/p><p class=\"ortametin\">GL TECHNICS <span class=\"ortametin2\">(Born in GERMANY)<\/span><\/p><p class=\"altmetin\">DEG<br>Daimler AG onayl\u0131<\/p>"},"content":{"rendered":"<ul>\n<li>Dizel Yak\u0131t Hava Tahliye Sistemi &#8211; DEG<\/li>\n<li>Dizel ara\u00e7larda filtre de\u011fi\u015fimi ve yeni yak\u0131t dolumunda, sistemde olu\u015fan havan\u0131n tahliyesi i\u00e7in kullan\u0131l\u0131r<\/li>\n<li>Daimler AG taraf\u0131ndan onayl\u0131<\/li>\n<li>S\u0131zd\u0131rmazl\u0131k teknolojisi EN 590 ve B7 sistemine uyumlu<\/li>\n<li>10 bar&#8217;a kadar ayarlanabilir bas\u0131n\u00e7 sistemi<\/li>\n<li>\u00c7al\u0131\u015fma bas\u0131nc\u0131 0 &#8211; 10 bar<\/li>\n<\/ul>\n","protected":false},"excerpt":{"rendered":"<ul>\n<li>Dizel Yak\u0131t Hava Tahliye Sistemi &#8211; DEG<\/li>\n<li>Dizel ara\u00e7larda filtre de\u011fi\u015fimi ve yeni yak\u0131t dolumunda, sistemde olu\u015fan havan\u0131n tahliyesi i\u00e7in kullan\u0131l\u0131r<\/li>\n<li>Daimler AG taraf\u0131ndan onayl\u0131<\/li>\n<li>S\u0131zd\u0131rmazl\u0131k teknolojisi EN 590 ve B7 sistemine uyumlu<\/li>\n<li>10 bar&#8217;a kadar ayarlanabilir bas\u0131n\u00e7 sistemi<\/li>\n<li>\u00c7al\u0131\u015fma bas\u0131nc\u0131 0 &#8211; 10 bar<\/li>\n<\/ul>\n","protected":false},"featured_media":4468,"comment_status":"closed","ping_status":"closed","template":"","meta":[],"product_cat":[147],"product_tag":[79],"class_list":["post-4467","product","type-product","status-publish","has-post-thumbnail","hentry","pwb-brand-gl-technics","product_cat-adblue-ve-yakit-sistemleri","product_tag-gl-technics"],"brands":[{"id":380,"name":"GL TECHNICS","slug":"gl-technics"}],"yoast_head":"<!-- This site is optimized with the Yoast SEO plugin v17.1 - https:\/\/yoast.com\/wordpress\/plugins\/seo\/ -->\n<title>Dizel Yak\u0131t Hava Tahliye SistemiGL TECHNICS (Born in GERMANY)DEGDaimler AG onayl\u0131 - Bak\u0131rc\u0131 Garagineering<\/title>\n<meta name=\"robots\" content=\"index, follow, max-snippet:-1, max-image-preview:large, max-video-preview:-1\" \/>\n<link rel=\"canonical\" href=\"https:\/\/bakirci.com\/ekipman\/servis-ekipmanlari\/mekanik\/fren-ve-yakit-ekipmanlari\/adblue-ve-yakit-sistemleri\/dizel-yakit-hava-tahliye-sistemigl-technics-born-in-germanydegdaimler-ag-onayli\/\" \/>\n<meta property=\"og:locale\" content=\"tr_TR\" \/>\n<meta property=\"og:type\" content=\"article\" \/>\n<meta property=\"og:title\" content=\"Dizel Yak\u0131t Hava Tahliye SistemiGL TECHNICS (Born in GERMANY)DEGDaimler AG onayl\u0131 - Bak\u0131rc\u0131 Garagineering\" \/>\n<meta property=\"og:description\" content=\"Dizel Yak\u0131t Hava Tahliye Sistemi - DEG  Dizel ara\u00e7larda filtre de\u011fi\u015fimi ve yeni yak\u0131t dolumunda, sistemde olu\u015fan havan\u0131n tahliyesi i\u00e7in kullan\u0131l\u0131r  Daimler AG taraf\u0131ndan onayl\u0131  S\u0131zd\u0131rmazl\u0131k teknolojisi EN 590 ve B7 sistemine uyumlu  10 bar&#039;a kadar ayarlanabilir bas\u0131n\u00e7 sistemi  \u00c7al\u0131\u015fma bas\u0131nc\u0131 0 - 10 bar\" \/>\n<meta property=\"og:url\" content=\"https:\/\/bakirci.com\/ekipman\/servis-ekipmanlari\/mekanik\/fren-ve-yakit-ekipmanlari\/adblue-ve-yakit-sistemleri\/dizel-yakit-hava-tahliye-sistemigl-technics-born-in-germanydegdaimler-ag-onayli\/\" \/>\n<meta property=\"og:site_name\" content=\"Bak\u0131rc\u0131 Garagineering\" \/>\n<meta property=\"article:publisher\" content=\"https:\/\/www.facebook.com\/bakirci.garagineering\" \/>\n<meta property=\"article:modified_time\" content=\"2021-08-04T15:47:35+00:00\" \/>\n<meta property=\"og:image\" content=\"http:\/\/j6l.65c.myftpupload.com\/wp-content\/uploads\/2021\/06\/DEG.png\" \/>\n\t<meta property=\"og:image:width\" content=\"1200\" \/>\n\t<meta property=\"og:image:height\" content=\"1200\" \/>\n<meta name=\"twitter:card\" content=\"summary_large_image\" \/>\n<meta name=\"twitter:label1\" content=\"Tahmini okuma s\u00fcresi\" \/>\n\t<meta name=\"twitter:data1\" content=\"1 dakika\" \/>\n<script type=\"application\/ld+json\" class=\"yoast-schema-graph\">{\"@context\":\"https:\/\/schema.org\",\"@graph\":[{\"@type\":\"Organization\",\"@id\":\"https:\/\/bakirci.com\/ekipman\/#organization\",\"name\":\"Bak\\u0131rc\\u0131 garagineering\",\"url\":\"https:\/\/bakirci.com\/ekipman\/\",\"sameAs\":[\"https:\/\/www.facebook.com\/bakirci.garagineering\",\"https:\/\/www.instagram.com\/bakirci.garagineering\/\",\"https:\/\/www.linkedin.com\/company\/bakirci-garagineering\/\",\"https:\/\/www.youtube.com\/channel\/UCiVG6s_jALJ6Zk8085XiOQg\"],\"logo\":{\"@type\":\"ImageObject\",\"@id\":\"https:\/\/bakirci.com\/ekipman\/#logo\",\"inLanguage\":\"tr\",\"url\":\"https:\/\/bakirci.com\/ekipman\/wp-content\/uploads\/2021\/09\/Bakirci-logo-lacivert.png\",\"contentUrl\":\"https:\/\/bakirci.com\/ekipman\/wp-content\/uploads\/2021\/09\/Bakirci-logo-lacivert.png\",\"width\":501,\"height\":501,\"caption\":\"Bak\\u0131rc\\u0131 garagineering\"},\"image\":{\"@id\":\"https:\/\/bakirci.com\/ekipman\/#logo\"}},{\"@type\":\"WebSite\",\"@id\":\"https:\/\/bakirci.com\/ekipman\/#website\",\"url\":\"https:\/\/bakirci.com\/ekipman\/\",\"name\":\"Bak\\u0131rc\\u0131 Garagineering\",\"description\":\"Otomotiv sekt\\u00f6r\\u00fcne \\u00f6zel, \\u201c\\u00dcretici Standard\\u0131nda\\u201d \\u00e7\\u00f6z\\u00fcmler\\u2026\",\"publisher\":{\"@id\":\"https:\/\/bakirci.com\/ekipman\/#organization\"},\"potentialAction\":[{\"@type\":\"SearchAction\",\"target\":{\"@type\":\"EntryPoint\",\"urlTemplate\":\"https:\/\/bakirci.com\/ekipman\/?s={search_term_string}\"},\"query-input\":\"required name=search_term_string\"}],\"inLanguage\":\"tr\"},{\"@type\":\"ImageObject\",\"@id\":\"https:\/\/bakirci.com\/ekipman\/servis-ekipmanlari\/mekanik\/fren-ve-yakit-ekipmanlari\/adblue-ve-yakit-sistemleri\/dizel-yakit-hava-tahliye-sistemigl-technics-born-in-germanydegdaimler-ag-onayli\/#primaryimage\",\"inLanguage\":\"tr\",\"url\":\"https:\/\/bakirci.com\/ekipman\/wp-content\/uploads\/2021\/06\/DEG.png\",\"contentUrl\":\"https:\/\/bakirci.com\/ekipman\/wp-content\/uploads\/2021\/06\/DEG.png\",\"width\":1200,\"height\":1200},{\"@type\":\"WebPage\",\"@id\":\"https:\/\/bakirci.com\/ekipman\/servis-ekipmanlari\/mekanik\/fren-ve-yakit-ekipmanlari\/adblue-ve-yakit-sistemleri\/dizel-yakit-hava-tahliye-sistemigl-technics-born-in-germanydegdaimler-ag-onayli\/#webpage\",\"url\":\"https:\/\/bakirci.com\/ekipman\/servis-ekipmanlari\/mekanik\/fren-ve-yakit-ekipmanlari\/adblue-ve-yakit-sistemleri\/dizel-yakit-hava-tahliye-sistemigl-technics-born-in-germanydegdaimler-ag-onayli\/\",\"name\":\"Dizel Yak\\u0131t Hava Tahliye Sistemi GL TECHNICS (Born in GERMANY) DEG Daimler AG onayl\\u0131 - Bak\\u0131rc\\u0131 Garagineering\",\"isPartOf\":{\"@id\":\"https:\/\/bakirci.com\/ekipman\/#website\"},\"primaryImageOfPage\":{\"@id\":\"https:\/\/bakirci.com\/ekipman\/servis-ekipmanlari\/mekanik\/fren-ve-yakit-ekipmanlari\/adblue-ve-yakit-sistemleri\/dizel-yakit-hava-tahliye-sistemigl-technics-born-in-germanydegdaimler-ag-onayli\/#primaryimage\"},\"datePublished\":\"2021-01-02T14:45:05+00:00\",\"dateModified\":\"2021-08-04T15:47:35+00:00\",\"breadcrumb\":{\"@id\":\"https:\/\/bakirci.com\/ekipman\/servis-ekipmanlari\/mekanik\/fren-ve-yakit-ekipmanlari\/adblue-ve-yakit-sistemleri\/dizel-yakit-hava-tahliye-sistemigl-technics-born-in-germanydegdaimler-ag-onayli\/#breadcrumb\"},\"inLanguage\":\"tr\",\"potentialAction\":[{\"@type\":\"ReadAction\",\"target\":[\"https:\/\/bakirci.com\/ekipman\/servis-ekipmanlari\/mekanik\/fren-ve-yakit-ekipmanlari\/adblue-ve-yakit-sistemleri\/dizel-yakit-hava-tahliye-sistemigl-technics-born-in-germanydegdaimler-ag-onayli\/\"]}]},{\"@type\":\"BreadcrumbList\",\"@id\":\"https:\/\/bakirci.com\/ekipman\/servis-ekipmanlari\/mekanik\/fren-ve-yakit-ekipmanlari\/adblue-ve-yakit-sistemleri\/dizel-yakit-hava-tahliye-sistemigl-technics-born-in-germanydegdaimler-ag-onayli\/#breadcrumb\",\"itemListElement\":[{\"@type\":\"ListItem\",\"position\":1,\"name\":\"Ekipman\",\"item\":\"https:\/\/bakirci.com\/ekipman\/\"},{\"@type\":\"ListItem\",\"position\":2,\"name\":\"Otomotiv Tesisleri \\u0130\\u00e7in Servis Ekipmanlar\\u0131\",\"item\":\"https:\/\/bakirci.com\/ekipman\/\"},{\"@type\":\"ListItem\",\"position\":3,\"name\":\"Dizel Yak\\u0131t Hava Tahliye SistemiGL TECHNICS (Born in GERMANY)DEGDaimler AG onayl\\u0131\"}]}]}<\/script>\n<!-- \/ Yoast SEO plugin. -->","yoast_head_json":{"title":"Dizel Yak\u0131t Hava Tahliye SistemiGL TECHNICS (Born in GERMANY)DEGDaimler AG onayl\u0131 - Bak\u0131rc\u0131 Garagineering","robots":{"index":"index","follow":"follow","max-snippet":"max-snippet:-1","max-image-preview":"max-image-preview:large","max-video-preview":"max-video-preview:-1"},"canonical":"https:\/\/bakirci.com\/ekipman\/servis-ekipmanlari\/mekanik\/fren-ve-yakit-ekipmanlari\/adblue-ve-yakit-sistemleri\/dizel-yakit-hava-tahliye-sistemigl-technics-born-in-germanydegdaimler-ag-onayli\/","og_locale":"tr_TR","og_type":"article","og_title":"Dizel Yak\u0131t Hava Tahliye SistemiGL TECHNICS (Born in GERMANY)DEGDaimler AG onayl\u0131 - Bak\u0131rc\u0131 Garagineering","og_description":"Dizel Yak\u0131t Hava Tahliye Sistemi - DEG  Dizel ara\u00e7larda filtre de\u011fi\u015fimi ve yeni yak\u0131t dolumunda, sistemde olu\u015fan havan\u0131n tahliyesi i\u00e7in kullan\u0131l\u0131r  Daimler AG taraf\u0131ndan onayl\u0131  S\u0131zd\u0131rmazl\u0131k teknolojisi EN 590 ve B7 sistemine uyumlu  10 bar'a kadar ayarlanabilir bas\u0131n\u00e7 sistemi  \u00c7al\u0131\u015fma bas\u0131nc\u0131 0 - 10 bar","og_url":"https:\/\/bakirci.com\/ekipman\/servis-ekipmanlari\/mekanik\/fren-ve-yakit-ekipmanlari\/adblue-ve-yakit-sistemleri\/dizel-yakit-hava-tahliye-sistemigl-technics-born-in-germanydegdaimler-ag-onayli\/","og_site_name":"Bak\u0131rc\u0131 Garagineering","article_publisher":"https:\/\/www.facebook.com\/bakirci.garagineering","article_modified_time":"2021-08-04T15:47:35+00:00","og_image":[{"width":1200,"height":1200,"url":"http:\/\/j6l.65c.myftpupload.com\/wp-content\/uploads\/2021\/06\/DEG.png","path":"\/var\/www\/wp-content\/uploads\/2021\/06\/DEG.png","size":"full","id":4468,"alt":"","pixels":1440000,"type":"image\/png"}],"twitter_card":"summary_large_image","twitter_misc":{"Tahmini okuma s\u00fcresi":"1 dakika"},"schema":{"@context":"https:\/\/schema.org","@graph":[{"@type":"Organization","@id":"https:\/\/bakirci.com\/ekipman\/#organization","name":"Bak\u0131rc\u0131 garagineering","url":"https:\/\/bakirci.com\/ekipman\/","sameAs":["https:\/\/www.facebook.com\/bakirci.garagineering","https:\/\/www.instagram.com\/bakirci.garagineering\/","https:\/\/www.linkedin.com\/company\/bakirci-garagineering\/","https:\/\/www.youtube.com\/channel\/UCiVG6s_jALJ6Zk8085XiOQg"],"logo":{"@type":"ImageObject","@id":"https:\/\/bakirci.com\/ekipman\/#logo","inLanguage":"tr","url":"https:\/\/bakirci.com\/ekipman\/wp-content\/uploads\/2021\/09\/Bakirci-logo-lacivert.png","contentUrl":"https:\/\/bakirci.com\/ekipman\/wp-content\/uploads\/2021\/09\/Bakirci-logo-lacivert.png","width":501,"height":501,"caption":"Bak\u0131rc\u0131 garagineering"},"image":{"@id":"https:\/\/bakirci.com\/ekipman\/#logo"}},{"@type":"WebSite","@id":"https:\/\/bakirci.com\/ekipman\/#website","url":"https:\/\/bakirci.com\/ekipman\/","name":"Bak\u0131rc\u0131 Garagineering","description":"Otomotiv sekt\u00f6r\u00fcne \u00f6zel, \u201c\u00dcretici Standard\u0131nda\u201d \u00e7\u00f6z\u00fcmler\u2026","publisher":{"@id":"https:\/\/bakirci.com\/ekipman\/#organization"},"potentialAction":[{"@type":"SearchAction","target":{"@type":"EntryPoint","urlTemplate":"https:\/\/bakirci.com\/ekipman\/?s={search_term_string}"},"query-input":"required name=search_term_string"}],"inLanguage":"tr"},{"@type":"ImageObject","@id":"https:\/\/bakirci.com\/ekipman\/servis-ekipmanlari\/mekanik\/fren-ve-yakit-ekipmanlari\/adblue-ve-yakit-sistemleri\/dizel-yakit-hava-tahliye-sistemigl-technics-born-in-germanydegdaimler-ag-onayli\/#primaryimage","inLanguage":"tr","url":"https:\/\/bakirci.com\/ekipman\/wp-content\/uploads\/2021\/06\/DEG.png","contentUrl":"https:\/\/bakirci.com\/ekipman\/wp-content\/uploads\/2021\/06\/DEG.png","width":1200,"height":1200},{"@type":"WebPage","@id":"https:\/\/bakirci.com\/ekipman\/servis-ekipmanlari\/mekanik\/fren-ve-yakit-ekipmanlari\/adblue-ve-yakit-sistemleri\/dizel-yakit-hava-tahliye-sistemigl-technics-born-in-germanydegdaimler-ag-onayli\/#webpage","url":"https:\/\/bakirci.com\/ekipman\/servis-ekipmanlari\/mekanik\/fren-ve-yakit-ekipmanlari\/adblue-ve-yakit-sistemleri\/dizel-yakit-hava-tahliye-sistemigl-technics-born-in-germanydegdaimler-ag-onayli\/","name":"Dizel Yak\u0131t Hava Tahliye Sistemi GL TECHNICS (Born in GERMANY) DEG Daimler AG onayl\u0131 - Bak\u0131rc\u0131 Garagineering","isPartOf":{"@id":"https:\/\/bakirci.com\/ekipman\/#website"},"primaryImageOfPage":{"@id":"https:\/\/bakirci.com\/ekipman\/servis-ekipmanlari\/mekanik\/fren-ve-yakit-ekipmanlari\/adblue-ve-yakit-sistemleri\/dizel-yakit-hava-tahliye-sistemigl-technics-born-in-germanydegdaimler-ag-onayli\/#primaryimage"},"datePublished":"2021-01-02T14:45:05+00:00","dateModified":"2021-08-04T15:47:35+00:00","breadcrumb":{"@id":"https:\/\/bakirci.com\/ekipman\/servis-ekipmanlari\/mekanik\/fren-ve-yakit-ekipmanlari\/adblue-ve-yakit-sistemleri\/dizel-yakit-hava-tahliye-sistemigl-technics-born-in-germanydegdaimler-ag-onayli\/#breadcrumb"},"inLanguage":"tr","potentialAction":[{"@type":"ReadAction","target":["https:\/\/bakirci.com\/ekipman\/servis-ekipmanlari\/mekanik\/fren-ve-yakit-ekipmanlari\/adblue-ve-yakit-sistemleri\/dizel-yakit-hava-tahliye-sistemigl-technics-born-in-germanydegdaimler-ag-onayli\/"]}]},{"@type":"BreadcrumbList","@id":"https:\/\/bakirci.com\/ekipman\/servis-ekipmanlari\/mekanik\/fren-ve-yakit-ekipmanlari\/adblue-ve-yakit-sistemleri\/dizel-yakit-hava-tahliye-sistemigl-technics-born-in-germanydegdaimler-ag-onayli\/#breadcrumb","itemListElement":[{"@type":"ListItem","position":1,"name":"Ekipman","item":"https:\/\/bakirci.com\/ekipman\/"},{"@type":"ListItem","position":2,"name":"Otomotiv Tesisleri \u0130\u00e7in Servis Ekipmanlar\u0131","item":"https:\/\/bakirci.com\/ekipman\/"},{"@type":"ListItem","position":3,"name":"Dizel Yak\u0131t Hava Tahliye SistemiGL TECHNICS (Born in GERMANY)DEGDaimler AG onayl\u0131"}]}]}},"_links":{"self":[{"href":"https:\/\/bakirci.com\/ekipman\/wp-json\/wp\/v2\/product\/4467","targetHints":{"allow":["GET"]}}],"collection":[{"href":"https:\/\/bakirci.com\/ekipman\/wp-json\/wp\/v2\/product"}],"about":[{"href":"https:\/\/bakirci.com\/ekipman\/wp-json\/wp\/v2\/types\/product"}],"replies":[{"embeddable":true,"href":"https:\/\/bakirci.com\/ekipman\/wp-json\/wp\/v2\/comments?post=4467"}],"wp:featuredmedia":[{"embeddable":true,"href":"https:\/\/bakirci.com\/ekipman\/wp-json\/wp\/v2\/media\/4468"}],"wp:attachment":[{"href":"https:\/\/bakirci.com\/ekipman\/wp-json\/wp\/v2\/media?parent=4467"}],"wp:term":[{"taxonomy":"product_cat","embeddable":true,"href":"https:\/\/bakirci.com\/ekipman\/wp-json\/wp\/v2\/product_cat?post=4467"},{"taxonomy":"product_tag","embeddable":true,"href":"https:\/\/bakirci.com\/ekipman\/wp-json\/wp\/v2\/product_tag?post=4467"}],"curies":[{"name":"wp","href":"https:\/\/api.w.org\/{rel}","templated":true}]}}