{"id":4463,"date":"2021-01-02T14:55:49","date_gmt":"2021-01-02T14:55:49","guid":{"rendered":"https:\/\/j6l.65c.myftpupload.com\/?post_type=product&#038;p=4463"},"modified":"2021-08-06T15:00:26","modified_gmt":"2021-08-06T15:00:26","slug":"adblue-dolum-cihazigl-technics-born-in-germanyprofi-line-60lmaksimum-60-lt-ficilar-icin","status":"publish","type":"product","link":"https:\/\/bakirci.com\/ekipman\/servis-ekipmanlari\/mekanik\/fren-ve-yakit-ekipmanlari\/adblue-ve-yakit-sistemleri\/adblue-dolum-cihazigl-technics-born-in-germanyprofi-line-60lmaksimum-60-lt-ficilar-icin\/","title":{"rendered":"<p class=\"ustmetin\">AdBlue Dolum Cihaz\u0131<\/p><p class=\"ortametin\">GL TECHNICS <span class=\"ortametin2\">(Born in GERMANY)<\/span><\/p><p class=\"altmetin\">Profi Line 60L<br>Maksimum 60 lt f\u0131\u00e7\u0131lar i\u00e7in<\/p>"},"content":{"rendered":"<ul>\n<li>AdBlue Dolum Cihaz\u0131 &#8211; Profi Line 60L<\/li>\n<li>Hareketli Adblue dolum cihaz\u0131<\/li>\n<li>S\u0131v\u0131 ak\u0131\u015f\u0131n\u0131 g\u00f6steren dijital saya\u00e7l\u0131 ekran<\/li>\n<li>Patentli, sens\u00f6rl\u00fc varil ba\u011flant\u0131 kapa\u011f\u0131<\/li>\n<li>Varilin devrilmesini \u00f6nleyen emniyet kemeri<\/li>\n<li>Dolumdan sonra damlamay\u0131 \u00f6nleyen hortum ve kapak sistemi<\/li>\n<li>Kontroll\u00fc ve ayarlanabilir \u00e7ift h\u0131zl\u0131 s\u0131v\u0131 ak\u0131\u015f\u0131<\/li>\n<li>Maksimum 60 lt f\u0131\u00e7\u0131lar i\u00e7in<\/li>\n<li>Dolum h\u0131z\u0131 3,8 &#8211; 7,6 lt\/dk<\/li>\n<li>\u00c7al\u0131\u015fma voltaj\u0131 230 V<\/li>\n<\/ul>\n","protected":false},"excerpt":{"rendered":"<ul>\n<li>AdBlue Dolum Cihaz\u0131 &#8211; Profi Line 60L<\/li>\n<li>Hareketli Adblue dolum cihaz\u0131<\/li>\n<li>S\u0131v\u0131 ak\u0131\u015f\u0131n\u0131 g\u00f6steren dijital saya\u00e7l\u0131 ekran<\/li>\n<li>Patentli, sens\u00f6rl\u00fc varil ba\u011flant\u0131 kapa\u011f\u0131<\/li>\n<li>Varilin devrilmesini \u00f6nleyen emniyet kemeri<\/li>\n<li>Dolumdan sonra damlamay\u0131 \u00f6nleyen hortum ve kapak sistemi<\/li>\n<li>Kontroll\u00fc ve ayarlanabilir \u00e7ift h\u0131zl\u0131 s\u0131v\u0131 ak\u0131\u015f\u0131<\/li>\n<li>Maksimum 60 lt f\u0131\u00e7\u0131lar i\u00e7in<\/li>\n<li>Dolum h\u0131z\u0131 3,8 &#8211; 7,6 lt\/dk<\/li>\n<li>\u00c7al\u0131\u015fma voltaj\u0131 230 V<\/li>\n<\/ul>\n","protected":false},"featured_media":4464,"comment_status":"closed","ping_status":"closed","template":"","meta":[],"product_cat":[147],"product_tag":[615,614,616,79],"class_list":["post-4463","product","type-product","status-publish","has-post-thumbnail","hentry","pwb-brand-gl-technics","product_cat-adblue-ve-yakit-sistemleri","product_tag-adblu-basma","product_tag-adblue-basma","product_tag-adbulu-basma","product_tag-gl-technics"],"brands":[{"id":380,"name":"GL TECHNICS","slug":"gl-technics"}],"yoast_head":"<!-- This site is optimized with the Yoast SEO plugin v17.1 - https:\/\/yoast.com\/wordpress\/plugins\/seo\/ -->\n<title>AdBlue Dolum Cihaz\u0131GL TECHNICS (Born in GERMANY)Profi Line 60LMaksimum 60 lt f\u0131\u00e7\u0131lar i\u00e7in - Bak\u0131rc\u0131 Garagineering<\/title>\n<meta name=\"robots\" content=\"index, follow, max-snippet:-1, max-image-preview:large, max-video-preview:-1\" \/>\n<link rel=\"canonical\" href=\"https:\/\/bakirci.com\/ekipman\/servis-ekipmanlari\/mekanik\/fren-ve-yakit-ekipmanlari\/adblue-ve-yakit-sistemleri\/adblue-dolum-cihazigl-technics-born-in-germanyprofi-line-60lmaksimum-60-lt-ficilar-icin\/\" \/>\n<meta property=\"og:locale\" content=\"tr_TR\" \/>\n<meta property=\"og:type\" content=\"article\" \/>\n<meta property=\"og:title\" content=\"AdBlue Dolum Cihaz\u0131GL TECHNICS (Born in GERMANY)Profi Line 60LMaksimum 60 lt f\u0131\u00e7\u0131lar i\u00e7in - Bak\u0131rc\u0131 Garagineering\" \/>\n<meta property=\"og:description\" content=\"AdBlue Dolum Cihaz\u0131 - Profi Line 60L  Hareketli Adblue dolum cihaz\u0131  S\u0131v\u0131 ak\u0131\u015f\u0131n\u0131 g\u00f6steren dijital saya\u00e7l\u0131 ekran  Patentli, sens\u00f6rl\u00fc varil ba\u011flant\u0131 kapa\u011f\u0131  Varilin devrilmesini \u00f6nleyen emniyet kemeri  Dolumdan sonra damlamay\u0131 \u00f6nleyen hortum ve kapak sistemi  Kontroll\u00fc ve ayarlanabilir \u00e7ift h\u0131zl\u0131 s\u0131v\u0131 ak\u0131\u015f\u0131  Maksimum 60 lt f\u0131\u00e7\u0131lar i\u00e7in  Dolum h\u0131z\u0131 3,8 - 7,6 lt\/dk  \u00c7al\u0131\u015fma voltaj\u0131 230 V\" \/>\n<meta property=\"og:url\" content=\"https:\/\/bakirci.com\/ekipman\/servis-ekipmanlari\/mekanik\/fren-ve-yakit-ekipmanlari\/adblue-ve-yakit-sistemleri\/adblue-dolum-cihazigl-technics-born-in-germanyprofi-line-60lmaksimum-60-lt-ficilar-icin\/\" \/>\n<meta property=\"og:site_name\" content=\"Bak\u0131rc\u0131 Garagineering\" \/>\n<meta property=\"article:publisher\" content=\"https:\/\/www.facebook.com\/bakirci.garagineering\" \/>\n<meta property=\"article:modified_time\" content=\"2021-08-06T15:00:26+00:00\" \/>\n<meta property=\"og:image\" content=\"https:\/\/bakirci.com\/ekipman\/wp-content\/uploads\/2021\/06\/Profi-Line-60L.png\" \/>\n\t<meta property=\"og:image:width\" content=\"1200\" \/>\n\t<meta property=\"og:image:height\" content=\"1200\" \/>\n<meta name=\"twitter:card\" content=\"summary_large_image\" \/>\n<meta name=\"twitter:label1\" content=\"Tahmini okuma s\u00fcresi\" \/>\n\t<meta name=\"twitter:data1\" content=\"1 dakika\" \/>\n<script type=\"application\/ld+json\" class=\"yoast-schema-graph\">{\"@context\":\"https:\/\/schema.org\",\"@graph\":[{\"@type\":\"Organization\",\"@id\":\"https:\/\/bakirci.com\/ekipman\/#organization\",\"name\":\"Bak\\u0131rc\\u0131 garagineering\",\"url\":\"https:\/\/bakirci.com\/ekipman\/\",\"sameAs\":[\"https:\/\/www.facebook.com\/bakirci.garagineering\",\"https:\/\/www.instagram.com\/bakirci.garagineering\/\",\"https:\/\/www.linkedin.com\/company\/bakirci-garagineering\/\",\"https:\/\/www.youtube.com\/channel\/UCiVG6s_jALJ6Zk8085XiOQg\"],\"logo\":{\"@type\":\"ImageObject\",\"@id\":\"https:\/\/bakirci.com\/ekipman\/#logo\",\"inLanguage\":\"tr\",\"url\":\"https:\/\/bakirci.com\/ekipman\/wp-content\/uploads\/2021\/09\/Bakirci-logo-lacivert.png\",\"contentUrl\":\"https:\/\/bakirci.com\/ekipman\/wp-content\/uploads\/2021\/09\/Bakirci-logo-lacivert.png\",\"width\":501,\"height\":501,\"caption\":\"Bak\\u0131rc\\u0131 garagineering\"},\"image\":{\"@id\":\"https:\/\/bakirci.com\/ekipman\/#logo\"}},{\"@type\":\"WebSite\",\"@id\":\"https:\/\/bakirci.com\/ekipman\/#website\",\"url\":\"https:\/\/bakirci.com\/ekipman\/\",\"name\":\"Bak\\u0131rc\\u0131 Garagineering\",\"description\":\"Otomotiv sekt\\u00f6r\\u00fcne \\u00f6zel, \\u201c\\u00dcretici Standard\\u0131nda\\u201d \\u00e7\\u00f6z\\u00fcmler\\u2026\",\"publisher\":{\"@id\":\"https:\/\/bakirci.com\/ekipman\/#organization\"},\"potentialAction\":[{\"@type\":\"SearchAction\",\"target\":{\"@type\":\"EntryPoint\",\"urlTemplate\":\"https:\/\/bakirci.com\/ekipman\/?s={search_term_string}\"},\"query-input\":\"required name=search_term_string\"}],\"inLanguage\":\"tr\"},{\"@type\":\"ImageObject\",\"@id\":\"https:\/\/bakirci.com\/ekipman\/servis-ekipmanlari\/mekanik\/fren-ve-yakit-ekipmanlari\/adblue-ve-yakit-sistemleri\/adblue-dolum-cihazigl-technics-born-in-germanyprofi-line-60lmaksimum-60-lt-ficilar-icin\/#primaryimage\",\"inLanguage\":\"tr\",\"url\":\"https:\/\/bakirci.com\/ekipman\/wp-content\/uploads\/2021\/06\/Profi-Line-60L.png\",\"contentUrl\":\"https:\/\/bakirci.com\/ekipman\/wp-content\/uploads\/2021\/06\/Profi-Line-60L.png\",\"width\":1200,\"height\":1200},{\"@type\":\"WebPage\",\"@id\":\"https:\/\/bakirci.com\/ekipman\/servis-ekipmanlari\/mekanik\/fren-ve-yakit-ekipmanlari\/adblue-ve-yakit-sistemleri\/adblue-dolum-cihazigl-technics-born-in-germanyprofi-line-60lmaksimum-60-lt-ficilar-icin\/#webpage\",\"url\":\"https:\/\/bakirci.com\/ekipman\/servis-ekipmanlari\/mekanik\/fren-ve-yakit-ekipmanlari\/adblue-ve-yakit-sistemleri\/adblue-dolum-cihazigl-technics-born-in-germanyprofi-line-60lmaksimum-60-lt-ficilar-icin\/\",\"name\":\"AdBlue Dolum Cihaz\\u0131 GL TECHNICS (Born in GERMANY) Profi Line 60L Maksimum 60 lt f\\u0131\\u00e7\\u0131lar i\\u00e7in - Bak\\u0131rc\\u0131 Garagineering\",\"isPartOf\":{\"@id\":\"https:\/\/bakirci.com\/ekipman\/#website\"},\"primaryImageOfPage\":{\"@id\":\"https:\/\/bakirci.com\/ekipman\/servis-ekipmanlari\/mekanik\/fren-ve-yakit-ekipmanlari\/adblue-ve-yakit-sistemleri\/adblue-dolum-cihazigl-technics-born-in-germanyprofi-line-60lmaksimum-60-lt-ficilar-icin\/#primaryimage\"},\"datePublished\":\"2021-01-02T14:55:49+00:00\",\"dateModified\":\"2021-08-06T15:00:26+00:00\",\"breadcrumb\":{\"@id\":\"https:\/\/bakirci.com\/ekipman\/servis-ekipmanlari\/mekanik\/fren-ve-yakit-ekipmanlari\/adblue-ve-yakit-sistemleri\/adblue-dolum-cihazigl-technics-born-in-germanyprofi-line-60lmaksimum-60-lt-ficilar-icin\/#breadcrumb\"},\"inLanguage\":\"tr\",\"potentialAction\":[{\"@type\":\"ReadAction\",\"target\":[\"https:\/\/bakirci.com\/ekipman\/servis-ekipmanlari\/mekanik\/fren-ve-yakit-ekipmanlari\/adblue-ve-yakit-sistemleri\/adblue-dolum-cihazigl-technics-born-in-germanyprofi-line-60lmaksimum-60-lt-ficilar-icin\/\"]}]},{\"@type\":\"BreadcrumbList\",\"@id\":\"https:\/\/bakirci.com\/ekipman\/servis-ekipmanlari\/mekanik\/fren-ve-yakit-ekipmanlari\/adblue-ve-yakit-sistemleri\/adblue-dolum-cihazigl-technics-born-in-germanyprofi-line-60lmaksimum-60-lt-ficilar-icin\/#breadcrumb\",\"itemListElement\":[{\"@type\":\"ListItem\",\"position\":1,\"name\":\"Ekipman\",\"item\":\"https:\/\/bakirci.com\/ekipman\/\"},{\"@type\":\"ListItem\",\"position\":2,\"name\":\"Otomotiv Tesisleri \\u0130\\u00e7in Servis Ekipmanlar\\u0131\",\"item\":\"https:\/\/bakirci.com\/ekipman\/\"},{\"@type\":\"ListItem\",\"position\":3,\"name\":\"AdBlue Dolum Cihaz\\u0131GL TECHNICS (Born in GERMANY)Profi Line 60LMaksimum 60 lt f\\u0131\\u00e7\\u0131lar i\\u00e7in\"}]}]}<\/script>\n<!-- \/ Yoast SEO plugin. -->","yoast_head_json":{"title":"AdBlue Dolum Cihaz\u0131GL TECHNICS (Born in GERMANY)Profi Line 60LMaksimum 60 lt f\u0131\u00e7\u0131lar i\u00e7in - Bak\u0131rc\u0131 Garagineering","robots":{"index":"index","follow":"follow","max-snippet":"max-snippet:-1","max-image-preview":"max-image-preview:large","max-video-preview":"max-video-preview:-1"},"canonical":"https:\/\/bakirci.com\/ekipman\/servis-ekipmanlari\/mekanik\/fren-ve-yakit-ekipmanlari\/adblue-ve-yakit-sistemleri\/adblue-dolum-cihazigl-technics-born-in-germanyprofi-line-60lmaksimum-60-lt-ficilar-icin\/","og_locale":"tr_TR","og_type":"article","og_title":"AdBlue Dolum Cihaz\u0131GL TECHNICS (Born in GERMANY)Profi Line 60LMaksimum 60 lt f\u0131\u00e7\u0131lar i\u00e7in - Bak\u0131rc\u0131 Garagineering","og_description":"AdBlue Dolum Cihaz\u0131 - Profi Line 60L  Hareketli Adblue dolum cihaz\u0131  S\u0131v\u0131 ak\u0131\u015f\u0131n\u0131 g\u00f6steren dijital saya\u00e7l\u0131 ekran  Patentli, sens\u00f6rl\u00fc varil ba\u011flant\u0131 kapa\u011f\u0131  Varilin devrilmesini \u00f6nleyen emniyet kemeri  Dolumdan sonra damlamay\u0131 \u00f6nleyen hortum ve kapak sistemi  Kontroll\u00fc ve ayarlanabilir \u00e7ift h\u0131zl\u0131 s\u0131v\u0131 ak\u0131\u015f\u0131  Maksimum 60 lt f\u0131\u00e7\u0131lar i\u00e7in  Dolum h\u0131z\u0131 3,8 - 7,6 lt\/dk  \u00c7al\u0131\u015fma voltaj\u0131 230 V","og_url":"https:\/\/bakirci.com\/ekipman\/servis-ekipmanlari\/mekanik\/fren-ve-yakit-ekipmanlari\/adblue-ve-yakit-sistemleri\/adblue-dolum-cihazigl-technics-born-in-germanyprofi-line-60lmaksimum-60-lt-ficilar-icin\/","og_site_name":"Bak\u0131rc\u0131 Garagineering","article_publisher":"https:\/\/www.facebook.com\/bakirci.garagineering","article_modified_time":"2021-08-06T15:00:26+00:00","og_image":[{"width":1200,"height":1200,"url":"https:\/\/bakirci.com\/ekipman\/wp-content\/uploads\/2021\/06\/Profi-Line-60L.png","path":"\/home\/bakirciwebsitesi\/public_html\/ekipman\/wp-content\/uploads\/2021\/06\/Profi-Line-60L.png","size":"full","id":4464,"alt":"","pixels":1440000,"type":"image\/png"}],"twitter_card":"summary_large_image","twitter_misc":{"Tahmini okuma s\u00fcresi":"1 dakika"},"schema":{"@context":"https:\/\/schema.org","@graph":[{"@type":"Organization","@id":"https:\/\/bakirci.com\/ekipman\/#organization","name":"Bak\u0131rc\u0131 garagineering","url":"https:\/\/bakirci.com\/ekipman\/","sameAs":["https:\/\/www.facebook.com\/bakirci.garagineering","https:\/\/www.instagram.com\/bakirci.garagineering\/","https:\/\/www.linkedin.com\/company\/bakirci-garagineering\/","https:\/\/www.youtube.com\/channel\/UCiVG6s_jALJ6Zk8085XiOQg"],"logo":{"@type":"ImageObject","@id":"https:\/\/bakirci.com\/ekipman\/#logo","inLanguage":"tr","url":"https:\/\/bakirci.com\/ekipman\/wp-content\/uploads\/2021\/09\/Bakirci-logo-lacivert.png","contentUrl":"https:\/\/bakirci.com\/ekipman\/wp-content\/uploads\/2021\/09\/Bakirci-logo-lacivert.png","width":501,"height":501,"caption":"Bak\u0131rc\u0131 garagineering"},"image":{"@id":"https:\/\/bakirci.com\/ekipman\/#logo"}},{"@type":"WebSite","@id":"https:\/\/bakirci.com\/ekipman\/#website","url":"https:\/\/bakirci.com\/ekipman\/","name":"Bak\u0131rc\u0131 Garagineering","description":"Otomotiv sekt\u00f6r\u00fcne \u00f6zel, \u201c\u00dcretici Standard\u0131nda\u201d \u00e7\u00f6z\u00fcmler\u2026","publisher":{"@id":"https:\/\/bakirci.com\/ekipman\/#organization"},"potentialAction":[{"@type":"SearchAction","target":{"@type":"EntryPoint","urlTemplate":"https:\/\/bakirci.com\/ekipman\/?s={search_term_string}"},"query-input":"required name=search_term_string"}],"inLanguage":"tr"},{"@type":"ImageObject","@id":"https:\/\/bakirci.com\/ekipman\/servis-ekipmanlari\/mekanik\/fren-ve-yakit-ekipmanlari\/adblue-ve-yakit-sistemleri\/adblue-dolum-cihazigl-technics-born-in-germanyprofi-line-60lmaksimum-60-lt-ficilar-icin\/#primaryimage","inLanguage":"tr","url":"https:\/\/bakirci.com\/ekipman\/wp-content\/uploads\/2021\/06\/Profi-Line-60L.png","contentUrl":"https:\/\/bakirci.com\/ekipman\/wp-content\/uploads\/2021\/06\/Profi-Line-60L.png","width":1200,"height":1200},{"@type":"WebPage","@id":"https:\/\/bakirci.com\/ekipman\/servis-ekipmanlari\/mekanik\/fren-ve-yakit-ekipmanlari\/adblue-ve-yakit-sistemleri\/adblue-dolum-cihazigl-technics-born-in-germanyprofi-line-60lmaksimum-60-lt-ficilar-icin\/#webpage","url":"https:\/\/bakirci.com\/ekipman\/servis-ekipmanlari\/mekanik\/fren-ve-yakit-ekipmanlari\/adblue-ve-yakit-sistemleri\/adblue-dolum-cihazigl-technics-born-in-germanyprofi-line-60lmaksimum-60-lt-ficilar-icin\/","name":"AdBlue Dolum Cihaz\u0131 GL TECHNICS (Born in GERMANY) Profi Line 60L Maksimum 60 lt f\u0131\u00e7\u0131lar i\u00e7in - Bak\u0131rc\u0131 Garagineering","isPartOf":{"@id":"https:\/\/bakirci.com\/ekipman\/#website"},"primaryImageOfPage":{"@id":"https:\/\/bakirci.com\/ekipman\/servis-ekipmanlari\/mekanik\/fren-ve-yakit-ekipmanlari\/adblue-ve-yakit-sistemleri\/adblue-dolum-cihazigl-technics-born-in-germanyprofi-line-60lmaksimum-60-lt-ficilar-icin\/#primaryimage"},"datePublished":"2021-01-02T14:55:49+00:00","dateModified":"2021-08-06T15:00:26+00:00","breadcrumb":{"@id":"https:\/\/bakirci.com\/ekipman\/servis-ekipmanlari\/mekanik\/fren-ve-yakit-ekipmanlari\/adblue-ve-yakit-sistemleri\/adblue-dolum-cihazigl-technics-born-in-germanyprofi-line-60lmaksimum-60-lt-ficilar-icin\/#breadcrumb"},"inLanguage":"tr","potentialAction":[{"@type":"ReadAction","target":["https:\/\/bakirci.com\/ekipman\/servis-ekipmanlari\/mekanik\/fren-ve-yakit-ekipmanlari\/adblue-ve-yakit-sistemleri\/adblue-dolum-cihazigl-technics-born-in-germanyprofi-line-60lmaksimum-60-lt-ficilar-icin\/"]}]},{"@type":"BreadcrumbList","@id":"https:\/\/bakirci.com\/ekipman\/servis-ekipmanlari\/mekanik\/fren-ve-yakit-ekipmanlari\/adblue-ve-yakit-sistemleri\/adblue-dolum-cihazigl-technics-born-in-germanyprofi-line-60lmaksimum-60-lt-ficilar-icin\/#breadcrumb","itemListElement":[{"@type":"ListItem","position":1,"name":"Ekipman","item":"https:\/\/bakirci.com\/ekipman\/"},{"@type":"ListItem","position":2,"name":"Otomotiv Tesisleri \u0130\u00e7in Servis Ekipmanlar\u0131","item":"https:\/\/bakirci.com\/ekipman\/"},{"@type":"ListItem","position":3,"name":"AdBlue Dolum Cihaz\u0131GL TECHNICS (Born in GERMANY)Profi Line 60LMaksimum 60 lt f\u0131\u00e7\u0131lar i\u00e7in"}]}]}},"_links":{"self":[{"href":"https:\/\/bakirci.com\/ekipman\/wp-json\/wp\/v2\/product\/4463","targetHints":{"allow":["GET"]}}],"collection":[{"href":"https:\/\/bakirci.com\/ekipman\/wp-json\/wp\/v2\/product"}],"about":[{"href":"https:\/\/bakirci.com\/ekipman\/wp-json\/wp\/v2\/types\/product"}],"replies":[{"embeddable":true,"href":"https:\/\/bakirci.com\/ekipman\/wp-json\/wp\/v2\/comments?post=4463"}],"wp:featuredmedia":[{"embeddable":true,"href":"https:\/\/bakirci.com\/ekipman\/wp-json\/wp\/v2\/media\/4464"}],"wp:attachment":[{"href":"https:\/\/bakirci.com\/ekipman\/wp-json\/wp\/v2\/media?parent=4463"}],"wp:term":[{"taxonomy":"product_cat","embeddable":true,"href":"https:\/\/bakirci.com\/ekipman\/wp-json\/wp\/v2\/product_cat?post=4463"},{"taxonomy":"product_tag","embeddable":true,"href":"https:\/\/bakirci.com\/ekipman\/wp-json\/wp\/v2\/product_tag?post=4463"}],"curies":[{"name":"wp","href":"https:\/\/api.w.org\/{rel}","templated":true}]}}