{"id":4447,"date":"2021-01-02T15:22:40","date_gmt":"2021-01-02T15:22:40","guid":{"rendered":"https:\/\/j6l.65c.myftpupload.com\/?post_type=product&#038;p=4447"},"modified":"2022-04-15T11:26:51","modified_gmt":"2022-04-15T11:26:51","slug":"pentosin-basma-cihazigl-technics-born-in-germany-perfecta-4-hymaksimum-10-lt-pentosin-sivi-kutulari-icin-man-onayli","status":"publish","type":"product","link":"https:\/\/bakirci.com\/ekipman\/servis-ekipmanlari\/mekanik\/fren-ve-yakit-ekipmanlari\/fren-bakim-cihazlari\/pentosin-basma-cihazigl-technics-born-in-germany-perfecta-4-hymaksimum-10-lt-pentosin-sivi-kutulari-icin-man-onayli\/","title":{"rendered":"<p class=\"ustmetin\">Pentosin Basma Cihaz\u0131<\/p><p class=\"ortametin\">GL TECHNICS <span class=\"ortametin2\">(Born in GERMANY)<\/span><\/p><p class=\"altmetin\"> Perfecta 4 HY<br>Maksimum 10 lt pentosin s\u0131v\u0131 kutular\u0131 i\u00e7in (MAN onayl\u0131)<\/p>"},"content":{"rendered":"<ul>\n<li>Pentosin Basma Cihaz\u0131 &#8211; Perfecta 4 HY<\/li>\n<li>MAN taraf\u0131ndan onayl\u0131<\/li>\n<li>Hidrolik debriyaj sistem ya\u011f\u0131 ve hidrolik vites kutusu sistem ya\u011f\u0131 de\u011fi\u015fimi i\u00e7in kullan\u0131l\u0131r<\/li>\n<li>Pentosin s\u0131v\u0131s\u0131 bitti\u011finde otomatik durma \u00f6zelli\u011fi<\/li>\n<li>Standart ba\u011flant\u0131 adapt\u00f6r\u00fc E 20 HY<\/li>\n<li>Maksimum 10 lt pentosin s\u0131v\u0131 kutular\u0131 i\u00e7in<\/li>\n<li>\u00c7al\u0131\u015fma bas\u0131nc\u0131 0,5 &#8211; 3,5 bar<\/li>\n<\/ul>\n","protected":false},"excerpt":{"rendered":"<ul>\n<li>Pentosin Basma Cihaz\u0131 &#8211; Perfecta 4 HY<\/li>\n<li>MAN taraf\u0131ndan onayl\u0131<\/li>\n<li>Hidrolik debriyaj sistem ya\u011f\u0131 ve hidrolik vites kutusu sistem ya\u011f\u0131 de\u011fi\u015fimi i\u00e7in kullan\u0131l\u0131r<\/li>\n<li>Pentosin s\u0131v\u0131s\u0131 bitti\u011finde otomatik durma \u00f6zelli\u011fi<\/li>\n<li>Standart ba\u011flant\u0131 adapt\u00f6r\u00fc E 20 HY<\/li>\n<li>Maksimum 10 lt pentosin s\u0131v\u0131 kutular\u0131 i\u00e7in<\/li>\n<li>\u00c7al\u0131\u015fma bas\u0131nc\u0131 0,5 &#8211; 3,5 bar<\/li>\n<\/ul>\n","protected":false},"featured_media":4448,"comment_status":"closed","ping_status":"closed","template":"","meta":[],"product_cat":[148],"product_tag":[608,609,612,613,607,610,79,611],"class_list":["post-4447","product","type-product","status-publish","has-post-thumbnail","hentry","pwb-brand-gl-technics","product_cat-fren-bakim-cihazlari","product_tag-dot-olcum","product_tag-dot-test","product_tag-fren-hidroligi-basma","product_tag-fren-hidroligi-test-ekipmani","product_tag-fren-hidroligi-test-kalemi","product_tag-fren-nem-testi","product_tag-gl-technics","product_tag-yag-olcer"],"brands":[{"id":380,"name":"GL TECHNICS","slug":"gl-technics"}],"yoast_head":"<!-- This site is optimized with the Yoast SEO plugin v17.1 - https:\/\/yoast.com\/wordpress\/plugins\/seo\/ -->\n<title>Pentosin Basma Cihaz\u0131GL TECHNICS (Born in GERMANY) Perfecta 4 HYMaksimum 10 lt pentosin s\u0131v\u0131 kutular\u0131 i\u00e7in (MAN onayl\u0131) - Bak\u0131rc\u0131 Garagineering<\/title>\n<meta name=\"robots\" content=\"index, follow, max-snippet:-1, max-image-preview:large, max-video-preview:-1\" \/>\n<link rel=\"canonical\" href=\"https:\/\/bakirci.com\/ekipman\/servis-ekipmanlari\/mekanik\/fren-ve-yakit-ekipmanlari\/fren-bakim-cihazlari\/pentosin-basma-cihazigl-technics-born-in-germany-perfecta-4-hymaksimum-10-lt-pentosin-sivi-kutulari-icin-man-onayli\/\" \/>\n<meta property=\"og:locale\" content=\"tr_TR\" \/>\n<meta property=\"og:type\" content=\"article\" \/>\n<meta property=\"og:title\" content=\"Pentosin Basma Cihaz\u0131GL TECHNICS (Born in GERMANY) Perfecta 4 HYMaksimum 10 lt pentosin s\u0131v\u0131 kutular\u0131 i\u00e7in (MAN onayl\u0131) - Bak\u0131rc\u0131 Garagineering\" \/>\n<meta property=\"og:description\" content=\"Pentosin Basma Cihaz\u0131 - Perfecta 4 HY  MAN taraf\u0131ndan onayl\u0131  Hidrolik debriyaj sistem ya\u011f\u0131 ve hidrolik vites kutusu sistem ya\u011f\u0131 de\u011fi\u015fimi i\u00e7in kullan\u0131l\u0131r  Pentosin s\u0131v\u0131s\u0131 bitti\u011finde otomatik durma \u00f6zelli\u011fi  Standart ba\u011flant\u0131 adapt\u00f6r\u00fc E 20 HY  Maksimum 10 lt pentosin s\u0131v\u0131 kutular\u0131 i\u00e7in  \u00c7al\u0131\u015fma bas\u0131nc\u0131 0,5 - 3,5 bar\" \/>\n<meta property=\"og:url\" content=\"https:\/\/bakirci.com\/ekipman\/servis-ekipmanlari\/mekanik\/fren-ve-yakit-ekipmanlari\/fren-bakim-cihazlari\/pentosin-basma-cihazigl-technics-born-in-germany-perfecta-4-hymaksimum-10-lt-pentosin-sivi-kutulari-icin-man-onayli\/\" \/>\n<meta property=\"og:site_name\" content=\"Bak\u0131rc\u0131 Garagineering\" \/>\n<meta property=\"article:publisher\" content=\"https:\/\/www.facebook.com\/bakirci.garagineering\" \/>\n<meta property=\"article:modified_time\" content=\"2022-04-15T11:26:51+00:00\" \/>\n<meta property=\"og:image\" content=\"https:\/\/bakirci.com\/ekipman\/wp-content\/uploads\/2021\/06\/Perfecta-4-HY.png\" \/>\n\t<meta property=\"og:image:width\" content=\"1200\" \/>\n\t<meta property=\"og:image:height\" content=\"1200\" \/>\n<meta name=\"twitter:card\" content=\"summary_large_image\" \/>\n<meta name=\"twitter:label1\" content=\"Tahmini okuma s\u00fcresi\" \/>\n\t<meta name=\"twitter:data1\" content=\"1 dakika\" \/>\n<script type=\"application\/ld+json\" class=\"yoast-schema-graph\">{\"@context\":\"https:\/\/schema.org\",\"@graph\":[{\"@type\":\"Organization\",\"@id\":\"https:\/\/bakirci.com\/ekipman\/#organization\",\"name\":\"Bak\\u0131rc\\u0131 garagineering\",\"url\":\"https:\/\/bakirci.com\/ekipman\/\",\"sameAs\":[\"https:\/\/www.facebook.com\/bakirci.garagineering\",\"https:\/\/www.instagram.com\/bakirci.garagineering\/\",\"https:\/\/www.linkedin.com\/company\/bakirci-garagineering\/\",\"https:\/\/www.youtube.com\/channel\/UCiVG6s_jALJ6Zk8085XiOQg\"],\"logo\":{\"@type\":\"ImageObject\",\"@id\":\"https:\/\/bakirci.com\/ekipman\/#logo\",\"inLanguage\":\"tr\",\"url\":\"https:\/\/bakirci.com\/ekipman\/wp-content\/uploads\/2021\/09\/Bakirci-logo-lacivert.png\",\"contentUrl\":\"https:\/\/bakirci.com\/ekipman\/wp-content\/uploads\/2021\/09\/Bakirci-logo-lacivert.png\",\"width\":501,\"height\":501,\"caption\":\"Bak\\u0131rc\\u0131 garagineering\"},\"image\":{\"@id\":\"https:\/\/bakirci.com\/ekipman\/#logo\"}},{\"@type\":\"WebSite\",\"@id\":\"https:\/\/bakirci.com\/ekipman\/#website\",\"url\":\"https:\/\/bakirci.com\/ekipman\/\",\"name\":\"Bak\\u0131rc\\u0131 Garagineering\",\"description\":\"Otomotiv sekt\\u00f6r\\u00fcne \\u00f6zel, \\u201c\\u00dcretici Standard\\u0131nda\\u201d \\u00e7\\u00f6z\\u00fcmler\\u2026\",\"publisher\":{\"@id\":\"https:\/\/bakirci.com\/ekipman\/#organization\"},\"potentialAction\":[{\"@type\":\"SearchAction\",\"target\":{\"@type\":\"EntryPoint\",\"urlTemplate\":\"https:\/\/bakirci.com\/ekipman\/?s={search_term_string}\"},\"query-input\":\"required name=search_term_string\"}],\"inLanguage\":\"tr\"},{\"@type\":\"ImageObject\",\"@id\":\"https:\/\/bakirci.com\/ekipman\/servis-ekipmanlari\/mekanik\/fren-ve-yakit-ekipmanlari\/fren-bakim-cihazlari\/pentosin-basma-cihazigl-technics-born-in-germany-perfecta-4-hymaksimum-10-lt-pentosin-sivi-kutulari-icin-man-onayli\/#primaryimage\",\"inLanguage\":\"tr\",\"url\":\"https:\/\/bakirci.com\/ekipman\/wp-content\/uploads\/2021\/06\/Perfecta-4-HY.png\",\"contentUrl\":\"https:\/\/bakirci.com\/ekipman\/wp-content\/uploads\/2021\/06\/Perfecta-4-HY.png\",\"width\":1200,\"height\":1200},{\"@type\":\"WebPage\",\"@id\":\"https:\/\/bakirci.com\/ekipman\/servis-ekipmanlari\/mekanik\/fren-ve-yakit-ekipmanlari\/fren-bakim-cihazlari\/pentosin-basma-cihazigl-technics-born-in-germany-perfecta-4-hymaksimum-10-lt-pentosin-sivi-kutulari-icin-man-onayli\/#webpage\",\"url\":\"https:\/\/bakirci.com\/ekipman\/servis-ekipmanlari\/mekanik\/fren-ve-yakit-ekipmanlari\/fren-bakim-cihazlari\/pentosin-basma-cihazigl-technics-born-in-germany-perfecta-4-hymaksimum-10-lt-pentosin-sivi-kutulari-icin-man-onayli\/\",\"name\":\"Pentosin Basma Cihaz\\u0131 GL TECHNICS (Born in GERMANY) Perfecta 4 HY Maksimum 10 lt pentosin s\\u0131v\\u0131 kutular\\u0131 i\\u00e7in (MAN onayl\\u0131) - Bak\\u0131rc\\u0131 Garagineering\",\"isPartOf\":{\"@id\":\"https:\/\/bakirci.com\/ekipman\/#website\"},\"primaryImageOfPage\":{\"@id\":\"https:\/\/bakirci.com\/ekipman\/servis-ekipmanlari\/mekanik\/fren-ve-yakit-ekipmanlari\/fren-bakim-cihazlari\/pentosin-basma-cihazigl-technics-born-in-germany-perfecta-4-hymaksimum-10-lt-pentosin-sivi-kutulari-icin-man-onayli\/#primaryimage\"},\"datePublished\":\"2021-01-02T15:22:40+00:00\",\"dateModified\":\"2022-04-15T11:26:51+00:00\",\"breadcrumb\":{\"@id\":\"https:\/\/bakirci.com\/ekipman\/servis-ekipmanlari\/mekanik\/fren-ve-yakit-ekipmanlari\/fren-bakim-cihazlari\/pentosin-basma-cihazigl-technics-born-in-germany-perfecta-4-hymaksimum-10-lt-pentosin-sivi-kutulari-icin-man-onayli\/#breadcrumb\"},\"inLanguage\":\"tr\",\"potentialAction\":[{\"@type\":\"ReadAction\",\"target\":[\"https:\/\/bakirci.com\/ekipman\/servis-ekipmanlari\/mekanik\/fren-ve-yakit-ekipmanlari\/fren-bakim-cihazlari\/pentosin-basma-cihazigl-technics-born-in-germany-perfecta-4-hymaksimum-10-lt-pentosin-sivi-kutulari-icin-man-onayli\/\"]}]},{\"@type\":\"BreadcrumbList\",\"@id\":\"https:\/\/bakirci.com\/ekipman\/servis-ekipmanlari\/mekanik\/fren-ve-yakit-ekipmanlari\/fren-bakim-cihazlari\/pentosin-basma-cihazigl-technics-born-in-germany-perfecta-4-hymaksimum-10-lt-pentosin-sivi-kutulari-icin-man-onayli\/#breadcrumb\",\"itemListElement\":[{\"@type\":\"ListItem\",\"position\":1,\"name\":\"Ekipman\",\"item\":\"https:\/\/bakirci.com\/ekipman\/\"},{\"@type\":\"ListItem\",\"position\":2,\"name\":\"Otomotiv Tesisleri \\u0130\\u00e7in Servis Ekipmanlar\\u0131\",\"item\":\"https:\/\/bakirci.com\/ekipman\/\"},{\"@type\":\"ListItem\",\"position\":3,\"name\":\"Pentosin Basma Cihaz\\u0131GL TECHNICS (Born in GERMANY) Perfecta 4 HYMaksimum 10 lt pentosin s\\u0131v\\u0131 kutular\\u0131 i\\u00e7in (MAN onayl\\u0131)\"}]}]}<\/script>\n<!-- \/ Yoast SEO plugin. -->","yoast_head_json":{"title":"Pentosin Basma Cihaz\u0131GL TECHNICS (Born in GERMANY) Perfecta 4 HYMaksimum 10 lt pentosin s\u0131v\u0131 kutular\u0131 i\u00e7in (MAN onayl\u0131) - Bak\u0131rc\u0131 Garagineering","robots":{"index":"index","follow":"follow","max-snippet":"max-snippet:-1","max-image-preview":"max-image-preview:large","max-video-preview":"max-video-preview:-1"},"canonical":"https:\/\/bakirci.com\/ekipman\/servis-ekipmanlari\/mekanik\/fren-ve-yakit-ekipmanlari\/fren-bakim-cihazlari\/pentosin-basma-cihazigl-technics-born-in-germany-perfecta-4-hymaksimum-10-lt-pentosin-sivi-kutulari-icin-man-onayli\/","og_locale":"tr_TR","og_type":"article","og_title":"Pentosin Basma Cihaz\u0131GL TECHNICS (Born in GERMANY) Perfecta 4 HYMaksimum 10 lt pentosin s\u0131v\u0131 kutular\u0131 i\u00e7in (MAN onayl\u0131) - Bak\u0131rc\u0131 Garagineering","og_description":"Pentosin Basma Cihaz\u0131 - Perfecta 4 HY  MAN taraf\u0131ndan onayl\u0131  Hidrolik debriyaj sistem ya\u011f\u0131 ve hidrolik vites kutusu sistem ya\u011f\u0131 de\u011fi\u015fimi i\u00e7in kullan\u0131l\u0131r  Pentosin s\u0131v\u0131s\u0131 bitti\u011finde otomatik durma \u00f6zelli\u011fi  Standart ba\u011flant\u0131 adapt\u00f6r\u00fc E 20 HY  Maksimum 10 lt pentosin s\u0131v\u0131 kutular\u0131 i\u00e7in  \u00c7al\u0131\u015fma bas\u0131nc\u0131 0,5 - 3,5 bar","og_url":"https:\/\/bakirci.com\/ekipman\/servis-ekipmanlari\/mekanik\/fren-ve-yakit-ekipmanlari\/fren-bakim-cihazlari\/pentosin-basma-cihazigl-technics-born-in-germany-perfecta-4-hymaksimum-10-lt-pentosin-sivi-kutulari-icin-man-onayli\/","og_site_name":"Bak\u0131rc\u0131 Garagineering","article_publisher":"https:\/\/www.facebook.com\/bakirci.garagineering","article_modified_time":"2022-04-15T11:26:51+00:00","og_image":[{"width":1200,"height":1200,"url":"https:\/\/bakirci.com\/ekipman\/wp-content\/uploads\/2021\/06\/Perfecta-4-HY.png","path":"\/home\/bakirciwebsitesi\/public_html\/ekipman\/wp-content\/uploads\/2021\/06\/Perfecta-4-HY.png","size":"full","id":4448,"alt":"","pixels":1440000,"type":"image\/png"}],"twitter_card":"summary_large_image","twitter_misc":{"Tahmini okuma s\u00fcresi":"1 dakika"},"schema":{"@context":"https:\/\/schema.org","@graph":[{"@type":"Organization","@id":"https:\/\/bakirci.com\/ekipman\/#organization","name":"Bak\u0131rc\u0131 garagineering","url":"https:\/\/bakirci.com\/ekipman\/","sameAs":["https:\/\/www.facebook.com\/bakirci.garagineering","https:\/\/www.instagram.com\/bakirci.garagineering\/","https:\/\/www.linkedin.com\/company\/bakirci-garagineering\/","https:\/\/www.youtube.com\/channel\/UCiVG6s_jALJ6Zk8085XiOQg"],"logo":{"@type":"ImageObject","@id":"https:\/\/bakirci.com\/ekipman\/#logo","inLanguage":"tr","url":"https:\/\/bakirci.com\/ekipman\/wp-content\/uploads\/2021\/09\/Bakirci-logo-lacivert.png","contentUrl":"https:\/\/bakirci.com\/ekipman\/wp-content\/uploads\/2021\/09\/Bakirci-logo-lacivert.png","width":501,"height":501,"caption":"Bak\u0131rc\u0131 garagineering"},"image":{"@id":"https:\/\/bakirci.com\/ekipman\/#logo"}},{"@type":"WebSite","@id":"https:\/\/bakirci.com\/ekipman\/#website","url":"https:\/\/bakirci.com\/ekipman\/","name":"Bak\u0131rc\u0131 Garagineering","description":"Otomotiv sekt\u00f6r\u00fcne \u00f6zel, \u201c\u00dcretici Standard\u0131nda\u201d \u00e7\u00f6z\u00fcmler\u2026","publisher":{"@id":"https:\/\/bakirci.com\/ekipman\/#organization"},"potentialAction":[{"@type":"SearchAction","target":{"@type":"EntryPoint","urlTemplate":"https:\/\/bakirci.com\/ekipman\/?s={search_term_string}"},"query-input":"required name=search_term_string"}],"inLanguage":"tr"},{"@type":"ImageObject","@id":"https:\/\/bakirci.com\/ekipman\/servis-ekipmanlari\/mekanik\/fren-ve-yakit-ekipmanlari\/fren-bakim-cihazlari\/pentosin-basma-cihazigl-technics-born-in-germany-perfecta-4-hymaksimum-10-lt-pentosin-sivi-kutulari-icin-man-onayli\/#primaryimage","inLanguage":"tr","url":"https:\/\/bakirci.com\/ekipman\/wp-content\/uploads\/2021\/06\/Perfecta-4-HY.png","contentUrl":"https:\/\/bakirci.com\/ekipman\/wp-content\/uploads\/2021\/06\/Perfecta-4-HY.png","width":1200,"height":1200},{"@type":"WebPage","@id":"https:\/\/bakirci.com\/ekipman\/servis-ekipmanlari\/mekanik\/fren-ve-yakit-ekipmanlari\/fren-bakim-cihazlari\/pentosin-basma-cihazigl-technics-born-in-germany-perfecta-4-hymaksimum-10-lt-pentosin-sivi-kutulari-icin-man-onayli\/#webpage","url":"https:\/\/bakirci.com\/ekipman\/servis-ekipmanlari\/mekanik\/fren-ve-yakit-ekipmanlari\/fren-bakim-cihazlari\/pentosin-basma-cihazigl-technics-born-in-germany-perfecta-4-hymaksimum-10-lt-pentosin-sivi-kutulari-icin-man-onayli\/","name":"Pentosin Basma Cihaz\u0131 GL TECHNICS (Born in GERMANY) Perfecta 4 HY Maksimum 10 lt pentosin s\u0131v\u0131 kutular\u0131 i\u00e7in (MAN onayl\u0131) - Bak\u0131rc\u0131 Garagineering","isPartOf":{"@id":"https:\/\/bakirci.com\/ekipman\/#website"},"primaryImageOfPage":{"@id":"https:\/\/bakirci.com\/ekipman\/servis-ekipmanlari\/mekanik\/fren-ve-yakit-ekipmanlari\/fren-bakim-cihazlari\/pentosin-basma-cihazigl-technics-born-in-germany-perfecta-4-hymaksimum-10-lt-pentosin-sivi-kutulari-icin-man-onayli\/#primaryimage"},"datePublished":"2021-01-02T15:22:40+00:00","dateModified":"2022-04-15T11:26:51+00:00","breadcrumb":{"@id":"https:\/\/bakirci.com\/ekipman\/servis-ekipmanlari\/mekanik\/fren-ve-yakit-ekipmanlari\/fren-bakim-cihazlari\/pentosin-basma-cihazigl-technics-born-in-germany-perfecta-4-hymaksimum-10-lt-pentosin-sivi-kutulari-icin-man-onayli\/#breadcrumb"},"inLanguage":"tr","potentialAction":[{"@type":"ReadAction","target":["https:\/\/bakirci.com\/ekipman\/servis-ekipmanlari\/mekanik\/fren-ve-yakit-ekipmanlari\/fren-bakim-cihazlari\/pentosin-basma-cihazigl-technics-born-in-germany-perfecta-4-hymaksimum-10-lt-pentosin-sivi-kutulari-icin-man-onayli\/"]}]},{"@type":"BreadcrumbList","@id":"https:\/\/bakirci.com\/ekipman\/servis-ekipmanlari\/mekanik\/fren-ve-yakit-ekipmanlari\/fren-bakim-cihazlari\/pentosin-basma-cihazigl-technics-born-in-germany-perfecta-4-hymaksimum-10-lt-pentosin-sivi-kutulari-icin-man-onayli\/#breadcrumb","itemListElement":[{"@type":"ListItem","position":1,"name":"Ekipman","item":"https:\/\/bakirci.com\/ekipman\/"},{"@type":"ListItem","position":2,"name":"Otomotiv Tesisleri \u0130\u00e7in Servis Ekipmanlar\u0131","item":"https:\/\/bakirci.com\/ekipman\/"},{"@type":"ListItem","position":3,"name":"Pentosin Basma Cihaz\u0131GL TECHNICS (Born in GERMANY) Perfecta 4 HYMaksimum 10 lt pentosin s\u0131v\u0131 kutular\u0131 i\u00e7in (MAN onayl\u0131)"}]}]}},"_links":{"self":[{"href":"https:\/\/bakirci.com\/ekipman\/wp-json\/wp\/v2\/product\/4447","targetHints":{"allow":["GET"]}}],"collection":[{"href":"https:\/\/bakirci.com\/ekipman\/wp-json\/wp\/v2\/product"}],"about":[{"href":"https:\/\/bakirci.com\/ekipman\/wp-json\/wp\/v2\/types\/product"}],"replies":[{"embeddable":true,"href":"https:\/\/bakirci.com\/ekipman\/wp-json\/wp\/v2\/comments?post=4447"}],"wp:featuredmedia":[{"embeddable":true,"href":"https:\/\/bakirci.com\/ekipman\/wp-json\/wp\/v2\/media\/4448"}],"wp:attachment":[{"href":"https:\/\/bakirci.com\/ekipman\/wp-json\/wp\/v2\/media?parent=4447"}],"wp:term":[{"taxonomy":"product_cat","embeddable":true,"href":"https:\/\/bakirci.com\/ekipman\/wp-json\/wp\/v2\/product_cat?post=4447"},{"taxonomy":"product_tag","embeddable":true,"href":"https:\/\/bakirci.com\/ekipman\/wp-json\/wp\/v2\/product_tag?post=4447"}],"curies":[{"name":"wp","href":"https:\/\/api.w.org\/{rel}","templated":true}]}}