{"id":4445,"date":"2021-01-02T15:40:42","date_gmt":"2021-01-02T15:40:42","guid":{"rendered":"https:\/\/j6l.65c.myftpupload.com\/?post_type=product&#038;p=4445"},"modified":"2021-09-01T18:24:12","modified_gmt":"2021-09-01T18:24:12","slug":"fren-hidroligi-test-cihazibosch-born-in-germanybft-100dot3-dot4-ve-dot5-1-sivilarina-uygun","status":"publish","type":"product","link":"https:\/\/bakirci.com\/ekipman\/servis-ekipmanlari\/mekanik\/fren-ve-yakit-ekipmanlari\/fren-bakim-cihazlari\/fren-hidroligi-test-cihazibosch-born-in-germanybft-100dot3-dot4-ve-dot5-1-sivilarina-uygun\/","title":{"rendered":"<p class=\"ustmetin\">Fren Hidroli\u011fi Test Cihaz\u0131<\/p><p class=\"ortametin\">BOSCH <span class=\"ortametin2\">(Born in GERMANY)<\/span><\/p><p class=\"altmetin\">BFT-100<br>DOT3, DOT4 ve DOT5.1 s\u0131v\u0131lar\u0131na uygun<\/p>"},"content":{"rendered":"<ul>\n<li>Fren Hidroli\u011fi Test Cihaz\u0131 &#8211; BFT-100<\/li>\n<li>Fren hidrolik s\u0131v\u0131s\u0131n\u0131 kaynatarak, kaynama noktas\u0131 testi<\/li>\n<li>DOT3, DOT4 ve DOT5.1 s\u0131v\u0131lar\u0131na uygun<\/li>\n<li>Farkl\u0131 markalardaki t\u00fcm ara\u00e7lar\u0131 test edebilme<\/li>\n<li>Y\u00f6nlendirme ekran\u0131 sayesinde h\u0131zl\u0131 test<\/li>\n<li>Ters kutup korumas\u0131<\/li>\n<li>\u00c7al\u0131\u015fma voltaj\u0131 12V<\/li>\n<\/ul>\n","protected":false},"excerpt":{"rendered":"<ul>\n<li>Fren Hidroli\u011fi Test Cihaz\u0131 &#8211; BFT-100<\/li>\n<li>Fren hidrolik s\u0131v\u0131s\u0131n\u0131 kaynatarak, kaynama noktas\u0131 testi<\/li>\n<li>DOT3, DOT4 ve DOT5.1 s\u0131v\u0131lar\u0131na uygun<\/li>\n<li>Farkl\u0131 markalardaki t\u00fcm ara\u00e7lar\u0131 test edebilme<\/li>\n<li>Y\u00f6nlendirme ekran\u0131 sayesinde h\u0131zl\u0131 test<\/li>\n<li>Ters kutup korumas\u0131<\/li>\n<li>\u00c7al\u0131\u015fma voltaj\u0131 12V<\/li>\n<\/ul>\n","protected":false},"featured_media":4446,"comment_status":"closed","ping_status":"closed","template":"","meta":[],"product_cat":[148],"product_tag":[344,608,609,612,613,607,610,611],"class_list":["post-4445","product","type-product","status-publish","has-post-thumbnail","hentry","pwb-brand-bosch","product_cat-fren-bakim-cihazlari","product_tag-bosch","product_tag-dot-olcum","product_tag-dot-test","product_tag-fren-hidroligi-basma","product_tag-fren-hidroligi-test-ekipmani","product_tag-fren-hidroligi-test-kalemi","product_tag-fren-nem-testi","product_tag-yag-olcer"],"brands":[{"id":374,"name":"BOSCH","slug":"bosch"}],"yoast_head":"<!-- This site is optimized with the Yoast SEO plugin v17.1 - https:\/\/yoast.com\/wordpress\/plugins\/seo\/ -->\n<title>Fren Hidroli\u011fi Test Cihaz\u0131BOSCH (Born in GERMANY)BFT-100DOT3, DOT4 ve DOT5.1 s\u0131v\u0131lar\u0131na uygun - Bak\u0131rc\u0131 Garagineering<\/title>\n<meta name=\"robots\" content=\"index, follow, max-snippet:-1, max-image-preview:large, max-video-preview:-1\" \/>\n<link rel=\"canonical\" href=\"https:\/\/bakirci.com\/ekipman\/servis-ekipmanlari\/mekanik\/fren-ve-yakit-ekipmanlari\/fren-bakim-cihazlari\/fren-hidroligi-test-cihazibosch-born-in-germanybft-100dot3-dot4-ve-dot5-1-sivilarina-uygun\/\" \/>\n<meta property=\"og:locale\" content=\"tr_TR\" \/>\n<meta property=\"og:type\" content=\"article\" \/>\n<meta property=\"og:title\" content=\"Fren Hidroli\u011fi Test Cihaz\u0131BOSCH (Born in GERMANY)BFT-100DOT3, DOT4 ve DOT5.1 s\u0131v\u0131lar\u0131na uygun - Bak\u0131rc\u0131 Garagineering\" \/>\n<meta property=\"og:description\" content=\"Fren Hidroli\u011fi Test Cihaz\u0131 - BFT-100  Fren hidrolik s\u0131v\u0131s\u0131n\u0131 kaynatarak, kaynama noktas\u0131 testi  DOT3, DOT4 ve DOT5.1 s\u0131v\u0131lar\u0131na uygun  Farkl\u0131 markalardaki t\u00fcm ara\u00e7lar\u0131 test edebilme  Y\u00f6nlendirme ekran\u0131 sayesinde h\u0131zl\u0131 test  Ters kutup korumas\u0131  \u00c7al\u0131\u015fma voltaj\u0131 12V\" \/>\n<meta property=\"og:url\" content=\"https:\/\/bakirci.com\/ekipman\/servis-ekipmanlari\/mekanik\/fren-ve-yakit-ekipmanlari\/fren-bakim-cihazlari\/fren-hidroligi-test-cihazibosch-born-in-germanybft-100dot3-dot4-ve-dot5-1-sivilarina-uygun\/\" \/>\n<meta property=\"og:site_name\" content=\"Bak\u0131rc\u0131 Garagineering\" \/>\n<meta property=\"article:publisher\" content=\"https:\/\/www.facebook.com\/bakirci.garagineering\" \/>\n<meta property=\"article:modified_time\" content=\"2021-09-01T18:24:12+00:00\" \/>\n<meta property=\"og:image\" content=\"https:\/\/bakirci.com\/ekipman\/wp-content\/uploads\/2021\/06\/BFT-100.png\" \/>\n\t<meta property=\"og:image:width\" content=\"1200\" \/>\n\t<meta property=\"og:image:height\" content=\"1200\" \/>\n<meta name=\"twitter:card\" content=\"summary_large_image\" \/>\n<meta name=\"twitter:label1\" content=\"Tahmini okuma s\u00fcresi\" \/>\n\t<meta name=\"twitter:data1\" content=\"1 dakika\" \/>\n<script type=\"application\/ld+json\" class=\"yoast-schema-graph\">{\"@context\":\"https:\/\/schema.org\",\"@graph\":[{\"@type\":\"Organization\",\"@id\":\"https:\/\/bakirci.com\/ekipman\/#organization\",\"name\":\"Bak\\u0131rc\\u0131 garagineering\",\"url\":\"https:\/\/bakirci.com\/ekipman\/\",\"sameAs\":[\"https:\/\/www.facebook.com\/bakirci.garagineering\",\"https:\/\/www.instagram.com\/bakirci.garagineering\/\",\"https:\/\/www.linkedin.com\/company\/bakirci-garagineering\/\",\"https:\/\/www.youtube.com\/channel\/UCiVG6s_jALJ6Zk8085XiOQg\"],\"logo\":{\"@type\":\"ImageObject\",\"@id\":\"https:\/\/bakirci.com\/ekipman\/#logo\",\"inLanguage\":\"tr\",\"url\":\"https:\/\/bakirci.com\/ekipman\/wp-content\/uploads\/2021\/09\/Bakirci-logo-lacivert.png\",\"contentUrl\":\"https:\/\/bakirci.com\/ekipman\/wp-content\/uploads\/2021\/09\/Bakirci-logo-lacivert.png\",\"width\":501,\"height\":501,\"caption\":\"Bak\\u0131rc\\u0131 garagineering\"},\"image\":{\"@id\":\"https:\/\/bakirci.com\/ekipman\/#logo\"}},{\"@type\":\"WebSite\",\"@id\":\"https:\/\/bakirci.com\/ekipman\/#website\",\"url\":\"https:\/\/bakirci.com\/ekipman\/\",\"name\":\"Bak\\u0131rc\\u0131 Garagineering\",\"description\":\"Otomotiv sekt\\u00f6r\\u00fcne \\u00f6zel, \\u201c\\u00dcretici Standard\\u0131nda\\u201d \\u00e7\\u00f6z\\u00fcmler\\u2026\",\"publisher\":{\"@id\":\"https:\/\/bakirci.com\/ekipman\/#organization\"},\"potentialAction\":[{\"@type\":\"SearchAction\",\"target\":{\"@type\":\"EntryPoint\",\"urlTemplate\":\"https:\/\/bakirci.com\/ekipman\/?s={search_term_string}\"},\"query-input\":\"required name=search_term_string\"}],\"inLanguage\":\"tr\"},{\"@type\":\"ImageObject\",\"@id\":\"https:\/\/bakirci.com\/ekipman\/servis-ekipmanlari\/mekanik\/fren-ve-yakit-ekipmanlari\/fren-bakim-cihazlari\/fren-hidroligi-test-cihazibosch-born-in-germanybft-100dot3-dot4-ve-dot5-1-sivilarina-uygun\/#primaryimage\",\"inLanguage\":\"tr\",\"url\":\"https:\/\/bakirci.com\/ekipman\/wp-content\/uploads\/2021\/06\/BFT-100.png\",\"contentUrl\":\"https:\/\/bakirci.com\/ekipman\/wp-content\/uploads\/2021\/06\/BFT-100.png\",\"width\":1200,\"height\":1200},{\"@type\":\"WebPage\",\"@id\":\"https:\/\/bakirci.com\/ekipman\/servis-ekipmanlari\/mekanik\/fren-ve-yakit-ekipmanlari\/fren-bakim-cihazlari\/fren-hidroligi-test-cihazibosch-born-in-germanybft-100dot3-dot4-ve-dot5-1-sivilarina-uygun\/#webpage\",\"url\":\"https:\/\/bakirci.com\/ekipman\/servis-ekipmanlari\/mekanik\/fren-ve-yakit-ekipmanlari\/fren-bakim-cihazlari\/fren-hidroligi-test-cihazibosch-born-in-germanybft-100dot3-dot4-ve-dot5-1-sivilarina-uygun\/\",\"name\":\"Fren Hidroli\\u011fi Test Cihaz\\u0131 BOSCH (Born in GERMANY) BFT-100 DOT3, DOT4 ve DOT5.1 s\\u0131v\\u0131lar\\u0131na uygun - Bak\\u0131rc\\u0131 Garagineering\",\"isPartOf\":{\"@id\":\"https:\/\/bakirci.com\/ekipman\/#website\"},\"primaryImageOfPage\":{\"@id\":\"https:\/\/bakirci.com\/ekipman\/servis-ekipmanlari\/mekanik\/fren-ve-yakit-ekipmanlari\/fren-bakim-cihazlari\/fren-hidroligi-test-cihazibosch-born-in-germanybft-100dot3-dot4-ve-dot5-1-sivilarina-uygun\/#primaryimage\"},\"datePublished\":\"2021-01-02T15:40:42+00:00\",\"dateModified\":\"2021-09-01T18:24:12+00:00\",\"breadcrumb\":{\"@id\":\"https:\/\/bakirci.com\/ekipman\/servis-ekipmanlari\/mekanik\/fren-ve-yakit-ekipmanlari\/fren-bakim-cihazlari\/fren-hidroligi-test-cihazibosch-born-in-germanybft-100dot3-dot4-ve-dot5-1-sivilarina-uygun\/#breadcrumb\"},\"inLanguage\":\"tr\",\"potentialAction\":[{\"@type\":\"ReadAction\",\"target\":[\"https:\/\/bakirci.com\/ekipman\/servis-ekipmanlari\/mekanik\/fren-ve-yakit-ekipmanlari\/fren-bakim-cihazlari\/fren-hidroligi-test-cihazibosch-born-in-germanybft-100dot3-dot4-ve-dot5-1-sivilarina-uygun\/\"]}]},{\"@type\":\"BreadcrumbList\",\"@id\":\"https:\/\/bakirci.com\/ekipman\/servis-ekipmanlari\/mekanik\/fren-ve-yakit-ekipmanlari\/fren-bakim-cihazlari\/fren-hidroligi-test-cihazibosch-born-in-germanybft-100dot3-dot4-ve-dot5-1-sivilarina-uygun\/#breadcrumb\",\"itemListElement\":[{\"@type\":\"ListItem\",\"position\":1,\"name\":\"Ekipman\",\"item\":\"https:\/\/bakirci.com\/ekipman\/\"},{\"@type\":\"ListItem\",\"position\":2,\"name\":\"Otomotiv Tesisleri \\u0130\\u00e7in Servis Ekipmanlar\\u0131\",\"item\":\"https:\/\/bakirci.com\/ekipman\/\"},{\"@type\":\"ListItem\",\"position\":3,\"name\":\"Fren Hidroli\\u011fi Test Cihaz\\u0131BOSCH (Born in GERMANY)BFT-100DOT3, DOT4 ve DOT5.1 s\\u0131v\\u0131lar\\u0131na uygun\"}]}]}<\/script>\n<!-- \/ Yoast SEO plugin. -->","yoast_head_json":{"title":"Fren Hidroli\u011fi Test Cihaz\u0131BOSCH (Born in GERMANY)BFT-100DOT3, DOT4 ve DOT5.1 s\u0131v\u0131lar\u0131na uygun - Bak\u0131rc\u0131 Garagineering","robots":{"index":"index","follow":"follow","max-snippet":"max-snippet:-1","max-image-preview":"max-image-preview:large","max-video-preview":"max-video-preview:-1"},"canonical":"https:\/\/bakirci.com\/ekipman\/servis-ekipmanlari\/mekanik\/fren-ve-yakit-ekipmanlari\/fren-bakim-cihazlari\/fren-hidroligi-test-cihazibosch-born-in-germanybft-100dot3-dot4-ve-dot5-1-sivilarina-uygun\/","og_locale":"tr_TR","og_type":"article","og_title":"Fren Hidroli\u011fi Test Cihaz\u0131BOSCH (Born in GERMANY)BFT-100DOT3, DOT4 ve DOT5.1 s\u0131v\u0131lar\u0131na uygun - Bak\u0131rc\u0131 Garagineering","og_description":"Fren Hidroli\u011fi Test Cihaz\u0131 - BFT-100  Fren hidrolik s\u0131v\u0131s\u0131n\u0131 kaynatarak, kaynama noktas\u0131 testi  DOT3, DOT4 ve DOT5.1 s\u0131v\u0131lar\u0131na uygun  Farkl\u0131 markalardaki t\u00fcm ara\u00e7lar\u0131 test edebilme  Y\u00f6nlendirme ekran\u0131 sayesinde h\u0131zl\u0131 test  Ters kutup korumas\u0131  \u00c7al\u0131\u015fma voltaj\u0131 12V","og_url":"https:\/\/bakirci.com\/ekipman\/servis-ekipmanlari\/mekanik\/fren-ve-yakit-ekipmanlari\/fren-bakim-cihazlari\/fren-hidroligi-test-cihazibosch-born-in-germanybft-100dot3-dot4-ve-dot5-1-sivilarina-uygun\/","og_site_name":"Bak\u0131rc\u0131 Garagineering","article_publisher":"https:\/\/www.facebook.com\/bakirci.garagineering","article_modified_time":"2021-09-01T18:24:12+00:00","og_image":[{"width":1200,"height":1200,"url":"https:\/\/bakirci.com\/ekipman\/wp-content\/uploads\/2021\/06\/BFT-100.png","path":"\/home\/bakirciwebsitesi\/public_html\/ekipman\/wp-content\/uploads\/2021\/06\/BFT-100.png","size":"full","id":4446,"alt":"","pixels":1440000,"type":"image\/png"}],"twitter_card":"summary_large_image","twitter_misc":{"Tahmini okuma s\u00fcresi":"1 dakika"},"schema":{"@context":"https:\/\/schema.org","@graph":[{"@type":"Organization","@id":"https:\/\/bakirci.com\/ekipman\/#organization","name":"Bak\u0131rc\u0131 garagineering","url":"https:\/\/bakirci.com\/ekipman\/","sameAs":["https:\/\/www.facebook.com\/bakirci.garagineering","https:\/\/www.instagram.com\/bakirci.garagineering\/","https:\/\/www.linkedin.com\/company\/bakirci-garagineering\/","https:\/\/www.youtube.com\/channel\/UCiVG6s_jALJ6Zk8085XiOQg"],"logo":{"@type":"ImageObject","@id":"https:\/\/bakirci.com\/ekipman\/#logo","inLanguage":"tr","url":"https:\/\/bakirci.com\/ekipman\/wp-content\/uploads\/2021\/09\/Bakirci-logo-lacivert.png","contentUrl":"https:\/\/bakirci.com\/ekipman\/wp-content\/uploads\/2021\/09\/Bakirci-logo-lacivert.png","width":501,"height":501,"caption":"Bak\u0131rc\u0131 garagineering"},"image":{"@id":"https:\/\/bakirci.com\/ekipman\/#logo"}},{"@type":"WebSite","@id":"https:\/\/bakirci.com\/ekipman\/#website","url":"https:\/\/bakirci.com\/ekipman\/","name":"Bak\u0131rc\u0131 Garagineering","description":"Otomotiv sekt\u00f6r\u00fcne \u00f6zel, \u201c\u00dcretici Standard\u0131nda\u201d \u00e7\u00f6z\u00fcmler\u2026","publisher":{"@id":"https:\/\/bakirci.com\/ekipman\/#organization"},"potentialAction":[{"@type":"SearchAction","target":{"@type":"EntryPoint","urlTemplate":"https:\/\/bakirci.com\/ekipman\/?s={search_term_string}"},"query-input":"required name=search_term_string"}],"inLanguage":"tr"},{"@type":"ImageObject","@id":"https:\/\/bakirci.com\/ekipman\/servis-ekipmanlari\/mekanik\/fren-ve-yakit-ekipmanlari\/fren-bakim-cihazlari\/fren-hidroligi-test-cihazibosch-born-in-germanybft-100dot3-dot4-ve-dot5-1-sivilarina-uygun\/#primaryimage","inLanguage":"tr","url":"https:\/\/bakirci.com\/ekipman\/wp-content\/uploads\/2021\/06\/BFT-100.png","contentUrl":"https:\/\/bakirci.com\/ekipman\/wp-content\/uploads\/2021\/06\/BFT-100.png","width":1200,"height":1200},{"@type":"WebPage","@id":"https:\/\/bakirci.com\/ekipman\/servis-ekipmanlari\/mekanik\/fren-ve-yakit-ekipmanlari\/fren-bakim-cihazlari\/fren-hidroligi-test-cihazibosch-born-in-germanybft-100dot3-dot4-ve-dot5-1-sivilarina-uygun\/#webpage","url":"https:\/\/bakirci.com\/ekipman\/servis-ekipmanlari\/mekanik\/fren-ve-yakit-ekipmanlari\/fren-bakim-cihazlari\/fren-hidroligi-test-cihazibosch-born-in-germanybft-100dot3-dot4-ve-dot5-1-sivilarina-uygun\/","name":"Fren Hidroli\u011fi Test Cihaz\u0131 BOSCH (Born in GERMANY) BFT-100 DOT3, DOT4 ve DOT5.1 s\u0131v\u0131lar\u0131na uygun - Bak\u0131rc\u0131 Garagineering","isPartOf":{"@id":"https:\/\/bakirci.com\/ekipman\/#website"},"primaryImageOfPage":{"@id":"https:\/\/bakirci.com\/ekipman\/servis-ekipmanlari\/mekanik\/fren-ve-yakit-ekipmanlari\/fren-bakim-cihazlari\/fren-hidroligi-test-cihazibosch-born-in-germanybft-100dot3-dot4-ve-dot5-1-sivilarina-uygun\/#primaryimage"},"datePublished":"2021-01-02T15:40:42+00:00","dateModified":"2021-09-01T18:24:12+00:00","breadcrumb":{"@id":"https:\/\/bakirci.com\/ekipman\/servis-ekipmanlari\/mekanik\/fren-ve-yakit-ekipmanlari\/fren-bakim-cihazlari\/fren-hidroligi-test-cihazibosch-born-in-germanybft-100dot3-dot4-ve-dot5-1-sivilarina-uygun\/#breadcrumb"},"inLanguage":"tr","potentialAction":[{"@type":"ReadAction","target":["https:\/\/bakirci.com\/ekipman\/servis-ekipmanlari\/mekanik\/fren-ve-yakit-ekipmanlari\/fren-bakim-cihazlari\/fren-hidroligi-test-cihazibosch-born-in-germanybft-100dot3-dot4-ve-dot5-1-sivilarina-uygun\/"]}]},{"@type":"BreadcrumbList","@id":"https:\/\/bakirci.com\/ekipman\/servis-ekipmanlari\/mekanik\/fren-ve-yakit-ekipmanlari\/fren-bakim-cihazlari\/fren-hidroligi-test-cihazibosch-born-in-germanybft-100dot3-dot4-ve-dot5-1-sivilarina-uygun\/#breadcrumb","itemListElement":[{"@type":"ListItem","position":1,"name":"Ekipman","item":"https:\/\/bakirci.com\/ekipman\/"},{"@type":"ListItem","position":2,"name":"Otomotiv Tesisleri \u0130\u00e7in Servis Ekipmanlar\u0131","item":"https:\/\/bakirci.com\/ekipman\/"},{"@type":"ListItem","position":3,"name":"Fren Hidroli\u011fi Test Cihaz\u0131BOSCH (Born in GERMANY)BFT-100DOT3, DOT4 ve DOT5.1 s\u0131v\u0131lar\u0131na uygun"}]}]}},"_links":{"self":[{"href":"https:\/\/bakirci.com\/ekipman\/wp-json\/wp\/v2\/product\/4445","targetHints":{"allow":["GET"]}}],"collection":[{"href":"https:\/\/bakirci.com\/ekipman\/wp-json\/wp\/v2\/product"}],"about":[{"href":"https:\/\/bakirci.com\/ekipman\/wp-json\/wp\/v2\/types\/product"}],"replies":[{"embeddable":true,"href":"https:\/\/bakirci.com\/ekipman\/wp-json\/wp\/v2\/comments?post=4445"}],"wp:featuredmedia":[{"embeddable":true,"href":"https:\/\/bakirci.com\/ekipman\/wp-json\/wp\/v2\/media\/4446"}],"wp:attachment":[{"href":"https:\/\/bakirci.com\/ekipman\/wp-json\/wp\/v2\/media?parent=4445"}],"wp:term":[{"taxonomy":"product_cat","embeddable":true,"href":"https:\/\/bakirci.com\/ekipman\/wp-json\/wp\/v2\/product_cat?post=4445"},{"taxonomy":"product_tag","embeddable":true,"href":"https:\/\/bakirci.com\/ekipman\/wp-json\/wp\/v2\/product_tag?post=4445"}],"curies":[{"name":"wp","href":"https:\/\/api.w.org\/{rel}","templated":true}]}}