{"id":4437,"date":"2021-01-02T16:05:33","date_gmt":"2021-01-02T16:05:33","guid":{"rendered":"https:\/\/j6l.65c.myftpupload.com\/?post_type=product&#038;p=4437"},"modified":"2021-10-21T10:25:52","modified_gmt":"2021-10-21T10:25:52","slug":"aku-test-cihazibosch-born-in-germanybat-645sarj-akimi-12v-45a","status":"publish","type":"product","link":"https:\/\/bakirci.com\/ekipman\/servis-ekipmanlari\/mekanik\/aku-bakim-cihazlari\/aku-test-cihazibosch-born-in-germanybat-645sarj-akimi-12v-45a\/","title":{"rendered":"<p class=\"ustmetin\">Ak\u00fc \u015earj Cihaz\u0131<\/p><p class=\"ortametin\">BOSCH <span class=\"ortametin2\">(Born in GERMANY)<\/span><\/p><p class=\"altmetin\">BAT 645<br>\u015earj ak\u0131m\u0131 12V\/45A<\/p>"},"content":{"rendered":"<ul>\n<li>Ak\u00fc \u015earj Cihaz\u0131 &#8211; BAT 645<\/li>\n<li>Mikroi\u015flemci kontrol\u00fc sayesinde standart, jel tipi ve AGM ak\u00fcler i\u00e7in \u015farj imkan\u0131<\/li>\n<li>S\u00fcrekli ayarlanabilen \u015farj ak\u0131m\u0131<\/li>\n<li>Backup mode \u2013 ak\u00fc de\u011fi\u015fim imkan\u0131<\/li>\n<li>A\u015f\u0131r\u0131 \u015farj koruma \u00f6zelli\u011fi<\/li>\n<li>A\u015f\u0131r\u0131 de\u015farj olmu\u015f ak\u00fcler i\u00e7in koruyucu \u015farj etme<\/li>\n<li>Ters ba\u011flant\u0131 koruma \u00f6zelli\u011fi<\/li>\n<li>\u015earj ak\u0131m\u0131 12V\/45A &#8211; 24V\/22,5A, \u015farj kablosu 3 mt<\/li>\n<\/ul>\n","protected":false},"excerpt":{"rendered":"<ul>\n<li>Ak\u00fc \u015earj Cihaz\u0131 &#8211; BAT 645<\/li>\n<li>Mikroi\u015flemci kontrol\u00fc sayesinde standart, jel tipi ve AGM ak\u00fcler i\u00e7in \u015farj imkan\u0131<\/li>\n<li>S\u00fcrekli ayarlanabilen \u015farj ak\u0131m\u0131<\/li>\n<li>Backup mode \u2013 ak\u00fc de\u011fi\u015fim imkan\u0131<\/li>\n<li>A\u015f\u0131r\u0131 \u015farj koruma \u00f6zelli\u011fi<\/li>\n<li>A\u015f\u0131r\u0131 de\u015farj olmu\u015f ak\u00fcler i\u00e7in koruyucu \u015farj etme<\/li>\n<li>Ters ba\u011flant\u0131 koruma \u00f6zelli\u011fi<\/li>\n<li>\u015earj ak\u0131m\u0131 12V\/45A &#8211; 24V\/22,5A, \u015farj kablosu 3 mt<\/li>\n<\/ul>\n","protected":false},"featured_media":4438,"comment_status":"closed","ping_status":"closed","template":"","meta":[],"product_cat":[142],"product_tag":[604,606,605,598,599,603,600,344,602,601],"class_list":["post-4437","product","type-product","status-publish","has-post-thumbnail","hentry","pwb-brand-bosch","product_cat-aku-bakim-cihazlari","product_tag-aku-analiz","product_tag-aku-bakim","product_tag-aku-kontrol","product_tag-aku-sarz-cihazi","product_tag-aku-takviye","product_tag-batarya-test","product_tag-booster","product_tag-bosch","product_tag-redresor","product_tag-soklama"],"brands":[{"id":374,"name":"BOSCH","slug":"bosch"}],"yoast_head":"<!-- This site is optimized with the Yoast SEO plugin v17.1 - https:\/\/yoast.com\/wordpress\/plugins\/seo\/ -->\n<title>Ak\u00fc \u015earj Cihaz\u0131BOSCH (Born in GERMANY)BAT 645\u015earj ak\u0131m\u0131 12V\/45A - Bak\u0131rc\u0131 Garagineering<\/title>\n<meta name=\"robots\" content=\"index, follow, max-snippet:-1, max-image-preview:large, max-video-preview:-1\" \/>\n<link rel=\"canonical\" href=\"https:\/\/bakirci.com\/ekipman\/servis-ekipmanlari\/mekanik\/aku-bakim-cihazlari\/aku-test-cihazibosch-born-in-germanybat-645sarj-akimi-12v-45a\/\" \/>\n<meta property=\"og:locale\" content=\"tr_TR\" \/>\n<meta property=\"og:type\" content=\"article\" \/>\n<meta property=\"og:title\" content=\"Ak\u00fc \u015earj Cihaz\u0131BOSCH (Born in GERMANY)BAT 645\u015earj ak\u0131m\u0131 12V\/45A - Bak\u0131rc\u0131 Garagineering\" \/>\n<meta property=\"og:description\" content=\"Ak\u00fc \u015earj Cihaz\u0131 - BAT 645  Mikroi\u015flemci kontrol\u00fc sayesinde standart, jel tipi ve AGM ak\u00fcler i\u00e7in \u015farj imkan\u0131  S\u00fcrekli ayarlanabilen \u015farj ak\u0131m\u0131  Backup mode \u2013 ak\u00fc de\u011fi\u015fim imkan\u0131  A\u015f\u0131r\u0131 \u015farj koruma \u00f6zelli\u011fi  A\u015f\u0131r\u0131 de\u015farj olmu\u015f ak\u00fcler i\u00e7in koruyucu \u015farj etme  Ters ba\u011flant\u0131 koruma \u00f6zelli\u011fi  \u015earj ak\u0131m\u0131 12V\/45A - 24V\/22,5A, \u015farj kablosu 3 mt\" \/>\n<meta property=\"og:url\" content=\"https:\/\/bakirci.com\/ekipman\/servis-ekipmanlari\/mekanik\/aku-bakim-cihazlari\/aku-test-cihazibosch-born-in-germanybat-645sarj-akimi-12v-45a\/\" \/>\n<meta property=\"og:site_name\" content=\"Bak\u0131rc\u0131 Garagineering\" \/>\n<meta property=\"article:publisher\" content=\"https:\/\/www.facebook.com\/bakirci.garagineering\" \/>\n<meta property=\"article:modified_time\" content=\"2021-10-21T10:25:52+00:00\" \/>\n<meta property=\"og:image\" content=\"https:\/\/bakirci.com\/ekipman\/wp-content\/uploads\/2021\/06\/BAT-645.png\" \/>\n\t<meta property=\"og:image:width\" content=\"1200\" \/>\n\t<meta property=\"og:image:height\" content=\"1200\" \/>\n<meta name=\"twitter:card\" content=\"summary_large_image\" \/>\n<meta name=\"twitter:label1\" content=\"Tahmini okuma s\u00fcresi\" \/>\n\t<meta name=\"twitter:data1\" content=\"1 dakika\" \/>\n<script type=\"application\/ld+json\" class=\"yoast-schema-graph\">{\"@context\":\"https:\/\/schema.org\",\"@graph\":[{\"@type\":\"Organization\",\"@id\":\"https:\/\/bakirci.com\/ekipman\/#organization\",\"name\":\"Bak\\u0131rc\\u0131 garagineering\",\"url\":\"https:\/\/bakirci.com\/ekipman\/\",\"sameAs\":[\"https:\/\/www.facebook.com\/bakirci.garagineering\",\"https:\/\/www.instagram.com\/bakirci.garagineering\/\",\"https:\/\/www.linkedin.com\/company\/bakirci-garagineering\/\",\"https:\/\/www.youtube.com\/channel\/UCiVG6s_jALJ6Zk8085XiOQg\"],\"logo\":{\"@type\":\"ImageObject\",\"@id\":\"https:\/\/bakirci.com\/ekipman\/#logo\",\"inLanguage\":\"tr\",\"url\":\"https:\/\/bakirci.com\/ekipman\/wp-content\/uploads\/2021\/09\/Bakirci-logo-lacivert.png\",\"contentUrl\":\"https:\/\/bakirci.com\/ekipman\/wp-content\/uploads\/2021\/09\/Bakirci-logo-lacivert.png\",\"width\":501,\"height\":501,\"caption\":\"Bak\\u0131rc\\u0131 garagineering\"},\"image\":{\"@id\":\"https:\/\/bakirci.com\/ekipman\/#logo\"}},{\"@type\":\"WebSite\",\"@id\":\"https:\/\/bakirci.com\/ekipman\/#website\",\"url\":\"https:\/\/bakirci.com\/ekipman\/\",\"name\":\"Bak\\u0131rc\\u0131 Garagineering\",\"description\":\"Otomotiv sekt\\u00f6r\\u00fcne \\u00f6zel, \\u201c\\u00dcretici Standard\\u0131nda\\u201d \\u00e7\\u00f6z\\u00fcmler\\u2026\",\"publisher\":{\"@id\":\"https:\/\/bakirci.com\/ekipman\/#organization\"},\"potentialAction\":[{\"@type\":\"SearchAction\",\"target\":{\"@type\":\"EntryPoint\",\"urlTemplate\":\"https:\/\/bakirci.com\/ekipman\/?s={search_term_string}\"},\"query-input\":\"required name=search_term_string\"}],\"inLanguage\":\"tr\"},{\"@type\":\"ImageObject\",\"@id\":\"https:\/\/bakirci.com\/ekipman\/servis-ekipmanlari\/mekanik\/aku-bakim-cihazlari\/aku-test-cihazibosch-born-in-germanybat-645sarj-akimi-12v-45a\/#primaryimage\",\"inLanguage\":\"tr\",\"url\":\"https:\/\/bakirci.com\/ekipman\/wp-content\/uploads\/2021\/06\/BAT-645.png\",\"contentUrl\":\"https:\/\/bakirci.com\/ekipman\/wp-content\/uploads\/2021\/06\/BAT-645.png\",\"width\":1200,\"height\":1200},{\"@type\":\"WebPage\",\"@id\":\"https:\/\/bakirci.com\/ekipman\/servis-ekipmanlari\/mekanik\/aku-bakim-cihazlari\/aku-test-cihazibosch-born-in-germanybat-645sarj-akimi-12v-45a\/#webpage\",\"url\":\"https:\/\/bakirci.com\/ekipman\/servis-ekipmanlari\/mekanik\/aku-bakim-cihazlari\/aku-test-cihazibosch-born-in-germanybat-645sarj-akimi-12v-45a\/\",\"name\":\"Ak\\u00fc \\u015earj Cihaz\\u0131 BOSCH (Born in GERMANY) BAT 645 \\u015earj ak\\u0131m\\u0131 12V\/45A - Bak\\u0131rc\\u0131 Garagineering\",\"isPartOf\":{\"@id\":\"https:\/\/bakirci.com\/ekipman\/#website\"},\"primaryImageOfPage\":{\"@id\":\"https:\/\/bakirci.com\/ekipman\/servis-ekipmanlari\/mekanik\/aku-bakim-cihazlari\/aku-test-cihazibosch-born-in-germanybat-645sarj-akimi-12v-45a\/#primaryimage\"},\"datePublished\":\"2021-01-02T16:05:33+00:00\",\"dateModified\":\"2021-10-21T10:25:52+00:00\",\"breadcrumb\":{\"@id\":\"https:\/\/bakirci.com\/ekipman\/servis-ekipmanlari\/mekanik\/aku-bakim-cihazlari\/aku-test-cihazibosch-born-in-germanybat-645sarj-akimi-12v-45a\/#breadcrumb\"},\"inLanguage\":\"tr\",\"potentialAction\":[{\"@type\":\"ReadAction\",\"target\":[\"https:\/\/bakirci.com\/ekipman\/servis-ekipmanlari\/mekanik\/aku-bakim-cihazlari\/aku-test-cihazibosch-born-in-germanybat-645sarj-akimi-12v-45a\/\"]}]},{\"@type\":\"BreadcrumbList\",\"@id\":\"https:\/\/bakirci.com\/ekipman\/servis-ekipmanlari\/mekanik\/aku-bakim-cihazlari\/aku-test-cihazibosch-born-in-germanybat-645sarj-akimi-12v-45a\/#breadcrumb\",\"itemListElement\":[{\"@type\":\"ListItem\",\"position\":1,\"name\":\"Ekipman\",\"item\":\"https:\/\/bakirci.com\/ekipman\/\"},{\"@type\":\"ListItem\",\"position\":2,\"name\":\"Otomotiv Tesisleri \\u0130\\u00e7in Servis Ekipmanlar\\u0131\",\"item\":\"https:\/\/bakirci.com\/ekipman\/\"},{\"@type\":\"ListItem\",\"position\":3,\"name\":\"Ak\\u00fc \\u015earj Cihaz\\u0131BOSCH (Born in GERMANY)BAT 645\\u015earj ak\\u0131m\\u0131 12V\/45A\"}]}]}<\/script>\n<!-- \/ Yoast SEO plugin. -->","yoast_head_json":{"title":"Ak\u00fc \u015earj Cihaz\u0131BOSCH (Born in GERMANY)BAT 645\u015earj ak\u0131m\u0131 12V\/45A - Bak\u0131rc\u0131 Garagineering","robots":{"index":"index","follow":"follow","max-snippet":"max-snippet:-1","max-image-preview":"max-image-preview:large","max-video-preview":"max-video-preview:-1"},"canonical":"https:\/\/bakirci.com\/ekipman\/servis-ekipmanlari\/mekanik\/aku-bakim-cihazlari\/aku-test-cihazibosch-born-in-germanybat-645sarj-akimi-12v-45a\/","og_locale":"tr_TR","og_type":"article","og_title":"Ak\u00fc \u015earj Cihaz\u0131BOSCH (Born in GERMANY)BAT 645\u015earj ak\u0131m\u0131 12V\/45A - Bak\u0131rc\u0131 Garagineering","og_description":"Ak\u00fc \u015earj Cihaz\u0131 - BAT 645  Mikroi\u015flemci kontrol\u00fc sayesinde standart, jel tipi ve AGM ak\u00fcler i\u00e7in \u015farj imkan\u0131  S\u00fcrekli ayarlanabilen \u015farj ak\u0131m\u0131  Backup mode \u2013 ak\u00fc de\u011fi\u015fim imkan\u0131  A\u015f\u0131r\u0131 \u015farj koruma \u00f6zelli\u011fi  A\u015f\u0131r\u0131 de\u015farj olmu\u015f ak\u00fcler i\u00e7in koruyucu \u015farj etme  Ters ba\u011flant\u0131 koruma \u00f6zelli\u011fi  \u015earj ak\u0131m\u0131 12V\/45A - 24V\/22,5A, \u015farj kablosu 3 mt","og_url":"https:\/\/bakirci.com\/ekipman\/servis-ekipmanlari\/mekanik\/aku-bakim-cihazlari\/aku-test-cihazibosch-born-in-germanybat-645sarj-akimi-12v-45a\/","og_site_name":"Bak\u0131rc\u0131 Garagineering","article_publisher":"https:\/\/www.facebook.com\/bakirci.garagineering","article_modified_time":"2021-10-21T10:25:52+00:00","og_image":[{"width":1200,"height":1200,"url":"https:\/\/bakirci.com\/ekipman\/wp-content\/uploads\/2021\/06\/BAT-645.png","path":"\/home\/bakirciwebsitesi\/public_html\/ekipman\/wp-content\/uploads\/2021\/06\/BAT-645.png","size":"full","id":4438,"alt":"","pixels":1440000,"type":"image\/png"}],"twitter_card":"summary_large_image","twitter_misc":{"Tahmini okuma s\u00fcresi":"1 dakika"},"schema":{"@context":"https:\/\/schema.org","@graph":[{"@type":"Organization","@id":"https:\/\/bakirci.com\/ekipman\/#organization","name":"Bak\u0131rc\u0131 garagineering","url":"https:\/\/bakirci.com\/ekipman\/","sameAs":["https:\/\/www.facebook.com\/bakirci.garagineering","https:\/\/www.instagram.com\/bakirci.garagineering\/","https:\/\/www.linkedin.com\/company\/bakirci-garagineering\/","https:\/\/www.youtube.com\/channel\/UCiVG6s_jALJ6Zk8085XiOQg"],"logo":{"@type":"ImageObject","@id":"https:\/\/bakirci.com\/ekipman\/#logo","inLanguage":"tr","url":"https:\/\/bakirci.com\/ekipman\/wp-content\/uploads\/2021\/09\/Bakirci-logo-lacivert.png","contentUrl":"https:\/\/bakirci.com\/ekipman\/wp-content\/uploads\/2021\/09\/Bakirci-logo-lacivert.png","width":501,"height":501,"caption":"Bak\u0131rc\u0131 garagineering"},"image":{"@id":"https:\/\/bakirci.com\/ekipman\/#logo"}},{"@type":"WebSite","@id":"https:\/\/bakirci.com\/ekipman\/#website","url":"https:\/\/bakirci.com\/ekipman\/","name":"Bak\u0131rc\u0131 Garagineering","description":"Otomotiv sekt\u00f6r\u00fcne \u00f6zel, \u201c\u00dcretici Standard\u0131nda\u201d \u00e7\u00f6z\u00fcmler\u2026","publisher":{"@id":"https:\/\/bakirci.com\/ekipman\/#organization"},"potentialAction":[{"@type":"SearchAction","target":{"@type":"EntryPoint","urlTemplate":"https:\/\/bakirci.com\/ekipman\/?s={search_term_string}"},"query-input":"required name=search_term_string"}],"inLanguage":"tr"},{"@type":"ImageObject","@id":"https:\/\/bakirci.com\/ekipman\/servis-ekipmanlari\/mekanik\/aku-bakim-cihazlari\/aku-test-cihazibosch-born-in-germanybat-645sarj-akimi-12v-45a\/#primaryimage","inLanguage":"tr","url":"https:\/\/bakirci.com\/ekipman\/wp-content\/uploads\/2021\/06\/BAT-645.png","contentUrl":"https:\/\/bakirci.com\/ekipman\/wp-content\/uploads\/2021\/06\/BAT-645.png","width":1200,"height":1200},{"@type":"WebPage","@id":"https:\/\/bakirci.com\/ekipman\/servis-ekipmanlari\/mekanik\/aku-bakim-cihazlari\/aku-test-cihazibosch-born-in-germanybat-645sarj-akimi-12v-45a\/#webpage","url":"https:\/\/bakirci.com\/ekipman\/servis-ekipmanlari\/mekanik\/aku-bakim-cihazlari\/aku-test-cihazibosch-born-in-germanybat-645sarj-akimi-12v-45a\/","name":"Ak\u00fc \u015earj Cihaz\u0131 BOSCH (Born in GERMANY) BAT 645 \u015earj ak\u0131m\u0131 12V\/45A - Bak\u0131rc\u0131 Garagineering","isPartOf":{"@id":"https:\/\/bakirci.com\/ekipman\/#website"},"primaryImageOfPage":{"@id":"https:\/\/bakirci.com\/ekipman\/servis-ekipmanlari\/mekanik\/aku-bakim-cihazlari\/aku-test-cihazibosch-born-in-germanybat-645sarj-akimi-12v-45a\/#primaryimage"},"datePublished":"2021-01-02T16:05:33+00:00","dateModified":"2021-10-21T10:25:52+00:00","breadcrumb":{"@id":"https:\/\/bakirci.com\/ekipman\/servis-ekipmanlari\/mekanik\/aku-bakim-cihazlari\/aku-test-cihazibosch-born-in-germanybat-645sarj-akimi-12v-45a\/#breadcrumb"},"inLanguage":"tr","potentialAction":[{"@type":"ReadAction","target":["https:\/\/bakirci.com\/ekipman\/servis-ekipmanlari\/mekanik\/aku-bakim-cihazlari\/aku-test-cihazibosch-born-in-germanybat-645sarj-akimi-12v-45a\/"]}]},{"@type":"BreadcrumbList","@id":"https:\/\/bakirci.com\/ekipman\/servis-ekipmanlari\/mekanik\/aku-bakim-cihazlari\/aku-test-cihazibosch-born-in-germanybat-645sarj-akimi-12v-45a\/#breadcrumb","itemListElement":[{"@type":"ListItem","position":1,"name":"Ekipman","item":"https:\/\/bakirci.com\/ekipman\/"},{"@type":"ListItem","position":2,"name":"Otomotiv Tesisleri \u0130\u00e7in Servis Ekipmanlar\u0131","item":"https:\/\/bakirci.com\/ekipman\/"},{"@type":"ListItem","position":3,"name":"Ak\u00fc \u015earj Cihaz\u0131BOSCH (Born in GERMANY)BAT 645\u015earj ak\u0131m\u0131 12V\/45A"}]}]}},"_links":{"self":[{"href":"https:\/\/bakirci.com\/ekipman\/wp-json\/wp\/v2\/product\/4437","targetHints":{"allow":["GET"]}}],"collection":[{"href":"https:\/\/bakirci.com\/ekipman\/wp-json\/wp\/v2\/product"}],"about":[{"href":"https:\/\/bakirci.com\/ekipman\/wp-json\/wp\/v2\/types\/product"}],"replies":[{"embeddable":true,"href":"https:\/\/bakirci.com\/ekipman\/wp-json\/wp\/v2\/comments?post=4437"}],"wp:featuredmedia":[{"embeddable":true,"href":"https:\/\/bakirci.com\/ekipman\/wp-json\/wp\/v2\/media\/4438"}],"wp:attachment":[{"href":"https:\/\/bakirci.com\/ekipman\/wp-json\/wp\/v2\/media?parent=4437"}],"wp:term":[{"taxonomy":"product_cat","embeddable":true,"href":"https:\/\/bakirci.com\/ekipman\/wp-json\/wp\/v2\/product_cat?post=4437"},{"taxonomy":"product_tag","embeddable":true,"href":"https:\/\/bakirci.com\/ekipman\/wp-json\/wp\/v2\/product_tag?post=4437"}],"curies":[{"name":"wp","href":"https:\/\/api.w.org\/{rel}","templated":true}]}}