{"id":4429,"date":"2021-01-02T16:25:58","date_gmt":"2021-01-02T16:25:58","guid":{"rendered":"https:\/\/j6l.65c.myftpupload.com\/?post_type=product&#038;p=4429"},"modified":"2022-04-05T13:49:05","modified_gmt":"2022-04-05T13:49:05","slug":"aku-start-cihazigys-born-in-francestartpack-pro-12-24mars-kapasitesi-12-v-1300-a-24-v-1200-a-demeraj-akimi-6200-a-3100-a","status":"publish","type":"product","link":"https:\/\/bakirci.com\/ekipman\/servis-ekipmanlari\/mekanik\/aku-bakim-cihazlari\/aku-start-cihazigys-born-in-francestartpack-pro-12-24mars-kapasitesi-12-v-1300-a-24-v-1200-a-demeraj-akimi-6200-a-3100-a\/","title":{"rendered":"<p class=\"ustmetin\">Ak\u00fc Start Cihaz\u0131<\/p><p class=\"ortametin\">GYS <span class=\"ortametin2\">(Born in FRANCE)<\/span><\/p><p class=\"altmetin\">Startpack Pro 12.24 CI<br>Mar\u015f kapasitesi 12 V \/ 1300 A &#8211; 24 V \/ 1200 A, <br>demeraj ak\u0131m\u0131 6200 A \/ 3100 A<\/p>"},"content":{"rendered":"<ul>\n<li>Ak\u00fc Start Cihaz\u0131 &#8211; Startpack Pro 12.24 CI<\/li>\n<li>Motosiklet, otomobil, hafif ticari, a\u011f\u0131r ticari, i\u015f makinas\u0131 ve ak\u00fc ile \u00e7al\u0131\u015fan makinalara uygun<\/li>\n<li>Led&#8217;li \u015farj g\u00f6stergesi<\/li>\n<li>Ak\u00fcn\u00fcn \u015farj ak\u0131m\u0131n\u0131 d\u00fc\u015f\u00fck olmas\u0131 esnas\u0131nda kullan\u0131c\u0131 kontrol\u00fcnde h\u0131zl\u0131 \u015farj imkan\u0131<\/li>\n<li>Mar\u015f kapasitesi 12 V \/ 1300 A &#8211; 24 V \/ 1200 A<\/li>\n<li>Demeraj ak\u0131m\u0131 6200 A \/ 3100 A<\/li>\n<li>\u00c7al\u0131\u015fma voltaj\u0131 230 V<\/li>\n<\/ul>\n","protected":false},"excerpt":{"rendered":"<ul>\n<li>Ak\u00fc Start Cihaz\u0131 &#8211; Startpack Pro 12.24 CI<\/li>\n<li>Motosiklet, otomobil, hafif ticari, a\u011f\u0131r ticari, i\u015f makinas\u0131 ve ak\u00fc ile \u00e7al\u0131\u015fan makinalara uygun<\/li>\n<li>Led&#8217;li \u015farj g\u00f6stergesi<\/li>\n<li>Ak\u00fcn\u00fcn \u015farj ak\u0131m\u0131n\u0131 d\u00fc\u015f\u00fck olmas\u0131 esnas\u0131nda kullan\u0131c\u0131 kontrol\u00fcnde h\u0131zl\u0131 \u015farj imkan\u0131<\/li>\n<li>Mar\u015f kapasitesi 12 V \/ 1300 A &#8211; 24 V \/ 1200 A<\/li>\n<li>Demeraj ak\u0131m\u0131 6200 A \/ 3100 A<\/li>\n<li>\u00c7al\u0131\u015fma voltaj\u0131 230 V<\/li>\n<\/ul>\n","protected":false},"featured_media":4430,"comment_status":"closed","ping_status":"closed","template":"","meta":[],"product_cat":[142],"product_tag":[604,606,605,598,599,603,600,346,602,601],"class_list":["post-4429","product","type-product","status-publish","has-post-thumbnail","hentry","pwb-brand-gys","product_cat-aku-bakim-cihazlari","product_tag-aku-analiz","product_tag-aku-bakim","product_tag-aku-kontrol","product_tag-aku-sarz-cihazi","product_tag-aku-takviye","product_tag-batarya-test","product_tag-booster","product_tag-gys","product_tag-redresor","product_tag-soklama"],"brands":[{"id":378,"name":"GYS","slug":"gys"}],"yoast_head":"<!-- This site is optimized with the Yoast SEO plugin v17.1 - https:\/\/yoast.com\/wordpress\/plugins\/seo\/ -->\n<title>Ak\u00fc Start Cihaz\u0131GYS (Born in FRANCE)Startpack Pro 12.24 CIMar\u015f kapasitesi 12 V \/ 1300 A - 24 V \/ 1200 A, demeraj ak\u0131m\u0131 6200 A \/ 3100 A - Bak\u0131rc\u0131 Garagineering<\/title>\n<meta name=\"robots\" content=\"index, follow, max-snippet:-1, max-image-preview:large, max-video-preview:-1\" \/>\n<link rel=\"canonical\" href=\"https:\/\/bakirci.com\/ekipman\/servis-ekipmanlari\/mekanik\/aku-bakim-cihazlari\/aku-start-cihazigys-born-in-francestartpack-pro-12-24mars-kapasitesi-12-v-1300-a-24-v-1200-a-demeraj-akimi-6200-a-3100-a\/\" \/>\n<meta property=\"og:locale\" content=\"tr_TR\" \/>\n<meta property=\"og:type\" content=\"article\" \/>\n<meta property=\"og:title\" content=\"Ak\u00fc Start Cihaz\u0131GYS (Born in FRANCE)Startpack Pro 12.24 CIMar\u015f kapasitesi 12 V \/ 1300 A - 24 V \/ 1200 A, demeraj ak\u0131m\u0131 6200 A \/ 3100 A - Bak\u0131rc\u0131 Garagineering\" \/>\n<meta property=\"og:description\" content=\"Ak\u00fc Start Cihaz\u0131 - Startpack Pro 12.24 CI  Motosiklet, otomobil, hafif ticari, a\u011f\u0131r ticari, i\u015f makinas\u0131 ve ak\u00fc ile \u00e7al\u0131\u015fan makinalara uygun  Led&#039;li \u015farj g\u00f6stergesi  Ak\u00fcn\u00fcn \u015farj ak\u0131m\u0131n\u0131 d\u00fc\u015f\u00fck olmas\u0131 esnas\u0131nda kullan\u0131c\u0131 kontrol\u00fcnde h\u0131zl\u0131 \u015farj imkan\u0131  Mar\u015f kapasitesi 12 V \/ 1300 A - 24 V \/ 1200 A  Demeraj ak\u0131m\u0131 6200 A \/ 3100 A  \u00c7al\u0131\u015fma voltaj\u0131 230 V\" \/>\n<meta property=\"og:url\" content=\"https:\/\/bakirci.com\/ekipman\/servis-ekipmanlari\/mekanik\/aku-bakim-cihazlari\/aku-start-cihazigys-born-in-francestartpack-pro-12-24mars-kapasitesi-12-v-1300-a-24-v-1200-a-demeraj-akimi-6200-a-3100-a\/\" \/>\n<meta property=\"og:site_name\" content=\"Bak\u0131rc\u0131 Garagineering\" \/>\n<meta property=\"article:publisher\" content=\"https:\/\/www.facebook.com\/bakirci.garagineering\" \/>\n<meta property=\"article:modified_time\" content=\"2022-04-05T13:49:05+00:00\" \/>\n<meta property=\"og:image\" content=\"https:\/\/bakirci.com\/ekipman\/wp-content\/uploads\/2021\/06\/Startpack-Pro-12.24.png\" \/>\n\t<meta property=\"og:image:width\" content=\"1200\" \/>\n\t<meta property=\"og:image:height\" content=\"1200\" \/>\n<meta name=\"twitter:card\" content=\"summary_large_image\" \/>\n<meta name=\"twitter:label1\" content=\"Tahmini okuma s\u00fcresi\" \/>\n\t<meta name=\"twitter:data1\" content=\"1 dakika\" \/>\n<script type=\"application\/ld+json\" class=\"yoast-schema-graph\">{\"@context\":\"https:\/\/schema.org\",\"@graph\":[{\"@type\":\"Organization\",\"@id\":\"https:\/\/bakirci.com\/ekipman\/#organization\",\"name\":\"Bak\\u0131rc\\u0131 garagineering\",\"url\":\"https:\/\/bakirci.com\/ekipman\/\",\"sameAs\":[\"https:\/\/www.facebook.com\/bakirci.garagineering\",\"https:\/\/www.instagram.com\/bakirci.garagineering\/\",\"https:\/\/www.linkedin.com\/company\/bakirci-garagineering\/\",\"https:\/\/www.youtube.com\/channel\/UCiVG6s_jALJ6Zk8085XiOQg\"],\"logo\":{\"@type\":\"ImageObject\",\"@id\":\"https:\/\/bakirci.com\/ekipman\/#logo\",\"inLanguage\":\"tr\",\"url\":\"https:\/\/bakirci.com\/ekipman\/wp-content\/uploads\/2021\/09\/Bakirci-logo-lacivert.png\",\"contentUrl\":\"https:\/\/bakirci.com\/ekipman\/wp-content\/uploads\/2021\/09\/Bakirci-logo-lacivert.png\",\"width\":501,\"height\":501,\"caption\":\"Bak\\u0131rc\\u0131 garagineering\"},\"image\":{\"@id\":\"https:\/\/bakirci.com\/ekipman\/#logo\"}},{\"@type\":\"WebSite\",\"@id\":\"https:\/\/bakirci.com\/ekipman\/#website\",\"url\":\"https:\/\/bakirci.com\/ekipman\/\",\"name\":\"Bak\\u0131rc\\u0131 Garagineering\",\"description\":\"Otomotiv sekt\\u00f6r\\u00fcne \\u00f6zel, \\u201c\\u00dcretici Standard\\u0131nda\\u201d \\u00e7\\u00f6z\\u00fcmler\\u2026\",\"publisher\":{\"@id\":\"https:\/\/bakirci.com\/ekipman\/#organization\"},\"potentialAction\":[{\"@type\":\"SearchAction\",\"target\":{\"@type\":\"EntryPoint\",\"urlTemplate\":\"https:\/\/bakirci.com\/ekipman\/?s={search_term_string}\"},\"query-input\":\"required name=search_term_string\"}],\"inLanguage\":\"tr\"},{\"@type\":\"ImageObject\",\"@id\":\"https:\/\/bakirci.com\/ekipman\/servis-ekipmanlari\/mekanik\/aku-bakim-cihazlari\/aku-start-cihazigys-born-in-francestartpack-pro-12-24mars-kapasitesi-12-v-1300-a-24-v-1200-a-demeraj-akimi-6200-a-3100-a\/#primaryimage\",\"inLanguage\":\"tr\",\"url\":\"https:\/\/bakirci.com\/ekipman\/wp-content\/uploads\/2021\/06\/Startpack-Pro-12.24.png\",\"contentUrl\":\"https:\/\/bakirci.com\/ekipman\/wp-content\/uploads\/2021\/06\/Startpack-Pro-12.24.png\",\"width\":1200,\"height\":1200},{\"@type\":\"WebPage\",\"@id\":\"https:\/\/bakirci.com\/ekipman\/servis-ekipmanlari\/mekanik\/aku-bakim-cihazlari\/aku-start-cihazigys-born-in-francestartpack-pro-12-24mars-kapasitesi-12-v-1300-a-24-v-1200-a-demeraj-akimi-6200-a-3100-a\/#webpage\",\"url\":\"https:\/\/bakirci.com\/ekipman\/servis-ekipmanlari\/mekanik\/aku-bakim-cihazlari\/aku-start-cihazigys-born-in-francestartpack-pro-12-24mars-kapasitesi-12-v-1300-a-24-v-1200-a-demeraj-akimi-6200-a-3100-a\/\",\"name\":\"Ak\\u00fc Start Cihaz\\u0131 GYS (Born in FRANCE) Startpack Pro 12.24 CI Mar\\u015f kapasitesi 12 V \/ 1300 A - 24 V \/ 1200 A, demeraj ak\\u0131m\\u0131 6200 A \/ 3100 A - Bak\\u0131rc\\u0131 Garagineering\",\"isPartOf\":{\"@id\":\"https:\/\/bakirci.com\/ekipman\/#website\"},\"primaryImageOfPage\":{\"@id\":\"https:\/\/bakirci.com\/ekipman\/servis-ekipmanlari\/mekanik\/aku-bakim-cihazlari\/aku-start-cihazigys-born-in-francestartpack-pro-12-24mars-kapasitesi-12-v-1300-a-24-v-1200-a-demeraj-akimi-6200-a-3100-a\/#primaryimage\"},\"datePublished\":\"2021-01-02T16:25:58+00:00\",\"dateModified\":\"2022-04-05T13:49:05+00:00\",\"breadcrumb\":{\"@id\":\"https:\/\/bakirci.com\/ekipman\/servis-ekipmanlari\/mekanik\/aku-bakim-cihazlari\/aku-start-cihazigys-born-in-francestartpack-pro-12-24mars-kapasitesi-12-v-1300-a-24-v-1200-a-demeraj-akimi-6200-a-3100-a\/#breadcrumb\"},\"inLanguage\":\"tr\",\"potentialAction\":[{\"@type\":\"ReadAction\",\"target\":[\"https:\/\/bakirci.com\/ekipman\/servis-ekipmanlari\/mekanik\/aku-bakim-cihazlari\/aku-start-cihazigys-born-in-francestartpack-pro-12-24mars-kapasitesi-12-v-1300-a-24-v-1200-a-demeraj-akimi-6200-a-3100-a\/\"]}]},{\"@type\":\"BreadcrumbList\",\"@id\":\"https:\/\/bakirci.com\/ekipman\/servis-ekipmanlari\/mekanik\/aku-bakim-cihazlari\/aku-start-cihazigys-born-in-francestartpack-pro-12-24mars-kapasitesi-12-v-1300-a-24-v-1200-a-demeraj-akimi-6200-a-3100-a\/#breadcrumb\",\"itemListElement\":[{\"@type\":\"ListItem\",\"position\":1,\"name\":\"Ekipman\",\"item\":\"https:\/\/bakirci.com\/ekipman\/\"},{\"@type\":\"ListItem\",\"position\":2,\"name\":\"Otomotiv Tesisleri \\u0130\\u00e7in Servis Ekipmanlar\\u0131\",\"item\":\"https:\/\/bakirci.com\/ekipman\/\"},{\"@type\":\"ListItem\",\"position\":3,\"name\":\"Ak\\u00fc Start Cihaz\\u0131GYS (Born in FRANCE)Startpack Pro 12.24 CIMar\\u015f kapasitesi 12 V \/ 1300 A &#8211; 24 V \/ 1200 A, demeraj ak\\u0131m\\u0131 6200 A \/ 3100 A\"}]}]}<\/script>\n<!-- \/ Yoast SEO plugin. -->","yoast_head_json":{"title":"Ak\u00fc Start Cihaz\u0131GYS (Born in FRANCE)Startpack Pro 12.24 CIMar\u015f kapasitesi 12 V \/ 1300 A - 24 V \/ 1200 A, demeraj ak\u0131m\u0131 6200 A \/ 3100 A - Bak\u0131rc\u0131 Garagineering","robots":{"index":"index","follow":"follow","max-snippet":"max-snippet:-1","max-image-preview":"max-image-preview:large","max-video-preview":"max-video-preview:-1"},"canonical":"https:\/\/bakirci.com\/ekipman\/servis-ekipmanlari\/mekanik\/aku-bakim-cihazlari\/aku-start-cihazigys-born-in-francestartpack-pro-12-24mars-kapasitesi-12-v-1300-a-24-v-1200-a-demeraj-akimi-6200-a-3100-a\/","og_locale":"tr_TR","og_type":"article","og_title":"Ak\u00fc Start Cihaz\u0131GYS (Born in FRANCE)Startpack Pro 12.24 CIMar\u015f kapasitesi 12 V \/ 1300 A - 24 V \/ 1200 A, demeraj ak\u0131m\u0131 6200 A \/ 3100 A - Bak\u0131rc\u0131 Garagineering","og_description":"Ak\u00fc Start Cihaz\u0131 - Startpack Pro 12.24 CI  Motosiklet, otomobil, hafif ticari, a\u011f\u0131r ticari, i\u015f makinas\u0131 ve ak\u00fc ile \u00e7al\u0131\u015fan makinalara uygun  Led'li \u015farj g\u00f6stergesi  Ak\u00fcn\u00fcn \u015farj ak\u0131m\u0131n\u0131 d\u00fc\u015f\u00fck olmas\u0131 esnas\u0131nda kullan\u0131c\u0131 kontrol\u00fcnde h\u0131zl\u0131 \u015farj imkan\u0131  Mar\u015f kapasitesi 12 V \/ 1300 A - 24 V \/ 1200 A  Demeraj ak\u0131m\u0131 6200 A \/ 3100 A  \u00c7al\u0131\u015fma voltaj\u0131 230 V","og_url":"https:\/\/bakirci.com\/ekipman\/servis-ekipmanlari\/mekanik\/aku-bakim-cihazlari\/aku-start-cihazigys-born-in-francestartpack-pro-12-24mars-kapasitesi-12-v-1300-a-24-v-1200-a-demeraj-akimi-6200-a-3100-a\/","og_site_name":"Bak\u0131rc\u0131 Garagineering","article_publisher":"https:\/\/www.facebook.com\/bakirci.garagineering","article_modified_time":"2022-04-05T13:49:05+00:00","og_image":[{"width":1200,"height":1200,"url":"https:\/\/bakirci.com\/ekipman\/wp-content\/uploads\/2021\/06\/Startpack-Pro-12.24.png","path":"\/home\/bakirciwebsitesi\/public_html\/ekipman\/wp-content\/uploads\/2021\/06\/Startpack-Pro-12.24.png","size":"full","id":4430,"alt":"","pixels":1440000,"type":"image\/png"}],"twitter_card":"summary_large_image","twitter_misc":{"Tahmini okuma s\u00fcresi":"1 dakika"},"schema":{"@context":"https:\/\/schema.org","@graph":[{"@type":"Organization","@id":"https:\/\/bakirci.com\/ekipman\/#organization","name":"Bak\u0131rc\u0131 garagineering","url":"https:\/\/bakirci.com\/ekipman\/","sameAs":["https:\/\/www.facebook.com\/bakirci.garagineering","https:\/\/www.instagram.com\/bakirci.garagineering\/","https:\/\/www.linkedin.com\/company\/bakirci-garagineering\/","https:\/\/www.youtube.com\/channel\/UCiVG6s_jALJ6Zk8085XiOQg"],"logo":{"@type":"ImageObject","@id":"https:\/\/bakirci.com\/ekipman\/#logo","inLanguage":"tr","url":"https:\/\/bakirci.com\/ekipman\/wp-content\/uploads\/2021\/09\/Bakirci-logo-lacivert.png","contentUrl":"https:\/\/bakirci.com\/ekipman\/wp-content\/uploads\/2021\/09\/Bakirci-logo-lacivert.png","width":501,"height":501,"caption":"Bak\u0131rc\u0131 garagineering"},"image":{"@id":"https:\/\/bakirci.com\/ekipman\/#logo"}},{"@type":"WebSite","@id":"https:\/\/bakirci.com\/ekipman\/#website","url":"https:\/\/bakirci.com\/ekipman\/","name":"Bak\u0131rc\u0131 Garagineering","description":"Otomotiv sekt\u00f6r\u00fcne \u00f6zel, \u201c\u00dcretici Standard\u0131nda\u201d \u00e7\u00f6z\u00fcmler\u2026","publisher":{"@id":"https:\/\/bakirci.com\/ekipman\/#organization"},"potentialAction":[{"@type":"SearchAction","target":{"@type":"EntryPoint","urlTemplate":"https:\/\/bakirci.com\/ekipman\/?s={search_term_string}"},"query-input":"required name=search_term_string"}],"inLanguage":"tr"},{"@type":"ImageObject","@id":"https:\/\/bakirci.com\/ekipman\/servis-ekipmanlari\/mekanik\/aku-bakim-cihazlari\/aku-start-cihazigys-born-in-francestartpack-pro-12-24mars-kapasitesi-12-v-1300-a-24-v-1200-a-demeraj-akimi-6200-a-3100-a\/#primaryimage","inLanguage":"tr","url":"https:\/\/bakirci.com\/ekipman\/wp-content\/uploads\/2021\/06\/Startpack-Pro-12.24.png","contentUrl":"https:\/\/bakirci.com\/ekipman\/wp-content\/uploads\/2021\/06\/Startpack-Pro-12.24.png","width":1200,"height":1200},{"@type":"WebPage","@id":"https:\/\/bakirci.com\/ekipman\/servis-ekipmanlari\/mekanik\/aku-bakim-cihazlari\/aku-start-cihazigys-born-in-francestartpack-pro-12-24mars-kapasitesi-12-v-1300-a-24-v-1200-a-demeraj-akimi-6200-a-3100-a\/#webpage","url":"https:\/\/bakirci.com\/ekipman\/servis-ekipmanlari\/mekanik\/aku-bakim-cihazlari\/aku-start-cihazigys-born-in-francestartpack-pro-12-24mars-kapasitesi-12-v-1300-a-24-v-1200-a-demeraj-akimi-6200-a-3100-a\/","name":"Ak\u00fc Start Cihaz\u0131 GYS (Born in FRANCE) Startpack Pro 12.24 CI Mar\u015f kapasitesi 12 V \/ 1300 A - 24 V \/ 1200 A, demeraj ak\u0131m\u0131 6200 A \/ 3100 A - Bak\u0131rc\u0131 Garagineering","isPartOf":{"@id":"https:\/\/bakirci.com\/ekipman\/#website"},"primaryImageOfPage":{"@id":"https:\/\/bakirci.com\/ekipman\/servis-ekipmanlari\/mekanik\/aku-bakim-cihazlari\/aku-start-cihazigys-born-in-francestartpack-pro-12-24mars-kapasitesi-12-v-1300-a-24-v-1200-a-demeraj-akimi-6200-a-3100-a\/#primaryimage"},"datePublished":"2021-01-02T16:25:58+00:00","dateModified":"2022-04-05T13:49:05+00:00","breadcrumb":{"@id":"https:\/\/bakirci.com\/ekipman\/servis-ekipmanlari\/mekanik\/aku-bakim-cihazlari\/aku-start-cihazigys-born-in-francestartpack-pro-12-24mars-kapasitesi-12-v-1300-a-24-v-1200-a-demeraj-akimi-6200-a-3100-a\/#breadcrumb"},"inLanguage":"tr","potentialAction":[{"@type":"ReadAction","target":["https:\/\/bakirci.com\/ekipman\/servis-ekipmanlari\/mekanik\/aku-bakim-cihazlari\/aku-start-cihazigys-born-in-francestartpack-pro-12-24mars-kapasitesi-12-v-1300-a-24-v-1200-a-demeraj-akimi-6200-a-3100-a\/"]}]},{"@type":"BreadcrumbList","@id":"https:\/\/bakirci.com\/ekipman\/servis-ekipmanlari\/mekanik\/aku-bakim-cihazlari\/aku-start-cihazigys-born-in-francestartpack-pro-12-24mars-kapasitesi-12-v-1300-a-24-v-1200-a-demeraj-akimi-6200-a-3100-a\/#breadcrumb","itemListElement":[{"@type":"ListItem","position":1,"name":"Ekipman","item":"https:\/\/bakirci.com\/ekipman\/"},{"@type":"ListItem","position":2,"name":"Otomotiv Tesisleri \u0130\u00e7in Servis Ekipmanlar\u0131","item":"https:\/\/bakirci.com\/ekipman\/"},{"@type":"ListItem","position":3,"name":"Ak\u00fc Start Cihaz\u0131GYS (Born in FRANCE)Startpack Pro 12.24 CIMar\u015f kapasitesi 12 V \/ 1300 A &#8211; 24 V \/ 1200 A, demeraj ak\u0131m\u0131 6200 A \/ 3100 A"}]}]}},"_links":{"self":[{"href":"https:\/\/bakirci.com\/ekipman\/wp-json\/wp\/v2\/product\/4429","targetHints":{"allow":["GET"]}}],"collection":[{"href":"https:\/\/bakirci.com\/ekipman\/wp-json\/wp\/v2\/product"}],"about":[{"href":"https:\/\/bakirci.com\/ekipman\/wp-json\/wp\/v2\/types\/product"}],"replies":[{"embeddable":true,"href":"https:\/\/bakirci.com\/ekipman\/wp-json\/wp\/v2\/comments?post=4429"}],"wp:featuredmedia":[{"embeddable":true,"href":"https:\/\/bakirci.com\/ekipman\/wp-json\/wp\/v2\/media\/4430"}],"wp:attachment":[{"href":"https:\/\/bakirci.com\/ekipman\/wp-json\/wp\/v2\/media?parent=4429"}],"wp:term":[{"taxonomy":"product_cat","embeddable":true,"href":"https:\/\/bakirci.com\/ekipman\/wp-json\/wp\/v2\/product_cat?post=4429"},{"taxonomy":"product_tag","embeddable":true,"href":"https:\/\/bakirci.com\/ekipman\/wp-json\/wp\/v2\/product_tag?post=4429"}],"curies":[{"name":"wp","href":"https:\/\/api.w.org\/{rel}","templated":true}]}}