{"id":4417,"date":"2021-01-02T17:00:49","date_gmt":"2021-01-02T17:00:49","guid":{"rendered":"https:\/\/j6l.65c.myftpupload.com\/?post_type=product&#038;p=4417"},"modified":"2022-02-23T12:48:03","modified_gmt":"2022-02-23T12:48:03","slug":"aku-sarj-cihazigys-born-in-francegysflash-30-24-hfsarj-voltaji-ve-akimi-6-v-12-v-24-v-30-a","status":"publish","type":"product","link":"https:\/\/bakirci.com\/ekipman\/servis-ekipmanlari\/mekanik\/aku-bakim-cihazlari\/aku-sarj-cihazigys-born-in-francegysflash-30-24-hfsarj-voltaji-ve-akimi-6-v-12-v-24-v-30-a\/","title":{"rendered":"<p class=\"ustmetin\">Ak\u00fc \u015earj Cihaz\u0131<\/p><p class=\"ortametin\">GYS <span class=\"ortametin2\">(Born in FRANCE)<\/span><\/p><p class=\"altmetin\">Gysflash 30-24 HF<br>\u015earj voltaj\u0131 ve ak\u0131m\u0131 6 V &#8211; 12 V &#8211; 24 V  \/ 30 A<\/p>"},"content":{"rendered":"<ul>\n<li>Ak\u00fc \u015earj Cihaz\u0131 &#8211; Gysflash 30-24 HF<\/li>\n<li>\u0130nvert\u00f6rl\u00fc, mikroi\u015flemcili tam otomatik h\u0131zl\u0131 \u015farj ve destekleme cihaz\u0131<\/li>\n<li>\u015earj, ak\u00fc de\u011fi\u015fim, diyagnostik, showroom ve destekleme modu<\/li>\n<li>Ara\u00e7 \u00fcst\u00fcnde ak\u00fc s\u00f6k\u00fclmeden \u015farj olana\u011f\u0131<\/li>\n<li>Voltaj piklerini \u00f6nleme, ters ba\u011flant\u0131 korumas\u0131<\/li>\n<li>\u015earj i\u015flemi s\u0131ras\u0131nda ak\u0131m, gerilim ve \u015farj s\u00fcresinin anl\u0131k g\u00f6sterimi<\/li>\n<li>Her t\u00fcrl\u00fc ak\u00fc tipi i\u00e7in ideal (s\u0131v\u0131, jel, kalsiyum vb.)<\/li>\n<li>\u015earj kapasitesi 12 V &#8211; 400 Ah \/ 24 V &#8211; 200 Ah<\/li>\n<li>\u015earj voltaj\u0131 ve ak\u0131m\u0131 6 V &#8211; 12 V &#8211; 24 V \/ 30 A<\/li>\n<li>\u00c7al\u0131\u015fma voltaj\u0131 230 V<\/li>\n<\/ul>\n","protected":false},"excerpt":{"rendered":"<ul>\n<li>Ak\u00fc \u015earj Cihaz\u0131 &#8211; Gysflash 30-24 HF<\/li>\n<li>\u0130nvert\u00f6rl\u00fc, mikroi\u015flemcili tam otomatik h\u0131zl\u0131 \u015farj ve destekleme cihaz\u0131<\/li>\n<li>\u015earj, ak\u00fc de\u011fi\u015fim, diyagnostik, showroom ve destekleme modu<\/li>\n<li>Ara\u00e7 \u00fcst\u00fcnde ak\u00fc s\u00f6k\u00fclmeden \u015farj olana\u011f\u0131<\/li>\n<li>Voltaj piklerini \u00f6nleme, ters ba\u011flant\u0131 korumas\u0131<\/li>\n<li>\u015earj i\u015flemi s\u0131ras\u0131nda ak\u0131m, gerilim ve \u015farj s\u00fcresinin anl\u0131k g\u00f6sterimi<\/li>\n<li>Her t\u00fcrl\u00fc ak\u00fc tipi i\u00e7in ideal (s\u0131v\u0131, jel, kalsiyum vb.)<\/li>\n<li>\u015earj kapasitesi 12 V &#8211; 400 Ah \/ 24 V &#8211; 200 Ah<\/li>\n<li>\u015earj voltaj\u0131 ve ak\u0131m\u0131 6 V &#8211; 12 V &#8211; 24 V \/ 30 A<\/li>\n<li>\u00c7al\u0131\u015fma voltaj\u0131 230 V<\/li>\n<\/ul>\n","protected":false},"featured_media":5833,"comment_status":"closed","ping_status":"closed","template":"","meta":[],"product_cat":[142],"product_tag":[604,606,605,598,599,603,600,346,602,601],"class_list":["post-4417","product","type-product","status-publish","has-post-thumbnail","hentry","pwb-brand-gys","product_cat-aku-bakim-cihazlari","product_tag-aku-analiz","product_tag-aku-bakim","product_tag-aku-kontrol","product_tag-aku-sarz-cihazi","product_tag-aku-takviye","product_tag-batarya-test","product_tag-booster","product_tag-gys","product_tag-redresor","product_tag-soklama"],"brands":[{"id":378,"name":"GYS","slug":"gys"}],"yoast_head":"<!-- This site is optimized with the Yoast SEO plugin v17.1 - https:\/\/yoast.com\/wordpress\/plugins\/seo\/ -->\n<title>Ak\u00fc \u015earj Cihaz\u0131GYS (Born in FRANCE)Gysflash 30-24 HF\u015earj voltaj\u0131 ve ak\u0131m\u0131 6 V - 12 V - 24 V \/ 30 A - Bak\u0131rc\u0131 Garagineering<\/title>\n<meta name=\"robots\" content=\"index, follow, max-snippet:-1, max-image-preview:large, max-video-preview:-1\" \/>\n<link rel=\"canonical\" href=\"https:\/\/bakirci.com\/ekipman\/servis-ekipmanlari\/mekanik\/aku-bakim-cihazlari\/aku-sarj-cihazigys-born-in-francegysflash-30-24-hfsarj-voltaji-ve-akimi-6-v-12-v-24-v-30-a\/\" \/>\n<meta property=\"og:locale\" content=\"tr_TR\" \/>\n<meta property=\"og:type\" content=\"article\" \/>\n<meta property=\"og:title\" content=\"Ak\u00fc \u015earj Cihaz\u0131GYS (Born in FRANCE)Gysflash 30-24 HF\u015earj voltaj\u0131 ve ak\u0131m\u0131 6 V - 12 V - 24 V \/ 30 A - Bak\u0131rc\u0131 Garagineering\" \/>\n<meta property=\"og:description\" content=\"Ak\u00fc \u015earj Cihaz\u0131 - Gysflash 30-24 HF  \u0130nvert\u00f6rl\u00fc, mikroi\u015flemcili tam otomatik h\u0131zl\u0131 \u015farj ve destekleme cihaz\u0131  \u015earj, ak\u00fc de\u011fi\u015fim, diyagnostik, showroom ve destekleme modu  Ara\u00e7 \u00fcst\u00fcnde ak\u00fc s\u00f6k\u00fclmeden \u015farj olana\u011f\u0131  Voltaj piklerini \u00f6nleme, ters ba\u011flant\u0131 korumas\u0131  \u015earj i\u015flemi s\u0131ras\u0131nda ak\u0131m, gerilim ve \u015farj s\u00fcresinin anl\u0131k g\u00f6sterimi  Her t\u00fcrl\u00fc ak\u00fc tipi i\u00e7in ideal (s\u0131v\u0131, jel, kalsiyum vb.)  \u015earj kapasitesi 12 V - 400 Ah \/ 24 V - 200 Ah  \u015earj voltaj\u0131 ve ak\u0131m\u0131 6 V - 12 V - 24 V \/ 30 A  \u00c7al\u0131\u015fma voltaj\u0131 230 V\" \/>\n<meta property=\"og:url\" content=\"https:\/\/bakirci.com\/ekipman\/servis-ekipmanlari\/mekanik\/aku-bakim-cihazlari\/aku-sarj-cihazigys-born-in-francegysflash-30-24-hfsarj-voltaji-ve-akimi-6-v-12-v-24-v-30-a\/\" \/>\n<meta property=\"og:site_name\" content=\"Bak\u0131rc\u0131 Garagineering\" \/>\n<meta property=\"article:publisher\" content=\"https:\/\/www.facebook.com\/bakirci.garagineering\" \/>\n<meta property=\"article:modified_time\" content=\"2022-02-23T12:48:03+00:00\" \/>\n<meta property=\"og:image\" content=\"https:\/\/bakirci.com\/ekipman\/wp-content\/uploads\/2021\/01\/Gysflash-30-24-HF.png\" \/>\n\t<meta property=\"og:image:width\" content=\"1200\" \/>\n\t<meta property=\"og:image:height\" content=\"1200\" \/>\n<meta name=\"twitter:card\" content=\"summary_large_image\" \/>\n<meta name=\"twitter:label1\" content=\"Tahmini okuma s\u00fcresi\" \/>\n\t<meta name=\"twitter:data1\" content=\"1 dakika\" \/>\n<script type=\"application\/ld+json\" class=\"yoast-schema-graph\">{\"@context\":\"https:\/\/schema.org\",\"@graph\":[{\"@type\":\"Organization\",\"@id\":\"https:\/\/bakirci.com\/ekipman\/#organization\",\"name\":\"Bak\\u0131rc\\u0131 garagineering\",\"url\":\"https:\/\/bakirci.com\/ekipman\/\",\"sameAs\":[\"https:\/\/www.facebook.com\/bakirci.garagineering\",\"https:\/\/www.instagram.com\/bakirci.garagineering\/\",\"https:\/\/www.linkedin.com\/company\/bakirci-garagineering\/\",\"https:\/\/www.youtube.com\/channel\/UCiVG6s_jALJ6Zk8085XiOQg\"],\"logo\":{\"@type\":\"ImageObject\",\"@id\":\"https:\/\/bakirci.com\/ekipman\/#logo\",\"inLanguage\":\"tr\",\"url\":\"https:\/\/bakirci.com\/ekipman\/wp-content\/uploads\/2021\/09\/Bakirci-logo-lacivert.png\",\"contentUrl\":\"https:\/\/bakirci.com\/ekipman\/wp-content\/uploads\/2021\/09\/Bakirci-logo-lacivert.png\",\"width\":501,\"height\":501,\"caption\":\"Bak\\u0131rc\\u0131 garagineering\"},\"image\":{\"@id\":\"https:\/\/bakirci.com\/ekipman\/#logo\"}},{\"@type\":\"WebSite\",\"@id\":\"https:\/\/bakirci.com\/ekipman\/#website\",\"url\":\"https:\/\/bakirci.com\/ekipman\/\",\"name\":\"Bak\\u0131rc\\u0131 Garagineering\",\"description\":\"Otomotiv sekt\\u00f6r\\u00fcne \\u00f6zel, \\u201c\\u00dcretici Standard\\u0131nda\\u201d \\u00e7\\u00f6z\\u00fcmler\\u2026\",\"publisher\":{\"@id\":\"https:\/\/bakirci.com\/ekipman\/#organization\"},\"potentialAction\":[{\"@type\":\"SearchAction\",\"target\":{\"@type\":\"EntryPoint\",\"urlTemplate\":\"https:\/\/bakirci.com\/ekipman\/?s={search_term_string}\"},\"query-input\":\"required name=search_term_string\"}],\"inLanguage\":\"tr\"},{\"@type\":\"ImageObject\",\"@id\":\"https:\/\/bakirci.com\/ekipman\/servis-ekipmanlari\/mekanik\/aku-bakim-cihazlari\/aku-sarj-cihazigys-born-in-francegysflash-30-24-hfsarj-voltaji-ve-akimi-6-v-12-v-24-v-30-a\/#primaryimage\",\"inLanguage\":\"tr\",\"url\":\"https:\/\/bakirci.com\/ekipman\/wp-content\/uploads\/2021\/01\/Gysflash-30-24-HF.png\",\"contentUrl\":\"https:\/\/bakirci.com\/ekipman\/wp-content\/uploads\/2021\/01\/Gysflash-30-24-HF.png\",\"width\":1200,\"height\":1200},{\"@type\":\"WebPage\",\"@id\":\"https:\/\/bakirci.com\/ekipman\/servis-ekipmanlari\/mekanik\/aku-bakim-cihazlari\/aku-sarj-cihazigys-born-in-francegysflash-30-24-hfsarj-voltaji-ve-akimi-6-v-12-v-24-v-30-a\/#webpage\",\"url\":\"https:\/\/bakirci.com\/ekipman\/servis-ekipmanlari\/mekanik\/aku-bakim-cihazlari\/aku-sarj-cihazigys-born-in-francegysflash-30-24-hfsarj-voltaji-ve-akimi-6-v-12-v-24-v-30-a\/\",\"name\":\"Ak\\u00fc \\u015earj Cihaz\\u0131 GYS (Born in FRANCE) Gysflash 30-24 HF \\u015earj voltaj\\u0131 ve ak\\u0131m\\u0131 6 V - 12 V - 24 V \/ 30 A - Bak\\u0131rc\\u0131 Garagineering\",\"isPartOf\":{\"@id\":\"https:\/\/bakirci.com\/ekipman\/#website\"},\"primaryImageOfPage\":{\"@id\":\"https:\/\/bakirci.com\/ekipman\/servis-ekipmanlari\/mekanik\/aku-bakim-cihazlari\/aku-sarj-cihazigys-born-in-francegysflash-30-24-hfsarj-voltaji-ve-akimi-6-v-12-v-24-v-30-a\/#primaryimage\"},\"datePublished\":\"2021-01-02T17:00:49+00:00\",\"dateModified\":\"2022-02-23T12:48:03+00:00\",\"breadcrumb\":{\"@id\":\"https:\/\/bakirci.com\/ekipman\/servis-ekipmanlari\/mekanik\/aku-bakim-cihazlari\/aku-sarj-cihazigys-born-in-francegysflash-30-24-hfsarj-voltaji-ve-akimi-6-v-12-v-24-v-30-a\/#breadcrumb\"},\"inLanguage\":\"tr\",\"potentialAction\":[{\"@type\":\"ReadAction\",\"target\":[\"https:\/\/bakirci.com\/ekipman\/servis-ekipmanlari\/mekanik\/aku-bakim-cihazlari\/aku-sarj-cihazigys-born-in-francegysflash-30-24-hfsarj-voltaji-ve-akimi-6-v-12-v-24-v-30-a\/\"]}]},{\"@type\":\"BreadcrumbList\",\"@id\":\"https:\/\/bakirci.com\/ekipman\/servis-ekipmanlari\/mekanik\/aku-bakim-cihazlari\/aku-sarj-cihazigys-born-in-francegysflash-30-24-hfsarj-voltaji-ve-akimi-6-v-12-v-24-v-30-a\/#breadcrumb\",\"itemListElement\":[{\"@type\":\"ListItem\",\"position\":1,\"name\":\"Ekipman\",\"item\":\"https:\/\/bakirci.com\/ekipman\/\"},{\"@type\":\"ListItem\",\"position\":2,\"name\":\"Otomotiv Tesisleri \\u0130\\u00e7in Servis Ekipmanlar\\u0131\",\"item\":\"https:\/\/bakirci.com\/ekipman\/\"},{\"@type\":\"ListItem\",\"position\":3,\"name\":\"Ak\\u00fc \\u015earj Cihaz\\u0131GYS (Born in FRANCE)Gysflash 30-24 HF\\u015earj voltaj\\u0131 ve ak\\u0131m\\u0131 6 V &#8211; 12 V &#8211; 24 V \/ 30 A\"}]}]}<\/script>\n<!-- \/ Yoast SEO plugin. -->","yoast_head_json":{"title":"Ak\u00fc \u015earj Cihaz\u0131GYS (Born in FRANCE)Gysflash 30-24 HF\u015earj voltaj\u0131 ve ak\u0131m\u0131 6 V - 12 V - 24 V \/ 30 A - Bak\u0131rc\u0131 Garagineering","robots":{"index":"index","follow":"follow","max-snippet":"max-snippet:-1","max-image-preview":"max-image-preview:large","max-video-preview":"max-video-preview:-1"},"canonical":"https:\/\/bakirci.com\/ekipman\/servis-ekipmanlari\/mekanik\/aku-bakim-cihazlari\/aku-sarj-cihazigys-born-in-francegysflash-30-24-hfsarj-voltaji-ve-akimi-6-v-12-v-24-v-30-a\/","og_locale":"tr_TR","og_type":"article","og_title":"Ak\u00fc \u015earj Cihaz\u0131GYS (Born in FRANCE)Gysflash 30-24 HF\u015earj voltaj\u0131 ve ak\u0131m\u0131 6 V - 12 V - 24 V \/ 30 A - Bak\u0131rc\u0131 Garagineering","og_description":"Ak\u00fc \u015earj Cihaz\u0131 - Gysflash 30-24 HF  \u0130nvert\u00f6rl\u00fc, mikroi\u015flemcili tam otomatik h\u0131zl\u0131 \u015farj ve destekleme cihaz\u0131  \u015earj, ak\u00fc de\u011fi\u015fim, diyagnostik, showroom ve destekleme modu  Ara\u00e7 \u00fcst\u00fcnde ak\u00fc s\u00f6k\u00fclmeden \u015farj olana\u011f\u0131  Voltaj piklerini \u00f6nleme, ters ba\u011flant\u0131 korumas\u0131  \u015earj i\u015flemi s\u0131ras\u0131nda ak\u0131m, gerilim ve \u015farj s\u00fcresinin anl\u0131k g\u00f6sterimi  Her t\u00fcrl\u00fc ak\u00fc tipi i\u00e7in ideal (s\u0131v\u0131, jel, kalsiyum vb.)  \u015earj kapasitesi 12 V - 400 Ah \/ 24 V - 200 Ah  \u015earj voltaj\u0131 ve ak\u0131m\u0131 6 V - 12 V - 24 V \/ 30 A  \u00c7al\u0131\u015fma voltaj\u0131 230 V","og_url":"https:\/\/bakirci.com\/ekipman\/servis-ekipmanlari\/mekanik\/aku-bakim-cihazlari\/aku-sarj-cihazigys-born-in-francegysflash-30-24-hfsarj-voltaji-ve-akimi-6-v-12-v-24-v-30-a\/","og_site_name":"Bak\u0131rc\u0131 Garagineering","article_publisher":"https:\/\/www.facebook.com\/bakirci.garagineering","article_modified_time":"2022-02-23T12:48:03+00:00","og_image":[{"width":1200,"height":1200,"url":"https:\/\/bakirci.com\/ekipman\/wp-content\/uploads\/2021\/01\/Gysflash-30-24-HF.png","path":"\/home\/bakirciwebsitesi\/public_html\/ekipman\/wp-content\/uploads\/2021\/01\/Gysflash-30-24-HF.png","size":"full","id":5833,"alt":"","pixels":1440000,"type":"image\/png"}],"twitter_card":"summary_large_image","twitter_misc":{"Tahmini okuma s\u00fcresi":"1 dakika"},"schema":{"@context":"https:\/\/schema.org","@graph":[{"@type":"Organization","@id":"https:\/\/bakirci.com\/ekipman\/#organization","name":"Bak\u0131rc\u0131 garagineering","url":"https:\/\/bakirci.com\/ekipman\/","sameAs":["https:\/\/www.facebook.com\/bakirci.garagineering","https:\/\/www.instagram.com\/bakirci.garagineering\/","https:\/\/www.linkedin.com\/company\/bakirci-garagineering\/","https:\/\/www.youtube.com\/channel\/UCiVG6s_jALJ6Zk8085XiOQg"],"logo":{"@type":"ImageObject","@id":"https:\/\/bakirci.com\/ekipman\/#logo","inLanguage":"tr","url":"https:\/\/bakirci.com\/ekipman\/wp-content\/uploads\/2021\/09\/Bakirci-logo-lacivert.png","contentUrl":"https:\/\/bakirci.com\/ekipman\/wp-content\/uploads\/2021\/09\/Bakirci-logo-lacivert.png","width":501,"height":501,"caption":"Bak\u0131rc\u0131 garagineering"},"image":{"@id":"https:\/\/bakirci.com\/ekipman\/#logo"}},{"@type":"WebSite","@id":"https:\/\/bakirci.com\/ekipman\/#website","url":"https:\/\/bakirci.com\/ekipman\/","name":"Bak\u0131rc\u0131 Garagineering","description":"Otomotiv sekt\u00f6r\u00fcne \u00f6zel, \u201c\u00dcretici Standard\u0131nda\u201d \u00e7\u00f6z\u00fcmler\u2026","publisher":{"@id":"https:\/\/bakirci.com\/ekipman\/#organization"},"potentialAction":[{"@type":"SearchAction","target":{"@type":"EntryPoint","urlTemplate":"https:\/\/bakirci.com\/ekipman\/?s={search_term_string}"},"query-input":"required name=search_term_string"}],"inLanguage":"tr"},{"@type":"ImageObject","@id":"https:\/\/bakirci.com\/ekipman\/servis-ekipmanlari\/mekanik\/aku-bakim-cihazlari\/aku-sarj-cihazigys-born-in-francegysflash-30-24-hfsarj-voltaji-ve-akimi-6-v-12-v-24-v-30-a\/#primaryimage","inLanguage":"tr","url":"https:\/\/bakirci.com\/ekipman\/wp-content\/uploads\/2021\/01\/Gysflash-30-24-HF.png","contentUrl":"https:\/\/bakirci.com\/ekipman\/wp-content\/uploads\/2021\/01\/Gysflash-30-24-HF.png","width":1200,"height":1200},{"@type":"WebPage","@id":"https:\/\/bakirci.com\/ekipman\/servis-ekipmanlari\/mekanik\/aku-bakim-cihazlari\/aku-sarj-cihazigys-born-in-francegysflash-30-24-hfsarj-voltaji-ve-akimi-6-v-12-v-24-v-30-a\/#webpage","url":"https:\/\/bakirci.com\/ekipman\/servis-ekipmanlari\/mekanik\/aku-bakim-cihazlari\/aku-sarj-cihazigys-born-in-francegysflash-30-24-hfsarj-voltaji-ve-akimi-6-v-12-v-24-v-30-a\/","name":"Ak\u00fc \u015earj Cihaz\u0131 GYS (Born in FRANCE) Gysflash 30-24 HF \u015earj voltaj\u0131 ve ak\u0131m\u0131 6 V - 12 V - 24 V \/ 30 A - Bak\u0131rc\u0131 Garagineering","isPartOf":{"@id":"https:\/\/bakirci.com\/ekipman\/#website"},"primaryImageOfPage":{"@id":"https:\/\/bakirci.com\/ekipman\/servis-ekipmanlari\/mekanik\/aku-bakim-cihazlari\/aku-sarj-cihazigys-born-in-francegysflash-30-24-hfsarj-voltaji-ve-akimi-6-v-12-v-24-v-30-a\/#primaryimage"},"datePublished":"2021-01-02T17:00:49+00:00","dateModified":"2022-02-23T12:48:03+00:00","breadcrumb":{"@id":"https:\/\/bakirci.com\/ekipman\/servis-ekipmanlari\/mekanik\/aku-bakim-cihazlari\/aku-sarj-cihazigys-born-in-francegysflash-30-24-hfsarj-voltaji-ve-akimi-6-v-12-v-24-v-30-a\/#breadcrumb"},"inLanguage":"tr","potentialAction":[{"@type":"ReadAction","target":["https:\/\/bakirci.com\/ekipman\/servis-ekipmanlari\/mekanik\/aku-bakim-cihazlari\/aku-sarj-cihazigys-born-in-francegysflash-30-24-hfsarj-voltaji-ve-akimi-6-v-12-v-24-v-30-a\/"]}]},{"@type":"BreadcrumbList","@id":"https:\/\/bakirci.com\/ekipman\/servis-ekipmanlari\/mekanik\/aku-bakim-cihazlari\/aku-sarj-cihazigys-born-in-francegysflash-30-24-hfsarj-voltaji-ve-akimi-6-v-12-v-24-v-30-a\/#breadcrumb","itemListElement":[{"@type":"ListItem","position":1,"name":"Ekipman","item":"https:\/\/bakirci.com\/ekipman\/"},{"@type":"ListItem","position":2,"name":"Otomotiv Tesisleri \u0130\u00e7in Servis Ekipmanlar\u0131","item":"https:\/\/bakirci.com\/ekipman\/"},{"@type":"ListItem","position":3,"name":"Ak\u00fc \u015earj Cihaz\u0131GYS (Born in FRANCE)Gysflash 30-24 HF\u015earj voltaj\u0131 ve ak\u0131m\u0131 6 V &#8211; 12 V &#8211; 24 V \/ 30 A"}]}]}},"_links":{"self":[{"href":"https:\/\/bakirci.com\/ekipman\/wp-json\/wp\/v2\/product\/4417","targetHints":{"allow":["GET"]}}],"collection":[{"href":"https:\/\/bakirci.com\/ekipman\/wp-json\/wp\/v2\/product"}],"about":[{"href":"https:\/\/bakirci.com\/ekipman\/wp-json\/wp\/v2\/types\/product"}],"replies":[{"embeddable":true,"href":"https:\/\/bakirci.com\/ekipman\/wp-json\/wp\/v2\/comments?post=4417"}],"wp:featuredmedia":[{"embeddable":true,"href":"https:\/\/bakirci.com\/ekipman\/wp-json\/wp\/v2\/media\/5833"}],"wp:attachment":[{"href":"https:\/\/bakirci.com\/ekipman\/wp-json\/wp\/v2\/media?parent=4417"}],"wp:term":[{"taxonomy":"product_cat","embeddable":true,"href":"https:\/\/bakirci.com\/ekipman\/wp-json\/wp\/v2\/product_cat?post=4417"},{"taxonomy":"product_tag","embeddable":true,"href":"https:\/\/bakirci.com\/ekipman\/wp-json\/wp\/v2\/product_tag?post=4417"}],"curies":[{"name":"wp","href":"https:\/\/api.w.org\/{rel}","templated":true}]}}