{"id":4409,"date":"2021-01-02T17:15:08","date_gmt":"2021-01-02T17:15:08","guid":{"rendered":"https:\/\/j6l.65c.myftpupload.com\/?post_type=product&#038;p=4409"},"modified":"2021-08-06T14:16:35","modified_gmt":"2021-08-06T14:16:35","slug":"cmos-kamerali-far-ayar-cihazihella-gutmann-born-in-germanyseg-vampul-halogen-xenon-bi-xenon-led-ve-matrix-far-sistemlerine-uygun-84-interaktif-dokunmatik-renkli-ekran","status":"publish","type":"product","link":"https:\/\/bakirci.com\/ekipman\/servis-ekipmanlari\/mekanik\/far-ayar-cihazlari\/cmos-kamerali-far-ayar-cihazihella-gutmann-born-in-germanyseg-vampul-halogen-xenon-bi-xenon-led-ve-matrix-far-sistemlerine-uygun-84-interaktif-dokunmatik-renkli-ekran\/","title":{"rendered":"<p class=\"ustmetin\">CMOS Kameral\u0131 Far Ayar Cihaz\u0131<\/p><p class=\"ortametin\">HELLA GUTMANN <span class=\"ortametin2\">(Born in GERMANY)<\/span><\/p><p class=\"altmetin\">SEG-V<br>Ampul, Halogen, Xenon, Bi-Xenon, Led ve Matrix far sistemlerine uygun  8,4&#8221; interaktif dokunmatik renkli ekran <\/p>"},"content":{"rendered":"<ul>\n<li>CMOS Kameral\u0131 Far Ayar Cihaz\u0131 &#8211; SEG-V<\/li>\n<li>CMOS kameras\u0131 sayesinde daha hassas ve h\u0131zl\u0131 \u00f6l\u00e7\u00fcm<\/li>\n<li>Ampul, Halogen, Xenon, Bi-Xenon, Led ve Matrix far sistemlerine uygun<\/li>\n<li>Far ayar\u0131 i\u00e7in otomatik program rehberi<\/li>\n<li>8,4&#8221; interaktif dokunmatik renkli ekran<\/li>\n<li>Lazer sayesinde ara\u00e7 ve far merkezleme<\/li>\n<li>\u015earj sistemi sayesinde hi\u00e7bir elektrik ba\u011flant\u0131s\u0131na gerek duyulmaks\u0131n\u0131z \u00f6l\u00e7\u00fcm<\/li>\n<li>Yeni nesil adaptif far teknolojisine uyumlu<\/li>\n<li>Y\u00fcksek hassasiyetli elektronik l\u00fcksmetre (I\u015f\u0131k \u015fiddeti \u00f6l\u00e7\u00fcm\u00fc)<\/li>\n<li>\u00d6l\u00e7\u00fcm de\u011ferlerinin diagnoz cihaz\u0131na veya harici bir bilgisayara USB ile aktar\u0131m\u0131<br \/>\n(Opsiyonel olarak bluetooth veya Wifi ile data aktar\u0131m\u0131)<\/li>\n<\/ul>\n","protected":false},"excerpt":{"rendered":"<ul>\n<li>CMOS Kameral\u0131 Far Ayar Cihaz\u0131 &#8211; SEG-V<\/li>\n<li>CMOS kameras\u0131 sayesinde daha hassas ve h\u0131zl\u0131 \u00f6l\u00e7\u00fcm<\/li>\n<li>Ampul, Halogen, Xenon, Bi-Xenon, Led ve Matrix far sistemlerine uygun<\/li>\n<li>Far ayar\u0131 i\u00e7in otomatik program rehberi<\/li>\n<li>8,4&#8221; interaktif dokunmatik renkli ekran<\/li>\n<li>Lazer sayesinde ara\u00e7 ve far merkezleme<\/li>\n<li>\u015earj sistemi sayesinde hi\u00e7bir elektrik ba\u011flant\u0131s\u0131na gerek duyulmaks\u0131n\u0131z \u00f6l\u00e7\u00fcm<\/li>\n<li>Yeni nesil adaptif far teknolojisine uyumlu<\/li>\n<li>Y\u00fcksek hassasiyetli elektronik l\u00fcksmetre (I\u015f\u0131k \u015fiddeti \u00f6l\u00e7\u00fcm\u00fc)<\/li>\n<li>\u00d6l\u00e7\u00fcm de\u011ferlerinin diagnoz cihaz\u0131na veya harici bir bilgisayara USB ile aktar\u0131m\u0131<br \/>\n(Opsiyonel olarak bluetooth veya Wifi ile data aktar\u0131m\u0131)<\/li>\n<\/ul>\n","protected":false},"featured_media":4410,"comment_status":"closed","ping_status":"closed","template":"","meta":[],"product_cat":[145],"product_tag":[597,339],"class_list":["post-4409","product","type-product","status-publish","has-post-thumbnail","hentry","pwb-brand-hella-gutmann","product_cat-far-ayar-cihazlari","product_tag-far-test-cihazi","product_tag-hella-gutmann"],"brands":[{"id":373,"name":"HELLA GUTMANN","slug":"hella-gutmann"}],"yoast_head":"<!-- This site is optimized with the Yoast SEO plugin v17.1 - https:\/\/yoast.com\/wordpress\/plugins\/seo\/ -->\n<title>CMOS Kameral\u0131 Far Ayar Cihaz\u0131HELLA GUTMANN (Born in GERMANY)SEG-VAmpul, Halogen, Xenon, Bi-Xenon, Led ve Matrix far sistemlerine uygun 8,4&#039;&#039; interaktif dokunmatik renkli ekran  - Bak\u0131rc\u0131 Garagineering<\/title>\n<meta name=\"robots\" content=\"index, follow, max-snippet:-1, max-image-preview:large, max-video-preview:-1\" \/>\n<link rel=\"canonical\" href=\"https:\/\/bakirci.com\/ekipman\/servis-ekipmanlari\/mekanik\/far-ayar-cihazlari\/cmos-kamerali-far-ayar-cihazihella-gutmann-born-in-germanyseg-vampul-halogen-xenon-bi-xenon-led-ve-matrix-far-sistemlerine-uygun-84-interaktif-dokunmatik-renkli-ekran\/\" \/>\n<meta property=\"og:locale\" content=\"tr_TR\" \/>\n<meta property=\"og:type\" content=\"article\" \/>\n<meta property=\"og:title\" content=\"CMOS Kameral\u0131 Far Ayar Cihaz\u0131HELLA GUTMANN (Born in GERMANY)SEG-VAmpul, Halogen, Xenon, Bi-Xenon, Led ve Matrix far sistemlerine uygun 8,4&#039;&#039; interaktif dokunmatik renkli ekran  - Bak\u0131rc\u0131 Garagineering\" \/>\n<meta property=\"og:description\" content=\"CMOS Kameral\u0131 Far Ayar Cihaz\u0131 - SEG-V  CMOS kameras\u0131 sayesinde daha hassas ve h\u0131zl\u0131 \u00f6l\u00e7\u00fcm  Ampul, Halogen, Xenon, Bi-Xenon, Led ve Matrix far sistemlerine uygun  Far ayar\u0131 i\u00e7in otomatik program rehberi  8,4&#039;&#039; interaktif dokunmatik renkli ekran  Lazer sayesinde ara\u00e7 ve far merkezleme  \u015earj sistemi sayesinde hi\u00e7bir elektrik ba\u011flant\u0131s\u0131na gerek duyulmaks\u0131n\u0131z \u00f6l\u00e7\u00fcm  Yeni nesil adaptif far teknolojisine uyumlu  Y\u00fcksek hassasiyetli elektronik l\u00fcksmetre (I\u015f\u0131k \u015fiddeti \u00f6l\u00e7\u00fcm\u00fc)  \u00d6l\u00e7\u00fcm de\u011ferlerinin diagnoz cihaz\u0131na veya harici bir bilgisayara USB ile aktar\u0131m\u0131 (Opsiyonel olarak bluetooth veya Wifi ile data aktar\u0131m\u0131)\" \/>\n<meta property=\"og:url\" content=\"https:\/\/bakirci.com\/ekipman\/servis-ekipmanlari\/mekanik\/far-ayar-cihazlari\/cmos-kamerali-far-ayar-cihazihella-gutmann-born-in-germanyseg-vampul-halogen-xenon-bi-xenon-led-ve-matrix-far-sistemlerine-uygun-84-interaktif-dokunmatik-renkli-ekran\/\" \/>\n<meta property=\"og:site_name\" content=\"Bak\u0131rc\u0131 Garagineering\" \/>\n<meta property=\"article:publisher\" content=\"https:\/\/www.facebook.com\/bakirci.garagineering\" \/>\n<meta property=\"article:modified_time\" content=\"2021-08-06T14:16:35+00:00\" \/>\n<meta property=\"og:image\" content=\"https:\/\/bakirci.com\/ekipman\/wp-content\/uploads\/2021\/06\/SEG-V-kopya.png\" \/>\n\t<meta property=\"og:image:width\" content=\"1200\" \/>\n\t<meta property=\"og:image:height\" content=\"1200\" \/>\n<meta name=\"twitter:card\" content=\"summary_large_image\" \/>\n<meta name=\"twitter:label1\" content=\"Tahmini okuma s\u00fcresi\" \/>\n\t<meta name=\"twitter:data1\" content=\"1 dakika\" \/>\n<script type=\"application\/ld+json\" class=\"yoast-schema-graph\">{\"@context\":\"https:\/\/schema.org\",\"@graph\":[{\"@type\":\"Organization\",\"@id\":\"https:\/\/bakirci.com\/ekipman\/#organization\",\"name\":\"Bak\\u0131rc\\u0131 garagineering\",\"url\":\"https:\/\/bakirci.com\/ekipman\/\",\"sameAs\":[\"https:\/\/www.facebook.com\/bakirci.garagineering\",\"https:\/\/www.instagram.com\/bakirci.garagineering\/\",\"https:\/\/www.linkedin.com\/company\/bakirci-garagineering\/\",\"https:\/\/www.youtube.com\/channel\/UCiVG6s_jALJ6Zk8085XiOQg\"],\"logo\":{\"@type\":\"ImageObject\",\"@id\":\"https:\/\/bakirci.com\/ekipman\/#logo\",\"inLanguage\":\"tr\",\"url\":\"https:\/\/bakirci.com\/ekipman\/wp-content\/uploads\/2021\/09\/Bakirci-logo-lacivert.png\",\"contentUrl\":\"https:\/\/bakirci.com\/ekipman\/wp-content\/uploads\/2021\/09\/Bakirci-logo-lacivert.png\",\"width\":501,\"height\":501,\"caption\":\"Bak\\u0131rc\\u0131 garagineering\"},\"image\":{\"@id\":\"https:\/\/bakirci.com\/ekipman\/#logo\"}},{\"@type\":\"WebSite\",\"@id\":\"https:\/\/bakirci.com\/ekipman\/#website\",\"url\":\"https:\/\/bakirci.com\/ekipman\/\",\"name\":\"Bak\\u0131rc\\u0131 Garagineering\",\"description\":\"Otomotiv sekt\\u00f6r\\u00fcne \\u00f6zel, \\u201c\\u00dcretici Standard\\u0131nda\\u201d \\u00e7\\u00f6z\\u00fcmler\\u2026\",\"publisher\":{\"@id\":\"https:\/\/bakirci.com\/ekipman\/#organization\"},\"potentialAction\":[{\"@type\":\"SearchAction\",\"target\":{\"@type\":\"EntryPoint\",\"urlTemplate\":\"https:\/\/bakirci.com\/ekipman\/?s={search_term_string}\"},\"query-input\":\"required name=search_term_string\"}],\"inLanguage\":\"tr\"},{\"@type\":\"ImageObject\",\"@id\":\"https:\/\/bakirci.com\/ekipman\/servis-ekipmanlari\/mekanik\/far-ayar-cihazlari\/cmos-kamerali-far-ayar-cihazihella-gutmann-born-in-germanyseg-vampul-halogen-xenon-bi-xenon-led-ve-matrix-far-sistemlerine-uygun-84-interaktif-dokunmatik-renkli-ekran\/#primaryimage\",\"inLanguage\":\"tr\",\"url\":\"https:\/\/bakirci.com\/ekipman\/wp-content\/uploads\/2021\/06\/SEG-V-kopya.png\",\"contentUrl\":\"https:\/\/bakirci.com\/ekipman\/wp-content\/uploads\/2021\/06\/SEG-V-kopya.png\",\"width\":1200,\"height\":1200},{\"@type\":\"WebPage\",\"@id\":\"https:\/\/bakirci.com\/ekipman\/servis-ekipmanlari\/mekanik\/far-ayar-cihazlari\/cmos-kamerali-far-ayar-cihazihella-gutmann-born-in-germanyseg-vampul-halogen-xenon-bi-xenon-led-ve-matrix-far-sistemlerine-uygun-84-interaktif-dokunmatik-renkli-ekran\/#webpage\",\"url\":\"https:\/\/bakirci.com\/ekipman\/servis-ekipmanlari\/mekanik\/far-ayar-cihazlari\/cmos-kamerali-far-ayar-cihazihella-gutmann-born-in-germanyseg-vampul-halogen-xenon-bi-xenon-led-ve-matrix-far-sistemlerine-uygun-84-interaktif-dokunmatik-renkli-ekran\/\",\"name\":\"CMOS Kameral\\u0131 Far Ayar Cihaz\\u0131 HELLA GUTMANN (Born in GERMANY) SEG-V Ampul, Halogen, Xenon, Bi-Xenon, Led ve Matrix far sistemlerine uygun 8,4'' interaktif dokunmatik renkli ekran - Bak\\u0131rc\\u0131 Garagineering\",\"isPartOf\":{\"@id\":\"https:\/\/bakirci.com\/ekipman\/#website\"},\"primaryImageOfPage\":{\"@id\":\"https:\/\/bakirci.com\/ekipman\/servis-ekipmanlari\/mekanik\/far-ayar-cihazlari\/cmos-kamerali-far-ayar-cihazihella-gutmann-born-in-germanyseg-vampul-halogen-xenon-bi-xenon-led-ve-matrix-far-sistemlerine-uygun-84-interaktif-dokunmatik-renkli-ekran\/#primaryimage\"},\"datePublished\":\"2021-01-02T17:15:08+00:00\",\"dateModified\":\"2021-08-06T14:16:35+00:00\",\"breadcrumb\":{\"@id\":\"https:\/\/bakirci.com\/ekipman\/servis-ekipmanlari\/mekanik\/far-ayar-cihazlari\/cmos-kamerali-far-ayar-cihazihella-gutmann-born-in-germanyseg-vampul-halogen-xenon-bi-xenon-led-ve-matrix-far-sistemlerine-uygun-84-interaktif-dokunmatik-renkli-ekran\/#breadcrumb\"},\"inLanguage\":\"tr\",\"potentialAction\":[{\"@type\":\"ReadAction\",\"target\":[\"https:\/\/bakirci.com\/ekipman\/servis-ekipmanlari\/mekanik\/far-ayar-cihazlari\/cmos-kamerali-far-ayar-cihazihella-gutmann-born-in-germanyseg-vampul-halogen-xenon-bi-xenon-led-ve-matrix-far-sistemlerine-uygun-84-interaktif-dokunmatik-renkli-ekran\/\"]}]},{\"@type\":\"BreadcrumbList\",\"@id\":\"https:\/\/bakirci.com\/ekipman\/servis-ekipmanlari\/mekanik\/far-ayar-cihazlari\/cmos-kamerali-far-ayar-cihazihella-gutmann-born-in-germanyseg-vampul-halogen-xenon-bi-xenon-led-ve-matrix-far-sistemlerine-uygun-84-interaktif-dokunmatik-renkli-ekran\/#breadcrumb\",\"itemListElement\":[{\"@type\":\"ListItem\",\"position\":1,\"name\":\"Ekipman\",\"item\":\"https:\/\/bakirci.com\/ekipman\/\"},{\"@type\":\"ListItem\",\"position\":2,\"name\":\"Otomotiv Tesisleri \\u0130\\u00e7in Servis Ekipmanlar\\u0131\",\"item\":\"https:\/\/bakirci.com\/ekipman\/\"},{\"@type\":\"ListItem\",\"position\":3,\"name\":\"CMOS Kameral\\u0131 Far Ayar Cihaz\\u0131HELLA GUTMANN (Born in GERMANY)SEG-VAmpul, Halogen, Xenon, Bi-Xenon, Led ve Matrix far sistemlerine uygun 8,4&#8221; interaktif dokunmatik renkli ekran\"}]}]}<\/script>\n<!-- \/ Yoast SEO plugin. -->","yoast_head_json":{"title":"CMOS Kameral\u0131 Far Ayar Cihaz\u0131HELLA GUTMANN (Born in GERMANY)SEG-VAmpul, Halogen, Xenon, Bi-Xenon, Led ve Matrix far sistemlerine uygun 8,4'' interaktif dokunmatik renkli ekran  - Bak\u0131rc\u0131 Garagineering","robots":{"index":"index","follow":"follow","max-snippet":"max-snippet:-1","max-image-preview":"max-image-preview:large","max-video-preview":"max-video-preview:-1"},"canonical":"https:\/\/bakirci.com\/ekipman\/servis-ekipmanlari\/mekanik\/far-ayar-cihazlari\/cmos-kamerali-far-ayar-cihazihella-gutmann-born-in-germanyseg-vampul-halogen-xenon-bi-xenon-led-ve-matrix-far-sistemlerine-uygun-84-interaktif-dokunmatik-renkli-ekran\/","og_locale":"tr_TR","og_type":"article","og_title":"CMOS Kameral\u0131 Far Ayar Cihaz\u0131HELLA GUTMANN (Born in GERMANY)SEG-VAmpul, Halogen, Xenon, Bi-Xenon, Led ve Matrix far sistemlerine uygun 8,4'' interaktif dokunmatik renkli ekran  - Bak\u0131rc\u0131 Garagineering","og_description":"CMOS Kameral\u0131 Far Ayar Cihaz\u0131 - SEG-V  CMOS kameras\u0131 sayesinde daha hassas ve h\u0131zl\u0131 \u00f6l\u00e7\u00fcm  Ampul, Halogen, Xenon, Bi-Xenon, Led ve Matrix far sistemlerine uygun  Far ayar\u0131 i\u00e7in otomatik program rehberi  8,4'' interaktif dokunmatik renkli ekran  Lazer sayesinde ara\u00e7 ve far merkezleme  \u015earj sistemi sayesinde hi\u00e7bir elektrik ba\u011flant\u0131s\u0131na gerek duyulmaks\u0131n\u0131z \u00f6l\u00e7\u00fcm  Yeni nesil adaptif far teknolojisine uyumlu  Y\u00fcksek hassasiyetli elektronik l\u00fcksmetre (I\u015f\u0131k \u015fiddeti \u00f6l\u00e7\u00fcm\u00fc)  \u00d6l\u00e7\u00fcm de\u011ferlerinin diagnoz cihaz\u0131na veya harici bir bilgisayara USB ile aktar\u0131m\u0131 (Opsiyonel olarak bluetooth veya Wifi ile data aktar\u0131m\u0131)","og_url":"https:\/\/bakirci.com\/ekipman\/servis-ekipmanlari\/mekanik\/far-ayar-cihazlari\/cmos-kamerali-far-ayar-cihazihella-gutmann-born-in-germanyseg-vampul-halogen-xenon-bi-xenon-led-ve-matrix-far-sistemlerine-uygun-84-interaktif-dokunmatik-renkli-ekran\/","og_site_name":"Bak\u0131rc\u0131 Garagineering","article_publisher":"https:\/\/www.facebook.com\/bakirci.garagineering","article_modified_time":"2021-08-06T14:16:35+00:00","og_image":[{"width":1200,"height":1200,"url":"https:\/\/bakirci.com\/ekipman\/wp-content\/uploads\/2021\/06\/SEG-V-kopya.png","path":"\/home\/bakirciwebsitesi\/public_html\/ekipman\/wp-content\/uploads\/2021\/06\/SEG-V-kopya.png","size":"full","id":4410,"alt":"","pixels":1440000,"type":"image\/png"}],"twitter_card":"summary_large_image","twitter_misc":{"Tahmini okuma s\u00fcresi":"1 dakika"},"schema":{"@context":"https:\/\/schema.org","@graph":[{"@type":"Organization","@id":"https:\/\/bakirci.com\/ekipman\/#organization","name":"Bak\u0131rc\u0131 garagineering","url":"https:\/\/bakirci.com\/ekipman\/","sameAs":["https:\/\/www.facebook.com\/bakirci.garagineering","https:\/\/www.instagram.com\/bakirci.garagineering\/","https:\/\/www.linkedin.com\/company\/bakirci-garagineering\/","https:\/\/www.youtube.com\/channel\/UCiVG6s_jALJ6Zk8085XiOQg"],"logo":{"@type":"ImageObject","@id":"https:\/\/bakirci.com\/ekipman\/#logo","inLanguage":"tr","url":"https:\/\/bakirci.com\/ekipman\/wp-content\/uploads\/2021\/09\/Bakirci-logo-lacivert.png","contentUrl":"https:\/\/bakirci.com\/ekipman\/wp-content\/uploads\/2021\/09\/Bakirci-logo-lacivert.png","width":501,"height":501,"caption":"Bak\u0131rc\u0131 garagineering"},"image":{"@id":"https:\/\/bakirci.com\/ekipman\/#logo"}},{"@type":"WebSite","@id":"https:\/\/bakirci.com\/ekipman\/#website","url":"https:\/\/bakirci.com\/ekipman\/","name":"Bak\u0131rc\u0131 Garagineering","description":"Otomotiv sekt\u00f6r\u00fcne \u00f6zel, \u201c\u00dcretici Standard\u0131nda\u201d \u00e7\u00f6z\u00fcmler\u2026","publisher":{"@id":"https:\/\/bakirci.com\/ekipman\/#organization"},"potentialAction":[{"@type":"SearchAction","target":{"@type":"EntryPoint","urlTemplate":"https:\/\/bakirci.com\/ekipman\/?s={search_term_string}"},"query-input":"required name=search_term_string"}],"inLanguage":"tr"},{"@type":"ImageObject","@id":"https:\/\/bakirci.com\/ekipman\/servis-ekipmanlari\/mekanik\/far-ayar-cihazlari\/cmos-kamerali-far-ayar-cihazihella-gutmann-born-in-germanyseg-vampul-halogen-xenon-bi-xenon-led-ve-matrix-far-sistemlerine-uygun-84-interaktif-dokunmatik-renkli-ekran\/#primaryimage","inLanguage":"tr","url":"https:\/\/bakirci.com\/ekipman\/wp-content\/uploads\/2021\/06\/SEG-V-kopya.png","contentUrl":"https:\/\/bakirci.com\/ekipman\/wp-content\/uploads\/2021\/06\/SEG-V-kopya.png","width":1200,"height":1200},{"@type":"WebPage","@id":"https:\/\/bakirci.com\/ekipman\/servis-ekipmanlari\/mekanik\/far-ayar-cihazlari\/cmos-kamerali-far-ayar-cihazihella-gutmann-born-in-germanyseg-vampul-halogen-xenon-bi-xenon-led-ve-matrix-far-sistemlerine-uygun-84-interaktif-dokunmatik-renkli-ekran\/#webpage","url":"https:\/\/bakirci.com\/ekipman\/servis-ekipmanlari\/mekanik\/far-ayar-cihazlari\/cmos-kamerali-far-ayar-cihazihella-gutmann-born-in-germanyseg-vampul-halogen-xenon-bi-xenon-led-ve-matrix-far-sistemlerine-uygun-84-interaktif-dokunmatik-renkli-ekran\/","name":"CMOS Kameral\u0131 Far Ayar Cihaz\u0131 HELLA GUTMANN (Born in GERMANY) SEG-V Ampul, Halogen, Xenon, Bi-Xenon, Led ve Matrix far sistemlerine uygun 8,4'' interaktif dokunmatik renkli ekran - Bak\u0131rc\u0131 Garagineering","isPartOf":{"@id":"https:\/\/bakirci.com\/ekipman\/#website"},"primaryImageOfPage":{"@id":"https:\/\/bakirci.com\/ekipman\/servis-ekipmanlari\/mekanik\/far-ayar-cihazlari\/cmos-kamerali-far-ayar-cihazihella-gutmann-born-in-germanyseg-vampul-halogen-xenon-bi-xenon-led-ve-matrix-far-sistemlerine-uygun-84-interaktif-dokunmatik-renkli-ekran\/#primaryimage"},"datePublished":"2021-01-02T17:15:08+00:00","dateModified":"2021-08-06T14:16:35+00:00","breadcrumb":{"@id":"https:\/\/bakirci.com\/ekipman\/servis-ekipmanlari\/mekanik\/far-ayar-cihazlari\/cmos-kamerali-far-ayar-cihazihella-gutmann-born-in-germanyseg-vampul-halogen-xenon-bi-xenon-led-ve-matrix-far-sistemlerine-uygun-84-interaktif-dokunmatik-renkli-ekran\/#breadcrumb"},"inLanguage":"tr","potentialAction":[{"@type":"ReadAction","target":["https:\/\/bakirci.com\/ekipman\/servis-ekipmanlari\/mekanik\/far-ayar-cihazlari\/cmos-kamerali-far-ayar-cihazihella-gutmann-born-in-germanyseg-vampul-halogen-xenon-bi-xenon-led-ve-matrix-far-sistemlerine-uygun-84-interaktif-dokunmatik-renkli-ekran\/"]}]},{"@type":"BreadcrumbList","@id":"https:\/\/bakirci.com\/ekipman\/servis-ekipmanlari\/mekanik\/far-ayar-cihazlari\/cmos-kamerali-far-ayar-cihazihella-gutmann-born-in-germanyseg-vampul-halogen-xenon-bi-xenon-led-ve-matrix-far-sistemlerine-uygun-84-interaktif-dokunmatik-renkli-ekran\/#breadcrumb","itemListElement":[{"@type":"ListItem","position":1,"name":"Ekipman","item":"https:\/\/bakirci.com\/ekipman\/"},{"@type":"ListItem","position":2,"name":"Otomotiv Tesisleri \u0130\u00e7in Servis Ekipmanlar\u0131","item":"https:\/\/bakirci.com\/ekipman\/"},{"@type":"ListItem","position":3,"name":"CMOS Kameral\u0131 Far Ayar Cihaz\u0131HELLA GUTMANN (Born in GERMANY)SEG-VAmpul, Halogen, Xenon, Bi-Xenon, Led ve Matrix far sistemlerine uygun 8,4&#8221; interaktif dokunmatik renkli ekran"}]}]}},"_links":{"self":[{"href":"https:\/\/bakirci.com\/ekipman\/wp-json\/wp\/v2\/product\/4409","targetHints":{"allow":["GET"]}}],"collection":[{"href":"https:\/\/bakirci.com\/ekipman\/wp-json\/wp\/v2\/product"}],"about":[{"href":"https:\/\/bakirci.com\/ekipman\/wp-json\/wp\/v2\/types\/product"}],"replies":[{"embeddable":true,"href":"https:\/\/bakirci.com\/ekipman\/wp-json\/wp\/v2\/comments?post=4409"}],"wp:featuredmedia":[{"embeddable":true,"href":"https:\/\/bakirci.com\/ekipman\/wp-json\/wp\/v2\/media\/4410"}],"wp:attachment":[{"href":"https:\/\/bakirci.com\/ekipman\/wp-json\/wp\/v2\/media?parent=4409"}],"wp:term":[{"taxonomy":"product_cat","embeddable":true,"href":"https:\/\/bakirci.com\/ekipman\/wp-json\/wp\/v2\/product_cat?post=4409"},{"taxonomy":"product_tag","embeddable":true,"href":"https:\/\/bakirci.com\/ekipman\/wp-json\/wp\/v2\/product_tag?post=4409"}],"curies":[{"name":"wp","href":"https:\/\/api.w.org\/{rel}","templated":true}]}}