{"id":4403,"date":"2021-01-02T17:30:20","date_gmt":"2021-01-02T17:30:20","guid":{"rendered":"https:\/\/j6l.65c.myftpupload.com\/?post_type=product&#038;p=4403"},"modified":"2021-08-06T14:16:03","modified_gmt":"2021-08-06T14:16:03","slug":"far-ayar-cihazihella-gutmann-born-in-germanyseg-economyampul-halogen-xenon-bi-xenon-ve-led-far-sistemlerine-uygun","status":"publish","type":"product","link":"https:\/\/bakirci.com\/ekipman\/servis-ekipmanlari\/mekanik\/far-ayar-cihazlari\/far-ayar-cihazihella-gutmann-born-in-germanyseg-economyampul-halogen-xenon-bi-xenon-ve-led-far-sistemlerine-uygun\/","title":{"rendered":"<p class=\"ustmetin\">Far Ayar Cihaz\u0131<\/p><p class=\"ortametin\">HELLA GUTMANN <span class=\"ortametin2\">(Born in GERMANY)<\/span><\/p><p class=\"altmetin\">SEG-Economy<br>Ampul, Halogen, Xenon, Bi-Xenon ve Led far sistemlerine uygun<\/p>"},"content":{"rendered":"<ul>\n<li>Far Ayar Cihaz\u0131 &#8211; SEG-Economy<\/li>\n<li>Ampul, Halogen, Xenon, Bi-Xenon ve Led far sistemlerine uygun<\/li>\n<li>I\u015f\u0131k \u015fiddeti \u00f6l\u00e7\u00fcm\u00fc (l\u00fcxmetreli) ve fotodiyot<\/li>\n<li>\u00d6zel ayna sayesinde \u00e7ok rahat ve pratik ayar\u0131n yap\u0131lmas\u0131<\/li>\n<li>Y\u00fckseklik ayar\u0131 i\u00e7in otomatik kilitleme sistemi<\/li>\n<li>Hi\u00e7bir elektrik ba\u011flant\u0131s\u0131na gerek duyulmaks\u0131n\u0131z \u00f6l\u00e7\u00fcm<\/li>\n<\/ul>\n","protected":false},"excerpt":{"rendered":"<ul>\n<li>Far Ayar Cihaz\u0131 &#8211; SEG-Economy<\/li>\n<li>Ampul, Halogen, Xenon, Bi-Xenon ve Led far sistemlerine uygun<\/li>\n<li>I\u015f\u0131k \u015fiddeti \u00f6l\u00e7\u00fcm\u00fc (l\u00fcxmetreli) ve fotodiyot<\/li>\n<li>\u00d6zel ayna sayesinde \u00e7ok rahat ve pratik ayar\u0131n yap\u0131lmas\u0131<\/li>\n<li>Y\u00fckseklik ayar\u0131 i\u00e7in otomatik kilitleme sistemi<\/li>\n<li>Hi\u00e7bir elektrik ba\u011flant\u0131s\u0131na gerek duyulmaks\u0131n\u0131z \u00f6l\u00e7\u00fcm<\/li>\n<\/ul>\n","protected":false},"featured_media":4404,"comment_status":"closed","ping_status":"closed","template":"","meta":[],"product_cat":[145],"product_tag":[597,339],"class_list":["post-4403","product","type-product","status-publish","has-post-thumbnail","hentry","pwb-brand-hella-gutmann","product_cat-far-ayar-cihazlari","product_tag-far-test-cihazi","product_tag-hella-gutmann"],"brands":[{"id":373,"name":"HELLA GUTMANN","slug":"hella-gutmann"}],"yoast_head":"<!-- This site is optimized with the Yoast SEO plugin v17.1 - https:\/\/yoast.com\/wordpress\/plugins\/seo\/ -->\n<title>Far Ayar Cihaz\u0131HELLA GUTMANN (Born in GERMANY)SEG-EconomyAmpul, Halogen, Xenon, Bi-Xenon ve Led far sistemlerine uygun - Bak\u0131rc\u0131 Garagineering<\/title>\n<meta name=\"robots\" content=\"index, follow, max-snippet:-1, max-image-preview:large, max-video-preview:-1\" \/>\n<link rel=\"canonical\" href=\"https:\/\/bakirci.com\/ekipman\/servis-ekipmanlari\/mekanik\/far-ayar-cihazlari\/far-ayar-cihazihella-gutmann-born-in-germanyseg-economyampul-halogen-xenon-bi-xenon-ve-led-far-sistemlerine-uygun\/\" \/>\n<meta property=\"og:locale\" content=\"tr_TR\" \/>\n<meta property=\"og:type\" content=\"article\" \/>\n<meta property=\"og:title\" content=\"Far Ayar Cihaz\u0131HELLA GUTMANN (Born in GERMANY)SEG-EconomyAmpul, Halogen, Xenon, Bi-Xenon ve Led far sistemlerine uygun - Bak\u0131rc\u0131 Garagineering\" \/>\n<meta property=\"og:description\" content=\"Far Ayar Cihaz\u0131 - SEG-Economy  Ampul, Halogen, Xenon, Bi-Xenon ve Led far sistemlerine uygun  I\u015f\u0131k \u015fiddeti \u00f6l\u00e7\u00fcm\u00fc (l\u00fcxmetreli) ve fotodiyot  \u00d6zel ayna sayesinde \u00e7ok rahat ve pratik ayar\u0131n yap\u0131lmas\u0131  Y\u00fckseklik ayar\u0131 i\u00e7in otomatik kilitleme sistemi  Hi\u00e7bir elektrik ba\u011flant\u0131s\u0131na gerek duyulmaks\u0131n\u0131z \u00f6l\u00e7\u00fcm\" \/>\n<meta property=\"og:url\" content=\"https:\/\/bakirci.com\/ekipman\/servis-ekipmanlari\/mekanik\/far-ayar-cihazlari\/far-ayar-cihazihella-gutmann-born-in-germanyseg-economyampul-halogen-xenon-bi-xenon-ve-led-far-sistemlerine-uygun\/\" \/>\n<meta property=\"og:site_name\" content=\"Bak\u0131rc\u0131 Garagineering\" \/>\n<meta property=\"article:publisher\" content=\"https:\/\/www.facebook.com\/bakirci.garagineering\" \/>\n<meta property=\"article:modified_time\" content=\"2021-08-06T14:16:03+00:00\" \/>\n<meta property=\"og:image\" content=\"https:\/\/bakirci.com\/ekipman\/wp-content\/uploads\/2021\/06\/SEG-Economy.png\" \/>\n\t<meta property=\"og:image:width\" content=\"1200\" \/>\n\t<meta property=\"og:image:height\" content=\"1200\" \/>\n<meta name=\"twitter:card\" content=\"summary_large_image\" \/>\n<meta name=\"twitter:label1\" content=\"Tahmini okuma s\u00fcresi\" \/>\n\t<meta name=\"twitter:data1\" content=\"1 dakika\" \/>\n<script type=\"application\/ld+json\" class=\"yoast-schema-graph\">{\"@context\":\"https:\/\/schema.org\",\"@graph\":[{\"@type\":\"Organization\",\"@id\":\"https:\/\/bakirci.com\/ekipman\/#organization\",\"name\":\"Bak\\u0131rc\\u0131 garagineering\",\"url\":\"https:\/\/bakirci.com\/ekipman\/\",\"sameAs\":[\"https:\/\/www.facebook.com\/bakirci.garagineering\",\"https:\/\/www.instagram.com\/bakirci.garagineering\/\",\"https:\/\/www.linkedin.com\/company\/bakirci-garagineering\/\",\"https:\/\/www.youtube.com\/channel\/UCiVG6s_jALJ6Zk8085XiOQg\"],\"logo\":{\"@type\":\"ImageObject\",\"@id\":\"https:\/\/bakirci.com\/ekipman\/#logo\",\"inLanguage\":\"tr\",\"url\":\"https:\/\/bakirci.com\/ekipman\/wp-content\/uploads\/2021\/09\/Bakirci-logo-lacivert.png\",\"contentUrl\":\"https:\/\/bakirci.com\/ekipman\/wp-content\/uploads\/2021\/09\/Bakirci-logo-lacivert.png\",\"width\":501,\"height\":501,\"caption\":\"Bak\\u0131rc\\u0131 garagineering\"},\"image\":{\"@id\":\"https:\/\/bakirci.com\/ekipman\/#logo\"}},{\"@type\":\"WebSite\",\"@id\":\"https:\/\/bakirci.com\/ekipman\/#website\",\"url\":\"https:\/\/bakirci.com\/ekipman\/\",\"name\":\"Bak\\u0131rc\\u0131 Garagineering\",\"description\":\"Otomotiv sekt\\u00f6r\\u00fcne \\u00f6zel, \\u201c\\u00dcretici Standard\\u0131nda\\u201d \\u00e7\\u00f6z\\u00fcmler\\u2026\",\"publisher\":{\"@id\":\"https:\/\/bakirci.com\/ekipman\/#organization\"},\"potentialAction\":[{\"@type\":\"SearchAction\",\"target\":{\"@type\":\"EntryPoint\",\"urlTemplate\":\"https:\/\/bakirci.com\/ekipman\/?s={search_term_string}\"},\"query-input\":\"required name=search_term_string\"}],\"inLanguage\":\"tr\"},{\"@type\":\"ImageObject\",\"@id\":\"https:\/\/bakirci.com\/ekipman\/servis-ekipmanlari\/mekanik\/far-ayar-cihazlari\/far-ayar-cihazihella-gutmann-born-in-germanyseg-economyampul-halogen-xenon-bi-xenon-ve-led-far-sistemlerine-uygun\/#primaryimage\",\"inLanguage\":\"tr\",\"url\":\"https:\/\/bakirci.com\/ekipman\/wp-content\/uploads\/2021\/06\/SEG-Economy.png\",\"contentUrl\":\"https:\/\/bakirci.com\/ekipman\/wp-content\/uploads\/2021\/06\/SEG-Economy.png\",\"width\":1200,\"height\":1200},{\"@type\":\"WebPage\",\"@id\":\"https:\/\/bakirci.com\/ekipman\/servis-ekipmanlari\/mekanik\/far-ayar-cihazlari\/far-ayar-cihazihella-gutmann-born-in-germanyseg-economyampul-halogen-xenon-bi-xenon-ve-led-far-sistemlerine-uygun\/#webpage\",\"url\":\"https:\/\/bakirci.com\/ekipman\/servis-ekipmanlari\/mekanik\/far-ayar-cihazlari\/far-ayar-cihazihella-gutmann-born-in-germanyseg-economyampul-halogen-xenon-bi-xenon-ve-led-far-sistemlerine-uygun\/\",\"name\":\"Far Ayar Cihaz\\u0131 HELLA GUTMANN (Born in GERMANY) SEG-Economy Ampul, Halogen, Xenon, Bi-Xenon ve Led far sistemlerine uygun - Bak\\u0131rc\\u0131 Garagineering\",\"isPartOf\":{\"@id\":\"https:\/\/bakirci.com\/ekipman\/#website\"},\"primaryImageOfPage\":{\"@id\":\"https:\/\/bakirci.com\/ekipman\/servis-ekipmanlari\/mekanik\/far-ayar-cihazlari\/far-ayar-cihazihella-gutmann-born-in-germanyseg-economyampul-halogen-xenon-bi-xenon-ve-led-far-sistemlerine-uygun\/#primaryimage\"},\"datePublished\":\"2021-01-02T17:30:20+00:00\",\"dateModified\":\"2021-08-06T14:16:03+00:00\",\"breadcrumb\":{\"@id\":\"https:\/\/bakirci.com\/ekipman\/servis-ekipmanlari\/mekanik\/far-ayar-cihazlari\/far-ayar-cihazihella-gutmann-born-in-germanyseg-economyampul-halogen-xenon-bi-xenon-ve-led-far-sistemlerine-uygun\/#breadcrumb\"},\"inLanguage\":\"tr\",\"potentialAction\":[{\"@type\":\"ReadAction\",\"target\":[\"https:\/\/bakirci.com\/ekipman\/servis-ekipmanlari\/mekanik\/far-ayar-cihazlari\/far-ayar-cihazihella-gutmann-born-in-germanyseg-economyampul-halogen-xenon-bi-xenon-ve-led-far-sistemlerine-uygun\/\"]}]},{\"@type\":\"BreadcrumbList\",\"@id\":\"https:\/\/bakirci.com\/ekipman\/servis-ekipmanlari\/mekanik\/far-ayar-cihazlari\/far-ayar-cihazihella-gutmann-born-in-germanyseg-economyampul-halogen-xenon-bi-xenon-ve-led-far-sistemlerine-uygun\/#breadcrumb\",\"itemListElement\":[{\"@type\":\"ListItem\",\"position\":1,\"name\":\"Ekipman\",\"item\":\"https:\/\/bakirci.com\/ekipman\/\"},{\"@type\":\"ListItem\",\"position\":2,\"name\":\"Otomotiv Tesisleri \\u0130\\u00e7in Servis Ekipmanlar\\u0131\",\"item\":\"https:\/\/bakirci.com\/ekipman\/\"},{\"@type\":\"ListItem\",\"position\":3,\"name\":\"Far Ayar Cihaz\\u0131HELLA GUTMANN (Born in GERMANY)SEG-EconomyAmpul, Halogen, Xenon, Bi-Xenon ve Led far sistemlerine uygun\"}]}]}<\/script>\n<!-- \/ Yoast SEO plugin. -->","yoast_head_json":{"title":"Far Ayar Cihaz\u0131HELLA GUTMANN (Born in GERMANY)SEG-EconomyAmpul, Halogen, Xenon, Bi-Xenon ve Led far sistemlerine uygun - Bak\u0131rc\u0131 Garagineering","robots":{"index":"index","follow":"follow","max-snippet":"max-snippet:-1","max-image-preview":"max-image-preview:large","max-video-preview":"max-video-preview:-1"},"canonical":"https:\/\/bakirci.com\/ekipman\/servis-ekipmanlari\/mekanik\/far-ayar-cihazlari\/far-ayar-cihazihella-gutmann-born-in-germanyseg-economyampul-halogen-xenon-bi-xenon-ve-led-far-sistemlerine-uygun\/","og_locale":"tr_TR","og_type":"article","og_title":"Far Ayar Cihaz\u0131HELLA GUTMANN (Born in GERMANY)SEG-EconomyAmpul, Halogen, Xenon, Bi-Xenon ve Led far sistemlerine uygun - Bak\u0131rc\u0131 Garagineering","og_description":"Far Ayar Cihaz\u0131 - SEG-Economy  Ampul, Halogen, Xenon, Bi-Xenon ve Led far sistemlerine uygun  I\u015f\u0131k \u015fiddeti \u00f6l\u00e7\u00fcm\u00fc (l\u00fcxmetreli) ve fotodiyot  \u00d6zel ayna sayesinde \u00e7ok rahat ve pratik ayar\u0131n yap\u0131lmas\u0131  Y\u00fckseklik ayar\u0131 i\u00e7in otomatik kilitleme sistemi  Hi\u00e7bir elektrik ba\u011flant\u0131s\u0131na gerek duyulmaks\u0131n\u0131z \u00f6l\u00e7\u00fcm","og_url":"https:\/\/bakirci.com\/ekipman\/servis-ekipmanlari\/mekanik\/far-ayar-cihazlari\/far-ayar-cihazihella-gutmann-born-in-germanyseg-economyampul-halogen-xenon-bi-xenon-ve-led-far-sistemlerine-uygun\/","og_site_name":"Bak\u0131rc\u0131 Garagineering","article_publisher":"https:\/\/www.facebook.com\/bakirci.garagineering","article_modified_time":"2021-08-06T14:16:03+00:00","og_image":[{"width":1200,"height":1200,"url":"https:\/\/bakirci.com\/ekipman\/wp-content\/uploads\/2021\/06\/SEG-Economy.png","path":"\/home\/bakirciwebsitesi\/public_html\/ekipman\/wp-content\/uploads\/2021\/06\/SEG-Economy.png","size":"full","id":4404,"alt":"","pixels":1440000,"type":"image\/png"}],"twitter_card":"summary_large_image","twitter_misc":{"Tahmini okuma s\u00fcresi":"1 dakika"},"schema":{"@context":"https:\/\/schema.org","@graph":[{"@type":"Organization","@id":"https:\/\/bakirci.com\/ekipman\/#organization","name":"Bak\u0131rc\u0131 garagineering","url":"https:\/\/bakirci.com\/ekipman\/","sameAs":["https:\/\/www.facebook.com\/bakirci.garagineering","https:\/\/www.instagram.com\/bakirci.garagineering\/","https:\/\/www.linkedin.com\/company\/bakirci-garagineering\/","https:\/\/www.youtube.com\/channel\/UCiVG6s_jALJ6Zk8085XiOQg"],"logo":{"@type":"ImageObject","@id":"https:\/\/bakirci.com\/ekipman\/#logo","inLanguage":"tr","url":"https:\/\/bakirci.com\/ekipman\/wp-content\/uploads\/2021\/09\/Bakirci-logo-lacivert.png","contentUrl":"https:\/\/bakirci.com\/ekipman\/wp-content\/uploads\/2021\/09\/Bakirci-logo-lacivert.png","width":501,"height":501,"caption":"Bak\u0131rc\u0131 garagineering"},"image":{"@id":"https:\/\/bakirci.com\/ekipman\/#logo"}},{"@type":"WebSite","@id":"https:\/\/bakirci.com\/ekipman\/#website","url":"https:\/\/bakirci.com\/ekipman\/","name":"Bak\u0131rc\u0131 Garagineering","description":"Otomotiv sekt\u00f6r\u00fcne \u00f6zel, \u201c\u00dcretici Standard\u0131nda\u201d \u00e7\u00f6z\u00fcmler\u2026","publisher":{"@id":"https:\/\/bakirci.com\/ekipman\/#organization"},"potentialAction":[{"@type":"SearchAction","target":{"@type":"EntryPoint","urlTemplate":"https:\/\/bakirci.com\/ekipman\/?s={search_term_string}"},"query-input":"required name=search_term_string"}],"inLanguage":"tr"},{"@type":"ImageObject","@id":"https:\/\/bakirci.com\/ekipman\/servis-ekipmanlari\/mekanik\/far-ayar-cihazlari\/far-ayar-cihazihella-gutmann-born-in-germanyseg-economyampul-halogen-xenon-bi-xenon-ve-led-far-sistemlerine-uygun\/#primaryimage","inLanguage":"tr","url":"https:\/\/bakirci.com\/ekipman\/wp-content\/uploads\/2021\/06\/SEG-Economy.png","contentUrl":"https:\/\/bakirci.com\/ekipman\/wp-content\/uploads\/2021\/06\/SEG-Economy.png","width":1200,"height":1200},{"@type":"WebPage","@id":"https:\/\/bakirci.com\/ekipman\/servis-ekipmanlari\/mekanik\/far-ayar-cihazlari\/far-ayar-cihazihella-gutmann-born-in-germanyseg-economyampul-halogen-xenon-bi-xenon-ve-led-far-sistemlerine-uygun\/#webpage","url":"https:\/\/bakirci.com\/ekipman\/servis-ekipmanlari\/mekanik\/far-ayar-cihazlari\/far-ayar-cihazihella-gutmann-born-in-germanyseg-economyampul-halogen-xenon-bi-xenon-ve-led-far-sistemlerine-uygun\/","name":"Far Ayar Cihaz\u0131 HELLA GUTMANN (Born in GERMANY) SEG-Economy Ampul, Halogen, Xenon, Bi-Xenon ve Led far sistemlerine uygun - Bak\u0131rc\u0131 Garagineering","isPartOf":{"@id":"https:\/\/bakirci.com\/ekipman\/#website"},"primaryImageOfPage":{"@id":"https:\/\/bakirci.com\/ekipman\/servis-ekipmanlari\/mekanik\/far-ayar-cihazlari\/far-ayar-cihazihella-gutmann-born-in-germanyseg-economyampul-halogen-xenon-bi-xenon-ve-led-far-sistemlerine-uygun\/#primaryimage"},"datePublished":"2021-01-02T17:30:20+00:00","dateModified":"2021-08-06T14:16:03+00:00","breadcrumb":{"@id":"https:\/\/bakirci.com\/ekipman\/servis-ekipmanlari\/mekanik\/far-ayar-cihazlari\/far-ayar-cihazihella-gutmann-born-in-germanyseg-economyampul-halogen-xenon-bi-xenon-ve-led-far-sistemlerine-uygun\/#breadcrumb"},"inLanguage":"tr","potentialAction":[{"@type":"ReadAction","target":["https:\/\/bakirci.com\/ekipman\/servis-ekipmanlari\/mekanik\/far-ayar-cihazlari\/far-ayar-cihazihella-gutmann-born-in-germanyseg-economyampul-halogen-xenon-bi-xenon-ve-led-far-sistemlerine-uygun\/"]}]},{"@type":"BreadcrumbList","@id":"https:\/\/bakirci.com\/ekipman\/servis-ekipmanlari\/mekanik\/far-ayar-cihazlari\/far-ayar-cihazihella-gutmann-born-in-germanyseg-economyampul-halogen-xenon-bi-xenon-ve-led-far-sistemlerine-uygun\/#breadcrumb","itemListElement":[{"@type":"ListItem","position":1,"name":"Ekipman","item":"https:\/\/bakirci.com\/ekipman\/"},{"@type":"ListItem","position":2,"name":"Otomotiv Tesisleri \u0130\u00e7in Servis Ekipmanlar\u0131","item":"https:\/\/bakirci.com\/ekipman\/"},{"@type":"ListItem","position":3,"name":"Far Ayar Cihaz\u0131HELLA GUTMANN (Born in GERMANY)SEG-EconomyAmpul, Halogen, Xenon, Bi-Xenon ve Led far sistemlerine uygun"}]}]}},"_links":{"self":[{"href":"https:\/\/bakirci.com\/ekipman\/wp-json\/wp\/v2\/product\/4403","targetHints":{"allow":["GET"]}}],"collection":[{"href":"https:\/\/bakirci.com\/ekipman\/wp-json\/wp\/v2\/product"}],"about":[{"href":"https:\/\/bakirci.com\/ekipman\/wp-json\/wp\/v2\/types\/product"}],"replies":[{"embeddable":true,"href":"https:\/\/bakirci.com\/ekipman\/wp-json\/wp\/v2\/comments?post=4403"}],"wp:featuredmedia":[{"embeddable":true,"href":"https:\/\/bakirci.com\/ekipman\/wp-json\/wp\/v2\/media\/4404"}],"wp:attachment":[{"href":"https:\/\/bakirci.com\/ekipman\/wp-json\/wp\/v2\/media?parent=4403"}],"wp:term":[{"taxonomy":"product_cat","embeddable":true,"href":"https:\/\/bakirci.com\/ekipman\/wp-json\/wp\/v2\/product_cat?post=4403"},{"taxonomy":"product_tag","embeddable":true,"href":"https:\/\/bakirci.com\/ekipman\/wp-json\/wp\/v2\/product_tag?post=4403"}],"curies":[{"name":"wp","href":"https:\/\/api.w.org\/{rel}","templated":true}]}}