{"id":4394,"date":"2021-01-02T18:00:18","date_gmt":"2021-01-02T18:00:18","guid":{"rendered":"https:\/\/j6l.65c.myftpupload.com\/?post_type=product&#038;p=4394"},"modified":"2021-08-06T14:14:26","modified_gmt":"2021-08-06T14:14:26","slug":"klima-gaz-dolum-cihazi-bosch-born-in-germanyacs-653-p-r134asogutucu-tank-hacmi-19-kg","status":"publish","type":"product","link":"https:\/\/bakirci.com\/ekipman\/servis-ekipmanlari\/mekanik\/klima-bakim-cihazlari\/klima-gaz-dolum-cihazi-bosch-born-in-germanyacs-653-p-r134asogutucu-tank-hacmi-19-kg\/","title":{"rendered":"<p class=\"ustmetin\">Klima Gaz Dolum Cihaz\u0131 <\/p><p class=\"ortametin\">BOSCH <span class=\"ortametin2\">(Born in GERMANY)<\/span><\/p><p class=\"altmetin\">ACS 653-P &#8211; R134a<br>So\u011futucu tank hacmi 19 kg<\/p>"},"content":{"rendered":"<ul>\n<li>Klima Gaz Dolum Cihaz\u0131 &#8211; ACS 653-P &#8211; R134a<\/li>\n<li>Binek, hafif ticari ve a\u011f\u0131r ticari tip ara\u00e7lar i\u00e7in<\/li>\n<li>Ger\u00e7ek tam otomatik test prosed\u00fcr\u00fc<\/li>\n<li>G\u00f6rsel ve akustik sinyal ile hata ve i\u015flem sonu bildirimi<\/li>\n<li>4.3&#8243; renkli TFT ekran ve alfan\u00fcmerik tu\u015f tak\u0131m\u0131<\/li>\n<li>Dahili termal yaz\u0131c\u0131<\/li>\n<li>Gaz geri d\u00f6n\u00fc\u015f\u00fcm netlik oran\u0131 %99<\/li>\n<li>So\u011futucu tank hacmi 19 kg<\/li>\n<li>Vakum pompas\u0131 g\u00fcc\u00fc 170 lt\/dk<\/li>\n<li>Hassasiyet \u00b1 15 gr<\/li>\n<\/ul>\n","protected":false},"excerpt":{"rendered":"<ul>\n<li>Klima Gaz Dolum Cihaz\u0131 &#8211; ACS 653-P &#8211; R134a<\/li>\n<li>Binek, hafif ticari ve a\u011f\u0131r ticari tip ara\u00e7lar i\u00e7in<\/li>\n<li>Ger\u00e7ek tam otomatik test prosed\u00fcr\u00fc<\/li>\n<li>G\u00f6rsel ve akustik sinyal ile hata ve i\u015flem sonu bildirimi<\/li>\n<li>4.3&#8243; renkli TFT ekran ve alfan\u00fcmerik tu\u015f tak\u0131m\u0131<\/li>\n<li>Dahili termal yaz\u0131c\u0131<\/li>\n<li>Gaz geri d\u00f6n\u00fc\u015f\u00fcm netlik oran\u0131 %99<\/li>\n<li>So\u011futucu tank hacmi 19 kg<\/li>\n<li>Vakum pompas\u0131 g\u00fcc\u00fc 170 lt\/dk<\/li>\n<li>Hassasiyet \u00b1 15 gr<\/li>\n<\/ul>\n","protected":false},"featured_media":4395,"comment_status":"closed","ping_status":"closed","template":"","meta":[],"product_cat":[150],"product_tag":[594,593,344,595,596],"class_list":["post-4394","product","type-product","status-publish","has-post-thumbnail","hentry","pwb-brand-bosch","product_cat-klima-bakim-cihazlari","product_tag-araba-gaz-basma","product_tag-arac-gaz-basma","product_tag-bosch","product_tag-klima-test-cihazi","product_tag-sogutucu-gaz-basma"],"brands":[{"id":374,"name":"BOSCH","slug":"bosch"}],"yoast_head":"<!-- This site is optimized with the Yoast SEO plugin v17.1 - https:\/\/yoast.com\/wordpress\/plugins\/seo\/ -->\n<title>Klima Gaz Dolum Cihaz\u0131 BOSCH (Born in GERMANY)ACS 653-P - R134aSo\u011futucu tank hacmi 19 kg - Bak\u0131rc\u0131 Garagineering<\/title>\n<meta name=\"robots\" content=\"index, follow, max-snippet:-1, max-image-preview:large, max-video-preview:-1\" \/>\n<link rel=\"canonical\" href=\"https:\/\/bakirci.com\/ekipman\/servis-ekipmanlari\/mekanik\/klima-bakim-cihazlari\/klima-gaz-dolum-cihazi-bosch-born-in-germanyacs-653-p-r134asogutucu-tank-hacmi-19-kg\/\" \/>\n<meta property=\"og:locale\" content=\"tr_TR\" \/>\n<meta property=\"og:type\" content=\"article\" \/>\n<meta property=\"og:title\" content=\"Klima Gaz Dolum Cihaz\u0131 BOSCH (Born in GERMANY)ACS 653-P - R134aSo\u011futucu tank hacmi 19 kg - Bak\u0131rc\u0131 Garagineering\" \/>\n<meta property=\"og:description\" content=\"Klima Gaz Dolum Cihaz\u0131 - ACS 653-P - R134a  Binek, hafif ticari ve a\u011f\u0131r ticari tip ara\u00e7lar i\u00e7in  Ger\u00e7ek tam otomatik test prosed\u00fcr\u00fc  G\u00f6rsel ve akustik sinyal ile hata ve i\u015flem sonu bildirimi  4.3&quot; renkli TFT ekran ve alfan\u00fcmerik tu\u015f tak\u0131m\u0131  Dahili termal yaz\u0131c\u0131  Gaz geri d\u00f6n\u00fc\u015f\u00fcm netlik oran\u0131 %99  So\u011futucu tank hacmi 19 kg  Vakum pompas\u0131 g\u00fcc\u00fc 170 lt\/dk  Hassasiyet \u00b1 15 gr\" \/>\n<meta property=\"og:url\" content=\"https:\/\/bakirci.com\/ekipman\/servis-ekipmanlari\/mekanik\/klima-bakim-cihazlari\/klima-gaz-dolum-cihazi-bosch-born-in-germanyacs-653-p-r134asogutucu-tank-hacmi-19-kg\/\" \/>\n<meta property=\"og:site_name\" content=\"Bak\u0131rc\u0131 Garagineering\" \/>\n<meta property=\"article:publisher\" content=\"https:\/\/www.facebook.com\/bakirci.garagineering\" \/>\n<meta property=\"article:modified_time\" content=\"2021-08-06T14:14:26+00:00\" \/>\n<meta property=\"og:image\" content=\"https:\/\/bakirci.com\/ekipman\/wp-content\/uploads\/2021\/06\/ACS-653-P-R134a.png\" \/>\n\t<meta property=\"og:image:width\" content=\"1200\" \/>\n\t<meta property=\"og:image:height\" content=\"1200\" \/>\n<meta name=\"twitter:card\" content=\"summary_large_image\" \/>\n<meta name=\"twitter:label1\" content=\"Tahmini okuma s\u00fcresi\" \/>\n\t<meta name=\"twitter:data1\" content=\"1 dakika\" \/>\n<script type=\"application\/ld+json\" class=\"yoast-schema-graph\">{\"@context\":\"https:\/\/schema.org\",\"@graph\":[{\"@type\":\"Organization\",\"@id\":\"https:\/\/bakirci.com\/ekipman\/#organization\",\"name\":\"Bak\\u0131rc\\u0131 garagineering\",\"url\":\"https:\/\/bakirci.com\/ekipman\/\",\"sameAs\":[\"https:\/\/www.facebook.com\/bakirci.garagineering\",\"https:\/\/www.instagram.com\/bakirci.garagineering\/\",\"https:\/\/www.linkedin.com\/company\/bakirci-garagineering\/\",\"https:\/\/www.youtube.com\/channel\/UCiVG6s_jALJ6Zk8085XiOQg\"],\"logo\":{\"@type\":\"ImageObject\",\"@id\":\"https:\/\/bakirci.com\/ekipman\/#logo\",\"inLanguage\":\"tr\",\"url\":\"https:\/\/bakirci.com\/ekipman\/wp-content\/uploads\/2021\/09\/Bakirci-logo-lacivert.png\",\"contentUrl\":\"https:\/\/bakirci.com\/ekipman\/wp-content\/uploads\/2021\/09\/Bakirci-logo-lacivert.png\",\"width\":501,\"height\":501,\"caption\":\"Bak\\u0131rc\\u0131 garagineering\"},\"image\":{\"@id\":\"https:\/\/bakirci.com\/ekipman\/#logo\"}},{\"@type\":\"WebSite\",\"@id\":\"https:\/\/bakirci.com\/ekipman\/#website\",\"url\":\"https:\/\/bakirci.com\/ekipman\/\",\"name\":\"Bak\\u0131rc\\u0131 Garagineering\",\"description\":\"Otomotiv sekt\\u00f6r\\u00fcne \\u00f6zel, \\u201c\\u00dcretici Standard\\u0131nda\\u201d \\u00e7\\u00f6z\\u00fcmler\\u2026\",\"publisher\":{\"@id\":\"https:\/\/bakirci.com\/ekipman\/#organization\"},\"potentialAction\":[{\"@type\":\"SearchAction\",\"target\":{\"@type\":\"EntryPoint\",\"urlTemplate\":\"https:\/\/bakirci.com\/ekipman\/?s={search_term_string}\"},\"query-input\":\"required name=search_term_string\"}],\"inLanguage\":\"tr\"},{\"@type\":\"ImageObject\",\"@id\":\"https:\/\/bakirci.com\/ekipman\/servis-ekipmanlari\/mekanik\/klima-bakim-cihazlari\/klima-gaz-dolum-cihazi-bosch-born-in-germanyacs-653-p-r134asogutucu-tank-hacmi-19-kg\/#primaryimage\",\"inLanguage\":\"tr\",\"url\":\"https:\/\/bakirci.com\/ekipman\/wp-content\/uploads\/2021\/06\/ACS-653-P-R134a.png\",\"contentUrl\":\"https:\/\/bakirci.com\/ekipman\/wp-content\/uploads\/2021\/06\/ACS-653-P-R134a.png\",\"width\":1200,\"height\":1200},{\"@type\":\"WebPage\",\"@id\":\"https:\/\/bakirci.com\/ekipman\/servis-ekipmanlari\/mekanik\/klima-bakim-cihazlari\/klima-gaz-dolum-cihazi-bosch-born-in-germanyacs-653-p-r134asogutucu-tank-hacmi-19-kg\/#webpage\",\"url\":\"https:\/\/bakirci.com\/ekipman\/servis-ekipmanlari\/mekanik\/klima-bakim-cihazlari\/klima-gaz-dolum-cihazi-bosch-born-in-germanyacs-653-p-r134asogutucu-tank-hacmi-19-kg\/\",\"name\":\"Klima Gaz Dolum Cihaz\\u0131 BOSCH (Born in GERMANY) ACS 653-P - R134a So\\u011futucu tank hacmi 19 kg - Bak\\u0131rc\\u0131 Garagineering\",\"isPartOf\":{\"@id\":\"https:\/\/bakirci.com\/ekipman\/#website\"},\"primaryImageOfPage\":{\"@id\":\"https:\/\/bakirci.com\/ekipman\/servis-ekipmanlari\/mekanik\/klima-bakim-cihazlari\/klima-gaz-dolum-cihazi-bosch-born-in-germanyacs-653-p-r134asogutucu-tank-hacmi-19-kg\/#primaryimage\"},\"datePublished\":\"2021-01-02T18:00:18+00:00\",\"dateModified\":\"2021-08-06T14:14:26+00:00\",\"breadcrumb\":{\"@id\":\"https:\/\/bakirci.com\/ekipman\/servis-ekipmanlari\/mekanik\/klima-bakim-cihazlari\/klima-gaz-dolum-cihazi-bosch-born-in-germanyacs-653-p-r134asogutucu-tank-hacmi-19-kg\/#breadcrumb\"},\"inLanguage\":\"tr\",\"potentialAction\":[{\"@type\":\"ReadAction\",\"target\":[\"https:\/\/bakirci.com\/ekipman\/servis-ekipmanlari\/mekanik\/klima-bakim-cihazlari\/klima-gaz-dolum-cihazi-bosch-born-in-germanyacs-653-p-r134asogutucu-tank-hacmi-19-kg\/\"]}]},{\"@type\":\"BreadcrumbList\",\"@id\":\"https:\/\/bakirci.com\/ekipman\/servis-ekipmanlari\/mekanik\/klima-bakim-cihazlari\/klima-gaz-dolum-cihazi-bosch-born-in-germanyacs-653-p-r134asogutucu-tank-hacmi-19-kg\/#breadcrumb\",\"itemListElement\":[{\"@type\":\"ListItem\",\"position\":1,\"name\":\"Ekipman\",\"item\":\"https:\/\/bakirci.com\/ekipman\/\"},{\"@type\":\"ListItem\",\"position\":2,\"name\":\"Otomotiv Tesisleri \\u0130\\u00e7in Servis Ekipmanlar\\u0131\",\"item\":\"https:\/\/bakirci.com\/ekipman\/\"},{\"@type\":\"ListItem\",\"position\":3,\"name\":\"Klima Gaz Dolum Cihaz\\u0131 BOSCH (Born in GERMANY)ACS 653-P &#8211; R134aSo\\u011futucu tank hacmi 19 kg\"}]}]}<\/script>\n<!-- \/ Yoast SEO plugin. -->","yoast_head_json":{"title":"Klima Gaz Dolum Cihaz\u0131 BOSCH (Born in GERMANY)ACS 653-P - R134aSo\u011futucu tank hacmi 19 kg - Bak\u0131rc\u0131 Garagineering","robots":{"index":"index","follow":"follow","max-snippet":"max-snippet:-1","max-image-preview":"max-image-preview:large","max-video-preview":"max-video-preview:-1"},"canonical":"https:\/\/bakirci.com\/ekipman\/servis-ekipmanlari\/mekanik\/klima-bakim-cihazlari\/klima-gaz-dolum-cihazi-bosch-born-in-germanyacs-653-p-r134asogutucu-tank-hacmi-19-kg\/","og_locale":"tr_TR","og_type":"article","og_title":"Klima Gaz Dolum Cihaz\u0131 BOSCH (Born in GERMANY)ACS 653-P - R134aSo\u011futucu tank hacmi 19 kg - Bak\u0131rc\u0131 Garagineering","og_description":"Klima Gaz Dolum Cihaz\u0131 - ACS 653-P - R134a  Binek, hafif ticari ve a\u011f\u0131r ticari tip ara\u00e7lar i\u00e7in  Ger\u00e7ek tam otomatik test prosed\u00fcr\u00fc  G\u00f6rsel ve akustik sinyal ile hata ve i\u015flem sonu bildirimi  4.3\" renkli TFT ekran ve alfan\u00fcmerik tu\u015f tak\u0131m\u0131  Dahili termal yaz\u0131c\u0131  Gaz geri d\u00f6n\u00fc\u015f\u00fcm netlik oran\u0131 %99  So\u011futucu tank hacmi 19 kg  Vakum pompas\u0131 g\u00fcc\u00fc 170 lt\/dk  Hassasiyet \u00b1 15 gr","og_url":"https:\/\/bakirci.com\/ekipman\/servis-ekipmanlari\/mekanik\/klima-bakim-cihazlari\/klima-gaz-dolum-cihazi-bosch-born-in-germanyacs-653-p-r134asogutucu-tank-hacmi-19-kg\/","og_site_name":"Bak\u0131rc\u0131 Garagineering","article_publisher":"https:\/\/www.facebook.com\/bakirci.garagineering","article_modified_time":"2021-08-06T14:14:26+00:00","og_image":[{"width":1200,"height":1200,"url":"https:\/\/bakirci.com\/ekipman\/wp-content\/uploads\/2021\/06\/ACS-653-P-R134a.png","path":"\/home\/bakirciwebsitesi\/public_html\/ekipman\/wp-content\/uploads\/2021\/06\/ACS-653-P-R134a.png","size":"full","id":4395,"alt":"","pixels":1440000,"type":"image\/png"}],"twitter_card":"summary_large_image","twitter_misc":{"Tahmini okuma s\u00fcresi":"1 dakika"},"schema":{"@context":"https:\/\/schema.org","@graph":[{"@type":"Organization","@id":"https:\/\/bakirci.com\/ekipman\/#organization","name":"Bak\u0131rc\u0131 garagineering","url":"https:\/\/bakirci.com\/ekipman\/","sameAs":["https:\/\/www.facebook.com\/bakirci.garagineering","https:\/\/www.instagram.com\/bakirci.garagineering\/","https:\/\/www.linkedin.com\/company\/bakirci-garagineering\/","https:\/\/www.youtube.com\/channel\/UCiVG6s_jALJ6Zk8085XiOQg"],"logo":{"@type":"ImageObject","@id":"https:\/\/bakirci.com\/ekipman\/#logo","inLanguage":"tr","url":"https:\/\/bakirci.com\/ekipman\/wp-content\/uploads\/2021\/09\/Bakirci-logo-lacivert.png","contentUrl":"https:\/\/bakirci.com\/ekipman\/wp-content\/uploads\/2021\/09\/Bakirci-logo-lacivert.png","width":501,"height":501,"caption":"Bak\u0131rc\u0131 garagineering"},"image":{"@id":"https:\/\/bakirci.com\/ekipman\/#logo"}},{"@type":"WebSite","@id":"https:\/\/bakirci.com\/ekipman\/#website","url":"https:\/\/bakirci.com\/ekipman\/","name":"Bak\u0131rc\u0131 Garagineering","description":"Otomotiv sekt\u00f6r\u00fcne \u00f6zel, \u201c\u00dcretici Standard\u0131nda\u201d \u00e7\u00f6z\u00fcmler\u2026","publisher":{"@id":"https:\/\/bakirci.com\/ekipman\/#organization"},"potentialAction":[{"@type":"SearchAction","target":{"@type":"EntryPoint","urlTemplate":"https:\/\/bakirci.com\/ekipman\/?s={search_term_string}"},"query-input":"required name=search_term_string"}],"inLanguage":"tr"},{"@type":"ImageObject","@id":"https:\/\/bakirci.com\/ekipman\/servis-ekipmanlari\/mekanik\/klima-bakim-cihazlari\/klima-gaz-dolum-cihazi-bosch-born-in-germanyacs-653-p-r134asogutucu-tank-hacmi-19-kg\/#primaryimage","inLanguage":"tr","url":"https:\/\/bakirci.com\/ekipman\/wp-content\/uploads\/2021\/06\/ACS-653-P-R134a.png","contentUrl":"https:\/\/bakirci.com\/ekipman\/wp-content\/uploads\/2021\/06\/ACS-653-P-R134a.png","width":1200,"height":1200},{"@type":"WebPage","@id":"https:\/\/bakirci.com\/ekipman\/servis-ekipmanlari\/mekanik\/klima-bakim-cihazlari\/klima-gaz-dolum-cihazi-bosch-born-in-germanyacs-653-p-r134asogutucu-tank-hacmi-19-kg\/#webpage","url":"https:\/\/bakirci.com\/ekipman\/servis-ekipmanlari\/mekanik\/klima-bakim-cihazlari\/klima-gaz-dolum-cihazi-bosch-born-in-germanyacs-653-p-r134asogutucu-tank-hacmi-19-kg\/","name":"Klima Gaz Dolum Cihaz\u0131 BOSCH (Born in GERMANY) ACS 653-P - R134a So\u011futucu tank hacmi 19 kg - Bak\u0131rc\u0131 Garagineering","isPartOf":{"@id":"https:\/\/bakirci.com\/ekipman\/#website"},"primaryImageOfPage":{"@id":"https:\/\/bakirci.com\/ekipman\/servis-ekipmanlari\/mekanik\/klima-bakim-cihazlari\/klima-gaz-dolum-cihazi-bosch-born-in-germanyacs-653-p-r134asogutucu-tank-hacmi-19-kg\/#primaryimage"},"datePublished":"2021-01-02T18:00:18+00:00","dateModified":"2021-08-06T14:14:26+00:00","breadcrumb":{"@id":"https:\/\/bakirci.com\/ekipman\/servis-ekipmanlari\/mekanik\/klima-bakim-cihazlari\/klima-gaz-dolum-cihazi-bosch-born-in-germanyacs-653-p-r134asogutucu-tank-hacmi-19-kg\/#breadcrumb"},"inLanguage":"tr","potentialAction":[{"@type":"ReadAction","target":["https:\/\/bakirci.com\/ekipman\/servis-ekipmanlari\/mekanik\/klima-bakim-cihazlari\/klima-gaz-dolum-cihazi-bosch-born-in-germanyacs-653-p-r134asogutucu-tank-hacmi-19-kg\/"]}]},{"@type":"BreadcrumbList","@id":"https:\/\/bakirci.com\/ekipman\/servis-ekipmanlari\/mekanik\/klima-bakim-cihazlari\/klima-gaz-dolum-cihazi-bosch-born-in-germanyacs-653-p-r134asogutucu-tank-hacmi-19-kg\/#breadcrumb","itemListElement":[{"@type":"ListItem","position":1,"name":"Ekipman","item":"https:\/\/bakirci.com\/ekipman\/"},{"@type":"ListItem","position":2,"name":"Otomotiv Tesisleri \u0130\u00e7in Servis Ekipmanlar\u0131","item":"https:\/\/bakirci.com\/ekipman\/"},{"@type":"ListItem","position":3,"name":"Klima Gaz Dolum Cihaz\u0131 BOSCH (Born in GERMANY)ACS 653-P &#8211; R134aSo\u011futucu tank hacmi 19 kg"}]}]}},"_links":{"self":[{"href":"https:\/\/bakirci.com\/ekipman\/wp-json\/wp\/v2\/product\/4394","targetHints":{"allow":["GET"]}}],"collection":[{"href":"https:\/\/bakirci.com\/ekipman\/wp-json\/wp\/v2\/product"}],"about":[{"href":"https:\/\/bakirci.com\/ekipman\/wp-json\/wp\/v2\/types\/product"}],"replies":[{"embeddable":true,"href":"https:\/\/bakirci.com\/ekipman\/wp-json\/wp\/v2\/comments?post=4394"}],"wp:featuredmedia":[{"embeddable":true,"href":"https:\/\/bakirci.com\/ekipman\/wp-json\/wp\/v2\/media\/4395"}],"wp:attachment":[{"href":"https:\/\/bakirci.com\/ekipman\/wp-json\/wp\/v2\/media?parent=4394"}],"wp:term":[{"taxonomy":"product_cat","embeddable":true,"href":"https:\/\/bakirci.com\/ekipman\/wp-json\/wp\/v2\/product_cat?post=4394"},{"taxonomy":"product_tag","embeddable":true,"href":"https:\/\/bakirci.com\/ekipman\/wp-json\/wp\/v2\/product_tag?post=4394"}],"curies":[{"name":"wp","href":"https:\/\/api.w.org\/{rel}","templated":true}]}}