{"id":4382,"date":"2021-01-02T18:35:11","date_gmt":"2021-01-02T18:35:11","guid":{"rendered":"https:\/\/j6l.65c.myftpupload.com\/?post_type=product&#038;p=4382"},"modified":"2021-08-06T14:12:50","modified_gmt":"2021-08-06T14:12:50","slug":"arac-radar-ve-kamera-kalibrasyon-cihazihella-gutmann-born-in-germanycsc-tool-v2-sefarkli-kamera-ve-radar-sistemlerinin-kalibrasyonu","status":"publish","type":"product","link":"https:\/\/bakirci.com\/ekipman\/servis-ekipmanlari\/mekanik\/adas-kalibrasyon-sistemleri\/arac-radar-ve-kamera-kalibrasyon-cihazihella-gutmann-born-in-germanycsc-tool-v2-sefarkli-kamera-ve-radar-sistemlerinin-kalibrasyonu\/","title":{"rendered":"<p class=\"ustmetin\">Ara\u00e7 Radar ve Kamera Kalibrasyon Cihaz\u0131<\/p><p class=\"ortametin\">HELLA GUTMANN <span class=\"ortametin2\">(Born in GERMANY)<\/span><\/p><p class=\"altmetin\">CSC-Tool V2 SE<br>Farkl\u0131 kamera ve radar sistemlerinin kalibrasyonu<\/p>"},"content":{"rendered":"<ul>\n<li>Ara\u00e7 Radar ve Kamera Kalibrasyon Cihaz\u0131 &#8211; CSC-Tool V2 SE<\/li>\n<li>Ara\u00e7lar\u0131n s\u00fcr\u00fc\u015f esnas\u0131ndaki mesafe kontrol\u00fc ve \u015ferit takip sistemlerinin kalibrasyonu ve ayarlamas\u0131nda kullan\u0131l\u0131r<\/li>\n<li>Geometrik s\u00fcr\u00fc\u015f ekseninin (arka aks) hizalanmas\u0131nda y\u00fcksek \u00f6l\u00e7\u00fcm hassasiyeti<\/li>\n<li>\u0130lave aks \u00f6l\u00e7\u00fcm sistemine ihtiya\u00e7 duyulmadan merkezleme<\/li>\n<li>Farkl\u0131 kamera ve radar sistemlerinin kalibre edilebilmesi<\/li>\n<li>Ayar\u0131n veya kalibrasyonun yazd\u0131r\u0131larak ve ara\u00e7 ge\u00e7mi\u015fine kaydedilerek dok\u00fcmantasyonu (Harici bir diyagnoz cihaz\u0131 ile birlikte kullan\u0131lmal\u0131d\u0131r)<\/li>\n<\/ul>\n","protected":false},"excerpt":{"rendered":"<ul>\n<li>Ara\u00e7 Radar ve Kamera Kalibrasyon Cihaz\u0131 &#8211; CSC-Tool V2 SE<\/li>\n<li>Ara\u00e7lar\u0131n s\u00fcr\u00fc\u015f esnas\u0131ndaki mesafe kontrol\u00fc ve \u015ferit takip sistemlerinin kalibrasyonu ve ayarlamas\u0131nda kullan\u0131l\u0131r<\/li>\n<li>Geometrik s\u00fcr\u00fc\u015f ekseninin (arka aks) hizalanmas\u0131nda y\u00fcksek \u00f6l\u00e7\u00fcm hassasiyeti<\/li>\n<li>\u0130lave aks \u00f6l\u00e7\u00fcm sistemine ihtiya\u00e7 duyulmadan merkezleme<\/li>\n<li>Farkl\u0131 kamera ve radar sistemlerinin kalibre edilebilmesi<\/li>\n<li>Ayar\u0131n veya kalibrasyonun yazd\u0131r\u0131larak ve ara\u00e7 ge\u00e7mi\u015fine kaydedilerek dok\u00fcmantasyonu (Harici bir diyagnoz cihaz\u0131 ile birlikte kullan\u0131lmal\u0131d\u0131r)<\/li>\n<\/ul>\n","protected":false},"featured_media":4385,"comment_status":"closed","ping_status":"closed","template":"","meta":[],"product_cat":[141],"product_tag":[590,339,592,589,591],"class_list":["post-4382","product","type-product","status-publish","has-post-thumbnail","hentry","pwb-brand-hella-gutmann","product_cat-adas-kalibrasyon-sistemleri","product_tag-adas","product_tag-hella-gutmann","product_tag-kamera-kalibrasyon","product_tag-lidar","product_tag-sensor-kalibrasyon"],"brands":[{"id":373,"name":"HELLA GUTMANN","slug":"hella-gutmann"}],"yoast_head":"<!-- This site is optimized with the Yoast SEO plugin v17.1 - https:\/\/yoast.com\/wordpress\/plugins\/seo\/ -->\n<title>Ara\u00e7 Radar ve Kamera Kalibrasyon Cihaz\u0131HELLA GUTMANN (Born in GERMANY)CSC-Tool V2 SEFarkl\u0131 kamera ve radar sistemlerinin kalibrasyonu - Bak\u0131rc\u0131 Garagineering<\/title>\n<meta name=\"robots\" content=\"index, follow, max-snippet:-1, max-image-preview:large, max-video-preview:-1\" \/>\n<link rel=\"canonical\" href=\"https:\/\/bakirci.com\/ekipman\/servis-ekipmanlari\/mekanik\/adas-kalibrasyon-sistemleri\/arac-radar-ve-kamera-kalibrasyon-cihazihella-gutmann-born-in-germanycsc-tool-v2-sefarkli-kamera-ve-radar-sistemlerinin-kalibrasyonu\/\" \/>\n<meta property=\"og:locale\" content=\"tr_TR\" \/>\n<meta property=\"og:type\" content=\"article\" \/>\n<meta property=\"og:title\" content=\"Ara\u00e7 Radar ve Kamera Kalibrasyon Cihaz\u0131HELLA GUTMANN (Born in GERMANY)CSC-Tool V2 SEFarkl\u0131 kamera ve radar sistemlerinin kalibrasyonu - Bak\u0131rc\u0131 Garagineering\" \/>\n<meta property=\"og:description\" content=\"Ara\u00e7 Radar ve Kamera Kalibrasyon Cihaz\u0131 - CSC-Tool V2 SE  Ara\u00e7lar\u0131n s\u00fcr\u00fc\u015f esnas\u0131ndaki mesafe kontrol\u00fc ve \u015ferit takip sistemlerinin kalibrasyonu ve ayarlamas\u0131nda kullan\u0131l\u0131r  Geometrik s\u00fcr\u00fc\u015f ekseninin (arka aks) hizalanmas\u0131nda y\u00fcksek \u00f6l\u00e7\u00fcm hassasiyeti  \u0130lave aks \u00f6l\u00e7\u00fcm sistemine ihtiya\u00e7 duyulmadan merkezleme  Farkl\u0131 kamera ve radar sistemlerinin kalibre edilebilmesi  Ayar\u0131n veya kalibrasyonun yazd\u0131r\u0131larak ve ara\u00e7 ge\u00e7mi\u015fine kaydedilerek dok\u00fcmantasyonu (Harici bir diyagnoz cihaz\u0131 ile birlikte kullan\u0131lmal\u0131d\u0131r)\" \/>\n<meta property=\"og:url\" content=\"https:\/\/bakirci.com\/ekipman\/servis-ekipmanlari\/mekanik\/adas-kalibrasyon-sistemleri\/arac-radar-ve-kamera-kalibrasyon-cihazihella-gutmann-born-in-germanycsc-tool-v2-sefarkli-kamera-ve-radar-sistemlerinin-kalibrasyonu\/\" \/>\n<meta property=\"og:site_name\" content=\"Bak\u0131rc\u0131 Garagineering\" \/>\n<meta property=\"article:publisher\" content=\"https:\/\/www.facebook.com\/bakirci.garagineering\" \/>\n<meta property=\"article:modified_time\" content=\"2021-08-06T14:12:50+00:00\" \/>\n<meta property=\"og:image\" content=\"https:\/\/bakirci.com\/ekipman\/wp-content\/uploads\/2021\/06\/CSC-Tool-V2-SE.png\" \/>\n\t<meta property=\"og:image:width\" content=\"889\" \/>\n\t<meta property=\"og:image:height\" content=\"889\" \/>\n<meta name=\"twitter:card\" content=\"summary_large_image\" \/>\n<meta name=\"twitter:label1\" content=\"Tahmini okuma s\u00fcresi\" \/>\n\t<meta name=\"twitter:data1\" content=\"1 dakika\" \/>\n<script type=\"application\/ld+json\" class=\"yoast-schema-graph\">{\"@context\":\"https:\/\/schema.org\",\"@graph\":[{\"@type\":\"Organization\",\"@id\":\"https:\/\/bakirci.com\/ekipman\/#organization\",\"name\":\"Bak\\u0131rc\\u0131 garagineering\",\"url\":\"https:\/\/bakirci.com\/ekipman\/\",\"sameAs\":[\"https:\/\/www.facebook.com\/bakirci.garagineering\",\"https:\/\/www.instagram.com\/bakirci.garagineering\/\",\"https:\/\/www.linkedin.com\/company\/bakirci-garagineering\/\",\"https:\/\/www.youtube.com\/channel\/UCiVG6s_jALJ6Zk8085XiOQg\"],\"logo\":{\"@type\":\"ImageObject\",\"@id\":\"https:\/\/bakirci.com\/ekipman\/#logo\",\"inLanguage\":\"tr\",\"url\":\"https:\/\/bakirci.com\/ekipman\/wp-content\/uploads\/2021\/09\/Bakirci-logo-lacivert.png\",\"contentUrl\":\"https:\/\/bakirci.com\/ekipman\/wp-content\/uploads\/2021\/09\/Bakirci-logo-lacivert.png\",\"width\":501,\"height\":501,\"caption\":\"Bak\\u0131rc\\u0131 garagineering\"},\"image\":{\"@id\":\"https:\/\/bakirci.com\/ekipman\/#logo\"}},{\"@type\":\"WebSite\",\"@id\":\"https:\/\/bakirci.com\/ekipman\/#website\",\"url\":\"https:\/\/bakirci.com\/ekipman\/\",\"name\":\"Bak\\u0131rc\\u0131 Garagineering\",\"description\":\"Otomotiv sekt\\u00f6r\\u00fcne \\u00f6zel, \\u201c\\u00dcretici Standard\\u0131nda\\u201d \\u00e7\\u00f6z\\u00fcmler\\u2026\",\"publisher\":{\"@id\":\"https:\/\/bakirci.com\/ekipman\/#organization\"},\"potentialAction\":[{\"@type\":\"SearchAction\",\"target\":{\"@type\":\"EntryPoint\",\"urlTemplate\":\"https:\/\/bakirci.com\/ekipman\/?s={search_term_string}\"},\"query-input\":\"required name=search_term_string\"}],\"inLanguage\":\"tr\"},{\"@type\":\"ImageObject\",\"@id\":\"https:\/\/bakirci.com\/ekipman\/servis-ekipmanlari\/mekanik\/adas-kalibrasyon-sistemleri\/arac-radar-ve-kamera-kalibrasyon-cihazihella-gutmann-born-in-germanycsc-tool-v2-sefarkli-kamera-ve-radar-sistemlerinin-kalibrasyonu\/#primaryimage\",\"inLanguage\":\"tr\",\"url\":\"https:\/\/bakirci.com\/ekipman\/wp-content\/uploads\/2021\/06\/CSC-Tool-V2-SE.png\",\"contentUrl\":\"https:\/\/bakirci.com\/ekipman\/wp-content\/uploads\/2021\/06\/CSC-Tool-V2-SE.png\",\"width\":889,\"height\":889},{\"@type\":\"WebPage\",\"@id\":\"https:\/\/bakirci.com\/ekipman\/servis-ekipmanlari\/mekanik\/adas-kalibrasyon-sistemleri\/arac-radar-ve-kamera-kalibrasyon-cihazihella-gutmann-born-in-germanycsc-tool-v2-sefarkli-kamera-ve-radar-sistemlerinin-kalibrasyonu\/#webpage\",\"url\":\"https:\/\/bakirci.com\/ekipman\/servis-ekipmanlari\/mekanik\/adas-kalibrasyon-sistemleri\/arac-radar-ve-kamera-kalibrasyon-cihazihella-gutmann-born-in-germanycsc-tool-v2-sefarkli-kamera-ve-radar-sistemlerinin-kalibrasyonu\/\",\"name\":\"Ara\\u00e7 Radar ve Kamera Kalibrasyon Cihaz\\u0131 HELLA GUTMANN (Born in GERMANY) CSC-Tool V2 SE Farkl\\u0131 kamera ve radar sistemlerinin kalibrasyonu - Bak\\u0131rc\\u0131 Garagineering\",\"isPartOf\":{\"@id\":\"https:\/\/bakirci.com\/ekipman\/#website\"},\"primaryImageOfPage\":{\"@id\":\"https:\/\/bakirci.com\/ekipman\/servis-ekipmanlari\/mekanik\/adas-kalibrasyon-sistemleri\/arac-radar-ve-kamera-kalibrasyon-cihazihella-gutmann-born-in-germanycsc-tool-v2-sefarkli-kamera-ve-radar-sistemlerinin-kalibrasyonu\/#primaryimage\"},\"datePublished\":\"2021-01-02T18:35:11+00:00\",\"dateModified\":\"2021-08-06T14:12:50+00:00\",\"breadcrumb\":{\"@id\":\"https:\/\/bakirci.com\/ekipman\/servis-ekipmanlari\/mekanik\/adas-kalibrasyon-sistemleri\/arac-radar-ve-kamera-kalibrasyon-cihazihella-gutmann-born-in-germanycsc-tool-v2-sefarkli-kamera-ve-radar-sistemlerinin-kalibrasyonu\/#breadcrumb\"},\"inLanguage\":\"tr\",\"potentialAction\":[{\"@type\":\"ReadAction\",\"target\":[\"https:\/\/bakirci.com\/ekipman\/servis-ekipmanlari\/mekanik\/adas-kalibrasyon-sistemleri\/arac-radar-ve-kamera-kalibrasyon-cihazihella-gutmann-born-in-germanycsc-tool-v2-sefarkli-kamera-ve-radar-sistemlerinin-kalibrasyonu\/\"]}]},{\"@type\":\"BreadcrumbList\",\"@id\":\"https:\/\/bakirci.com\/ekipman\/servis-ekipmanlari\/mekanik\/adas-kalibrasyon-sistemleri\/arac-radar-ve-kamera-kalibrasyon-cihazihella-gutmann-born-in-germanycsc-tool-v2-sefarkli-kamera-ve-radar-sistemlerinin-kalibrasyonu\/#breadcrumb\",\"itemListElement\":[{\"@type\":\"ListItem\",\"position\":1,\"name\":\"Ekipman\",\"item\":\"https:\/\/bakirci.com\/ekipman\/\"},{\"@type\":\"ListItem\",\"position\":2,\"name\":\"Otomotiv Tesisleri \\u0130\\u00e7in Servis Ekipmanlar\\u0131\",\"item\":\"https:\/\/bakirci.com\/ekipman\/\"},{\"@type\":\"ListItem\",\"position\":3,\"name\":\"Ara\\u00e7 Radar ve Kamera Kalibrasyon Cihaz\\u0131HELLA GUTMANN (Born in GERMANY)CSC-Tool V2 SEFarkl\\u0131 kamera ve radar sistemlerinin kalibrasyonu\"}]}]}<\/script>\n<!-- \/ Yoast SEO plugin. -->","yoast_head_json":{"title":"Ara\u00e7 Radar ve Kamera Kalibrasyon Cihaz\u0131HELLA GUTMANN (Born in GERMANY)CSC-Tool V2 SEFarkl\u0131 kamera ve radar sistemlerinin kalibrasyonu - Bak\u0131rc\u0131 Garagineering","robots":{"index":"index","follow":"follow","max-snippet":"max-snippet:-1","max-image-preview":"max-image-preview:large","max-video-preview":"max-video-preview:-1"},"canonical":"https:\/\/bakirci.com\/ekipman\/servis-ekipmanlari\/mekanik\/adas-kalibrasyon-sistemleri\/arac-radar-ve-kamera-kalibrasyon-cihazihella-gutmann-born-in-germanycsc-tool-v2-sefarkli-kamera-ve-radar-sistemlerinin-kalibrasyonu\/","og_locale":"tr_TR","og_type":"article","og_title":"Ara\u00e7 Radar ve Kamera Kalibrasyon Cihaz\u0131HELLA GUTMANN (Born in GERMANY)CSC-Tool V2 SEFarkl\u0131 kamera ve radar sistemlerinin kalibrasyonu - Bak\u0131rc\u0131 Garagineering","og_description":"Ara\u00e7 Radar ve Kamera Kalibrasyon Cihaz\u0131 - CSC-Tool V2 SE  Ara\u00e7lar\u0131n s\u00fcr\u00fc\u015f esnas\u0131ndaki mesafe kontrol\u00fc ve \u015ferit takip sistemlerinin kalibrasyonu ve ayarlamas\u0131nda kullan\u0131l\u0131r  Geometrik s\u00fcr\u00fc\u015f ekseninin (arka aks) hizalanmas\u0131nda y\u00fcksek \u00f6l\u00e7\u00fcm hassasiyeti  \u0130lave aks \u00f6l\u00e7\u00fcm sistemine ihtiya\u00e7 duyulmadan merkezleme  Farkl\u0131 kamera ve radar sistemlerinin kalibre edilebilmesi  Ayar\u0131n veya kalibrasyonun yazd\u0131r\u0131larak ve ara\u00e7 ge\u00e7mi\u015fine kaydedilerek dok\u00fcmantasyonu (Harici bir diyagnoz cihaz\u0131 ile birlikte kullan\u0131lmal\u0131d\u0131r)","og_url":"https:\/\/bakirci.com\/ekipman\/servis-ekipmanlari\/mekanik\/adas-kalibrasyon-sistemleri\/arac-radar-ve-kamera-kalibrasyon-cihazihella-gutmann-born-in-germanycsc-tool-v2-sefarkli-kamera-ve-radar-sistemlerinin-kalibrasyonu\/","og_site_name":"Bak\u0131rc\u0131 Garagineering","article_publisher":"https:\/\/www.facebook.com\/bakirci.garagineering","article_modified_time":"2021-08-06T14:12:50+00:00","og_image":[{"width":889,"height":889,"url":"https:\/\/bakirci.com\/ekipman\/wp-content\/uploads\/2021\/06\/CSC-Tool-V2-SE.png","path":"\/home\/bakirciwebsitesi\/public_html\/ekipman\/wp-content\/uploads\/2021\/06\/CSC-Tool-V2-SE.png","size":"full","id":4385,"alt":"","pixels":790321,"type":"image\/png"}],"twitter_card":"summary_large_image","twitter_misc":{"Tahmini okuma s\u00fcresi":"1 dakika"},"schema":{"@context":"https:\/\/schema.org","@graph":[{"@type":"Organization","@id":"https:\/\/bakirci.com\/ekipman\/#organization","name":"Bak\u0131rc\u0131 garagineering","url":"https:\/\/bakirci.com\/ekipman\/","sameAs":["https:\/\/www.facebook.com\/bakirci.garagineering","https:\/\/www.instagram.com\/bakirci.garagineering\/","https:\/\/www.linkedin.com\/company\/bakirci-garagineering\/","https:\/\/www.youtube.com\/channel\/UCiVG6s_jALJ6Zk8085XiOQg"],"logo":{"@type":"ImageObject","@id":"https:\/\/bakirci.com\/ekipman\/#logo","inLanguage":"tr","url":"https:\/\/bakirci.com\/ekipman\/wp-content\/uploads\/2021\/09\/Bakirci-logo-lacivert.png","contentUrl":"https:\/\/bakirci.com\/ekipman\/wp-content\/uploads\/2021\/09\/Bakirci-logo-lacivert.png","width":501,"height":501,"caption":"Bak\u0131rc\u0131 garagineering"},"image":{"@id":"https:\/\/bakirci.com\/ekipman\/#logo"}},{"@type":"WebSite","@id":"https:\/\/bakirci.com\/ekipman\/#website","url":"https:\/\/bakirci.com\/ekipman\/","name":"Bak\u0131rc\u0131 Garagineering","description":"Otomotiv sekt\u00f6r\u00fcne \u00f6zel, \u201c\u00dcretici Standard\u0131nda\u201d \u00e7\u00f6z\u00fcmler\u2026","publisher":{"@id":"https:\/\/bakirci.com\/ekipman\/#organization"},"potentialAction":[{"@type":"SearchAction","target":{"@type":"EntryPoint","urlTemplate":"https:\/\/bakirci.com\/ekipman\/?s={search_term_string}"},"query-input":"required name=search_term_string"}],"inLanguage":"tr"},{"@type":"ImageObject","@id":"https:\/\/bakirci.com\/ekipman\/servis-ekipmanlari\/mekanik\/adas-kalibrasyon-sistemleri\/arac-radar-ve-kamera-kalibrasyon-cihazihella-gutmann-born-in-germanycsc-tool-v2-sefarkli-kamera-ve-radar-sistemlerinin-kalibrasyonu\/#primaryimage","inLanguage":"tr","url":"https:\/\/bakirci.com\/ekipman\/wp-content\/uploads\/2021\/06\/CSC-Tool-V2-SE.png","contentUrl":"https:\/\/bakirci.com\/ekipman\/wp-content\/uploads\/2021\/06\/CSC-Tool-V2-SE.png","width":889,"height":889},{"@type":"WebPage","@id":"https:\/\/bakirci.com\/ekipman\/servis-ekipmanlari\/mekanik\/adas-kalibrasyon-sistemleri\/arac-radar-ve-kamera-kalibrasyon-cihazihella-gutmann-born-in-germanycsc-tool-v2-sefarkli-kamera-ve-radar-sistemlerinin-kalibrasyonu\/#webpage","url":"https:\/\/bakirci.com\/ekipman\/servis-ekipmanlari\/mekanik\/adas-kalibrasyon-sistemleri\/arac-radar-ve-kamera-kalibrasyon-cihazihella-gutmann-born-in-germanycsc-tool-v2-sefarkli-kamera-ve-radar-sistemlerinin-kalibrasyonu\/","name":"Ara\u00e7 Radar ve Kamera Kalibrasyon Cihaz\u0131 HELLA GUTMANN (Born in GERMANY) CSC-Tool V2 SE Farkl\u0131 kamera ve radar sistemlerinin kalibrasyonu - Bak\u0131rc\u0131 Garagineering","isPartOf":{"@id":"https:\/\/bakirci.com\/ekipman\/#website"},"primaryImageOfPage":{"@id":"https:\/\/bakirci.com\/ekipman\/servis-ekipmanlari\/mekanik\/adas-kalibrasyon-sistemleri\/arac-radar-ve-kamera-kalibrasyon-cihazihella-gutmann-born-in-germanycsc-tool-v2-sefarkli-kamera-ve-radar-sistemlerinin-kalibrasyonu\/#primaryimage"},"datePublished":"2021-01-02T18:35:11+00:00","dateModified":"2021-08-06T14:12:50+00:00","breadcrumb":{"@id":"https:\/\/bakirci.com\/ekipman\/servis-ekipmanlari\/mekanik\/adas-kalibrasyon-sistemleri\/arac-radar-ve-kamera-kalibrasyon-cihazihella-gutmann-born-in-germanycsc-tool-v2-sefarkli-kamera-ve-radar-sistemlerinin-kalibrasyonu\/#breadcrumb"},"inLanguage":"tr","potentialAction":[{"@type":"ReadAction","target":["https:\/\/bakirci.com\/ekipman\/servis-ekipmanlari\/mekanik\/adas-kalibrasyon-sistemleri\/arac-radar-ve-kamera-kalibrasyon-cihazihella-gutmann-born-in-germanycsc-tool-v2-sefarkli-kamera-ve-radar-sistemlerinin-kalibrasyonu\/"]}]},{"@type":"BreadcrumbList","@id":"https:\/\/bakirci.com\/ekipman\/servis-ekipmanlari\/mekanik\/adas-kalibrasyon-sistemleri\/arac-radar-ve-kamera-kalibrasyon-cihazihella-gutmann-born-in-germanycsc-tool-v2-sefarkli-kamera-ve-radar-sistemlerinin-kalibrasyonu\/#breadcrumb","itemListElement":[{"@type":"ListItem","position":1,"name":"Ekipman","item":"https:\/\/bakirci.com\/ekipman\/"},{"@type":"ListItem","position":2,"name":"Otomotiv Tesisleri \u0130\u00e7in Servis Ekipmanlar\u0131","item":"https:\/\/bakirci.com\/ekipman\/"},{"@type":"ListItem","position":3,"name":"Ara\u00e7 Radar ve Kamera Kalibrasyon Cihaz\u0131HELLA GUTMANN (Born in GERMANY)CSC-Tool V2 SEFarkl\u0131 kamera ve radar sistemlerinin kalibrasyonu"}]}]}},"_links":{"self":[{"href":"https:\/\/bakirci.com\/ekipman\/wp-json\/wp\/v2\/product\/4382","targetHints":{"allow":["GET"]}}],"collection":[{"href":"https:\/\/bakirci.com\/ekipman\/wp-json\/wp\/v2\/product"}],"about":[{"href":"https:\/\/bakirci.com\/ekipman\/wp-json\/wp\/v2\/types\/product"}],"replies":[{"embeddable":true,"href":"https:\/\/bakirci.com\/ekipman\/wp-json\/wp\/v2\/comments?post=4382"}],"wp:featuredmedia":[{"embeddable":true,"href":"https:\/\/bakirci.com\/ekipman\/wp-json\/wp\/v2\/media\/4385"}],"wp:attachment":[{"href":"https:\/\/bakirci.com\/ekipman\/wp-json\/wp\/v2\/media?parent=4382"}],"wp:term":[{"taxonomy":"product_cat","embeddable":true,"href":"https:\/\/bakirci.com\/ekipman\/wp-json\/wp\/v2\/product_cat?post=4382"},{"taxonomy":"product_tag","embeddable":true,"href":"https:\/\/bakirci.com\/ekipman\/wp-json\/wp\/v2\/product_tag?post=4382"}],"curies":[{"name":"wp","href":"https:\/\/api.w.org\/{rel}","templated":true}]}}