{"id":4207,"date":"2021-01-03T15:55:00","date_gmt":"2021-01-03T15:55:00","guid":{"rendered":"https:\/\/j6l.65c.myftpupload.com\/?post_type=product&#038;p=4207"},"modified":"2021-08-06T14:12:10","modified_gmt":"2021-08-06T14:12:10","slug":"diagnoz-ve-test-cihazlari-snap-on-born-in-usagoruntulu-endeskopi-seti-bk6500cift-goruntuleyicili-kamera-duz-ve-90","status":"publish","type":"product","link":"https:\/\/bakirci.com\/ekipman\/servis-ekipmanlari\/mekanik\/diagnoz-ve-test-cihazlari\/diagnoz-ve-test-cihazlari-snap-on-born-in-usagoruntulu-endeskopi-seti-bk6500cift-goruntuleyicili-kamera-duz-ve-90\/","title":{"rendered":"<p class=\"ustmetin\">G\u00f6r\u00fcnt\u00fcl\u00fc Endeskopi Seti<\/p> <p class=\"ortametin\">SNAP-ON <span class=\"ortametin2\">(Born in USA)<\/span><\/p><p class=\"altmetin\">BK6500<br>\u00c7ift g\u00f6r\u00fcnt\u00fcleyicili kamera (d\u00fcz ve 90\u00b0)<\/p>"},"content":{"rendered":"<ul>\n<li>G\u00f6r\u00fcnt\u00fcl\u00fc Endeskopi Seti &#8211; BK6500<\/li>\n<li>Fotograf ve film fonksiyonu<\/li>\n<li>G\u00f6r\u00fcnt\u00fcy\u00fc haf\u0131zaya alma<\/li>\n<li>\u00c7ift g\u00f6r\u00fcnt\u00fcleyicili kamera (d\u00fcz ve 90\u00b0)<\/li>\n<li>4.3&#8243; dokunmatik ekran<\/li>\n<li>640&#215;480 pixel \u00e7\u00f6z\u00fcn\u00fcrl\u00fck<\/li>\n<\/ul>\n","protected":false},"excerpt":{"rendered":"<ul>\n<li>G\u00f6r\u00fcnt\u00fcl\u00fc Endeskopi Seti &#8211; BK6500<\/li>\n<li>Fotograf ve film fonksiyonu<\/li>\n<li>G\u00f6r\u00fcnt\u00fcy\u00fc haf\u0131zaya alma<\/li>\n<li>\u00c7ift g\u00f6r\u00fcnt\u00fcleyicili kamera (d\u00fcz ve 90\u00b0)<\/li>\n<li>4.3&#8243; dokunmatik ekran<\/li>\n<li>640&#215;480 pixel \u00e7\u00f6z\u00fcn\u00fcrl\u00fck<\/li>\n<\/ul>\n","protected":false},"featured_media":4976,"comment_status":"open","ping_status":"closed","template":"","meta":[],"product_cat":[143],"product_tag":[588,587,341],"class_list":["post-4207","product","type-product","status-publish","has-post-thumbnail","hentry","pwb-brand-snap-on","product_cat-diagnoz-ve-test-cihazlari","product_tag-boroskop","product_tag-endoskop","product_tag-snap-on"],"brands":[{"id":375,"name":"SNAP-ON","slug":"snap-on"}],"yoast_head":"<!-- This site is optimized with the Yoast SEO plugin v17.1 - https:\/\/yoast.com\/wordpress\/plugins\/seo\/ -->\n<title>G\u00f6r\u00fcnt\u00fcl\u00fc Endeskopi Seti SNAP-ON (Born in USA)BK6500\u00c7ift g\u00f6r\u00fcnt\u00fcleyicili kamera (d\u00fcz ve 90\u00b0) - Bak\u0131rc\u0131 Garagineering<\/title>\n<meta name=\"robots\" content=\"index, follow, max-snippet:-1, max-image-preview:large, max-video-preview:-1\" \/>\n<link rel=\"canonical\" href=\"https:\/\/bakirci.com\/ekipman\/servis-ekipmanlari\/mekanik\/diagnoz-ve-test-cihazlari\/diagnoz-ve-test-cihazlari-snap-on-born-in-usagoruntulu-endeskopi-seti-bk6500cift-goruntuleyicili-kamera-duz-ve-90\/\" \/>\n<meta property=\"og:locale\" content=\"tr_TR\" \/>\n<meta property=\"og:type\" content=\"article\" \/>\n<meta property=\"og:title\" content=\"G\u00f6r\u00fcnt\u00fcl\u00fc Endeskopi Seti SNAP-ON (Born in USA)BK6500\u00c7ift g\u00f6r\u00fcnt\u00fcleyicili kamera (d\u00fcz ve 90\u00b0) - Bak\u0131rc\u0131 Garagineering\" \/>\n<meta property=\"og:description\" content=\"G\u00f6r\u00fcnt\u00fcl\u00fc Endeskopi Seti - BK6500  Fotograf ve film fonksiyonu  G\u00f6r\u00fcnt\u00fcy\u00fc haf\u0131zaya alma  \u00c7ift g\u00f6r\u00fcnt\u00fcleyicili kamera (d\u00fcz ve 90\u00b0)  4.3&quot; dokunmatik ekran  640x480 pixel \u00e7\u00f6z\u00fcn\u00fcrl\u00fck\" \/>\n<meta property=\"og:url\" content=\"https:\/\/bakirci.com\/ekipman\/servis-ekipmanlari\/mekanik\/diagnoz-ve-test-cihazlari\/diagnoz-ve-test-cihazlari-snap-on-born-in-usagoruntulu-endeskopi-seti-bk6500cift-goruntuleyicili-kamera-duz-ve-90\/\" \/>\n<meta property=\"og:site_name\" content=\"Bak\u0131rc\u0131 Garagineering\" \/>\n<meta property=\"article:publisher\" content=\"https:\/\/www.facebook.com\/bakirci.garagineering\" \/>\n<meta property=\"article:modified_time\" content=\"2021-08-06T14:12:10+00:00\" \/>\n<meta property=\"og:image\" content=\"https:\/\/bakirci.com\/ekipman\/wp-content\/uploads\/2021\/01\/BK6500.png\" \/>\n\t<meta property=\"og:image:width\" content=\"1200\" \/>\n\t<meta property=\"og:image:height\" content=\"1200\" \/>\n<meta name=\"twitter:card\" content=\"summary_large_image\" \/>\n<meta name=\"twitter:label1\" content=\"Tahmini okuma s\u00fcresi\" \/>\n\t<meta name=\"twitter:data1\" content=\"1 dakika\" \/>\n<script type=\"application\/ld+json\" class=\"yoast-schema-graph\">{\"@context\":\"https:\/\/schema.org\",\"@graph\":[{\"@type\":\"Organization\",\"@id\":\"https:\/\/bakirci.com\/ekipman\/#organization\",\"name\":\"Bak\\u0131rc\\u0131 garagineering\",\"url\":\"https:\/\/bakirci.com\/ekipman\/\",\"sameAs\":[\"https:\/\/www.facebook.com\/bakirci.garagineering\",\"https:\/\/www.instagram.com\/bakirci.garagineering\/\",\"https:\/\/www.linkedin.com\/company\/bakirci-garagineering\/\",\"https:\/\/www.youtube.com\/channel\/UCiVG6s_jALJ6Zk8085XiOQg\"],\"logo\":{\"@type\":\"ImageObject\",\"@id\":\"https:\/\/bakirci.com\/ekipman\/#logo\",\"inLanguage\":\"tr\",\"url\":\"https:\/\/bakirci.com\/ekipman\/wp-content\/uploads\/2021\/09\/Bakirci-logo-lacivert.png\",\"contentUrl\":\"https:\/\/bakirci.com\/ekipman\/wp-content\/uploads\/2021\/09\/Bakirci-logo-lacivert.png\",\"width\":501,\"height\":501,\"caption\":\"Bak\\u0131rc\\u0131 garagineering\"},\"image\":{\"@id\":\"https:\/\/bakirci.com\/ekipman\/#logo\"}},{\"@type\":\"WebSite\",\"@id\":\"https:\/\/bakirci.com\/ekipman\/#website\",\"url\":\"https:\/\/bakirci.com\/ekipman\/\",\"name\":\"Bak\\u0131rc\\u0131 Garagineering\",\"description\":\"Otomotiv sekt\\u00f6r\\u00fcne \\u00f6zel, \\u201c\\u00dcretici Standard\\u0131nda\\u201d \\u00e7\\u00f6z\\u00fcmler\\u2026\",\"publisher\":{\"@id\":\"https:\/\/bakirci.com\/ekipman\/#organization\"},\"potentialAction\":[{\"@type\":\"SearchAction\",\"target\":{\"@type\":\"EntryPoint\",\"urlTemplate\":\"https:\/\/bakirci.com\/ekipman\/?s={search_term_string}\"},\"query-input\":\"required name=search_term_string\"}],\"inLanguage\":\"tr\"},{\"@type\":\"ImageObject\",\"@id\":\"https:\/\/bakirci.com\/ekipman\/servis-ekipmanlari\/mekanik\/diagnoz-ve-test-cihazlari\/diagnoz-ve-test-cihazlari-snap-on-born-in-usagoruntulu-endeskopi-seti-bk6500cift-goruntuleyicili-kamera-duz-ve-90\/#primaryimage\",\"inLanguage\":\"tr\",\"url\":\"https:\/\/bakirci.com\/ekipman\/wp-content\/uploads\/2021\/01\/BK6500.png\",\"contentUrl\":\"https:\/\/bakirci.com\/ekipman\/wp-content\/uploads\/2021\/01\/BK6500.png\",\"width\":1200,\"height\":1200},{\"@type\":\"WebPage\",\"@id\":\"https:\/\/bakirci.com\/ekipman\/servis-ekipmanlari\/mekanik\/diagnoz-ve-test-cihazlari\/diagnoz-ve-test-cihazlari-snap-on-born-in-usagoruntulu-endeskopi-seti-bk6500cift-goruntuleyicili-kamera-duz-ve-90\/#webpage\",\"url\":\"https:\/\/bakirci.com\/ekipman\/servis-ekipmanlari\/mekanik\/diagnoz-ve-test-cihazlari\/diagnoz-ve-test-cihazlari-snap-on-born-in-usagoruntulu-endeskopi-seti-bk6500cift-goruntuleyicili-kamera-duz-ve-90\/\",\"name\":\"G\\u00f6r\\u00fcnt\\u00fcl\\u00fc Endeskopi Seti SNAP-ON (Born in USA) BK6500 \\u00c7ift g\\u00f6r\\u00fcnt\\u00fcleyicili kamera (d\\u00fcz ve 90\\u00b0) - Bak\\u0131rc\\u0131 Garagineering\",\"isPartOf\":{\"@id\":\"https:\/\/bakirci.com\/ekipman\/#website\"},\"primaryImageOfPage\":{\"@id\":\"https:\/\/bakirci.com\/ekipman\/servis-ekipmanlari\/mekanik\/diagnoz-ve-test-cihazlari\/diagnoz-ve-test-cihazlari-snap-on-born-in-usagoruntulu-endeskopi-seti-bk6500cift-goruntuleyicili-kamera-duz-ve-90\/#primaryimage\"},\"datePublished\":\"2021-01-03T15:55:00+00:00\",\"dateModified\":\"2021-08-06T14:12:10+00:00\",\"breadcrumb\":{\"@id\":\"https:\/\/bakirci.com\/ekipman\/servis-ekipmanlari\/mekanik\/diagnoz-ve-test-cihazlari\/diagnoz-ve-test-cihazlari-snap-on-born-in-usagoruntulu-endeskopi-seti-bk6500cift-goruntuleyicili-kamera-duz-ve-90\/#breadcrumb\"},\"inLanguage\":\"tr\",\"potentialAction\":[{\"@type\":\"ReadAction\",\"target\":[\"https:\/\/bakirci.com\/ekipman\/servis-ekipmanlari\/mekanik\/diagnoz-ve-test-cihazlari\/diagnoz-ve-test-cihazlari-snap-on-born-in-usagoruntulu-endeskopi-seti-bk6500cift-goruntuleyicili-kamera-duz-ve-90\/\"]}]},{\"@type\":\"BreadcrumbList\",\"@id\":\"https:\/\/bakirci.com\/ekipman\/servis-ekipmanlari\/mekanik\/diagnoz-ve-test-cihazlari\/diagnoz-ve-test-cihazlari-snap-on-born-in-usagoruntulu-endeskopi-seti-bk6500cift-goruntuleyicili-kamera-duz-ve-90\/#breadcrumb\",\"itemListElement\":[{\"@type\":\"ListItem\",\"position\":1,\"name\":\"Ekipman\",\"item\":\"https:\/\/bakirci.com\/ekipman\/\"},{\"@type\":\"ListItem\",\"position\":2,\"name\":\"Otomotiv Tesisleri \\u0130\\u00e7in Servis Ekipmanlar\\u0131\",\"item\":\"https:\/\/bakirci.com\/ekipman\/\"},{\"@type\":\"ListItem\",\"position\":3,\"name\":\"G\\u00f6r\\u00fcnt\\u00fcl\\u00fc Endeskopi Seti SNAP-ON (Born in USA)BK6500\\u00c7ift g\\u00f6r\\u00fcnt\\u00fcleyicili kamera (d\\u00fcz ve 90\\u00b0)\"}]}]}<\/script>\n<!-- \/ Yoast SEO plugin. -->","yoast_head_json":{"title":"G\u00f6r\u00fcnt\u00fcl\u00fc Endeskopi Seti SNAP-ON (Born in USA)BK6500\u00c7ift g\u00f6r\u00fcnt\u00fcleyicili kamera (d\u00fcz ve 90\u00b0) - Bak\u0131rc\u0131 Garagineering","robots":{"index":"index","follow":"follow","max-snippet":"max-snippet:-1","max-image-preview":"max-image-preview:large","max-video-preview":"max-video-preview:-1"},"canonical":"https:\/\/bakirci.com\/ekipman\/servis-ekipmanlari\/mekanik\/diagnoz-ve-test-cihazlari\/diagnoz-ve-test-cihazlari-snap-on-born-in-usagoruntulu-endeskopi-seti-bk6500cift-goruntuleyicili-kamera-duz-ve-90\/","og_locale":"tr_TR","og_type":"article","og_title":"G\u00f6r\u00fcnt\u00fcl\u00fc Endeskopi Seti SNAP-ON (Born in USA)BK6500\u00c7ift g\u00f6r\u00fcnt\u00fcleyicili kamera (d\u00fcz ve 90\u00b0) - Bak\u0131rc\u0131 Garagineering","og_description":"G\u00f6r\u00fcnt\u00fcl\u00fc Endeskopi Seti - BK6500  Fotograf ve film fonksiyonu  G\u00f6r\u00fcnt\u00fcy\u00fc haf\u0131zaya alma  \u00c7ift g\u00f6r\u00fcnt\u00fcleyicili kamera (d\u00fcz ve 90\u00b0)  4.3\" dokunmatik ekran  640x480 pixel \u00e7\u00f6z\u00fcn\u00fcrl\u00fck","og_url":"https:\/\/bakirci.com\/ekipman\/servis-ekipmanlari\/mekanik\/diagnoz-ve-test-cihazlari\/diagnoz-ve-test-cihazlari-snap-on-born-in-usagoruntulu-endeskopi-seti-bk6500cift-goruntuleyicili-kamera-duz-ve-90\/","og_site_name":"Bak\u0131rc\u0131 Garagineering","article_publisher":"https:\/\/www.facebook.com\/bakirci.garagineering","article_modified_time":"2021-08-06T14:12:10+00:00","og_image":[{"width":1200,"height":1200,"url":"https:\/\/bakirci.com\/ekipman\/wp-content\/uploads\/2021\/01\/BK6500.png","path":"\/home\/bakirciwebsitesi\/public_html\/ekipman\/wp-content\/uploads\/2021\/01\/BK6500.png","size":"full","id":4976,"alt":"","pixels":1440000,"type":"image\/png"}],"twitter_card":"summary_large_image","twitter_misc":{"Tahmini okuma s\u00fcresi":"1 dakika"},"schema":{"@context":"https:\/\/schema.org","@graph":[{"@type":"Organization","@id":"https:\/\/bakirci.com\/ekipman\/#organization","name":"Bak\u0131rc\u0131 garagineering","url":"https:\/\/bakirci.com\/ekipman\/","sameAs":["https:\/\/www.facebook.com\/bakirci.garagineering","https:\/\/www.instagram.com\/bakirci.garagineering\/","https:\/\/www.linkedin.com\/company\/bakirci-garagineering\/","https:\/\/www.youtube.com\/channel\/UCiVG6s_jALJ6Zk8085XiOQg"],"logo":{"@type":"ImageObject","@id":"https:\/\/bakirci.com\/ekipman\/#logo","inLanguage":"tr","url":"https:\/\/bakirci.com\/ekipman\/wp-content\/uploads\/2021\/09\/Bakirci-logo-lacivert.png","contentUrl":"https:\/\/bakirci.com\/ekipman\/wp-content\/uploads\/2021\/09\/Bakirci-logo-lacivert.png","width":501,"height":501,"caption":"Bak\u0131rc\u0131 garagineering"},"image":{"@id":"https:\/\/bakirci.com\/ekipman\/#logo"}},{"@type":"WebSite","@id":"https:\/\/bakirci.com\/ekipman\/#website","url":"https:\/\/bakirci.com\/ekipman\/","name":"Bak\u0131rc\u0131 Garagineering","description":"Otomotiv sekt\u00f6r\u00fcne \u00f6zel, \u201c\u00dcretici Standard\u0131nda\u201d \u00e7\u00f6z\u00fcmler\u2026","publisher":{"@id":"https:\/\/bakirci.com\/ekipman\/#organization"},"potentialAction":[{"@type":"SearchAction","target":{"@type":"EntryPoint","urlTemplate":"https:\/\/bakirci.com\/ekipman\/?s={search_term_string}"},"query-input":"required name=search_term_string"}],"inLanguage":"tr"},{"@type":"ImageObject","@id":"https:\/\/bakirci.com\/ekipman\/servis-ekipmanlari\/mekanik\/diagnoz-ve-test-cihazlari\/diagnoz-ve-test-cihazlari-snap-on-born-in-usagoruntulu-endeskopi-seti-bk6500cift-goruntuleyicili-kamera-duz-ve-90\/#primaryimage","inLanguage":"tr","url":"https:\/\/bakirci.com\/ekipman\/wp-content\/uploads\/2021\/01\/BK6500.png","contentUrl":"https:\/\/bakirci.com\/ekipman\/wp-content\/uploads\/2021\/01\/BK6500.png","width":1200,"height":1200},{"@type":"WebPage","@id":"https:\/\/bakirci.com\/ekipman\/servis-ekipmanlari\/mekanik\/diagnoz-ve-test-cihazlari\/diagnoz-ve-test-cihazlari-snap-on-born-in-usagoruntulu-endeskopi-seti-bk6500cift-goruntuleyicili-kamera-duz-ve-90\/#webpage","url":"https:\/\/bakirci.com\/ekipman\/servis-ekipmanlari\/mekanik\/diagnoz-ve-test-cihazlari\/diagnoz-ve-test-cihazlari-snap-on-born-in-usagoruntulu-endeskopi-seti-bk6500cift-goruntuleyicili-kamera-duz-ve-90\/","name":"G\u00f6r\u00fcnt\u00fcl\u00fc Endeskopi Seti SNAP-ON (Born in USA) BK6500 \u00c7ift g\u00f6r\u00fcnt\u00fcleyicili kamera (d\u00fcz ve 90\u00b0) - Bak\u0131rc\u0131 Garagineering","isPartOf":{"@id":"https:\/\/bakirci.com\/ekipman\/#website"},"primaryImageOfPage":{"@id":"https:\/\/bakirci.com\/ekipman\/servis-ekipmanlari\/mekanik\/diagnoz-ve-test-cihazlari\/diagnoz-ve-test-cihazlari-snap-on-born-in-usagoruntulu-endeskopi-seti-bk6500cift-goruntuleyicili-kamera-duz-ve-90\/#primaryimage"},"datePublished":"2021-01-03T15:55:00+00:00","dateModified":"2021-08-06T14:12:10+00:00","breadcrumb":{"@id":"https:\/\/bakirci.com\/ekipman\/servis-ekipmanlari\/mekanik\/diagnoz-ve-test-cihazlari\/diagnoz-ve-test-cihazlari-snap-on-born-in-usagoruntulu-endeskopi-seti-bk6500cift-goruntuleyicili-kamera-duz-ve-90\/#breadcrumb"},"inLanguage":"tr","potentialAction":[{"@type":"ReadAction","target":["https:\/\/bakirci.com\/ekipman\/servis-ekipmanlari\/mekanik\/diagnoz-ve-test-cihazlari\/diagnoz-ve-test-cihazlari-snap-on-born-in-usagoruntulu-endeskopi-seti-bk6500cift-goruntuleyicili-kamera-duz-ve-90\/"]}]},{"@type":"BreadcrumbList","@id":"https:\/\/bakirci.com\/ekipman\/servis-ekipmanlari\/mekanik\/diagnoz-ve-test-cihazlari\/diagnoz-ve-test-cihazlari-snap-on-born-in-usagoruntulu-endeskopi-seti-bk6500cift-goruntuleyicili-kamera-duz-ve-90\/#breadcrumb","itemListElement":[{"@type":"ListItem","position":1,"name":"Ekipman","item":"https:\/\/bakirci.com\/ekipman\/"},{"@type":"ListItem","position":2,"name":"Otomotiv Tesisleri \u0130\u00e7in Servis Ekipmanlar\u0131","item":"https:\/\/bakirci.com\/ekipman\/"},{"@type":"ListItem","position":3,"name":"G\u00f6r\u00fcnt\u00fcl\u00fc Endeskopi Seti SNAP-ON (Born in USA)BK6500\u00c7ift g\u00f6r\u00fcnt\u00fcleyicili kamera (d\u00fcz ve 90\u00b0)"}]}]}},"_links":{"self":[{"href":"https:\/\/bakirci.com\/ekipman\/wp-json\/wp\/v2\/product\/4207","targetHints":{"allow":["GET"]}}],"collection":[{"href":"https:\/\/bakirci.com\/ekipman\/wp-json\/wp\/v2\/product"}],"about":[{"href":"https:\/\/bakirci.com\/ekipman\/wp-json\/wp\/v2\/types\/product"}],"replies":[{"embeddable":true,"href":"https:\/\/bakirci.com\/ekipman\/wp-json\/wp\/v2\/comments?post=4207"}],"wp:featuredmedia":[{"embeddable":true,"href":"https:\/\/bakirci.com\/ekipman\/wp-json\/wp\/v2\/media\/4976"}],"wp:attachment":[{"href":"https:\/\/bakirci.com\/ekipman\/wp-json\/wp\/v2\/media?parent=4207"}],"wp:term":[{"taxonomy":"product_cat","embeddable":true,"href":"https:\/\/bakirci.com\/ekipman\/wp-json\/wp\/v2\/product_cat?post=4207"},{"taxonomy":"product_tag","embeddable":true,"href":"https:\/\/bakirci.com\/ekipman\/wp-json\/wp\/v2\/product_tag?post=4207"}],"curies":[{"name":"wp","href":"https:\/\/api.w.org\/{rel}","templated":true}]}}