{"id":4203,"date":"2021-01-03T16:15:42","date_gmt":"2021-01-03T16:15:42","guid":{"rendered":"https:\/\/j6l.65c.myftpupload.com\/?post_type=product&#038;p=4203"},"modified":"2021-08-06T12:38:45","modified_gmt":"2021-08-06T12:38:45","slug":"diagnoz-ve-test-cihazlari-bosch-born-in-germanyariza-tespit-cihazi-kts-truckdiyagnostik-unitesi","status":"publish","type":"product","link":"https:\/\/bakirci.com\/ekipman\/servis-ekipmanlari\/mekanik\/diagnoz-ve-test-cihazlari\/diagnoz-ve-test-cihazlari-bosch-born-in-germanyariza-tespit-cihazi-kts-truckdiyagnostik-unitesi\/","title":{"rendered":"<p class=\"ustmetin\">Ar\u0131za Tespit Cihaz\u0131<\/p> <p class=\"ortametin\">BOSCH <span class=\"ortametin2\">(Born in GERMANY)<\/span><\/p><p class=\"altmetin\">KTS Truck<br>Diyagnostik \u00fcnitesi<\/p>"},"content":{"rendered":"<ul>\n<li>Ar\u0131za Tespit Cihaz\u0131 &#8211; KTS Truck<\/li>\n<li>TIR, kamyon, otob\u00fcs, \u00e7ekici ve ticari ara\u00e7lara ba\u011flant\u0131 imkan\u0131<\/li>\n<li>Bluetooth vas\u0131tas\u0131 ile harici bir PC&#8217;ye ba\u011flan\u0131larak kullan\u0131l\u0131r<\/li>\n<li>Motor kumandas\u0131, ABS, airbag, \u015fanzuman kumandas\u0131, klima elektroni\u011fi, g\u00f6sterge paneli, yol bilgisayar\u0131, merkezi elektronik, elektronik yak\u0131t p\u00fcsk\u00fcrtme sistemleri, lastik bas\u0131n\u00e7 kumanda sistemleri vb gibi<\/li>\n<li>80\u2019in \u00fczerinde kontrol \u00fcnitesine ba\u011flant\u0131 imkan\u0131<\/li>\n<li>OBD II, CAN-Bus II ve Hibrid ara\u00e7 teknolojisi gibi en y\u00fcksek teknolojiye sahip sistemlere ba\u011flanabilme<\/li>\n<\/ul>\n","protected":false},"excerpt":{"rendered":"<ul>\n<li>Ar\u0131za Tespit Cihaz\u0131 &#8211; KTS Truck<\/li>\n<li>TIR, kamyon, otob\u00fcs, \u00e7ekici ve ticari ara\u00e7lara ba\u011flant\u0131 imkan\u0131<\/li>\n<li>Bluetooth vas\u0131tas\u0131 ile harici bir PC&#8217;ye ba\u011flan\u0131larak kullan\u0131l\u0131r<\/li>\n<li>Motor kumandas\u0131, ABS, airbag, \u015fanzuman kumandas\u0131, klima elektroni\u011fi, g\u00f6sterge paneli, yol bilgisayar\u0131, merkezi elektronik, elektronik yak\u0131t p\u00fcsk\u00fcrtme sistemleri, lastik bas\u0131n\u00e7 kumanda sistemleri vb gibi<\/li>\n<li>80\u2019in \u00fczerinde kontrol \u00fcnitesine ba\u011flant\u0131 imkan\u0131<\/li>\n<li>OBD II, CAN-Bus II ve Hibrid ara\u00e7 teknolojisi gibi en y\u00fcksek teknolojiye sahip sistemlere ba\u011flanabilme<\/li>\n<\/ul>\n","protected":false},"featured_media":4379,"comment_status":"open","ping_status":"closed","template":"","meta":[],"product_cat":[143],"product_tag":[576,579,575,585,584,572,577,578,586,574,567,344,568,570,571,569,582,581,573,580,583],"class_list":["post-4203","product","type-product","status-publish","has-post-thumbnail","hentry","pwb-brand-bosch","product_cat-diagnoz-ve-test-cihazlari","product_tag-arac-analiz","product_tag-arac-test","product_tag-ariza-analiz","product_tag-ariza-arama","product_tag-ariza-bulma","product_tag-ariza-lamba-sondurme","product_tag-ariza-okuyucu","product_tag-ariza-silici","product_tag-ariza-sondurme","product_tag-ariza-tesbit","product_tag-ariza-teshis","product_tag-bosch","product_tag-diagnoz","product_tag-diyagnos","product_tag-diyagnostik","product_tag-diyagnoz","product_tag-kamyon-diyagnoz","product_tag-kamyon-test","product_tag-obd-cihazi","product_tag-otomobil-test","product_tag-traktor-diyagnoz"],"brands":[{"id":374,"name":"BOSCH","slug":"bosch"}],"yoast_head":"<!-- This site is optimized with the Yoast SEO plugin v17.1 - https:\/\/yoast.com\/wordpress\/plugins\/seo\/ -->\n<title>Ar\u0131za Tespit Cihaz\u0131 BOSCH (Born in GERMANY)KTS TruckDiyagnostik \u00fcnitesi - Bak\u0131rc\u0131 Garagineering<\/title>\n<meta name=\"robots\" content=\"index, follow, max-snippet:-1, max-image-preview:large, max-video-preview:-1\" \/>\n<link rel=\"canonical\" href=\"https:\/\/bakirci.com\/ekipman\/servis-ekipmanlari\/mekanik\/diagnoz-ve-test-cihazlari\/diagnoz-ve-test-cihazlari-bosch-born-in-germanyariza-tespit-cihazi-kts-truckdiyagnostik-unitesi\/\" \/>\n<meta property=\"og:locale\" content=\"tr_TR\" \/>\n<meta property=\"og:type\" content=\"article\" \/>\n<meta property=\"og:title\" content=\"Ar\u0131za Tespit Cihaz\u0131 BOSCH (Born in GERMANY)KTS TruckDiyagnostik \u00fcnitesi - Bak\u0131rc\u0131 Garagineering\" \/>\n<meta property=\"og:description\" content=\"Ar\u0131za Tespit Cihaz\u0131 - KTS Truck  TIR, kamyon, otob\u00fcs, \u00e7ekici ve ticari ara\u00e7lara ba\u011flant\u0131 imkan\u0131  Bluetooth vas\u0131tas\u0131 ile harici bir PC&#039;ye ba\u011flan\u0131larak kullan\u0131l\u0131r  Motor kumandas\u0131, ABS, airbag, \u015fanzuman kumandas\u0131, klima elektroni\u011fi, g\u00f6sterge paneli, yol bilgisayar\u0131, merkezi elektronik, elektronik yak\u0131t p\u00fcsk\u00fcrtme sistemleri, lastik bas\u0131n\u00e7 kumanda sistemleri vb gibi  80\u2019in \u00fczerinde kontrol \u00fcnitesine ba\u011flant\u0131 imkan\u0131  OBD II, CAN-Bus II ve Hibrid ara\u00e7 teknolojisi gibi en y\u00fcksek teknolojiye sahip sistemlere ba\u011flanabilme\" \/>\n<meta property=\"og:url\" content=\"https:\/\/bakirci.com\/ekipman\/servis-ekipmanlari\/mekanik\/diagnoz-ve-test-cihazlari\/diagnoz-ve-test-cihazlari-bosch-born-in-germanyariza-tespit-cihazi-kts-truckdiyagnostik-unitesi\/\" \/>\n<meta property=\"og:site_name\" content=\"Bak\u0131rc\u0131 Garagineering\" \/>\n<meta property=\"article:publisher\" content=\"https:\/\/www.facebook.com\/bakirci.garagineering\" \/>\n<meta property=\"article:modified_time\" content=\"2021-08-06T12:38:45+00:00\" \/>\n<meta property=\"og:image\" content=\"https:\/\/bakirci.com\/ekipman\/wp-content\/uploads\/2021\/01\/KTS-Truck.png\" \/>\n\t<meta property=\"og:image:width\" content=\"1200\" \/>\n\t<meta property=\"og:image:height\" content=\"1200\" \/>\n<meta name=\"twitter:card\" content=\"summary_large_image\" \/>\n<meta name=\"twitter:label1\" content=\"Tahmini okuma s\u00fcresi\" \/>\n\t<meta name=\"twitter:data1\" content=\"1 dakika\" \/>\n<script type=\"application\/ld+json\" class=\"yoast-schema-graph\">{\"@context\":\"https:\/\/schema.org\",\"@graph\":[{\"@type\":\"Organization\",\"@id\":\"https:\/\/bakirci.com\/ekipman\/#organization\",\"name\":\"Bak\\u0131rc\\u0131 garagineering\",\"url\":\"https:\/\/bakirci.com\/ekipman\/\",\"sameAs\":[\"https:\/\/www.facebook.com\/bakirci.garagineering\",\"https:\/\/www.instagram.com\/bakirci.garagineering\/\",\"https:\/\/www.linkedin.com\/company\/bakirci-garagineering\/\",\"https:\/\/www.youtube.com\/channel\/UCiVG6s_jALJ6Zk8085XiOQg\"],\"logo\":{\"@type\":\"ImageObject\",\"@id\":\"https:\/\/bakirci.com\/ekipman\/#logo\",\"inLanguage\":\"tr\",\"url\":\"https:\/\/bakirci.com\/ekipman\/wp-content\/uploads\/2021\/09\/Bakirci-logo-lacivert.png\",\"contentUrl\":\"https:\/\/bakirci.com\/ekipman\/wp-content\/uploads\/2021\/09\/Bakirci-logo-lacivert.png\",\"width\":501,\"height\":501,\"caption\":\"Bak\\u0131rc\\u0131 garagineering\"},\"image\":{\"@id\":\"https:\/\/bakirci.com\/ekipman\/#logo\"}},{\"@type\":\"WebSite\",\"@id\":\"https:\/\/bakirci.com\/ekipman\/#website\",\"url\":\"https:\/\/bakirci.com\/ekipman\/\",\"name\":\"Bak\\u0131rc\\u0131 Garagineering\",\"description\":\"Otomotiv sekt\\u00f6r\\u00fcne \\u00f6zel, \\u201c\\u00dcretici Standard\\u0131nda\\u201d \\u00e7\\u00f6z\\u00fcmler\\u2026\",\"publisher\":{\"@id\":\"https:\/\/bakirci.com\/ekipman\/#organization\"},\"potentialAction\":[{\"@type\":\"SearchAction\",\"target\":{\"@type\":\"EntryPoint\",\"urlTemplate\":\"https:\/\/bakirci.com\/ekipman\/?s={search_term_string}\"},\"query-input\":\"required name=search_term_string\"}],\"inLanguage\":\"tr\"},{\"@type\":\"ImageObject\",\"@id\":\"https:\/\/bakirci.com\/ekipman\/servis-ekipmanlari\/mekanik\/diagnoz-ve-test-cihazlari\/diagnoz-ve-test-cihazlari-bosch-born-in-germanyariza-tespit-cihazi-kts-truckdiyagnostik-unitesi\/#primaryimage\",\"inLanguage\":\"tr\",\"url\":\"https:\/\/bakirci.com\/ekipman\/wp-content\/uploads\/2021\/01\/KTS-Truck.png\",\"contentUrl\":\"https:\/\/bakirci.com\/ekipman\/wp-content\/uploads\/2021\/01\/KTS-Truck.png\",\"width\":1200,\"height\":1200},{\"@type\":\"WebPage\",\"@id\":\"https:\/\/bakirci.com\/ekipman\/servis-ekipmanlari\/mekanik\/diagnoz-ve-test-cihazlari\/diagnoz-ve-test-cihazlari-bosch-born-in-germanyariza-tespit-cihazi-kts-truckdiyagnostik-unitesi\/#webpage\",\"url\":\"https:\/\/bakirci.com\/ekipman\/servis-ekipmanlari\/mekanik\/diagnoz-ve-test-cihazlari\/diagnoz-ve-test-cihazlari-bosch-born-in-germanyariza-tespit-cihazi-kts-truckdiyagnostik-unitesi\/\",\"name\":\"Ar\\u0131za Tespit Cihaz\\u0131 BOSCH (Born in GERMANY) KTS Truck Diyagnostik \\u00fcnitesi - Bak\\u0131rc\\u0131 Garagineering\",\"isPartOf\":{\"@id\":\"https:\/\/bakirci.com\/ekipman\/#website\"},\"primaryImageOfPage\":{\"@id\":\"https:\/\/bakirci.com\/ekipman\/servis-ekipmanlari\/mekanik\/diagnoz-ve-test-cihazlari\/diagnoz-ve-test-cihazlari-bosch-born-in-germanyariza-tespit-cihazi-kts-truckdiyagnostik-unitesi\/#primaryimage\"},\"datePublished\":\"2021-01-03T16:15:42+00:00\",\"dateModified\":\"2021-08-06T12:38:45+00:00\",\"breadcrumb\":{\"@id\":\"https:\/\/bakirci.com\/ekipman\/servis-ekipmanlari\/mekanik\/diagnoz-ve-test-cihazlari\/diagnoz-ve-test-cihazlari-bosch-born-in-germanyariza-tespit-cihazi-kts-truckdiyagnostik-unitesi\/#breadcrumb\"},\"inLanguage\":\"tr\",\"potentialAction\":[{\"@type\":\"ReadAction\",\"target\":[\"https:\/\/bakirci.com\/ekipman\/servis-ekipmanlari\/mekanik\/diagnoz-ve-test-cihazlari\/diagnoz-ve-test-cihazlari-bosch-born-in-germanyariza-tespit-cihazi-kts-truckdiyagnostik-unitesi\/\"]}]},{\"@type\":\"BreadcrumbList\",\"@id\":\"https:\/\/bakirci.com\/ekipman\/servis-ekipmanlari\/mekanik\/diagnoz-ve-test-cihazlari\/diagnoz-ve-test-cihazlari-bosch-born-in-germanyariza-tespit-cihazi-kts-truckdiyagnostik-unitesi\/#breadcrumb\",\"itemListElement\":[{\"@type\":\"ListItem\",\"position\":1,\"name\":\"Ekipman\",\"item\":\"https:\/\/bakirci.com\/ekipman\/\"},{\"@type\":\"ListItem\",\"position\":2,\"name\":\"Otomotiv Tesisleri \\u0130\\u00e7in Servis Ekipmanlar\\u0131\",\"item\":\"https:\/\/bakirci.com\/ekipman\/\"},{\"@type\":\"ListItem\",\"position\":3,\"name\":\"Ar\\u0131za Tespit Cihaz\\u0131 BOSCH (Born in GERMANY)KTS TruckDiyagnostik \\u00fcnitesi\"}]}]}<\/script>\n<!-- \/ Yoast SEO plugin. -->","yoast_head_json":{"title":"Ar\u0131za Tespit Cihaz\u0131 BOSCH (Born in GERMANY)KTS TruckDiyagnostik \u00fcnitesi - Bak\u0131rc\u0131 Garagineering","robots":{"index":"index","follow":"follow","max-snippet":"max-snippet:-1","max-image-preview":"max-image-preview:large","max-video-preview":"max-video-preview:-1"},"canonical":"https:\/\/bakirci.com\/ekipman\/servis-ekipmanlari\/mekanik\/diagnoz-ve-test-cihazlari\/diagnoz-ve-test-cihazlari-bosch-born-in-germanyariza-tespit-cihazi-kts-truckdiyagnostik-unitesi\/","og_locale":"tr_TR","og_type":"article","og_title":"Ar\u0131za Tespit Cihaz\u0131 BOSCH (Born in GERMANY)KTS TruckDiyagnostik \u00fcnitesi - Bak\u0131rc\u0131 Garagineering","og_description":"Ar\u0131za Tespit Cihaz\u0131 - KTS Truck  TIR, kamyon, otob\u00fcs, \u00e7ekici ve ticari ara\u00e7lara ba\u011flant\u0131 imkan\u0131  Bluetooth vas\u0131tas\u0131 ile harici bir PC'ye ba\u011flan\u0131larak kullan\u0131l\u0131r  Motor kumandas\u0131, ABS, airbag, \u015fanzuman kumandas\u0131, klima elektroni\u011fi, g\u00f6sterge paneli, yol bilgisayar\u0131, merkezi elektronik, elektronik yak\u0131t p\u00fcsk\u00fcrtme sistemleri, lastik bas\u0131n\u00e7 kumanda sistemleri vb gibi  80\u2019in \u00fczerinde kontrol \u00fcnitesine ba\u011flant\u0131 imkan\u0131  OBD II, CAN-Bus II ve Hibrid ara\u00e7 teknolojisi gibi en y\u00fcksek teknolojiye sahip sistemlere ba\u011flanabilme","og_url":"https:\/\/bakirci.com\/ekipman\/servis-ekipmanlari\/mekanik\/diagnoz-ve-test-cihazlari\/diagnoz-ve-test-cihazlari-bosch-born-in-germanyariza-tespit-cihazi-kts-truckdiyagnostik-unitesi\/","og_site_name":"Bak\u0131rc\u0131 Garagineering","article_publisher":"https:\/\/www.facebook.com\/bakirci.garagineering","article_modified_time":"2021-08-06T12:38:45+00:00","og_image":[{"width":1200,"height":1200,"url":"https:\/\/bakirci.com\/ekipman\/wp-content\/uploads\/2021\/01\/KTS-Truck.png","path":"\/home\/bakirciwebsitesi\/public_html\/ekipman\/wp-content\/uploads\/2021\/01\/KTS-Truck.png","size":"full","id":4379,"alt":"","pixels":1440000,"type":"image\/png"}],"twitter_card":"summary_large_image","twitter_misc":{"Tahmini okuma s\u00fcresi":"1 dakika"},"schema":{"@context":"https:\/\/schema.org","@graph":[{"@type":"Organization","@id":"https:\/\/bakirci.com\/ekipman\/#organization","name":"Bak\u0131rc\u0131 garagineering","url":"https:\/\/bakirci.com\/ekipman\/","sameAs":["https:\/\/www.facebook.com\/bakirci.garagineering","https:\/\/www.instagram.com\/bakirci.garagineering\/","https:\/\/www.linkedin.com\/company\/bakirci-garagineering\/","https:\/\/www.youtube.com\/channel\/UCiVG6s_jALJ6Zk8085XiOQg"],"logo":{"@type":"ImageObject","@id":"https:\/\/bakirci.com\/ekipman\/#logo","inLanguage":"tr","url":"https:\/\/bakirci.com\/ekipman\/wp-content\/uploads\/2021\/09\/Bakirci-logo-lacivert.png","contentUrl":"https:\/\/bakirci.com\/ekipman\/wp-content\/uploads\/2021\/09\/Bakirci-logo-lacivert.png","width":501,"height":501,"caption":"Bak\u0131rc\u0131 garagineering"},"image":{"@id":"https:\/\/bakirci.com\/ekipman\/#logo"}},{"@type":"WebSite","@id":"https:\/\/bakirci.com\/ekipman\/#website","url":"https:\/\/bakirci.com\/ekipman\/","name":"Bak\u0131rc\u0131 Garagineering","description":"Otomotiv sekt\u00f6r\u00fcne \u00f6zel, \u201c\u00dcretici Standard\u0131nda\u201d \u00e7\u00f6z\u00fcmler\u2026","publisher":{"@id":"https:\/\/bakirci.com\/ekipman\/#organization"},"potentialAction":[{"@type":"SearchAction","target":{"@type":"EntryPoint","urlTemplate":"https:\/\/bakirci.com\/ekipman\/?s={search_term_string}"},"query-input":"required name=search_term_string"}],"inLanguage":"tr"},{"@type":"ImageObject","@id":"https:\/\/bakirci.com\/ekipman\/servis-ekipmanlari\/mekanik\/diagnoz-ve-test-cihazlari\/diagnoz-ve-test-cihazlari-bosch-born-in-germanyariza-tespit-cihazi-kts-truckdiyagnostik-unitesi\/#primaryimage","inLanguage":"tr","url":"https:\/\/bakirci.com\/ekipman\/wp-content\/uploads\/2021\/01\/KTS-Truck.png","contentUrl":"https:\/\/bakirci.com\/ekipman\/wp-content\/uploads\/2021\/01\/KTS-Truck.png","width":1200,"height":1200},{"@type":"WebPage","@id":"https:\/\/bakirci.com\/ekipman\/servis-ekipmanlari\/mekanik\/diagnoz-ve-test-cihazlari\/diagnoz-ve-test-cihazlari-bosch-born-in-germanyariza-tespit-cihazi-kts-truckdiyagnostik-unitesi\/#webpage","url":"https:\/\/bakirci.com\/ekipman\/servis-ekipmanlari\/mekanik\/diagnoz-ve-test-cihazlari\/diagnoz-ve-test-cihazlari-bosch-born-in-germanyariza-tespit-cihazi-kts-truckdiyagnostik-unitesi\/","name":"Ar\u0131za Tespit Cihaz\u0131 BOSCH (Born in GERMANY) KTS Truck Diyagnostik \u00fcnitesi - Bak\u0131rc\u0131 Garagineering","isPartOf":{"@id":"https:\/\/bakirci.com\/ekipman\/#website"},"primaryImageOfPage":{"@id":"https:\/\/bakirci.com\/ekipman\/servis-ekipmanlari\/mekanik\/diagnoz-ve-test-cihazlari\/diagnoz-ve-test-cihazlari-bosch-born-in-germanyariza-tespit-cihazi-kts-truckdiyagnostik-unitesi\/#primaryimage"},"datePublished":"2021-01-03T16:15:42+00:00","dateModified":"2021-08-06T12:38:45+00:00","breadcrumb":{"@id":"https:\/\/bakirci.com\/ekipman\/servis-ekipmanlari\/mekanik\/diagnoz-ve-test-cihazlari\/diagnoz-ve-test-cihazlari-bosch-born-in-germanyariza-tespit-cihazi-kts-truckdiyagnostik-unitesi\/#breadcrumb"},"inLanguage":"tr","potentialAction":[{"@type":"ReadAction","target":["https:\/\/bakirci.com\/ekipman\/servis-ekipmanlari\/mekanik\/diagnoz-ve-test-cihazlari\/diagnoz-ve-test-cihazlari-bosch-born-in-germanyariza-tespit-cihazi-kts-truckdiyagnostik-unitesi\/"]}]},{"@type":"BreadcrumbList","@id":"https:\/\/bakirci.com\/ekipman\/servis-ekipmanlari\/mekanik\/diagnoz-ve-test-cihazlari\/diagnoz-ve-test-cihazlari-bosch-born-in-germanyariza-tespit-cihazi-kts-truckdiyagnostik-unitesi\/#breadcrumb","itemListElement":[{"@type":"ListItem","position":1,"name":"Ekipman","item":"https:\/\/bakirci.com\/ekipman\/"},{"@type":"ListItem","position":2,"name":"Otomotiv Tesisleri \u0130\u00e7in Servis Ekipmanlar\u0131","item":"https:\/\/bakirci.com\/ekipman\/"},{"@type":"ListItem","position":3,"name":"Ar\u0131za Tespit Cihaz\u0131 BOSCH (Born in GERMANY)KTS TruckDiyagnostik \u00fcnitesi"}]}]}},"_links":{"self":[{"href":"https:\/\/bakirci.com\/ekipman\/wp-json\/wp\/v2\/product\/4203","targetHints":{"allow":["GET"]}}],"collection":[{"href":"https:\/\/bakirci.com\/ekipman\/wp-json\/wp\/v2\/product"}],"about":[{"href":"https:\/\/bakirci.com\/ekipman\/wp-json\/wp\/v2\/types\/product"}],"replies":[{"embeddable":true,"href":"https:\/\/bakirci.com\/ekipman\/wp-json\/wp\/v2\/comments?post=4203"}],"wp:featuredmedia":[{"embeddable":true,"href":"https:\/\/bakirci.com\/ekipman\/wp-json\/wp\/v2\/media\/4379"}],"wp:attachment":[{"href":"https:\/\/bakirci.com\/ekipman\/wp-json\/wp\/v2\/media?parent=4203"}],"wp:term":[{"taxonomy":"product_cat","embeddable":true,"href":"https:\/\/bakirci.com\/ekipman\/wp-json\/wp\/v2\/product_cat?post=4203"},{"taxonomy":"product_tag","embeddable":true,"href":"https:\/\/bakirci.com\/ekipman\/wp-json\/wp\/v2\/product_tag?post=4203"}],"curies":[{"name":"wp","href":"https:\/\/api.w.org\/{rel}","templated":true}]}}