{"id":4196,"date":"2021-01-03T16:50:35","date_gmt":"2021-01-03T16:50:35","guid":{"rendered":"https:\/\/j6l.65c.myftpupload.com\/?post_type=product&#038;p=4196"},"modified":"2021-08-06T12:37:30","modified_gmt":"2021-08-06T12:37:30","slug":"diagnoz-ve-test-cihazlari-hella-gutmann-born-in-germanyariza-tespit-cihazi-mega-macs-pcdiyagnostik-unitesi-ve-ekspertiz-yazilimi","status":"publish","type":"product","link":"https:\/\/bakirci.com\/ekipman\/servis-ekipmanlari\/mekanik\/diagnoz-ve-test-cihazlari\/diagnoz-ve-test-cihazlari-hella-gutmann-born-in-germanyariza-tespit-cihazi-mega-macs-pcdiyagnostik-unitesi-ve-ekspertiz-yazilimi\/","title":{"rendered":"<p class=\"ustmetin\">Ar\u0131za Tespit Cihaz\u0131<\/p> <p class=\"ortametin\">HELLA GUTMANN <span class=\"ortametin2\">(Born in GERMANY)<\/span><\/p><p class=\"altmetin\">Mega Macs PC<br>Diyagnostik \u00fcnitesi ve ekspertiz yaz\u0131l\u0131m\u0131<\/p>"},"content":{"rendered":"<ul>\n<li>Ar\u0131za Tespit Cihaz\u0131 &#8211; Mega Macs PC<\/li>\n<li>\u015easi numaras\u0131ndan ara\u00e7 tan\u0131ma<\/li>\n<li>T\u00fcm kumanda cihazlar\u0131n\u0131n (ECU) hata kodlar\u0131n\u0131 okuma, silme ve tamir i\u00e7in a\u00e7\u0131klamal\u0131 y\u00f6nlendirme<\/li>\n<li>Temel kodlama ve ayar i\u015flemleri<\/li>\n<li>OBD soketinin ara\u00e7 \u00fczerinde resimli yer g\u00f6sterimi ve ara\u00e7 bak\u0131m planlar\u0131<\/li>\n<li>OEM \u00fcreticiler ile koordineli kumanda beyni programlama (PassThru)<\/li>\n<li>Test sonu\u00e7lar\u0131 i\u00e7in yazd\u0131rma fonksiyonu (Al\u0131c\u0131 taraf\u0131ndan tedarik edilecek olan harici bir PC \/ Laptop ile bluetooth vas\u0131tas\u0131yla kullan\u0131l\u0131r. 1 y\u0131l \u00fccretsiz g\u00fcncelleme ve \u00e7evrimi\u00e7i T\u00fcrk\u00e7e teknik data)<\/li>\n<\/ul>\n","protected":false},"excerpt":{"rendered":"<ul>\n<li>Ar\u0131za Tespit Cihaz\u0131 &#8211; Mega Macs PC<\/li>\n<li>\u015easi numaras\u0131ndan ara\u00e7 tan\u0131ma<\/li>\n<li>T\u00fcm kumanda cihazlar\u0131n\u0131n (ECU) hata kodlar\u0131n\u0131 okuma, silme ve tamir i\u00e7in a\u00e7\u0131klamal\u0131 y\u00f6nlendirme<\/li>\n<li>Temel kodlama ve ayar i\u015flemleri<\/li>\n<li>OBD soketinin ara\u00e7 \u00fczerinde resimli yer g\u00f6sterimi ve ara\u00e7 bak\u0131m planlar\u0131<\/li>\n<li>OEM \u00fcreticiler ile koordineli kumanda beyni programlama (PassThru)<\/li>\n<li>Test sonu\u00e7lar\u0131 i\u00e7in yazd\u0131rma fonksiyonu (Al\u0131c\u0131 taraf\u0131ndan tedarik edilecek olan harici bir PC \/ Laptop ile bluetooth vas\u0131tas\u0131yla kullan\u0131l\u0131r. 1 y\u0131l \u00fccretsiz g\u00fcncelleme ve \u00e7evrimi\u00e7i T\u00fcrk\u00e7e teknik data)<\/li>\n<\/ul>\n","protected":false},"featured_media":4372,"comment_status":"open","ping_status":"closed","template":"","meta":[],"product_cat":[143],"product_tag":[576,579,575,585,584,572,577,578,586,574,567,568,570,571,569,339,582,581,573,580,583],"class_list":["post-4196","product","type-product","status-publish","has-post-thumbnail","hentry","pwb-brand-hella-gutmann","product_cat-diagnoz-ve-test-cihazlari","product_tag-arac-analiz","product_tag-arac-test","product_tag-ariza-analiz","product_tag-ariza-arama","product_tag-ariza-bulma","product_tag-ariza-lamba-sondurme","product_tag-ariza-okuyucu","product_tag-ariza-silici","product_tag-ariza-sondurme","product_tag-ariza-tesbit","product_tag-ariza-teshis","product_tag-diagnoz","product_tag-diyagnos","product_tag-diyagnostik","product_tag-diyagnoz","product_tag-hella-gutmann","product_tag-kamyon-diyagnoz","product_tag-kamyon-test","product_tag-obd-cihazi","product_tag-otomobil-test","product_tag-traktor-diyagnoz"],"brands":[{"id":373,"name":"HELLA GUTMANN","slug":"hella-gutmann"}],"yoast_head":"<!-- This site is optimized with the Yoast SEO plugin v17.1 - https:\/\/yoast.com\/wordpress\/plugins\/seo\/ -->\n<title>Ar\u0131za Tespit Cihaz\u0131 HELLA GUTMANN (Born in GERMANY)Mega Macs PCDiyagnostik \u00fcnitesi ve ekspertiz yaz\u0131l\u0131m\u0131 - Bak\u0131rc\u0131 Garagineering<\/title>\n<meta name=\"robots\" content=\"index, follow, max-snippet:-1, max-image-preview:large, max-video-preview:-1\" \/>\n<link rel=\"canonical\" href=\"https:\/\/bakirci.com\/ekipman\/servis-ekipmanlari\/mekanik\/diagnoz-ve-test-cihazlari\/diagnoz-ve-test-cihazlari-hella-gutmann-born-in-germanyariza-tespit-cihazi-mega-macs-pcdiyagnostik-unitesi-ve-ekspertiz-yazilimi\/\" \/>\n<meta property=\"og:locale\" content=\"tr_TR\" \/>\n<meta property=\"og:type\" content=\"article\" \/>\n<meta property=\"og:title\" content=\"Ar\u0131za Tespit Cihaz\u0131 HELLA GUTMANN (Born in GERMANY)Mega Macs PCDiyagnostik \u00fcnitesi ve ekspertiz yaz\u0131l\u0131m\u0131 - Bak\u0131rc\u0131 Garagineering\" \/>\n<meta property=\"og:description\" content=\"Ar\u0131za Tespit Cihaz\u0131 - Mega Macs PC  \u015easi numaras\u0131ndan ara\u00e7 tan\u0131ma  T\u00fcm kumanda cihazlar\u0131n\u0131n (ECU) hata kodlar\u0131n\u0131 okuma, silme ve tamir i\u00e7in a\u00e7\u0131klamal\u0131 y\u00f6nlendirme  Temel kodlama ve ayar i\u015flemleri  OBD soketinin ara\u00e7 \u00fczerinde resimli yer g\u00f6sterimi ve ara\u00e7 bak\u0131m planlar\u0131  OEM \u00fcreticiler ile koordineli kumanda beyni programlama (PassThru)  Test sonu\u00e7lar\u0131 i\u00e7in yazd\u0131rma fonksiyonu (Al\u0131c\u0131 taraf\u0131ndan tedarik edilecek olan harici bir PC \/ Laptop ile bluetooth vas\u0131tas\u0131yla kullan\u0131l\u0131r. 1 y\u0131l \u00fccretsiz g\u00fcncelleme ve \u00e7evrimi\u00e7i T\u00fcrk\u00e7e teknik data)\" \/>\n<meta property=\"og:url\" content=\"https:\/\/bakirci.com\/ekipman\/servis-ekipmanlari\/mekanik\/diagnoz-ve-test-cihazlari\/diagnoz-ve-test-cihazlari-hella-gutmann-born-in-germanyariza-tespit-cihazi-mega-macs-pcdiyagnostik-unitesi-ve-ekspertiz-yazilimi\/\" \/>\n<meta property=\"og:site_name\" content=\"Bak\u0131rc\u0131 Garagineering\" \/>\n<meta property=\"article:publisher\" content=\"https:\/\/www.facebook.com\/bakirci.garagineering\" \/>\n<meta property=\"article:modified_time\" content=\"2021-08-06T12:37:30+00:00\" \/>\n<meta property=\"og:image\" content=\"https:\/\/bakirci.com\/ekipman\/wp-content\/uploads\/2021\/01\/Mega-Macs-PC.png\" \/>\n\t<meta property=\"og:image:width\" content=\"1200\" \/>\n\t<meta property=\"og:image:height\" content=\"1200\" \/>\n<meta name=\"twitter:card\" content=\"summary_large_image\" \/>\n<meta name=\"twitter:label1\" content=\"Tahmini okuma s\u00fcresi\" \/>\n\t<meta name=\"twitter:data1\" content=\"1 dakika\" \/>\n<script type=\"application\/ld+json\" class=\"yoast-schema-graph\">{\"@context\":\"https:\/\/schema.org\",\"@graph\":[{\"@type\":\"Organization\",\"@id\":\"https:\/\/bakirci.com\/ekipman\/#organization\",\"name\":\"Bak\\u0131rc\\u0131 garagineering\",\"url\":\"https:\/\/bakirci.com\/ekipman\/\",\"sameAs\":[\"https:\/\/www.facebook.com\/bakirci.garagineering\",\"https:\/\/www.instagram.com\/bakirci.garagineering\/\",\"https:\/\/www.linkedin.com\/company\/bakirci-garagineering\/\",\"https:\/\/www.youtube.com\/channel\/UCiVG6s_jALJ6Zk8085XiOQg\"],\"logo\":{\"@type\":\"ImageObject\",\"@id\":\"https:\/\/bakirci.com\/ekipman\/#logo\",\"inLanguage\":\"tr\",\"url\":\"https:\/\/bakirci.com\/ekipman\/wp-content\/uploads\/2021\/09\/Bakirci-logo-lacivert.png\",\"contentUrl\":\"https:\/\/bakirci.com\/ekipman\/wp-content\/uploads\/2021\/09\/Bakirci-logo-lacivert.png\",\"width\":501,\"height\":501,\"caption\":\"Bak\\u0131rc\\u0131 garagineering\"},\"image\":{\"@id\":\"https:\/\/bakirci.com\/ekipman\/#logo\"}},{\"@type\":\"WebSite\",\"@id\":\"https:\/\/bakirci.com\/ekipman\/#website\",\"url\":\"https:\/\/bakirci.com\/ekipman\/\",\"name\":\"Bak\\u0131rc\\u0131 Garagineering\",\"description\":\"Otomotiv sekt\\u00f6r\\u00fcne \\u00f6zel, \\u201c\\u00dcretici Standard\\u0131nda\\u201d \\u00e7\\u00f6z\\u00fcmler\\u2026\",\"publisher\":{\"@id\":\"https:\/\/bakirci.com\/ekipman\/#organization\"},\"potentialAction\":[{\"@type\":\"SearchAction\",\"target\":{\"@type\":\"EntryPoint\",\"urlTemplate\":\"https:\/\/bakirci.com\/ekipman\/?s={search_term_string}\"},\"query-input\":\"required name=search_term_string\"}],\"inLanguage\":\"tr\"},{\"@type\":\"ImageObject\",\"@id\":\"https:\/\/bakirci.com\/ekipman\/servis-ekipmanlari\/mekanik\/diagnoz-ve-test-cihazlari\/diagnoz-ve-test-cihazlari-hella-gutmann-born-in-germanyariza-tespit-cihazi-mega-macs-pcdiyagnostik-unitesi-ve-ekspertiz-yazilimi\/#primaryimage\",\"inLanguage\":\"tr\",\"url\":\"https:\/\/bakirci.com\/ekipman\/wp-content\/uploads\/2021\/01\/Mega-Macs-PC.png\",\"contentUrl\":\"https:\/\/bakirci.com\/ekipman\/wp-content\/uploads\/2021\/01\/Mega-Macs-PC.png\",\"width\":1200,\"height\":1200},{\"@type\":\"WebPage\",\"@id\":\"https:\/\/bakirci.com\/ekipman\/servis-ekipmanlari\/mekanik\/diagnoz-ve-test-cihazlari\/diagnoz-ve-test-cihazlari-hella-gutmann-born-in-germanyariza-tespit-cihazi-mega-macs-pcdiyagnostik-unitesi-ve-ekspertiz-yazilimi\/#webpage\",\"url\":\"https:\/\/bakirci.com\/ekipman\/servis-ekipmanlari\/mekanik\/diagnoz-ve-test-cihazlari\/diagnoz-ve-test-cihazlari-hella-gutmann-born-in-germanyariza-tespit-cihazi-mega-macs-pcdiyagnostik-unitesi-ve-ekspertiz-yazilimi\/\",\"name\":\"Ar\\u0131za Tespit Cihaz\\u0131 HELLA GUTMANN (Born in GERMANY) Mega Macs PC Diyagnostik \\u00fcnitesi ve ekspertiz yaz\\u0131l\\u0131m\\u0131 - Bak\\u0131rc\\u0131 Garagineering\",\"isPartOf\":{\"@id\":\"https:\/\/bakirci.com\/ekipman\/#website\"},\"primaryImageOfPage\":{\"@id\":\"https:\/\/bakirci.com\/ekipman\/servis-ekipmanlari\/mekanik\/diagnoz-ve-test-cihazlari\/diagnoz-ve-test-cihazlari-hella-gutmann-born-in-germanyariza-tespit-cihazi-mega-macs-pcdiyagnostik-unitesi-ve-ekspertiz-yazilimi\/#primaryimage\"},\"datePublished\":\"2021-01-03T16:50:35+00:00\",\"dateModified\":\"2021-08-06T12:37:30+00:00\",\"breadcrumb\":{\"@id\":\"https:\/\/bakirci.com\/ekipman\/servis-ekipmanlari\/mekanik\/diagnoz-ve-test-cihazlari\/diagnoz-ve-test-cihazlari-hella-gutmann-born-in-germanyariza-tespit-cihazi-mega-macs-pcdiyagnostik-unitesi-ve-ekspertiz-yazilimi\/#breadcrumb\"},\"inLanguage\":\"tr\",\"potentialAction\":[{\"@type\":\"ReadAction\",\"target\":[\"https:\/\/bakirci.com\/ekipman\/servis-ekipmanlari\/mekanik\/diagnoz-ve-test-cihazlari\/diagnoz-ve-test-cihazlari-hella-gutmann-born-in-germanyariza-tespit-cihazi-mega-macs-pcdiyagnostik-unitesi-ve-ekspertiz-yazilimi\/\"]}]},{\"@type\":\"BreadcrumbList\",\"@id\":\"https:\/\/bakirci.com\/ekipman\/servis-ekipmanlari\/mekanik\/diagnoz-ve-test-cihazlari\/diagnoz-ve-test-cihazlari-hella-gutmann-born-in-germanyariza-tespit-cihazi-mega-macs-pcdiyagnostik-unitesi-ve-ekspertiz-yazilimi\/#breadcrumb\",\"itemListElement\":[{\"@type\":\"ListItem\",\"position\":1,\"name\":\"Ekipman\",\"item\":\"https:\/\/bakirci.com\/ekipman\/\"},{\"@type\":\"ListItem\",\"position\":2,\"name\":\"Otomotiv Tesisleri \\u0130\\u00e7in Servis Ekipmanlar\\u0131\",\"item\":\"https:\/\/bakirci.com\/ekipman\/\"},{\"@type\":\"ListItem\",\"position\":3,\"name\":\"Ar\\u0131za Tespit Cihaz\\u0131 HELLA GUTMANN (Born in GERMANY)Mega Macs PCDiyagnostik \\u00fcnitesi ve ekspertiz yaz\\u0131l\\u0131m\\u0131\"}]}]}<\/script>\n<!-- \/ Yoast SEO plugin. -->","yoast_head_json":{"title":"Ar\u0131za Tespit Cihaz\u0131 HELLA GUTMANN (Born in GERMANY)Mega Macs PCDiyagnostik \u00fcnitesi ve ekspertiz yaz\u0131l\u0131m\u0131 - Bak\u0131rc\u0131 Garagineering","robots":{"index":"index","follow":"follow","max-snippet":"max-snippet:-1","max-image-preview":"max-image-preview:large","max-video-preview":"max-video-preview:-1"},"canonical":"https:\/\/bakirci.com\/ekipman\/servis-ekipmanlari\/mekanik\/diagnoz-ve-test-cihazlari\/diagnoz-ve-test-cihazlari-hella-gutmann-born-in-germanyariza-tespit-cihazi-mega-macs-pcdiyagnostik-unitesi-ve-ekspertiz-yazilimi\/","og_locale":"tr_TR","og_type":"article","og_title":"Ar\u0131za Tespit Cihaz\u0131 HELLA GUTMANN (Born in GERMANY)Mega Macs PCDiyagnostik \u00fcnitesi ve ekspertiz yaz\u0131l\u0131m\u0131 - Bak\u0131rc\u0131 Garagineering","og_description":"Ar\u0131za Tespit Cihaz\u0131 - Mega Macs PC  \u015easi numaras\u0131ndan ara\u00e7 tan\u0131ma  T\u00fcm kumanda cihazlar\u0131n\u0131n (ECU) hata kodlar\u0131n\u0131 okuma, silme ve tamir i\u00e7in a\u00e7\u0131klamal\u0131 y\u00f6nlendirme  Temel kodlama ve ayar i\u015flemleri  OBD soketinin ara\u00e7 \u00fczerinde resimli yer g\u00f6sterimi ve ara\u00e7 bak\u0131m planlar\u0131  OEM \u00fcreticiler ile koordineli kumanda beyni programlama (PassThru)  Test sonu\u00e7lar\u0131 i\u00e7in yazd\u0131rma fonksiyonu (Al\u0131c\u0131 taraf\u0131ndan tedarik edilecek olan harici bir PC \/ Laptop ile bluetooth vas\u0131tas\u0131yla kullan\u0131l\u0131r. 1 y\u0131l \u00fccretsiz g\u00fcncelleme ve \u00e7evrimi\u00e7i T\u00fcrk\u00e7e teknik data)","og_url":"https:\/\/bakirci.com\/ekipman\/servis-ekipmanlari\/mekanik\/diagnoz-ve-test-cihazlari\/diagnoz-ve-test-cihazlari-hella-gutmann-born-in-germanyariza-tespit-cihazi-mega-macs-pcdiyagnostik-unitesi-ve-ekspertiz-yazilimi\/","og_site_name":"Bak\u0131rc\u0131 Garagineering","article_publisher":"https:\/\/www.facebook.com\/bakirci.garagineering","article_modified_time":"2021-08-06T12:37:30+00:00","og_image":[{"width":1200,"height":1200,"url":"https:\/\/bakirci.com\/ekipman\/wp-content\/uploads\/2021\/01\/Mega-Macs-PC.png","path":"\/home\/bakirciwebsitesi\/public_html\/ekipman\/wp-content\/uploads\/2021\/01\/Mega-Macs-PC.png","size":"full","id":4372,"alt":"","pixels":1440000,"type":"image\/png"}],"twitter_card":"summary_large_image","twitter_misc":{"Tahmini okuma s\u00fcresi":"1 dakika"},"schema":{"@context":"https:\/\/schema.org","@graph":[{"@type":"Organization","@id":"https:\/\/bakirci.com\/ekipman\/#organization","name":"Bak\u0131rc\u0131 garagineering","url":"https:\/\/bakirci.com\/ekipman\/","sameAs":["https:\/\/www.facebook.com\/bakirci.garagineering","https:\/\/www.instagram.com\/bakirci.garagineering\/","https:\/\/www.linkedin.com\/company\/bakirci-garagineering\/","https:\/\/www.youtube.com\/channel\/UCiVG6s_jALJ6Zk8085XiOQg"],"logo":{"@type":"ImageObject","@id":"https:\/\/bakirci.com\/ekipman\/#logo","inLanguage":"tr","url":"https:\/\/bakirci.com\/ekipman\/wp-content\/uploads\/2021\/09\/Bakirci-logo-lacivert.png","contentUrl":"https:\/\/bakirci.com\/ekipman\/wp-content\/uploads\/2021\/09\/Bakirci-logo-lacivert.png","width":501,"height":501,"caption":"Bak\u0131rc\u0131 garagineering"},"image":{"@id":"https:\/\/bakirci.com\/ekipman\/#logo"}},{"@type":"WebSite","@id":"https:\/\/bakirci.com\/ekipman\/#website","url":"https:\/\/bakirci.com\/ekipman\/","name":"Bak\u0131rc\u0131 Garagineering","description":"Otomotiv sekt\u00f6r\u00fcne \u00f6zel, \u201c\u00dcretici Standard\u0131nda\u201d \u00e7\u00f6z\u00fcmler\u2026","publisher":{"@id":"https:\/\/bakirci.com\/ekipman\/#organization"},"potentialAction":[{"@type":"SearchAction","target":{"@type":"EntryPoint","urlTemplate":"https:\/\/bakirci.com\/ekipman\/?s={search_term_string}"},"query-input":"required name=search_term_string"}],"inLanguage":"tr"},{"@type":"ImageObject","@id":"https:\/\/bakirci.com\/ekipman\/servis-ekipmanlari\/mekanik\/diagnoz-ve-test-cihazlari\/diagnoz-ve-test-cihazlari-hella-gutmann-born-in-germanyariza-tespit-cihazi-mega-macs-pcdiyagnostik-unitesi-ve-ekspertiz-yazilimi\/#primaryimage","inLanguage":"tr","url":"https:\/\/bakirci.com\/ekipman\/wp-content\/uploads\/2021\/01\/Mega-Macs-PC.png","contentUrl":"https:\/\/bakirci.com\/ekipman\/wp-content\/uploads\/2021\/01\/Mega-Macs-PC.png","width":1200,"height":1200},{"@type":"WebPage","@id":"https:\/\/bakirci.com\/ekipman\/servis-ekipmanlari\/mekanik\/diagnoz-ve-test-cihazlari\/diagnoz-ve-test-cihazlari-hella-gutmann-born-in-germanyariza-tespit-cihazi-mega-macs-pcdiyagnostik-unitesi-ve-ekspertiz-yazilimi\/#webpage","url":"https:\/\/bakirci.com\/ekipman\/servis-ekipmanlari\/mekanik\/diagnoz-ve-test-cihazlari\/diagnoz-ve-test-cihazlari-hella-gutmann-born-in-germanyariza-tespit-cihazi-mega-macs-pcdiyagnostik-unitesi-ve-ekspertiz-yazilimi\/","name":"Ar\u0131za Tespit Cihaz\u0131 HELLA GUTMANN (Born in GERMANY) Mega Macs PC Diyagnostik \u00fcnitesi ve ekspertiz yaz\u0131l\u0131m\u0131 - Bak\u0131rc\u0131 Garagineering","isPartOf":{"@id":"https:\/\/bakirci.com\/ekipman\/#website"},"primaryImageOfPage":{"@id":"https:\/\/bakirci.com\/ekipman\/servis-ekipmanlari\/mekanik\/diagnoz-ve-test-cihazlari\/diagnoz-ve-test-cihazlari-hella-gutmann-born-in-germanyariza-tespit-cihazi-mega-macs-pcdiyagnostik-unitesi-ve-ekspertiz-yazilimi\/#primaryimage"},"datePublished":"2021-01-03T16:50:35+00:00","dateModified":"2021-08-06T12:37:30+00:00","breadcrumb":{"@id":"https:\/\/bakirci.com\/ekipman\/servis-ekipmanlari\/mekanik\/diagnoz-ve-test-cihazlari\/diagnoz-ve-test-cihazlari-hella-gutmann-born-in-germanyariza-tespit-cihazi-mega-macs-pcdiyagnostik-unitesi-ve-ekspertiz-yazilimi\/#breadcrumb"},"inLanguage":"tr","potentialAction":[{"@type":"ReadAction","target":["https:\/\/bakirci.com\/ekipman\/servis-ekipmanlari\/mekanik\/diagnoz-ve-test-cihazlari\/diagnoz-ve-test-cihazlari-hella-gutmann-born-in-germanyariza-tespit-cihazi-mega-macs-pcdiyagnostik-unitesi-ve-ekspertiz-yazilimi\/"]}]},{"@type":"BreadcrumbList","@id":"https:\/\/bakirci.com\/ekipman\/servis-ekipmanlari\/mekanik\/diagnoz-ve-test-cihazlari\/diagnoz-ve-test-cihazlari-hella-gutmann-born-in-germanyariza-tespit-cihazi-mega-macs-pcdiyagnostik-unitesi-ve-ekspertiz-yazilimi\/#breadcrumb","itemListElement":[{"@type":"ListItem","position":1,"name":"Ekipman","item":"https:\/\/bakirci.com\/ekipman\/"},{"@type":"ListItem","position":2,"name":"Otomotiv Tesisleri \u0130\u00e7in Servis Ekipmanlar\u0131","item":"https:\/\/bakirci.com\/ekipman\/"},{"@type":"ListItem","position":3,"name":"Ar\u0131za Tespit Cihaz\u0131 HELLA GUTMANN (Born in GERMANY)Mega Macs PCDiyagnostik \u00fcnitesi ve ekspertiz yaz\u0131l\u0131m\u0131"}]}]}},"_links":{"self":[{"href":"https:\/\/bakirci.com\/ekipman\/wp-json\/wp\/v2\/product\/4196","targetHints":{"allow":["GET"]}}],"collection":[{"href":"https:\/\/bakirci.com\/ekipman\/wp-json\/wp\/v2\/product"}],"about":[{"href":"https:\/\/bakirci.com\/ekipman\/wp-json\/wp\/v2\/types\/product"}],"replies":[{"embeddable":true,"href":"https:\/\/bakirci.com\/ekipman\/wp-json\/wp\/v2\/comments?post=4196"}],"wp:featuredmedia":[{"embeddable":true,"href":"https:\/\/bakirci.com\/ekipman\/wp-json\/wp\/v2\/media\/4372"}],"wp:attachment":[{"href":"https:\/\/bakirci.com\/ekipman\/wp-json\/wp\/v2\/media?parent=4196"}],"wp:term":[{"taxonomy":"product_cat","embeddable":true,"href":"https:\/\/bakirci.com\/ekipman\/wp-json\/wp\/v2\/product_cat?post=4196"},{"taxonomy":"product_tag","embeddable":true,"href":"https:\/\/bakirci.com\/ekipman\/wp-json\/wp\/v2\/product_tag?post=4196"}],"curies":[{"name":"wp","href":"https:\/\/api.w.org\/{rel}","templated":true}]}}