{"id":4187,"date":"2021-02-03T02:25:17","date_gmt":"2021-02-03T02:25:17","guid":{"rendered":"https:\/\/j6l.65c.myftpupload.com\/?post_type=product&#038;p=4187"},"modified":"2022-03-31T13:23:02","modified_gmt":"2022-03-31T13:23:02","slug":"mobi-70-4e","status":"publish","type":"product","link":"https:\/\/bakirci.com\/ekipman\/servis-ekipmanlari\/mekanik\/liftler\/seyyar-kaldirma-liftleri\/mobi-70-4e\/","title":{"rendered":"<p class=\"ustmetin\">Seyyar Elektrohidrolik<br>Tekerlekten Kald\u0131rma Lifti<\/p> <p class=\"ortametin\">BUTLER <span class=\"ortametin2\">(Born in ITALY)<\/span><\/p><p class=\"altmetin\">MOBI 70.6<br>Kald\u0131rma kapasitesi 6 x 7000 kg<br>(toplam 42000 kg)<\/p>"},"content":{"rendered":"<ul>\n<li>Seyyar Elektromekanik Tekerlekten Kald\u0131rma Lifti \u2013 MOBI 70.6 \/ 70.8<\/li>\n<li>Elektronik senkronizasyonlu kald\u0131rma lifti<\/li>\n<li>\u0130\u00e7 ve d\u0131\u015f mekanda kullan\u0131m\u0131na uygun<\/li>\n<li>Bir s\u00fctundan di\u011fer s\u00fctunlar\u0131 kumanda edilebilme<\/li>\n<li>S\u00fctun \u00e7iftleri aras\u0131nda farkl\u0131 y\u00fckseklik ayar imkan\u0131<\/li>\n<li>Hidrolik kilit sistemi<\/li>\n<li>S\u00fctun say\u0131s\u0131n\u0131 6-8&#8242; e \u00e7\u0131kar\u0131labilme imkan\u0131<\/li>\n<li>Kald\u0131rma kapasitesi 6 x 7000 kg (toplam 42000 kg)<\/li>\n<li>Kald\u0131rma kapasitesi 8 x 7000 kg (toplam 56000 kg)<\/li>\n<li>Kald\u0131rma y\u00fcksekli\u011fi 1760 mm<\/li>\n<\/ul>\n","protected":false},"excerpt":{"rendered":"<ul>\n<li>Seyyar Elektromekanik Tekerlekten Kald\u0131rma Lifti \u2013 MOBI 70.6 \/ 70.8<\/li>\n<li>Elektronik senkronizasyonlu kald\u0131rma lifti<\/li>\n<li>\u0130\u00e7 ve d\u0131\u015f mekanda kullan\u0131m\u0131na uygun<\/li>\n<li>Bir s\u00fctundan di\u011fer s\u00fctunlar\u0131 kumanda edilebilme<\/li>\n<li>S\u00fctun \u00e7iftleri aras\u0131nda farkl\u0131 y\u00fckseklik ayar imkan\u0131<\/li>\n<li>Hidrolik kilit sistemi<\/li>\n<li>S\u00fctun say\u0131s\u0131n\u0131 6-8&#8242; e \u00e7\u0131kar\u0131labilme imkan\u0131<\/li>\n<li>Kald\u0131rma kapasitesi 6 x 7000 kg (toplam 42000 kg)<\/li>\n<li>Kald\u0131rma kapasitesi 8 x 7000 kg (toplam 56000 kg)<\/li>\n<li>Kald\u0131rma y\u00fcksekli\u011fi 1760 mm<\/li>\n<\/ul>\n","protected":false},"featured_media":4361,"comment_status":"open","ping_status":"closed","template":"","meta":[],"product_cat":[171],"product_tag":[543,565,550,542,566,534,562,51,536,537,539,561,555,538,535,532,531,545,548,559,541,540,495,533,551,552,564,544,563,547,554,549,556,560,546,558,553,557],"class_list":["post-4187","product","type-product","status-publish","has-post-thumbnail","hentry","pwb-brand-butler","product_cat-seyyar-kaldirma-liftleri","product_tag-araba-lifti","product_tag-arac-bakim-lifti","product_tag-arac-kabul-lifti","product_tag-arac-lifti","product_tag-arac-tamir-lifti","product_tag-bakim-lifti","product_tag-bikelift","product_tag-butler","product_tag-cift-kolonlu-lift","product_tag-cift-sutunlu-lift","product_tag-elektromekanik-lift","product_tag-garaj-lifti","product_tag-gomulu-lift","product_tag-hidrolik-lift","product_tag-iki-kolonlu-lift","product_tag-iki-sutun-lift","product_tag-iki-sutunlu-lift","product_tag-kamyon-lifti","product_tag-kamyoncu-lifti","product_tag-kaporta-lifti","product_tag-kolon-lifti","product_tag-kolonlu-lift","product_tag-lastikci-lifti","product_tag-mekanik-lift","product_tag-mekanik-lifti","product_tag-musteri-kabul-lifti","product_tag-oto-bakim-lifti","product_tag-oto-lifti","product_tag-oto-tamir-lifti","product_tag-otomobil-lifti","product_tag-pitonlu-lift","product_tag-resepsiyon-lifti","product_tag-tek-pistonlu-lift","product_tag-ticari-lift","product_tag-traktor-lifti","product_tag-yaglama-lifti","product_tag-yavru-liftli","product_tag-yikama-lifti"],"brands":[{"id":364,"name":"BUTLER","slug":"butler"}],"yoast_head":"<!-- This site is optimized with the Yoast SEO plugin v17.1 - https:\/\/yoast.com\/wordpress\/plugins\/seo\/ -->\n<title>Seyyar ElektrohidrolikTekerlekten Kald\u0131rma Lifti BUTLER (Born in ITALY)MOBI 70.6Kald\u0131rma kapasitesi 6 x 7000 kg(toplam 42000 kg) - Bak\u0131rc\u0131 Garagineering<\/title>\n<meta name=\"robots\" content=\"index, follow, max-snippet:-1, max-image-preview:large, max-video-preview:-1\" \/>\n<link rel=\"canonical\" href=\"https:\/\/bakirci.com\/ekipman\/servis-ekipmanlari\/mekanik\/liftler\/seyyar-kaldirma-liftleri\/mobi-70-4e\/\" \/>\n<meta property=\"og:locale\" content=\"tr_TR\" \/>\n<meta property=\"og:type\" content=\"article\" \/>\n<meta property=\"og:title\" content=\"Seyyar ElektrohidrolikTekerlekten Kald\u0131rma Lifti BUTLER (Born in ITALY)MOBI 70.6Kald\u0131rma kapasitesi 6 x 7000 kg(toplam 42000 kg) - Bak\u0131rc\u0131 Garagineering\" \/>\n<meta property=\"og:description\" content=\"Seyyar Elektromekanik Tekerlekten Kald\u0131rma Lifti \u2013 MOBI 70.6 \/ 70.8  Elektronik senkronizasyonlu kald\u0131rma lifti  \u0130\u00e7 ve d\u0131\u015f mekanda kullan\u0131m\u0131na uygun  Bir s\u00fctundan di\u011fer s\u00fctunlar\u0131 kumanda edilebilme  S\u00fctun \u00e7iftleri aras\u0131nda farkl\u0131 y\u00fckseklik ayar imkan\u0131  Hidrolik kilit sistemi  S\u00fctun say\u0131s\u0131n\u0131 6-8&#039; e \u00e7\u0131kar\u0131labilme imkan\u0131  Kald\u0131rma kapasitesi 6 x 7000 kg (toplam 42000 kg)  Kald\u0131rma kapasitesi 8 x 7000 kg (toplam 56000 kg)  Kald\u0131rma y\u00fcksekli\u011fi 1760 mm\" \/>\n<meta property=\"og:url\" content=\"https:\/\/bakirci.com\/ekipman\/servis-ekipmanlari\/mekanik\/liftler\/seyyar-kaldirma-liftleri\/mobi-70-4e\/\" \/>\n<meta property=\"og:site_name\" content=\"Bak\u0131rc\u0131 Garagineering\" \/>\n<meta property=\"article:publisher\" content=\"https:\/\/www.facebook.com\/bakirci.garagineering\" \/>\n<meta property=\"article:modified_time\" content=\"2022-03-31T13:23:02+00:00\" \/>\n<meta property=\"og:image\" content=\"https:\/\/bakirci.com\/ekipman\/wp-content\/uploads\/2021\/02\/MOBI-70.4E.png\" \/>\n\t<meta property=\"og:image:width\" content=\"972\" \/>\n\t<meta property=\"og:image:height\" content=\"972\" \/>\n<meta name=\"twitter:card\" content=\"summary_large_image\" \/>\n<meta name=\"twitter:label1\" content=\"Tahmini okuma s\u00fcresi\" \/>\n\t<meta name=\"twitter:data1\" content=\"1 dakika\" \/>\n<script type=\"application\/ld+json\" class=\"yoast-schema-graph\">{\"@context\":\"https:\/\/schema.org\",\"@graph\":[{\"@type\":\"Organization\",\"@id\":\"https:\/\/bakirci.com\/ekipman\/#organization\",\"name\":\"Bak\\u0131rc\\u0131 garagineering\",\"url\":\"https:\/\/bakirci.com\/ekipman\/\",\"sameAs\":[\"https:\/\/www.facebook.com\/bakirci.garagineering\",\"https:\/\/www.instagram.com\/bakirci.garagineering\/\",\"https:\/\/www.linkedin.com\/company\/bakirci-garagineering\/\",\"https:\/\/www.youtube.com\/channel\/UCiVG6s_jALJ6Zk8085XiOQg\"],\"logo\":{\"@type\":\"ImageObject\",\"@id\":\"https:\/\/bakirci.com\/ekipman\/#logo\",\"inLanguage\":\"tr\",\"url\":\"https:\/\/bakirci.com\/ekipman\/wp-content\/uploads\/2021\/09\/Bakirci-logo-lacivert.png\",\"contentUrl\":\"https:\/\/bakirci.com\/ekipman\/wp-content\/uploads\/2021\/09\/Bakirci-logo-lacivert.png\",\"width\":501,\"height\":501,\"caption\":\"Bak\\u0131rc\\u0131 garagineering\"},\"image\":{\"@id\":\"https:\/\/bakirci.com\/ekipman\/#logo\"}},{\"@type\":\"WebSite\",\"@id\":\"https:\/\/bakirci.com\/ekipman\/#website\",\"url\":\"https:\/\/bakirci.com\/ekipman\/\",\"name\":\"Bak\\u0131rc\\u0131 Garagineering\",\"description\":\"Otomotiv sekt\\u00f6r\\u00fcne \\u00f6zel, \\u201c\\u00dcretici Standard\\u0131nda\\u201d \\u00e7\\u00f6z\\u00fcmler\\u2026\",\"publisher\":{\"@id\":\"https:\/\/bakirci.com\/ekipman\/#organization\"},\"potentialAction\":[{\"@type\":\"SearchAction\",\"target\":{\"@type\":\"EntryPoint\",\"urlTemplate\":\"https:\/\/bakirci.com\/ekipman\/?s={search_term_string}\"},\"query-input\":\"required name=search_term_string\"}],\"inLanguage\":\"tr\"},{\"@type\":\"ImageObject\",\"@id\":\"https:\/\/bakirci.com\/ekipman\/servis-ekipmanlari\/mekanik\/liftler\/seyyar-kaldirma-liftleri\/mobi-70-4e\/#primaryimage\",\"inLanguage\":\"tr\",\"url\":\"https:\/\/bakirci.com\/ekipman\/wp-content\/uploads\/2021\/02\/MOBI-70.4E.png\",\"contentUrl\":\"https:\/\/bakirci.com\/ekipman\/wp-content\/uploads\/2021\/02\/MOBI-70.4E.png\",\"width\":972,\"height\":972},{\"@type\":\"WebPage\",\"@id\":\"https:\/\/bakirci.com\/ekipman\/servis-ekipmanlari\/mekanik\/liftler\/seyyar-kaldirma-liftleri\/mobi-70-4e\/#webpage\",\"url\":\"https:\/\/bakirci.com\/ekipman\/servis-ekipmanlari\/mekanik\/liftler\/seyyar-kaldirma-liftleri\/mobi-70-4e\/\",\"name\":\"Seyyar Elektrohidrolik Tekerlekten Kald\\u0131rma Lifti BUTLER (Born in ITALY) MOBI 70.6 Kald\\u0131rma kapasitesi 6 x 7000 kg (toplam 42000 kg) - Bak\\u0131rc\\u0131 Garagineering\",\"isPartOf\":{\"@id\":\"https:\/\/bakirci.com\/ekipman\/#website\"},\"primaryImageOfPage\":{\"@id\":\"https:\/\/bakirci.com\/ekipman\/servis-ekipmanlari\/mekanik\/liftler\/seyyar-kaldirma-liftleri\/mobi-70-4e\/#primaryimage\"},\"datePublished\":\"2021-02-03T02:25:17+00:00\",\"dateModified\":\"2022-03-31T13:23:02+00:00\",\"breadcrumb\":{\"@id\":\"https:\/\/bakirci.com\/ekipman\/servis-ekipmanlari\/mekanik\/liftler\/seyyar-kaldirma-liftleri\/mobi-70-4e\/#breadcrumb\"},\"inLanguage\":\"tr\",\"potentialAction\":[{\"@type\":\"ReadAction\",\"target\":[\"https:\/\/bakirci.com\/ekipman\/servis-ekipmanlari\/mekanik\/liftler\/seyyar-kaldirma-liftleri\/mobi-70-4e\/\"]}]},{\"@type\":\"BreadcrumbList\",\"@id\":\"https:\/\/bakirci.com\/ekipman\/servis-ekipmanlari\/mekanik\/liftler\/seyyar-kaldirma-liftleri\/mobi-70-4e\/#breadcrumb\",\"itemListElement\":[{\"@type\":\"ListItem\",\"position\":1,\"name\":\"Ekipman\",\"item\":\"https:\/\/bakirci.com\/ekipman\/\"},{\"@type\":\"ListItem\",\"position\":2,\"name\":\"Otomotiv Tesisleri \\u0130\\u00e7in Servis Ekipmanlar\\u0131\",\"item\":\"https:\/\/bakirci.com\/ekipman\/\"},{\"@type\":\"ListItem\",\"position\":3,\"name\":\"Seyyar ElektrohidrolikTekerlekten Kald\\u0131rma Lifti BUTLER (Born in ITALY)MOBI 70.6Kald\\u0131rma kapasitesi 6 x 7000 kg(toplam 42000 kg)\"}]}]}<\/script>\n<!-- \/ Yoast SEO plugin. -->","yoast_head_json":{"title":"Seyyar ElektrohidrolikTekerlekten Kald\u0131rma Lifti BUTLER (Born in ITALY)MOBI 70.6Kald\u0131rma kapasitesi 6 x 7000 kg(toplam 42000 kg) - Bak\u0131rc\u0131 Garagineering","robots":{"index":"index","follow":"follow","max-snippet":"max-snippet:-1","max-image-preview":"max-image-preview:large","max-video-preview":"max-video-preview:-1"},"canonical":"https:\/\/bakirci.com\/ekipman\/servis-ekipmanlari\/mekanik\/liftler\/seyyar-kaldirma-liftleri\/mobi-70-4e\/","og_locale":"tr_TR","og_type":"article","og_title":"Seyyar ElektrohidrolikTekerlekten Kald\u0131rma Lifti BUTLER (Born in ITALY)MOBI 70.6Kald\u0131rma kapasitesi 6 x 7000 kg(toplam 42000 kg) - Bak\u0131rc\u0131 Garagineering","og_description":"Seyyar Elektromekanik Tekerlekten Kald\u0131rma Lifti \u2013 MOBI 70.6 \/ 70.8  Elektronik senkronizasyonlu kald\u0131rma lifti  \u0130\u00e7 ve d\u0131\u015f mekanda kullan\u0131m\u0131na uygun  Bir s\u00fctundan di\u011fer s\u00fctunlar\u0131 kumanda edilebilme  S\u00fctun \u00e7iftleri aras\u0131nda farkl\u0131 y\u00fckseklik ayar imkan\u0131  Hidrolik kilit sistemi  S\u00fctun say\u0131s\u0131n\u0131 6-8' e \u00e7\u0131kar\u0131labilme imkan\u0131  Kald\u0131rma kapasitesi 6 x 7000 kg (toplam 42000 kg)  Kald\u0131rma kapasitesi 8 x 7000 kg (toplam 56000 kg)  Kald\u0131rma y\u00fcksekli\u011fi 1760 mm","og_url":"https:\/\/bakirci.com\/ekipman\/servis-ekipmanlari\/mekanik\/liftler\/seyyar-kaldirma-liftleri\/mobi-70-4e\/","og_site_name":"Bak\u0131rc\u0131 Garagineering","article_publisher":"https:\/\/www.facebook.com\/bakirci.garagineering","article_modified_time":"2022-03-31T13:23:02+00:00","og_image":[{"width":972,"height":972,"url":"https:\/\/bakirci.com\/ekipman\/wp-content\/uploads\/2021\/02\/MOBI-70.4E.png","path":"\/home\/bakirciwebsitesi\/public_html\/ekipman\/wp-content\/uploads\/2021\/02\/MOBI-70.4E.png","size":"full","id":4361,"alt":"","pixels":944784,"type":"image\/png"}],"twitter_card":"summary_large_image","twitter_misc":{"Tahmini okuma s\u00fcresi":"1 dakika"},"schema":{"@context":"https:\/\/schema.org","@graph":[{"@type":"Organization","@id":"https:\/\/bakirci.com\/ekipman\/#organization","name":"Bak\u0131rc\u0131 garagineering","url":"https:\/\/bakirci.com\/ekipman\/","sameAs":["https:\/\/www.facebook.com\/bakirci.garagineering","https:\/\/www.instagram.com\/bakirci.garagineering\/","https:\/\/www.linkedin.com\/company\/bakirci-garagineering\/","https:\/\/www.youtube.com\/channel\/UCiVG6s_jALJ6Zk8085XiOQg"],"logo":{"@type":"ImageObject","@id":"https:\/\/bakirci.com\/ekipman\/#logo","inLanguage":"tr","url":"https:\/\/bakirci.com\/ekipman\/wp-content\/uploads\/2021\/09\/Bakirci-logo-lacivert.png","contentUrl":"https:\/\/bakirci.com\/ekipman\/wp-content\/uploads\/2021\/09\/Bakirci-logo-lacivert.png","width":501,"height":501,"caption":"Bak\u0131rc\u0131 garagineering"},"image":{"@id":"https:\/\/bakirci.com\/ekipman\/#logo"}},{"@type":"WebSite","@id":"https:\/\/bakirci.com\/ekipman\/#website","url":"https:\/\/bakirci.com\/ekipman\/","name":"Bak\u0131rc\u0131 Garagineering","description":"Otomotiv sekt\u00f6r\u00fcne \u00f6zel, \u201c\u00dcretici Standard\u0131nda\u201d \u00e7\u00f6z\u00fcmler\u2026","publisher":{"@id":"https:\/\/bakirci.com\/ekipman\/#organization"},"potentialAction":[{"@type":"SearchAction","target":{"@type":"EntryPoint","urlTemplate":"https:\/\/bakirci.com\/ekipman\/?s={search_term_string}"},"query-input":"required name=search_term_string"}],"inLanguage":"tr"},{"@type":"ImageObject","@id":"https:\/\/bakirci.com\/ekipman\/servis-ekipmanlari\/mekanik\/liftler\/seyyar-kaldirma-liftleri\/mobi-70-4e\/#primaryimage","inLanguage":"tr","url":"https:\/\/bakirci.com\/ekipman\/wp-content\/uploads\/2021\/02\/MOBI-70.4E.png","contentUrl":"https:\/\/bakirci.com\/ekipman\/wp-content\/uploads\/2021\/02\/MOBI-70.4E.png","width":972,"height":972},{"@type":"WebPage","@id":"https:\/\/bakirci.com\/ekipman\/servis-ekipmanlari\/mekanik\/liftler\/seyyar-kaldirma-liftleri\/mobi-70-4e\/#webpage","url":"https:\/\/bakirci.com\/ekipman\/servis-ekipmanlari\/mekanik\/liftler\/seyyar-kaldirma-liftleri\/mobi-70-4e\/","name":"Seyyar Elektrohidrolik Tekerlekten Kald\u0131rma Lifti BUTLER (Born in ITALY) MOBI 70.6 Kald\u0131rma kapasitesi 6 x 7000 kg (toplam 42000 kg) - Bak\u0131rc\u0131 Garagineering","isPartOf":{"@id":"https:\/\/bakirci.com\/ekipman\/#website"},"primaryImageOfPage":{"@id":"https:\/\/bakirci.com\/ekipman\/servis-ekipmanlari\/mekanik\/liftler\/seyyar-kaldirma-liftleri\/mobi-70-4e\/#primaryimage"},"datePublished":"2021-02-03T02:25:17+00:00","dateModified":"2022-03-31T13:23:02+00:00","breadcrumb":{"@id":"https:\/\/bakirci.com\/ekipman\/servis-ekipmanlari\/mekanik\/liftler\/seyyar-kaldirma-liftleri\/mobi-70-4e\/#breadcrumb"},"inLanguage":"tr","potentialAction":[{"@type":"ReadAction","target":["https:\/\/bakirci.com\/ekipman\/servis-ekipmanlari\/mekanik\/liftler\/seyyar-kaldirma-liftleri\/mobi-70-4e\/"]}]},{"@type":"BreadcrumbList","@id":"https:\/\/bakirci.com\/ekipman\/servis-ekipmanlari\/mekanik\/liftler\/seyyar-kaldirma-liftleri\/mobi-70-4e\/#breadcrumb","itemListElement":[{"@type":"ListItem","position":1,"name":"Ekipman","item":"https:\/\/bakirci.com\/ekipman\/"},{"@type":"ListItem","position":2,"name":"Otomotiv Tesisleri \u0130\u00e7in Servis Ekipmanlar\u0131","item":"https:\/\/bakirci.com\/ekipman\/"},{"@type":"ListItem","position":3,"name":"Seyyar ElektrohidrolikTekerlekten Kald\u0131rma Lifti BUTLER (Born in ITALY)MOBI 70.6Kald\u0131rma kapasitesi 6 x 7000 kg(toplam 42000 kg)"}]}]}},"_links":{"self":[{"href":"https:\/\/bakirci.com\/ekipman\/wp-json\/wp\/v2\/product\/4187","targetHints":{"allow":["GET"]}}],"collection":[{"href":"https:\/\/bakirci.com\/ekipman\/wp-json\/wp\/v2\/product"}],"about":[{"href":"https:\/\/bakirci.com\/ekipman\/wp-json\/wp\/v2\/types\/product"}],"replies":[{"embeddable":true,"href":"https:\/\/bakirci.com\/ekipman\/wp-json\/wp\/v2\/comments?post=4187"}],"wp:featuredmedia":[{"embeddable":true,"href":"https:\/\/bakirci.com\/ekipman\/wp-json\/wp\/v2\/media\/4361"}],"wp:attachment":[{"href":"https:\/\/bakirci.com\/ekipman\/wp-json\/wp\/v2\/media?parent=4187"}],"wp:term":[{"taxonomy":"product_cat","embeddable":true,"href":"https:\/\/bakirci.com\/ekipman\/wp-json\/wp\/v2\/product_cat?post=4187"},{"taxonomy":"product_tag","embeddable":true,"href":"https:\/\/bakirci.com\/ekipman\/wp-json\/wp\/v2\/product_tag?post=4187"}],"curies":[{"name":"wp","href":"https:\/\/api.w.org\/{rel}","templated":true}]}}