{"id":4167,"date":"2021-02-03T04:15:21","date_gmt":"2021-02-03T04:15:21","guid":{"rendered":"https:\/\/j6l.65c.myftpupload.com\/?post_type=product&#038;p=4167"},"modified":"2022-03-31T07:09:56","modified_gmt":"2022-03-31T07:09:56","slug":"dort-sutunlu-liftler-butler-born-in-italydort-sutunlu-hidrolik-lift-logic-80kaldirma-kapasitesi-8000-kg-platform-boyu-6000-mm","status":"publish","type":"product","link":"https:\/\/bakirci.com\/ekipman\/servis-ekipmanlari\/mekanik\/liftler\/dort-sutunlu-liftler\/dort-sutunlu-liftler-butler-born-in-italydort-sutunlu-hidrolik-lift-logic-80kaldirma-kapasitesi-8000-kg-platform-boyu-6000-mm\/","title":{"rendered":"<p class=\"ustmetin\">D\u00f6rt S\u00fctunlu Hidrolik Lift<\/p> <p class=\"ortametin\">BUTLER <span class=\"ortametin2\">(Born in ITALY)<\/span><\/p><p class=\"altmetin\">Logic 80<br>Kald\u0131rma kapasitesi 8000 kg,<br>platform boyu 6000 mm<\/p>"},"content":{"rendered":"<ul>\n<li>D\u00f6rt S\u00fctunlu Hidrolik Lift &#8211; Logic 80<\/li>\n<li>Ayarlanabilir platform geni\u015fli\u011fi<\/li>\n<li>Hidrolik t\u0131rnakl\u0131 kilit sistemi (hassas ayarlanabilir)<\/li>\n<li>Kald\u0131rma kapasitesi 8000 kg<\/li>\n<li>Platform boyu 6000 mm<\/li>\n<li>Platform y\u00fcksekli\u011fi 200 mm<\/li>\n<li>Platform ara geni\u015fli\u011fi 850 mm \u2013 1150 mm<\/li>\n<li>Kald\u0131rma y\u00fcksekli\u011fi 1950 mm<\/li>\n<\/ul>\n","protected":false},"excerpt":{"rendered":"<ul>\n<li>D\u00f6rt S\u00fctunlu Hidrolik Lift &#8211; Logic 80<\/li>\n<li>Ayarlanabilir platform geni\u015fli\u011fi<\/li>\n<li>Hidrolik t\u0131rnakl\u0131 kilit sistemi (hassas ayarlanabilir)<\/li>\n<li>Kald\u0131rma kapasitesi 8000 kg<\/li>\n<li>Platform boyu 6000 mm<\/li>\n<li>Platform y\u00fcksekli\u011fi 200 mm<\/li>\n<li>Platform ara geni\u015fli\u011fi 850 mm \u2013 1150 mm<\/li>\n<li>Kald\u0131rma y\u00fcksekli\u011fi 1950 mm<\/li>\n<\/ul>\n","protected":false},"featured_media":5922,"comment_status":"open","ping_status":"closed","template":"","meta":[],"product_cat":[168],"product_tag":[543,565,550,542,566,534,562,51,536,537,539,561,555,538,535,532,531,545,548,559,541,540,495,533,551,552,564,544,563,547,554,549,556,560,546,558,553,557],"class_list":["post-4167","product","type-product","status-publish","has-post-thumbnail","hentry","pwb-brand-butler","product_cat-dort-sutunlu-liftler","product_tag-araba-lifti","product_tag-arac-bakim-lifti","product_tag-arac-kabul-lifti","product_tag-arac-lifti","product_tag-arac-tamir-lifti","product_tag-bakim-lifti","product_tag-bikelift","product_tag-butler","product_tag-cift-kolonlu-lift","product_tag-cift-sutunlu-lift","product_tag-elektromekanik-lift","product_tag-garaj-lifti","product_tag-gomulu-lift","product_tag-hidrolik-lift","product_tag-iki-kolonlu-lift","product_tag-iki-sutun-lift","product_tag-iki-sutunlu-lift","product_tag-kamyon-lifti","product_tag-kamyoncu-lifti","product_tag-kaporta-lifti","product_tag-kolon-lifti","product_tag-kolonlu-lift","product_tag-lastikci-lifti","product_tag-mekanik-lift","product_tag-mekanik-lifti","product_tag-musteri-kabul-lifti","product_tag-oto-bakim-lifti","product_tag-oto-lifti","product_tag-oto-tamir-lifti","product_tag-otomobil-lifti","product_tag-pitonlu-lift","product_tag-resepsiyon-lifti","product_tag-tek-pistonlu-lift","product_tag-ticari-lift","product_tag-traktor-lifti","product_tag-yaglama-lifti","product_tag-yavru-liftli","product_tag-yikama-lifti"],"brands":[{"id":364,"name":"BUTLER","slug":"butler"}],"yoast_head":"<!-- This site is optimized with the Yoast SEO plugin v17.1 - https:\/\/yoast.com\/wordpress\/plugins\/seo\/ -->\n<title>D\u00f6rt S\u00fctunlu Hidrolik Lift BUTLER (Born in ITALY)Logic 80Kald\u0131rma kapasitesi 8000 kg,platform boyu 6000 mm - Bak\u0131rc\u0131 Garagineering<\/title>\n<meta name=\"robots\" content=\"index, follow, max-snippet:-1, max-image-preview:large, max-video-preview:-1\" \/>\n<link rel=\"canonical\" href=\"https:\/\/bakirci.com\/ekipman\/servis-ekipmanlari\/mekanik\/liftler\/dort-sutunlu-liftler\/dort-sutunlu-liftler-butler-born-in-italydort-sutunlu-hidrolik-lift-logic-80kaldirma-kapasitesi-8000-kg-platform-boyu-6000-mm\/\" \/>\n<meta property=\"og:locale\" content=\"tr_TR\" \/>\n<meta property=\"og:type\" content=\"article\" \/>\n<meta property=\"og:title\" content=\"D\u00f6rt S\u00fctunlu Hidrolik Lift BUTLER (Born in ITALY)Logic 80Kald\u0131rma kapasitesi 8000 kg,platform boyu 6000 mm - Bak\u0131rc\u0131 Garagineering\" \/>\n<meta property=\"og:description\" content=\"D\u00f6rt S\u00fctunlu Hidrolik Lift - Logic 80  Ayarlanabilir platform geni\u015fli\u011fi  Hidrolik t\u0131rnakl\u0131 kilit sistemi (hassas ayarlanabilir)  Kald\u0131rma kapasitesi 8000 kg  Platform boyu 6000 mm  Platform y\u00fcksekli\u011fi 200 mm  Platform ara geni\u015fli\u011fi 850 mm \u2013 1150 mm  Kald\u0131rma y\u00fcksekli\u011fi 1950 mm\" \/>\n<meta property=\"og:url\" content=\"https:\/\/bakirci.com\/ekipman\/servis-ekipmanlari\/mekanik\/liftler\/dort-sutunlu-liftler\/dort-sutunlu-liftler-butler-born-in-italydort-sutunlu-hidrolik-lift-logic-80kaldirma-kapasitesi-8000-kg-platform-boyu-6000-mm\/\" \/>\n<meta property=\"og:site_name\" content=\"Bak\u0131rc\u0131 Garagineering\" \/>\n<meta property=\"article:publisher\" content=\"https:\/\/www.facebook.com\/bakirci.garagineering\" \/>\n<meta property=\"article:modified_time\" content=\"2022-03-31T07:09:56+00:00\" \/>\n<meta property=\"og:image\" content=\"https:\/\/bakirci.com\/ekipman\/wp-content\/uploads\/2021\/02\/Dort-Sutunlu-Hidrolik-Lift-Logic-80.png\" \/>\n\t<meta property=\"og:image:width\" content=\"1068\" \/>\n\t<meta property=\"og:image:height\" content=\"1068\" \/>\n<meta name=\"twitter:card\" content=\"summary_large_image\" \/>\n<meta name=\"twitter:label1\" content=\"Tahmini okuma s\u00fcresi\" \/>\n\t<meta name=\"twitter:data1\" content=\"1 dakika\" \/>\n<script type=\"application\/ld+json\" class=\"yoast-schema-graph\">{\"@context\":\"https:\/\/schema.org\",\"@graph\":[{\"@type\":\"Organization\",\"@id\":\"https:\/\/bakirci.com\/ekipman\/#organization\",\"name\":\"Bak\\u0131rc\\u0131 garagineering\",\"url\":\"https:\/\/bakirci.com\/ekipman\/\",\"sameAs\":[\"https:\/\/www.facebook.com\/bakirci.garagineering\",\"https:\/\/www.instagram.com\/bakirci.garagineering\/\",\"https:\/\/www.linkedin.com\/company\/bakirci-garagineering\/\",\"https:\/\/www.youtube.com\/channel\/UCiVG6s_jALJ6Zk8085XiOQg\"],\"logo\":{\"@type\":\"ImageObject\",\"@id\":\"https:\/\/bakirci.com\/ekipman\/#logo\",\"inLanguage\":\"tr\",\"url\":\"https:\/\/bakirci.com\/ekipman\/wp-content\/uploads\/2021\/09\/Bakirci-logo-lacivert.png\",\"contentUrl\":\"https:\/\/bakirci.com\/ekipman\/wp-content\/uploads\/2021\/09\/Bakirci-logo-lacivert.png\",\"width\":501,\"height\":501,\"caption\":\"Bak\\u0131rc\\u0131 garagineering\"},\"image\":{\"@id\":\"https:\/\/bakirci.com\/ekipman\/#logo\"}},{\"@type\":\"WebSite\",\"@id\":\"https:\/\/bakirci.com\/ekipman\/#website\",\"url\":\"https:\/\/bakirci.com\/ekipman\/\",\"name\":\"Bak\\u0131rc\\u0131 Garagineering\",\"description\":\"Otomotiv sekt\\u00f6r\\u00fcne \\u00f6zel, \\u201c\\u00dcretici Standard\\u0131nda\\u201d \\u00e7\\u00f6z\\u00fcmler\\u2026\",\"publisher\":{\"@id\":\"https:\/\/bakirci.com\/ekipman\/#organization\"},\"potentialAction\":[{\"@type\":\"SearchAction\",\"target\":{\"@type\":\"EntryPoint\",\"urlTemplate\":\"https:\/\/bakirci.com\/ekipman\/?s={search_term_string}\"},\"query-input\":\"required name=search_term_string\"}],\"inLanguage\":\"tr\"},{\"@type\":\"ImageObject\",\"@id\":\"https:\/\/bakirci.com\/ekipman\/servis-ekipmanlari\/mekanik\/liftler\/dort-sutunlu-liftler\/dort-sutunlu-liftler-butler-born-in-italydort-sutunlu-hidrolik-lift-logic-80kaldirma-kapasitesi-8000-kg-platform-boyu-6000-mm\/#primaryimage\",\"inLanguage\":\"tr\",\"url\":\"https:\/\/bakirci.com\/ekipman\/wp-content\/uploads\/2021\/02\/Dort-Sutunlu-Hidrolik-Lift-Logic-80.png\",\"contentUrl\":\"https:\/\/bakirci.com\/ekipman\/wp-content\/uploads\/2021\/02\/Dort-Sutunlu-Hidrolik-Lift-Logic-80.png\",\"width\":1068,\"height\":1068},{\"@type\":\"WebPage\",\"@id\":\"https:\/\/bakirci.com\/ekipman\/servis-ekipmanlari\/mekanik\/liftler\/dort-sutunlu-liftler\/dort-sutunlu-liftler-butler-born-in-italydort-sutunlu-hidrolik-lift-logic-80kaldirma-kapasitesi-8000-kg-platform-boyu-6000-mm\/#webpage\",\"url\":\"https:\/\/bakirci.com\/ekipman\/servis-ekipmanlari\/mekanik\/liftler\/dort-sutunlu-liftler\/dort-sutunlu-liftler-butler-born-in-italydort-sutunlu-hidrolik-lift-logic-80kaldirma-kapasitesi-8000-kg-platform-boyu-6000-mm\/\",\"name\":\"D\\u00f6rt S\\u00fctunlu Hidrolik Lift BUTLER (Born in ITALY) Logic 80 Kald\\u0131rma kapasitesi 8000 kg, platform boyu 6000 mm - Bak\\u0131rc\\u0131 Garagineering\",\"isPartOf\":{\"@id\":\"https:\/\/bakirci.com\/ekipman\/#website\"},\"primaryImageOfPage\":{\"@id\":\"https:\/\/bakirci.com\/ekipman\/servis-ekipmanlari\/mekanik\/liftler\/dort-sutunlu-liftler\/dort-sutunlu-liftler-butler-born-in-italydort-sutunlu-hidrolik-lift-logic-80kaldirma-kapasitesi-8000-kg-platform-boyu-6000-mm\/#primaryimage\"},\"datePublished\":\"2021-02-03T04:15:21+00:00\",\"dateModified\":\"2022-03-31T07:09:56+00:00\",\"breadcrumb\":{\"@id\":\"https:\/\/bakirci.com\/ekipman\/servis-ekipmanlari\/mekanik\/liftler\/dort-sutunlu-liftler\/dort-sutunlu-liftler-butler-born-in-italydort-sutunlu-hidrolik-lift-logic-80kaldirma-kapasitesi-8000-kg-platform-boyu-6000-mm\/#breadcrumb\"},\"inLanguage\":\"tr\",\"potentialAction\":[{\"@type\":\"ReadAction\",\"target\":[\"https:\/\/bakirci.com\/ekipman\/servis-ekipmanlari\/mekanik\/liftler\/dort-sutunlu-liftler\/dort-sutunlu-liftler-butler-born-in-italydort-sutunlu-hidrolik-lift-logic-80kaldirma-kapasitesi-8000-kg-platform-boyu-6000-mm\/\"]}]},{\"@type\":\"BreadcrumbList\",\"@id\":\"https:\/\/bakirci.com\/ekipman\/servis-ekipmanlari\/mekanik\/liftler\/dort-sutunlu-liftler\/dort-sutunlu-liftler-butler-born-in-italydort-sutunlu-hidrolik-lift-logic-80kaldirma-kapasitesi-8000-kg-platform-boyu-6000-mm\/#breadcrumb\",\"itemListElement\":[{\"@type\":\"ListItem\",\"position\":1,\"name\":\"Ekipman\",\"item\":\"https:\/\/bakirci.com\/ekipman\/\"},{\"@type\":\"ListItem\",\"position\":2,\"name\":\"Otomotiv Tesisleri \\u0130\\u00e7in Servis Ekipmanlar\\u0131\",\"item\":\"https:\/\/bakirci.com\/ekipman\/\"},{\"@type\":\"ListItem\",\"position\":3,\"name\":\"D\\u00f6rt S\\u00fctunlu Hidrolik Lift BUTLER (Born in ITALY)Logic 80Kald\\u0131rma kapasitesi 8000 kg,platform boyu 6000 mm\"}]}]}<\/script>\n<!-- \/ Yoast SEO plugin. -->","yoast_head_json":{"title":"D\u00f6rt S\u00fctunlu Hidrolik Lift BUTLER (Born in ITALY)Logic 80Kald\u0131rma kapasitesi 8000 kg,platform boyu 6000 mm - Bak\u0131rc\u0131 Garagineering","robots":{"index":"index","follow":"follow","max-snippet":"max-snippet:-1","max-image-preview":"max-image-preview:large","max-video-preview":"max-video-preview:-1"},"canonical":"https:\/\/bakirci.com\/ekipman\/servis-ekipmanlari\/mekanik\/liftler\/dort-sutunlu-liftler\/dort-sutunlu-liftler-butler-born-in-italydort-sutunlu-hidrolik-lift-logic-80kaldirma-kapasitesi-8000-kg-platform-boyu-6000-mm\/","og_locale":"tr_TR","og_type":"article","og_title":"D\u00f6rt S\u00fctunlu Hidrolik Lift BUTLER (Born in ITALY)Logic 80Kald\u0131rma kapasitesi 8000 kg,platform boyu 6000 mm - Bak\u0131rc\u0131 Garagineering","og_description":"D\u00f6rt S\u00fctunlu Hidrolik Lift - Logic 80  Ayarlanabilir platform geni\u015fli\u011fi  Hidrolik t\u0131rnakl\u0131 kilit sistemi (hassas ayarlanabilir)  Kald\u0131rma kapasitesi 8000 kg  Platform boyu 6000 mm  Platform y\u00fcksekli\u011fi 200 mm  Platform ara geni\u015fli\u011fi 850 mm \u2013 1150 mm  Kald\u0131rma y\u00fcksekli\u011fi 1950 mm","og_url":"https:\/\/bakirci.com\/ekipman\/servis-ekipmanlari\/mekanik\/liftler\/dort-sutunlu-liftler\/dort-sutunlu-liftler-butler-born-in-italydort-sutunlu-hidrolik-lift-logic-80kaldirma-kapasitesi-8000-kg-platform-boyu-6000-mm\/","og_site_name":"Bak\u0131rc\u0131 Garagineering","article_publisher":"https:\/\/www.facebook.com\/bakirci.garagineering","article_modified_time":"2022-03-31T07:09:56+00:00","og_image":[{"width":1068,"height":1068,"url":"https:\/\/bakirci.com\/ekipman\/wp-content\/uploads\/2021\/02\/Dort-Sutunlu-Hidrolik-Lift-Logic-80.png","path":"\/home\/bakirciwebsitesi\/public_html\/ekipman\/wp-content\/uploads\/2021\/02\/Dort-Sutunlu-Hidrolik-Lift-Logic-80.png","size":"full","id":5922,"alt":"","pixels":1140624,"type":"image\/png"}],"twitter_card":"summary_large_image","twitter_misc":{"Tahmini okuma s\u00fcresi":"1 dakika"},"schema":{"@context":"https:\/\/schema.org","@graph":[{"@type":"Organization","@id":"https:\/\/bakirci.com\/ekipman\/#organization","name":"Bak\u0131rc\u0131 garagineering","url":"https:\/\/bakirci.com\/ekipman\/","sameAs":["https:\/\/www.facebook.com\/bakirci.garagineering","https:\/\/www.instagram.com\/bakirci.garagineering\/","https:\/\/www.linkedin.com\/company\/bakirci-garagineering\/","https:\/\/www.youtube.com\/channel\/UCiVG6s_jALJ6Zk8085XiOQg"],"logo":{"@type":"ImageObject","@id":"https:\/\/bakirci.com\/ekipman\/#logo","inLanguage":"tr","url":"https:\/\/bakirci.com\/ekipman\/wp-content\/uploads\/2021\/09\/Bakirci-logo-lacivert.png","contentUrl":"https:\/\/bakirci.com\/ekipman\/wp-content\/uploads\/2021\/09\/Bakirci-logo-lacivert.png","width":501,"height":501,"caption":"Bak\u0131rc\u0131 garagineering"},"image":{"@id":"https:\/\/bakirci.com\/ekipman\/#logo"}},{"@type":"WebSite","@id":"https:\/\/bakirci.com\/ekipman\/#website","url":"https:\/\/bakirci.com\/ekipman\/","name":"Bak\u0131rc\u0131 Garagineering","description":"Otomotiv sekt\u00f6r\u00fcne \u00f6zel, \u201c\u00dcretici Standard\u0131nda\u201d \u00e7\u00f6z\u00fcmler\u2026","publisher":{"@id":"https:\/\/bakirci.com\/ekipman\/#organization"},"potentialAction":[{"@type":"SearchAction","target":{"@type":"EntryPoint","urlTemplate":"https:\/\/bakirci.com\/ekipman\/?s={search_term_string}"},"query-input":"required name=search_term_string"}],"inLanguage":"tr"},{"@type":"ImageObject","@id":"https:\/\/bakirci.com\/ekipman\/servis-ekipmanlari\/mekanik\/liftler\/dort-sutunlu-liftler\/dort-sutunlu-liftler-butler-born-in-italydort-sutunlu-hidrolik-lift-logic-80kaldirma-kapasitesi-8000-kg-platform-boyu-6000-mm\/#primaryimage","inLanguage":"tr","url":"https:\/\/bakirci.com\/ekipman\/wp-content\/uploads\/2021\/02\/Dort-Sutunlu-Hidrolik-Lift-Logic-80.png","contentUrl":"https:\/\/bakirci.com\/ekipman\/wp-content\/uploads\/2021\/02\/Dort-Sutunlu-Hidrolik-Lift-Logic-80.png","width":1068,"height":1068},{"@type":"WebPage","@id":"https:\/\/bakirci.com\/ekipman\/servis-ekipmanlari\/mekanik\/liftler\/dort-sutunlu-liftler\/dort-sutunlu-liftler-butler-born-in-italydort-sutunlu-hidrolik-lift-logic-80kaldirma-kapasitesi-8000-kg-platform-boyu-6000-mm\/#webpage","url":"https:\/\/bakirci.com\/ekipman\/servis-ekipmanlari\/mekanik\/liftler\/dort-sutunlu-liftler\/dort-sutunlu-liftler-butler-born-in-italydort-sutunlu-hidrolik-lift-logic-80kaldirma-kapasitesi-8000-kg-platform-boyu-6000-mm\/","name":"D\u00f6rt S\u00fctunlu Hidrolik Lift BUTLER (Born in ITALY) Logic 80 Kald\u0131rma kapasitesi 8000 kg, platform boyu 6000 mm - Bak\u0131rc\u0131 Garagineering","isPartOf":{"@id":"https:\/\/bakirci.com\/ekipman\/#website"},"primaryImageOfPage":{"@id":"https:\/\/bakirci.com\/ekipman\/servis-ekipmanlari\/mekanik\/liftler\/dort-sutunlu-liftler\/dort-sutunlu-liftler-butler-born-in-italydort-sutunlu-hidrolik-lift-logic-80kaldirma-kapasitesi-8000-kg-platform-boyu-6000-mm\/#primaryimage"},"datePublished":"2021-02-03T04:15:21+00:00","dateModified":"2022-03-31T07:09:56+00:00","breadcrumb":{"@id":"https:\/\/bakirci.com\/ekipman\/servis-ekipmanlari\/mekanik\/liftler\/dort-sutunlu-liftler\/dort-sutunlu-liftler-butler-born-in-italydort-sutunlu-hidrolik-lift-logic-80kaldirma-kapasitesi-8000-kg-platform-boyu-6000-mm\/#breadcrumb"},"inLanguage":"tr","potentialAction":[{"@type":"ReadAction","target":["https:\/\/bakirci.com\/ekipman\/servis-ekipmanlari\/mekanik\/liftler\/dort-sutunlu-liftler\/dort-sutunlu-liftler-butler-born-in-italydort-sutunlu-hidrolik-lift-logic-80kaldirma-kapasitesi-8000-kg-platform-boyu-6000-mm\/"]}]},{"@type":"BreadcrumbList","@id":"https:\/\/bakirci.com\/ekipman\/servis-ekipmanlari\/mekanik\/liftler\/dort-sutunlu-liftler\/dort-sutunlu-liftler-butler-born-in-italydort-sutunlu-hidrolik-lift-logic-80kaldirma-kapasitesi-8000-kg-platform-boyu-6000-mm\/#breadcrumb","itemListElement":[{"@type":"ListItem","position":1,"name":"Ekipman","item":"https:\/\/bakirci.com\/ekipman\/"},{"@type":"ListItem","position":2,"name":"Otomotiv Tesisleri \u0130\u00e7in Servis Ekipmanlar\u0131","item":"https:\/\/bakirci.com\/ekipman\/"},{"@type":"ListItem","position":3,"name":"D\u00f6rt S\u00fctunlu Hidrolik Lift BUTLER (Born in ITALY)Logic 80Kald\u0131rma kapasitesi 8000 kg,platform boyu 6000 mm"}]}]}},"_links":{"self":[{"href":"https:\/\/bakirci.com\/ekipman\/wp-json\/wp\/v2\/product\/4167","targetHints":{"allow":["GET"]}}],"collection":[{"href":"https:\/\/bakirci.com\/ekipman\/wp-json\/wp\/v2\/product"}],"about":[{"href":"https:\/\/bakirci.com\/ekipman\/wp-json\/wp\/v2\/types\/product"}],"replies":[{"embeddable":true,"href":"https:\/\/bakirci.com\/ekipman\/wp-json\/wp\/v2\/comments?post=4167"}],"wp:featuredmedia":[{"embeddable":true,"href":"https:\/\/bakirci.com\/ekipman\/wp-json\/wp\/v2\/media\/5922"}],"wp:attachment":[{"href":"https:\/\/bakirci.com\/ekipman\/wp-json\/wp\/v2\/media?parent=4167"}],"wp:term":[{"taxonomy":"product_cat","embeddable":true,"href":"https:\/\/bakirci.com\/ekipman\/wp-json\/wp\/v2\/product_cat?post=4167"},{"taxonomy":"product_tag","embeddable":true,"href":"https:\/\/bakirci.com\/ekipman\/wp-json\/wp\/v2\/product_tag?post=4167"}],"curies":[{"name":"wp","href":"https:\/\/api.w.org\/{rel}","templated":true}]}}