{"id":4141,"date":"2021-02-03T06:30:29","date_gmt":"2021-02-03T06:30:29","guid":{"rendered":"https:\/\/j6l.65c.myftpupload.com\/?post_type=product&#038;p=4141"},"modified":"2022-03-31T06:33:46","modified_gmt":"2022-03-31T06:33:46","slug":"cift-sutunlu-liftler-butler-born-in-italycift-sutunlu-elektrohidrolik-lift-hydros-70-45kkaldirma-kapasitesi-4500-kg-binek-suv","status":"publish","type":"product","link":"https:\/\/bakirci.com\/ekipman\/servis-ekipmanlari\/mekanik\/liftler\/cift-sutunlu-liftler\/cift-sutunlu-liftler-butler-born-in-italycift-sutunlu-elektrohidrolik-lift-hydros-70-45kkaldirma-kapasitesi-4500-kg-binek-suv\/","title":{"rendered":"<p class=\"ustmetin\">\u00c7ift S\u00fctunlu Elektrohidrolik Lift<\/p> <p class=\"ortametin\">BUTLER <span class=\"ortametin2\">(Born in ITALY)<\/span><\/p><p class=\"altmetin\">Hydros 70.45K<br>Kald\u0131rma kapasitesi 4500 kg (Binek, SUV)<\/p>"},"content":{"rendered":"<ul>\n<li>\u00c7ift S\u00fctunlu Elektrohidrolik Lift &#8211; Hydros 70.45K<\/li>\n<li>Ara ba\u011flant\u0131s\u0131z, \u00fcstten hidrolik ba\u011flant\u0131l\u0131<\/li>\n<li>Uzun \u00f6m\u00fcrl\u00fc bak\u0131m gerektirmeyen hidrolik silindirler<\/li>\n<li>Otomatik devreye giren mekanik emniyet t\u0131rnaklar\u0131<\/li>\n<li>\u00dc\u00e7 kademeli \u00f6n ve iki kademeli arka kollar (Binek, SUV)<\/li>\n<li>Otomatik \u00fcst durdurma sistemi<\/li>\n<li>Kald\u0131rma kapasitesi 4500 kg<\/li>\n<li>\u00d6n kollar 510 &#8211; 975 mm<\/li>\n<li>Arka kollar 847 &#8211; 1235 mm<\/li>\n<li>\u00dcst hidrolik ba\u011flant\u0131 y\u00fcksekli\u011fi 4105 mm<\/li>\n<li>Kurulum i\u00e7in gerekli minimum y\u00fckseklik 4162 + 100 mm<\/li>\n<\/ul>\n","protected":false},"excerpt":{"rendered":"<ul>\n<li>\u00c7ift S\u00fctunlu Elektrohidrolik Lift &#8211; Hydros 70.45K<\/li>\n<li>Ara ba\u011flant\u0131s\u0131z, \u00fcstten hidrolik ba\u011flant\u0131l\u0131<\/li>\n<li>Uzun \u00f6m\u00fcrl\u00fc bak\u0131m gerektirmeyen hidrolik silindirler<\/li>\n<li>Otomatik devreye giren mekanik emniyet t\u0131rnaklar\u0131<\/li>\n<li>\u00dc\u00e7 kademeli \u00f6n ve iki kademeli arka kollar (Binek, SUV)<\/li>\n<li>Otomatik \u00fcst durdurma sistemi<\/li>\n<li>Kald\u0131rma kapasitesi 4500 kg<\/li>\n<li>\u00d6n kollar 510 &#8211; 975 mm<\/li>\n<li>Arka kollar 847 &#8211; 1235 mm<\/li>\n<li>\u00dcst hidrolik ba\u011flant\u0131 y\u00fcksekli\u011fi 4105 mm<\/li>\n<li>Kurulum i\u00e7in gerekli minimum y\u00fckseklik 4162 + 100 mm<\/li>\n<\/ul>\n","protected":false},"featured_media":4330,"comment_status":"open","ping_status":"closed","template":"","meta":[],"product_cat":[167],"product_tag":[543,565,550,542,566,534,562,51,536,537,539,561,555,538,535,532,531,545,548,559,541,540,495,533,551,552,564,544,563,547,554,549,556,560,546,558,553,557],"class_list":["post-4141","product","type-product","status-publish","has-post-thumbnail","hentry","pwb-brand-butler","product_cat-cift-sutunlu-liftler","product_tag-araba-lifti","product_tag-arac-bakim-lifti","product_tag-arac-kabul-lifti","product_tag-arac-lifti","product_tag-arac-tamir-lifti","product_tag-bakim-lifti","product_tag-bikelift","product_tag-butler","product_tag-cift-kolonlu-lift","product_tag-cift-sutunlu-lift","product_tag-elektromekanik-lift","product_tag-garaj-lifti","product_tag-gomulu-lift","product_tag-hidrolik-lift","product_tag-iki-kolonlu-lift","product_tag-iki-sutun-lift","product_tag-iki-sutunlu-lift","product_tag-kamyon-lifti","product_tag-kamyoncu-lifti","product_tag-kaporta-lifti","product_tag-kolon-lifti","product_tag-kolonlu-lift","product_tag-lastikci-lifti","product_tag-mekanik-lift","product_tag-mekanik-lifti","product_tag-musteri-kabul-lifti","product_tag-oto-bakim-lifti","product_tag-oto-lifti","product_tag-oto-tamir-lifti","product_tag-otomobil-lifti","product_tag-pitonlu-lift","product_tag-resepsiyon-lifti","product_tag-tek-pistonlu-lift","product_tag-ticari-lift","product_tag-traktor-lifti","product_tag-yaglama-lifti","product_tag-yavru-liftli","product_tag-yikama-lifti"],"brands":[{"id":364,"name":"BUTLER","slug":"butler"}],"yoast_head":"<!-- This site is optimized with the Yoast SEO plugin v17.1 - https:\/\/yoast.com\/wordpress\/plugins\/seo\/ -->\n<title>\u00c7ift S\u00fctunlu Elektrohidrolik Lift BUTLER (Born in ITALY)Hydros 70.45KKald\u0131rma kapasitesi 4500 kg (Binek, SUV) - Bak\u0131rc\u0131 Garagineering<\/title>\n<meta name=\"robots\" content=\"index, follow, max-snippet:-1, max-image-preview:large, max-video-preview:-1\" \/>\n<link rel=\"canonical\" href=\"https:\/\/bakirci.com\/ekipman\/servis-ekipmanlari\/mekanik\/liftler\/cift-sutunlu-liftler\/cift-sutunlu-liftler-butler-born-in-italycift-sutunlu-elektrohidrolik-lift-hydros-70-45kkaldirma-kapasitesi-4500-kg-binek-suv\/\" \/>\n<meta property=\"og:locale\" content=\"tr_TR\" \/>\n<meta property=\"og:type\" content=\"article\" \/>\n<meta property=\"og:title\" content=\"\u00c7ift S\u00fctunlu Elektrohidrolik Lift BUTLER (Born in ITALY)Hydros 70.45KKald\u0131rma kapasitesi 4500 kg (Binek, SUV) - Bak\u0131rc\u0131 Garagineering\" \/>\n<meta property=\"og:description\" content=\"\u00c7ift S\u00fctunlu Elektrohidrolik Lift - Hydros 70.45K  Ara ba\u011flant\u0131s\u0131z, \u00fcstten hidrolik ba\u011flant\u0131l\u0131  Uzun \u00f6m\u00fcrl\u00fc bak\u0131m gerektirmeyen hidrolik silindirler  Otomatik devreye giren mekanik emniyet t\u0131rnaklar\u0131  \u00dc\u00e7 kademeli \u00f6n ve iki kademeli arka kollar (Binek, SUV)  Otomatik \u00fcst durdurma sistemi  Kald\u0131rma kapasitesi 4500 kg  \u00d6n kollar 510 - 975 mm  Arka kollar 847 - 1235 mm  \u00dcst hidrolik ba\u011flant\u0131 y\u00fcksekli\u011fi 4105 mm  Kurulum i\u00e7in gerekli minimum y\u00fckseklik 4162 + 100 mm\" \/>\n<meta property=\"og:url\" content=\"https:\/\/bakirci.com\/ekipman\/servis-ekipmanlari\/mekanik\/liftler\/cift-sutunlu-liftler\/cift-sutunlu-liftler-butler-born-in-italycift-sutunlu-elektrohidrolik-lift-hydros-70-45kkaldirma-kapasitesi-4500-kg-binek-suv\/\" \/>\n<meta property=\"og:site_name\" content=\"Bak\u0131rc\u0131 Garagineering\" \/>\n<meta property=\"article:publisher\" content=\"https:\/\/www.facebook.com\/bakirci.garagineering\" \/>\n<meta property=\"article:modified_time\" content=\"2022-03-31T06:33:46+00:00\" \/>\n<meta property=\"og:image\" content=\"https:\/\/bakirci.com\/ekipman\/wp-content\/uploads\/2021\/02\/70.45K.png\" \/>\n\t<meta property=\"og:image:width\" content=\"972\" \/>\n\t<meta property=\"og:image:height\" content=\"972\" \/>\n<meta name=\"twitter:card\" content=\"summary_large_image\" \/>\n<meta name=\"twitter:label1\" content=\"Tahmini okuma s\u00fcresi\" \/>\n\t<meta name=\"twitter:data1\" content=\"1 dakika\" \/>\n<script type=\"application\/ld+json\" class=\"yoast-schema-graph\">{\"@context\":\"https:\/\/schema.org\",\"@graph\":[{\"@type\":\"Organization\",\"@id\":\"https:\/\/bakirci.com\/ekipman\/#organization\",\"name\":\"Bak\\u0131rc\\u0131 garagineering\",\"url\":\"https:\/\/bakirci.com\/ekipman\/\",\"sameAs\":[\"https:\/\/www.facebook.com\/bakirci.garagineering\",\"https:\/\/www.instagram.com\/bakirci.garagineering\/\",\"https:\/\/www.linkedin.com\/company\/bakirci-garagineering\/\",\"https:\/\/www.youtube.com\/channel\/UCiVG6s_jALJ6Zk8085XiOQg\"],\"logo\":{\"@type\":\"ImageObject\",\"@id\":\"https:\/\/bakirci.com\/ekipman\/#logo\",\"inLanguage\":\"tr\",\"url\":\"https:\/\/bakirci.com\/ekipman\/wp-content\/uploads\/2021\/09\/Bakirci-logo-lacivert.png\",\"contentUrl\":\"https:\/\/bakirci.com\/ekipman\/wp-content\/uploads\/2021\/09\/Bakirci-logo-lacivert.png\",\"width\":501,\"height\":501,\"caption\":\"Bak\\u0131rc\\u0131 garagineering\"},\"image\":{\"@id\":\"https:\/\/bakirci.com\/ekipman\/#logo\"}},{\"@type\":\"WebSite\",\"@id\":\"https:\/\/bakirci.com\/ekipman\/#website\",\"url\":\"https:\/\/bakirci.com\/ekipman\/\",\"name\":\"Bak\\u0131rc\\u0131 Garagineering\",\"description\":\"Otomotiv sekt\\u00f6r\\u00fcne \\u00f6zel, \\u201c\\u00dcretici Standard\\u0131nda\\u201d \\u00e7\\u00f6z\\u00fcmler\\u2026\",\"publisher\":{\"@id\":\"https:\/\/bakirci.com\/ekipman\/#organization\"},\"potentialAction\":[{\"@type\":\"SearchAction\",\"target\":{\"@type\":\"EntryPoint\",\"urlTemplate\":\"https:\/\/bakirci.com\/ekipman\/?s={search_term_string}\"},\"query-input\":\"required name=search_term_string\"}],\"inLanguage\":\"tr\"},{\"@type\":\"ImageObject\",\"@id\":\"https:\/\/bakirci.com\/ekipman\/servis-ekipmanlari\/mekanik\/liftler\/cift-sutunlu-liftler\/cift-sutunlu-liftler-butler-born-in-italycift-sutunlu-elektrohidrolik-lift-hydros-70-45kkaldirma-kapasitesi-4500-kg-binek-suv\/#primaryimage\",\"inLanguage\":\"tr\",\"url\":\"https:\/\/bakirci.com\/ekipman\/wp-content\/uploads\/2021\/02\/70.45K.png\",\"contentUrl\":\"https:\/\/bakirci.com\/ekipman\/wp-content\/uploads\/2021\/02\/70.45K.png\",\"width\":972,\"height\":972},{\"@type\":\"WebPage\",\"@id\":\"https:\/\/bakirci.com\/ekipman\/servis-ekipmanlari\/mekanik\/liftler\/cift-sutunlu-liftler\/cift-sutunlu-liftler-butler-born-in-italycift-sutunlu-elektrohidrolik-lift-hydros-70-45kkaldirma-kapasitesi-4500-kg-binek-suv\/#webpage\",\"url\":\"https:\/\/bakirci.com\/ekipman\/servis-ekipmanlari\/mekanik\/liftler\/cift-sutunlu-liftler\/cift-sutunlu-liftler-butler-born-in-italycift-sutunlu-elektrohidrolik-lift-hydros-70-45kkaldirma-kapasitesi-4500-kg-binek-suv\/\",\"name\":\"\\u00c7ift S\\u00fctunlu Elektrohidrolik Lift BUTLER (Born in ITALY) Hydros 70.45K Kald\\u0131rma kapasitesi 4500 kg (Binek, SUV) - Bak\\u0131rc\\u0131 Garagineering\",\"isPartOf\":{\"@id\":\"https:\/\/bakirci.com\/ekipman\/#website\"},\"primaryImageOfPage\":{\"@id\":\"https:\/\/bakirci.com\/ekipman\/servis-ekipmanlari\/mekanik\/liftler\/cift-sutunlu-liftler\/cift-sutunlu-liftler-butler-born-in-italycift-sutunlu-elektrohidrolik-lift-hydros-70-45kkaldirma-kapasitesi-4500-kg-binek-suv\/#primaryimage\"},\"datePublished\":\"2021-02-03T06:30:29+00:00\",\"dateModified\":\"2022-03-31T06:33:46+00:00\",\"breadcrumb\":{\"@id\":\"https:\/\/bakirci.com\/ekipman\/servis-ekipmanlari\/mekanik\/liftler\/cift-sutunlu-liftler\/cift-sutunlu-liftler-butler-born-in-italycift-sutunlu-elektrohidrolik-lift-hydros-70-45kkaldirma-kapasitesi-4500-kg-binek-suv\/#breadcrumb\"},\"inLanguage\":\"tr\",\"potentialAction\":[{\"@type\":\"ReadAction\",\"target\":[\"https:\/\/bakirci.com\/ekipman\/servis-ekipmanlari\/mekanik\/liftler\/cift-sutunlu-liftler\/cift-sutunlu-liftler-butler-born-in-italycift-sutunlu-elektrohidrolik-lift-hydros-70-45kkaldirma-kapasitesi-4500-kg-binek-suv\/\"]}]},{\"@type\":\"BreadcrumbList\",\"@id\":\"https:\/\/bakirci.com\/ekipman\/servis-ekipmanlari\/mekanik\/liftler\/cift-sutunlu-liftler\/cift-sutunlu-liftler-butler-born-in-italycift-sutunlu-elektrohidrolik-lift-hydros-70-45kkaldirma-kapasitesi-4500-kg-binek-suv\/#breadcrumb\",\"itemListElement\":[{\"@type\":\"ListItem\",\"position\":1,\"name\":\"Ekipman\",\"item\":\"https:\/\/bakirci.com\/ekipman\/\"},{\"@type\":\"ListItem\",\"position\":2,\"name\":\"Otomotiv Tesisleri \\u0130\\u00e7in Servis Ekipmanlar\\u0131\",\"item\":\"https:\/\/bakirci.com\/ekipman\/\"},{\"@type\":\"ListItem\",\"position\":3,\"name\":\"\\u00c7ift S\\u00fctunlu Elektrohidrolik Lift BUTLER (Born in ITALY)Hydros 70.45KKald\\u0131rma kapasitesi 4500 kg (Binek, SUV)\"}]}]}<\/script>\n<!-- \/ Yoast SEO plugin. -->","yoast_head_json":{"title":"\u00c7ift S\u00fctunlu Elektrohidrolik Lift BUTLER (Born in ITALY)Hydros 70.45KKald\u0131rma kapasitesi 4500 kg (Binek, SUV) - Bak\u0131rc\u0131 Garagineering","robots":{"index":"index","follow":"follow","max-snippet":"max-snippet:-1","max-image-preview":"max-image-preview:large","max-video-preview":"max-video-preview:-1"},"canonical":"https:\/\/bakirci.com\/ekipman\/servis-ekipmanlari\/mekanik\/liftler\/cift-sutunlu-liftler\/cift-sutunlu-liftler-butler-born-in-italycift-sutunlu-elektrohidrolik-lift-hydros-70-45kkaldirma-kapasitesi-4500-kg-binek-suv\/","og_locale":"tr_TR","og_type":"article","og_title":"\u00c7ift S\u00fctunlu Elektrohidrolik Lift BUTLER (Born in ITALY)Hydros 70.45KKald\u0131rma kapasitesi 4500 kg (Binek, SUV) - Bak\u0131rc\u0131 Garagineering","og_description":"\u00c7ift S\u00fctunlu Elektrohidrolik Lift - Hydros 70.45K  Ara ba\u011flant\u0131s\u0131z, \u00fcstten hidrolik ba\u011flant\u0131l\u0131  Uzun \u00f6m\u00fcrl\u00fc bak\u0131m gerektirmeyen hidrolik silindirler  Otomatik devreye giren mekanik emniyet t\u0131rnaklar\u0131  \u00dc\u00e7 kademeli \u00f6n ve iki kademeli arka kollar (Binek, SUV)  Otomatik \u00fcst durdurma sistemi  Kald\u0131rma kapasitesi 4500 kg  \u00d6n kollar 510 - 975 mm  Arka kollar 847 - 1235 mm  \u00dcst hidrolik ba\u011flant\u0131 y\u00fcksekli\u011fi 4105 mm  Kurulum i\u00e7in gerekli minimum y\u00fckseklik 4162 + 100 mm","og_url":"https:\/\/bakirci.com\/ekipman\/servis-ekipmanlari\/mekanik\/liftler\/cift-sutunlu-liftler\/cift-sutunlu-liftler-butler-born-in-italycift-sutunlu-elektrohidrolik-lift-hydros-70-45kkaldirma-kapasitesi-4500-kg-binek-suv\/","og_site_name":"Bak\u0131rc\u0131 Garagineering","article_publisher":"https:\/\/www.facebook.com\/bakirci.garagineering","article_modified_time":"2022-03-31T06:33:46+00:00","og_image":[{"width":972,"height":972,"url":"https:\/\/bakirci.com\/ekipman\/wp-content\/uploads\/2021\/02\/70.45K.png","path":"\/home\/bakirciwebsitesi\/public_html\/ekipman\/wp-content\/uploads\/2021\/02\/70.45K.png","size":"full","id":4330,"alt":"","pixels":944784,"type":"image\/png"}],"twitter_card":"summary_large_image","twitter_misc":{"Tahmini okuma s\u00fcresi":"1 dakika"},"schema":{"@context":"https:\/\/schema.org","@graph":[{"@type":"Organization","@id":"https:\/\/bakirci.com\/ekipman\/#organization","name":"Bak\u0131rc\u0131 garagineering","url":"https:\/\/bakirci.com\/ekipman\/","sameAs":["https:\/\/www.facebook.com\/bakirci.garagineering","https:\/\/www.instagram.com\/bakirci.garagineering\/","https:\/\/www.linkedin.com\/company\/bakirci-garagineering\/","https:\/\/www.youtube.com\/channel\/UCiVG6s_jALJ6Zk8085XiOQg"],"logo":{"@type":"ImageObject","@id":"https:\/\/bakirci.com\/ekipman\/#logo","inLanguage":"tr","url":"https:\/\/bakirci.com\/ekipman\/wp-content\/uploads\/2021\/09\/Bakirci-logo-lacivert.png","contentUrl":"https:\/\/bakirci.com\/ekipman\/wp-content\/uploads\/2021\/09\/Bakirci-logo-lacivert.png","width":501,"height":501,"caption":"Bak\u0131rc\u0131 garagineering"},"image":{"@id":"https:\/\/bakirci.com\/ekipman\/#logo"}},{"@type":"WebSite","@id":"https:\/\/bakirci.com\/ekipman\/#website","url":"https:\/\/bakirci.com\/ekipman\/","name":"Bak\u0131rc\u0131 Garagineering","description":"Otomotiv sekt\u00f6r\u00fcne \u00f6zel, \u201c\u00dcretici Standard\u0131nda\u201d \u00e7\u00f6z\u00fcmler\u2026","publisher":{"@id":"https:\/\/bakirci.com\/ekipman\/#organization"},"potentialAction":[{"@type":"SearchAction","target":{"@type":"EntryPoint","urlTemplate":"https:\/\/bakirci.com\/ekipman\/?s={search_term_string}"},"query-input":"required name=search_term_string"}],"inLanguage":"tr"},{"@type":"ImageObject","@id":"https:\/\/bakirci.com\/ekipman\/servis-ekipmanlari\/mekanik\/liftler\/cift-sutunlu-liftler\/cift-sutunlu-liftler-butler-born-in-italycift-sutunlu-elektrohidrolik-lift-hydros-70-45kkaldirma-kapasitesi-4500-kg-binek-suv\/#primaryimage","inLanguage":"tr","url":"https:\/\/bakirci.com\/ekipman\/wp-content\/uploads\/2021\/02\/70.45K.png","contentUrl":"https:\/\/bakirci.com\/ekipman\/wp-content\/uploads\/2021\/02\/70.45K.png","width":972,"height":972},{"@type":"WebPage","@id":"https:\/\/bakirci.com\/ekipman\/servis-ekipmanlari\/mekanik\/liftler\/cift-sutunlu-liftler\/cift-sutunlu-liftler-butler-born-in-italycift-sutunlu-elektrohidrolik-lift-hydros-70-45kkaldirma-kapasitesi-4500-kg-binek-suv\/#webpage","url":"https:\/\/bakirci.com\/ekipman\/servis-ekipmanlari\/mekanik\/liftler\/cift-sutunlu-liftler\/cift-sutunlu-liftler-butler-born-in-italycift-sutunlu-elektrohidrolik-lift-hydros-70-45kkaldirma-kapasitesi-4500-kg-binek-suv\/","name":"\u00c7ift S\u00fctunlu Elektrohidrolik Lift BUTLER (Born in ITALY) Hydros 70.45K Kald\u0131rma kapasitesi 4500 kg (Binek, SUV) - Bak\u0131rc\u0131 Garagineering","isPartOf":{"@id":"https:\/\/bakirci.com\/ekipman\/#website"},"primaryImageOfPage":{"@id":"https:\/\/bakirci.com\/ekipman\/servis-ekipmanlari\/mekanik\/liftler\/cift-sutunlu-liftler\/cift-sutunlu-liftler-butler-born-in-italycift-sutunlu-elektrohidrolik-lift-hydros-70-45kkaldirma-kapasitesi-4500-kg-binek-suv\/#primaryimage"},"datePublished":"2021-02-03T06:30:29+00:00","dateModified":"2022-03-31T06:33:46+00:00","breadcrumb":{"@id":"https:\/\/bakirci.com\/ekipman\/servis-ekipmanlari\/mekanik\/liftler\/cift-sutunlu-liftler\/cift-sutunlu-liftler-butler-born-in-italycift-sutunlu-elektrohidrolik-lift-hydros-70-45kkaldirma-kapasitesi-4500-kg-binek-suv\/#breadcrumb"},"inLanguage":"tr","potentialAction":[{"@type":"ReadAction","target":["https:\/\/bakirci.com\/ekipman\/servis-ekipmanlari\/mekanik\/liftler\/cift-sutunlu-liftler\/cift-sutunlu-liftler-butler-born-in-italycift-sutunlu-elektrohidrolik-lift-hydros-70-45kkaldirma-kapasitesi-4500-kg-binek-suv\/"]}]},{"@type":"BreadcrumbList","@id":"https:\/\/bakirci.com\/ekipman\/servis-ekipmanlari\/mekanik\/liftler\/cift-sutunlu-liftler\/cift-sutunlu-liftler-butler-born-in-italycift-sutunlu-elektrohidrolik-lift-hydros-70-45kkaldirma-kapasitesi-4500-kg-binek-suv\/#breadcrumb","itemListElement":[{"@type":"ListItem","position":1,"name":"Ekipman","item":"https:\/\/bakirci.com\/ekipman\/"},{"@type":"ListItem","position":2,"name":"Otomotiv Tesisleri \u0130\u00e7in Servis Ekipmanlar\u0131","item":"https:\/\/bakirci.com\/ekipman\/"},{"@type":"ListItem","position":3,"name":"\u00c7ift S\u00fctunlu Elektrohidrolik Lift BUTLER (Born in ITALY)Hydros 70.45KKald\u0131rma kapasitesi 4500 kg (Binek, SUV)"}]}]}},"_links":{"self":[{"href":"https:\/\/bakirci.com\/ekipman\/wp-json\/wp\/v2\/product\/4141","targetHints":{"allow":["GET"]}}],"collection":[{"href":"https:\/\/bakirci.com\/ekipman\/wp-json\/wp\/v2\/product"}],"about":[{"href":"https:\/\/bakirci.com\/ekipman\/wp-json\/wp\/v2\/types\/product"}],"replies":[{"embeddable":true,"href":"https:\/\/bakirci.com\/ekipman\/wp-json\/wp\/v2\/comments?post=4141"}],"wp:featuredmedia":[{"embeddable":true,"href":"https:\/\/bakirci.com\/ekipman\/wp-json\/wp\/v2\/media\/4330"}],"wp:attachment":[{"href":"https:\/\/bakirci.com\/ekipman\/wp-json\/wp\/v2\/media?parent=4141"}],"wp:term":[{"taxonomy":"product_cat","embeddable":true,"href":"https:\/\/bakirci.com\/ekipman\/wp-json\/wp\/v2\/product_cat?post=4141"},{"taxonomy":"product_tag","embeddable":true,"href":"https:\/\/bakirci.com\/ekipman\/wp-json\/wp\/v2\/product_tag?post=4141"}],"curies":[{"name":"wp","href":"https:\/\/api.w.org\/{rel}","templated":true}]}}