{"id":4134,"date":"2021-03-03T03:20:45","date_gmt":"2021-03-03T03:20:45","guid":{"rendered":"https:\/\/j6l.65c.myftpupload.com\/?post_type=product&#038;p=4134"},"modified":"2021-08-06T12:19:35","modified_gmt":"2021-08-06T12:19:35","slug":"lastik-hava-saatleripcl-born-in-englandduvar-tipi-dijital-lastik-hava-saati","status":"publish","type":"product","link":"https:\/\/bakirci.com\/ekipman\/servis-ekipmanlari\/mekanik\/lastik-servis-ekipmanlari\/lastik-hava-saatleri\/lastik-hava-saatleripcl-born-in-englandduvar-tipi-dijital-lastik-hava-saati\/","title":{"rendered":"<p class=\"ustmetin\">Duvar Tipi Dijital Lastik Hava Saati<\/p><p class=\"ortametin\">PCL <span class=\"ortametin2\">(Born in ENGLAND)<\/span><\/p><p class=\"altmetin\"><\/p>"},"content":{"rendered":"<ul>\n<li>Duvar Tipi Dijital Lastik Hava Saati<\/li>\n<li>Elektronik LCD ekranl\u0131 lastik \u015fi\u015firme \u00fcnitesi<\/li>\n<li>Yo\u011fun servis at\u00f6lyelerinde kullan\u0131m imkan\u0131<\/li>\n<li>Y\u00fcksek hava ak\u0131\u015f\u0131 sayesinde h\u0131zl\u0131 lastik \u015fi\u015firme<\/li>\n<li>Lastik yanaklar\u0131n\u0131n oturtulmas\u0131nda kullan\u0131lan a\u015f\u0131r\u0131 bas\u0131n\u00e7 ayar\u0131 (OPS)<\/li>\n<li>Azot ba\u011flant\u0131 giri\u015fi ve 50 metreye kadar hortum kullan\u0131m imkan\u0131<\/li>\n<li>Okuma hassasiyeti 1 Psi<\/li>\n<li>\u00c7al\u0131\u015fma bas\u0131nc\u0131 10 Bar \/ 145 Psi<\/li>\n<li>\u00c7al\u0131\u015fma voltaj\u0131 230 V<\/li>\n<\/ul>\n","protected":false},"excerpt":{"rendered":"<ul>\n<li>Duvar Tipi Dijital Lastik Hava Saati<\/li>\n<li>Elektronik LCD ekranl\u0131 lastik \u015fi\u015firme \u00fcnitesi<\/li>\n<li>Yo\u011fun servis at\u00f6lyelerinde kullan\u0131m imkan\u0131<\/li>\n<li>Y\u00fcksek hava ak\u0131\u015f\u0131 sayesinde h\u0131zl\u0131 lastik \u015fi\u015firme<\/li>\n<li>Lastik yanaklar\u0131n\u0131n oturtulmas\u0131nda kullan\u0131lan a\u015f\u0131r\u0131 bas\u0131n\u00e7 ayar\u0131 (OPS)<\/li>\n<li>Azot ba\u011flant\u0131 giri\u015fi ve 50 metreye kadar hortum kullan\u0131m imkan\u0131<\/li>\n<li>Okuma hassasiyeti 1 Psi<\/li>\n<li>\u00c7al\u0131\u015fma bas\u0131nc\u0131 10 Bar \/ 145 Psi<\/li>\n<li>\u00c7al\u0131\u015fma voltaj\u0131 230 V<\/li>\n<\/ul>\n","protected":false},"featured_media":5356,"comment_status":"closed","ping_status":"closed","template":"","meta":[],"product_cat":[152,161],"product_tag":[529,528,530,524,527,335],"class_list":["post-4134","product","type-product","status-publish","has-post-thumbnail","hentry","pwb-brand-pcl","product_cat-lastik-servis-ekipmanlari","product_cat-lastik-hava-saatleri","product_tag-akaryakit-istasyonu-lastik-sisirme","product_tag-benzinci-lastik-sisirme","product_tag-hava-basma-tabancasi","product_tag-hava-tabancasi","product_tag-lastik-hava-basma","product_tag-pcl"],"brands":[{"id":369,"name":"PCL","slug":"pcl"}],"yoast_head":"<!-- This site is optimized with the Yoast SEO plugin v17.1 - https:\/\/yoast.com\/wordpress\/plugins\/seo\/ -->\n<title>Duvar Tipi Dijital Lastik Hava SaatiPCL (Born in ENGLAND) - Bak\u0131rc\u0131 Garagineering<\/title>\n<meta name=\"robots\" content=\"index, follow, max-snippet:-1, max-image-preview:large, max-video-preview:-1\" \/>\n<link rel=\"canonical\" href=\"https:\/\/bakirci.com\/ekipman\/servis-ekipmanlari\/mekanik\/lastik-servis-ekipmanlari\/lastik-hava-saatleri\/lastik-hava-saatleripcl-born-in-englandduvar-tipi-dijital-lastik-hava-saati\/\" \/>\n<meta property=\"og:locale\" content=\"tr_TR\" \/>\n<meta property=\"og:type\" content=\"article\" \/>\n<meta property=\"og:title\" content=\"Duvar Tipi Dijital Lastik Hava SaatiPCL (Born in ENGLAND) - Bak\u0131rc\u0131 Garagineering\" \/>\n<meta property=\"og:description\" content=\"Duvar Tipi Dijital Lastik Hava Saati  Elektronik LCD ekranl\u0131 lastik \u015fi\u015firme \u00fcnitesi  Yo\u011fun servis at\u00f6lyelerinde kullan\u0131m imkan\u0131  Y\u00fcksek hava ak\u0131\u015f\u0131 sayesinde h\u0131zl\u0131 lastik \u015fi\u015firme  Lastik yanaklar\u0131n\u0131n oturtulmas\u0131nda kullan\u0131lan a\u015f\u0131r\u0131 bas\u0131n\u00e7 ayar\u0131 (OPS)  Azot ba\u011flant\u0131 giri\u015fi ve 50 metreye kadar hortum kullan\u0131m imkan\u0131  Okuma hassasiyeti 1 Psi  \u00c7al\u0131\u015fma bas\u0131nc\u0131 10 Bar \/ 145 Psi  \u00c7al\u0131\u015fma voltaj\u0131 230 V\" \/>\n<meta property=\"og:url\" content=\"https:\/\/bakirci.com\/ekipman\/servis-ekipmanlari\/mekanik\/lastik-servis-ekipmanlari\/lastik-hava-saatleri\/lastik-hava-saatleripcl-born-in-englandduvar-tipi-dijital-lastik-hava-saati\/\" \/>\n<meta property=\"og:site_name\" content=\"Bak\u0131rc\u0131 Garagineering\" \/>\n<meta property=\"article:publisher\" content=\"https:\/\/www.facebook.com\/bakirci.garagineering\" \/>\n<meta property=\"article:modified_time\" content=\"2021-08-06T12:19:35+00:00\" \/>\n<meta property=\"og:image\" content=\"https:\/\/bakirci.com\/ekipman\/wp-content\/uploads\/2021\/03\/duvar-tipi-dijital-lastik-hava-saati.jpg\" \/>\n\t<meta property=\"og:image:width\" content=\"1600\" \/>\n\t<meta property=\"og:image:height\" content=\"1600\" \/>\n<meta name=\"twitter:card\" content=\"summary_large_image\" \/>\n<meta name=\"twitter:label1\" content=\"Tahmini okuma s\u00fcresi\" \/>\n\t<meta name=\"twitter:data1\" content=\"1 dakika\" \/>\n<script type=\"application\/ld+json\" class=\"yoast-schema-graph\">{\"@context\":\"https:\/\/schema.org\",\"@graph\":[{\"@type\":\"Organization\",\"@id\":\"https:\/\/bakirci.com\/ekipman\/#organization\",\"name\":\"Bak\\u0131rc\\u0131 garagineering\",\"url\":\"https:\/\/bakirci.com\/ekipman\/\",\"sameAs\":[\"https:\/\/www.facebook.com\/bakirci.garagineering\",\"https:\/\/www.instagram.com\/bakirci.garagineering\/\",\"https:\/\/www.linkedin.com\/company\/bakirci-garagineering\/\",\"https:\/\/www.youtube.com\/channel\/UCiVG6s_jALJ6Zk8085XiOQg\"],\"logo\":{\"@type\":\"ImageObject\",\"@id\":\"https:\/\/bakirci.com\/ekipman\/#logo\",\"inLanguage\":\"tr\",\"url\":\"https:\/\/bakirci.com\/ekipman\/wp-content\/uploads\/2021\/09\/Bakirci-logo-lacivert.png\",\"contentUrl\":\"https:\/\/bakirci.com\/ekipman\/wp-content\/uploads\/2021\/09\/Bakirci-logo-lacivert.png\",\"width\":501,\"height\":501,\"caption\":\"Bak\\u0131rc\\u0131 garagineering\"},\"image\":{\"@id\":\"https:\/\/bakirci.com\/ekipman\/#logo\"}},{\"@type\":\"WebSite\",\"@id\":\"https:\/\/bakirci.com\/ekipman\/#website\",\"url\":\"https:\/\/bakirci.com\/ekipman\/\",\"name\":\"Bak\\u0131rc\\u0131 Garagineering\",\"description\":\"Otomotiv sekt\\u00f6r\\u00fcne \\u00f6zel, \\u201c\\u00dcretici Standard\\u0131nda\\u201d \\u00e7\\u00f6z\\u00fcmler\\u2026\",\"publisher\":{\"@id\":\"https:\/\/bakirci.com\/ekipman\/#organization\"},\"potentialAction\":[{\"@type\":\"SearchAction\",\"target\":{\"@type\":\"EntryPoint\",\"urlTemplate\":\"https:\/\/bakirci.com\/ekipman\/?s={search_term_string}\"},\"query-input\":\"required name=search_term_string\"}],\"inLanguage\":\"tr\"},{\"@type\":\"ImageObject\",\"@id\":\"https:\/\/bakirci.com\/ekipman\/servis-ekipmanlari\/mekanik\/lastik-servis-ekipmanlari\/lastik-hava-saatleri\/lastik-hava-saatleripcl-born-in-englandduvar-tipi-dijital-lastik-hava-saati\/#primaryimage\",\"inLanguage\":\"tr\",\"url\":\"https:\/\/bakirci.com\/ekipman\/wp-content\/uploads\/2021\/03\/duvar-tipi-dijital-lastik-hava-saati.jpg\",\"contentUrl\":\"https:\/\/bakirci.com\/ekipman\/wp-content\/uploads\/2021\/03\/duvar-tipi-dijital-lastik-hava-saati.jpg\",\"width\":1600,\"height\":1600},{\"@type\":\"WebPage\",\"@id\":\"https:\/\/bakirci.com\/ekipman\/servis-ekipmanlari\/mekanik\/lastik-servis-ekipmanlari\/lastik-hava-saatleri\/lastik-hava-saatleripcl-born-in-englandduvar-tipi-dijital-lastik-hava-saati\/#webpage\",\"url\":\"https:\/\/bakirci.com\/ekipman\/servis-ekipmanlari\/mekanik\/lastik-servis-ekipmanlari\/lastik-hava-saatleri\/lastik-hava-saatleripcl-born-in-englandduvar-tipi-dijital-lastik-hava-saati\/\",\"name\":\"Duvar Tipi Dijital Lastik Hava Saati PCL (Born in ENGLAND) - Bak\\u0131rc\\u0131 Garagineering\",\"isPartOf\":{\"@id\":\"https:\/\/bakirci.com\/ekipman\/#website\"},\"primaryImageOfPage\":{\"@id\":\"https:\/\/bakirci.com\/ekipman\/servis-ekipmanlari\/mekanik\/lastik-servis-ekipmanlari\/lastik-hava-saatleri\/lastik-hava-saatleripcl-born-in-englandduvar-tipi-dijital-lastik-hava-saati\/#primaryimage\"},\"datePublished\":\"2021-03-03T03:20:45+00:00\",\"dateModified\":\"2021-08-06T12:19:35+00:00\",\"breadcrumb\":{\"@id\":\"https:\/\/bakirci.com\/ekipman\/servis-ekipmanlari\/mekanik\/lastik-servis-ekipmanlari\/lastik-hava-saatleri\/lastik-hava-saatleripcl-born-in-englandduvar-tipi-dijital-lastik-hava-saati\/#breadcrumb\"},\"inLanguage\":\"tr\",\"potentialAction\":[{\"@type\":\"ReadAction\",\"target\":[\"https:\/\/bakirci.com\/ekipman\/servis-ekipmanlari\/mekanik\/lastik-servis-ekipmanlari\/lastik-hava-saatleri\/lastik-hava-saatleripcl-born-in-englandduvar-tipi-dijital-lastik-hava-saati\/\"]}]},{\"@type\":\"BreadcrumbList\",\"@id\":\"https:\/\/bakirci.com\/ekipman\/servis-ekipmanlari\/mekanik\/lastik-servis-ekipmanlari\/lastik-hava-saatleri\/lastik-hava-saatleripcl-born-in-englandduvar-tipi-dijital-lastik-hava-saati\/#breadcrumb\",\"itemListElement\":[{\"@type\":\"ListItem\",\"position\":1,\"name\":\"Ekipman\",\"item\":\"https:\/\/bakirci.com\/ekipman\/\"},{\"@type\":\"ListItem\",\"position\":2,\"name\":\"Otomotiv Tesisleri \\u0130\\u00e7in Servis Ekipmanlar\\u0131\",\"item\":\"https:\/\/bakirci.com\/ekipman\/\"},{\"@type\":\"ListItem\",\"position\":3,\"name\":\"Duvar Tipi Dijital Lastik Hava SaatiPCL (Born in ENGLAND)\"}]}]}<\/script>\n<!-- \/ Yoast SEO plugin. -->","yoast_head_json":{"title":"Duvar Tipi Dijital Lastik Hava SaatiPCL (Born in ENGLAND) - Bak\u0131rc\u0131 Garagineering","robots":{"index":"index","follow":"follow","max-snippet":"max-snippet:-1","max-image-preview":"max-image-preview:large","max-video-preview":"max-video-preview:-1"},"canonical":"https:\/\/bakirci.com\/ekipman\/servis-ekipmanlari\/mekanik\/lastik-servis-ekipmanlari\/lastik-hava-saatleri\/lastik-hava-saatleripcl-born-in-englandduvar-tipi-dijital-lastik-hava-saati\/","og_locale":"tr_TR","og_type":"article","og_title":"Duvar Tipi Dijital Lastik Hava SaatiPCL (Born in ENGLAND) - Bak\u0131rc\u0131 Garagineering","og_description":"Duvar Tipi Dijital Lastik Hava Saati  Elektronik LCD ekranl\u0131 lastik \u015fi\u015firme \u00fcnitesi  Yo\u011fun servis at\u00f6lyelerinde kullan\u0131m imkan\u0131  Y\u00fcksek hava ak\u0131\u015f\u0131 sayesinde h\u0131zl\u0131 lastik \u015fi\u015firme  Lastik yanaklar\u0131n\u0131n oturtulmas\u0131nda kullan\u0131lan a\u015f\u0131r\u0131 bas\u0131n\u00e7 ayar\u0131 (OPS)  Azot ba\u011flant\u0131 giri\u015fi ve 50 metreye kadar hortum kullan\u0131m imkan\u0131  Okuma hassasiyeti 1 Psi  \u00c7al\u0131\u015fma bas\u0131nc\u0131 10 Bar \/ 145 Psi  \u00c7al\u0131\u015fma voltaj\u0131 230 V","og_url":"https:\/\/bakirci.com\/ekipman\/servis-ekipmanlari\/mekanik\/lastik-servis-ekipmanlari\/lastik-hava-saatleri\/lastik-hava-saatleripcl-born-in-englandduvar-tipi-dijital-lastik-hava-saati\/","og_site_name":"Bak\u0131rc\u0131 Garagineering","article_publisher":"https:\/\/www.facebook.com\/bakirci.garagineering","article_modified_time":"2021-08-06T12:19:35+00:00","og_image":[{"width":1600,"height":1600,"url":"https:\/\/bakirci.com\/ekipman\/wp-content\/uploads\/2021\/03\/duvar-tipi-dijital-lastik-hava-saati.jpg","path":"\/home\/bakirciwebsitesi\/public_html\/ekipman\/wp-content\/uploads\/2021\/03\/duvar-tipi-dijital-lastik-hava-saati.jpg","size":"full","id":5356,"alt":"","pixels":2560000,"type":"image\/jpeg"}],"twitter_card":"summary_large_image","twitter_misc":{"Tahmini okuma s\u00fcresi":"1 dakika"},"schema":{"@context":"https:\/\/schema.org","@graph":[{"@type":"Organization","@id":"https:\/\/bakirci.com\/ekipman\/#organization","name":"Bak\u0131rc\u0131 garagineering","url":"https:\/\/bakirci.com\/ekipman\/","sameAs":["https:\/\/www.facebook.com\/bakirci.garagineering","https:\/\/www.instagram.com\/bakirci.garagineering\/","https:\/\/www.linkedin.com\/company\/bakirci-garagineering\/","https:\/\/www.youtube.com\/channel\/UCiVG6s_jALJ6Zk8085XiOQg"],"logo":{"@type":"ImageObject","@id":"https:\/\/bakirci.com\/ekipman\/#logo","inLanguage":"tr","url":"https:\/\/bakirci.com\/ekipman\/wp-content\/uploads\/2021\/09\/Bakirci-logo-lacivert.png","contentUrl":"https:\/\/bakirci.com\/ekipman\/wp-content\/uploads\/2021\/09\/Bakirci-logo-lacivert.png","width":501,"height":501,"caption":"Bak\u0131rc\u0131 garagineering"},"image":{"@id":"https:\/\/bakirci.com\/ekipman\/#logo"}},{"@type":"WebSite","@id":"https:\/\/bakirci.com\/ekipman\/#website","url":"https:\/\/bakirci.com\/ekipman\/","name":"Bak\u0131rc\u0131 Garagineering","description":"Otomotiv sekt\u00f6r\u00fcne \u00f6zel, \u201c\u00dcretici Standard\u0131nda\u201d \u00e7\u00f6z\u00fcmler\u2026","publisher":{"@id":"https:\/\/bakirci.com\/ekipman\/#organization"},"potentialAction":[{"@type":"SearchAction","target":{"@type":"EntryPoint","urlTemplate":"https:\/\/bakirci.com\/ekipman\/?s={search_term_string}"},"query-input":"required name=search_term_string"}],"inLanguage":"tr"},{"@type":"ImageObject","@id":"https:\/\/bakirci.com\/ekipman\/servis-ekipmanlari\/mekanik\/lastik-servis-ekipmanlari\/lastik-hava-saatleri\/lastik-hava-saatleripcl-born-in-englandduvar-tipi-dijital-lastik-hava-saati\/#primaryimage","inLanguage":"tr","url":"https:\/\/bakirci.com\/ekipman\/wp-content\/uploads\/2021\/03\/duvar-tipi-dijital-lastik-hava-saati.jpg","contentUrl":"https:\/\/bakirci.com\/ekipman\/wp-content\/uploads\/2021\/03\/duvar-tipi-dijital-lastik-hava-saati.jpg","width":1600,"height":1600},{"@type":"WebPage","@id":"https:\/\/bakirci.com\/ekipman\/servis-ekipmanlari\/mekanik\/lastik-servis-ekipmanlari\/lastik-hava-saatleri\/lastik-hava-saatleripcl-born-in-englandduvar-tipi-dijital-lastik-hava-saati\/#webpage","url":"https:\/\/bakirci.com\/ekipman\/servis-ekipmanlari\/mekanik\/lastik-servis-ekipmanlari\/lastik-hava-saatleri\/lastik-hava-saatleripcl-born-in-englandduvar-tipi-dijital-lastik-hava-saati\/","name":"Duvar Tipi Dijital Lastik Hava Saati PCL (Born in ENGLAND) - Bak\u0131rc\u0131 Garagineering","isPartOf":{"@id":"https:\/\/bakirci.com\/ekipman\/#website"},"primaryImageOfPage":{"@id":"https:\/\/bakirci.com\/ekipman\/servis-ekipmanlari\/mekanik\/lastik-servis-ekipmanlari\/lastik-hava-saatleri\/lastik-hava-saatleripcl-born-in-englandduvar-tipi-dijital-lastik-hava-saati\/#primaryimage"},"datePublished":"2021-03-03T03:20:45+00:00","dateModified":"2021-08-06T12:19:35+00:00","breadcrumb":{"@id":"https:\/\/bakirci.com\/ekipman\/servis-ekipmanlari\/mekanik\/lastik-servis-ekipmanlari\/lastik-hava-saatleri\/lastik-hava-saatleripcl-born-in-englandduvar-tipi-dijital-lastik-hava-saati\/#breadcrumb"},"inLanguage":"tr","potentialAction":[{"@type":"ReadAction","target":["https:\/\/bakirci.com\/ekipman\/servis-ekipmanlari\/mekanik\/lastik-servis-ekipmanlari\/lastik-hava-saatleri\/lastik-hava-saatleripcl-born-in-englandduvar-tipi-dijital-lastik-hava-saati\/"]}]},{"@type":"BreadcrumbList","@id":"https:\/\/bakirci.com\/ekipman\/servis-ekipmanlari\/mekanik\/lastik-servis-ekipmanlari\/lastik-hava-saatleri\/lastik-hava-saatleripcl-born-in-englandduvar-tipi-dijital-lastik-hava-saati\/#breadcrumb","itemListElement":[{"@type":"ListItem","position":1,"name":"Ekipman","item":"https:\/\/bakirci.com\/ekipman\/"},{"@type":"ListItem","position":2,"name":"Otomotiv Tesisleri \u0130\u00e7in Servis Ekipmanlar\u0131","item":"https:\/\/bakirci.com\/ekipman\/"},{"@type":"ListItem","position":3,"name":"Duvar Tipi Dijital Lastik Hava SaatiPCL (Born in ENGLAND)"}]}]}},"_links":{"self":[{"href":"https:\/\/bakirci.com\/ekipman\/wp-json\/wp\/v2\/product\/4134","targetHints":{"allow":["GET"]}}],"collection":[{"href":"https:\/\/bakirci.com\/ekipman\/wp-json\/wp\/v2\/product"}],"about":[{"href":"https:\/\/bakirci.com\/ekipman\/wp-json\/wp\/v2\/types\/product"}],"replies":[{"embeddable":true,"href":"https:\/\/bakirci.com\/ekipman\/wp-json\/wp\/v2\/comments?post=4134"}],"wp:featuredmedia":[{"embeddable":true,"href":"https:\/\/bakirci.com\/ekipman\/wp-json\/wp\/v2\/media\/5356"}],"wp:attachment":[{"href":"https:\/\/bakirci.com\/ekipman\/wp-json\/wp\/v2\/media?parent=4134"}],"wp:term":[{"taxonomy":"product_cat","embeddable":true,"href":"https:\/\/bakirci.com\/ekipman\/wp-json\/wp\/v2\/product_cat?post=4134"},{"taxonomy":"product_tag","embeddable":true,"href":"https:\/\/bakirci.com\/ekipman\/wp-json\/wp\/v2\/product_tag?post=4134"}],"curies":[{"name":"wp","href":"https:\/\/api.w.org\/{rel}","templated":true}]}}